{"id":4680,"date":"2025-09-27T21:16:28","date_gmt":"2025-09-27T20:16:28","guid":{"rendered":"https:\/\/medicaltravel.at\/hasta-hikayeleri\/erfahrungsberichte-behandlungen-tuerkei\/istanbulda-meme-ameliyatim-30-kasim-2017-persembe-tarihli-rapor\/"},"modified":"2026-01-13T14:24:23","modified_gmt":"2026-01-13T13:24:23","slug":"istanbulda-meme-ameliyatim-30-kasim-2017-persembe-tarihli-rapor","status":"publish","type":"page","link":"https:\/\/medicaltravel.at\/tr\/hasta-hikayeleri\/erfahrungsberichte-behandlungen-tuerkei\/istanbulda-meme-ameliyatim-30-kasim-2017-persembe-tarihli-rapor\/","title":{"rendered":"\u0130STANBUL\u2019DA MEME AMEL\u0130YATIM \u2013 30 KASIM 2017 PER\u015eEMBE TAR\u0130HL\u0130 RAPOR"},"content":{"rendered":"\n<p><strong>\u0130STANBUL\u2019DA MEME AMEL\u0130YATIM<\/strong> \u2013 30 KASIM 2017 PER\u015eEMBE RAPORU<\/p>\n\n\n\n<p>Melanie Irniger, 28 Kas\u0131m 2017<\/p>\n\n\n\n<p>Uzun s\u00fcre g\u00f6\u011f\u00fcs b\u00fcy\u00fctme konusunda karars\u0131z kald\u0131m, hep \u00e7ok k\u00fc\u00e7\u00fck g\u00f6\u011f\u00fcslere sahiptim ve yapt\u0131\u011f\u0131m yo\u011fun spor nedeniyle neredeyse hi\u00e7 kalmam\u0131\u015ft\u0131. Medical Travel ile deneyimi olmu\u015f ve \u00e7ok memnun kalan arkada\u015f\u0131m Vanessa Wunderli sayesinde, Haziran 2017\u2019de dan\u0131\u015fmanl\u0131k ald\u0131m. \u0130stanbul\u2019daki doktor bana \u00e7ok sorular sordu; ne i\u015f yapt\u0131\u011f\u0131m\u0131, ne kadar spor yapt\u0131\u011f\u0131m\u0131 vs. Bu bilgiler sayesinde bana uygun implant \u015fekli ve boyutunu \u00f6nerebildi. G\u00f6r\u00fc\u015fme ger\u00e7ekten harikayd\u0131 ve b\u0131rakt\u0131\u011f\u0131 olumlu izlenim sayesinde Ekim sonu i\u00e7in tedaviyi yapt\u0131rmaya karar verdim.   <\/p>\n\n\n\n<p>29 Ekim 2017\u2019de annemle birlikte \u0130stanbul\u2019a u\u00e7tum, T\u00fcrk Hava Yollar\u0131 ile keyifli bir u\u00e7u\u015f yapt\u0131k.<\/p>\n\n\n\n<p>Organizasyon harikayd\u0131, \u0130stanbul\u2019da hem havaalan\u0131ndan hem de otelden Ac\u0131badem Hastanesi\u2019ne g\u00f6t\u00fcr\u00fcl\u00fcp tekrar geri getirildik.<\/p>\n\n\n\n<p>30.10.2017\u2019de hastanede bir terc\u00fcman taraf\u0131ndan \u00e7ok s\u0131cak kar\u015f\u0131land\u0131k, onunla Almanca konu\u015fabildim ve her \u015feyi bana \u00e7evirdi, \u00e7ok yard\u0131mc\u0131 oldu. Ameliyattan \u00f6nce, her \u015feyin nas\u0131l ilerleyece\u011fine dair k\u0131sa bir g\u00f6r\u00fc\u015fme yap\u0131ld\u0131. <\/p>\n\n\n\n<p>Annem\u2019e bana yak\u0131n bir odada hastanede gece kalmak isteyip istemedi\u011fi teklif edildi. Refakat\u00e7i i\u00e7in ekstra konaklama \u00fccretsizdi, \u00e7ok \u015fa\u015f\u0131rd\u0131k ve \u00e7ok minnettard\u0131k. <\/p>\n\n\n\n<p>Yakla\u015f\u0131k saat 15.00 civar\u0131nda s\u0131ra bana geldi, olduk\u00e7a heyecanl\u0131yd\u0131m ama narkoz h\u0131zl\u0131 etki etti ve derin bir uykuya dald\u0131m. \u00dc\u00e7 saat sonra uyand\u0131m, ilk anda biraz \u015fok oldum ama her \u015feyin geride kald\u0131\u011f\u0131n\u0131 g\u00f6rmekten rahatlad\u0131m. As\u0131l rahats\u0131z eden a\u011fr\u0131 de\u011fildi, daha \u00e7ok v\u00fccudumda yabanc\u0131 bir \u015feyin olmas\u0131yd\u0131, neredeyse hareket edemiyordum, olduk\u00e7a al\u0131\u015f\u0131lmad\u0131k ve yeni bir durumdu. Hastanedeki geceyi iyi ge\u00e7irdim, doktorlar \u00e7ok yard\u0131msever ve dost canl\u0131s\u0131yd\u0131. Ertesi g\u00fcn oteldeki otele geri d\u00f6nebildim. Kendimi iyi hissettim, a\u011fr\u0131 kesiciler ger\u00e7ekten i\u015fe yarad\u0131. \u0130lk \u00fc\u00e7 g\u00fcn hafif a\u011fr\u0131lar vard\u0131, en zor his ise a\u011f\u0131rl\u0131kt\u0131, 700 gram fazlal\u0131\u011fa al\u0131\u015fmam gerekiyordu. \u0130lk birka\u00e7 g\u00fcn\u00fc atlatt\u0131\u011f\u0131n\u0131zda g\u00fcnl\u00fck ya\u015fama h\u0131zl\u0131ca d\u00f6n\u00fcyorsunuz. Her hareket g\u00fcn ge\u00e7tik\u00e7e daha kolay hale geldi.        <\/p>\n\n\n\n<p>Sonu\u00e7tan \u00e7ok memnunum, \u00e7\u00fcnk\u00fc g\u00f6\u011f\u00fcs \u00f6l\u00e7\u00fcm B ile C aras\u0131nda ve implant kas\u0131n alt\u0131na yerle\u015ftirildi\u011fi i\u00e7in \u00e7ok do\u011fal g\u00f6r\u00fcn\u00fcyor, tam da istedi\u011fim gibi. Diki\u015fler \u00e7ok g\u00fczel at\u0131lm\u0131\u015f, iyi bak\u0131m yap\u0131ld\u0131\u011f\u0131 s\u00fcrece iz neredeyse hi\u00e7 g\u00f6r\u00fcnm\u00fcyor. <\/p>\n\n\n\n<p>2017 y\u0131l\u0131 4 Kas\u0131m Cumartesi sabah\u0131 bir kontrol\u00fcm daha vard\u0131, doktor bana hangi egzersizlerin iyi olaca\u011f\u0131n\u0131 anlatt\u0131 ve birka\u00e7 hafta i\u00e7inde g\u00f6\u011f\u00fcslerin daha yumu\u015fak ve do\u011fal h\u00e2le gelece\u011fini s\u00f6yledi. Yapt\u0131\u011f\u0131 i\u015ften \u00e7ok memnundu. <\/p>\n\n\n\n<p>Kontrolden sonra do\u011frudan havaalan\u0131na gittik ve \u0130stanbul\u2019a veda ettik. Eve d\u00f6n\u00fc\u015f u\u00e7u\u015fumuz keyifli ge\u00e7ti, hi\u00e7 a\u011fr\u0131m yoktu ve \u00e7ok rahat hissediyordum. <\/p>\n\n\n\n<p>Yurtd\u0131\u015f\u0131nda operasyon yapt\u0131rma konusunda \u00e7ekinceleri olanlar i\u00e7in, benim deneyimime g\u00f6re her \u015fey harikayd\u0131 ve \u00e7ok iyi organize edilmi\u015fti, ger\u00e7ekten tavsiye ederim. Benim i\u00e7in en \u00f6nemli \u015fey, hastanenin \u0130svi\u00e7re ile ba\u011flant\u0131s\u0131n\u0131n olmas\u0131yd\u0131; \u00e7\u00fcnk\u00fc Medical Travel, Acibadem Hastanesi ile \u00e7al\u0131\u015f\u0131yor ve bir sorun olursa her zaman bir ileti\u015fim ki\u015fisi bulunuyor. 16.12.2017\u2019de \u0130svi\u00e7re\u2019de bir sonraki kontrol\u00fcm var.<br><br>\u00c7ok memnunum ve kendimi \u00e7ok iyi hissediyorum, \u00e7ok fazla iltifat al\u0131yorum. MedicalTravel \u00fczerinden her zaman tekrar yapt\u0131r\u0131rd\u0131m. <\/p>\n\n\n\n<p>En iyi ilgileri i\u00e7in \u00e7ok te\u015fekk\u00fcr ederim!<\/p>\n\n\n\n<div class=\"wp-block-group is-layout-grid wp-container-core-group-is-layout-baef362d wp-block-group-is-layout-grid\">\n<p><a href=\"https:\/\/medicaltravel.at\/home\/agb\/\" data-type=\"page\" data-id=\"2191\"><\/a><a href=\"https:\/\/medicaltravel.at\/tr\/hasta-hikayeleri\/erfahrungsberichte-behandlungen-tuerkei\/istanbulda-goez-kapagi-duezeltme-deneyimim-19-aralik-2017-sali-tarihli-rapor\/\" data-type=\"link\" data-id=\"https:\/\/medicaltravel.at\/berichte-von-patienten\/erfahrungsberichte\/meine-augenlidkorrektur-in-bodrum-bericht-vom-dienstag-19-dezember-2017\/\">\u00d6nceki Rapor<\/a><\/p>\n\n\n\n<p class=\"has-text-align-right wp-container-content-5e2576f9\"><a href=\"https:\/\/medicaltravel.at\/home\/impressum\/\" data-type=\"page\" data-id=\"2193\"><\/a><a href=\"https:\/\/medicaltravel.at\/home\/berichte-von-patienten\/erfahrungsberichte\/erfahrungsbericht-zahnbehandlung-in-istanbul\/\" data-type=\"page\" data-id=\"981\"><\/a><a href=\"https:\/\/medicaltravel.at\/tr\/hasta-hikayeleri\/erfahrungsberichte-behandlungen-tuerkei\/yuez-tedavim-kendi-yagim-ve-peeling-ekim-2017-24-kasim-2017-cuma-tarihli-rapor\/\" data-type=\"link\" data-id=\"https:\/\/medicaltravel.at\/tr\/hasta-hikayeleri\/erfahrungsberichte-behandlungen-tuerkei\/yuez-tedavim-kendi-yagim-ve-peeling-ekim-2017-24-kasim-2017-cuma-tarihli-rapor\/\">Sonraki Rapor<\/a><\/p>\n<\/div>\n","protected":false},"excerpt":{"rendered":"<p>\u0130STANBUL\u2019DA MEME AMEL\u0130YATIM \u2013 30 KASIM 2017 PER\u015eEMBE RAPORU Melanie Irniger, 28 Kas\u0131m 2017 Uzun s\u00fcre g\u00f6\u011f\u00fcs b\u00fcy\u00fctme konusunda karars\u0131z kald\u0131m, hep \u00e7ok k\u00fc\u00e7\u00fck g\u00f6\u011f\u00fcslere sahiptim ve yapt\u0131\u011f\u0131m yo\u011fun spor nedeniyle neredeyse hi\u00e7 kalmam\u0131\u015ft\u0131. Medical Travel ile deneyimi olmu\u015f ve \u00e7ok memnun kalan arkada\u015f\u0131m Vanessa Wunderli sayesinde, Haziran 2017\u2019de dan\u0131\u015fmanl\u0131k ald\u0131m. \u0130stanbul\u2019daki doktor bana \u00e7ok sorular sordu; ne i\u015f yapt\u0131\u011f\u0131m\u0131, ne kadar spor yapt\u0131\u011f\u0131m\u0131 vs. Bu bilgiler sayesinde bana uygun implant \u015fekli ve boyutunu \u00f6nerebildi. G\u00f6r\u00fc\u015fme ger\u00e7ekten harikayd\u0131 ve b\u0131rakt\u0131\u011f\u0131 olumlu izlenim sayesinde Ekim sonu i\u00e7in tedaviyi yapt\u0131rmaya karar verdim. 29 Ekim 2017\u2019de annemle birlikte \u0130stanbul\u2019a u\u00e7tum, T\u00fcrk Hava Yollar\u0131 ile keyifli bir u\u00e7u\u015f yapt\u0131k. Organizasyon harikayd\u0131, \u0130stanbul\u2019da hem havaalan\u0131ndan hem de otelden Ac\u0131badem Hastanesi\u2019ne g\u00f6t\u00fcr\u00fcl\u00fcp tekrar geri getirildik. 30.10.2017\u2019de hastanede bir terc\u00fcman taraf\u0131ndan \u00e7ok s\u0131cak kar\u015f\u0131land\u0131k, onunla Almanca konu\u015fabildim ve her \u015feyi bana \u00e7evirdi, \u00e7ok yard\u0131mc\u0131 oldu. Ameliyattan \u00f6nce, her \u015feyin nas\u0131l ilerleyece\u011fine dair k\u0131sa bir g\u00f6r\u00fc\u015fme yap\u0131ld\u0131. Annem\u2019e bana yak\u0131n bir odada hastanede gece kalmak isteyip istemedi\u011fi teklif edildi. Refakat\u00e7i i\u00e7in ekstra konaklama \u00fccretsizdi, \u00e7ok \u015fa\u015f\u0131rd\u0131k ve \u00e7ok minnettard\u0131k. Yakla\u015f\u0131k saat 15.00 civar\u0131nda s\u0131ra bana geldi, olduk\u00e7a heyecanl\u0131yd\u0131m ama narkoz h\u0131zl\u0131 etki etti ve derin bir uykuya dald\u0131m. \u00dc\u00e7 saat sonra uyand\u0131m, ilk anda biraz \u015fok oldum ama her \u015feyin geride kald\u0131\u011f\u0131n\u0131 g\u00f6rmekten rahatlad\u0131m. As\u0131l rahats\u0131z eden a\u011fr\u0131 de\u011fildi, daha \u00e7ok v\u00fccudumda yabanc\u0131 bir \u015feyin olmas\u0131yd\u0131, neredeyse hareket edemiyordum, olduk\u00e7a al\u0131\u015f\u0131lmad\u0131k ve yeni bir durumdu. Hastanedeki geceyi iyi ge\u00e7irdim, doktorlar \u00e7ok yard\u0131msever ve dost canl\u0131s\u0131yd\u0131. Ertesi g\u00fcn oteldeki otele geri d\u00f6nebildim. Kendimi iyi hissettim, a\u011fr\u0131 kesiciler ger\u00e7ekten i\u015fe yarad\u0131. \u0130lk \u00fc\u00e7 g\u00fcn hafif a\u011fr\u0131lar vard\u0131, en zor his ise a\u011f\u0131rl\u0131kt\u0131, 700 gram fazlal\u0131\u011fa al\u0131\u015fmam gerekiyordu. \u0130lk birka\u00e7 g\u00fcn\u00fc atlatt\u0131\u011f\u0131n\u0131zda g\u00fcnl\u00fck ya\u015fama h\u0131zl\u0131ca d\u00f6n\u00fcyorsunuz. Her hareket g\u00fcn ge\u00e7tik\u00e7e daha kolay hale geldi. Sonu\u00e7tan \u00e7ok memnunum, \u00e7\u00fcnk\u00fc g\u00f6\u011f\u00fcs \u00f6l\u00e7\u00fcm B ile C aras\u0131nda ve implant kas\u0131n alt\u0131na yerle\u015ftirildi\u011fi i\u00e7in \u00e7ok do\u011fal g\u00f6r\u00fcn\u00fcyor, tam da istedi\u011fim gibi. Diki\u015fler \u00e7ok g\u00fczel at\u0131lm\u0131\u015f, iyi bak\u0131m yap\u0131ld\u0131\u011f\u0131 s\u00fcrece iz neredeyse hi\u00e7 g\u00f6r\u00fcnm\u00fcyor. 2017 y\u0131l\u0131 4 Kas\u0131m Cumartesi sabah\u0131 bir kontrol\u00fcm daha vard\u0131, doktor bana hangi egzersizlerin iyi olaca\u011f\u0131n\u0131 anlatt\u0131 ve birka\u00e7 hafta i\u00e7inde g\u00f6\u011f\u00fcslerin daha yumu\u015fak ve do\u011fal h\u00e2le gelece\u011fini s\u00f6yledi. Yapt\u0131\u011f\u0131 i\u015ften \u00e7ok memnundu. Kontrolden sonra do\u011frudan havaalan\u0131na gittik ve \u0130stanbul\u2019a veda ettik. Eve d\u00f6n\u00fc\u015f u\u00e7u\u015fumuz keyifli ge\u00e7ti, hi\u00e7 a\u011fr\u0131m yoktu ve \u00e7ok rahat hissediyordum. Yurtd\u0131\u015f\u0131nda operasyon yapt\u0131rma konusunda \u00e7ekinceleri olanlar i\u00e7in, benim deneyimime g\u00f6re her \u015fey harikayd\u0131 ve \u00e7ok iyi organize edilmi\u015fti, ger\u00e7ekten tavsiye ederim. Benim i\u00e7in en \u00f6nemli \u015fey, hastanenin \u0130svi\u00e7re ile ba\u011flant\u0131s\u0131n\u0131n olmas\u0131yd\u0131; \u00e7\u00fcnk\u00fc Medical Travel, Acibadem Hastanesi ile \u00e7al\u0131\u015f\u0131yor ve bir sorun olursa her zaman bir ileti\u015fim ki\u015fisi bulunuyor. 16.12.2017\u2019de \u0130svi\u00e7re\u2019de bir sonraki kontrol\u00fcm var. \u00c7ok memnunum ve kendimi \u00e7ok iyi hissediyorum, \u00e7ok fazla iltifat al\u0131yorum. MedicalTravel \u00fczerinden her zaman tekrar yapt\u0131r\u0131rd\u0131m. En iyi ilgileri i\u00e7in \u00e7ok te\u015fekk\u00fcr ederim! \u00d6nceki Rapor Sonraki Rapor<\/p>\n","protected":false},"author":4,"featured_media":0,"parent":4603,"menu_order":0,"comment_status":"closed","ping_status":"closed","template":"","meta":{"_joinchat":[],"footnotes":""},"class_list":["post-4680","page","type-page","status-publish","hentry"],"acf":[],"_links":{"self":[{"href":"https:\/\/medicaltravel.at\/tr\/wp-json\/wp\/v2\/pages\/4680","targetHints":{"allow":["GET"]}}],"collection":[{"href":"https:\/\/medicaltravel.at\/tr\/wp-json\/wp\/v2\/pages"}],"about":[{"href":"https:\/\/medicaltravel.at\/tr\/wp-json\/wp\/v2\/types\/page"}],"author":[{"embeddable":true,"href":"https:\/\/medicaltravel.at\/tr\/wp-json\/wp\/v2\/users\/4"}],"replies":[{"embeddable":true,"href":"https:\/\/medicaltravel.at\/tr\/wp-json\/wp\/v2\/comments?post=4680"}],"version-history":[{"count":2,"href":"https:\/\/medicaltravel.at\/tr\/wp-json\/wp\/v2\/pages\/4680\/revisions"}],"predecessor-version":[{"id":5758,"href":"https:\/\/medicaltravel.at\/tr\/wp-json\/wp\/v2\/pages\/4680\/revisions\/5758"}],"up":[{"embeddable":true,"href":"https:\/\/medicaltravel.at\/tr\/wp-json\/wp\/v2\/pages\/4603"}],"wp:attachment":[{"href":"https:\/\/medicaltravel.at\/tr\/wp-json\/wp\/v2\/media?parent=4680"}],"curies":[{"name":"wp","href":"https:\/\/api.w.org\/{rel}","templated":true}]}}