{"id":4678,"date":"2025-09-27T21:11:55","date_gmt":"2025-09-27T20:11:55","guid":{"rendered":"https:\/\/medicaltravel.at\/hasta-hikayeleri\/erfahrungsberichte-behandlungen-tuerkei\/istanbulda-meme-implanti-ameliyatim-31-mart-2018-cumartesi-tarihli-rapor\/"},"modified":"2026-01-13T14:20:11","modified_gmt":"2026-01-13T13:20:11","slug":"istanbulda-meme-implanti-ameliyatim-31-mart-2018-cumartesi-tarihli-rapor","status":"publish","type":"page","link":"https:\/\/medicaltravel.at\/tr\/hasta-hikayeleri\/erfahrungsberichte-behandlungen-tuerkei\/istanbulda-meme-implanti-ameliyatim-31-mart-2018-cumartesi-tarihli-rapor\/","title":{"rendered":"\u0130STANBUL\u2019DA MEME \u0130MPLANTI AMEL\u0130YATIM \u2013 31 mart 2018 cumartesi tarihli rapor"},"content":{"rendered":"\n<p><strong>\u0130STANBUL\u2019DA MEME \u0130MPLANTI AMEL\u0130YATIM<\/strong> \u2013 31 mart 2018 cumartesi tarihli rapor<\/p>\n\n<p>6 \u015eubat 2018 tarihli \u0130stanbul\u2019daki deneyimim \u2013 g\u00f6\u011f\u00fcs kas\u0131 alt\u0131 meme b\u00fcy\u00fctme ameliyat\u0131 \/ cerrah Dr. Soner Tatl\u0131dede<\/p>\n\n<p>35 ya\u015f\u0131nday\u0131m ve bir o\u011flum var. Hamilelik ve emzirme nedeniyle g\u00f6\u011f\u00fcslerim zarar g\u00f6rd\u00fc. Benim i\u00e7in uzun zamand\u0131r er ya da ge\u00e7 bir operasyon yapt\u0131raca\u011f\u0131m belliydi. Son iki y\u0131ld\u0131r bu konuyu s\u0131k s\u0131k d\u00fc\u015f\u00fcn\u00fcp de\u011ferlendirdim.   <\/p>\n\n<p>K\u0131z karde\u015fim sayesinde MedicalTravel ile tan\u0131\u015ft\u0131m ve ge\u00e7en y\u0131l 2017\u2019de \u0130stanbul\u2019da Ac\u0131badem Fulya\u2019da Dr. \u00d6zt\u00fcrk\u2019te ilk (di\u015f) tedavimi oldum. \u00c7ok memnun kald\u0131m ve \u00e7ok etkilendim. Bu nedenle meme tedavisi i\u00e7in de \u0130stanbul\u2019u tercih etmeye karar verdim. Ekim 2017\u2019de hemen bir dan\u0131\u015fmanl\u0131k randevusu ald\u0131m.   <\/p>\n\n<p>Merakla e\u015fimle birlikte ve hatta arkada\u015f\u0131m ile onun e\u015fiyle de g\u00f6r\u00fc\u015fmeye gittim. Arkada\u015f\u0131m da uzun zamand\u0131r meme b\u00fcy\u00fctme istiyordu, e\u015fi ise di\u015f tedavisi d\u00fc\u015f\u00fcn\u00fcyordu. Doktorlarla yap\u0131lan dan\u0131\u015fmanl\u0131ktan sonra onlar da \u00e7ok etkilendi ve \u0130stanbul\u2019da tedavi olmaya karar verdiler.  <\/p>\n\n<p>S\u0131cak bir \u015fekilde kar\u015f\u0131land\u0131k. Dr. Tatl\u0131dede ile yap\u0131lan dan\u0131\u015fmanl\u0131k s\u0131ras\u0131nda bir terc\u00fcman vard\u0131. Doktor beni muayene etti ve neyin, nas\u0131l yap\u0131laca\u011f\u0131n\u0131 ayr\u0131nt\u0131l\u0131 olarak anlatt\u0131; t\u00fcm sorular\u0131m\u0131z yetkin bir \u015fekilde cevapland\u0131. G\u00f6r\u00fc\u015fme s\u0131ras\u0131nda \u015eubat 2018 ba\u015f\u0131 i\u00e7in ge\u00e7ici bir randevu ayarlad\u0131m. Operasyonu orada yapt\u0131rma konusunda \u00e7ok ikna olmu\u015ftum. Bir hafta sonra, 6 \u015eubat 2018 tarihindeki ameliyat i\u00e7in kesin kayd\u0131m\u0131 yapt\u0131rd\u0131m. \u00c7ok heyecanl\u0131yd\u0131m ama hi\u00e7 gergin de\u011fildim.<br\/><br\/>\u00dc\u00e7 ki\u015fi birlikte seyahat ettik; yani arkada\u015f\u0131m ve e\u015fiyle. \u00dc\u00e7\u00fcm\u00fcz\u00fcn de \u0130stanbul\u2019da bir hafta kalmas\u0131 gerekiyordu. Bu bizim i\u00e7in \u00e7ok iyi oldu ve bana destek de sa\u011flad\u0131. \u0130lk haftadaki a\u011fr\u0131lar ger\u00e7ekten g\u00fc\u00e7l\u00fc oldu\u011fu ve insan\u0131n ger\u00e7ekten deste\u011fe ihtiyac\u0131 oldu\u011fu i\u00e7in bu tedaviyi tek ba\u015f\u0131ma yapmazd\u0131m.           <\/p>\n\n<p>4 \u015eubat\u2019ta zaman\u0131 gelmi\u015fti. Havaalan\u0131nda s\u0131cak bir \u015fekilde kar\u015f\u0131land\u0131k ve ard\u0131ndan otele g\u00f6t\u00fcr\u00fcld\u00fck. Havaalan\u0131nda bir Ac\u0131badem Point olmas\u0131 \u00e7ok ho\u015fuma gitti.  <\/p>\n\n<p>Taksim\u2019de kendimiz k\u00fc\u00e7\u00fck ve modern bir otel ayarlam\u0131\u015ft\u0131k. Ac\u0131badem Hastanesi\u2019ne \u00e7ok yak\u0131nd\u0131 ve al\u0131\u015fveri\u015f caddesine y\u00fcr\u00fcyerek sadece 2 dakikayd\u0131. 5 \u015eubat 2018\u2019de saat 07.30\u2019da \u015fof\u00f6r taraf\u0131ndan al\u0131nd\u0131k. Hastanede kar\u015f\u0131land\u0131k ve hemen \u00e7ok sevimli gen\u00e7 bir bayan olan terc\u00fcmanla tan\u0131\u015ft\u0131k.   <\/p>\n\n<p>Hemen ard\u0131ndan kan testi, genel anestezi ile ilgili g\u00f6r\u00fc\u015fme ve cerrah Dr. Soner Tatlidede ile g\u00f6r\u00fc\u015fme ba\u015flad\u0131. Kendisi g\u00f6\u011f\u00fcslerin foto\u011fraflar\u0131n\u0131 \u00e7ekti, her \u015feyi \u00f6l\u00e7t\u00fc, implantlar\u0131 boyut a\u00e7\u0131s\u0131ndan denedi ve bize her \u015feyi tekrar ayr\u0131nt\u0131l\u0131 olarak anlatt\u0131. K\u0131sa s\u00fcrede g\u00fcvenimi kazand\u0131.  <\/p>\n\n<p>Ameliyat ertesi g\u00fcn saat 9.00\u2019da ger\u00e7ekle\u015fti. Beni harika manzaral\u0131, \u00e7ok b\u00fcy\u00fck ve g\u00fczel bir odaya g\u00f6t\u00fcrd\u00fcler, burada baz\u0131 genel form\u00fcller dolduruldu. Ard\u0131ndan anestezi uzman\u0131 geldi, her \u015feyi haz\u0131rlad\u0131, ben soyundum, o k\u0131l\u0131f\u0131 ve ba\u015fl\u0131k\u0131 giydim ve yata\u011fa uzanabildim.  <\/p>\n\n<p>Arkada\u015f\u0131ma veda ettim ve i\u015flem ba\u015flad\u0131. Arkada\u015f\u0131m da benim ameliyat\u0131mdan sonra ameliyat oldu. B\u00f6ylece birbirimizi s\u00fcrekli destekleyebildik. H\u00e2l\u00e2 gergin de\u011fildim. Sadece asans\u00f6re bindi\u011fimizi ve birka\u00e7 saat sonra uyand\u0131\u011f\u0131mda her \u015feyin \u00e7oktan bitmi\u015f oldu\u011funu hat\u0131rl\u0131yorum.    <\/p>\n\n<p>Daha sonra odaya g\u00f6t\u00fcr\u00fcld\u00fcm. Ameliyat ba\u015far\u0131l\u0131 ge\u00e7ti. Yatakta yeni g\u00f6\u011f\u00fcslerimle, \u00f6zel bir s\u00fctyen ve \u00fczerine elastik bandajla yat\u0131yordum ve serum al\u0131yordum. H\u00e2l\u00e2 \u00e7ok yorgundum ve a\u011fr\u0131m vard\u0131. Hemen a\u011fr\u0131 kesici verildi ve sonra kendimi daha iyi hissettim. Ayn\u0131 g\u00fcn, genel anestezi nedeniyle arkada\u015f\u0131m\u0131 odas\u0131nda ziyaret etme izni de ald\u0131m.<br\/><br\/>Hastanedeki geceyi sorunsuz ge\u00e7irdim. Her saat bir hem\u015fire gelip g\u00f6\u011f\u00fcslerimi ve durumumu kontrol etti. Bak\u0131mdan \u00e7ok etkilendim.       <\/p>\n\n<p>Ertesi g\u00fcn \u00f6\u011fle vakti hastaneden taburcu edildik ve otele g\u00f6t\u00fcr\u00fcld\u00fck. Hareketler olduk\u00e7a k\u0131s\u0131tl\u0131yd\u0131 ve elbette a\u011fr\u0131lar vard\u0131! Bunu a\u015f\u0131r\u0131 sert bir kas a\u011fr\u0131s\u0131 gibi hissettim. Oteldeki gece \u00e7ok iyi ge\u00e7medi. Nas\u0131l uyuyaca\u011f\u0131m\u0131 bilmiyordum. Hastanede yata\u011f\u0131 yukar\u0131 a\u015fa\u011f\u0131 ayarlamak m\u00fcmk\u00fcnken otelde bu daha s\u0131n\u0131rl\u0131yd\u0131. Ayr\u0131ca koltuk alt\u0131ndaki iki hortum vard\u0131, buradan hala kan ak\u0131yordu. Bunlar da a\u011fr\u0131l\u0131 ve rahats\u0131z ediciydi. \u0130lk 3 g\u00fcn en zor olanlar, sonra ger\u00e7ekten toparlan\u0131yor\u2026 Her g\u00fcn biraz daha iyi ve a\u011fr\u0131 giderek azal\u0131yor. Sa\u00e7lar\u0131 kendi ba\u015f\u0131ma y\u0131kamak imk\u00e2ns\u0131z oldu\u011fundan kuaf\u00f6r arad\u0131m ve bak\u0131m yapt\u0131rd\u0131m. Hastaneden verilen ila\u00e7lar\u0131 d\u00fczenli olarak kulland\u0131m.<\/p>\n\n<p>Bu s\u00fcre i\u00e7inde 2 kez daha kontrol\u00fcm yap\u0131ld\u0131 ve son g\u00fcn hortumlar \u00e7\u0131kar\u0131ld\u0131. Doktor memnundu. Bu \u00f6zel s\u00fctyeni \u00fc\u00e7 hafta daha bandaj ile birlikte giymem gerekiyordu, sonras\u0131nda ise bandajl\u0131 spor s\u00fctyeni kullan\u0131ld\u0131. A\u011fr\u0131lar giderek azald\u0131 ve art\u0131k hareketlerim \u00e7ok k\u0131s\u0131tl\u0131 de\u011fildi.   <\/p>\n\n<p>\u015eimdi neredeyse 2 ay ge\u00e7ti ve art\u0131k hi\u00e7 a\u011fr\u0131m yok. Yaras\u0131 i\u00e7in krem kullan\u0131yorum. \u00c7ok memnunum, hacim ve her \u015fey v\u00fccuduma m\u00fckemmel uyuyor. Herr Soner Tatlidede 28 Nisan 2018\u2019de \u0130svi\u00e7re\u2019de olacak ve dan\u0131\u015fma g\u00fcnleri yapacak. Bu, kontrol ve dan\u0131\u015fma i\u00e7in m\u00fckemmel bir f\u0131rsat.    <\/p>\n\n<p>\u0130stanbul\u2019da bir operasyon yapt\u0131rma konusunda h\u00e2l\u00e2 emin olamayan ve endi\u015fe duyan herkes i\u00e7in, umar\u0131m kayg\u0131lar\u0131n\u0131z\u0131 giderebilmi\u015f ve sizi ikna edebilmi\u015fimdir. Ben bunu tekrar tekrar orada yapt\u0131r\u0131rd\u0131m \u00e7\u00fcnk\u00fc ger\u00e7ekten harikalar.  <\/p>\n\n<p>MedicalTravel\u2019e ve Acibadem\u2019e de i\u00e7ten te\u015fekk\u00fcrlerimi iletmek istiyorum. Hizmetlerinden ve elde etti\u011fim sonu\u00e7tan \u00e7ok memnunum ve bunu ger\u00e7ekten herkese tavsiye edebilirim. <\/p>\n\n<p>Sevgilerimle<\/p>\n\n<p>C. Kukaren<\/p>\n\n<div class=\"wp-block-group is-layout-grid wp-container-core-group-is-layout-baef362d wp-block-group-is-layout-grid\">\n<p><a href=\"https:\/\/medicaltravel.at\/home\/agb\/\" data-type=\"page\" data-id=\"2191\"><\/a><a href=\"https:\/\/medicaltravel.at\/tr\/hasta-hikayeleri\/erfahrungsberichte-behandlungen-tuerkei\/istanbulda-goez-kapagi-germe-ve-kendi-yagimin-enjeksiyonu-13-haziran-2018-carsamba-tarihli-rapor\/\" data-type=\"link\" data-id=\"https:\/\/medicaltravel.at\/berichte-von-patienten\/erfahrungsberichte\/meine-augenlidstraffung-und-eigenfettinjektion-in-istanbul-bericht-vom-mittwoch-13-juni-2018\/\">\u00d6nceki Rapor<\/a><\/p>\n\n\n\n<p class=\"has-text-align-right wp-container-content-5e2576f9\"><a href=\"https:\/\/medicaltravel.at\/home\/impressum\/\" data-type=\"page\" data-id=\"2193\"><\/a><a href=\"https:\/\/medicaltravel.at\/home\/berichte-von-patienten\/erfahrungsberichte\/erfahrungsbericht-zahnbehandlung-in-istanbul\/\" data-type=\"page\" data-id=\"981\"><\/a><a href=\"https:\/\/medicaltravel.at\/tr\/hasta-hikayeleri\/erfahrungsberichte-behandlungen-tuerkei\/agrilar-gecer-sonuc-kalir-carsamba-28-subat-2018-tarihli-deneyim-yazisi\/\" data-type=\"link\" data-id=\"https:\/\/medicaltravel.at\/berichte-von-patienten\/erfahrungsberichte\/die-schmerzen-vergehen-das-ergebnis-bleibt-bericht-vom-mittwoch-28-februar-2018\/\">Sonraki Rapor<\/a><\/p>\n<\/div>\n","protected":false},"excerpt":{"rendered":"<p>\u0130STANBUL\u2019DA MEME \u0130MPLANTI AMEL\u0130YATIM \u2013 31 mart 2018 cumartesi tarihli rapor 6 \u015eubat 2018 tarihli \u0130stanbul\u2019daki deneyimim \u2013 g\u00f6\u011f\u00fcs kas\u0131 alt\u0131 meme b\u00fcy\u00fctme ameliyat\u0131 \/ cerrah Dr. Soner Tatl\u0131dede 35 ya\u015f\u0131nday\u0131m ve bir o\u011flum var. Hamilelik ve emzirme nedeniyle g\u00f6\u011f\u00fcslerim zarar g\u00f6rd\u00fc. Benim i\u00e7in uzun zamand\u0131r er ya da ge\u00e7 bir operasyon yapt\u0131raca\u011f\u0131m belliydi. Son iki y\u0131ld\u0131r bu konuyu s\u0131k s\u0131k d\u00fc\u015f\u00fcn\u00fcp de\u011ferlendirdim. K\u0131z karde\u015fim sayesinde MedicalTravel ile tan\u0131\u015ft\u0131m ve ge\u00e7en y\u0131l 2017\u2019de \u0130stanbul\u2019da Ac\u0131badem Fulya\u2019da Dr. \u00d6zt\u00fcrk\u2019te ilk (di\u015f) tedavimi oldum. \u00c7ok memnun kald\u0131m ve \u00e7ok etkilendim. Bu nedenle meme tedavisi i\u00e7in de \u0130stanbul\u2019u tercih etmeye karar verdim. Ekim 2017\u2019de hemen bir dan\u0131\u015fmanl\u0131k randevusu ald\u0131m. Merakla e\u015fimle birlikte ve hatta arkada\u015f\u0131m ile onun e\u015fiyle de g\u00f6r\u00fc\u015fmeye gittim. Arkada\u015f\u0131m da uzun zamand\u0131r meme b\u00fcy\u00fctme istiyordu, e\u015fi ise di\u015f tedavisi d\u00fc\u015f\u00fcn\u00fcyordu. Doktorlarla yap\u0131lan dan\u0131\u015fmanl\u0131ktan sonra onlar da \u00e7ok etkilendi ve \u0130stanbul\u2019da tedavi olmaya karar verdiler. S\u0131cak bir \u015fekilde kar\u015f\u0131land\u0131k. Dr. Tatl\u0131dede ile yap\u0131lan dan\u0131\u015fmanl\u0131k s\u0131ras\u0131nda bir terc\u00fcman vard\u0131. Doktor beni muayene etti ve neyin, nas\u0131l yap\u0131laca\u011f\u0131n\u0131 ayr\u0131nt\u0131l\u0131 olarak anlatt\u0131; t\u00fcm sorular\u0131m\u0131z yetkin bir \u015fekilde cevapland\u0131. G\u00f6r\u00fc\u015fme s\u0131ras\u0131nda \u015eubat 2018 ba\u015f\u0131 i\u00e7in ge\u00e7ici bir randevu ayarlad\u0131m. Operasyonu orada yapt\u0131rma konusunda \u00e7ok ikna olmu\u015ftum. Bir hafta sonra, 6 \u015eubat 2018 tarihindeki ameliyat i\u00e7in kesin kayd\u0131m\u0131 yapt\u0131rd\u0131m. \u00c7ok heyecanl\u0131yd\u0131m ama hi\u00e7 gergin de\u011fildim. \u00dc\u00e7 ki\u015fi birlikte seyahat ettik; yani arkada\u015f\u0131m ve e\u015fiyle. \u00dc\u00e7\u00fcm\u00fcz\u00fcn de \u0130stanbul\u2019da bir hafta kalmas\u0131 gerekiyordu. Bu bizim i\u00e7in \u00e7ok iyi oldu ve bana destek de sa\u011flad\u0131. \u0130lk haftadaki a\u011fr\u0131lar ger\u00e7ekten g\u00fc\u00e7l\u00fc oldu\u011fu ve insan\u0131n ger\u00e7ekten deste\u011fe ihtiyac\u0131 oldu\u011fu i\u00e7in bu tedaviyi tek ba\u015f\u0131ma yapmazd\u0131m. 4 \u015eubat\u2019ta zaman\u0131 gelmi\u015fti. Havaalan\u0131nda s\u0131cak bir \u015fekilde kar\u015f\u0131land\u0131k ve ard\u0131ndan otele g\u00f6t\u00fcr\u00fcld\u00fck. Havaalan\u0131nda bir Ac\u0131badem Point olmas\u0131 \u00e7ok ho\u015fuma gitti. Taksim\u2019de kendimiz k\u00fc\u00e7\u00fck ve modern bir otel ayarlam\u0131\u015ft\u0131k. Ac\u0131badem Hastanesi\u2019ne \u00e7ok yak\u0131nd\u0131 ve al\u0131\u015fveri\u015f caddesine y\u00fcr\u00fcyerek sadece 2 dakikayd\u0131. 5 \u015eubat 2018\u2019de saat 07.30\u2019da \u015fof\u00f6r taraf\u0131ndan al\u0131nd\u0131k. Hastanede kar\u015f\u0131land\u0131k ve hemen \u00e7ok sevimli gen\u00e7 bir bayan olan terc\u00fcmanla tan\u0131\u015ft\u0131k. Hemen ard\u0131ndan kan testi, genel anestezi ile ilgili g\u00f6r\u00fc\u015fme ve cerrah Dr. Soner Tatlidede ile g\u00f6r\u00fc\u015fme ba\u015flad\u0131. Kendisi g\u00f6\u011f\u00fcslerin foto\u011fraflar\u0131n\u0131 \u00e7ekti, her \u015feyi \u00f6l\u00e7t\u00fc, implantlar\u0131 boyut a\u00e7\u0131s\u0131ndan denedi ve bize her \u015feyi tekrar ayr\u0131nt\u0131l\u0131 olarak anlatt\u0131. K\u0131sa s\u00fcrede g\u00fcvenimi kazand\u0131. Ameliyat ertesi g\u00fcn saat 9.00\u2019da ger\u00e7ekle\u015fti. Beni harika manzaral\u0131, \u00e7ok b\u00fcy\u00fck ve g\u00fczel bir odaya g\u00f6t\u00fcrd\u00fcler, burada baz\u0131 genel form\u00fcller dolduruldu. Ard\u0131ndan anestezi uzman\u0131 geldi, her \u015feyi haz\u0131rlad\u0131, ben soyundum, o k\u0131l\u0131f\u0131 ve ba\u015fl\u0131k\u0131 giydim ve yata\u011fa uzanabildim. Arkada\u015f\u0131ma veda ettim ve i\u015flem ba\u015flad\u0131. Arkada\u015f\u0131m da benim ameliyat\u0131mdan sonra ameliyat oldu. B\u00f6ylece birbirimizi s\u00fcrekli destekleyebildik. H\u00e2l\u00e2 gergin de\u011fildim. Sadece asans\u00f6re bindi\u011fimizi ve birka\u00e7 saat sonra uyand\u0131\u011f\u0131mda her \u015feyin \u00e7oktan bitmi\u015f oldu\u011funu hat\u0131rl\u0131yorum. Daha sonra odaya g\u00f6t\u00fcr\u00fcld\u00fcm. Ameliyat ba\u015far\u0131l\u0131 ge\u00e7ti. Yatakta yeni g\u00f6\u011f\u00fcslerimle, \u00f6zel bir s\u00fctyen ve \u00fczerine elastik bandajla yat\u0131yordum ve serum al\u0131yordum. H\u00e2l\u00e2 \u00e7ok yorgundum ve a\u011fr\u0131m vard\u0131. Hemen a\u011fr\u0131 kesici verildi ve sonra kendimi daha iyi hissettim. Ayn\u0131 g\u00fcn, genel anestezi nedeniyle arkada\u015f\u0131m\u0131 odas\u0131nda ziyaret etme izni de ald\u0131m. Hastanedeki geceyi sorunsuz ge\u00e7irdim. Her saat bir hem\u015fire gelip g\u00f6\u011f\u00fcslerimi ve durumumu kontrol etti. Bak\u0131mdan \u00e7ok etkilendim. Ertesi g\u00fcn \u00f6\u011fle vakti hastaneden taburcu edildik ve otele g\u00f6t\u00fcr\u00fcld\u00fck. Hareketler olduk\u00e7a k\u0131s\u0131tl\u0131yd\u0131 ve elbette a\u011fr\u0131lar vard\u0131! Bunu a\u015f\u0131r\u0131 sert bir kas a\u011fr\u0131s\u0131 gibi hissettim. Oteldeki gece \u00e7ok iyi ge\u00e7medi. Nas\u0131l uyuyaca\u011f\u0131m\u0131 bilmiyordum. Hastanede yata\u011f\u0131 yukar\u0131 a\u015fa\u011f\u0131 ayarlamak m\u00fcmk\u00fcnken otelde bu daha s\u0131n\u0131rl\u0131yd\u0131. Ayr\u0131ca koltuk alt\u0131ndaki iki hortum vard\u0131, buradan hala kan ak\u0131yordu. Bunlar da a\u011fr\u0131l\u0131 ve rahats\u0131z ediciydi. \u0130lk 3 g\u00fcn en zor olanlar, sonra ger\u00e7ekten toparlan\u0131yor\u2026 Her g\u00fcn biraz daha iyi ve a\u011fr\u0131 giderek azal\u0131yor. Sa\u00e7lar\u0131 kendi ba\u015f\u0131ma y\u0131kamak imk\u00e2ns\u0131z oldu\u011fundan kuaf\u00f6r arad\u0131m ve bak\u0131m yapt\u0131rd\u0131m. Hastaneden verilen ila\u00e7lar\u0131 d\u00fczenli olarak kulland\u0131m. Bu s\u00fcre i\u00e7inde 2 kez daha kontrol\u00fcm yap\u0131ld\u0131 ve son g\u00fcn hortumlar \u00e7\u0131kar\u0131ld\u0131. Doktor memnundu. Bu \u00f6zel s\u00fctyeni \u00fc\u00e7 hafta daha bandaj ile birlikte giymem gerekiyordu, sonras\u0131nda ise bandajl\u0131 spor s\u00fctyeni kullan\u0131ld\u0131. A\u011fr\u0131lar giderek azald\u0131 ve art\u0131k hareketlerim \u00e7ok k\u0131s\u0131tl\u0131 de\u011fildi. \u015eimdi neredeyse 2 ay ge\u00e7ti ve art\u0131k hi\u00e7 a\u011fr\u0131m yok. Yaras\u0131 i\u00e7in krem kullan\u0131yorum. \u00c7ok memnunum, hacim ve her \u015fey v\u00fccuduma m\u00fckemmel uyuyor. Herr Soner Tatlidede 28 Nisan 2018\u2019de \u0130svi\u00e7re\u2019de olacak ve dan\u0131\u015fma g\u00fcnleri yapacak. Bu, kontrol ve dan\u0131\u015fma i\u00e7in m\u00fckemmel bir f\u0131rsat. \u0130stanbul\u2019da bir operasyon yapt\u0131rma konusunda h\u00e2l\u00e2 emin olamayan ve endi\u015fe duyan herkes i\u00e7in, umar\u0131m kayg\u0131lar\u0131n\u0131z\u0131 giderebilmi\u015f ve sizi ikna edebilmi\u015fimdir. Ben bunu tekrar tekrar orada yapt\u0131r\u0131rd\u0131m \u00e7\u00fcnk\u00fc ger\u00e7ekten harikalar. MedicalTravel\u2019e ve Acibadem\u2019e de i\u00e7ten te\u015fekk\u00fcrlerimi iletmek istiyorum. Hizmetlerinden ve elde etti\u011fim sonu\u00e7tan \u00e7ok memnunum ve bunu ger\u00e7ekten herkese tavsiye edebilirim. Sevgilerimle C. Kukaren \u00d6nceki Rapor Sonraki Rapor<\/p>\n","protected":false},"author":4,"featured_media":0,"parent":4603,"menu_order":0,"comment_status":"closed","ping_status":"closed","template":"","meta":{"_joinchat":[],"footnotes":""},"class_list":["post-4678","page","type-page","status-publish","hentry"],"acf":[],"_links":{"self":[{"href":"https:\/\/medicaltravel.at\/tr\/wp-json\/wp\/v2\/pages\/4678","targetHints":{"allow":["GET"]}}],"collection":[{"href":"https:\/\/medicaltravel.at\/tr\/wp-json\/wp\/v2\/pages"}],"about":[{"href":"https:\/\/medicaltravel.at\/tr\/wp-json\/wp\/v2\/types\/page"}],"author":[{"embeddable":true,"href":"https:\/\/medicaltravel.at\/tr\/wp-json\/wp\/v2\/users\/4"}],"replies":[{"embeddable":true,"href":"https:\/\/medicaltravel.at\/tr\/wp-json\/wp\/v2\/comments?post=4678"}],"version-history":[{"count":1,"href":"https:\/\/medicaltravel.at\/tr\/wp-json\/wp\/v2\/pages\/4678\/revisions"}],"predecessor-version":[{"id":4679,"href":"https:\/\/medicaltravel.at\/tr\/wp-json\/wp\/v2\/pages\/4678\/revisions\/4679"}],"up":[{"embeddable":true,"href":"https:\/\/medicaltravel.at\/tr\/wp-json\/wp\/v2\/pages\/4603"}],"wp:attachment":[{"href":"https:\/\/medicaltravel.at\/tr\/wp-json\/wp\/v2\/media?parent=4678"}],"curies":[{"name":"wp","href":"https:\/\/api.w.org\/{rel}","templated":true}]}}