{"id":4676,"date":"2025-09-27T21:25:16","date_gmt":"2025-09-27T20:25:16","guid":{"rendered":"https:\/\/medicaltravel.at\/hasta-hikayeleri\/erfahrungsberichte-behandlungen-tuerkei\/istanbul-tuerkiyede-meme-tedavim-25-ocak-2017-carsamba-tarihli-rapor\/"},"modified":"2026-01-13T14:32:33","modified_gmt":"2026-01-13T13:32:33","slug":"istanbul-tuerkiyede-meme-tedavim-25-ocak-2017-carsamba-tarihli-rapor","status":"publish","type":"page","link":"https:\/\/medicaltravel.at\/tr\/hasta-hikayeleri\/erfahrungsberichte-behandlungen-tuerkei\/istanbul-tuerkiyede-meme-tedavim-25-ocak-2017-carsamba-tarihli-rapor\/","title":{"rendered":"\u0130STANBUL &#8211; T\u00dcRK\u0130YE\u2019DE MEME TEDAV\u0130M \u2013 25 Ocak 2017 \u00c7ar\u015famba tarihli rapor<br><br>"},"content":{"rendered":"\n<p><strong>\u0130STANBUL &#8211; T\u00dcRK\u0130YE\u2019DE MEME TEDAV\u0130M<\/strong> \u2013 25 Ocak 2017 \u00c7ar\u015famba tarihli rapor<\/p>\n\n\n\n<p><strong>Deneyim Raporu \u2013 \u0130stanbul\u2019da G\u00f6\u011f\u00fcs \u0130mplantlar\u0131<\/strong><\/p>\n\n\n\n<p>Ben 35 ya\u015f\u0131nday\u0131m ve 7 ile 4,5 ya\u015flar\u0131nda iki \u00e7ocu\u011fum var. Hamilelik ve emzirme s\u00fcreci nedeniyle g\u00f6\u011f\u00fcslerim zarar g\u00f6rd\u00fc. Benim i\u00e7in uzun s\u00fcredir a\u00e7\u0131kt\u0131 ki er ya da ge\u00e7 bir operasyon yapt\u0131racakt\u0131m. Son 6 y\u0131ld\u0131r bu konuyu s\u00fcrekli d\u00fc\u015f\u00fcnd\u00fcm ve konu hakk\u0131nda jinekolo\u011fumla da konu\u015ftum. Bana birini \u00f6nermi\u015fti ama \u00fccreti 11.000 frank\u0131n \u00fczerindeydi. Bu benim i\u00e7in \u00e7ok pahal\u0131yd\u0131.<br><br>\u0130nternet \u00fczerinden MedicalTravel ile kar\u015f\u0131la\u015ft\u0131m. Web sitesi beni \u00e7ok etkiledi ve fiyatlar\u0131 g\u00f6rd\u00fc\u011f\u00fcmde \u015fa\u015f\u0131rd\u0131m. Hemen Eyl\u00fcl 2016 i\u00e7in bir dan\u0131\u015fmanl\u0131k randevusu ald\u0131m.        <\/p>\n\n\n\n<p>Merakl\u0131 bir \u015fekilde e\u015fim ve hatta \u00e7ocuklar\u0131mla birlikte (\u00e7ocuklara bakacak kimsem olmad\u0131\u011f\u0131 i\u00e7in ve Bay Kara\u2019n\u0131n nazik\u00e7e onlar\u0131 da getirebilece\u011fimi s\u00f6ylemesi sayesinde) toplant\u0131ya gittim. S\u0131cak bir \u015fekilde kar\u015f\u0131land\u0131k. Dan\u0131\u015fmanl\u0131k s\u0131ras\u0131nda bir terc\u00fcman haz\u0131r bulundu. Doktor beni muayene etti ve ne yap\u0131laca\u011f\u0131n\u0131, nas\u0131l yap\u0131laca\u011f\u0131n\u0131 tam olarak a\u00e7\u0131klad\u0131. T\u00fcm sorular\u0131m\u0131z yetkin bir \u015fekilde yan\u0131tland\u0131. G\u00f6r\u00fc\u015fme s\u0131ras\u0131nda 2017 ba\u015f\u0131 i\u00e7in ge\u00e7ici bir randevu bile ayarlad\u0131m. Eve d\u00f6nd\u00fc\u011f\u00fcmde ba\u015fka hi\u00e7bir \u015feyi d\u00fc\u015f\u00fcnemedim. Operasyonu orada yapt\u0131rmaya kesin olarak karar verdim. Bir hafta sonra, 2 Ocak 2017\u2019deki operasyon i\u00e7in kesin kayd\u0131m\u0131 yapt\u0131rd\u0131m. \u00c7ok heyecanl\u0131yd\u0131m ama hi\u00e7 de gergin de\u011fildim.        <\/p>\n\n\n\n<p>1 Ocak\u2019ta zaman gelmi\u015fti, ailem beni \u0130stanbul\u2019a g\u00f6t\u00fcrd\u00fc. Havaalan\u0131nda s\u0131cak bir \u015fekilde kar\u015f\u0131land\u0131k ve ard\u0131ndan otele g\u00f6t\u00fcr\u00fcld\u00fck. <\/p>\n\n\n\n<p>Otel, Ac\u0131badem Hastanesi\u2019ne yakla\u015f\u0131k 50 metre uzakl\u0131kta k\u00fc\u00e7\u00fck ve sevimli bir oteldi. 2 Ocak 2017\u2019de saat 07:30\u2019ta \u015fof\u00f6r taraf\u0131ndan al\u0131nd\u0131k. Annem gergindi, ben hi\u00e7 de\u011fil. Hastaneye vard\u0131\u011f\u0131m\u0131zda kar\u015f\u0131land\u0131k ve hemen kan alma i\u015flemi ba\u015flad\u0131. Ard\u0131ndan \u00e7ok sevimli gen\u00e7 bir bayan olan terc\u00fcmanla tan\u0131\u015ft\u0131k. O andan itibaren bize hep e\u015flik etti.     <\/p>\n\n\n\n<p>Sonra cerrah Bayan \u00dcnal ile g\u00f6r\u00fc\u015fme yapt\u0131k. Bayan \u00dcnal g\u00f6\u011f\u00fcslerimin foto\u011fraflar\u0131n\u0131 \u00e7ekti ve her \u015feyi tekrar ayr\u0131nt\u0131l\u0131 olarak a\u00e7\u0131klad\u0131. K\u0131sa s\u00fcrede g\u00fcvenimi kazand\u0131. Ameliyat saat 09:00\u2019da ger\u00e7ekle\u015fti. Beni \u00e7ok g\u00fczel ve b\u00fcy\u00fck bir odaya ald\u0131lar, burada baz\u0131 genel bilgiler dolduruldu. Ard\u0131ndan anestezi uzman\u0131 geldi, her \u015feyi haz\u0131rlad\u0131. K\u0131yafetimi \u00e7\u0131kard\u0131m, bu \u00f6nl\u00fck ve ba\u015fl\u0131\u011f\u0131 giydim ve yata\u011fa uzanabildim.     <\/p>\n\n\n\n<p>Ailemle vedala\u015ft\u0131m ve her \u015fey ba\u015flad\u0131. H\u00e2l\u00e2 gergin de\u011fildim. Sadece asans\u00f6re bindi\u011fimizi hat\u0131rl\u0131yorum ve ard\u0131ndan saatler sonra uyand\u0131m ve her \u015feyin \u00e7oktan bitmi\u015f oldu\u011funu g\u00f6rd\u00fcm.  <\/p>\n\n\n\n<p>Daha sonra odama g\u00f6t\u00fcr\u00fcld\u00fcm, ailem \u00e7oktan beni bekliyordu. Ameliyat ba\u015far\u0131l\u0131 ge\u00e7mi\u015fti. Yeni g\u00f6\u011f\u00fcslerimle, \u00f6zel bir s\u00fctyen ve \u00fcst\u00fcne elastik bandaj ile yata\u011fa uzanm\u0131\u015ft\u0131m ve serum tak\u0131l\u0131yd\u0131. H\u00e2l\u00e2 \u00e7ok yorgundum ve neredeyse sadece uyudum.   <\/p>\n\n\n\n<p>Annem hastanede benimle birlikte kalabildi. \u00c7ok yard\u0131mc\u0131 ve sevecendiler. Hastanedeki geceyi iyi ge\u00e7irdim. Her saat bir hem\u015fire gelerek g\u00f6\u011f\u00fcslerimi kontrol etti. Bu ilgiden \u00e7ok etkilendim.    <\/p>\n\n\n\n<p>Annem \u0130svi\u00e7re\u2019de zaten bir kanal tedavisine ba\u015flam\u0131\u015ft\u0131 ve birka\u00e7 i\u015flem daha yapt\u0131rmas\u0131 gerekiyordu, bu y\u00fczden terc\u00fcman\u0131m\u0131za Ac\u0131badem\u2019de bunu hemen yapt\u0131rma imk\u00e2n\u0131 olup olmad\u0131\u011f\u0131n\u0131 sordu.<\/p>\n\n\n\n<p>Terc\u00fcman annemin elini tutarak onu do\u011frudan di\u015f b\u00f6l\u00fcm\u00fcne g\u00f6t\u00fcrd\u00fc. Annem hemen bir randevu ald\u0131 ve \u00e7ok memnun kald\u0131. \u00dcstelik bunun \u00fccreti \u00e7ok daha d\u00fc\u015f\u00fckt\u00fc. \u00c7ok etkilendi, \u0130svi\u00e7re\u2019de b\u00f6yle bir altyap\u0131 g\u00f6rmedi\u011fini s\u00f6yledi.   <\/p>\n\n\n\n<p>B\u00fct\u00fcn g\u00fcn hastanede kald\u0131m ve sabah yata\u011f\u0131mdan kalkabiliyordum. Annem bana yard\u0131m etmek zorundayd\u0131, \u00e7\u00fcnk\u00fc hareketler olduk\u00e7a k\u0131s\u0131tl\u0131yd\u0131 ve elbette a\u011fr\u0131 vard\u0131! Bunu a\u015f\u0131r\u0131 sert bir kas a\u011fr\u0131s\u0131 gibi hissettim. Daha \u00f6nce do\u011fum yapm\u0131\u015f olanlar i\u00e7in s\u00f6yleyeyim, epiduralsiz do\u011fum bunu daha a\u011fr\u0131l\u0131 bulmu\u015fum.   <\/p>\n\n\n\n<p>Ak\u015fam hastaneden taburcu edildim ve otele g\u00f6t\u00fcr\u00fcld\u00fck. Oteldeki gece pek iyi ge\u00e7medi, nas\u0131l uyuyaca\u011f\u0131m\u0131 bilmiyordum. Hastanede yata\u011f\u0131 yukar\u0131-a\u015fa\u011f\u0131 ayarlayabiliyordunuz, otelde bu pek m\u00fcmk\u00fcn de\u011fildi. Ayr\u0131ca koltuk alt\u0131ndaki iki t\u00fcpten h\u00e2l\u00e2 kan geliyordu. Bu da a\u011fr\u0131l\u0131 ve rahats\u0131z ediciydi. Ancak ayn\u0131 g\u00fcn cerrah taraf\u0131ndan \u00e7\u0131kar\u0131ld\u0131lar. \u00c7\u0131karma i\u015flemi biraz a\u011fr\u0131l\u0131yd\u0131, t\u00fcpler deride yakla\u015f\u0131k 10 cm derindeydi. Bu kontrolden sonra \u00e7ok yak\u0131n olan Cevahir al\u0131\u015fveri\u015f merkezine gittik. Sa\u00e7lar\u0131 kendim y\u0131kamak imk\u00e2ns\u0131z oldu\u011fundan bir kuaf\u00f6r arad\u0131m ve kendimi \u015f\u0131martt\u0131m. Hastaneden ald\u0131\u011f\u0131m ila\u00e7lar\u0131 d\u00fczenli olarak kulland\u0131m.         <\/p>\n\n\n\n<p>Bu s\u00fcre i\u00e7inde bir kontrol daha yapt\u0131m, cuma g\u00fcn\u00fcyd\u00fc. Doktor memnundu. Bu s\u00fctyeni \u00fc\u00e7 hafta daha giymem gerekti. A\u011fr\u0131lar giderek azald\u0131 ve art\u0131k hareketlerim eskisi kadar k\u0131s\u0131tl\u0131 de\u011fildi.   <\/p>\n\n\n\n<p>Ge\u00e7en hafta jinekolo\u011fuma gittim ve sonu\u00e7tan \u00e7ok etkilendi. Ayr\u0131ca miktar\u0131n v\u00fccuduma tamamen uydu\u011funu s\u00f6yledi. <\/p>\n\n\n\n<p>Frau \u00dcnal d\u00fcn, 22 Ocak\u2019ta \u0130svi\u00e7re\u2019deydi ve dan\u0131\u015fmanl\u0131k g\u00fcnleri ger\u00e7ekle\u015ftirdi. Bu benim i\u00e7in \u00e7ok iyiydi, b\u00f6ylece \u00fc\u00e7 hafta sonra ondan tekrar \u00fccretsiz bir dan\u0131\u015fmanl\u0131k alabildim. O memnundu, ancak bana \u00fc\u00e7 hafta daha s\u00fctyen ve bandaj takmam\u0131 \u00f6nerdi.  <\/p>\n\n\n\n<p>\u0130stanbul\u2019da bir operasyon yapt\u0131rmak konusunda h\u00e2l\u00e2 teredd\u00fct\u00fc olan ve korkan herkes i\u00e7in umar\u0131m endi\u015felerinizi giderebilmi\u015f ve sizi ikna edebilmi\u015fimdir. Ben bunu her zaman orada yapt\u0131r\u0131rd\u0131m. Buradaki doktorlar da bundan ders alabilir.  <\/p>\n\n\n\n<p>Sevgilerimle<\/p>\n\n\n\n<p>Fabiannne Helzikon<\/p>\n\n\n\n<div class=\"wp-block-group is-layout-grid wp-container-core-group-is-layout-baef362d wp-block-group-is-layout-grid\">\n<p><a href=\"https:\/\/medicaltravel.at\/home\/agb\/\" data-type=\"page\" data-id=\"2191\"><\/a><a href=\"https:\/\/medicaltravel.at\/tr\/hasta-hikayeleri\/erfahrungsberichte-behandlungen-tuerkei\/istanbulda-tam-dis-tedavim-tamamen-muekemmel-07-subat-2017-sali-guenue-yazilmis-deneyim-yazisi\/\" data-type=\"link\" data-id=\"https:\/\/medicaltravel.at\/tr\/hasta-hikayeleri\/erfahrungsberichte-behandlungen-tuerkei\/istanbulda-tam-dis-tedavim-tamamen-muekemmel-07-subat-2017-sali-guenue-yazilmis-deneyim-yazisi\/\">\u00d6nceki Rapor<\/a><\/p>\n\n\n\n<p class=\"has-text-align-right wp-container-content-5e2576f9\"><a href=\"https:\/\/medicaltravel.at\/home\/impressum\/\" data-type=\"page\" data-id=\"2193\"><\/a><a href=\"https:\/\/medicaltravel.at\/home\/berichte-von-patienten\/erfahrungsberichte\/erfahrungsbericht-zahnbehandlung-in-istanbul\/\" data-type=\"page\" data-id=\"981\"><\/a><a href=\"https:\/\/medicaltravel.at\/tr\/hasta-hikayeleri\/erfahrungsberichte-behandlungen-tuerkei\/istanbulda-sac-ekimi-deneyim-raporu-28-aralik-2016-carsamba-tarihli-rapor\/\" data-type=\"link\" data-id=\"https:\/\/medicaltravel.at\/berichte-von-patienten\/erfahrungsberichte\/erfahrungsbericht-haartransplantation-in-istanbul-bericht-vom-mittwoch-28-dezember-2016\/\">Sonraki Rapor<\/a><\/p>\n<\/div>\n","protected":false},"excerpt":{"rendered":"<p>\u0130STANBUL &#8211; T\u00dcRK\u0130YE\u2019DE MEME TEDAV\u0130M \u2013 25 Ocak 2017 \u00c7ar\u015famba tarihli rapor Deneyim Raporu \u2013 \u0130stanbul\u2019da G\u00f6\u011f\u00fcs \u0130mplantlar\u0131 Ben 35 ya\u015f\u0131nday\u0131m ve 7 ile 4,5 ya\u015flar\u0131nda iki \u00e7ocu\u011fum var. Hamilelik ve emzirme s\u00fcreci nedeniyle g\u00f6\u011f\u00fcslerim zarar g\u00f6rd\u00fc. Benim i\u00e7in uzun s\u00fcredir a\u00e7\u0131kt\u0131 ki er ya da ge\u00e7 bir operasyon yapt\u0131racakt\u0131m. Son 6 y\u0131ld\u0131r bu konuyu s\u00fcrekli d\u00fc\u015f\u00fcnd\u00fcm ve konu hakk\u0131nda jinekolo\u011fumla da konu\u015ftum. Bana birini \u00f6nermi\u015fti ama \u00fccreti 11.000 frank\u0131n \u00fczerindeydi. Bu benim i\u00e7in \u00e7ok pahal\u0131yd\u0131. \u0130nternet \u00fczerinden MedicalTravel ile kar\u015f\u0131la\u015ft\u0131m. Web sitesi beni \u00e7ok etkiledi ve fiyatlar\u0131 g\u00f6rd\u00fc\u011f\u00fcmde \u015fa\u015f\u0131rd\u0131m. Hemen Eyl\u00fcl 2016 i\u00e7in bir dan\u0131\u015fmanl\u0131k randevusu ald\u0131m. Merakl\u0131 bir \u015fekilde e\u015fim ve hatta \u00e7ocuklar\u0131mla birlikte (\u00e7ocuklara bakacak kimsem olmad\u0131\u011f\u0131 i\u00e7in ve Bay Kara\u2019n\u0131n nazik\u00e7e onlar\u0131 da getirebilece\u011fimi s\u00f6ylemesi sayesinde) toplant\u0131ya gittim. S\u0131cak bir \u015fekilde kar\u015f\u0131land\u0131k. Dan\u0131\u015fmanl\u0131k s\u0131ras\u0131nda bir terc\u00fcman haz\u0131r bulundu. Doktor beni muayene etti ve ne yap\u0131laca\u011f\u0131n\u0131, nas\u0131l yap\u0131laca\u011f\u0131n\u0131 tam olarak a\u00e7\u0131klad\u0131. T\u00fcm sorular\u0131m\u0131z yetkin bir \u015fekilde yan\u0131tland\u0131. G\u00f6r\u00fc\u015fme s\u0131ras\u0131nda 2017 ba\u015f\u0131 i\u00e7in ge\u00e7ici bir randevu bile ayarlad\u0131m. Eve d\u00f6nd\u00fc\u011f\u00fcmde ba\u015fka hi\u00e7bir \u015feyi d\u00fc\u015f\u00fcnemedim. Operasyonu orada yapt\u0131rmaya kesin olarak karar verdim. Bir hafta sonra, 2 Ocak 2017\u2019deki operasyon i\u00e7in kesin kayd\u0131m\u0131 yapt\u0131rd\u0131m. \u00c7ok heyecanl\u0131yd\u0131m ama hi\u00e7 de gergin de\u011fildim. 1 Ocak\u2019ta zaman gelmi\u015fti, ailem beni \u0130stanbul\u2019a g\u00f6t\u00fcrd\u00fc. Havaalan\u0131nda s\u0131cak bir \u015fekilde kar\u015f\u0131land\u0131k ve ard\u0131ndan otele g\u00f6t\u00fcr\u00fcld\u00fck. Otel, Ac\u0131badem Hastanesi\u2019ne yakla\u015f\u0131k 50 metre uzakl\u0131kta k\u00fc\u00e7\u00fck ve sevimli bir oteldi. 2 Ocak 2017\u2019de saat 07:30\u2019ta \u015fof\u00f6r taraf\u0131ndan al\u0131nd\u0131k. Annem gergindi, ben hi\u00e7 de\u011fil. Hastaneye vard\u0131\u011f\u0131m\u0131zda kar\u015f\u0131land\u0131k ve hemen kan alma i\u015flemi ba\u015flad\u0131. Ard\u0131ndan \u00e7ok sevimli gen\u00e7 bir bayan olan terc\u00fcmanla tan\u0131\u015ft\u0131k. O andan itibaren bize hep e\u015flik etti. Sonra cerrah Bayan \u00dcnal ile g\u00f6r\u00fc\u015fme yapt\u0131k. Bayan \u00dcnal g\u00f6\u011f\u00fcslerimin foto\u011fraflar\u0131n\u0131 \u00e7ekti ve her \u015feyi tekrar ayr\u0131nt\u0131l\u0131 olarak a\u00e7\u0131klad\u0131. K\u0131sa s\u00fcrede g\u00fcvenimi kazand\u0131. Ameliyat saat 09:00\u2019da ger\u00e7ekle\u015fti. Beni \u00e7ok g\u00fczel ve b\u00fcy\u00fck bir odaya ald\u0131lar, burada baz\u0131 genel bilgiler dolduruldu. Ard\u0131ndan anestezi uzman\u0131 geldi, her \u015feyi haz\u0131rlad\u0131. K\u0131yafetimi \u00e7\u0131kard\u0131m, bu \u00f6nl\u00fck ve ba\u015fl\u0131\u011f\u0131 giydim ve yata\u011fa uzanabildim. Ailemle vedala\u015ft\u0131m ve her \u015fey ba\u015flad\u0131. H\u00e2l\u00e2 gergin de\u011fildim. Sadece asans\u00f6re bindi\u011fimizi hat\u0131rl\u0131yorum ve ard\u0131ndan saatler sonra uyand\u0131m ve her \u015feyin \u00e7oktan bitmi\u015f oldu\u011funu g\u00f6rd\u00fcm. Daha sonra odama g\u00f6t\u00fcr\u00fcld\u00fcm, ailem \u00e7oktan beni bekliyordu. Ameliyat ba\u015far\u0131l\u0131 ge\u00e7mi\u015fti. Yeni g\u00f6\u011f\u00fcslerimle, \u00f6zel bir s\u00fctyen ve \u00fcst\u00fcne elastik bandaj ile yata\u011fa uzanm\u0131\u015ft\u0131m ve serum tak\u0131l\u0131yd\u0131. H\u00e2l\u00e2 \u00e7ok yorgundum ve neredeyse sadece uyudum. Annem hastanede benimle birlikte kalabildi. \u00c7ok yard\u0131mc\u0131 ve sevecendiler. Hastanedeki geceyi iyi ge\u00e7irdim. Her saat bir hem\u015fire gelerek g\u00f6\u011f\u00fcslerimi kontrol etti. Bu ilgiden \u00e7ok etkilendim. Annem \u0130svi\u00e7re\u2019de zaten bir kanal tedavisine ba\u015flam\u0131\u015ft\u0131 ve birka\u00e7 i\u015flem daha yapt\u0131rmas\u0131 gerekiyordu, bu y\u00fczden terc\u00fcman\u0131m\u0131za Ac\u0131badem\u2019de bunu hemen yapt\u0131rma imk\u00e2n\u0131 olup olmad\u0131\u011f\u0131n\u0131 sordu. Terc\u00fcman annemin elini tutarak onu do\u011frudan di\u015f b\u00f6l\u00fcm\u00fcne g\u00f6t\u00fcrd\u00fc. Annem hemen bir randevu ald\u0131 ve \u00e7ok memnun kald\u0131. \u00dcstelik bunun \u00fccreti \u00e7ok daha d\u00fc\u015f\u00fckt\u00fc. \u00c7ok etkilendi, \u0130svi\u00e7re\u2019de b\u00f6yle bir altyap\u0131 g\u00f6rmedi\u011fini s\u00f6yledi. B\u00fct\u00fcn g\u00fcn hastanede kald\u0131m ve sabah yata\u011f\u0131mdan kalkabiliyordum. Annem bana yard\u0131m etmek zorundayd\u0131, \u00e7\u00fcnk\u00fc hareketler olduk\u00e7a k\u0131s\u0131tl\u0131yd\u0131 ve elbette a\u011fr\u0131 vard\u0131! Bunu a\u015f\u0131r\u0131 sert bir kas a\u011fr\u0131s\u0131 gibi hissettim. Daha \u00f6nce do\u011fum yapm\u0131\u015f olanlar i\u00e7in s\u00f6yleyeyim, epiduralsiz do\u011fum bunu daha a\u011fr\u0131l\u0131 bulmu\u015fum. Ak\u015fam hastaneden taburcu edildim ve otele g\u00f6t\u00fcr\u00fcld\u00fck. Oteldeki gece pek iyi ge\u00e7medi, nas\u0131l uyuyaca\u011f\u0131m\u0131 bilmiyordum. Hastanede yata\u011f\u0131 yukar\u0131-a\u015fa\u011f\u0131 ayarlayabiliyordunuz, otelde bu pek m\u00fcmk\u00fcn de\u011fildi. Ayr\u0131ca koltuk alt\u0131ndaki iki t\u00fcpten h\u00e2l\u00e2 kan geliyordu. Bu da a\u011fr\u0131l\u0131 ve rahats\u0131z ediciydi. Ancak ayn\u0131 g\u00fcn cerrah taraf\u0131ndan \u00e7\u0131kar\u0131ld\u0131lar. \u00c7\u0131karma i\u015flemi biraz a\u011fr\u0131l\u0131yd\u0131, t\u00fcpler deride yakla\u015f\u0131k 10 cm derindeydi. Bu kontrolden sonra \u00e7ok yak\u0131n olan Cevahir al\u0131\u015fveri\u015f merkezine gittik. Sa\u00e7lar\u0131 kendim y\u0131kamak imk\u00e2ns\u0131z oldu\u011fundan bir kuaf\u00f6r arad\u0131m ve kendimi \u015f\u0131martt\u0131m. Hastaneden ald\u0131\u011f\u0131m ila\u00e7lar\u0131 d\u00fczenli olarak kulland\u0131m. Bu s\u00fcre i\u00e7inde bir kontrol daha yapt\u0131m, cuma g\u00fcn\u00fcyd\u00fc. Doktor memnundu. Bu s\u00fctyeni \u00fc\u00e7 hafta daha giymem gerekti. A\u011fr\u0131lar giderek azald\u0131 ve art\u0131k hareketlerim eskisi kadar k\u0131s\u0131tl\u0131 de\u011fildi. Ge\u00e7en hafta jinekolo\u011fuma gittim ve sonu\u00e7tan \u00e7ok etkilendi. Ayr\u0131ca miktar\u0131n v\u00fccuduma tamamen uydu\u011funu s\u00f6yledi. Frau \u00dcnal d\u00fcn, 22 Ocak\u2019ta \u0130svi\u00e7re\u2019deydi ve dan\u0131\u015fmanl\u0131k g\u00fcnleri ger\u00e7ekle\u015ftirdi. Bu benim i\u00e7in \u00e7ok iyiydi, b\u00f6ylece \u00fc\u00e7 hafta sonra ondan tekrar \u00fccretsiz bir dan\u0131\u015fmanl\u0131k alabildim. O memnundu, ancak bana \u00fc\u00e7 hafta daha s\u00fctyen ve bandaj takmam\u0131 \u00f6nerdi. \u0130stanbul\u2019da bir operasyon yapt\u0131rmak konusunda h\u00e2l\u00e2 teredd\u00fct\u00fc olan ve korkan herkes i\u00e7in umar\u0131m endi\u015felerinizi giderebilmi\u015f ve sizi ikna edebilmi\u015fimdir. Ben bunu her zaman orada yapt\u0131r\u0131rd\u0131m. Buradaki doktorlar da bundan ders alabilir. Sevgilerimle Fabiannne Helzikon \u00d6nceki Rapor Sonraki Rapor<\/p>\n","protected":false},"author":4,"featured_media":0,"parent":4603,"menu_order":0,"comment_status":"closed","ping_status":"closed","template":"","meta":{"_joinchat":[],"footnotes":""},"class_list":["post-4676","page","type-page","status-publish","hentry"],"acf":[],"_links":{"self":[{"href":"https:\/\/medicaltravel.at\/tr\/wp-json\/wp\/v2\/pages\/4676","targetHints":{"allow":["GET"]}}],"collection":[{"href":"https:\/\/medicaltravel.at\/tr\/wp-json\/wp\/v2\/pages"}],"about":[{"href":"https:\/\/medicaltravel.at\/tr\/wp-json\/wp\/v2\/types\/page"}],"author":[{"embeddable":true,"href":"https:\/\/medicaltravel.at\/tr\/wp-json\/wp\/v2\/users\/4"}],"replies":[{"embeddable":true,"href":"https:\/\/medicaltravel.at\/tr\/wp-json\/wp\/v2\/comments?post=4676"}],"version-history":[{"count":2,"href":"https:\/\/medicaltravel.at\/tr\/wp-json\/wp\/v2\/pages\/4676\/revisions"}],"predecessor-version":[{"id":5763,"href":"https:\/\/medicaltravel.at\/tr\/wp-json\/wp\/v2\/pages\/4676\/revisions\/5763"}],"up":[{"embeddable":true,"href":"https:\/\/medicaltravel.at\/tr\/wp-json\/wp\/v2\/pages\/4603"}],"wp:attachment":[{"href":"https:\/\/medicaltravel.at\/tr\/wp-json\/wp\/v2\/media?parent=4676"}],"curies":[{"name":"wp","href":"https:\/\/api.w.org\/{rel}","templated":true}]}}