{"id":4674,"date":"2025-09-27T21:23:19","date_gmt":"2025-09-27T20:23:19","guid":{"rendered":"https:\/\/medicaltravel.at\/hasta-hikayeleri\/erfahrungsberichte-behandlungen-tuerkei\/iki-kitada-bulunan-sehirdeki-meme-ameliyatim-27-nisan-2017-persembe-tarihli-rapor\/"},"modified":"2026-01-13T14:31:39","modified_gmt":"2026-01-13T13:31:39","slug":"iki-kitada-bulunan-sehirdeki-meme-ameliyatim-27-nisan-2017-persembe-tarihli-rapor","status":"publish","type":"page","link":"https:\/\/medicaltravel.at\/tr\/hasta-hikayeleri\/erfahrungsberichte-behandlungen-tuerkei\/iki-kitada-bulunan-sehirdeki-meme-ameliyatim-27-nisan-2017-persembe-tarihli-rapor\/","title":{"rendered":"\u0130ki K\u0131tada Bulunan \u015eehirdeki Meme Ameliyat\u0131m \u2013 27 nisan 2017 per\u015fembe tarihli rapor"},"content":{"rendered":"\n<p><strong>\u0130ki K\u0131tada Bulunan \u015eehirdeki Meme Ameliyat\u0131m<\/strong> \u2013 27 nisan 2017 per\u015fembe tarihli rapor<\/p>\n\n<p>Kilo kayb\u0131 sonras\u0131 evimde kendimi rahat hissetmiyordum. \u00c7evremdeki bir\u00e7ok kad\u0131n b\u00f6yle bir ameliyat\u0131 zaten yapt\u0131rm\u0131\u015ft\u0131. Bu kad\u0131nlar\u0131n b\u00fcy\u00fck \u00e7o\u011funlu\u011fu \u0130stanbul\u2019da ameliyat olmu\u015ftu. B\u00f6ylece Medicaltravel ile kar\u015f\u0131la\u015ft\u0131m. \u015eirket \u0130svi\u00e7re\u2019de bulundu\u011fu ve T\u00fcrkiye\u2019deki Ac\u0131badem Hastaneleri ile yak\u0131n temas kurdu\u011fu i\u00e7in bir randevu ayarlad\u0131m.    <\/p>\n\n<p>Bern\u2019deki g\u00f6r\u00fc\u015fme \u00e7ok bilgilendiriciydi. Foto\u011fraflar \u00e7ekildi ve do\u011frudan \u0130stanbul\u2019daki ilgili doktora g\u00f6nderildi. Her \u015fey \u00fccretsiz ve tamamen g\u00f6n\u00fcll\u00fcyd\u00fc. Harika!   <\/p>\n\n<p>Bir s\u00fcre boyunca Medicaltravel ile s\u00fcrekli ileti\u015fimde kald\u0131m ve tekrar d\u00fc\u015f\u00fcnmek i\u00e7in yeterli zaman\u0131m oldu. Binlerce sorum her zaman an\u0131nda yan\u0131tland\u0131 ve bu bana b\u00fcy\u00fck bir g\u00fcven verdi. <\/p>\n\n<p>Bu nedenle aral\u0131k 2016\u2019da karar\u0131m\u0131 verdim. \u0130stanbul\u2019a gitmek ve bu ameliyat\u0131 kesinlikle yapt\u0131rmak istiyordum. Kararl\u0131 bir \u015fekilde Medicaltravel\u2019\u0131 bilgilendirdim, onlar her \u015feyi organize ettiler. Bana t\u00fcm seyahati planlay\u0131p olas\u0131 bir program g\u00f6nderdiler. \u0130stanbul\u2019da tan\u0131d\u0131klar\u0131m oldu\u011fu i\u00e7in u\u00e7ak ve otel rezervasyonunu zaten ba\u015fka \u015fekilde yapt\u0131rm\u0131\u015ft\u0131m, ancak bu da sorun olmad\u0131. Medicaltravel sadece transferin ne zaman ve nerede yap\u0131laca\u011f\u0131n\u0131 bilmek istedi, b\u00f6ylece havaalan\u0131ndan otele sorunsuz ve risksiz ula\u015fabilecektim.     <\/p>\n\n<p>\u0130\u015fte zaman\u0131 gelmi\u015fti. 10 \u015eubat 2017\u2019de annem ve yak\u0131n bir arkada\u015f\u0131m ile birlikte Turkish Airlines u\u00e7a\u011f\u0131na bindik. \u0130stanbul\u2019a vard\u0131\u011f\u0131m\u0131zda Ac\u0131badem Hastanesi \u00e7al\u0131\u015fanlar\u0131 bizi bekliyordu. Bizi Taksim\u2019deki otelimize g\u00f6t\u00fcrd\u00fcler. Ertesi sabah al\u0131nd\u0131k ve ameliyat g\u00f6r\u00fc\u015fmesi i\u00e7in Maslak\u2019taki hastaneye g\u00f6t\u00fcr\u00fcld\u00fck. Maslak\u2019a vard\u0131\u011f\u0131m\u0131zda Almanca ve T\u00fcrk\u00e7e konu\u015fabilen terc\u00fcman\u0131m\u0131z bizi kar\u015f\u0131lad\u0131. \u00c7ok nazik ve enerjik biriydi.<br\/><br\/>Sonra anestezi doktoru ile g\u00f6r\u00fc\u015fme yap\u0131ld\u0131 ve \u00e7e\u015fitli testler yap\u0131ld\u0131. Her \u015fey m\u00fckemmeldi, ameliyat olabilirim. Ard\u0131ndan k\u0131sa bir ziyaret i\u00e7in Dr. Yazar S\u00fckr\u00fc\u2019n\u00fcn ofisine gittik. Hatta biraz Almanca konu\u015fabiliyordu. Kendisi beni \u00e7ok etkiledi ve bu g\u00f6r\u00fc\u015fmeden sonra kendimi \u00e7ok daha iyi hissettim.           <\/p>\n\n<p>13 \u015eubat 2017, ameliyat g\u00fcn\u00fc. \u00c7ok gergindim ama her \u015fey \u00e7ok h\u0131zl\u0131 ilerledi. Hastaneye vard\u0131\u011f\u0131mda sevgili doktorum Bay Yazar beni tekrar kar\u015f\u0131lad\u0131. Almanca g\u00fcl\u00fcmseyerek herkese merhaba dedi. Odaya girince v\u00fccudum \u00fczerinde i\u015faretler yapmaya ba\u015flad\u0131. Her \u015feyi tam olarak \u00f6l\u00e7\u00fcp \u00e7izdi. Ameliyat ba\u015flayabilir. Serum, anestezi, 1\u20262\u2026 ve bir anda kendimi kaybettim.      <\/p>\n\n<p>\u00c7ok h\u00e2l\u00e2 g\u00fc\u00e7s\u00fcz ama kendime gelmi\u015f olarak harika bir tek ki\u015filik odada uyand\u0131m. Unutmamak gerekir ki Ac\u0131badem \u00f6zel bir hastane ve g\u00fczel olan \u015fey, kendinizi bir otelde gibi hissetmeniz. A\u011fr\u0131lar\u0131 hissettim ama yan\u0131mda \u00e7ok sevimli hem\u015fireler vard\u0131, 24 saat boyunca s\u00fcrekli beni desteklediler ve ilgilendiler.  <\/p>\n\n<p>Her \u015fey tamamen memnuniyetim do\u011frultusunda ger\u00e7ekle\u015fti. Daha \u00e7ok \u015fey anlatabilirim ama bunu kendinizin deneyimlemesi gerekir. Cesaret edin. \u0130stanbul\u2019a ad\u0131m at\u0131n ve hayalinizi ger\u00e7ekle\u015ftirin. Kesinlikle tavsiye edebilirim.    <\/p>\n\n<p>Dr. Yazar ameliyat\u0131mdan bir ay sonra \u0130svi\u00e7re\u2019ye geldi ve onunla ek bir kontrol randevusu ayarlayabildim. Bu hizmet ve bu doktor ger\u00e7ekten harika.<br\/><br\/>Meme ameliyat\u0131m\u0131n sonucunu bir\u00e7ok arkada\u015f\u0131ma g\u00f6sterdim ve ger\u00e7ekten sadece olumlu geri d\u00f6n\u00fc\u015fler ald\u0131m. \u0130ste\u011fim ger\u00e7ekle\u015fti ve ben de bunu size diliyorum!  <\/p>\n\n<p>MedicalTravel\u2019a, Ac\u0131badem\u2019e ve tabii ki Dr. Yazar\u2019a \u00e7ok te\u015fekk\u00fcr ederim!<\/p>\n\n<p>V. Nurderli<\/p>\n\n<div class=\"wp-block-group is-layout-grid wp-container-core-group-is-layout-baef362d wp-block-group-is-layout-grid\">\n<p><a href=\"https:\/\/medicaltravel.at\/home\/agb\/\" data-type=\"page\" data-id=\"2191\"><\/a><a href=\"https:\/\/medicaltravel.at\/tr\/hasta-hikayeleri\/erfahrungsberichte-behandlungen-tuerkei\/goez-kapagi-germe-deneyim-raporu-istanbul-nisan-2017-23-mayis-2017-sali-tarihli-rapor\/\" data-type=\"link\" data-id=\"https:\/\/medicaltravel.at\/berichte-von-patienten\/erfahrungsberichte\/erfahrungsbericht-augenlid-straffung-in-istanbul-april-2017-bericht-vom-dienstag-23-mai-2017\/\">\u00d6nceki Rapor<\/a><\/p>\n\n\n\n<p class=\"has-text-align-right wp-container-content-5e2576f9\"><a href=\"https:\/\/medicaltravel.at\/home\/impressum\/\" data-type=\"page\" data-id=\"2193\"><\/a><a href=\"https:\/\/medicaltravel.at\/home\/berichte-von-patienten\/erfahrungsberichte\/erfahrungsbericht-zahnbehandlung-in-istanbul\/\" data-type=\"page\" data-id=\"981\"><\/a><a href=\"https:\/\/medicaltravel.at\/tr\/hasta-hikayeleri\/erfahrungsberichte-behandlungen-tuerkei\/istanbulda-tam-dis-tedavim-tamamen-muekemmel-07-subat-2017-sali-guenue-yazilmis-deneyim-yazisi\/\" data-type=\"link\" data-id=\"https:\/\/medicaltravel.at\/berichte-von-patienten\/erfahrungsberichte\/meine-komplette-zahnsanierung-in-istanbul-einfach-perfekt-bericht-vom-dienstag-07-februar-2017\/\">Sonraki Rapor<\/a><\/p>\n<\/div>\n","protected":false},"excerpt":{"rendered":"<p>\u0130ki K\u0131tada Bulunan \u015eehirdeki Meme Ameliyat\u0131m \u2013 27 nisan 2017 per\u015fembe tarihli rapor Kilo kayb\u0131 sonras\u0131 evimde kendimi rahat hissetmiyordum. \u00c7evremdeki bir\u00e7ok kad\u0131n b\u00f6yle bir ameliyat\u0131 zaten yapt\u0131rm\u0131\u015ft\u0131. Bu kad\u0131nlar\u0131n b\u00fcy\u00fck \u00e7o\u011funlu\u011fu \u0130stanbul\u2019da ameliyat olmu\u015ftu. B\u00f6ylece Medicaltravel ile kar\u015f\u0131la\u015ft\u0131m. \u015eirket \u0130svi\u00e7re\u2019de bulundu\u011fu ve T\u00fcrkiye\u2019deki Ac\u0131badem Hastaneleri ile yak\u0131n temas kurdu\u011fu i\u00e7in bir randevu ayarlad\u0131m. Bern\u2019deki g\u00f6r\u00fc\u015fme \u00e7ok bilgilendiriciydi. Foto\u011fraflar \u00e7ekildi ve do\u011frudan \u0130stanbul\u2019daki ilgili doktora g\u00f6nderildi. Her \u015fey \u00fccretsiz ve tamamen g\u00f6n\u00fcll\u00fcyd\u00fc. Harika! Bir s\u00fcre boyunca Medicaltravel ile s\u00fcrekli ileti\u015fimde kald\u0131m ve tekrar d\u00fc\u015f\u00fcnmek i\u00e7in yeterli zaman\u0131m oldu. Binlerce sorum her zaman an\u0131nda yan\u0131tland\u0131 ve bu bana b\u00fcy\u00fck bir g\u00fcven verdi. Bu nedenle aral\u0131k 2016\u2019da karar\u0131m\u0131 verdim. \u0130stanbul\u2019a gitmek ve bu ameliyat\u0131 kesinlikle yapt\u0131rmak istiyordum. Kararl\u0131 bir \u015fekilde Medicaltravel\u2019\u0131 bilgilendirdim, onlar her \u015feyi organize ettiler. Bana t\u00fcm seyahati planlay\u0131p olas\u0131 bir program g\u00f6nderdiler. \u0130stanbul\u2019da tan\u0131d\u0131klar\u0131m oldu\u011fu i\u00e7in u\u00e7ak ve otel rezervasyonunu zaten ba\u015fka \u015fekilde yapt\u0131rm\u0131\u015ft\u0131m, ancak bu da sorun olmad\u0131. Medicaltravel sadece transferin ne zaman ve nerede yap\u0131laca\u011f\u0131n\u0131 bilmek istedi, b\u00f6ylece havaalan\u0131ndan otele sorunsuz ve risksiz ula\u015fabilecektim. \u0130\u015fte zaman\u0131 gelmi\u015fti. 10 \u015eubat 2017\u2019de annem ve yak\u0131n bir arkada\u015f\u0131m ile birlikte Turkish Airlines u\u00e7a\u011f\u0131na bindik. \u0130stanbul\u2019a vard\u0131\u011f\u0131m\u0131zda Ac\u0131badem Hastanesi \u00e7al\u0131\u015fanlar\u0131 bizi bekliyordu. Bizi Taksim\u2019deki otelimize g\u00f6t\u00fcrd\u00fcler. Ertesi sabah al\u0131nd\u0131k ve ameliyat g\u00f6r\u00fc\u015fmesi i\u00e7in Maslak\u2019taki hastaneye g\u00f6t\u00fcr\u00fcld\u00fck. Maslak\u2019a vard\u0131\u011f\u0131m\u0131zda Almanca ve T\u00fcrk\u00e7e konu\u015fabilen terc\u00fcman\u0131m\u0131z bizi kar\u015f\u0131lad\u0131. \u00c7ok nazik ve enerjik biriydi. Sonra anestezi doktoru ile g\u00f6r\u00fc\u015fme yap\u0131ld\u0131 ve \u00e7e\u015fitli testler yap\u0131ld\u0131. Her \u015fey m\u00fckemmeldi, ameliyat olabilirim. Ard\u0131ndan k\u0131sa bir ziyaret i\u00e7in Dr. Yazar S\u00fckr\u00fc\u2019n\u00fcn ofisine gittik. Hatta biraz Almanca konu\u015fabiliyordu. Kendisi beni \u00e7ok etkiledi ve bu g\u00f6r\u00fc\u015fmeden sonra kendimi \u00e7ok daha iyi hissettim. 13 \u015eubat 2017, ameliyat g\u00fcn\u00fc. \u00c7ok gergindim ama her \u015fey \u00e7ok h\u0131zl\u0131 ilerledi. Hastaneye vard\u0131\u011f\u0131mda sevgili doktorum Bay Yazar beni tekrar kar\u015f\u0131lad\u0131. Almanca g\u00fcl\u00fcmseyerek herkese merhaba dedi. Odaya girince v\u00fccudum \u00fczerinde i\u015faretler yapmaya ba\u015flad\u0131. Her \u015feyi tam olarak \u00f6l\u00e7\u00fcp \u00e7izdi. Ameliyat ba\u015flayabilir. Serum, anestezi, 1\u20262\u2026 ve bir anda kendimi kaybettim. \u00c7ok h\u00e2l\u00e2 g\u00fc\u00e7s\u00fcz ama kendime gelmi\u015f olarak harika bir tek ki\u015filik odada uyand\u0131m. Unutmamak gerekir ki Ac\u0131badem \u00f6zel bir hastane ve g\u00fczel olan \u015fey, kendinizi bir otelde gibi hissetmeniz. A\u011fr\u0131lar\u0131 hissettim ama yan\u0131mda \u00e7ok sevimli hem\u015fireler vard\u0131, 24 saat boyunca s\u00fcrekli beni desteklediler ve ilgilendiler. Her \u015fey tamamen memnuniyetim do\u011frultusunda ger\u00e7ekle\u015fti. Daha \u00e7ok \u015fey anlatabilirim ama bunu kendinizin deneyimlemesi gerekir. Cesaret edin. \u0130stanbul\u2019a ad\u0131m at\u0131n ve hayalinizi ger\u00e7ekle\u015ftirin. Kesinlikle tavsiye edebilirim. Dr. Yazar ameliyat\u0131mdan bir ay sonra \u0130svi\u00e7re\u2019ye geldi ve onunla ek bir kontrol randevusu ayarlayabildim. Bu hizmet ve bu doktor ger\u00e7ekten harika. Meme ameliyat\u0131m\u0131n sonucunu bir\u00e7ok arkada\u015f\u0131ma g\u00f6sterdim ve ger\u00e7ekten sadece olumlu geri d\u00f6n\u00fc\u015fler ald\u0131m. \u0130ste\u011fim ger\u00e7ekle\u015fti ve ben de bunu size diliyorum! MedicalTravel\u2019a, Ac\u0131badem\u2019e ve tabii ki Dr. Yazar\u2019a \u00e7ok te\u015fekk\u00fcr ederim! V. Nurderli \u00d6nceki Rapor Sonraki Rapor<\/p>\n","protected":false},"author":4,"featured_media":0,"parent":4603,"menu_order":0,"comment_status":"closed","ping_status":"closed","template":"","meta":{"_joinchat":[],"footnotes":""},"class_list":["post-4674","page","type-page","status-publish","hentry"],"acf":[],"_links":{"self":[{"href":"https:\/\/medicaltravel.at\/tr\/wp-json\/wp\/v2\/pages\/4674","targetHints":{"allow":["GET"]}}],"collection":[{"href":"https:\/\/medicaltravel.at\/tr\/wp-json\/wp\/v2\/pages"}],"about":[{"href":"https:\/\/medicaltravel.at\/tr\/wp-json\/wp\/v2\/types\/page"}],"author":[{"embeddable":true,"href":"https:\/\/medicaltravel.at\/tr\/wp-json\/wp\/v2\/users\/4"}],"replies":[{"embeddable":true,"href":"https:\/\/medicaltravel.at\/tr\/wp-json\/wp\/v2\/comments?post=4674"}],"version-history":[{"count":7,"href":"https:\/\/medicaltravel.at\/tr\/wp-json\/wp\/v2\/pages\/4674\/revisions"}],"predecessor-version":[{"id":5575,"href":"https:\/\/medicaltravel.at\/tr\/wp-json\/wp\/v2\/pages\/4674\/revisions\/5575"}],"up":[{"embeddable":true,"href":"https:\/\/medicaltravel.at\/tr\/wp-json\/wp\/v2\/pages\/4603"}],"wp:attachment":[{"href":"https:\/\/medicaltravel.at\/tr\/wp-json\/wp\/v2\/media?parent=4674"}],"curies":[{"name":"wp","href":"https:\/\/api.w.org\/{rel}","templated":true}]}}