{"id":4672,"date":"2025-09-27T21:37:55","date_gmt":"2025-09-27T20:37:55","guid":{"rendered":"https:\/\/medicaltravel.at\/hasta-hikayeleri\/erfahrungsberichte-behandlungen-tuerkei\/meine-beiden-augen-und-ich-augenlasik-in-istanbul-bericht-vom-donnerstag-24-maerz-2016\/"},"modified":"2026-01-13T14:39:11","modified_gmt":"2026-01-13T13:39:11","slug":"meine-beiden-augen-und-ich-augenlasik-in-istanbul-bericht-vom-donnerstag-24-maerz-2016","status":"publish","type":"page","link":"https:\/\/medicaltravel.at\/tr\/hasta-hikayeleri\/erfahrungsberichte-behandlungen-tuerkei\/meine-beiden-augen-und-ich-augenlasik-in-istanbul-bericht-vom-donnerstag-24-maerz-2016\/","title":{"rendered":"Benim iki g\u00f6z\u00fcm ve ben \u2013 \u0130stanbul\u2019da g\u00f6z lasik \u2013 24 Mart 2016 Per\u015fembe tarihli rapor"},"content":{"rendered":"\n<p><strong>Ben ve g\u00f6zlerim \u2013 \u0130stanbul\u2019da g\u00f6z lazeri (lasik)<\/strong> \u2013 24 mart 2016 per\u015fembe tarihli rapor<\/p>\n\n<p>Y\u0131llard\u0131r g\u00f6zl\u00fck kullanmak zorundayd\u0131m ve bir s\u00fcre sonra kontak lenslere ge\u00e7tim. Ama hi\u00e7 tam olarak memnun de\u011fildim \u00e7\u00fcnk\u00fc kontak lensler, \u00f6zellikle hastayken, g\u00f6zlerimi kurutuyordu. Tabii ki soracaks\u0131n\u0131z, neden g\u00f6zl\u00fck takm\u0131yorum. \u015eey, g\u00f6zl\u00fckle etraf\u0131mdaki her \u015feyi g\u00f6remiyorum.   <\/p>\n\n<p>Yakla\u015f\u0131k 10 y\u0131l \u00f6nce g\u00f6z doktorundan g\u00f6z lazeri hakk\u0131nda bilgi ald\u0131m. Gen\u00e7ken g\u00f6zler b\u00fcy\u00fcd\u00fc\u011f\u00fc i\u00e7in tam olarak olgunla\u015fmam\u0131 beklemek gerekiyordu. Maliyet konusuna de\u011finmeme gerek yok san\u0131r\u0131m. Be\u015f y\u0131l sonra bir meslekta\u015f\u0131m\u0131n g\u00f6zlerini lazerle d\u00fczeltti\u011fini duydum. Nerede? Tabii ki \u0130stanbul\u2019da. Oras\u0131 \u00e7ok uygun ve ba\u015fka avantajlar\u0131 da var.<br\/><br\/>Meslekta\u015f\u0131m\u0131n lazer s\u0131ras\u0131nda pek \u015fans\u0131 yoktu \u00e7\u00fcnk\u00fc cihaz bozuldu. Sorun bir yaz\u0131l\u0131m ar\u0131zas\u0131ndan kaynaklan\u0131yordu. Bu y\u00fczden i\u015flemi tamamlamak uzun s\u00fcrd\u00fc; cihaz tamir edilip tekrar \u00e7al\u0131\u015ft\u0131ktan sonra lazer i\u015flemi tamamland\u0131. Bu olaydan sonra biraz tedirgin oldum; acaba T\u00fcrkiye\u2019de lazer yapt\u0131rmak g\u00fcvenli mi? \u0130svi\u00e7re daha m\u0131 g\u00fcvenli?<br\/>Her neyse, meslekta\u015f\u0131m anlat\u0131yordu ki, b\u00f6yle bir sorun tekrar olursa doktorlar problemi daha h\u0131zl\u0131 \u00e7\u00f6zebiliyor. Sonu\u00e7ta birinin ilk olmas\u0131 gerekiyordu ve hatalar her yerde olabilir. Herkesin ba\u015f\u0131na gelmek zorunda de\u011fil. Ama yine de hangisi daha iyi bilmiyordum.<br\/><br\/>Sonu\u00e7 olarak, lazer sonras\u0131 meslekta\u015f\u0131m \u00e7ok iyi g\u00f6r\u00fcyor, \u00fcstelik g\u00f6rme problemi daha \u015fiddetliydi. Yakla\u015f\u0131k 3-4 y\u0131l sonra, ben nihayet g\u00f6z lazeri ile ilgilenmeye ba\u015flay\u0131nca, ben de \u0130stanbul\u2019da yapt\u0131rmak istedim. Sonu\u00e7ta orada do\u011frudan tan\u0131d\u0131\u011f\u0131m biri ve dolayl\u0131 olarak birka\u00e7 ki\u015fi daha var, lazer yapt\u0131rm\u0131\u015f ve \u015fu ana kadar sorun ya\u015famam\u0131\u015flar.<br\/>Okuduklar\u0131ma g\u00f6re T\u00fcrkiye\u2019deki doktorlar \u00e7ok daha fazla tecr\u00fcbeye sahip \u00e7\u00fcnk\u00fc s\u00fcrekli g\u00f6z lazeri yap\u0131yorlar. Ayr\u0131ca kontrolleri \u0130svi\u00e7re\u2019de yapt\u0131rma avantaj\u0131 da var.                      <\/p>\n\n<p>Bu y\u00fczden detaylar\u0131 daha iyi \u00f6\u011frenmek istedim ve telefonda \u00e7ok nazik olan Bay Kara ile g\u00f6r\u00fc\u015ft\u00fcm, bilmek istedi\u011fim her \u015feyi anlatt\u0131. \u0130lk \u00f6n muayenemi Dr. Banu Co\u015far\u2019da yapt\u0131rd\u0131m. Ameliyat \u00f6ncesinde doktoru g\u00f6rebilmek harikayd\u0131. Bir terc\u00fcman s\u00fcrekli \u00e7eviri yapt\u0131. Kar\u015f\u0131l\u0131kl\u0131 anla\u015famama gibi bir durum hissetmedim. Bu benim i\u00e7in \u00f6nemliydi \u00e7\u00fcnk\u00fc g\u00f6zler \u00e7ok \u00f6nemli organlardan biri. Benim en \u00f6nemli sorular\u0131mdan biri lazer s\u0131ras\u0131nda k\u00f6r olup olamayaca\u011f\u0131md\u0131. Buna garanti olarak hay\u0131r denildi.       <\/p>\n\n<p>Lazer hakk\u0131nda ya da hasta raporlar\u0131n\u0131 okumad\u0131m. \u00c7\u00fcnk\u00fc daha \u00f6nce d\u00fc\u015f\u00fcnm\u00fcyor de\u011fildim, yapaca\u011f\u0131ma kesin karar vermi\u015ftim ve sadece olumlu d\u00fc\u015f\u00fcnd\u00fcm. Ne zaman lasik yapt\u0131rmak istedi\u011fimi bildirdikten sonra her \u015fey organize edildi (u\u00e7ak, otel, kar\u015f\u0131lama servisi) ve bana belgeler g\u00f6nderildi. Bunlardan biri Swisslasikpass\u2019ti. Pasaport harika \u00e7\u00fcnk\u00fc t\u00fcm bilgiler, e-bilet dahil, i\u00e7inde yer al\u0131yor.     <\/p>\n\n<p>Yola \u00e7\u0131kmadan iki g\u00fcn \u00f6nce bo\u011faz enfeksiyonu ve 39,5 derece ate\u015fim oldu. Ameliyat\u0131 iptal etmek istemedi\u011fim i\u00e7in \u00e7ok stresliydim. Antibiyotik ve ate\u015f d\u00fc\u015f\u00fcr\u00fcc\u00fc gibi ila\u00e7lar almam gerekti\u011fi i\u00e7in lazerin ger\u00e7ekten yap\u0131labilir olup olmayaca\u011f\u0131 konusunda \u015f\u00fcpheye d\u00fc\u015ft\u00fcm. Sal\u0131 g\u00fcn\u00fc, yola \u00e7\u0131kmadan bir g\u00fcn \u00f6nce biraz dinlenebildim. Hi\u00e7 heyecanl\u0131 de\u011fildim, tek iste\u011fim iyile\u015fmek ve g\u00f6z lazerini sorunsuz bir \u015fekilde tamamlamakt\u0131.    <\/p>\n\n<p>\u00c7ar\u015famba sabah\u0131 havaalan\u0131nda tekrar ate\u015fim \u00e7\u0131kt\u0131. Y\u00fckselip d\u00fc\u015f\u00fcyordu. Bitkin bir \u015fekilde yan\u0131mda meslekta\u015f\u0131m olan e\u015flik\u00e7imle u\u00e7a\u011fa bindim ve tek dile\u011fim her \u015feyin sorunsuz ge\u00e7mesiydi. T\u00fcrkiye\u2019deki havaalan\u0131nda pasaport kontrol\u00fc uzun s\u00fcrd\u00fc, bir bilgisayar sistem hatas\u0131 y\u00fcz\u00fcnden. Birbirimizi anlamad\u0131\u011f\u0131m\u0131z i\u00e7in sorunun ne oldu\u011funu da bilmiyorduk. Tek iste\u011fim otele gidip dinlenmekti.<br\/><br\/>Sonunda valizlerimizi alabilece\u011fimiz s\u00f6ylendi ama valizler orada de\u011fildi. Bu arada Ac\u0131badem\u2019den bir kad\u0131n beni arad\u0131 ve nerede oldu\u011fumuzu sordu. Uzun u\u011fra\u015flardan sonra iki yaln\u0131z valizi kenarda bulduk. Sonra nihayet Ac\u0131badem Health Point bulu\u015fma noktas\u0131na gidebildik. Taksi birka\u00e7 dakika i\u00e7inde gelecekti denildi. Sonunda taksiye bindik ve otelimize gittik. Otelimize vard\u0131\u011f\u0131m\u0131zda hava kararm\u0131\u015ft\u0131 ve saat yakla\u015f\u0131k 19:00\u2019d\u0131. Benim i\u00e7in \u00e7ok yorucu bir g\u00fcnd\u00fc.              <\/p>\n\n<p>H\u00e2l\u00e2 bo\u011faz\u0131m a\u011fr\u0131yordu. \u0130la\u00e7lar\u0131m\u0131 d\u00fczenli olarak ald\u0131m. <\/p>\n\n<p>Bug\u00fcn g\u00f6z lazeri g\u00fcn\u00fcyd\u00fc. \u00c7ok k\u00f6t\u00fc uyumu\u015ftum, bir k\u0131sm\u0131 hastal\u0131\u011f\u0131mdan kaynakl\u0131yd\u0131, di\u011fer k\u0131sm\u0131n\u0131 bilmiyorum. Muhtemelen lazer nedeniyle i\u00e7imde bir heyecan vard\u0131. Yine de h\u00e2l\u00e2 gergin de\u011fildim, sadece her \u015feyin yolunda gidece\u011fini d\u00fc\u015f\u00fcnd\u00fcm. Saat 9\u2019da k\u00fc\u00e7\u00fck Ac\u0131badem otob\u00fcs\u00fc bizi ald\u0131. Ac\u0131badem Hastanesi\u2019nde detayl\u0131 \u00f6n muayene yap\u0131ld\u0131. Terc\u00fcman Bay Tolga her \u015feyi g\u00fczel bir \u015fekilde \u00e7evirdi. G\u00f6zlerimin lazer i\u00e7in uygun oldu\u011fu ve \u00f6\u011fleden sonra lazerin yap\u0131laca\u011f\u0131 s\u00f6ylendi.<br\/><br\/>\u00d6\u011fle aras\u0131nda hastanede yemek yiyebildik. H\u00e2l\u00e2 bo\u011faz\u0131m a\u011fr\u0131yordu. Ate\u015fim nihayet d\u00fc\u015fm\u00fc\u015ft\u00fc ve bunun b\u00f6yle kalmas\u0131n\u0131 \u00e7ok umuyordum. Sonras\u0131nda terc\u00fcman Bay Tolga bizi ald\u0131. Lazer hakk\u0131nda baz\u0131 belgeleri okudum ve imzalad\u0131m. Meslekta\u015f\u0131m bekleme odas\u0131nda bekledi, ben ise \u00f6n odaya gittim. Orada hijyen i\u00e7in ye\u015fil ameliyat k\u0131yafetleri giydirildi ve ameliyathaneye g\u00f6t\u00fcr\u00fcld\u00fcm.<br\/><br\/>Ameliyat masas\u0131na yatmam gerekti\u011finde biraz korktum. Dr. Co\u015far g\u00f6zlerimi a\u00e7t\u0131\u011f\u0131nda, bir saniyeli\u011fine her \u015feyi b\u0131rak\u0131p gitmeyi d\u00fc\u015f\u00fcnd\u00fcm. Ama hay\u0131r, bunu ba\u015farabilirim. Di\u015f\u00e7ide olmak g\u00f6z doktorundan \u00e7ok daha k\u00f6t\u00fc olurdu. Ama g\u00f6z lazerinde lazer s\u0131ras\u0131nda hi\u00e7bir \u015fey g\u00f6r\u00fcnm\u00fcyordu. Bu \u00f6zellikle korkutucuydu. \u015eunu hayal edebilirsiniz: Siyah bir arka plan \u00fczerinde hareket eden g\u00fczel desenler g\u00f6r\u00fcyorsunuz. \u00d6rne\u011fin g\u00f6zlerinizi kuvvetlice ovu\u015fturdu\u011funuzda da benzer desenler g\u00f6r\u00fcn\u00fcr. Rahats\u0131z edici de\u011fildi, sadece korku vard\u0131. Korkudan kendi kolumu tuttum.<br\/><br\/>Birka\u00e7 dakika sonra sa\u011f g\u00f6z\u00fcn lazerinin tamamland\u0131\u011f\u0131 s\u00f6ylendi. \u00c7ok \u015fa\u015f\u0131rd\u0131m. Ard\u0131ndan sol g\u00f6z de lazerlendi. Hi\u00e7bir \u015fey hissetmedim; ne a\u011fr\u0131 ne ba\u015fka bir \u015fey. Kendimi harika hissettim. G\u00f6r\u00fc\u015f biraz bulan\u0131kt\u0131. Koruyucu g\u00fcne\u015f g\u00f6zl\u00fc\u011f\u00fc verildi ve bu g\u00f6zl\u00fc\u011f\u00fc gece boyunca takmam gerekiyordu ki g\u00f6zlerimi ovu\u015fturmayay\u0131m. Ertesi g\u00fcn normal g\u00fcne\u015f g\u00f6zl\u00fc\u011f\u00fcm\u00fc takabilecektim.<br\/><br\/>Otele giderken arabada g\u00f6r\u00fc\u015f\u00fcm iyiydi ama g\u00f6zlerimde bir yabanc\u0131 cisim varm\u0131\u015f gibi hissettim, bu y\u00fczden g\u00f6zlerimi kapatt\u0131m. Ama bu da \u00e7ok k\u00f6t\u00fc de\u011fildi. Otelde dinlendim. Yan\u0131mda olan ki\u015fi saat ba\u015f\u0131 g\u00f6z damlalar\u0131n\u0131 verdi, bu benim i\u00e7in b\u00fcy\u00fck kolayl\u0131k oldu, s\u00fcrekli saate bak\u0131p s\u0131radaki damlay\u0131 ne zaman damlataca\u011f\u0131m\u0131 d\u00fc\u015f\u00fcnmek zorunda kalmad\u0131m. Yakla\u015f\u0131k 1-2 saat i\u00e7inde yabanc\u0131 cisim hissi kayboldu ve iyi g\u00f6rebildim. Yine de bir tavsiye oldu\u011fu i\u00e7in 2 saat daha dinlendim.<br\/><br\/>Ak\u015fam d\u0131\u015far\u0131 \u00e7\u0131kt\u0131\u011f\u0131m\u0131zda her \u015fey \u00e7ok iyiydi. Koruyucu g\u00f6zl\u00fckle de rahat\u00e7a uyudum. Sabah uyand\u0131\u011f\u0131mda ilk i\u015fim g\u00f6zl\u00fc\u011f\u00fcm\u00fc takmak oldu ve her \u015feyi m\u00fckemmel g\u00f6rd\u00fc\u011f\u00fcm\u00fc fark ettim. Ak\u015fam ise neredeyse kontak lenslerimi \u00e7\u0131kar\u0131yordum, ki art\u0131k takm\u0131yordum. Bu \u00e7ok garipti; ak\u015fam rit\u00fcelim olan kontak lensleri \u00e7\u0131kar\u0131p yata\u011fa gitme al\u0131\u015fkanl\u0131\u011f\u0131m bir anda yok oldu. Ger\u00e7ekten ba\u015fka bir d\u00fcnya, ba\u015fka bir hayat. Nihayet!<\/p>\n\n<p>Cuma sabah\u0131 Ac\u0131badem Hastanesi\u2019nde ilk kontrol yap\u0131ld\u0131. Her \u015feyin \u00e7ok iyi g\u00f6r\u00fcnd\u00fc\u011f\u00fc s\u00f6ylendi. <\/p>\n\n<p>Otel \u00e7ok g\u00fczeldi. Otelden birka\u00e7 ki\u015fi de Almanca konu\u015fuyordu. <\/p>\n\n<p>Otele g\u00f6z lazeri veya ba\u015fka operasyonlar, \u00f6rne\u011fin sa\u00e7 ekimi ve estetik ameliyatlar i\u00e7in \u00e7ok say\u0131da ki\u015fi geliyordu. B\u00f6ylece di\u011fer hastalarla tan\u0131\u015fma imk\u00e2n\u0131 oluyordu, bu da benim \u00e7ok ho\u015fuma gitti. \u015eehri g\u00f6rmek i\u00e7in birka\u00e7 g\u00fcn daha kald\u0131k. \u015eehir de \u00e7ok ho\u015fuma gitti.    <\/p>\n\n<p>\u0130lk ay boyunca g\u00f6r\u00fc\u015f\u00fcm s\u00fcrekli de\u011fi\u015fiyordu, bu da g\u00f6zlerin yakla\u015f\u0131k 1-3 ayda stabil hale gelece\u011fi anlam\u0131na geliyordu. Sol g\u00f6z\u00fcm s\u00fcrekli tahri\u015f oluyordu ve sol g\u00f6z\u00fcmle g\u00f6r\u00fc\u015f sa\u011f g\u00f6z\u00fcmden daha k\u00f6t\u00fcyd\u00fc. \u015eimdi bir ay sonra \u0130svi\u00e7re\u2019de ilk kontrol\u00fcm\u00fc yapt\u0131rd\u0131m. G\u00f6zler h\u00e2l\u00e2 kuru, bu da normal. Bu y\u00fczden sol g\u00f6z\u00fcm h\u00e2l\u00e2 ara s\u0131ra tahri\u015f oluyor. Ama \u00f6l\u00e7\u00fcmler sol g\u00f6z\u00fcmle sa\u011f g\u00f6zden \u00e7ok daha iyi g\u00f6rd\u00fc\u011f\u00fcm\u00fc g\u00f6sterdi, bu da beni olduk\u00e7a \u015fa\u015f\u0131rtt\u0131. B\u00f6ylece rahatlad\u0131m. Yakla\u015f\u0131k iki ay i\u00e7inde g\u00f6zler daha stabil hale gelecek. Her hal\u00fckarda her \u015fey iyi g\u00f6r\u00fcn\u00fcyor ve art\u0131k g\u00f6zl\u00fck kullanmama gerek yok. Yine de d\u00fczenli olarak g\u00f6z damlalar\u0131n\u0131 kullanmaya devam ediyorum. Birka\u00e7 ay sonra bu damlalara da gerek kalmayacak.           <\/p>\n\n<p>G\u00f6z lazeri i\u00e7in Dr. Co\u015far\u2019a ve terc\u00fcman Bay Tolga\u2019ya, ayr\u0131ca i\u015fbirli\u011fi yapt\u0131klar\u0131 ve sorular\u0131m\u0131 her zaman iyi yan\u0131tlad\u0131klar\u0131 i\u00e7in i\u015fletme m\u00fcd\u00fcr\u00fc Bay Kara ve idari yetkili Bayan Lamas\u2019a tekrar \u00e7ok te\u015fekk\u00fcr ederim.<\/p>\n\n<p>Lahvannjah, \u0130svi\u00e7re\u2019den<\/p>\n\n<div class=\"wp-block-group is-layout-grid wp-container-core-group-is-layout-baef362d wp-block-group-is-layout-grid\">\n<p><a href=\"https:\/\/medicaltravel.at\/home\/agb\/\" data-type=\"page\" data-id=\"2191\"><\/a><a href=\"https:\/\/medicaltravel.at\/tr\/hasta-hikayeleri\/erfahrungsberichte-behandlungen-tuerkei\/istanbulda-gercek-bir-prenses-muamelesi-goerduem-dis-duezeltme-tedavisi-istanbul-22-nisan-2016-cuma-guenue-raporu\/\" data-type=\"link\" data-id=\"https:\/\/medicaltravel.at\/berichte-von-patienten\/erfahrungsberichte\/in-istanbul-erfuhr-ich-ein-wahren-princess-treatment-zahnkorrektur-in-istanbul-bericht-vom-freitag-22-april-2016\/\">\u00d6nceki Rapor<\/a><\/p>\n\n\n\n<p class=\"has-text-align-right wp-container-content-5e2576f9\"><a href=\"https:\/\/medicaltravel.at\/home\/impressum\/\" data-type=\"page\" data-id=\"2193\"><\/a><a href=\"https:\/\/medicaltravel.at\/home\/berichte-von-patienten\/erfahrungsberichte\/erfahrungsbericht-zahnbehandlung-in-istanbul\/\" data-type=\"page\" data-id=\"981\"><\/a><a href=\"https:\/\/medicaltravel.at\/tr\/hasta-hikayeleri\/erfahrungsberichte-behandlungen-tuerkei\/istanbulda-sac-ekimi-deneyim-raporu-17-subat-2016-carsamba-tarihli-rapor\/\" data-type=\"link\" data-id=\"https:\/\/medicaltravel.at\/berichte-von-patienten\/erfahrungsberichte\/erfahrungsbericht-eigenhaartransplantation-in-istanbul-bericht-vom-mittwoch-17-februar-2016\/\">Sonraki Rapor<\/a><\/p>\n<\/div>\n","protected":false},"excerpt":{"rendered":"<p>Ben ve g\u00f6zlerim \u2013 \u0130stanbul\u2019da g\u00f6z lazeri (lasik) \u2013 24 mart 2016 per\u015fembe tarihli rapor Y\u0131llard\u0131r g\u00f6zl\u00fck kullanmak zorundayd\u0131m ve bir s\u00fcre sonra kontak lenslere ge\u00e7tim. Ama hi\u00e7 tam olarak memnun de\u011fildim \u00e7\u00fcnk\u00fc kontak lensler, \u00f6zellikle hastayken, g\u00f6zlerimi kurutuyordu. Tabii ki soracaks\u0131n\u0131z, neden g\u00f6zl\u00fck takm\u0131yorum. \u015eey, g\u00f6zl\u00fckle etraf\u0131mdaki her \u015feyi g\u00f6remiyorum. Yakla\u015f\u0131k 10 y\u0131l \u00f6nce g\u00f6z doktorundan g\u00f6z lazeri hakk\u0131nda bilgi ald\u0131m. Gen\u00e7ken g\u00f6zler b\u00fcy\u00fcd\u00fc\u011f\u00fc i\u00e7in tam olarak olgunla\u015fmam\u0131 beklemek gerekiyordu. Maliyet konusuna de\u011finmeme gerek yok san\u0131r\u0131m. Be\u015f y\u0131l sonra bir meslekta\u015f\u0131m\u0131n g\u00f6zlerini lazerle d\u00fczeltti\u011fini duydum. Nerede? Tabii ki \u0130stanbul\u2019da. Oras\u0131 \u00e7ok uygun ve ba\u015fka avantajlar\u0131 da var. Meslekta\u015f\u0131m\u0131n lazer s\u0131ras\u0131nda pek \u015fans\u0131 yoktu \u00e7\u00fcnk\u00fc cihaz bozuldu. Sorun bir yaz\u0131l\u0131m ar\u0131zas\u0131ndan kaynaklan\u0131yordu. Bu y\u00fczden i\u015flemi tamamlamak uzun s\u00fcrd\u00fc; cihaz tamir edilip tekrar \u00e7al\u0131\u015ft\u0131ktan sonra lazer i\u015flemi tamamland\u0131. Bu olaydan sonra biraz tedirgin oldum; acaba T\u00fcrkiye\u2019de lazer yapt\u0131rmak g\u00fcvenli mi? \u0130svi\u00e7re daha m\u0131 g\u00fcvenli?Her neyse, meslekta\u015f\u0131m anlat\u0131yordu ki, b\u00f6yle bir sorun tekrar olursa doktorlar problemi daha h\u0131zl\u0131 \u00e7\u00f6zebiliyor. Sonu\u00e7ta birinin ilk olmas\u0131 gerekiyordu ve hatalar her yerde olabilir. Herkesin ba\u015f\u0131na gelmek zorunda de\u011fil. Ama yine de hangisi daha iyi bilmiyordum. Sonu\u00e7 olarak, lazer sonras\u0131 meslekta\u015f\u0131m \u00e7ok iyi g\u00f6r\u00fcyor, \u00fcstelik g\u00f6rme problemi daha \u015fiddetliydi. Yakla\u015f\u0131k 3-4 y\u0131l sonra, ben nihayet g\u00f6z lazeri ile ilgilenmeye ba\u015flay\u0131nca, ben de \u0130stanbul\u2019da yapt\u0131rmak istedim. Sonu\u00e7ta orada do\u011frudan tan\u0131d\u0131\u011f\u0131m biri ve dolayl\u0131 olarak birka\u00e7 ki\u015fi daha var, lazer yapt\u0131rm\u0131\u015f ve \u015fu ana kadar sorun ya\u015famam\u0131\u015flar.Okuduklar\u0131ma g\u00f6re T\u00fcrkiye\u2019deki doktorlar \u00e7ok daha fazla tecr\u00fcbeye sahip \u00e7\u00fcnk\u00fc s\u00fcrekli g\u00f6z lazeri yap\u0131yorlar. Ayr\u0131ca kontrolleri \u0130svi\u00e7re\u2019de yapt\u0131rma avantaj\u0131 da var. Bu y\u00fczden detaylar\u0131 daha iyi \u00f6\u011frenmek istedim ve telefonda \u00e7ok nazik olan Bay Kara ile g\u00f6r\u00fc\u015ft\u00fcm, bilmek istedi\u011fim her \u015feyi anlatt\u0131. \u0130lk \u00f6n muayenemi Dr. Banu Co\u015far\u2019da yapt\u0131rd\u0131m. Ameliyat \u00f6ncesinde doktoru g\u00f6rebilmek harikayd\u0131. Bir terc\u00fcman s\u00fcrekli \u00e7eviri yapt\u0131. Kar\u015f\u0131l\u0131kl\u0131 anla\u015famama gibi bir durum hissetmedim. Bu benim i\u00e7in \u00f6nemliydi \u00e7\u00fcnk\u00fc g\u00f6zler \u00e7ok \u00f6nemli organlardan biri. Benim en \u00f6nemli sorular\u0131mdan biri lazer s\u0131ras\u0131nda k\u00f6r olup olamayaca\u011f\u0131md\u0131. Buna garanti olarak hay\u0131r denildi. Lazer hakk\u0131nda ya da hasta raporlar\u0131n\u0131 okumad\u0131m. \u00c7\u00fcnk\u00fc daha \u00f6nce d\u00fc\u015f\u00fcnm\u00fcyor de\u011fildim, yapaca\u011f\u0131ma kesin karar vermi\u015ftim ve sadece olumlu d\u00fc\u015f\u00fcnd\u00fcm. Ne zaman lasik yapt\u0131rmak istedi\u011fimi bildirdikten sonra her \u015fey organize edildi (u\u00e7ak, otel, kar\u015f\u0131lama servisi) ve bana belgeler g\u00f6nderildi. Bunlardan biri Swisslasikpass\u2019ti. Pasaport harika \u00e7\u00fcnk\u00fc t\u00fcm bilgiler, e-bilet dahil, i\u00e7inde yer al\u0131yor. Yola \u00e7\u0131kmadan iki g\u00fcn \u00f6nce bo\u011faz enfeksiyonu ve 39,5 derece ate\u015fim oldu. Ameliyat\u0131 iptal etmek istemedi\u011fim i\u00e7in \u00e7ok stresliydim. Antibiyotik ve ate\u015f d\u00fc\u015f\u00fcr\u00fcc\u00fc gibi ila\u00e7lar almam gerekti\u011fi i\u00e7in lazerin ger\u00e7ekten yap\u0131labilir olup olmayaca\u011f\u0131 konusunda \u015f\u00fcpheye d\u00fc\u015ft\u00fcm. Sal\u0131 g\u00fcn\u00fc, yola \u00e7\u0131kmadan bir g\u00fcn \u00f6nce biraz dinlenebildim. Hi\u00e7 heyecanl\u0131 de\u011fildim, tek iste\u011fim iyile\u015fmek ve g\u00f6z lazerini sorunsuz bir \u015fekilde tamamlamakt\u0131. \u00c7ar\u015famba sabah\u0131 havaalan\u0131nda tekrar ate\u015fim \u00e7\u0131kt\u0131. Y\u00fckselip d\u00fc\u015f\u00fcyordu. Bitkin bir \u015fekilde yan\u0131mda meslekta\u015f\u0131m olan e\u015flik\u00e7imle u\u00e7a\u011fa bindim ve tek dile\u011fim her \u015feyin sorunsuz ge\u00e7mesiydi. T\u00fcrkiye\u2019deki havaalan\u0131nda pasaport kontrol\u00fc uzun s\u00fcrd\u00fc, bir bilgisayar sistem hatas\u0131 y\u00fcz\u00fcnden. Birbirimizi anlamad\u0131\u011f\u0131m\u0131z i\u00e7in sorunun ne oldu\u011funu da bilmiyorduk. Tek iste\u011fim otele gidip dinlenmekti. Sonunda valizlerimizi alabilece\u011fimiz s\u00f6ylendi ama valizler orada de\u011fildi. Bu arada Ac\u0131badem\u2019den bir kad\u0131n beni arad\u0131 ve nerede oldu\u011fumuzu sordu. Uzun u\u011fra\u015flardan sonra iki yaln\u0131z valizi kenarda bulduk. Sonra nihayet Ac\u0131badem Health Point bulu\u015fma noktas\u0131na gidebildik. Taksi birka\u00e7 dakika i\u00e7inde gelecekti denildi. Sonunda taksiye bindik ve otelimize gittik. Otelimize vard\u0131\u011f\u0131m\u0131zda hava kararm\u0131\u015ft\u0131 ve saat yakla\u015f\u0131k 19:00\u2019d\u0131. Benim i\u00e7in \u00e7ok yorucu bir g\u00fcnd\u00fc. H\u00e2l\u00e2 bo\u011faz\u0131m a\u011fr\u0131yordu. \u0130la\u00e7lar\u0131m\u0131 d\u00fczenli olarak ald\u0131m. Bug\u00fcn g\u00f6z lazeri g\u00fcn\u00fcyd\u00fc. \u00c7ok k\u00f6t\u00fc uyumu\u015ftum, bir k\u0131sm\u0131 hastal\u0131\u011f\u0131mdan kaynakl\u0131yd\u0131, di\u011fer k\u0131sm\u0131n\u0131 bilmiyorum. Muhtemelen lazer nedeniyle i\u00e7imde bir heyecan vard\u0131. Yine de h\u00e2l\u00e2 gergin de\u011fildim, sadece her \u015feyin yolunda gidece\u011fini d\u00fc\u015f\u00fcnd\u00fcm. Saat 9\u2019da k\u00fc\u00e7\u00fck Ac\u0131badem otob\u00fcs\u00fc bizi ald\u0131. Ac\u0131badem Hastanesi\u2019nde detayl\u0131 \u00f6n muayene yap\u0131ld\u0131. Terc\u00fcman Bay Tolga her \u015feyi g\u00fczel bir \u015fekilde \u00e7evirdi. G\u00f6zlerimin lazer i\u00e7in uygun oldu\u011fu ve \u00f6\u011fleden sonra lazerin yap\u0131laca\u011f\u0131 s\u00f6ylendi. \u00d6\u011fle aras\u0131nda hastanede yemek yiyebildik. H\u00e2l\u00e2 bo\u011faz\u0131m a\u011fr\u0131yordu. Ate\u015fim nihayet d\u00fc\u015fm\u00fc\u015ft\u00fc ve bunun b\u00f6yle kalmas\u0131n\u0131 \u00e7ok umuyordum. Sonras\u0131nda terc\u00fcman Bay Tolga bizi ald\u0131. Lazer hakk\u0131nda baz\u0131 belgeleri okudum ve imzalad\u0131m. Meslekta\u015f\u0131m bekleme odas\u0131nda bekledi, ben ise \u00f6n odaya gittim. Orada hijyen i\u00e7in ye\u015fil ameliyat k\u0131yafetleri giydirildi ve ameliyathaneye g\u00f6t\u00fcr\u00fcld\u00fcm. Ameliyat masas\u0131na yatmam gerekti\u011finde biraz korktum. Dr. Co\u015far g\u00f6zlerimi a\u00e7t\u0131\u011f\u0131nda, bir saniyeli\u011fine her \u015feyi b\u0131rak\u0131p gitmeyi d\u00fc\u015f\u00fcnd\u00fcm. Ama hay\u0131r, bunu ba\u015farabilirim. Di\u015f\u00e7ide olmak g\u00f6z doktorundan \u00e7ok daha k\u00f6t\u00fc olurdu. Ama g\u00f6z lazerinde lazer s\u0131ras\u0131nda hi\u00e7bir \u015fey g\u00f6r\u00fcnm\u00fcyordu. Bu \u00f6zellikle korkutucuydu. \u015eunu hayal edebilirsiniz: Siyah bir arka plan \u00fczerinde hareket eden g\u00fczel desenler g\u00f6r\u00fcyorsunuz. \u00d6rne\u011fin g\u00f6zlerinizi kuvvetlice ovu\u015fturdu\u011funuzda da benzer desenler g\u00f6r\u00fcn\u00fcr. Rahats\u0131z edici de\u011fildi, sadece korku vard\u0131. Korkudan kendi kolumu tuttum. Birka\u00e7 dakika sonra sa\u011f g\u00f6z\u00fcn lazerinin tamamland\u0131\u011f\u0131 s\u00f6ylendi. \u00c7ok \u015fa\u015f\u0131rd\u0131m. Ard\u0131ndan sol g\u00f6z de lazerlendi. Hi\u00e7bir \u015fey hissetmedim; ne a\u011fr\u0131 ne ba\u015fka bir \u015fey. Kendimi harika hissettim. G\u00f6r\u00fc\u015f biraz bulan\u0131kt\u0131. Koruyucu g\u00fcne\u015f g\u00f6zl\u00fc\u011f\u00fc verildi ve bu g\u00f6zl\u00fc\u011f\u00fc gece boyunca takmam gerekiyordu ki g\u00f6zlerimi ovu\u015fturmayay\u0131m. Ertesi g\u00fcn normal g\u00fcne\u015f g\u00f6zl\u00fc\u011f\u00fcm\u00fc takabilecektim. Otele giderken arabada g\u00f6r\u00fc\u015f\u00fcm iyiydi ama g\u00f6zlerimde bir yabanc\u0131 cisim varm\u0131\u015f gibi hissettim, bu y\u00fczden g\u00f6zlerimi kapatt\u0131m. Ama bu da \u00e7ok k\u00f6t\u00fc de\u011fildi. Otelde dinlendim. Yan\u0131mda olan ki\u015fi saat ba\u015f\u0131 g\u00f6z damlalar\u0131n\u0131 verdi, bu benim i\u00e7in b\u00fcy\u00fck kolayl\u0131k oldu, s\u00fcrekli saate bak\u0131p s\u0131radaki damlay\u0131 ne zaman damlataca\u011f\u0131m\u0131 d\u00fc\u015f\u00fcnmek zorunda kalmad\u0131m. Yakla\u015f\u0131k 1-2 saat i\u00e7inde yabanc\u0131 cisim hissi kayboldu ve iyi g\u00f6rebildim. Yine de bir tavsiye oldu\u011fu i\u00e7in 2 saat daha dinlendim. Ak\u015fam d\u0131\u015far\u0131 \u00e7\u0131kt\u0131\u011f\u0131m\u0131zda her \u015fey \u00e7ok iyiydi. Koruyucu g\u00f6zl\u00fckle de rahat\u00e7a uyudum. Sabah uyand\u0131\u011f\u0131mda ilk i\u015fim g\u00f6zl\u00fc\u011f\u00fcm\u00fc takmak oldu ve her \u015feyi m\u00fckemmel g\u00f6rd\u00fc\u011f\u00fcm\u00fc fark ettim. Ak\u015fam ise neredeyse kontak lenslerimi \u00e7\u0131kar\u0131yordum, ki art\u0131k takm\u0131yordum. Bu \u00e7ok garipti; ak\u015fam rit\u00fcelim olan kontak lensleri \u00e7\u0131kar\u0131p yata\u011fa gitme al\u0131\u015fkanl\u0131\u011f\u0131m bir anda yok oldu. Ger\u00e7ekten ba\u015fka bir d\u00fcnya, ba\u015fka bir hayat. Nihayet! Cuma sabah\u0131 Ac\u0131badem Hastanesi\u2019nde ilk kontrol yap\u0131ld\u0131. Her \u015feyin \u00e7ok iyi g\u00f6r\u00fcnd\u00fc\u011f\u00fc s\u00f6ylendi. Otel \u00e7ok g\u00fczeldi. Otelden birka\u00e7 ki\u015fi de Almanca konu\u015fuyordu. Otele g\u00f6z lazeri veya ba\u015fka operasyonlar, \u00f6rne\u011fin sa\u00e7 ekimi ve estetik ameliyatlar i\u00e7in \u00e7ok say\u0131da ki\u015fi geliyordu. B\u00f6ylece di\u011fer hastalarla tan\u0131\u015fma imk\u00e2n\u0131 oluyordu, bu da benim \u00e7ok ho\u015fuma gitti. \u015eehri g\u00f6rmek i\u00e7in birka\u00e7 g\u00fcn daha kald\u0131k. \u015eehir de \u00e7ok ho\u015fuma gitti. \u0130lk ay boyunca g\u00f6r\u00fc\u015f\u00fcm s\u00fcrekli de\u011fi\u015fiyordu, bu da g\u00f6zlerin yakla\u015f\u0131k 1-3 ayda stabil hale gelece\u011fi anlam\u0131na geliyordu. Sol g\u00f6z\u00fcm s\u00fcrekli tahri\u015f oluyordu ve sol g\u00f6z\u00fcmle g\u00f6r\u00fc\u015f sa\u011f g\u00f6z\u00fcmden<\/p>\n","protected":false},"author":4,"featured_media":0,"parent":4603,"menu_order":0,"comment_status":"closed","ping_status":"closed","template":"","meta":{"_joinchat":[],"footnotes":""},"class_list":["post-4672","page","type-page","status-publish","hentry"],"acf":[],"_links":{"self":[{"href":"https:\/\/medicaltravel.at\/tr\/wp-json\/wp\/v2\/pages\/4672","targetHints":{"allow":["GET"]}}],"collection":[{"href":"https:\/\/medicaltravel.at\/tr\/wp-json\/wp\/v2\/pages"}],"about":[{"href":"https:\/\/medicaltravel.at\/tr\/wp-json\/wp\/v2\/types\/page"}],"author":[{"embeddable":true,"href":"https:\/\/medicaltravel.at\/tr\/wp-json\/wp\/v2\/users\/4"}],"replies":[{"embeddable":true,"href":"https:\/\/medicaltravel.at\/tr\/wp-json\/wp\/v2\/comments?post=4672"}],"version-history":[{"count":3,"href":"https:\/\/medicaltravel.at\/tr\/wp-json\/wp\/v2\/pages\/4672\/revisions"}],"predecessor-version":[{"id":5563,"href":"https:\/\/medicaltravel.at\/tr\/wp-json\/wp\/v2\/pages\/4672\/revisions\/5563"}],"up":[{"embeddable":true,"href":"https:\/\/medicaltravel.at\/tr\/wp-json\/wp\/v2\/pages\/4603"}],"wp:attachment":[{"href":"https:\/\/medicaltravel.at\/tr\/wp-json\/wp\/v2\/media?parent=4672"}],"curies":[{"name":"wp","href":"https:\/\/api.w.org\/{rel}","templated":true}]}}