{"id":4668,"date":"2025-09-27T21:11:20","date_gmt":"2025-09-27T20:11:20","guid":{"rendered":"https:\/\/medicaltravel.at\/hasta-hikayeleri\/erfahrungsberichte-behandlungen-tuerkei\/istanbulda-goez-kapagi-germe-ve-kendi-yagimin-enjeksiyonu-13-haziran-2018-carsamba-tarihli-rapor\/"},"modified":"2026-01-13T14:19:29","modified_gmt":"2026-01-13T13:19:29","slug":"istanbulda-goez-kapagi-germe-ve-kendi-yagimin-enjeksiyonu-13-haziran-2018-carsamba-tarihli-rapor","status":"publish","type":"page","link":"https:\/\/medicaltravel.at\/tr\/hasta-hikayeleri\/erfahrungsberichte-behandlungen-tuerkei\/istanbulda-goez-kapagi-germe-ve-kendi-yagimin-enjeksiyonu-13-haziran-2018-carsamba-tarihli-rapor\/","title":{"rendered":"\u0130stanbul\u2019da G\u00f6z Kapa\u011f\u0131 Germe ve Kendi Ya\u011f\u0131m\u0131n Enjeksiyonu \u2013 13 haziran 2018 \u00e7ar\u015famba tarihli rapor"},"content":{"rendered":"\n<p>\u0130stanbul\u2019da g\u00f6z kapa\u011f\u0131 germe ve kendi ya\u011f\u0131m\u0131n enjeksiyonu \u2013 13 haziran 2018 \u00e7ar\u015famba tarihli rapor<\/p>\n\n<p>Y\u00fcz\u00fcmdeki k\u0131r\u0131\u015f\u0131kl\u0131klar i\u00e7in kendi ya\u011f\u0131m\u0131n uygulanmas\u0131 tedavisinin yan\u0131 s\u0131ra g\u00f6z kapa\u011f\u0131 ve \u015fakak germe i\u015flemleri i\u00e7in ikinci kez \u0130stanbul\u2019a seyahat ettim. <\/p>\n\n<p>Ekim 2017\u2019de oldu\u011fu gibi, bu sefer de havaalan\u0131nda kar\u015f\u0131land\u0131m. Oradan taksi ile hastaneye g\u00f6t\u00fcr\u00fcld\u00fcm. \u00d6n muayene ayn\u0131 g\u00fcn yap\u0131ld\u0131. Sonras\u0131nda otelime g\u00f6t\u00fcr\u00fcld\u00fcm. Otel hastaneye \u00e7ok yak\u0131nd\u0131, yakla\u015f\u0131k 7 dakikal\u0131k y\u00fcr\u00fcme mesafesindeydi. Elite World Hotel\u2019de konaklad\u0131m ve kesinlikle tavsiye ederim. M\u00fckemmeldi; y\u00fczme havuzu, sauna, spor salonu ve \u00f6zellikle harika bir kahvalt\u0131 b\u00fcfesi vard\u0131. T\u00fcm alanlar temizdi ve personel \u00e7ok nazikti.        <\/p>\n\n<p>Ertesi sabah ameliyat planlanm\u0131\u015ft\u0131. Cerrah Dr. Tatl\u0131dede her \u015feyi tekrar anlatt\u0131 ve y\u00fcz\u00fcmde i\u015flem yap\u0131lacak b\u00f6lgeleri i\u015faretledi. K\u0131sa s\u00fcre sonra gerekli hastane k\u0131yafetlerini (ameliyat \u00f6nl\u00fc\u011f\u00fc, sa\u00e7 \u00f6rt\u00fcs\u00fc vb.) giydikten ve serum i\u015flemleri tamamland\u0131ktan sonra ameliyathaneye ge\u00e7ildi. Ama oradan sonras\u0131n\u0131 art\u0131k hat\u0131rlam\u0131yorum.   <\/p>\n\n<p>Uyand\u0131\u011f\u0131mda kendimi hastane odas\u0131nda buldum. Al\u0131n b\u00f6lgem bantlarla kapat\u0131lm\u0131\u015ft\u0131 ve yap\u0131lan kesiler de tabii ki \u00f6rt\u00fclm\u00fc\u015ft\u00fc. Kendi ya\u011f\u0131mdan al\u0131nan b\u00f6lge (maalesef ya\u011f bulmak biraz zordu) belimin yan k\u0131sm\u0131ndan yap\u0131ld\u0131. Orada da k\u00fc\u00e7\u00fck bir pansuman vard\u0131. Bu b\u00f6lgeler bende olduk\u00e7a \u015fi\u015fiyor. Bunu bir \u00f6nceki tedaviden biliyordum. Olduk\u00e7a rahats\u0131z ediciydi ve dokundu\u011funuzda veya yatar pozisyonda a\u011fr\u0131 yap\u0131yordu. Hala bir ay sonra bile bu b\u00f6lgeleri hissedebiliyorum. Bu b\u00f6lgelerin sakinle\u015fmesi biraz zaman al\u0131yor.        <\/p>\n\n<p>\u0130lk geceyi hastanede ge\u00e7irdim. Ba\u015f\u0131m a\u011fr\u0131yordu ve kendimi olduk\u00e7a k\u00f6t\u00fc hissediyordum. Neyse ki her zaman \u00e7a\u011f\u0131rabilece\u011finiz biri vard\u0131. Mide bulant\u0131s\u0131 hissettim. Bunun nedeni, ameliyat nedeniyle saatler \u00f6ncesinden yemek yiyememi\u015f olmamd\u0131. Ameliyattan sonra ak\u015fam hastanede ak\u015fam yeme\u011fi verildi. Bunu yedim ama damak tad\u0131ma uymuyordu. Gece, iste\u011fim \u00fczerine bana ba\u015fka bir \u015fey getirildi ve ard\u0131ndan kendimi toparlad\u0131m.<br\/><br\/>Uyuyamad\u0131m. A\u011fr\u0131lar\u0131 hafifletmek i\u00e7in serum ald\u0131m ama yine de rahats\u0131zd\u0131m. Sonu\u00e7ta \u00fc\u00e7 farkl\u0131 i\u015flem yap\u0131lm\u0131\u015ft\u0131: sa\u00e7 alt\u0131na iki olduk\u00e7a b\u00fcy\u00fck kesik, g\u00f6z kapaklar\u0131 diki\u015fleri ve ka\u015f b\u00f6lgesinde de kesikler. Ya\u011f enjeksiyonundan neredeyse hi\u00e7 iz g\u00f6r\u00fcnm\u00fcyordu. K\u0131r\u0131\u015f\u0131kl\u0131klar kaybolmu\u015ftu. Ancak bildi\u011fim ve bana s\u00f6ylendi\u011fi gibi nihai sonu\u00e7 yakla\u015f\u0131k 3 ay sonra netle\u015fiyor. \u015eimdiden ya\u011f\u0131n biraz \u00e7\u00f6z\u00fclmeye ba\u015flad\u0131\u011f\u0131n\u0131 g\u00f6rebiliyorum. Maalesef v\u00fccudum, nerede olursa olsun, ya\u011f\u0131 fazla tutam\u0131yor. Yine de bir \u00f6nceki tedaviden kalan biraz ya\u011f sayesinde y\u00fcz daha dolgun g\u00f6r\u00fcn\u00fcyor. Bu sefer de \u00fczerine biraz daha eklenmi\u015f oldu.                <\/p>\n\n<p>\u015eakak germe i\u015fleminin sonucunu hen\u00fcz de\u011ferlendiremiyorum \u00e7\u00fcnk\u00fc ka\u015flar\u0131n \u00fczerinde h\u00e2l\u00e2 k\u00fc\u00e7\u00fck izler g\u00f6r\u00fcn\u00fcyor. San\u0131r\u0131m bunlar zamanla kaybolacak.<br\/><br\/>G\u00f6z kapaklar\u0131 art\u0131k sarkan deriden kurtulmu\u015f, ancak biraz \u015fi\u015f g\u00f6r\u00fcn\u00fcyor. Bu da zamanla d\u00fczelecek. Kontrol i\u00e7in A\u011fustos ay\u0131nda Zug\u2019da Dr. Tatl\u0131dede ile tekrar g\u00f6r\u00fc\u015fece\u011fim ve bu konular\u0131 kendisine soraca\u011f\u0131m.   <\/p>\n\n<p>Toplamda \u0130stanbul\u2019da 9 g\u00fcn kald\u0131m. \u0130lk birka\u00e7 g\u00fcn neredeyse hi\u00e7bir \u015fey yapmad\u0131m. Ameliyat beni olduk\u00e7a yordu. A\u011fr\u0131 kesiciye ra\u011fmen ba\u015f\u0131m a\u011fr\u0131yordu. Son birka\u00e7 g\u00fcnde ise \u0130stanbul\u2019u biraz gezdim; \u00e7o\u011funlukla y\u00fcr\u00fcyerek, baz\u0131 yerlere taksiyle gittim. Tek ba\u015f\u0131ma bir kad\u0131n olarak dola\u015f\u0131yordum, bu hi\u00e7 sorun olmad\u0131. Her yerde rahat\u00e7a gezilebiliyor.       <\/p>\n\n<p>Bu arada, g\u00f6r\u00fc\u015fmeler s\u0131ras\u0131nda her zaman bir terc\u00fcman\u0131m vard\u0131. Ama \u0130ngilizce bilen biri, terc\u00fcmans\u0131z da ileti\u015fim kurabilir. <\/p>\n\n<p>Her \u015fey \u00e7ok iyi organize edilmi\u015fti, ger\u00e7ekten her \u015fey m\u00fckemmeldi. Ele\u015ftirebilece\u011fim hi\u00e7bir nokta yok. <\/p>\n\n<p>Sorular\u0131n\u0131z olursa her zaman bana ba\u015fvurabilirsiniz.<\/p>\n\n<p>Jennifer Boligan.<br\/>8. Haziran 2018<\/p>\n\n<div class=\"wp-block-group is-layout-grid wp-container-core-group-is-layout-baef362d wp-block-group-is-layout-grid\">\n<p><a href=\"https:\/\/medicaltravel.at\/home\/agb\/\" data-type=\"page\" data-id=\"2191\"><\/a><a href=\"https:\/\/medicaltravel.at\/tr\/hasta-hikayeleri\/erfahrungsberichte-behandlungen-tuerkei\/istanbuldaki-dis-tedavim-deneyim-raporu-12-kasim-2018-pazartesi-deneyimim\/\" data-type=\"link\" data-id=\"https:\/\/medicaltravel.at\/berichte-von-patienten\/erfahrungsberichte\/meine-zahnbehandlung-in-istanbul-erfahrungsbericht-bericht-vom-montag-12-november-2018\/\">\u00d6nceki Rapor<\/a><\/p>\n\n\n\n<p class=\"has-text-align-right wp-container-content-5e2576f9\"><a href=\"https:\/\/medicaltravel.at\/home\/impressum\/\" data-type=\"page\" data-id=\"2193\"><\/a><a href=\"https:\/\/medicaltravel.at\/home\/berichte-von-patienten\/erfahrungsberichte\/erfahrungsbericht-zahnbehandlung-in-istanbul\/\" data-type=\"page\" data-id=\"981\"><\/a><a href=\"https:\/\/medicaltravel.at\/tr\/hasta-hikayeleri\/erfahrungsberichte-behandlungen-tuerkei\/istanbulda-meme-implanti-ameliyatim-31-mart-2018-cumartesi-tarihli-rapor\/\" data-type=\"link\" data-id=\"https:\/\/medicaltravel.at\/berichte-von-patienten\/erfahrungsberichte\/meine-brustimplantat-op-in-istanbul-bericht-vom-samstag-31-maerz-2018\/\">Sonraki Rapor<\/a><\/p>\n<\/div>\n","protected":false},"excerpt":{"rendered":"<p>\u0130stanbul\u2019da g\u00f6z kapa\u011f\u0131 germe ve kendi ya\u011f\u0131m\u0131n enjeksiyonu \u2013 13 haziran 2018 \u00e7ar\u015famba tarihli rapor Y\u00fcz\u00fcmdeki k\u0131r\u0131\u015f\u0131kl\u0131klar i\u00e7in kendi ya\u011f\u0131m\u0131n uygulanmas\u0131 tedavisinin yan\u0131 s\u0131ra g\u00f6z kapa\u011f\u0131 ve \u015fakak germe i\u015flemleri i\u00e7in ikinci kez \u0130stanbul\u2019a seyahat ettim. Ekim 2017\u2019de oldu\u011fu gibi, bu sefer de havaalan\u0131nda kar\u015f\u0131land\u0131m. Oradan taksi ile hastaneye g\u00f6t\u00fcr\u00fcld\u00fcm. \u00d6n muayene ayn\u0131 g\u00fcn yap\u0131ld\u0131. Sonras\u0131nda otelime g\u00f6t\u00fcr\u00fcld\u00fcm. Otel hastaneye \u00e7ok yak\u0131nd\u0131, yakla\u015f\u0131k 7 dakikal\u0131k y\u00fcr\u00fcme mesafesindeydi. Elite World Hotel\u2019de konaklad\u0131m ve kesinlikle tavsiye ederim. M\u00fckemmeldi; y\u00fczme havuzu, sauna, spor salonu ve \u00f6zellikle harika bir kahvalt\u0131 b\u00fcfesi vard\u0131. T\u00fcm alanlar temizdi ve personel \u00e7ok nazikti. Ertesi sabah ameliyat planlanm\u0131\u015ft\u0131. Cerrah Dr. Tatl\u0131dede her \u015feyi tekrar anlatt\u0131 ve y\u00fcz\u00fcmde i\u015flem yap\u0131lacak b\u00f6lgeleri i\u015faretledi. K\u0131sa s\u00fcre sonra gerekli hastane k\u0131yafetlerini (ameliyat \u00f6nl\u00fc\u011f\u00fc, sa\u00e7 \u00f6rt\u00fcs\u00fc vb.) giydikten ve serum i\u015flemleri tamamland\u0131ktan sonra ameliyathaneye ge\u00e7ildi. Ama oradan sonras\u0131n\u0131 art\u0131k hat\u0131rlam\u0131yorum. Uyand\u0131\u011f\u0131mda kendimi hastane odas\u0131nda buldum. Al\u0131n b\u00f6lgem bantlarla kapat\u0131lm\u0131\u015ft\u0131 ve yap\u0131lan kesiler de tabii ki \u00f6rt\u00fclm\u00fc\u015ft\u00fc. Kendi ya\u011f\u0131mdan al\u0131nan b\u00f6lge (maalesef ya\u011f bulmak biraz zordu) belimin yan k\u0131sm\u0131ndan yap\u0131ld\u0131. Orada da k\u00fc\u00e7\u00fck bir pansuman vard\u0131. Bu b\u00f6lgeler bende olduk\u00e7a \u015fi\u015fiyor. Bunu bir \u00f6nceki tedaviden biliyordum. Olduk\u00e7a rahats\u0131z ediciydi ve dokundu\u011funuzda veya yatar pozisyonda a\u011fr\u0131 yap\u0131yordu. Hala bir ay sonra bile bu b\u00f6lgeleri hissedebiliyorum. Bu b\u00f6lgelerin sakinle\u015fmesi biraz zaman al\u0131yor. \u0130lk geceyi hastanede ge\u00e7irdim. Ba\u015f\u0131m a\u011fr\u0131yordu ve kendimi olduk\u00e7a k\u00f6t\u00fc hissediyordum. Neyse ki her zaman \u00e7a\u011f\u0131rabilece\u011finiz biri vard\u0131. Mide bulant\u0131s\u0131 hissettim. Bunun nedeni, ameliyat nedeniyle saatler \u00f6ncesinden yemek yiyememi\u015f olmamd\u0131. Ameliyattan sonra ak\u015fam hastanede ak\u015fam yeme\u011fi verildi. Bunu yedim ama damak tad\u0131ma uymuyordu. Gece, iste\u011fim \u00fczerine bana ba\u015fka bir \u015fey getirildi ve ard\u0131ndan kendimi toparlad\u0131m. Uyuyamad\u0131m. A\u011fr\u0131lar\u0131 hafifletmek i\u00e7in serum ald\u0131m ama yine de rahats\u0131zd\u0131m. Sonu\u00e7ta \u00fc\u00e7 farkl\u0131 i\u015flem yap\u0131lm\u0131\u015ft\u0131: sa\u00e7 alt\u0131na iki olduk\u00e7a b\u00fcy\u00fck kesik, g\u00f6z kapaklar\u0131 diki\u015fleri ve ka\u015f b\u00f6lgesinde de kesikler. Ya\u011f enjeksiyonundan neredeyse hi\u00e7 iz g\u00f6r\u00fcnm\u00fcyordu. K\u0131r\u0131\u015f\u0131kl\u0131klar kaybolmu\u015ftu. Ancak bildi\u011fim ve bana s\u00f6ylendi\u011fi gibi nihai sonu\u00e7 yakla\u015f\u0131k 3 ay sonra netle\u015fiyor. \u015eimdiden ya\u011f\u0131n biraz \u00e7\u00f6z\u00fclmeye ba\u015flad\u0131\u011f\u0131n\u0131 g\u00f6rebiliyorum. Maalesef v\u00fccudum, nerede olursa olsun, ya\u011f\u0131 fazla tutam\u0131yor. Yine de bir \u00f6nceki tedaviden kalan biraz ya\u011f sayesinde y\u00fcz daha dolgun g\u00f6r\u00fcn\u00fcyor. Bu sefer de \u00fczerine biraz daha eklenmi\u015f oldu. \u015eakak germe i\u015fleminin sonucunu hen\u00fcz de\u011ferlendiremiyorum \u00e7\u00fcnk\u00fc ka\u015flar\u0131n \u00fczerinde h\u00e2l\u00e2 k\u00fc\u00e7\u00fck izler g\u00f6r\u00fcn\u00fcyor. San\u0131r\u0131m bunlar zamanla kaybolacak. G\u00f6z kapaklar\u0131 art\u0131k sarkan deriden kurtulmu\u015f, ancak biraz \u015fi\u015f g\u00f6r\u00fcn\u00fcyor. Bu da zamanla d\u00fczelecek. Kontrol i\u00e7in A\u011fustos ay\u0131nda Zug\u2019da Dr. Tatl\u0131dede ile tekrar g\u00f6r\u00fc\u015fece\u011fim ve bu konular\u0131 kendisine soraca\u011f\u0131m. Toplamda \u0130stanbul\u2019da 9 g\u00fcn kald\u0131m. \u0130lk birka\u00e7 g\u00fcn neredeyse hi\u00e7bir \u015fey yapmad\u0131m. Ameliyat beni olduk\u00e7a yordu. A\u011fr\u0131 kesiciye ra\u011fmen ba\u015f\u0131m a\u011fr\u0131yordu. Son birka\u00e7 g\u00fcnde ise \u0130stanbul\u2019u biraz gezdim; \u00e7o\u011funlukla y\u00fcr\u00fcyerek, baz\u0131 yerlere taksiyle gittim. Tek ba\u015f\u0131ma bir kad\u0131n olarak dola\u015f\u0131yordum, bu hi\u00e7 sorun olmad\u0131. Her yerde rahat\u00e7a gezilebiliyor. Bu arada, g\u00f6r\u00fc\u015fmeler s\u0131ras\u0131nda her zaman bir terc\u00fcman\u0131m vard\u0131. Ama \u0130ngilizce bilen biri, terc\u00fcmans\u0131z da ileti\u015fim kurabilir. Her \u015fey \u00e7ok iyi organize edilmi\u015fti, ger\u00e7ekten her \u015fey m\u00fckemmeldi. Ele\u015ftirebilece\u011fim hi\u00e7bir nokta yok. Sorular\u0131n\u0131z olursa her zaman bana ba\u015fvurabilirsiniz. Jennifer Boligan.8. Haziran 2018 \u00d6nceki Rapor Sonraki Rapor<\/p>\n","protected":false},"author":4,"featured_media":0,"parent":4603,"menu_order":0,"comment_status":"closed","ping_status":"closed","template":"","meta":{"_joinchat":[],"footnotes":""},"class_list":["post-4668","page","type-page","status-publish","hentry"],"acf":[],"_links":{"self":[{"href":"https:\/\/medicaltravel.at\/tr\/wp-json\/wp\/v2\/pages\/4668","targetHints":{"allow":["GET"]}}],"collection":[{"href":"https:\/\/medicaltravel.at\/tr\/wp-json\/wp\/v2\/pages"}],"about":[{"href":"https:\/\/medicaltravel.at\/tr\/wp-json\/wp\/v2\/types\/page"}],"author":[{"embeddable":true,"href":"https:\/\/medicaltravel.at\/tr\/wp-json\/wp\/v2\/users\/4"}],"replies":[{"embeddable":true,"href":"https:\/\/medicaltravel.at\/tr\/wp-json\/wp\/v2\/comments?post=4668"}],"version-history":[{"count":5,"href":"https:\/\/medicaltravel.at\/tr\/wp-json\/wp\/v2\/pages\/4668\/revisions"}],"predecessor-version":[{"id":5565,"href":"https:\/\/medicaltravel.at\/tr\/wp-json\/wp\/v2\/pages\/4668\/revisions\/5565"}],"up":[{"embeddable":true,"href":"https:\/\/medicaltravel.at\/tr\/wp-json\/wp\/v2\/pages\/4603"}],"wp:attachment":[{"href":"https:\/\/medicaltravel.at\/tr\/wp-json\/wp\/v2\/media?parent=4668"}],"curies":[{"name":"wp","href":"https:\/\/api.w.org\/{rel}","templated":true}]}}