{"id":4666,"date":"2025-09-27T21:15:56","date_gmt":"2025-09-27T20:15:56","guid":{"rendered":"https:\/\/medicaltravel.at\/hasta-hikayeleri\/erfahrungsberichte-behandlungen-tuerkei\/istanbulda-goez-kapagi-duezeltme-deneyimim-19-aralik-2017-sali-tarihli-rapor\/"},"modified":"2026-01-13T14:23:37","modified_gmt":"2026-01-13T13:23:37","slug":"istanbulda-goez-kapagi-duezeltme-deneyimim-19-aralik-2017-sali-tarihli-rapor","status":"publish","type":"page","link":"https:\/\/medicaltravel.at\/tr\/hasta-hikayeleri\/erfahrungsberichte-behandlungen-tuerkei\/istanbulda-goez-kapagi-duezeltme-deneyimim-19-aralik-2017-sali-tarihli-rapor\/","title":{"rendered":"\u0130STANBUL\u2019DA G\u00d6Z KAPA\u011eI D\u00dcZELTME DENEY\u0130M\u0130M \u2013 19 Aral\u0131k 2017 Sal\u0131 Tarihli Rapor"},"content":{"rendered":"\n<p>BODRUM\u2019DAK\u0130 G\u00d6Z KAPA\u011eI AMEL\u0130YATIM &#8211; 19 Aral\u0131k 2017 Sal\u0131 tarihli rapor<\/p>\n\n<p>MedicalTravel\u2019den tamamen etkilendim! Organizasyonunuz sayesinde \u00e7ok iyi bir deneyim ya\u015fad\u0131m ve beni tamamen memnun eden \u015fey, sizden ald\u0131\u011f\u0131m an\u0131nda geri bildirimler oldu. <\/p>\n\n<p>Dr. Mezili ile yap\u0131lan ameliyat da bana \u00e7ok sempatik gelen bir doktor sayesinde harika bir deneyim oldu. Bodrum Ac\u0131badem Hastanesi m\u00fcthi\u015fti, terc\u00fcman\u0131n ilgisi \u00e7ok s\u0131cak ve \u00f6zenliydi! Oda m\u00fckemmel bir durumdayd\u0131, bir s\u00fcitten bile iyiydi! Ac\u0131badem Hastanesi\u2019ndeki herkese b\u00fcy\u00fck bir takdir! Bu kadar \u00e7ok nezaket ve ilgi g\u00f6rmek beni ger\u00e7ekten etkiledi.    <\/p>\n\n<p>Ben bir kuaf\u00f6r salonu i\u015fletiyorum ve s\u00fcrekli organizasyonunuzdan bahsediyorum, herkes bundan \u00e7ok etkileniyor. Ge\u00e7en \u00c7ar\u015famba gitti\u011fim g\u00f6z doktorum bile ba\u015far\u0131l\u0131 sonu\u00e7 kar\u015f\u0131s\u0131nda \u015fa\u015fk\u0131nl\u0131\u011f\u0131n\u0131 gizleyemedi. M\u00fcdahale kusursuz ge\u00e7ti ve g\u00f6zlerimin iyile\u015fmesi sorunsuz oldu!  <\/p>\n\n<p>Bunu hemen tekrar yapard\u0131m! Tabii ki sizin yard\u0131m\u0131n\u0131zla! Her \u015fey kusursuz bir \u015fekilde ger\u00e7ekle\u015fti. Ayr\u0131ca g\u00f6sterdi\u011finiz emek i\u00e7in size i\u00e7tenlikle te\u015fekk\u00fcr etmek istiyorum.   <\/p>\n\n<p>Harika bir ekipsiniz! \u0130\u00e7ten te\u015fekk\u00fcrler, Carmen Hauser <\/p>\n\n<div class=\"wp-block-group is-layout-grid wp-container-core-group-is-layout-baef362d wp-block-group-is-layout-grid\">\n<p><a href=\"https:\/\/medicaltravel.at\/home\/agb\/\" data-type=\"page\" data-id=\"2191\"><\/a><a href=\"https:\/\/medicaltravel.at\/tr\/hasta-hikayeleri\/erfahrungsberichte-behandlungen-tuerkei\/istanbulda-liposuction-aksiyonum-05-subat-2018-pazartesi-guenue-yazilmis-deneyim-yazisi\/\" data-type=\"link\" data-id=\"https:\/\/medicaltravel.at\/berichte-von-patienten\/erfahrungsberichte\/meine-liposuction-in-istanbul-bericht-vom-montag-05-februar-2018\/\">\u00d6nceki Rapor<\/a><\/p>\n\n\n\n<p class=\"has-text-align-right wp-container-content-5e2576f9\"><a href=\"https:\/\/medicaltravel.at\/home\/impressum\/\" data-type=\"page\" data-id=\"2193\"><\/a><a href=\"https:\/\/medicaltravel.at\/home\/berichte-von-patienten\/erfahrungsberichte\/erfahrungsbericht-zahnbehandlung-in-istanbul\/\" data-type=\"page\" data-id=\"981\"><\/a><a href=\"https:\/\/medicaltravel.at\/tr\/hasta-hikayeleri\/erfahrungsberichte-behandlungen-tuerkei\/istanbulda-meme-ameliyatim-30-kasim-2017-persembe-tarihli-rapor\/\" data-type=\"link\" data-id=\"https:\/\/medicaltravel.at\/berichte-von-patienten\/erfahrungsberichte\/meine-brustoperation-in-istanbul-bericht-vom-donnerstag-30-november-2017\/\">Sonraki Rapor<\/a><\/p>\n<\/div>\n","protected":false},"excerpt":{"rendered":"<p>BODRUM\u2019DAK\u0130 G\u00d6Z KAPA\u011eI AMEL\u0130YATIM &#8211; 19 Aral\u0131k 2017 Sal\u0131 tarihli rapor MedicalTravel\u2019den tamamen etkilendim! Organizasyonunuz sayesinde \u00e7ok iyi bir deneyim ya\u015fad\u0131m ve beni tamamen memnun eden \u015fey, sizden ald\u0131\u011f\u0131m an\u0131nda geri bildirimler oldu. Dr. Mezili ile yap\u0131lan ameliyat da bana \u00e7ok sempatik gelen bir doktor sayesinde harika bir deneyim oldu. Bodrum Ac\u0131badem Hastanesi m\u00fcthi\u015fti, terc\u00fcman\u0131n ilgisi \u00e7ok s\u0131cak ve \u00f6zenliydi! Oda m\u00fckemmel bir durumdayd\u0131, bir s\u00fcitten bile iyiydi! Ac\u0131badem Hastanesi\u2019ndeki herkese b\u00fcy\u00fck bir takdir! Bu kadar \u00e7ok nezaket ve ilgi g\u00f6rmek beni ger\u00e7ekten etkiledi. Ben bir kuaf\u00f6r salonu i\u015fletiyorum ve s\u00fcrekli organizasyonunuzdan bahsediyorum, herkes bundan \u00e7ok etkileniyor. Ge\u00e7en \u00c7ar\u015famba gitti\u011fim g\u00f6z doktorum bile ba\u015far\u0131l\u0131 sonu\u00e7 kar\u015f\u0131s\u0131nda \u015fa\u015fk\u0131nl\u0131\u011f\u0131n\u0131 gizleyemedi. M\u00fcdahale kusursuz ge\u00e7ti ve g\u00f6zlerimin iyile\u015fmesi sorunsuz oldu! Bunu hemen tekrar yapard\u0131m! Tabii ki sizin yard\u0131m\u0131n\u0131zla! Her \u015fey kusursuz bir \u015fekilde ger\u00e7ekle\u015fti. Ayr\u0131ca g\u00f6sterdi\u011finiz emek i\u00e7in size i\u00e7tenlikle te\u015fekk\u00fcr etmek istiyorum. Harika bir ekipsiniz! \u0130\u00e7ten te\u015fekk\u00fcrler, Carmen Hauser \u00d6nceki Rapor Sonraki Rapor<\/p>\n","protected":false},"author":4,"featured_media":0,"parent":4603,"menu_order":0,"comment_status":"closed","ping_status":"closed","template":"","meta":{"_joinchat":[],"footnotes":""},"class_list":["post-4666","page","type-page","status-publish","hentry"],"acf":[],"_links":{"self":[{"href":"https:\/\/medicaltravel.at\/tr\/wp-json\/wp\/v2\/pages\/4666","targetHints":{"allow":["GET"]}}],"collection":[{"href":"https:\/\/medicaltravel.at\/tr\/wp-json\/wp\/v2\/pages"}],"about":[{"href":"https:\/\/medicaltravel.at\/tr\/wp-json\/wp\/v2\/types\/page"}],"author":[{"embeddable":true,"href":"https:\/\/medicaltravel.at\/tr\/wp-json\/wp\/v2\/users\/4"}],"replies":[{"embeddable":true,"href":"https:\/\/medicaltravel.at\/tr\/wp-json\/wp\/v2\/comments?post=4666"}],"version-history":[{"count":3,"href":"https:\/\/medicaltravel.at\/tr\/wp-json\/wp\/v2\/pages\/4666\/revisions"}],"predecessor-version":[{"id":5561,"href":"https:\/\/medicaltravel.at\/tr\/wp-json\/wp\/v2\/pages\/4666\/revisions\/5561"}],"up":[{"embeddable":true,"href":"https:\/\/medicaltravel.at\/tr\/wp-json\/wp\/v2\/pages\/4603"}],"wp:attachment":[{"href":"https:\/\/medicaltravel.at\/tr\/wp-json\/wp\/v2\/media?parent=4666"}],"curies":[{"name":"wp","href":"https:\/\/api.w.org\/{rel}","templated":true}]}}