{"id":4664,"date":"2025-09-27T21:31:17","date_gmt":"2025-09-27T20:31:17","guid":{"rendered":"https:\/\/medicaltravel.at\/hasta-hikayeleri\/erfahrungsberichte-behandlungen-tuerkei\/istanbulda-meme-ameliyatim-deneyimim-26-mayis-2016-persembe-tarihli-rapor\/"},"modified":"2026-01-13T14:36:41","modified_gmt":"2026-01-13T13:36:41","slug":"istanbulda-meme-ameliyatim-deneyimim-26-mayis-2016-persembe-tarihli-rapor","status":"publish","type":"page","link":"https:\/\/medicaltravel.at\/tr\/hasta-hikayeleri\/erfahrungsberichte-behandlungen-tuerkei\/istanbulda-meme-ameliyatim-deneyimim-26-mayis-2016-persembe-tarihli-rapor\/","title":{"rendered":"\u0130STANBUL\u2019DA MEME AMEL\u0130YATIM DENEY\u0130M\u0130M \u2013 26 May\u0131s 2016 Per\u015fembe Tarihli Rapor"},"content":{"rendered":"\n<p><strong>\u0130STANBUL\u2019DA MEME AMEL\u0130YATIM DENEY\u0130M\u0130M <\/strong>\u2013 26 may\u0131s 2016 per\u015fembe tarihli rapor<\/p>\n\n\n\n<p>\u00dc\u00e7 \u00e7ocuk annesiyim ve her \u00e7ocuktan sonra g\u00f6\u011f\u00fcslerim k\u00fc\u00e7\u00fcld\u00fc ve sarkt\u0131, bu durum beni ger\u00e7ekten \u00e7ok rahats\u0131z ediyordu ve s\u00fcrekli push-up s\u00fctyenlerle durumu gizlemeye \u00e7al\u0131\u015f\u0131yordum. Ama s\u00fctyeni \u00e7\u0131kard\u0131\u011f\u0131m anda ger\u00e7ek ortaya \u00e7\u0131k\u0131yordu ve bu beni her seferinde daha fazla rahats\u0131z ediyordu. <\/p>\n\n\n\n<p>Bunu sonra arkada\u015f\u0131m ile konu\u015ftum ve birlikte Medical Travel \u00fczerinden Mulhouse\u2019da Dr. Yazar ile \u00f6n g\u00f6r\u00fc\u015fme i\u00e7in bir randevu ayarlad\u0131k. G\u00f6r\u00fc\u015fme s\u0131ras\u0131nda, bu yola gitmek istedi\u011fim ve bunu m\u00fcmk\u00fcn olan en k\u0131sa s\u00fcrede yapmak istedi\u011fim bana netle\u015fti. Dr. Yazar beni \u00e7ok ikna etti ve kendimi g\u00fcvende hissettim.  <\/p>\n\n\n\n<p>\u0130ki ay sonra bir randevu ayarlad\u0131k. Her \u015feyin ne kadar iyi organize edildi\u011fine tamamen \u015fa\u015f\u0131rd\u0131m. Hi\u00e7bir \u015feyle kendimiz ilgilenmemiz gerekmedi.  <\/p>\n\n\n\n<p>U\u00e7ak biletlerini ve oteli kendi ba\u015f\u0131m\u0131za ayarlad\u0131k \u00e7\u00fcnk\u00fc b\u00f6yle istedik.<\/p>\n\n\n\n<p>28 Ocak 2016\u2019da \u0130stanbul\u2019a vard\u0131\u011f\u0131m\u0131zda, bizi hastaneye \u00f6n g\u00f6r\u00fc\u015fmeye g\u00f6t\u00fcren bir kar\u015f\u0131lama servisi haz\u0131r bekliyordu.<\/p>\n\n\n\n<p>Hastaneye vard\u0131\u011f\u0131m\u0131zda, kendi dilimizde s\u0131cak bir \u015fekilde kar\u015f\u0131land\u0131k. Sonra bir mamografi \u00e7ektirdik ve ertesi g\u00fcn yap\u0131lacak ameliyat i\u00e7in \u00f6n g\u00f6r\u00fc\u015fmeyi hemen yapt\u0131k. Bize her \u015fey detayl\u0131 bir \u015fekilde anlat\u0131ld\u0131 ve akl\u0131m\u0131zda hi\u00e7bir soru kalmad\u0131.  <\/p>\n\n\n\n<p>Daha sonra otelimize g\u00f6t\u00fcr\u00fcld\u00fck ve ertesi sabah tam zaman\u0131nda tekrar al\u0131nd\u0131k. M\u00fckemmel bir hizmetti!!!! <\/p>\n\n\n\n<p>29.01.2016 tarihinde ameliyat yap\u0131ld\u0131. S\u00fcrekli bir e\u015flik ile ameliyata haz\u0131rland\u0131k. Ameliyat sorunsuz ge\u00e7ti. <\/p>\n\n\n\n<p>Uyand\u0131\u011f\u0131mda \u00e7ok \u015fiddetli a\u011fr\u0131lar\u0131m vard\u0131. Ancak bu a\u011fr\u0131lar olduk\u00e7a h\u0131zl\u0131 ge\u00e7ti ve katlan\u0131labilir hale geldi. G\u00f6zlem i\u00e7in hastanede bir gece daha kald\u0131k. \u00d6n\u00fcm\u00fczdeki g\u00fcnlerde yap\u0131lan kontrol muayenelerinden sonra tekrar otele g\u00f6t\u00fcr\u00fcld\u00fck ve burada iki g\u00fcn daha dinlenip yeni g\u00f6r\u00fcn\u00fcm\u00fcm\u00fcze al\u0131\u015fma f\u0131rsat\u0131 bulduk.   <\/p>\n\n\n\n<p>G\u00f6\u011f\u00fcslerimi A kupundan C kupuna \u00e7\u0131kartt\u0131rd\u0131m. \u0130mplantlar kas alt\u0131na yerle\u015ftirildi. <\/p>\n\n\n\n<p>Sonu\u00e7 harika g\u00f6r\u00fcn\u00fcyor ve kendimi \u00e7ok iyi hissediyorum. Art\u0131k kendime \u00e7\u0131plak olarak da bakabiliyorum ve son derece memnunum. Otelde ge\u00e7irdi\u011fimiz iki g\u00fcn boyunca yatakta dinlendik, televizyon izledik ve oda servisi kulland\u0131k. Daha sonra eve d\u00f6nmeden \u00f6nce son kontrol i\u00e7in tekrar al\u0131nd\u0131k. Dr. Yazar da memnun kald\u0131.   <\/p>\n\n\n\n<p>Bize ayr\u0131ca \u00e7ok faydal\u0131 tavsiyeler ve kurallar verildi; 3 ay boyunca a\u011f\u0131r kald\u0131rmamak (en fazla 4 kg), spor yapmamak, g\u00fcne\u015fe maruz kalmamak gibi.<\/p>\n\n\n\n<p>Eve d\u00f6nd\u00fc\u011f\u00fcmde verilen kurallara \u00e7ok dikkat ettim. Her hafta a\u011fr\u0131lar\u0131m azald\u0131, hareket kabiliyetim artt\u0131 ve kendimi giderek daha \u00e7ok eski ben gibi hissettim. <\/p>\n\n\n\n<p>Ve bug\u00fcn \u00fczerinden 4 ay ge\u00e7ti, her \u015feyi tekrar yapabiliyorum ve kendimi harika hissediyorum. G\u00f6\u011f\u00fcsler harika g\u00f6r\u00fcn\u00fcyor. M\u00fckemmel organizasyon ve Dr. Yazar\u2019\u0131n inan\u0131lmaz iyi i\u015fi beni \u00e7ok etkiledi.  <\/p>\n\n\n\n<p>Doktora ve MedicalTravel\u2019e ger\u00e7ekten \u00e7ok, \u00e7ok te\u015fekk\u00fcr ederim!!!!!!!<\/p>\n\n\n\n<p>C. Marrotti<\/p>\n\n\n\n<div class=\"wp-block-group is-layout-grid wp-container-core-group-is-layout-baef362d wp-block-group-is-layout-grid\">\n<p><a href=\"https:\/\/medicaltravel.at\/home\/agb\/\" data-type=\"page\" data-id=\"2191\"><\/a><a href=\"https:\/\/medicaltravel.at\/tr\/hasta-hikayeleri\/erfahrungsberichte-behandlungen-tuerkei\/istanbulda-burun-ameliyati-deneyim-raporu-30-mayis-2016-pazartesi-tarihli-rapor\/\" data-type=\"link\" data-id=\"https:\/\/medicaltravel.at\/berichte-von-patienten\/erfahrungsberichte\/erfahrungsbericht-meine-nase-op-in-istanbul-bericht-vom-montag-30-mai-2016\/\">\u00d6nceki Rapor<\/a><\/p>\n\n\n\n<p class=\"has-text-align-right wp-container-content-5e2576f9\"><a href=\"https:\/\/medicaltravel.at\/home\/impressum\/\" data-type=\"page\" data-id=\"2193\"><\/a><a href=\"https:\/\/medicaltravel.at\/home\/berichte-von-patienten\/erfahrungsberichte\/erfahrungsbericht-zahnbehandlung-in-istanbul\/\" data-type=\"page\" data-id=\"981\"><\/a><a href=\"https:\/\/medicaltravel.at\/tr\/hasta-hikayeleri\/erfahrungsberichte-behandlungen-tuerkei\/hasta-raporu-istanbulda-meme-bueyuetme-carsamba-18-mayis-2016-tarihli-rapor\/\" data-type=\"link\" data-id=\"https:\/\/medicaltravel.at\/tr\/hasta-hikayeleri\/erfahrungsberichte-behandlungen-tuerkei\/hasta-raporu-istanbulda-meme-bueyuetme-carsamba-18-mayis-2016-tarihli-rapor\/\">Sonraki Rapor<\/a><\/p>\n<\/div>\n","protected":false},"excerpt":{"rendered":"<p>\u0130STANBUL\u2019DA MEME AMEL\u0130YATIM DENEY\u0130M\u0130M \u2013 26 may\u0131s 2016 per\u015fembe tarihli rapor \u00dc\u00e7 \u00e7ocuk annesiyim ve her \u00e7ocuktan sonra g\u00f6\u011f\u00fcslerim k\u00fc\u00e7\u00fcld\u00fc ve sarkt\u0131, bu durum beni ger\u00e7ekten \u00e7ok rahats\u0131z ediyordu ve s\u00fcrekli push-up s\u00fctyenlerle durumu gizlemeye \u00e7al\u0131\u015f\u0131yordum. Ama s\u00fctyeni \u00e7\u0131kard\u0131\u011f\u0131m anda ger\u00e7ek ortaya \u00e7\u0131k\u0131yordu ve bu beni her seferinde daha fazla rahats\u0131z ediyordu. Bunu sonra arkada\u015f\u0131m ile konu\u015ftum ve birlikte Medical Travel \u00fczerinden Mulhouse\u2019da Dr. Yazar ile \u00f6n g\u00f6r\u00fc\u015fme i\u00e7in bir randevu ayarlad\u0131k. G\u00f6r\u00fc\u015fme s\u0131ras\u0131nda, bu yola gitmek istedi\u011fim ve bunu m\u00fcmk\u00fcn olan en k\u0131sa s\u00fcrede yapmak istedi\u011fim bana netle\u015fti. Dr. Yazar beni \u00e7ok ikna etti ve kendimi g\u00fcvende hissettim. \u0130ki ay sonra bir randevu ayarlad\u0131k. Her \u015feyin ne kadar iyi organize edildi\u011fine tamamen \u015fa\u015f\u0131rd\u0131m. Hi\u00e7bir \u015feyle kendimiz ilgilenmemiz gerekmedi. U\u00e7ak biletlerini ve oteli kendi ba\u015f\u0131m\u0131za ayarlad\u0131k \u00e7\u00fcnk\u00fc b\u00f6yle istedik. 28 Ocak 2016\u2019da \u0130stanbul\u2019a vard\u0131\u011f\u0131m\u0131zda, bizi hastaneye \u00f6n g\u00f6r\u00fc\u015fmeye g\u00f6t\u00fcren bir kar\u015f\u0131lama servisi haz\u0131r bekliyordu. Hastaneye vard\u0131\u011f\u0131m\u0131zda, kendi dilimizde s\u0131cak bir \u015fekilde kar\u015f\u0131land\u0131k. Sonra bir mamografi \u00e7ektirdik ve ertesi g\u00fcn yap\u0131lacak ameliyat i\u00e7in \u00f6n g\u00f6r\u00fc\u015fmeyi hemen yapt\u0131k. Bize her \u015fey detayl\u0131 bir \u015fekilde anlat\u0131ld\u0131 ve akl\u0131m\u0131zda hi\u00e7bir soru kalmad\u0131. Daha sonra otelimize g\u00f6t\u00fcr\u00fcld\u00fck ve ertesi sabah tam zaman\u0131nda tekrar al\u0131nd\u0131k. M\u00fckemmel bir hizmetti!!!! 29.01.2016 tarihinde ameliyat yap\u0131ld\u0131. S\u00fcrekli bir e\u015flik ile ameliyata haz\u0131rland\u0131k. Ameliyat sorunsuz ge\u00e7ti. Uyand\u0131\u011f\u0131mda \u00e7ok \u015fiddetli a\u011fr\u0131lar\u0131m vard\u0131. Ancak bu a\u011fr\u0131lar olduk\u00e7a h\u0131zl\u0131 ge\u00e7ti ve katlan\u0131labilir hale geldi. G\u00f6zlem i\u00e7in hastanede bir gece daha kald\u0131k. \u00d6n\u00fcm\u00fczdeki g\u00fcnlerde yap\u0131lan kontrol muayenelerinden sonra tekrar otele g\u00f6t\u00fcr\u00fcld\u00fck ve burada iki g\u00fcn daha dinlenip yeni g\u00f6r\u00fcn\u00fcm\u00fcm\u00fcze al\u0131\u015fma f\u0131rsat\u0131 bulduk. G\u00f6\u011f\u00fcslerimi A kupundan C kupuna \u00e7\u0131kartt\u0131rd\u0131m. \u0130mplantlar kas alt\u0131na yerle\u015ftirildi. Sonu\u00e7 harika g\u00f6r\u00fcn\u00fcyor ve kendimi \u00e7ok iyi hissediyorum. Art\u0131k kendime \u00e7\u0131plak olarak da bakabiliyorum ve son derece memnunum. Otelde ge\u00e7irdi\u011fimiz iki g\u00fcn boyunca yatakta dinlendik, televizyon izledik ve oda servisi kulland\u0131k. Daha sonra eve d\u00f6nmeden \u00f6nce son kontrol i\u00e7in tekrar al\u0131nd\u0131k. Dr. Yazar da memnun kald\u0131. Bize ayr\u0131ca \u00e7ok faydal\u0131 tavsiyeler ve kurallar verildi; 3 ay boyunca a\u011f\u0131r kald\u0131rmamak (en fazla 4 kg), spor yapmamak, g\u00fcne\u015fe maruz kalmamak gibi. Eve d\u00f6nd\u00fc\u011f\u00fcmde verilen kurallara \u00e7ok dikkat ettim. Her hafta a\u011fr\u0131lar\u0131m azald\u0131, hareket kabiliyetim artt\u0131 ve kendimi giderek daha \u00e7ok eski ben gibi hissettim. Ve bug\u00fcn \u00fczerinden 4 ay ge\u00e7ti, her \u015feyi tekrar yapabiliyorum ve kendimi harika hissediyorum. G\u00f6\u011f\u00fcsler harika g\u00f6r\u00fcn\u00fcyor. M\u00fckemmel organizasyon ve Dr. Yazar\u2019\u0131n inan\u0131lmaz iyi i\u015fi beni \u00e7ok etkiledi. Doktora ve MedicalTravel\u2019e ger\u00e7ekten \u00e7ok, \u00e7ok te\u015fekk\u00fcr ederim!!!!!!! C. Marrotti \u00d6nceki Rapor Sonraki Rapor<\/p>\n","protected":false},"author":4,"featured_media":0,"parent":4603,"menu_order":0,"comment_status":"closed","ping_status":"closed","template":"","meta":{"_joinchat":[],"footnotes":""},"class_list":["post-4664","page","type-page","status-publish","hentry"],"acf":[],"_links":{"self":[{"href":"https:\/\/medicaltravel.at\/tr\/wp-json\/wp\/v2\/pages\/4664","targetHints":{"allow":["GET"]}}],"collection":[{"href":"https:\/\/medicaltravel.at\/tr\/wp-json\/wp\/v2\/pages"}],"about":[{"href":"https:\/\/medicaltravel.at\/tr\/wp-json\/wp\/v2\/types\/page"}],"author":[{"embeddable":true,"href":"https:\/\/medicaltravel.at\/tr\/wp-json\/wp\/v2\/users\/4"}],"replies":[{"embeddable":true,"href":"https:\/\/medicaltravel.at\/tr\/wp-json\/wp\/v2\/comments?post=4664"}],"version-history":[{"count":2,"href":"https:\/\/medicaltravel.at\/tr\/wp-json\/wp\/v2\/pages\/4664\/revisions"}],"predecessor-version":[{"id":5767,"href":"https:\/\/medicaltravel.at\/tr\/wp-json\/wp\/v2\/pages\/4664\/revisions\/5767"}],"up":[{"embeddable":true,"href":"https:\/\/medicaltravel.at\/tr\/wp-json\/wp\/v2\/pages\/4603"}],"wp:attachment":[{"href":"https:\/\/medicaltravel.at\/tr\/wp-json\/wp\/v2\/media?parent=4664"}],"curies":[{"name":"wp","href":"https:\/\/api.w.org\/{rel}","templated":true}]}}