{"id":4662,"date":"2025-09-27T21:44:32","date_gmt":"2025-09-27T20:44:32","guid":{"rendered":"https:\/\/medicaltravel.at\/hasta-hikayeleri\/erfahrungsberichte-behandlungen-tuerkei\/istanbulda-dis-tedavisi-deneyimim-31-ekim-2015-cumartesi-tarihli-rapor\/"},"modified":"2026-01-13T14:45:35","modified_gmt":"2026-01-13T13:45:35","slug":"istanbulda-dis-tedavisi-deneyimim-31-ekim-2015-cumartesi-tarihli-rapor","status":"publish","type":"page","link":"https:\/\/medicaltravel.at\/tr\/hasta-hikayeleri\/erfahrungsberichte-behandlungen-tuerkei\/istanbulda-dis-tedavisi-deneyimim-31-ekim-2015-cumartesi-tarihli-rapor\/","title":{"rendered":"\u0130stanbul\u2019da Di\u015f Tedavisi Deneyimim \u2013 31 Ekim 2015 Cumartesi tarihli rapor"},"content":{"rendered":"\n<p><strong>\u0130stanbul\u2019da di\u015f tedavisi deneyimim <\/strong>\u2013 31 Ekim 2015 Cumartesi tarihli rapor<\/p>\n\n<p>Haziran ay\u0131nda Bern\u2019de, \u0130stanbul\u2019da di\u015f tedavisi i\u00e7in Dr. \u00d6zt\u00fcrk ile bir dan\u0131\u015fma g\u00f6r\u00fc\u015fmesine kat\u0131ld\u0131m.<\/p>\n\n<p>Bana 8 adet seramik kaplama (veneers) \u00f6nerdi \u00e7\u00fcnk\u00fc kaza sonucu di\u015flerimde koyu lekeler olu\u015fmu\u015ftu.<\/p>\n\n<p>Dr. \u00d6zt\u00fcrk, di\u015flerimi \u00e7ok detayl\u0131 inceleyebilmek i\u00e7in steril aletler kullan\u0131yordu.<\/p>\n\n<p>Uzun bir s\u00fcre randevu ayarlama ve bir\u00e7ok soru\u015fturman\u0131n ard\u0131ndan, tedaviyi T\u00fcrkiye\u2019de yapt\u0131rmaya tamamen spontan ve k\u0131sa s\u00fcreli bir kararla (randevudan 1 hafta \u00f6nce) karar verdim. Bu k\u0131sa s\u00fcreye ra\u011fmen her \u015feyin m\u00fckemmel \u015fekilde organize edilmi\u015f olmas\u0131na hayran kald\u0131m! <\/p>\n\n<p>Onay\u0131 verdikten k\u0131sa bir s\u00fcre sonra, seyahatim i\u00e7in gerekli t\u00fcm bilgiler ve belgeler bana ula\u015ft\u0131.<\/p>\n\n<p>Pazar ak\u015fam\u0131 \u0130stanbul\u2019a vard\u0131\u011f\u0131mda yakla\u015f\u0131k 40 dakika gecikmi\u015f oldum. Transfer hizmeti beni bekledi, \u00fcstelik ara\u00e7ta ba\u015fka hastalar da vard\u0131. <\/p>\n\n<p>Ertesi sabah klini\u011fe y\u00fcr\u00fcyerek gittim, \u00e7\u00fcnk\u00fc otelden 5 dakikadan daha k\u0131sa bir mesafedeydi.<\/p>\n\n<p>Beni \u00e7ok nazik bir \u015fekilde kar\u015f\u0131lad\u0131lar. Ba\u015fta bir terc\u00fcman\u0131m yoktu \u00e7\u00fcnk\u00fc o ba\u015fka hastalarla ilgileniyordu. Ancak di\u015f hekimi \u00e7ok iyi \u0130ngilizce konu\u015ftu\u011fu i\u00e7in bu benim i\u00e7in sorun olmad\u0131.  <\/p>\n\n<p>Tedavinin nas\u0131l ilerleyece\u011fini ve sonras\u0131nda neler yap\u0131laca\u011f\u0131n\u0131 bana ayr\u0131nt\u0131l\u0131 ve sab\u0131rl\u0131 bir \u015fekilde anlatt\u0131, ayr\u0131ca isteklerimi de dikkate ald\u0131.<\/p>\n\n<p>Di\u015flerim k\u00fc\u00e7\u00fclt\u00fcl\u00fcp \u00f6l\u00e7\u00fcler al\u0131nd\u0131ktan sonra, bir sonraki randevu ancak \u00e7ar\u015famba g\u00fcn\u00fc oldu\u011fu i\u00e7in bana ge\u00e7ici bir di\u015f yap\u0131ld\u0131.<\/p>\n\n<p>B\u00f6ylece \u0130stanbul\u2019u gezmek i\u00e7in 2,5 g\u00fcn\u00fcm oldu. Ba\u015fta bir kad\u0131n olarak \u0130stanbul\u2019a tek ba\u015f\u0131ma gelmekten korkuyordum, ancak bu korkum k\u0131sa s\u00fcrede ge\u00e7ti. <\/p>\n\n<p>Otelden \u00e7\u0131karak \u00e7o\u011fu yere tek ba\u015f\u0131ma y\u00fcr\u00fcyerek gittim, \u00f6rne\u011fin Taksim Meydan\u0131\u2019na ya da Cevahir Al\u0131\u015fveri\u015f Merkezi\u2019ne. Yan\u0131mda, insanlara yol sormak i\u00e7in bir \u015fehir haritas\u0131 vard\u0131 (sadece T\u00fcrk\u00e7e konu\u015fsalar bile herkes \u00e7ok yard\u0131mseverdi). Hi\u00e7bir zaman kendimi rahats\u0131z hissetmedim ve her \u015feyle gayet iyi ba\u015fa \u00e7\u0131kt\u0131m.  <\/p>\n\n<p>\u00c7ar\u015famba ve per\u015fembe g\u00fcnleri tekrar kaplamalar\u0131n denemesi yap\u0131ld\u0131, bu arada da gezilecek yerleri g\u00f6rmek i\u00e7in bolca zaman\u0131m oldu.<\/p>\n\n<p>Cuma g\u00fcn\u00fc sonunda beklenen an geldi ve kaplamalar tak\u0131ld\u0131. Cumartesi sabah\u0131 da bir kontrol randevum vard\u0131. <\/p>\n\n<p>Ve sonu\u00e7 ger\u00e7ekten harika!<\/p>\n\n<p>Her zaman MedicalTravel \u00fczerinden tekrar rezervasyon yapar ve tedavimi \u0130stanbul\u2019da Dr. \u00d6zt\u00fcrk\u2019te yapt\u0131r\u0131rd\u0131m, ayr\u0131ca herkese de tavsiye edebilirim!<\/p>\n\n<p>MedicalTravel\u2019in sorunsuz ve kusursuz hizmeti i\u00e7in \u00e7ok te\u015fekk\u00fcr ederim!<\/p>\n\n<p>Sevgilerle<\/p>\n\n<p>Reina Rajane<\/p>\n\n<div class=\"wp-block-group is-layout-grid wp-container-core-group-is-layout-baef362d wp-block-group-is-layout-grid\">\n<p><a href=\"https:\/\/medicaltravel.at\/home\/agb\/\" data-type=\"page\" data-id=\"2191\"><\/a><a href=\"https:\/\/medicaltravel.at\/tr\/hasta-hikayeleri\/erfahrungsberichte-behandlungen-tuerkei\/istanbulda-dis-tedavisi-ve-implant-deneyim-raporu-10-kasim-2015-sali-tarihli-rapor\/\" data-type=\"link\" data-id=\"https:\/\/medicaltravel.at\/berichte-von-patienten\/erfahrungsberichte\/erfahrungsbericht-zahnbehandlung-implantat-istanbul-bericht-vom-dienstag-10-november-2015\/\">\u00d6nceki Rapor<\/a><\/p>\n\n\n\n<p class=\"has-text-align-right wp-container-content-5e2576f9\"><a href=\"https:\/\/medicaltravel.at\/home\/impressum\/\" data-type=\"page\" data-id=\"2193\"><\/a><a href=\"https:\/\/medicaltravel.at\/home\/berichte-von-patienten\/erfahrungsberichte\/erfahrungsbericht-zahnbehandlung-in-istanbul\/\" data-type=\"page\" data-id=\"981\"><\/a><a href=\"https:\/\/medicaltravel.at\/tr\/hasta-hikayeleri\/erfahrungsberichte-behandlungen-tuerkei\/istanbulda-medicaltravel-ile-yaptirdigim-fue-sac-ekimi-deneyimim-carsamba-28-ekim-2015-tarihli-rapor\/\" data-type=\"link\" data-id=\"https:\/\/medicaltravel.at\/berichte-von-patienten\/erfahrungsberichte\/mein-erfahrungsbericht-von-der-fue-haartransplantation-in-istanbul-mit-medicaltravel-bericht-vom-mittwoch-28-oktober-2015\/\">Sonraki Rapor<\/a><\/p>\n<\/div>\n","protected":false},"excerpt":{"rendered":"<p>\u0130stanbul\u2019da di\u015f tedavisi deneyimim \u2013 31 Ekim 2015 Cumartesi tarihli rapor Haziran ay\u0131nda Bern\u2019de, \u0130stanbul\u2019da di\u015f tedavisi i\u00e7in Dr. \u00d6zt\u00fcrk ile bir dan\u0131\u015fma g\u00f6r\u00fc\u015fmesine kat\u0131ld\u0131m. Bana 8 adet seramik kaplama (veneers) \u00f6nerdi \u00e7\u00fcnk\u00fc kaza sonucu di\u015flerimde koyu lekeler olu\u015fmu\u015ftu. Dr. \u00d6zt\u00fcrk, di\u015flerimi \u00e7ok detayl\u0131 inceleyebilmek i\u00e7in steril aletler kullan\u0131yordu. Uzun bir s\u00fcre randevu ayarlama ve bir\u00e7ok soru\u015fturman\u0131n ard\u0131ndan, tedaviyi T\u00fcrkiye\u2019de yapt\u0131rmaya tamamen spontan ve k\u0131sa s\u00fcreli bir kararla (randevudan 1 hafta \u00f6nce) karar verdim. Bu k\u0131sa s\u00fcreye ra\u011fmen her \u015feyin m\u00fckemmel \u015fekilde organize edilmi\u015f olmas\u0131na hayran kald\u0131m! Onay\u0131 verdikten k\u0131sa bir s\u00fcre sonra, seyahatim i\u00e7in gerekli t\u00fcm bilgiler ve belgeler bana ula\u015ft\u0131. Pazar ak\u015fam\u0131 \u0130stanbul\u2019a vard\u0131\u011f\u0131mda yakla\u015f\u0131k 40 dakika gecikmi\u015f oldum. Transfer hizmeti beni bekledi, \u00fcstelik ara\u00e7ta ba\u015fka hastalar da vard\u0131. Ertesi sabah klini\u011fe y\u00fcr\u00fcyerek gittim, \u00e7\u00fcnk\u00fc otelden 5 dakikadan daha k\u0131sa bir mesafedeydi. Beni \u00e7ok nazik bir \u015fekilde kar\u015f\u0131lad\u0131lar. Ba\u015fta bir terc\u00fcman\u0131m yoktu \u00e7\u00fcnk\u00fc o ba\u015fka hastalarla ilgileniyordu. Ancak di\u015f hekimi \u00e7ok iyi \u0130ngilizce konu\u015ftu\u011fu i\u00e7in bu benim i\u00e7in sorun olmad\u0131. Tedavinin nas\u0131l ilerleyece\u011fini ve sonras\u0131nda neler yap\u0131laca\u011f\u0131n\u0131 bana ayr\u0131nt\u0131l\u0131 ve sab\u0131rl\u0131 bir \u015fekilde anlatt\u0131, ayr\u0131ca isteklerimi de dikkate ald\u0131. Di\u015flerim k\u00fc\u00e7\u00fclt\u00fcl\u00fcp \u00f6l\u00e7\u00fcler al\u0131nd\u0131ktan sonra, bir sonraki randevu ancak \u00e7ar\u015famba g\u00fcn\u00fc oldu\u011fu i\u00e7in bana ge\u00e7ici bir di\u015f yap\u0131ld\u0131. B\u00f6ylece \u0130stanbul\u2019u gezmek i\u00e7in 2,5 g\u00fcn\u00fcm oldu. Ba\u015fta bir kad\u0131n olarak \u0130stanbul\u2019a tek ba\u015f\u0131ma gelmekten korkuyordum, ancak bu korkum k\u0131sa s\u00fcrede ge\u00e7ti. Otelden \u00e7\u0131karak \u00e7o\u011fu yere tek ba\u015f\u0131ma y\u00fcr\u00fcyerek gittim, \u00f6rne\u011fin Taksim Meydan\u0131\u2019na ya da Cevahir Al\u0131\u015fveri\u015f Merkezi\u2019ne. Yan\u0131mda, insanlara yol sormak i\u00e7in bir \u015fehir haritas\u0131 vard\u0131 (sadece T\u00fcrk\u00e7e konu\u015fsalar bile herkes \u00e7ok yard\u0131mseverdi). Hi\u00e7bir zaman kendimi rahats\u0131z hissetmedim ve her \u015feyle gayet iyi ba\u015fa \u00e7\u0131kt\u0131m. \u00c7ar\u015famba ve per\u015fembe g\u00fcnleri tekrar kaplamalar\u0131n denemesi yap\u0131ld\u0131, bu arada da gezilecek yerleri g\u00f6rmek i\u00e7in bolca zaman\u0131m oldu. Cuma g\u00fcn\u00fc sonunda beklenen an geldi ve kaplamalar tak\u0131ld\u0131. Cumartesi sabah\u0131 da bir kontrol randevum vard\u0131. Ve sonu\u00e7 ger\u00e7ekten harika! Her zaman MedicalTravel \u00fczerinden tekrar rezervasyon yapar ve tedavimi \u0130stanbul\u2019da Dr. \u00d6zt\u00fcrk\u2019te yapt\u0131r\u0131rd\u0131m, ayr\u0131ca herkese de tavsiye edebilirim! MedicalTravel\u2019in sorunsuz ve kusursuz hizmeti i\u00e7in \u00e7ok te\u015fekk\u00fcr ederim! Sevgilerle Reina Rajane \u00d6nceki Rapor Sonraki Rapor<\/p>\n","protected":false},"author":4,"featured_media":0,"parent":4603,"menu_order":0,"comment_status":"closed","ping_status":"closed","template":"","meta":{"_joinchat":[],"footnotes":""},"class_list":["post-4662","page","type-page","status-publish","hentry"],"acf":[],"_links":{"self":[{"href":"https:\/\/medicaltravel.at\/tr\/wp-json\/wp\/v2\/pages\/4662","targetHints":{"allow":["GET"]}}],"collection":[{"href":"https:\/\/medicaltravel.at\/tr\/wp-json\/wp\/v2\/pages"}],"about":[{"href":"https:\/\/medicaltravel.at\/tr\/wp-json\/wp\/v2\/types\/page"}],"author":[{"embeddable":true,"href":"https:\/\/medicaltravel.at\/tr\/wp-json\/wp\/v2\/users\/4"}],"replies":[{"embeddable":true,"href":"https:\/\/medicaltravel.at\/tr\/wp-json\/wp\/v2\/comments?post=4662"}],"version-history":[{"count":5,"href":"https:\/\/medicaltravel.at\/tr\/wp-json\/wp\/v2\/pages\/4662\/revisions"}],"predecessor-version":[{"id":5559,"href":"https:\/\/medicaltravel.at\/tr\/wp-json\/wp\/v2\/pages\/4662\/revisions\/5559"}],"up":[{"embeddable":true,"href":"https:\/\/medicaltravel.at\/tr\/wp-json\/wp\/v2\/pages\/4603"}],"wp:attachment":[{"href":"https:\/\/medicaltravel.at\/tr\/wp-json\/wp\/v2\/media?parent=4662"}],"curies":[{"name":"wp","href":"https:\/\/api.w.org\/{rel}","templated":true}]}}