{"id":4660,"date":"2025-09-27T21:45:03","date_gmt":"2025-09-27T20:45:03","guid":{"rendered":"https:\/\/medicaltravel.at\/hasta-hikayeleri\/erfahrungsberichte-behandlungen-tuerkei\/istanbulda-medicaltravel-ile-yaptirdigim-fue-sac-ekimi-deneyimim-carsamba-28-ekim-2015-tarihli-rapor\/"},"modified":"2026-01-13T14:46:29","modified_gmt":"2026-01-13T13:46:29","slug":"istanbulda-medicaltravel-ile-yaptirdigim-fue-sac-ekimi-deneyimim-carsamba-28-ekim-2015-tarihli-rapor","status":"publish","type":"page","link":"https:\/\/medicaltravel.at\/tr\/hasta-hikayeleri\/erfahrungsberichte-behandlungen-tuerkei\/istanbulda-medicaltravel-ile-yaptirdigim-fue-sac-ekimi-deneyimim-carsamba-28-ekim-2015-tarihli-rapor\/","title":{"rendered":"\u0130stanbul\u2019da MedicalTravel ile yapt\u0131rd\u0131\u011f\u0131m FUE sa\u00e7 ekimi deneyimim \u2013 \u00c7ar\u015famba, 28 Ekim 2015 tarihli rapor"},"content":{"rendered":"\n<p><strong>\u0130stanbul\u2019da MedicalTravel ile yapt\u0131\u011f\u0131m FUE sa\u00e7 ekimi deneyimim<\/strong> \u2013 28 Ekim 2015 \u00c7ar\u015famba tarihli rapor<\/p>\n\n<p>Haziran ay\u0131nda Bern\u2019de d\u00fczenlenen bir bilgilendirme g\u00fcn\u00fcne kat\u0131ld\u0131m ve bana t\u00fcm s\u00fcre\u00e7 ayr\u0131nt\u0131l\u0131 \u015fekilde anlat\u0131ld\u0131. Ba\u015fta \u00e7ok \u015f\u00fcpheliydim ve interneti didik didik ettim. Ancak Dr. Demirkan bana \u00e7ok samimi bir \u015fekilde ihtiyac\u0131m olan bilgileri verdi. Bunun ard\u0131ndan hemen rezervasyon yapt\u0131m ve sadece 3 ay sonra s\u00fcre\u00e7 ba\u015flad\u0131.   <\/p>\n\n<p>27 Eyl\u00fcl 2015\u2019te Z\u00fcrih\u2019ten \u0130stanbul\u2019a u\u00e7tum, anla\u015fmaya uygun olarak havaalan\u0131nda nazik bir \u015fekilde kar\u015f\u0131land\u0131m ve otele g\u00f6t\u00fcr\u00fcld\u00fcm.<\/p>\n\n<p>28 Eyl\u00fcl 2015\u2019te saat 09:00\u2019da hastaneye gittim. Bu arada otel, Ac\u0131badem Hastanesi\u2019ne sadece 200 metre uzakl\u0131ktayd\u0131, yani y\u00fcr\u00fcyerek de rahat\u00e7a ula\u015f\u0131labiliyordu. Hastaneye vard\u0131\u011f\u0131mda beni bir han\u0131m kar\u015f\u0131lad\u0131 (terc\u00fcman) ve Dr. Demirkan\u2019a g\u00f6t\u00fcrd\u00fc. FUE s\u00fcrecinin tamam\u0131n\u0131 detayl\u0131 \u015fekilde konu\u015ftuk. Daha sonra doktor sa\u00e7lar\u0131m\u0131 bir cihazla \u00f6l\u00e7t\u00fc ve yeni sa\u00e7lar\u0131n nerelere ekilece\u011fine bakt\u0131. Ard\u0131ndan PRP tedavisinin yap\u0131laca\u011f\u0131 odaya g\u00f6t\u00fcr\u00fcld\u00fcm.     <\/p>\n\n<p>\u00d6\u011fleden sonra kendime zaman ay\u0131rd\u0131m ve \u0130stanbul\u2019un muhte\u015fem \u015fehir merkezini gezdim.<\/p>\n\n<p>\u00d6nceki g\u00fcn oldu\u011fu gibi 29 Eyl\u00fcl 2015\u2019te de saat 09:00\u2019da hastaneye gittim. Hastaneye vard\u0131\u011f\u0131mda resepsiyonda bir bey piyano \u00e7al\u0131yordu ve sakinle\u015ftirici bir m\u00fczik \u00e7almas\u0131 beni olduk\u00e7a rahatlatt\u0131. <\/p>\n\n<p>Sonra i\u015flem ba\u015flad\u0131, bir doktor kan \u00f6rnekleri ald\u0131 ve ard\u0131ndan beni tedavinin yap\u0131laca\u011f\u0131 salona g\u00f6t\u00fcrd\u00fc. \u00dc\u00e7 doktor yan\u0131mda belirdi ve kendilerini tan\u0131tt\u0131lar. Daha sonra sa\u00e7lar\u0131n \u00e7izgisi i\u015faretlendi ve bana sa\u00e7lar\u0131n nereye kadar ekilece\u011fi g\u00f6sterildi. Sa\u00e7 \u00e7izgisini kendim se\u00e7ebildim ve \u00e7izildi. Ayr\u0131ca kendi deneyimlerine dayanarak, sonucun m\u00fcmk\u00fcn oldu\u011funca do\u011fal ve fark edilmeyecek \u015fekilde olmas\u0131n\u0131 \u00f6nerdiler.    <\/p>\n\n<p>Ard\u0131ndan i\u015flem ba\u015flad\u0131, kafamdaki t\u00fcm sa\u00e7lar t\u0131ra\u015f edildi ve birka\u00e7 lokal anestezi i\u011fnesi yap\u0131ld\u0131. Bunlar normal i\u011fneler gibi, sadece \u00e7ok hafif hissediliyor. Anestezi d\u0131\u015f\u0131nda i\u015flem s\u0131ras\u0131nda hi\u00e7bir \u015fey hissetmedim, ger\u00e7ekten hi\u00e7bir \u015fey. Sa\u00e7 ekimi toplam 5 saat s\u00fcrd\u00fc ve 3000 greft ekildi.   <\/p>\n\n<p>Tedavi sorunsuz ve a\u011fr\u0131s\u0131z ge\u00e7ti, zaman da \u00e7ok h\u0131zl\u0131 ge\u00e7ti. \u0130\u015flem s\u0131ras\u0131nda \u00fc\u00e7 ki\u015fi g\u00f6rev ald\u0131. Bu s\u0131rada televizyonda bir \u015feyler a\u00e7\u0131kt\u0131 ama yatarken izlemek olduk\u00e7a zordu.  <\/p>\n\n<p>FUE i\u015fleminden sonra otele g\u00f6t\u00fcr\u00fcld\u00fcm ve dinlendim, herhangi bir a\u011fr\u0131 hissetmedim.<\/p>\n\n<p>Ertesi g\u00fcn, 30 Eyl\u00fcl 2015\u2019te saat 11:00\u2019de ense bandaj\u0131n\u0131 de\u011fi\u015ftirmek i\u00e7in randevum vard\u0131 ve saat 14:00\u2019te beni havaalan\u0131na g\u00f6t\u00fcrd\u00fcler, ard\u0131ndan eve d\u00f6nmek \u00fczere u\u00e7a\u011fa bindim.<\/p>\n\n<p>Bu tedaviyi \u0130stanbul\u2019da MedicalTravel ile hemen tekrar yapt\u0131r\u0131rd\u0131m. Her \u015fey plana uygun ilerledi ve hi\u00e7 a\u011fr\u0131 hissetmedim. \u015eu ana kadar sonu\u00e7 da harika g\u00f6r\u00fcn\u00fcyor. Ac\u0131badem Hastanesi son derece modern bir \u015fekilde tasarlanm\u0131\u015f (adeta l\u00fcks bir otel gibi), personel \u00e7ok nazikti, hijyen m\u00fckemmeldi ve transfer hizmeti sorunsuz \u00e7al\u0131\u015ft\u0131.   <\/p>\n\n<p>Eve d\u00f6nd\u00fckten sonra 3 g\u00fcn bekledim ve ard\u0131ndan losyon ve \u015fampuanla yeni sa\u00e7lar\u0131m\u0131 \u00e7ok nazik\u00e7e y\u0131kamaya ba\u015flad\u0131m.<\/p>\n\n<p>Bunu 10 g\u00fcn boyunca tekrarlad\u0131m. Ard\u0131ndan kabuklar tamamen kayboldu ve ekilen b\u00f6lgede sadece \u00e7ok hafif bir k\u0131zar\u0131kl\u0131k kald\u0131. Don\u00f6r b\u00f6lge de neredeyse tamamen iyile\u015fti ve \u00e7\u0131kan sa\u00e7lar sayesinde art\u0131k neredeyse hi\u00e7 belli olmuyor.  <\/p>\n\n<p>FUE tedavisini \u00e7ok daha a\u011fr\u0131l\u0131 ve zor bir s\u00fcre\u00e7 olarak d\u00fc\u015f\u00fcnm\u00fc\u015ft\u00fcm. Hi\u00e7 a\u011fr\u0131 hissetmedim ve her \u015fey plana uygun ilerledi. \u015eimdi 4 hafta ge\u00e7ti ve ekilen sa\u00e7lar d\u00f6k\u00fclmeye ba\u015flad\u0131. Nihai sonucu sab\u0131rs\u0131zl\u0131kla bekliyorum, ama \u015fimdiden harika olaca\u011f\u0131na eminim.   <\/p>\n\n<p>Harika destek i\u00e7in \u00e7ok te\u015fekk\u00fcr ederim ve MEDICALTRAVEL ile FUE tedavisini herkese tavsiye ederim. Sevgiler, Marco S. <\/p>\n\n<div class=\"wp-block-group is-layout-grid wp-container-core-group-is-layout-baef362d wp-block-group-is-layout-grid\">\n<p><a href=\"https:\/\/medicaltravel.at\/home\/agb\/\" data-type=\"page\" data-id=\"2191\"><\/a><a href=\"https:\/\/medicaltravel.at\/tr\/hasta-hikayeleri\/erfahrungsberichte-behandlungen-tuerkei\/istanbulda-dis-tedavisi-deneyimim-31-ekim-2015-cumartesi-tarihli-rapor\/\" data-type=\"link\" data-id=\"https:\/\/medicaltravel.at\/berichte-von-patienten\/erfahrungsberichte\/mein-erfahrungsbericht-zahnbehandlung-in-istanbul-bericht-vom-samstag-31-oktober-2015\/\">\u00d6nceki Rapor<\/a><\/p>\n\n\n\n<p class=\"has-text-align-right wp-container-content-5e2576f9\"><a href=\"https:\/\/medicaltravel.at\/home\/impressum\/\" data-type=\"page\" data-id=\"2193\"><\/a><a href=\"https:\/\/medicaltravel.at\/home\/berichte-von-patienten\/erfahrungsberichte\/erfahrungsbericht-zahnbehandlung-in-istanbul\/\" data-type=\"page\" data-id=\"981\"><\/a><a href=\"https:\/\/medicaltravel.at\/tr\/hasta-hikayeleri\/erfahrungsberichte-behandlungen-tuerkei\/hasta-raporu-tuerkiyede-meme-bueyuetme-ameliyatim-carsamba-16-eyluel-2015-tarihli-rapor\/\" data-type=\"link\" data-id=\"https:\/\/medicaltravel.at\/berichte-von-patienten\/erfahrungsberichte\/patientenbericht-meine-brustvergroesserung-in-der-tuerkei-bericht-vom-mittwoch-16-september-2015\/\">Sonraki Rapor<\/a><\/p>\n<\/div>\n","protected":false},"excerpt":{"rendered":"<p>\u0130stanbul\u2019da MedicalTravel ile yapt\u0131\u011f\u0131m FUE sa\u00e7 ekimi deneyimim \u2013 28 Ekim 2015 \u00c7ar\u015famba tarihli rapor Haziran ay\u0131nda Bern\u2019de d\u00fczenlenen bir bilgilendirme g\u00fcn\u00fcne kat\u0131ld\u0131m ve bana t\u00fcm s\u00fcre\u00e7 ayr\u0131nt\u0131l\u0131 \u015fekilde anlat\u0131ld\u0131. Ba\u015fta \u00e7ok \u015f\u00fcpheliydim ve interneti didik didik ettim. Ancak Dr. Demirkan bana \u00e7ok samimi bir \u015fekilde ihtiyac\u0131m olan bilgileri verdi. Bunun ard\u0131ndan hemen rezervasyon yapt\u0131m ve sadece 3 ay sonra s\u00fcre\u00e7 ba\u015flad\u0131. 27 Eyl\u00fcl 2015\u2019te Z\u00fcrih\u2019ten \u0130stanbul\u2019a u\u00e7tum, anla\u015fmaya uygun olarak havaalan\u0131nda nazik bir \u015fekilde kar\u015f\u0131land\u0131m ve otele g\u00f6t\u00fcr\u00fcld\u00fcm. 28 Eyl\u00fcl 2015\u2019te saat 09:00\u2019da hastaneye gittim. Bu arada otel, Ac\u0131badem Hastanesi\u2019ne sadece 200 metre uzakl\u0131ktayd\u0131, yani y\u00fcr\u00fcyerek de rahat\u00e7a ula\u015f\u0131labiliyordu. Hastaneye vard\u0131\u011f\u0131mda beni bir han\u0131m kar\u015f\u0131lad\u0131 (terc\u00fcman) ve Dr. Demirkan\u2019a g\u00f6t\u00fcrd\u00fc. FUE s\u00fcrecinin tamam\u0131n\u0131 detayl\u0131 \u015fekilde konu\u015ftuk. Daha sonra doktor sa\u00e7lar\u0131m\u0131 bir cihazla \u00f6l\u00e7t\u00fc ve yeni sa\u00e7lar\u0131n nerelere ekilece\u011fine bakt\u0131. Ard\u0131ndan PRP tedavisinin yap\u0131laca\u011f\u0131 odaya g\u00f6t\u00fcr\u00fcld\u00fcm. \u00d6\u011fleden sonra kendime zaman ay\u0131rd\u0131m ve \u0130stanbul\u2019un muhte\u015fem \u015fehir merkezini gezdim. \u00d6nceki g\u00fcn oldu\u011fu gibi 29 Eyl\u00fcl 2015\u2019te de saat 09:00\u2019da hastaneye gittim. Hastaneye vard\u0131\u011f\u0131mda resepsiyonda bir bey piyano \u00e7al\u0131yordu ve sakinle\u015ftirici bir m\u00fczik \u00e7almas\u0131 beni olduk\u00e7a rahatlatt\u0131. Sonra i\u015flem ba\u015flad\u0131, bir doktor kan \u00f6rnekleri ald\u0131 ve ard\u0131ndan beni tedavinin yap\u0131laca\u011f\u0131 salona g\u00f6t\u00fcrd\u00fc. \u00dc\u00e7 doktor yan\u0131mda belirdi ve kendilerini tan\u0131tt\u0131lar. Daha sonra sa\u00e7lar\u0131n \u00e7izgisi i\u015faretlendi ve bana sa\u00e7lar\u0131n nereye kadar ekilece\u011fi g\u00f6sterildi. Sa\u00e7 \u00e7izgisini kendim se\u00e7ebildim ve \u00e7izildi. Ayr\u0131ca kendi deneyimlerine dayanarak, sonucun m\u00fcmk\u00fcn oldu\u011funca do\u011fal ve fark edilmeyecek \u015fekilde olmas\u0131n\u0131 \u00f6nerdiler. Ard\u0131ndan i\u015flem ba\u015flad\u0131, kafamdaki t\u00fcm sa\u00e7lar t\u0131ra\u015f edildi ve birka\u00e7 lokal anestezi i\u011fnesi yap\u0131ld\u0131. Bunlar normal i\u011fneler gibi, sadece \u00e7ok hafif hissediliyor. Anestezi d\u0131\u015f\u0131nda i\u015flem s\u0131ras\u0131nda hi\u00e7bir \u015fey hissetmedim, ger\u00e7ekten hi\u00e7bir \u015fey. Sa\u00e7 ekimi toplam 5 saat s\u00fcrd\u00fc ve 3000 greft ekildi. Tedavi sorunsuz ve a\u011fr\u0131s\u0131z ge\u00e7ti, zaman da \u00e7ok h\u0131zl\u0131 ge\u00e7ti. \u0130\u015flem s\u0131ras\u0131nda \u00fc\u00e7 ki\u015fi g\u00f6rev ald\u0131. Bu s\u0131rada televizyonda bir \u015feyler a\u00e7\u0131kt\u0131 ama yatarken izlemek olduk\u00e7a zordu. FUE i\u015fleminden sonra otele g\u00f6t\u00fcr\u00fcld\u00fcm ve dinlendim, herhangi bir a\u011fr\u0131 hissetmedim. Ertesi g\u00fcn, 30 Eyl\u00fcl 2015\u2019te saat 11:00\u2019de ense bandaj\u0131n\u0131 de\u011fi\u015ftirmek i\u00e7in randevum vard\u0131 ve saat 14:00\u2019te beni havaalan\u0131na g\u00f6t\u00fcrd\u00fcler, ard\u0131ndan eve d\u00f6nmek \u00fczere u\u00e7a\u011fa bindim. Bu tedaviyi \u0130stanbul\u2019da MedicalTravel ile hemen tekrar yapt\u0131r\u0131rd\u0131m. Her \u015fey plana uygun ilerledi ve hi\u00e7 a\u011fr\u0131 hissetmedim. \u015eu ana kadar sonu\u00e7 da harika g\u00f6r\u00fcn\u00fcyor. Ac\u0131badem Hastanesi son derece modern bir \u015fekilde tasarlanm\u0131\u015f (adeta l\u00fcks bir otel gibi), personel \u00e7ok nazikti, hijyen m\u00fckemmeldi ve transfer hizmeti sorunsuz \u00e7al\u0131\u015ft\u0131. Eve d\u00f6nd\u00fckten sonra 3 g\u00fcn bekledim ve ard\u0131ndan losyon ve \u015fampuanla yeni sa\u00e7lar\u0131m\u0131 \u00e7ok nazik\u00e7e y\u0131kamaya ba\u015flad\u0131m. Bunu 10 g\u00fcn boyunca tekrarlad\u0131m. Ard\u0131ndan kabuklar tamamen kayboldu ve ekilen b\u00f6lgede sadece \u00e7ok hafif bir k\u0131zar\u0131kl\u0131k kald\u0131. Don\u00f6r b\u00f6lge de neredeyse tamamen iyile\u015fti ve \u00e7\u0131kan sa\u00e7lar sayesinde art\u0131k neredeyse hi\u00e7 belli olmuyor. FUE tedavisini \u00e7ok daha a\u011fr\u0131l\u0131 ve zor bir s\u00fcre\u00e7 olarak d\u00fc\u015f\u00fcnm\u00fc\u015ft\u00fcm. Hi\u00e7 a\u011fr\u0131 hissetmedim ve her \u015fey plana uygun ilerledi. \u015eimdi 4 hafta ge\u00e7ti ve ekilen sa\u00e7lar d\u00f6k\u00fclmeye ba\u015flad\u0131. Nihai sonucu sab\u0131rs\u0131zl\u0131kla bekliyorum, ama \u015fimdiden harika olaca\u011f\u0131na eminim. Harika destek i\u00e7in \u00e7ok te\u015fekk\u00fcr ederim ve MEDICALTRAVEL ile FUE tedavisini herkese tavsiye ederim. Sevgiler, Marco S. \u00d6nceki Rapor Sonraki Rapor<\/p>\n","protected":false},"author":4,"featured_media":0,"parent":4603,"menu_order":0,"comment_status":"closed","ping_status":"closed","template":"","meta":{"_joinchat":[],"footnotes":""},"class_list":["post-4660","page","type-page","status-publish","hentry"],"acf":[],"_links":{"self":[{"href":"https:\/\/medicaltravel.at\/tr\/wp-json\/wp\/v2\/pages\/4660","targetHints":{"allow":["GET"]}}],"collection":[{"href":"https:\/\/medicaltravel.at\/tr\/wp-json\/wp\/v2\/pages"}],"about":[{"href":"https:\/\/medicaltravel.at\/tr\/wp-json\/wp\/v2\/types\/page"}],"author":[{"embeddable":true,"href":"https:\/\/medicaltravel.at\/tr\/wp-json\/wp\/v2\/users\/4"}],"replies":[{"embeddable":true,"href":"https:\/\/medicaltravel.at\/tr\/wp-json\/wp\/v2\/comments?post=4660"}],"version-history":[{"count":3,"href":"https:\/\/medicaltravel.at\/tr\/wp-json\/wp\/v2\/pages\/4660\/revisions"}],"predecessor-version":[{"id":5557,"href":"https:\/\/medicaltravel.at\/tr\/wp-json\/wp\/v2\/pages\/4660\/revisions\/5557"}],"up":[{"embeddable":true,"href":"https:\/\/medicaltravel.at\/tr\/wp-json\/wp\/v2\/pages\/4603"}],"wp:attachment":[{"href":"https:\/\/medicaltravel.at\/tr\/wp-json\/wp\/v2\/media?parent=4660"}],"curies":[{"name":"wp","href":"https:\/\/api.w.org\/{rel}","templated":true}]}}