{"id":4657,"date":"2025-09-27T21:08:22","date_gmt":"2025-09-27T20:08:22","guid":{"rendered":"https:\/\/medicaltravel.at\/hasta-hikayeleri\/erfahrungsberichte-behandlungen-tuerkei\/istanbulda-sac-ekimi-deneyim-raporu-15-subat-2019-cuma-tarihli-rapor-2\/"},"modified":"2026-01-13T14:28:41","modified_gmt":"2026-01-13T13:28:41","slug":"istanbulda-sac-ekimi-deneyim-raporu-15-subat-2019-cuma-tarihli-rapor-2","status":"publish","type":"page","link":"https:\/\/medicaltravel.at\/tr\/hasta-hikayeleri\/erfahrungsberichte-behandlungen-tuerkei\/istanbulda-sac-ekimi-deneyim-raporu-15-subat-2019-cuma-tarihli-rapor-2\/","title":{"rendered":"\u0130STANBUL&#8217;DA SA\u00c7 EK\u0130M\u0130 &#8211; DENEY\u0130M RAPORU &#8211; 15 \u015eubat 2019 Cuma Tarihli Rapor"},"content":{"rendered":"\n<p><strong>\u0130STANBUL&#8217;DA SA\u00c7 EK\u0130M\u0130 &#8211; DENEY\u0130M RAPORU<\/strong> &#8211; 15 \u015eubat 2019 Cuma Tarihli Rapor<\/p>\n\n\n\n<p>Yakla\u015f\u0131k 21 ya\u015f\u0131mdan beri sa\u00e7 d\u00f6k\u00fclmesi sorunu ya\u015f\u0131yorum. Sa\u00e7 d\u00f6k\u00fclmesine kar\u015f\u0131 m\u00fcmk\u00fcn olan her \u015feyi denedim, her t\u00fcrl\u00fc y\u00f6ntemle m\u00fccadele etmeye \u00e7al\u0131\u015ft\u0131m ancak hepsi sadece s\u0131n\u0131rl\u0131 bir ba\u015far\u0131 sa\u011flad\u0131. Bir noktadan sonra bu \u00fcr\u00fcnlerin hepsini kullanmak istemez oldum \u00e7\u00fcnk\u00fc her sabah ve her ak\u015fam bununla u\u011fra\u015fmak bana \u00e7ok zahmetli geliyordu. Bu nedenle yakla\u015f\u0131k 24 ya\u015f\u0131mdayken, bunu uzun vadede tek kal\u0131c\u0131 \u00e7\u00f6z\u00fcm olarak g\u00f6rd\u00fc\u011f\u00fcm i\u00e7in sa\u00e7 ekimi konusuyla ilgilenmeye ba\u015flad\u0131m.   <\/p>\n\n\n\n<p>Bu y\u00fczden internette ara\u015ft\u0131rma yapmaya ba\u015flad\u0131m. Bunu \u00e7ok b\u00fcy\u00fck bir m\u00fcdahale olarak g\u00f6rd\u00fc\u011f\u00fcm i\u00e7in, en ince ayr\u0131nt\u0131s\u0131na kadar her \u015fey hakk\u0131nda bilgi almak istiyordum. \u0130svi\u00e7re\u2019deki tedavi fiyatlar\u0131 benim i\u00e7in fazlas\u0131yla y\u00fcksek oldu\u011fu i\u00e7in, sa\u00e7 ekimini T\u00fcrkiye\u2019de yapt\u0131rmaya karar verdim. Tedavi yurt d\u0131\u015f\u0131nda olaca\u011f\u0131 i\u00e7in, bu durum beni daha da fazla ara\u015ft\u0131rma yapmaya y\u00f6neltti. T\u00fcrkiye\u2019de estetik bir operasyon yapt\u0131rm\u0131\u015f olan bir tan\u0131d\u0131\u011f\u0131m sayesinde Medical Travel ile tan\u0131\u015ft\u0131m. Bu ki\u015fi bana Medical Travel\u2019\u0131n Zug\u2019da dan\u0131\u015fmanl\u0131k g\u00fcnleri d\u00fczenledi\u011fini, bu g\u00fcnlerde operasyonu ve akl\u0131mdaki t\u00fcm sorular\u0131 tedaviyi yapacak doktorla birebir konu\u015fabildi\u011fimi anlatt\u0131. Bu benim i\u00e7in \u00e7ok \u00f6nemliydi \u00e7\u00fcnk\u00fc bu sayede i\u00e7imdeki \u015f\u00fcpheleri tamamen giderebildim.    <\/p>\n\n\n\n<p>Bu nedenle Zug\u2019daki dan\u0131\u015fmanl\u0131k g\u00fcnlerinden birine kay\u0131t oldum ve orada her \u015feyi detayl\u0131 \u015fekilde konu\u015fabildi\u011fim doktorla tan\u0131\u015ft\u0131m. Bu g\u00f6r\u00fc\u015fmeden sonra sa\u00e7 ekimimi Medical Travel arac\u0131l\u0131\u011f\u0131yla yapt\u0131raca\u011f\u0131m benim i\u00e7in tamamen netle\u015fti. <\/p>\n\n\n\n<p>25 Aral\u0131k ak\u015fam\u0131, bana e\u015flik eden partnerimle birlikte \u0130stanbul\u2019a u\u00e7tuk. Otele transfer ve check-in i\u015flemleri sorunsuz ve \u00e7ok iyi \u015fekilde ger\u00e7ekle\u015fti. Ertesi sabah saat 08:00\u2019de otelden al\u0131nd\u0131m ve klini\u011fe g\u00f6t\u00fcr\u00fcld\u00fcm. Burada beni ki\u015fisel ve olduk\u00e7a g\u00fcler y\u00fczl\u00fc terc\u00fcman\u0131m kar\u015f\u0131lad\u0131. Terc\u00fcman t\u00fcm s\u00fcre\u00e7 boyunca, hatta operasyon s\u0131ras\u0131nda bile s\u00fcrekli yan\u0131mdayd\u0131. Doktor ve terc\u00fcmanla birlikte hemen operasyonla ilgili g\u00f6r\u00fc\u015fme yapt\u0131k. Ger\u00e7ekten ho\u015fuma gitmeyen tek \u015fey, Zug\u2019da g\u00f6r\u00fc\u015ft\u00fc\u011f\u00fcm doktorun orada olmamas\u0131 ve bana ba\u015fka bir doktorun atanm\u0131\u015f olmas\u0131yd\u0131. Sordu\u011fumda sadece burada olmad\u0131\u011f\u0131 s\u00f6ylendi. Buna ra\u011fmen tedaviyi yapan doktor da \u00e7ok nazik ve profesyonel bir izlenim b\u0131rakt\u0131. Ayr\u0131ca son derece modern olan Ac\u0131badem Klini\u011fi de bende \u00e7ok olumlu bir izlenim uyand\u0131rd\u0131.      <\/p>\n\n\n\n<p>Daha sonra yerine al\u0131nd\u0131m ve doktor lokal anestezi uygulamaya ba\u015flad\u0131. Bu arada belirtmem gerekir ki, bu i\u015flem tedavinin ger\u00e7ekten a\u011fr\u0131l\u0131 olan tek k\u0131sm\u0131yd\u0131. A\u011fr\u0131 da \u00e7ok k\u0131sa s\u00fcrd\u00fc \u00e7\u00fcnk\u00fc uyu\u015fturma hemen etkisini g\u00f6steriyor. K\u0131sa bir kontrolle al\u0131m yap\u0131lacak b\u00f6lgenin ger\u00e7ekten uyu\u015fmu\u015f oldu\u011fu test edildikten sonra, don\u00f6r b\u00f6lgeden greft al\u0131m\u0131na ge\u00e7ildi. Bu i\u015flem bende yakla\u015f\u0131k 3 saat s\u00fcrd\u00fc. \u00d6\u011fle yeme\u011finden sonra ekim yap\u0131lacak b\u00f6lge uyu\u015fturuldu, bu da yine k\u0131sa s\u00fcreli hafif bir a\u011fr\u0131ya neden oldu ve ard\u0131ndan sa\u00e7lar\u0131n ekilmesine ba\u015fland\u0131. Bu a\u015fama yakla\u015f\u0131k 5 saat s\u00fcrd\u00fc. Toplamda bana 4000 greft yani sa\u00e7 k\u00f6k\u00fc ekildi.   <\/p>\n\n\n\n<p>Daha sonra otele geri d\u00f6nd\u00fcm ve yorucu ge\u00e7en operasyondan sonra dinlenme f\u0131rsat\u0131 buldum.<\/p>\n\n\n\n<p>Ertesi g\u00fcn yine saat 08:00\u2019de al\u0131nd\u0131m ve kontrol i\u00e7in klini\u011fe g\u00f6t\u00fcr\u00fcld\u00fcm. Operasyondan sonraki s\u00fcre\u00e7te nelere dikkat etmem gerekti\u011fi ve ekilen b\u00f6lgeyi sa\u00e7lar\u0131n sa\u011fl\u0131kl\u0131 ve d\u00fczg\u00fcn \u015fekilde tutunabilmesi i\u00e7in nas\u0131l bak\u0131m yapmam gerekti\u011fi bana detayl\u0131 olarak g\u00f6sterildi. <\/p>\n\n\n\n<p>Operasyondan sonra hemen eve d\u00f6nmek istemedi\u011fim i\u00e7in \u0130stanbul\u2019da 3 g\u00fcn daha kald\u0131m ve biraz daha dinlenmeyi tercih ettim. \u0130stanbul\u2019da sa\u00e7 ekiminden sonra bu \u015fekilde dola\u015fmak bana hi\u00e7 garip ya da utand\u0131r\u0131c\u0131 gelmedi \u00e7\u00fcnk\u00fc benim gibi \u00e7ok ki\u015fi vard\u0131 ve insanlar buna zaten al\u0131\u015fk\u0131nd\u0131. <\/p>\n\n\n\n<p>Operasyonun \u00fczerinden yakla\u015f\u0131k 1,5 ay ge\u00e7ti ve \u015fu ana kadarki s\u00fcre\u00e7ten genel olarak \u00e7ok memnunum. Nihai sonucu g\u00f6rmek i\u00e7in biraz daha sabretmem gerekiyor \u00e7\u00fcnk\u00fc as\u0131l sonu\u00e7 ancak operasyondan 9\u201312 ay sonra ortaya \u00e7\u0131k\u0131yor. <\/p>\n\n\n\n<p>Bu vesileyle her \u015feyin benim memnuniyetim do\u011frultusunda ger\u00e7ekle\u015fmesini sa\u011flayan MedicalTravel ekibine te\u015fekk\u00fcr etmek istiyorum.<\/p>\n\n\n\n<p>Luca, 26 ya\u015f\u0131nda<\/p>\n\n\n\n<div class=\"wp-block-group is-layout-grid wp-container-core-group-is-layout-baef362d wp-block-group-is-layout-grid\">\n<p><a href=\"https:\/\/medicaltravel.at\/home\/agb\/\" data-type=\"page\" data-id=\"2191\"><\/a><a href=\"https:\/\/medicaltravel.at\/tr\/hasta-hikayeleri\/erfahrungsberichte-behandlungen-tuerkei\/istanbuldaki-acibadem-hastanesi-dis-tedavim-19-mart-2019-sali-deneyimim-is-tamamlandi\/\" data-type=\"link\" data-id=\"https:\/\/medicaltravel.at\/tr\/hasta-hikayeleri\/erfahrungsberichte-behandlungen-tuerkei\/istanbuldaki-acibadem-hastanesi-dis-tedavim-19-mart-2019-sali-deneyimim-is-tamamlandi\/\">\u00d6nceki Rapor<\/a><\/p>\n\n\n\n<p class=\"has-text-align-right wp-container-content-5e2576f9\"><a href=\"https:\/\/medicaltravel.at\/home\/impressum\/\" data-type=\"page\" data-id=\"2193\"><\/a><a href=\"https:\/\/medicaltravel.at\/home\/berichte-von-patienten\/erfahrungsberichte\/erfahrungsbericht-zahnbehandlung-in-istanbul\/\" data-type=\"page\" data-id=\"981\"><\/a><a href=\"https:\/\/medicaltravel.at\/tr\/hasta-hikayeleri\/erfahrungsberichte-behandlungen-tuerkei\/istanbulda-goegues-bueyuetme-deneyim-raporu-tuerkiye-05-subat-2019-sali-tarihli-rapor\/\" data-type=\"link\" data-id=\"https:\/\/medicaltravel.at\/berichte-von-patienten\/erfahrungsberichte\/erfahrungsbericht-brustvergroesserung-in-istanbul-tuerkei-bericht-vom-dienstag-05-februar-2019\/\">Sonraki Rapor<\/a><\/p>\n<\/div>\n\n\n\n<p><\/p>\n","protected":false},"excerpt":{"rendered":"<p>\u0130STANBUL&#8217;DA SA\u00c7 EK\u0130M\u0130 &#8211; DENEY\u0130M RAPORU &#8211; 15 \u015eubat 2019 Cuma Tarihli Rapor Yakla\u015f\u0131k 21 ya\u015f\u0131mdan beri sa\u00e7 d\u00f6k\u00fclmesi sorunu ya\u015f\u0131yorum. Sa\u00e7 d\u00f6k\u00fclmesine kar\u015f\u0131 m\u00fcmk\u00fcn olan her \u015feyi denedim, her t\u00fcrl\u00fc y\u00f6ntemle m\u00fccadele etmeye \u00e7al\u0131\u015ft\u0131m ancak hepsi sadece s\u0131n\u0131rl\u0131 bir ba\u015far\u0131 sa\u011flad\u0131. Bir noktadan sonra bu \u00fcr\u00fcnlerin hepsini kullanmak istemez oldum \u00e7\u00fcnk\u00fc her sabah ve her ak\u015fam bununla u\u011fra\u015fmak bana \u00e7ok zahmetli geliyordu. Bu nedenle yakla\u015f\u0131k 24 ya\u015f\u0131mdayken, bunu uzun vadede tek kal\u0131c\u0131 \u00e7\u00f6z\u00fcm olarak g\u00f6rd\u00fc\u011f\u00fcm i\u00e7in sa\u00e7 ekimi konusuyla ilgilenmeye ba\u015flad\u0131m. Bu y\u00fczden internette ara\u015ft\u0131rma yapmaya ba\u015flad\u0131m. Bunu \u00e7ok b\u00fcy\u00fck bir m\u00fcdahale olarak g\u00f6rd\u00fc\u011f\u00fcm i\u00e7in, en ince ayr\u0131nt\u0131s\u0131na kadar her \u015fey hakk\u0131nda bilgi almak istiyordum. \u0130svi\u00e7re\u2019deki tedavi fiyatlar\u0131 benim i\u00e7in fazlas\u0131yla y\u00fcksek oldu\u011fu i\u00e7in, sa\u00e7 ekimini T\u00fcrkiye\u2019de yapt\u0131rmaya karar verdim. Tedavi yurt d\u0131\u015f\u0131nda olaca\u011f\u0131 i\u00e7in, bu durum beni daha da fazla ara\u015ft\u0131rma yapmaya y\u00f6neltti. T\u00fcrkiye\u2019de estetik bir operasyon yapt\u0131rm\u0131\u015f olan bir tan\u0131d\u0131\u011f\u0131m sayesinde Medical Travel ile tan\u0131\u015ft\u0131m. Bu ki\u015fi bana Medical Travel\u2019\u0131n Zug\u2019da dan\u0131\u015fmanl\u0131k g\u00fcnleri d\u00fczenledi\u011fini, bu g\u00fcnlerde operasyonu ve akl\u0131mdaki t\u00fcm sorular\u0131 tedaviyi yapacak doktorla birebir konu\u015fabildi\u011fimi anlatt\u0131. Bu benim i\u00e7in \u00e7ok \u00f6nemliydi \u00e7\u00fcnk\u00fc bu sayede i\u00e7imdeki \u015f\u00fcpheleri tamamen giderebildim. Bu nedenle Zug\u2019daki dan\u0131\u015fmanl\u0131k g\u00fcnlerinden birine kay\u0131t oldum ve orada her \u015feyi detayl\u0131 \u015fekilde konu\u015fabildi\u011fim doktorla tan\u0131\u015ft\u0131m. Bu g\u00f6r\u00fc\u015fmeden sonra sa\u00e7 ekimimi Medical Travel arac\u0131l\u0131\u011f\u0131yla yapt\u0131raca\u011f\u0131m benim i\u00e7in tamamen netle\u015fti. 25 Aral\u0131k ak\u015fam\u0131, bana e\u015flik eden partnerimle birlikte \u0130stanbul\u2019a u\u00e7tuk. Otele transfer ve check-in i\u015flemleri sorunsuz ve \u00e7ok iyi \u015fekilde ger\u00e7ekle\u015fti. Ertesi sabah saat 08:00\u2019de otelden al\u0131nd\u0131m ve klini\u011fe g\u00f6t\u00fcr\u00fcld\u00fcm. Burada beni ki\u015fisel ve olduk\u00e7a g\u00fcler y\u00fczl\u00fc terc\u00fcman\u0131m kar\u015f\u0131lad\u0131. Terc\u00fcman t\u00fcm s\u00fcre\u00e7 boyunca, hatta operasyon s\u0131ras\u0131nda bile s\u00fcrekli yan\u0131mdayd\u0131. Doktor ve terc\u00fcmanla birlikte hemen operasyonla ilgili g\u00f6r\u00fc\u015fme yapt\u0131k. Ger\u00e7ekten ho\u015fuma gitmeyen tek \u015fey, Zug\u2019da g\u00f6r\u00fc\u015ft\u00fc\u011f\u00fcm doktorun orada olmamas\u0131 ve bana ba\u015fka bir doktorun atanm\u0131\u015f olmas\u0131yd\u0131. Sordu\u011fumda sadece burada olmad\u0131\u011f\u0131 s\u00f6ylendi. Buna ra\u011fmen tedaviyi yapan doktor da \u00e7ok nazik ve profesyonel bir izlenim b\u0131rakt\u0131. Ayr\u0131ca son derece modern olan Ac\u0131badem Klini\u011fi de bende \u00e7ok olumlu bir izlenim uyand\u0131rd\u0131. Daha sonra yerine al\u0131nd\u0131m ve doktor lokal anestezi uygulamaya ba\u015flad\u0131. Bu arada belirtmem gerekir ki, bu i\u015flem tedavinin ger\u00e7ekten a\u011fr\u0131l\u0131 olan tek k\u0131sm\u0131yd\u0131. A\u011fr\u0131 da \u00e7ok k\u0131sa s\u00fcrd\u00fc \u00e7\u00fcnk\u00fc uyu\u015fturma hemen etkisini g\u00f6steriyor. K\u0131sa bir kontrolle al\u0131m yap\u0131lacak b\u00f6lgenin ger\u00e7ekten uyu\u015fmu\u015f oldu\u011fu test edildikten sonra, don\u00f6r b\u00f6lgeden greft al\u0131m\u0131na ge\u00e7ildi. Bu i\u015flem bende yakla\u015f\u0131k 3 saat s\u00fcrd\u00fc. \u00d6\u011fle yeme\u011finden sonra ekim yap\u0131lacak b\u00f6lge uyu\u015fturuldu, bu da yine k\u0131sa s\u00fcreli hafif bir a\u011fr\u0131ya neden oldu ve ard\u0131ndan sa\u00e7lar\u0131n ekilmesine ba\u015fland\u0131. Bu a\u015fama yakla\u015f\u0131k 5 saat s\u00fcrd\u00fc. Toplamda bana 4000 greft yani sa\u00e7 k\u00f6k\u00fc ekildi. Daha sonra otele geri d\u00f6nd\u00fcm ve yorucu ge\u00e7en operasyondan sonra dinlenme f\u0131rsat\u0131 buldum. Ertesi g\u00fcn yine saat 08:00\u2019de al\u0131nd\u0131m ve kontrol i\u00e7in klini\u011fe g\u00f6t\u00fcr\u00fcld\u00fcm. Operasyondan sonraki s\u00fcre\u00e7te nelere dikkat etmem gerekti\u011fi ve ekilen b\u00f6lgeyi sa\u00e7lar\u0131n sa\u011fl\u0131kl\u0131 ve d\u00fczg\u00fcn \u015fekilde tutunabilmesi i\u00e7in nas\u0131l bak\u0131m yapmam gerekti\u011fi bana detayl\u0131 olarak g\u00f6sterildi. Operasyondan sonra hemen eve d\u00f6nmek istemedi\u011fim i\u00e7in \u0130stanbul\u2019da 3 g\u00fcn daha kald\u0131m ve biraz daha dinlenmeyi tercih ettim. \u0130stanbul\u2019da sa\u00e7 ekiminden sonra bu \u015fekilde dola\u015fmak bana hi\u00e7 garip ya da utand\u0131r\u0131c\u0131 gelmedi \u00e7\u00fcnk\u00fc benim gibi \u00e7ok ki\u015fi vard\u0131 ve insanlar buna zaten al\u0131\u015fk\u0131nd\u0131. Operasyonun \u00fczerinden yakla\u015f\u0131k 1,5 ay ge\u00e7ti ve \u015fu ana kadarki s\u00fcre\u00e7ten genel olarak \u00e7ok memnunum. Nihai sonucu g\u00f6rmek i\u00e7in biraz daha sabretmem gerekiyor \u00e7\u00fcnk\u00fc as\u0131l sonu\u00e7 ancak operasyondan 9\u201312 ay sonra ortaya \u00e7\u0131k\u0131yor. Bu vesileyle her \u015feyin benim memnuniyetim do\u011frultusunda ger\u00e7ekle\u015fmesini sa\u011flayan MedicalTravel ekibine te\u015fekk\u00fcr etmek istiyorum. Luca, 26 ya\u015f\u0131nda \u00d6nceki Rapor Sonraki Rapor<\/p>\n","protected":false},"author":4,"featured_media":0,"parent":4603,"menu_order":0,"comment_status":"closed","ping_status":"closed","template":"","meta":{"_joinchat":[],"footnotes":""},"class_list":["post-4657","page","type-page","status-publish","hentry"],"acf":[],"_links":{"self":[{"href":"https:\/\/medicaltravel.at\/tr\/wp-json\/wp\/v2\/pages\/4657","targetHints":{"allow":["GET"]}}],"collection":[{"href":"https:\/\/medicaltravel.at\/tr\/wp-json\/wp\/v2\/pages"}],"about":[{"href":"https:\/\/medicaltravel.at\/tr\/wp-json\/wp\/v2\/types\/page"}],"author":[{"embeddable":true,"href":"https:\/\/medicaltravel.at\/tr\/wp-json\/wp\/v2\/users\/4"}],"replies":[{"embeddable":true,"href":"https:\/\/medicaltravel.at\/tr\/wp-json\/wp\/v2\/comments?post=4657"}],"version-history":[{"count":2,"href":"https:\/\/medicaltravel.at\/tr\/wp-json\/wp\/v2\/pages\/4657\/revisions"}],"predecessor-version":[{"id":5761,"href":"https:\/\/medicaltravel.at\/tr\/wp-json\/wp\/v2\/pages\/4657\/revisions\/5761"}],"up":[{"embeddable":true,"href":"https:\/\/medicaltravel.at\/tr\/wp-json\/wp\/v2\/pages\/4603"}],"wp:attachment":[{"href":"https:\/\/medicaltravel.at\/tr\/wp-json\/wp\/v2\/media?parent=4657"}],"curies":[{"name":"wp","href":"https:\/\/api.w.org\/{rel}","templated":true}]}}