{"id":4654,"date":"2025-09-27T21:48:29","date_gmt":"2025-09-27T20:48:29","guid":{"rendered":"https:\/\/medicaltravel.at\/hasta-hikayeleri\/erfahrungsberichte-behandlungen-tuerkei\/istanbulda-dis-duezeltme-islemi-icin-muekemmel-organizasyon-ve-destek-23-haziran-2015-sali-tarihli-rapor\/"},"modified":"2026-01-13T14:48:14","modified_gmt":"2026-01-13T13:48:14","slug":"istanbulda-dis-duezeltme-islemi-icin-muekemmel-organizasyon-ve-destek-23-haziran-2015-sali-tarihli-rapor","status":"publish","type":"page","link":"https:\/\/medicaltravel.at\/tr\/hasta-hikayeleri\/erfahrungsberichte-behandlungen-tuerkei\/istanbulda-dis-duezeltme-islemi-icin-muekemmel-organizasyon-ve-destek-23-haziran-2015-sali-tarihli-rapor\/","title":{"rendered":"\u0130stanbul\u2019da Di\u015f D\u00fczeltme \u0130\u015flemi \u0130\u00e7in M\u00fckemmel Organizasyon ve Destek \u2013 23 Haziran 2015 Sal\u0131 tarihli rapor"},"content":{"rendered":"\n<p><strong>\u0130stanbul\u2019da Di\u015f D\u00fczeltme \u0130\u015flemim \u0130\u00e7in M\u00fckemmel Organizasyon ve Destek<\/strong> \u2013 23 Haziran 2015 Sal\u0131 tarihli rapor<\/p>\n\n<p>Say\u0131n Kara<\/p>\n\n<p>Size \u0130stanbul seyahatim s\u0131ras\u0131nda g\u00f6sterdi\u011finiz m\u00fckemmel organizasyon ve ilgi i\u00e7in \u00e7ok te\u015fekk\u00fcr ederim. \u015eirketiniz son derece m\u00fc\u015fteri odakl\u0131 \u00e7al\u0131\u015f\u0131yor. Buna ek olarak sizin ki\u015fisel nezaketiniz de cabas\u0131; k\u0131sacas\u0131, hizmetlerinizi potansiyel m\u00fc\u015fterilere g\u00f6n\u00fcl rahatl\u0131\u011f\u0131yla tavsiye edebilirim.  <\/p>\n\n<p>Nihayet \u0130stanbul\u2019daki Acibadem Klini\u011fi\u2019nde tedavi olmaya karar verdim; bu karar\u0131, Z\u00fcrih\u2019te Dr. \u00d6zt\u00fcrk ile yapt\u0131\u011f\u0131m g\u00f6r\u00fc\u015fme s\u0131ras\u0131nda verdim. Bireysel isteklerime ve ihtiya\u00e7lar\u0131ma odaklanan detayl\u0131 ve \u00f6zenli dan\u0131\u015fmanl\u0131k beni ikna etti. Doktorun en g\u00fcncel di\u015f hekimli\u011fi ve di\u015f teknolojisi y\u00f6ntemlerine dikkat \u00e7ekmesi de bana g\u00fcven verdi. Sonu\u00e7lar ger\u00e7ekten etkileyici oldu! Kronlar\u0131m ve implantlar\u0131m ile \u00e7ok, \u00e7ok mutluyum. Tedavi ayr\u0131ca gerekli dinlenme molalar\u0131yla \u00e7ok iyi organize edilmi\u015fti. T\u00fcm ekip (doktor, asistanlar ve yerinde destek ekibi) o kadar hassas ve nazikti ki hepsini kalbime kaz\u0131d\u0131m.      <\/p>\n\n<p>Klinik yak\u0131n\u0131ndaki Orya Hotel m\u00fckemmel \u00e7\u0131kt\u0131. Tarihi mekanlara ve al\u0131\u015fveri\u015f caddelerine yak\u0131nl\u0131\u011f\u0131 idealdi. Bir sonraki b\u00fcy\u00fck di\u015f tedavimi (alt di\u015f s\u0131ras\u0131ndaki d\u00fczeltmeler) de kesinlikle \u0130stanbul\u2019da yapt\u0131raca\u011f\u0131m. Son olarak, \u0130stanbul halk\u0131n\u0131n misafirperverli\u011fini de mutlaka vurgulamak isterim.   <\/p>\n\n<p>E\u011fer potansiyel m\u00fc\u015fterilerinizin referans talepleri olursa, \u00f6nceden benimle ileti\u015fime ge\u00e7erek bunu yapabilirsiniz.<\/p>\n\n<p>G\u00fczel yaz g\u00fcnleri ve sevgilerle.<\/p>\n\n<p>Pia Messerli<\/p>\n\n<div class=\"wp-block-group is-layout-grid wp-container-core-group-is-layout-baef362d wp-block-group-is-layout-grid\">\n<p><a href=\"https:\/\/medicaltravel.at\/home\/agb\/\" data-type=\"page\" data-id=\"2191\"><\/a><a href=\"https:\/\/medicaltravel.at\/tr\/hasta-hikayeleri\/erfahrungsberichte-behandlungen-tuerkei\/istanbulda-sac-ekimi-deneyim-raporu-tuerkiye-10-agustos-2015-pazartesi-tarihli-rapor\/\" data-type=\"link\" data-id=\"https:\/\/medicaltravel.at\/berichte-von-patienten\/erfahrungsberichte\/erfahrungsbericht-eigenhaartransplantation-in-istanbul-tuerkei-bericht-vom-montag-10-august-2015\/\">\u00d6nceki Rapor<\/a><\/p>\n\n\n\n<p class=\"has-text-align-right wp-container-content-5e2576f9\"><\/p>\n<\/div>\n\n<p><\/p>\n","protected":false},"excerpt":{"rendered":"<p>\u0130stanbul\u2019da Di\u015f D\u00fczeltme \u0130\u015flemim \u0130\u00e7in M\u00fckemmel Organizasyon ve Destek \u2013 23 Haziran 2015 Sal\u0131 tarihli rapor Say\u0131n Kara Size \u0130stanbul seyahatim s\u0131ras\u0131nda g\u00f6sterdi\u011finiz m\u00fckemmel organizasyon ve ilgi i\u00e7in \u00e7ok te\u015fekk\u00fcr ederim. \u015eirketiniz son derece m\u00fc\u015fteri odakl\u0131 \u00e7al\u0131\u015f\u0131yor. Buna ek olarak sizin ki\u015fisel nezaketiniz de cabas\u0131; k\u0131sacas\u0131, hizmetlerinizi potansiyel m\u00fc\u015fterilere g\u00f6n\u00fcl rahatl\u0131\u011f\u0131yla tavsiye edebilirim. Nihayet \u0130stanbul\u2019daki Acibadem Klini\u011fi\u2019nde tedavi olmaya karar verdim; bu karar\u0131, Z\u00fcrih\u2019te Dr. \u00d6zt\u00fcrk ile yapt\u0131\u011f\u0131m g\u00f6r\u00fc\u015fme s\u0131ras\u0131nda verdim. Bireysel isteklerime ve ihtiya\u00e7lar\u0131ma odaklanan detayl\u0131 ve \u00f6zenli dan\u0131\u015fmanl\u0131k beni ikna etti. Doktorun en g\u00fcncel di\u015f hekimli\u011fi ve di\u015f teknolojisi y\u00f6ntemlerine dikkat \u00e7ekmesi de bana g\u00fcven verdi. Sonu\u00e7lar ger\u00e7ekten etkileyici oldu! Kronlar\u0131m ve implantlar\u0131m ile \u00e7ok, \u00e7ok mutluyum. Tedavi ayr\u0131ca gerekli dinlenme molalar\u0131yla \u00e7ok iyi organize edilmi\u015fti. T\u00fcm ekip (doktor, asistanlar ve yerinde destek ekibi) o kadar hassas ve nazikti ki hepsini kalbime kaz\u0131d\u0131m. Klinik yak\u0131n\u0131ndaki Orya Hotel m\u00fckemmel \u00e7\u0131kt\u0131. Tarihi mekanlara ve al\u0131\u015fveri\u015f caddelerine yak\u0131nl\u0131\u011f\u0131 idealdi. Bir sonraki b\u00fcy\u00fck di\u015f tedavimi (alt di\u015f s\u0131ras\u0131ndaki d\u00fczeltmeler) de kesinlikle \u0130stanbul\u2019da yapt\u0131raca\u011f\u0131m. Son olarak, \u0130stanbul halk\u0131n\u0131n misafirperverli\u011fini de mutlaka vurgulamak isterim. E\u011fer potansiyel m\u00fc\u015fterilerinizin referans talepleri olursa, \u00f6nceden benimle ileti\u015fime ge\u00e7erek bunu yapabilirsiniz. G\u00fczel yaz g\u00fcnleri ve sevgilerle. Pia Messerli \u00d6nceki Rapor<\/p>\n","protected":false},"author":4,"featured_media":0,"parent":4603,"menu_order":0,"comment_status":"closed","ping_status":"closed","template":"","meta":{"_joinchat":[],"footnotes":""},"class_list":["post-4654","page","type-page","status-publish","hentry"],"acf":[],"_links":{"self":[{"href":"https:\/\/medicaltravel.at\/tr\/wp-json\/wp\/v2\/pages\/4654","targetHints":{"allow":["GET"]}}],"collection":[{"href":"https:\/\/medicaltravel.at\/tr\/wp-json\/wp\/v2\/pages"}],"about":[{"href":"https:\/\/medicaltravel.at\/tr\/wp-json\/wp\/v2\/types\/page"}],"author":[{"embeddable":true,"href":"https:\/\/medicaltravel.at\/tr\/wp-json\/wp\/v2\/users\/4"}],"replies":[{"embeddable":true,"href":"https:\/\/medicaltravel.at\/tr\/wp-json\/wp\/v2\/comments?post=4654"}],"version-history":[{"count":1,"href":"https:\/\/medicaltravel.at\/tr\/wp-json\/wp\/v2\/pages\/4654\/revisions"}],"predecessor-version":[{"id":4655,"href":"https:\/\/medicaltravel.at\/tr\/wp-json\/wp\/v2\/pages\/4654\/revisions\/4655"}],"up":[{"embeddable":true,"href":"https:\/\/medicaltravel.at\/tr\/wp-json\/wp\/v2\/pages\/4603"}],"wp:attachment":[{"href":"https:\/\/medicaltravel.at\/tr\/wp-json\/wp\/v2\/media?parent=4654"}],"curies":[{"name":"wp","href":"https:\/\/api.w.org\/{rel}","templated":true}]}}