{"id":4652,"date":"2025-09-27T21:30:34","date_gmt":"2025-09-27T20:30:34","guid":{"rendered":"https:\/\/medicaltravel.at\/hasta-hikayeleri\/erfahrungsberichte-behandlungen-tuerkei\/istanbulda-burun-ameliyati-deneyim-raporu-30-mayis-2016-pazartesi-tarihli-rapor\/"},"modified":"2026-01-13T14:36:02","modified_gmt":"2026-01-13T13:36:02","slug":"istanbulda-burun-ameliyati-deneyim-raporu-30-mayis-2016-pazartesi-tarihli-rapor","status":"publish","type":"page","link":"https:\/\/medicaltravel.at\/tr\/hasta-hikayeleri\/erfahrungsberichte-behandlungen-tuerkei\/istanbulda-burun-ameliyati-deneyim-raporu-30-mayis-2016-pazartesi-tarihli-rapor\/","title":{"rendered":"\u0130STANBUL\u2019DA BURUN AMEL\u0130YATI DENEY\u0130M RAPORU \u2013 30 May\u0131s 2016 Pazartesi tarihli rapor"},"content":{"rendered":"\n<p><strong>\u0130STANBUL\u2019DA BURUN AMEL\u0130YATI DENEY\u0130M RAPORU <\/strong>\u2013 30 May\u0131s 2016 Pazartesi tarihli rapor<\/p>\n\n\n\n<p>Uzun bir s\u00fcredir burnumla ilgili rahats\u0131z hissediyordum. Bir noktada ameliyat olmaya karar verdim. Ba\u015ftan beri i\u015flemi \u0130svi\u00e7re\u2019de veya Avrupa\u2019da yapt\u0131rmayaca\u011f\u0131m a\u00e7\u0131kt\u0131. Bu karar\u0131, Avrupa\u2019daki doktorlar\u0131n bu t\u00fcr ameliyatlarda yeterli deneyime sahip olmamas\u0131ndan dolay\u0131 verdim. Fiyat elbette \u00f6nemli bir fakt\u00f6rd\u00fc, fakat Do\u011fu Avrupa\u2019da \u00e7ok daha ucuz bir \u015fekilde ameliyat olabilirdim; ancak sonu\u00e7 muhtemelen T\u00fcrkiye\u2019deki ameliyattan ald\u0131\u011f\u0131m memnuniyet kadar iyi olmazd\u0131.    <\/p>\n\n\n\n<p>Sonra internet \u00fczerinden Medical Travel ile kar\u015f\u0131la\u015ft\u0131m ve do\u011frudan onlarla ileti\u015fime ge\u00e7tim. \u015eans\u0131m\u0131za, birka\u00e7 g\u00fcn sonra \u0130svi\u00e7re\u2019de T\u00fcrkiye\u2019den gelen doktor Ferit Demirkan ile bir \u201cbilgilendirme etkinli\u011fi\u201d d\u00fczenlenmi\u015fti. Yan\u0131ma bir arkada\u015f\u0131m\u0131 da ikna ettim, kendi sa\u00e7 ekimi hakk\u0131nda bilgi almas\u0131 i\u00e7in. Dr. Demirkan son derece profesyonel ve deneyimli bir izlenim b\u0131rakt\u0131. Onun i\u015finde ger\u00e7ekten yetkin oldu\u011funu hemen hissettik; \u00f6rne\u011fin, arkada\u015f\u0131m\u0131n sa\u00e7 ekimi sonucu hakk\u0131nda \u00f6nceden bo\u015f vaatlerde bulunmad\u0131. Etkinlik s\u0131ras\u0131nda, birka\u00e7 g\u00fcn d\u00fc\u015f\u00fcnebilmek i\u00e7in ge\u00e7ici bir randevu ayarlad\u0131k. Randevuyu onaylad\u0131k ve yakla\u015f\u0131k iki hafta sonra T\u00fcrkiye\u2019ye u\u00e7tuk.      <\/p>\n\n\n\n<p>Havaalan\u0131nda, Acibadem Hastanesi\u2019nin bilgi noktas\u0131nda bizi \u00e7ok s\u0131cak bir \u015fekilde kar\u015f\u0131lad\u0131lar; ta\u015f\u0131mam\u0131z\u0131 yapacak \u015fof\u00f6r\u00fcm\u00fcz gelene kadar. \u015eof\u00f6r\u00fcm\u00fcz bizi otele b\u0131rakt\u0131 ve ameliyata kadar bir g\u00fcn\u00fcm\u00fcz vard\u0131. Bu zaman\u0131 \u0130stanbul\u2019u biraz tan\u0131mak i\u00e7in de\u011ferlendirdik.<br><br>Ertesi g\u00fcn hastaneye gittim ve \u00e7ok modern ve temiz olan tek ki\u015filik odamda, doktorla \u00f6n g\u00f6r\u00fc\u015fme i\u00e7in bekledim. K\u0131sa bir s\u00fcre sonra Prof. Dr. Demirkan ile g\u00f6r\u00fc\u015ft\u00fcm ve yerinde yap\u0131lan foto\u011fraf sim\u00fclasyonu \u00fczerinden burnumun nas\u0131l d\u00fczeltilmesini istedi\u011fimi konu\u015ftuk. \u0130steklerimi doktora ilettim, o da birka\u00e7 ek iyile\u015ftirme \u00f6nerisi g\u00f6sterdi. Ba\u015fta sadece burun kemerimi d\u00fczeltmek istiyordum. Ancak Dr. Demirkan, burnun ucunu biraz kald\u0131rman\u0131n ve yanlardan burnu d\u00fczle\u015ftirmenin daha g\u00fczel olaca\u011f\u0131n\u0131 g\u00f6sterdi.       <\/p>\n\n\n\n<p>Foto\u011fraf sim\u00fclasyonu bittikten sonra odam\u0131za geri d\u00f6nd\u00fcm ve ameliyat i\u00e7in k\u0131yafetlerimi de\u011fi\u015ftirdim. Yakla\u015f\u0131k 4 saatlik hastane s\u00fcresinin ard\u0131ndan ameliyat ba\u015flad\u0131. Genel anesteziden uyand\u0131\u011f\u0131mda ise i\u015flem \u00e7oktan tamamlanm\u0131\u015ft\u0131.  <\/p>\n\n\n\n<p>Bir gece daha hastanede kald\u0131m ve hem\u015fireler taraf\u0131ndan \u00e7ok nazik ve yard\u0131msever bir \u015fekilde ilgilenildim.<\/p>\n\n\n\n<p>Ertesi g\u00fcn s\u00fcr\u00fcc\u00fc beni otele g\u00f6t\u00fcrd\u00fc. Ameliyattan iki g\u00fcn sonra tamponlar\u0131m\u0131 \u00e7\u0131karmak i\u00e7in tekrar hastaneye gittim ve ameliyattan be\u015f g\u00fcn sonra diki\u015fler al\u0131nd\u0131. Bir hafta sonra, d\u00f6n\u00fc\u015f u\u00e7u\u015fum g\u00fcn\u00fc tekrar doktora gittim; al\u00e7\u0131 \u00e7\u0131kar\u0131ld\u0131 ve burnuma yeni bir al\u00e7\u0131 tak\u0131ld\u0131.  <\/p>\n\n\n\n<p>O g\u00fcn sonucu tam olarak kavrayamad\u0131m, \u00e7\u00fcnk\u00fc burnum tamamen yeni g\u00f6r\u00fcn\u00fcyordu. Ancak ameliyattan 11 g\u00fcn sonra burnumdaki ikinci al\u00e7\u0131y\u0131 \u00e7\u0131kard\u0131\u011f\u0131mda, sonu\u00e7tan son derece memnun oldum. <\/p>\n\n\n\n<p>\u015eimdi burnumu korumal\u0131 ve bak\u0131m\u0131n\u0131 yapmal\u0131y\u0131m, b\u00f6ylece birka\u00e7 ay i\u00e7inde nihai sonucu g\u00f6rebilece\u011fim. T\u00fcm seyahat tam bir ba\u015far\u0131yd\u0131 ve Orya Otel, hastaneye yakla\u015f\u0131k 300 m uzakl\u0131ktayd\u0131, bu y\u00fczden \u00e7ok idealdi. <\/p>\n\n\n\n<p>D. Mihandust. 27.05.16<\/p>\n\n\n\n<div class=\"wp-block-group is-layout-grid wp-container-core-group-is-layout-baef362d wp-block-group-is-layout-grid\">\n<p><a href=\"https:\/\/medicaltravel.at\/home\/agb\/\" data-type=\"page\" data-id=\"2191\"><\/a><a href=\"https:\/\/medicaltravel.at\/tr\/hasta-hikayeleri\/erfahrungsberichte-behandlungen-tuerkei\/istanbulu-son-zamanlarda-nasil-yasadim-carsamba-03-agustos-2016-tarihli-rapor\/\" data-type=\"link\" data-id=\"https:\/\/medicaltravel.at\/tr\/hasta-hikayeleri\/erfahrungsberichte-behandlungen-tuerkei\/istanbulu-son-zamanlarda-nasil-yasadim-carsamba-03-agustos-2016-tarihli-rapor\/\">\u00d6nceki Rapor<\/a><\/p>\n\n\n\n<p class=\"has-text-align-right wp-container-content-5e2576f9\"><a href=\"https:\/\/medicaltravel.at\/home\/impressum\/\" data-type=\"page\" data-id=\"2193\"><\/a><a href=\"https:\/\/medicaltravel.at\/home\/berichte-von-patienten\/erfahrungsberichte\/erfahrungsbericht-zahnbehandlung-in-istanbul\/\" data-type=\"page\" data-id=\"981\"><\/a><a href=\"https:\/\/medicaltravel.at\/tr\/hasta-hikayeleri\/erfahrungsberichte-behandlungen-tuerkei\/istanbulda-meme-ameliyatim-deneyimim-26-mayis-2016-persembe-tarihli-rapor\/\" data-type=\"link\" data-id=\"https:\/\/medicaltravel.at\/tr\/hasta-hikayeleri\/erfahrungsberichte-behandlungen-tuerkei\/istanbulda-meme-ameliyatim-deneyimim-26-mayis-2016-persembe-tarihli-rapor\/\">Sonraki Rapor<\/a><\/p>\n<\/div>\n","protected":false},"excerpt":{"rendered":"<p>\u0130STANBUL\u2019DA BURUN AMEL\u0130YATI DENEY\u0130M RAPORU \u2013 30 May\u0131s 2016 Pazartesi tarihli rapor Uzun bir s\u00fcredir burnumla ilgili rahats\u0131z hissediyordum. Bir noktada ameliyat olmaya karar verdim. Ba\u015ftan beri i\u015flemi \u0130svi\u00e7re\u2019de veya Avrupa\u2019da yapt\u0131rmayaca\u011f\u0131m a\u00e7\u0131kt\u0131. Bu karar\u0131, Avrupa\u2019daki doktorlar\u0131n bu t\u00fcr ameliyatlarda yeterli deneyime sahip olmamas\u0131ndan dolay\u0131 verdim. Fiyat elbette \u00f6nemli bir fakt\u00f6rd\u00fc, fakat Do\u011fu Avrupa\u2019da \u00e7ok daha ucuz bir \u015fekilde ameliyat olabilirdim; ancak sonu\u00e7 muhtemelen T\u00fcrkiye\u2019deki ameliyattan ald\u0131\u011f\u0131m memnuniyet kadar iyi olmazd\u0131. Sonra internet \u00fczerinden Medical Travel ile kar\u015f\u0131la\u015ft\u0131m ve do\u011frudan onlarla ileti\u015fime ge\u00e7tim. \u015eans\u0131m\u0131za, birka\u00e7 g\u00fcn sonra \u0130svi\u00e7re\u2019de T\u00fcrkiye\u2019den gelen doktor Ferit Demirkan ile bir \u201cbilgilendirme etkinli\u011fi\u201d d\u00fczenlenmi\u015fti. Yan\u0131ma bir arkada\u015f\u0131m\u0131 da ikna ettim, kendi sa\u00e7 ekimi hakk\u0131nda bilgi almas\u0131 i\u00e7in. Dr. Demirkan son derece profesyonel ve deneyimli bir izlenim b\u0131rakt\u0131. Onun i\u015finde ger\u00e7ekten yetkin oldu\u011funu hemen hissettik; \u00f6rne\u011fin, arkada\u015f\u0131m\u0131n sa\u00e7 ekimi sonucu hakk\u0131nda \u00f6nceden bo\u015f vaatlerde bulunmad\u0131. Etkinlik s\u0131ras\u0131nda, birka\u00e7 g\u00fcn d\u00fc\u015f\u00fcnebilmek i\u00e7in ge\u00e7ici bir randevu ayarlad\u0131k. Randevuyu onaylad\u0131k ve yakla\u015f\u0131k iki hafta sonra T\u00fcrkiye\u2019ye u\u00e7tuk. Havaalan\u0131nda, Acibadem Hastanesi\u2019nin bilgi noktas\u0131nda bizi \u00e7ok s\u0131cak bir \u015fekilde kar\u015f\u0131lad\u0131lar; ta\u015f\u0131mam\u0131z\u0131 yapacak \u015fof\u00f6r\u00fcm\u00fcz gelene kadar. \u015eof\u00f6r\u00fcm\u00fcz bizi otele b\u0131rakt\u0131 ve ameliyata kadar bir g\u00fcn\u00fcm\u00fcz vard\u0131. Bu zaman\u0131 \u0130stanbul\u2019u biraz tan\u0131mak i\u00e7in de\u011ferlendirdik. Ertesi g\u00fcn hastaneye gittim ve \u00e7ok modern ve temiz olan tek ki\u015filik odamda, doktorla \u00f6n g\u00f6r\u00fc\u015fme i\u00e7in bekledim. K\u0131sa bir s\u00fcre sonra Prof. Dr. Demirkan ile g\u00f6r\u00fc\u015ft\u00fcm ve yerinde yap\u0131lan foto\u011fraf sim\u00fclasyonu \u00fczerinden burnumun nas\u0131l d\u00fczeltilmesini istedi\u011fimi konu\u015ftuk. \u0130steklerimi doktora ilettim, o da birka\u00e7 ek iyile\u015ftirme \u00f6nerisi g\u00f6sterdi. Ba\u015fta sadece burun kemerimi d\u00fczeltmek istiyordum. Ancak Dr. Demirkan, burnun ucunu biraz kald\u0131rman\u0131n ve yanlardan burnu d\u00fczle\u015ftirmenin daha g\u00fczel olaca\u011f\u0131n\u0131 g\u00f6sterdi. Foto\u011fraf sim\u00fclasyonu bittikten sonra odam\u0131za geri d\u00f6nd\u00fcm ve ameliyat i\u00e7in k\u0131yafetlerimi de\u011fi\u015ftirdim. Yakla\u015f\u0131k 4 saatlik hastane s\u00fcresinin ard\u0131ndan ameliyat ba\u015flad\u0131. Genel anesteziden uyand\u0131\u011f\u0131mda ise i\u015flem \u00e7oktan tamamlanm\u0131\u015ft\u0131. Bir gece daha hastanede kald\u0131m ve hem\u015fireler taraf\u0131ndan \u00e7ok nazik ve yard\u0131msever bir \u015fekilde ilgilenildim. Ertesi g\u00fcn s\u00fcr\u00fcc\u00fc beni otele g\u00f6t\u00fcrd\u00fc. Ameliyattan iki g\u00fcn sonra tamponlar\u0131m\u0131 \u00e7\u0131karmak i\u00e7in tekrar hastaneye gittim ve ameliyattan be\u015f g\u00fcn sonra diki\u015fler al\u0131nd\u0131. Bir hafta sonra, d\u00f6n\u00fc\u015f u\u00e7u\u015fum g\u00fcn\u00fc tekrar doktora gittim; al\u00e7\u0131 \u00e7\u0131kar\u0131ld\u0131 ve burnuma yeni bir al\u00e7\u0131 tak\u0131ld\u0131. O g\u00fcn sonucu tam olarak kavrayamad\u0131m, \u00e7\u00fcnk\u00fc burnum tamamen yeni g\u00f6r\u00fcn\u00fcyordu. Ancak ameliyattan 11 g\u00fcn sonra burnumdaki ikinci al\u00e7\u0131y\u0131 \u00e7\u0131kard\u0131\u011f\u0131mda, sonu\u00e7tan son derece memnun oldum. \u015eimdi burnumu korumal\u0131 ve bak\u0131m\u0131n\u0131 yapmal\u0131y\u0131m, b\u00f6ylece birka\u00e7 ay i\u00e7inde nihai sonucu g\u00f6rebilece\u011fim. T\u00fcm seyahat tam bir ba\u015far\u0131yd\u0131 ve Orya Otel, hastaneye yakla\u015f\u0131k 300 m uzakl\u0131ktayd\u0131, bu y\u00fczden \u00e7ok idealdi. D. Mihandust. 27.05.16 \u00d6nceki Rapor Sonraki Rapor<\/p>\n","protected":false},"author":4,"featured_media":0,"parent":4603,"menu_order":0,"comment_status":"closed","ping_status":"closed","template":"","meta":{"_joinchat":[],"footnotes":""},"class_list":["post-4652","page","type-page","status-publish","hentry"],"acf":[],"_links":{"self":[{"href":"https:\/\/medicaltravel.at\/tr\/wp-json\/wp\/v2\/pages\/4652","targetHints":{"allow":["GET"]}}],"collection":[{"href":"https:\/\/medicaltravel.at\/tr\/wp-json\/wp\/v2\/pages"}],"about":[{"href":"https:\/\/medicaltravel.at\/tr\/wp-json\/wp\/v2\/types\/page"}],"author":[{"embeddable":true,"href":"https:\/\/medicaltravel.at\/tr\/wp-json\/wp\/v2\/users\/4"}],"replies":[{"embeddable":true,"href":"https:\/\/medicaltravel.at\/tr\/wp-json\/wp\/v2\/comments?post=4652"}],"version-history":[{"count":2,"href":"https:\/\/medicaltravel.at\/tr\/wp-json\/wp\/v2\/pages\/4652\/revisions"}],"predecessor-version":[{"id":5766,"href":"https:\/\/medicaltravel.at\/tr\/wp-json\/wp\/v2\/pages\/4652\/revisions\/5766"}],"up":[{"embeddable":true,"href":"https:\/\/medicaltravel.at\/tr\/wp-json\/wp\/v2\/pages\/4603"}],"wp:attachment":[{"href":"https:\/\/medicaltravel.at\/tr\/wp-json\/wp\/v2\/media?parent=4652"}],"curies":[{"name":"wp","href":"https:\/\/api.w.org\/{rel}","templated":true}]}}