{"id":4650,"date":"2025-09-27T21:38:32","date_gmt":"2025-09-27T20:38:32","guid":{"rendered":"https:\/\/medicaltravel.at\/hasta-hikayeleri\/erfahrungsberichte-behandlungen-tuerkei\/istanbulda-sac-ekimi-deneyim-raporu-17-subat-2016-carsamba-tarihli-rapor\/"},"modified":"2026-01-13T14:39:39","modified_gmt":"2026-01-13T13:39:39","slug":"istanbulda-sac-ekimi-deneyim-raporu-17-subat-2016-carsamba-tarihli-rapor","status":"publish","type":"page","link":"https:\/\/medicaltravel.at\/tr\/hasta-hikayeleri\/erfahrungsberichte-behandlungen-tuerkei\/istanbulda-sac-ekimi-deneyim-raporu-17-subat-2016-carsamba-tarihli-rapor\/","title":{"rendered":"\u0130stanbul\u2019da Sa\u00e7 Ekimi Deneyim Raporu \u2013 17 \u015eubat 2016 \u00c7ar\u015famba tarihli rapor"},"content":{"rendered":"\n<p><strong>\u0130stanbul\u2019da Sa\u00e7 Ekimi Deneyim Raporu <\/strong>\u2013 17 \u015eubat 2016 \u00c7ar\u015famba tarihli rapor<\/p>\n\n\n\n<p>Sa\u00e7 ekimim ve \u015fu anki durumum ile ilgili size bir geri bildirimde bulunmak istedim.<\/p>\n\n\n\n<p>Cuma g\u00fcn\u00fc \u0130stanbul\u2019a yapt\u0131\u011f\u0131m\u0131z u\u00e7u\u015f sorunsuz ge\u00e7ti, tek sorun biraz gecikmemiz oldu. Bagaj al\u0131m\u0131na vard\u0131\u011f\u0131mda telefonum \u00e7ald\u0131 ve nazik bir han\u0131mefendi her \u015feyin yolunda olup olmad\u0131\u011f\u0131n\u0131 sordu ve g\u00fcmr\u00fc\u011f\u00fc ge\u00e7er ge\u00e7mez nereye gitmem gerekti\u011fini anlatt\u0131. \u201cAc\u0131badem Help Point\u201d\u2019te k\u0131sa bir dinlenmenin ard\u0131ndan i\u015fleme devam edildi.  <\/p>\n\n\n\n<p>\u015eof\u00f6r bizi do\u011frudan \u201cAc\u0131badem Fulya\u201d hastanesine g\u00f6t\u00fcrd\u00fc.<br>Hastanenin giri\u015f hol\u00fcnde durdu\u011fumuzda olduk\u00e7a olumlu bir \u015fekilde \u015fa\u015f\u0131rd\u0131m. Her \u015fey yeniydi ve \u00e7ok temiz g\u00f6r\u00fcn\u00fcyordu; 5 y\u0131ld\u0131zl\u0131 bir otelle kar\u015f\u0131la\u015ft\u0131r\u0131labilir d\u00fczeydeydi. <\/p>\n\n\n\n<p>Ard\u0131ndan bilgi masas\u0131na gidip nerede kay\u0131t yapt\u0131rmam veya nereye gitmem gerekti\u011fini \u00f6\u011frenmeye \u00e7al\u0131\u015ft\u0131m. Maalesef ilk ba\u015fta yard\u0131mc\u0131 olamad\u0131lar ve beni 2. kata y\u00f6nlendirdiler. Tam gitmek \u00fczereyken, Merve ad\u0131nda \u00e7ok nazik ve samimi bir terc\u00fcman yan\u0131m\u0131za geldi ve \u201cSiz A.G. Bey misiniz?\u201d diye sordu. Yani her \u015fey \u00e7ok sorunsuz ilerledi. U\u00e7u\u015fumuz gecikti\u011fi i\u00e7in ve doktor zaten haz\u0131r oldu\u011fu i\u00e7in \u015fimdi her \u015fey h\u0131zl\u0131ca yap\u0131lmal\u0131yd\u0131. \u00d6nce PRP i\u00e7in kan verdim, ard\u0131ndan sa\u00e7lar\u0131m hemen t\u0131ra\u015f edildi.    <\/p>\n\n\n\n<p>Yakla\u015f\u0131k 15 dakika sonra bir odaya ge\u00e7ip uzand\u0131m ve hem\u015fire \u00f6n haz\u0131rl\u0131klara ba\u015flad\u0131. Sa\u00e7l\u0131 b\u00f6lgeme krem k\u0131vam\u0131nda bir kar\u0131\u015f\u0131m s\u00fcrd\u00fc ve bunun anestezi oldu\u011funu a\u00e7\u0131klad\u0131.  <\/p>\n\n\n\n<p>\u015eimdi kremi 30 dakika bekletmem gerekiyordu ve bu s\u0131rada bir \u015feyler yiyip i\u00e7ebildim. G\u00fczel olan, Merve han\u0131m \u201cterc\u00fcman\u201d\u0131n her zaman yan\u0131m\u0131zda olmas\u0131 ve bize e\u015flik etmesiydi. S\u00fcre doldu\u011funda, \u00f6nceden bulundu\u011fumuz odaya geri d\u00f6nd\u00fck. Doktor \u00e7oktan gelmi\u015fti ve PRP uygulamas\u0131 ba\u015flad\u0131.    <\/p>\n\n\n\n<p>Doktor, al\u0131nan kan\u0131 ertesi g\u00fcn sa\u00e7 ekimi yap\u0131lacak b\u00f6lgelere enjekte etti. B\u00f6ylece hastanedeki ilk g\u00fcn de tamamlanm\u0131\u015f oldu. Bize Orya Otel\u2019e gitmemizi de teklif ettiler, otel yakla\u015f\u0131k 2 dakika y\u00fcr\u00fcme mesafesindeydi ama kendimi iyi hissetti\u011fim i\u00e7in (biraz bavulumla) y\u00fcr\u00fcmeyi tercih ettim. Otelde giri\u015f i\u015flemleri sorunsuz ge\u00e7ti.   <\/p>\n\n\n\n<p>Cumartesi g\u00fcn\u00fc b\u00fcy\u00fck g\u00fcn gelmi\u015fti ve yava\u015f yava\u015f heyecanlanmaya ba\u015flad\u0131m.<br>Saat 10:00\u2019da hastanede olmam gerekiyordu. Orada yine Bayan Merve taraf\u0131ndan kar\u015f\u0131land\u0131m ve do\u011frudan ameliyathane b\u00f6l\u00fcm\u00fcne g\u00f6t\u00fcr\u00fcld\u00fcm. Ameliyathaneye vard\u0131\u011f\u0131mda iki doktor \u00e7oktan oradayd\u0131 ve beni kar\u015f\u0131lad\u0131lar. Bana her \u015feyin nas\u0131l ilerleyece\u011fini de anlatt\u0131lar.   <\/p>\n\n\n\n<p>\u0130stenilen sa\u00e7 \u00e7izgisinin g\u00f6r\u00fc\u015f\u00fclmesinin ard\u0131ndan FUE sa\u00e7 ekimi ba\u015flad\u0131. Ba\u015flang\u0131\u00e7ta \u00e7ok rahats\u0131z edici olan ense b\u00f6lgesindeki don\u00f6r alan\u0131na yap\u0131lan lokal anestezi i\u011fneleri, anestezinin etkisiyle art\u0131k k\u00f6t\u00fc gelmedi. Tahmini olarak 5\u20136 saat s\u00fcren operasyon \u015f\u00fck\u00fcrler olsun ki sona erdi. A\u011fr\u0131 hissetmedim, her \u015fey uyu\u015fturulmu\u015ftu. Sa\u00e7 ekimi sonras\u0131 g\u00fc\u00e7lenmem i\u00e7in k\u00fc\u00e7\u00fck bir men\u00fc verildi, ard\u0131ndan doktor bana neler yapabilece\u011fimi, nelerden ka\u00e7\u0131nmam gerekti\u011fini ve nas\u0131l uygulayaca\u011f\u0131m\u0131 detayl\u0131 bir \u015fekilde anlatt\u0131. Her \u015fey netti ve otelime d\u00f6nmeme izin verildi. Pazar g\u00fcn\u00fc i\u00e7in plan yoktu. Pazartesi sabah\u0131, Ac\u0131badem Maslak Hastanesi\u2019ne kontrole ve bandaj de\u011fi\u015fimi i\u00e7in gitmem gerekiyordu.       <\/p>\n\n\n\n<p>Giri\u015f hol\u00fcne geldi\u011fimde bana Tolgay Bey e\u015flik etti.<br>Doktor bandaj\u0131m\u0131 de\u011fi\u015ftirdi ve tekrar Orya Otel\u2019e g\u00f6t\u00fcr\u00fcld\u00fcm. K\u0131sa bir s\u00fcre sonra e\u015fyalar\u0131m\u0131 toparlay\u0131p \u00e7\u0131k\u0131\u015f yapt\u0131m ve aln\u0131mda bir \u015fi\u015flik fark ettim. A\u011fr\u0131m yoktu ama emin olmak i\u00e7in u\u00e7madan \u00f6nce doktorun g\u00f6rmesini istedim. Maalesef o s\u0131rada t\u00fcm doktorlar me\u015fguld\u00fc ya da ameliyattayd\u0131lar, bu y\u00fczden Merve Han\u0131m ve biz ne yapaca\u011f\u0131m\u0131z\u0131 bilemedik. Kesin olan bir \u015fey vard\u0131: bandaj fazla s\u0131k\u0131yd\u0131 ve bu y\u00fczden aln\u0131n \u00f6n taraf\u0131n\u0131 kesip kesemeyece\u011fimi sordum. Merve Han\u0131m durumu y\u00f6netebildi ve \u00e7\u00f6z\u00fcm yollar\u0131 arad\u0131.     <\/p>\n\n\n\n<p>Bir s\u00fcre sonra Merve Han\u0131m, beni ameliyat eden doktorlardan birine ula\u015fmay\u0131 ba\u015fard\u0131. Doktor, ilk 3-4 g\u00fcn i\u00e7inde \u015fi\u015fliklerin olu\u015fabilece\u011fini, bunun ciddi bir \u015fey olmad\u0131\u011f\u0131n\u0131 ve bandaj\u0131n aln k\u0131sm\u0131n\u0131n kesilebilece\u011fini a\u00e7\u0131klad\u0131.<br>B\u00f6ylece biraz rahatlad\u0131m ve geri u\u00e7abilirdim. <\/p>\n\n\n\n<p>T\u00fcm seyahatin ak\u0131\u015f\u0131ndan %90 oran\u0131nda memnunum.<br>Baz\u0131 pek \u00f6nemli olmayan konular\u0131n ise kesinlikle daha da iyile\u015ftirilebilece\u011fini d\u00fc\u015f\u00fcn\u00fcyorum.<\/p>\n\n\n\n<p>San\u0131r\u0131m deneyimimi detayl\u0131 bir \u015fekilde anlatabilmi\u015fim.<\/p>\n\n\n\n<p>Sayg\u0131lar\u0131mla,<br>Alp G\u00fcren<\/p>\n\n\n\n<div class=\"wp-block-group is-layout-grid wp-container-core-group-is-layout-baef362d wp-block-group-is-layout-grid\">\n<p><a href=\"https:\/\/medicaltravel.at\/home\/agb\/\" data-type=\"page\" data-id=\"2191\"><\/a><a href=\"https:\/\/medicaltravel.at\/tr\/hasta-hikayeleri\/erfahrungsberichte-behandlungen-tuerkei\/meine-beiden-augen-und-ich-augenlasik-in-istanbul-bericht-vom-donnerstag-24-maerz-2016\/\" data-type=\"link\" data-id=\"https:\/\/medicaltravel.at\/tr\/hasta-hikayeleri\/erfahrungsberichte-behandlungen-tuerkei\/meine-beiden-augen-und-ich-augenlasik-in-istanbul-bericht-vom-donnerstag-24-maerz-2016\/\">\u00d6nceki Rapor<\/a><\/p>\n\n\n\n<p class=\"has-text-align-right wp-container-content-5e2576f9\"><a href=\"https:\/\/medicaltravel.at\/home\/impressum\/\" data-type=\"page\" data-id=\"2193\"><\/a><a href=\"https:\/\/medicaltravel.at\/home\/berichte-von-patienten\/erfahrungsberichte\/erfahrungsbericht-zahnbehandlung-in-istanbul\/\" data-type=\"page\" data-id=\"981\"><\/a><a href=\"https:\/\/medicaltravel.at\/tr\/hasta-hikayeleri\/erfahrungsberichte-behandlungen-tuerkei\/hasta-raporu-istanbulda-fue-yoentemiyle-kisisel-sac-ekimi-cuma-08-ocak-2016-tarihli-rapor\/\" data-type=\"link\" data-id=\"https:\/\/medicaltravel.at\/tr\/hasta-hikayeleri\/erfahrungsberichte-behandlungen-tuerkei\/hasta-raporu-istanbulda-fue-yoentemiyle-kisisel-sac-ekimi-cuma-08-ocak-2016-tarihli-rapor\/\">Sonraki Rapor<\/a><\/p>\n<\/div>\n","protected":false},"excerpt":{"rendered":"<p>\u0130stanbul\u2019da Sa\u00e7 Ekimi Deneyim Raporu \u2013 17 \u015eubat 2016 \u00c7ar\u015famba tarihli rapor Sa\u00e7 ekimim ve \u015fu anki durumum ile ilgili size bir geri bildirimde bulunmak istedim. Cuma g\u00fcn\u00fc \u0130stanbul\u2019a yapt\u0131\u011f\u0131m\u0131z u\u00e7u\u015f sorunsuz ge\u00e7ti, tek sorun biraz gecikmemiz oldu. Bagaj al\u0131m\u0131na vard\u0131\u011f\u0131mda telefonum \u00e7ald\u0131 ve nazik bir han\u0131mefendi her \u015feyin yolunda olup olmad\u0131\u011f\u0131n\u0131 sordu ve g\u00fcmr\u00fc\u011f\u00fc ge\u00e7er ge\u00e7mez nereye gitmem gerekti\u011fini anlatt\u0131. \u201cAc\u0131badem Help Point\u201d\u2019te k\u0131sa bir dinlenmenin ard\u0131ndan i\u015fleme devam edildi. \u015eof\u00f6r bizi do\u011frudan \u201cAc\u0131badem Fulya\u201d hastanesine g\u00f6t\u00fcrd\u00fc.Hastanenin giri\u015f hol\u00fcnde durdu\u011fumuzda olduk\u00e7a olumlu bir \u015fekilde \u015fa\u015f\u0131rd\u0131m. Her \u015fey yeniydi ve \u00e7ok temiz g\u00f6r\u00fcn\u00fcyordu; 5 y\u0131ld\u0131zl\u0131 bir otelle kar\u015f\u0131la\u015ft\u0131r\u0131labilir d\u00fczeydeydi. Ard\u0131ndan bilgi masas\u0131na gidip nerede kay\u0131t yapt\u0131rmam veya nereye gitmem gerekti\u011fini \u00f6\u011frenmeye \u00e7al\u0131\u015ft\u0131m. Maalesef ilk ba\u015fta yard\u0131mc\u0131 olamad\u0131lar ve beni 2. kata y\u00f6nlendirdiler. Tam gitmek \u00fczereyken, Merve ad\u0131nda \u00e7ok nazik ve samimi bir terc\u00fcman yan\u0131m\u0131za geldi ve \u201cSiz A.G. Bey misiniz?\u201d diye sordu. Yani her \u015fey \u00e7ok sorunsuz ilerledi. U\u00e7u\u015fumuz gecikti\u011fi i\u00e7in ve doktor zaten haz\u0131r oldu\u011fu i\u00e7in \u015fimdi her \u015fey h\u0131zl\u0131ca yap\u0131lmal\u0131yd\u0131. \u00d6nce PRP i\u00e7in kan verdim, ard\u0131ndan sa\u00e7lar\u0131m hemen t\u0131ra\u015f edildi. Yakla\u015f\u0131k 15 dakika sonra bir odaya ge\u00e7ip uzand\u0131m ve hem\u015fire \u00f6n haz\u0131rl\u0131klara ba\u015flad\u0131. Sa\u00e7l\u0131 b\u00f6lgeme krem k\u0131vam\u0131nda bir kar\u0131\u015f\u0131m s\u00fcrd\u00fc ve bunun anestezi oldu\u011funu a\u00e7\u0131klad\u0131. \u015eimdi kremi 30 dakika bekletmem gerekiyordu ve bu s\u0131rada bir \u015feyler yiyip i\u00e7ebildim. G\u00fczel olan, Merve han\u0131m \u201cterc\u00fcman\u201d\u0131n her zaman yan\u0131m\u0131zda olmas\u0131 ve bize e\u015flik etmesiydi. S\u00fcre doldu\u011funda, \u00f6nceden bulundu\u011fumuz odaya geri d\u00f6nd\u00fck. Doktor \u00e7oktan gelmi\u015fti ve PRP uygulamas\u0131 ba\u015flad\u0131. Doktor, al\u0131nan kan\u0131 ertesi g\u00fcn sa\u00e7 ekimi yap\u0131lacak b\u00f6lgelere enjekte etti. B\u00f6ylece hastanedeki ilk g\u00fcn de tamamlanm\u0131\u015f oldu. Bize Orya Otel\u2019e gitmemizi de teklif ettiler, otel yakla\u015f\u0131k 2 dakika y\u00fcr\u00fcme mesafesindeydi ama kendimi iyi hissetti\u011fim i\u00e7in (biraz bavulumla) y\u00fcr\u00fcmeyi tercih ettim. Otelde giri\u015f i\u015flemleri sorunsuz ge\u00e7ti. Cumartesi g\u00fcn\u00fc b\u00fcy\u00fck g\u00fcn gelmi\u015fti ve yava\u015f yava\u015f heyecanlanmaya ba\u015flad\u0131m.Saat 10:00\u2019da hastanede olmam gerekiyordu. Orada yine Bayan Merve taraf\u0131ndan kar\u015f\u0131land\u0131m ve do\u011frudan ameliyathane b\u00f6l\u00fcm\u00fcne g\u00f6t\u00fcr\u00fcld\u00fcm. Ameliyathaneye vard\u0131\u011f\u0131mda iki doktor \u00e7oktan oradayd\u0131 ve beni kar\u015f\u0131lad\u0131lar. Bana her \u015feyin nas\u0131l ilerleyece\u011fini de anlatt\u0131lar. \u0130stenilen sa\u00e7 \u00e7izgisinin g\u00f6r\u00fc\u015f\u00fclmesinin ard\u0131ndan FUE sa\u00e7 ekimi ba\u015flad\u0131. Ba\u015flang\u0131\u00e7ta \u00e7ok rahats\u0131z edici olan ense b\u00f6lgesindeki don\u00f6r alan\u0131na yap\u0131lan lokal anestezi i\u011fneleri, anestezinin etkisiyle art\u0131k k\u00f6t\u00fc gelmedi. Tahmini olarak 5\u20136 saat s\u00fcren operasyon \u015f\u00fck\u00fcrler olsun ki sona erdi. A\u011fr\u0131 hissetmedim, her \u015fey uyu\u015fturulmu\u015ftu. Sa\u00e7 ekimi sonras\u0131 g\u00fc\u00e7lenmem i\u00e7in k\u00fc\u00e7\u00fck bir men\u00fc verildi, ard\u0131ndan doktor bana neler yapabilece\u011fimi, nelerden ka\u00e7\u0131nmam gerekti\u011fini ve nas\u0131l uygulayaca\u011f\u0131m\u0131 detayl\u0131 bir \u015fekilde anlatt\u0131. Her \u015fey netti ve otelime d\u00f6nmeme izin verildi. Pazar g\u00fcn\u00fc i\u00e7in plan yoktu. Pazartesi sabah\u0131, Ac\u0131badem Maslak Hastanesi\u2019ne kontrole ve bandaj de\u011fi\u015fimi i\u00e7in gitmem gerekiyordu. Giri\u015f hol\u00fcne geldi\u011fimde bana Tolgay Bey e\u015flik etti.Doktor bandaj\u0131m\u0131 de\u011fi\u015ftirdi ve tekrar Orya Otel\u2019e g\u00f6t\u00fcr\u00fcld\u00fcm. K\u0131sa bir s\u00fcre sonra e\u015fyalar\u0131m\u0131 toparlay\u0131p \u00e7\u0131k\u0131\u015f yapt\u0131m ve aln\u0131mda bir \u015fi\u015flik fark ettim. A\u011fr\u0131m yoktu ama emin olmak i\u00e7in u\u00e7madan \u00f6nce doktorun g\u00f6rmesini istedim. Maalesef o s\u0131rada t\u00fcm doktorlar me\u015fguld\u00fc ya da ameliyattayd\u0131lar, bu y\u00fczden Merve Han\u0131m ve biz ne yapaca\u011f\u0131m\u0131z\u0131 bilemedik. Kesin olan bir \u015fey vard\u0131: bandaj fazla s\u0131k\u0131yd\u0131 ve bu y\u00fczden aln\u0131n \u00f6n taraf\u0131n\u0131 kesip kesemeyece\u011fimi sordum. Merve Han\u0131m durumu y\u00f6netebildi ve \u00e7\u00f6z\u00fcm yollar\u0131 arad\u0131. Bir s\u00fcre sonra Merve Han\u0131m, beni ameliyat eden doktorlardan birine ula\u015fmay\u0131 ba\u015fard\u0131. Doktor, ilk 3-4 g\u00fcn i\u00e7inde \u015fi\u015fliklerin olu\u015fabilece\u011fini, bunun ciddi bir \u015fey olmad\u0131\u011f\u0131n\u0131 ve bandaj\u0131n aln k\u0131sm\u0131n\u0131n kesilebilece\u011fini a\u00e7\u0131klad\u0131.B\u00f6ylece biraz rahatlad\u0131m ve geri u\u00e7abilirdim. T\u00fcm seyahatin ak\u0131\u015f\u0131ndan %90 oran\u0131nda memnunum.Baz\u0131 pek \u00f6nemli olmayan konular\u0131n ise kesinlikle daha da iyile\u015ftirilebilece\u011fini d\u00fc\u015f\u00fcn\u00fcyorum. San\u0131r\u0131m deneyimimi detayl\u0131 bir \u015fekilde anlatabilmi\u015fim. Sayg\u0131lar\u0131mla,Alp G\u00fcren \u00d6nceki Rapor Sonraki Rapor<\/p>\n","protected":false},"author":4,"featured_media":0,"parent":4603,"menu_order":0,"comment_status":"closed","ping_status":"closed","template":"","meta":{"_joinchat":[],"footnotes":""},"class_list":["post-4650","page","type-page","status-publish","hentry"],"acf":[],"_links":{"self":[{"href":"https:\/\/medicaltravel.at\/tr\/wp-json\/wp\/v2\/pages\/4650","targetHints":{"allow":["GET"]}}],"collection":[{"href":"https:\/\/medicaltravel.at\/tr\/wp-json\/wp\/v2\/pages"}],"about":[{"href":"https:\/\/medicaltravel.at\/tr\/wp-json\/wp\/v2\/types\/page"}],"author":[{"embeddable":true,"href":"https:\/\/medicaltravel.at\/tr\/wp-json\/wp\/v2\/users\/4"}],"replies":[{"embeddable":true,"href":"https:\/\/medicaltravel.at\/tr\/wp-json\/wp\/v2\/comments?post=4650"}],"version-history":[{"count":2,"href":"https:\/\/medicaltravel.at\/tr\/wp-json\/wp\/v2\/pages\/4650\/revisions"}],"predecessor-version":[{"id":5769,"href":"https:\/\/medicaltravel.at\/tr\/wp-json\/wp\/v2\/pages\/4650\/revisions\/5769"}],"up":[{"embeddable":true,"href":"https:\/\/medicaltravel.at\/tr\/wp-json\/wp\/v2\/pages\/4603"}],"wp:attachment":[{"href":"https:\/\/medicaltravel.at\/tr\/wp-json\/wp\/v2\/media?parent=4650"}],"curies":[{"name":"wp","href":"https:\/\/api.w.org\/{rel}","templated":true}]}}