{"id":4648,"date":"2025-09-27T21:32:34","date_gmt":"2025-09-27T20:32:34","guid":{"rendered":"https:\/\/medicaltravel.at\/hasta-hikayeleri\/erfahrungsberichte-behandlungen-tuerkei\/istanbulda-goegues-bueyuetme-deneyim-raporu-tuerkiye-12-mayis-2016-persembe-tarihli-rapor\/"},"modified":"2026-01-13T14:37:58","modified_gmt":"2026-01-13T13:37:58","slug":"istanbulda-goegues-bueyuetme-deneyim-raporu-tuerkiye-12-mayis-2016-persembe-tarihli-rapor","status":"publish","type":"page","link":"https:\/\/medicaltravel.at\/tr\/hasta-hikayeleri\/erfahrungsberichte-behandlungen-tuerkei\/istanbulda-goegues-bueyuetme-deneyim-raporu-tuerkiye-12-mayis-2016-persembe-tarihli-rapor\/","title":{"rendered":"\u0130stanbul\u2019da G\u00f6\u011f\u00fcs B\u00fcy\u00fctme Deneyim Raporu \u2013 T\u00fcrkiye \u2013 12 May\u0131s 2016 Per\u015fembe tarihli rapor"},"content":{"rendered":"\n<p><strong>\u0130stanbul\u2019da G\u00f6\u011f\u00fcs B\u00fcy\u00fctme Deneyim Raporu \u2013 T\u00fcrkiye<\/strong> \u2013 12 May\u0131s 2016 Per\u015fembe tarihli rapor<\/p>\n\n\n\n<p><strong>Karar <\/strong>\u2013 Merhaba herkese. Benim ad\u0131m Simone, 30 ya\u015f\u0131nday\u0131m ve \u00fc\u00e7 \u00e7ocuk annesiyim. \u00dc\u00e7\u00fcnc\u00fc \u00e7ocu\u011fumu emzirmeyi b\u0131rakt\u0131ktan k\u0131sa bir s\u00fcre sonra g\u00f6\u011f\u00fcs b\u00fcy\u00fctme iste\u011fim giderek artt\u0131. Ancak b\u00f6yle bir ameliyat\u0131n maliyeti beni hep biraz korkutuyordu. Bu y\u00fczden internetten ve arkada\u015flar\u0131mdan, tan\u0131d\u0131klar\u0131mdan ba\u015fka alternatifler neler \u00f6\u011frenmeye \u00e7al\u0131\u015ft\u0131m. K\u0131sa s\u00fcre \u00f6nce g\u00f6\u011f\u00fcs b\u00fcy\u00fctme yapt\u0131rm\u0131\u015f bir tan\u0131d\u0131\u011f\u0131n tavsiyesiyle MedicalTravel ile tan\u0131\u015ft\u0131m. \u0130nternet sitesinde kaydoldum ve foto\u011fraflar\u0131m\u0131 g\u00f6nderdim. E-posta yoluyla birka\u00e7 incelemeden sonra dan\u0131\u015fmanl\u0131k i\u00e7in randevu alabildim. Tesad\u00fcfen \u00f6n muayene ya\u015fad\u0131\u011f\u0131m yere yak\u0131n bir yerdeydi. Orada MedicalTravel\u2019den Serdar Kara ve Dr. Yazar ile tan\u0131\u015ft\u0131m; ikisi de \u00e7ok nazikti. Dr. Yazar bana \u00e7ok iyi dan\u0131\u015fmanl\u0131k yapt\u0131 ve s\u00fcrecin nas\u0131l ilerleyece\u011fini tam bilmedi\u011fim i\u00e7in kendimi \u00e7ok g\u00fcvende hissettim.          <\/p>\n\n\n\n<p><strong>Seyahat<\/strong> \u2013 \u0130stanbul yolculu\u011fu i\u00e7in MedicalTravel her \u015feyi organize etti. Travelpass ile (\u00e7anta i\u00e7ine s\u0131\u011facak k\u00fc\u00e7\u00fck bir kitap\u00e7\u0131k) t\u00fcm bilgiler tek bir yerde topland\u0131. Havaalan\u0131ndan otele ve hastaneye olan t\u00fcm ula\u015f\u0131m da buna dahildi.  <\/p>\n\n\n\n<p><strong>Otel <\/strong>\u2013 Levent Hotel k\u00fc\u00e7\u00fck ve \u015firin, \u00e7ok temiz ve personeli son derece nazik. Otelde \u0130ngilizce konu\u015fuluyor ve sahiplerden biri hatta ak\u0131c\u0131 \u015fekilde Almanca biliyor. \u015eehir merkezine taksi veya metro ile \u00e7ok rahat ula\u015f\u0131labiliyor. B\u00fcy\u00fck bir \u015fehre g\u00f6re olduk\u00e7a sakin, \u00e7\u00fcnk\u00fc otel biraz \u015fehir d\u0131\u015f\u0131nda yer al\u0131yor. Kendimi \u00e7ok rahat hissettim. Otelde kimse garip bakm\u0131yor, \u00e7\u00fcnk\u00fc \u00e7o\u011fu ki\u015fi oraya ameliyat olmak i\u00e7in geliyor.     <\/p>\n\n\n\n<p><strong>Ameliyat<\/strong> \u2013 Ameliyattan \u00f6nce Dr. Yazar bana her \u015feyi \u00e7ok ayr\u0131nt\u0131l\u0131 bir \u015fekilde anlatt\u0131. Sabah \u00e7ok erken saatlerde ameliyat edildim ve her \u015fey \u00e7ok h\u0131zl\u0131 ilerledi. Ameliyattan sonra \u00e7ok g\u00fczel bir tek ki\u015filik odaya yerle\u015ftirildim ve hem\u015firelerin \u00e7ok nazik ilgisiyle kar\u015f\u0131la\u015ft\u0131m.  <\/p>\n\n\n\n<p>Bir gece kald\u0131ktan sonra otele geri d\u00f6nebildim. A\u011fr\u0131 kesici ve antibiyotiklerle donat\u0131lm\u0131\u015f olarak, t\u00fcm g\u00fcn elimden geldi\u011fince dinlendim. Drenler beni olduk\u00e7a rahats\u0131z etti, ancak ertesi g\u00fcn ilk kontrole giderken \u00e7\u0131kar\u0131ld\u0131. Ondan sonra a\u011fr\u0131lar da daha katlan\u0131l\u0131r h\u00e2le geldi.   <\/p>\n\n\n\n<p>G\u00fcnden g\u00fcne kendimi daha iyi hissetmeye ba\u015flad\u0131m ve k\u0131sa y\u00fcr\u00fcy\u00fc\u015fler yap\u0131p \u0130stanbul\u2019u gezebildim. Hediyelik e\u015fya almak ve al\u0131\u015fveri\u015fin yan\u0131 s\u0131ra, T\u00fcrkiye\u2019nin \u00fcnl\u00fc oldu\u011fu manik\u00fcr ve pedik\u00fcr yapt\u0131rmay\u0131 da ihmal etmedim. <\/p>\n\n\n\n<p>Sonu\u00e7 \u2013 \u015eimdi \u00fc\u00e7 haftad\u0131r tekrar evdeyim ve her ge\u00e7en g\u00fcn sonu\u00e7tan daha da memnun oluyorum. Tabii h\u00e2l\u00e2 biraz \u015fi\u015flik var ve ara ara hafif s\u0131z\u0131lar oluyor, ama art\u0131k a\u011fr\u0131 kesici kullanm\u0131yorum. MedicalTravel ve Dr. Yazar\u2019\u0131 se\u00e7ti\u011fim i\u00e7in mutluyum ve onlar\u0131 her zaman tavsiye ederim. Ancak tek ba\u015f\u0131na seyahat etmeyi \u00f6nermem, \u00e7\u00fcnk\u00fc ilk birka\u00e7 g\u00fcn birinin yard\u0131m\u0131na ihtiya\u00e7 duyuluyor. \u00d6rne\u011fin giyinmek ve du\u015f almak bu durumda tek ba\u015f\u0131na kolay de\u011fil. Bu organizasyonun fiyat\/performans oran\u0131 ise m\u00fckemmel!    <\/p>\n\n\n\n<p>H\u00fcnenberg, 12.05.2016, S. Mulmer<\/p>\n\n\n\n<div class=\"wp-block-group is-layout-grid wp-container-core-group-is-layout-baef362d wp-block-group-is-layout-grid\">\n<p><a href=\"https:\/\/medicaltravel.at\/home\/agb\/\" data-type=\"page\" data-id=\"2191\"><\/a><a href=\"https:\/\/medicaltravel.at\/tr\/hasta-hikayeleri\/erfahrungsberichte-behandlungen-tuerkei\/hasta-raporu-istanbulda-meme-bueyuetme-carsamba-18-mayis-2016-tarihli-rapor\/\" data-type=\"link\" data-id=\"https:\/\/medicaltravel.at\/tr\/hasta-hikayeleri\/erfahrungsberichte-behandlungen-tuerkei\/hasta-raporu-istanbulda-meme-bueyuetme-carsamba-18-mayis-2016-tarihli-rapor\/\">\u00d6nceki Rapor<\/a><\/p>\n\n\n\n<p class=\"has-text-align-right wp-container-content-5e2576f9\"><a href=\"https:\/\/medicaltravel.at\/home\/impressum\/\" data-type=\"page\" data-id=\"2193\"><\/a><a href=\"https:\/\/medicaltravel.at\/home\/berichte-von-patienten\/erfahrungsberichte\/erfahrungsbericht-zahnbehandlung-in-istanbul\/\" data-type=\"page\" data-id=\"981\"><\/a><a href=\"https:\/\/medicaltravel.at\/tr\/hasta-hikayeleri\/erfahrungsberichte-behandlungen-tuerkei\/istanbulda-gercek-bir-prenses-muamelesi-goerduem-dis-duezeltme-tedavisi-istanbul-22-nisan-2016-cuma-guenue-raporu\/\" data-type=\"link\" data-id=\"https:\/\/medicaltravel.at\/berichte-von-patienten\/erfahrungsberichte\/in-istanbul-erfuhr-ich-ein-wahren-princess-treatment-zahnkorrektur-in-istanbul-bericht-vom-freitag-22-april-2016\/\">Sonraki Rapor<\/a><\/p>\n<\/div>\n","protected":false},"excerpt":{"rendered":"<p>\u0130stanbul\u2019da G\u00f6\u011f\u00fcs B\u00fcy\u00fctme Deneyim Raporu \u2013 T\u00fcrkiye \u2013 12 May\u0131s 2016 Per\u015fembe tarihli rapor Karar \u2013 Merhaba herkese. Benim ad\u0131m Simone, 30 ya\u015f\u0131nday\u0131m ve \u00fc\u00e7 \u00e7ocuk annesiyim. \u00dc\u00e7\u00fcnc\u00fc \u00e7ocu\u011fumu emzirmeyi b\u0131rakt\u0131ktan k\u0131sa bir s\u00fcre sonra g\u00f6\u011f\u00fcs b\u00fcy\u00fctme iste\u011fim giderek artt\u0131. Ancak b\u00f6yle bir ameliyat\u0131n maliyeti beni hep biraz korkutuyordu. Bu y\u00fczden internetten ve arkada\u015flar\u0131mdan, tan\u0131d\u0131klar\u0131mdan ba\u015fka alternatifler neler \u00f6\u011frenmeye \u00e7al\u0131\u015ft\u0131m. K\u0131sa s\u00fcre \u00f6nce g\u00f6\u011f\u00fcs b\u00fcy\u00fctme yapt\u0131rm\u0131\u015f bir tan\u0131d\u0131\u011f\u0131n tavsiyesiyle MedicalTravel ile tan\u0131\u015ft\u0131m. \u0130nternet sitesinde kaydoldum ve foto\u011fraflar\u0131m\u0131 g\u00f6nderdim. E-posta yoluyla birka\u00e7 incelemeden sonra dan\u0131\u015fmanl\u0131k i\u00e7in randevu alabildim. Tesad\u00fcfen \u00f6n muayene ya\u015fad\u0131\u011f\u0131m yere yak\u0131n bir yerdeydi. Orada MedicalTravel\u2019den Serdar Kara ve Dr. Yazar ile tan\u0131\u015ft\u0131m; ikisi de \u00e7ok nazikti. Dr. Yazar bana \u00e7ok iyi dan\u0131\u015fmanl\u0131k yapt\u0131 ve s\u00fcrecin nas\u0131l ilerleyece\u011fini tam bilmedi\u011fim i\u00e7in kendimi \u00e7ok g\u00fcvende hissettim. Seyahat \u2013 \u0130stanbul yolculu\u011fu i\u00e7in MedicalTravel her \u015feyi organize etti. Travelpass ile (\u00e7anta i\u00e7ine s\u0131\u011facak k\u00fc\u00e7\u00fck bir kitap\u00e7\u0131k) t\u00fcm bilgiler tek bir yerde topland\u0131. Havaalan\u0131ndan otele ve hastaneye olan t\u00fcm ula\u015f\u0131m da buna dahildi. Otel \u2013 Levent Hotel k\u00fc\u00e7\u00fck ve \u015firin, \u00e7ok temiz ve personeli son derece nazik. Otelde \u0130ngilizce konu\u015fuluyor ve sahiplerden biri hatta ak\u0131c\u0131 \u015fekilde Almanca biliyor. \u015eehir merkezine taksi veya metro ile \u00e7ok rahat ula\u015f\u0131labiliyor. B\u00fcy\u00fck bir \u015fehre g\u00f6re olduk\u00e7a sakin, \u00e7\u00fcnk\u00fc otel biraz \u015fehir d\u0131\u015f\u0131nda yer al\u0131yor. Kendimi \u00e7ok rahat hissettim. Otelde kimse garip bakm\u0131yor, \u00e7\u00fcnk\u00fc \u00e7o\u011fu ki\u015fi oraya ameliyat olmak i\u00e7in geliyor. Ameliyat \u2013 Ameliyattan \u00f6nce Dr. Yazar bana her \u015feyi \u00e7ok ayr\u0131nt\u0131l\u0131 bir \u015fekilde anlatt\u0131. Sabah \u00e7ok erken saatlerde ameliyat edildim ve her \u015fey \u00e7ok h\u0131zl\u0131 ilerledi. Ameliyattan sonra \u00e7ok g\u00fczel bir tek ki\u015filik odaya yerle\u015ftirildim ve hem\u015firelerin \u00e7ok nazik ilgisiyle kar\u015f\u0131la\u015ft\u0131m. Bir gece kald\u0131ktan sonra otele geri d\u00f6nebildim. A\u011fr\u0131 kesici ve antibiyotiklerle donat\u0131lm\u0131\u015f olarak, t\u00fcm g\u00fcn elimden geldi\u011fince dinlendim. Drenler beni olduk\u00e7a rahats\u0131z etti, ancak ertesi g\u00fcn ilk kontrole giderken \u00e7\u0131kar\u0131ld\u0131. Ondan sonra a\u011fr\u0131lar da daha katlan\u0131l\u0131r h\u00e2le geldi. G\u00fcnden g\u00fcne kendimi daha iyi hissetmeye ba\u015flad\u0131m ve k\u0131sa y\u00fcr\u00fcy\u00fc\u015fler yap\u0131p \u0130stanbul\u2019u gezebildim. Hediyelik e\u015fya almak ve al\u0131\u015fveri\u015fin yan\u0131 s\u0131ra, T\u00fcrkiye\u2019nin \u00fcnl\u00fc oldu\u011fu manik\u00fcr ve pedik\u00fcr yapt\u0131rmay\u0131 da ihmal etmedim. Sonu\u00e7 \u2013 \u015eimdi \u00fc\u00e7 haftad\u0131r tekrar evdeyim ve her ge\u00e7en g\u00fcn sonu\u00e7tan daha da memnun oluyorum. Tabii h\u00e2l\u00e2 biraz \u015fi\u015flik var ve ara ara hafif s\u0131z\u0131lar oluyor, ama art\u0131k a\u011fr\u0131 kesici kullanm\u0131yorum. MedicalTravel ve Dr. Yazar\u2019\u0131 se\u00e7ti\u011fim i\u00e7in mutluyum ve onlar\u0131 her zaman tavsiye ederim. Ancak tek ba\u015f\u0131na seyahat etmeyi \u00f6nermem, \u00e7\u00fcnk\u00fc ilk birka\u00e7 g\u00fcn birinin yard\u0131m\u0131na ihtiya\u00e7 duyuluyor. \u00d6rne\u011fin giyinmek ve du\u015f almak bu durumda tek ba\u015f\u0131na kolay de\u011fil. Bu organizasyonun fiyat\/performans oran\u0131 ise m\u00fckemmel! H\u00fcnenberg, 12.05.2016, S. Mulmer \u00d6nceki Rapor Sonraki Rapor<\/p>\n","protected":false},"author":4,"featured_media":0,"parent":4603,"menu_order":0,"comment_status":"closed","ping_status":"closed","template":"","meta":{"_joinchat":[],"footnotes":""},"class_list":["post-4648","page","type-page","status-publish","hentry"],"acf":[],"_links":{"self":[{"href":"https:\/\/medicaltravel.at\/tr\/wp-json\/wp\/v2\/pages\/4648","targetHints":{"allow":["GET"]}}],"collection":[{"href":"https:\/\/medicaltravel.at\/tr\/wp-json\/wp\/v2\/pages"}],"about":[{"href":"https:\/\/medicaltravel.at\/tr\/wp-json\/wp\/v2\/types\/page"}],"author":[{"embeddable":true,"href":"https:\/\/medicaltravel.at\/tr\/wp-json\/wp\/v2\/users\/4"}],"replies":[{"embeddable":true,"href":"https:\/\/medicaltravel.at\/tr\/wp-json\/wp\/v2\/comments?post=4648"}],"version-history":[{"count":2,"href":"https:\/\/medicaltravel.at\/tr\/wp-json\/wp\/v2\/pages\/4648\/revisions"}],"predecessor-version":[{"id":5768,"href":"https:\/\/medicaltravel.at\/tr\/wp-json\/wp\/v2\/pages\/4648\/revisions\/5768"}],"up":[{"embeddable":true,"href":"https:\/\/medicaltravel.at\/tr\/wp-json\/wp\/v2\/pages\/4603"}],"wp:attachment":[{"href":"https:\/\/medicaltravel.at\/tr\/wp-json\/wp\/v2\/media?parent=4648"}],"curies":[{"name":"wp","href":"https:\/\/api.w.org\/{rel}","templated":true}]}}