{"id":4646,"date":"2025-09-27T21:43:59","date_gmt":"2025-09-27T20:43:59","guid":{"rendered":"https:\/\/medicaltravel.at\/hasta-hikayeleri\/erfahrungsberichte-behandlungen-tuerkei\/istanbulda-dis-tedavisi-ve-implant-deneyim-raporu-10-kasim-2015-sali-tarihli-rapor\/"},"modified":"2026-01-13T14:45:12","modified_gmt":"2026-01-13T13:45:12","slug":"istanbulda-dis-tedavisi-ve-implant-deneyim-raporu-10-kasim-2015-sali-tarihli-rapor","status":"publish","type":"page","link":"https:\/\/medicaltravel.at\/tr\/hasta-hikayeleri\/erfahrungsberichte-behandlungen-tuerkei\/istanbulda-dis-tedavisi-ve-implant-deneyim-raporu-10-kasim-2015-sali-tarihli-rapor\/","title":{"rendered":"\u0130stanbul\u2019da Di\u015f Tedavisi ve \u0130mplant Deneyim Raporu \u2013 10 Kas\u0131m 2015 Sal\u0131 tarihli rapor"},"content":{"rendered":"\n<p><strong>\u0130stanbul\u2019da Di\u015f Tedavisi ve \u0130mplant Deneyim Raporu<\/strong> \u2013 10 Kas\u0131m 2015 Sal\u0131 tarihli rapor<\/p>\n\n\n\n<p>Nisan 2015\u2019te Z\u00fcrih\u2019te bir bilgilendirme g\u00fcn\u00fcne kat\u0131ld\u0131m; burada ilk kontroller yap\u0131ld\u0131 ve \u0130stanbul\u2019daki t\u00fcm s\u00fcreci bana ayr\u0131nt\u0131l\u0131 \u015fekilde anlatt\u0131lar.<\/p>\n\n\n\n<p>Di\u015flerim \u00e7ok k\u00f6t\u00fc g\u00f6r\u00fcn\u00fcyordu, art\u0131k \u00f6zg\u00fcrce g\u00fcl\u00fcmseyemiyor, kar\u015f\u0131mdaki ki\u015fiyle rahat bir \u015fekilde sohbet bile edemiyordum. Yava\u015f yava\u015f \u00e7evremden uzakla\u015fmaya ba\u015flam\u0131\u015ft\u0131m \u00e7\u00fcnk\u00fc giderek daha \u00e7ok utan\u0131yordum. Sab\u0131rs\u0131zl\u0131kla k\u0131z arkada\u015f\u0131m ve \u00e7ocu\u011fumla tatil yapmay\u0131 ve di\u015flerimin nihayet uygun bir fiyata yapt\u0131r\u0131lmas\u0131n\u0131 bekliyordum!  <\/p>\n\n\n\n<p>K\u0131z arkada\u015f\u0131m ve ben oteli ve u\u00e7u\u015fu kendimiz ayarlad\u0131k. 7 Ekim 2015\u2019te Z\u00fcrih\u2019ten \u0130stanbul\u2019a u\u00e7tuk. \u0130stanbul havaalan\u0131nda, elinde ismimin yaz\u0131l\u0131 oldu\u011fu bir tabela tutan Ac\u0131badem servisinden biri bizi kar\u015f\u0131lad\u0131. Hemen Ac\u0131badem Fulya Hastanesi\u2019ne gittik. Beni \u00e7ok iyi Almanca konu\u015fan bir T\u00fcrk terc\u00fcman \u00e7ok nazik bir \u015fekilde kar\u015f\u0131lad\u0131.    <\/p>\n\n\n\n<p>Tedavi hemen ba\u015flad\u0131. \u00d6nce tekrar r\u00f6ntgen \u00e7ekildi, ard\u0131ndan a\u011f\u0131z i\u00e7ine birka\u00e7 anestezi i\u011fnesi yap\u0131ld\u0131. \u0130lk i\u011fne biraz ac\u0131tt\u0131, kalanlar\u0131 neredeyse hi\u00e7 hissetmedim. D\u00f6rt di\u015fim hemen \u00e7ekildi ve implant vidalar\u0131 yerle\u015ftirildi, b\u00f6ylece i\u015flemin b\u00fcy\u00fck bir k\u0131sm\u0131 tamamlanm\u0131\u015f oldu. Tedavi s\u0131ras\u0131nda a\u011fr\u0131lar olduk\u00e7a dayan\u0131labilirdi; ama e\u011fer a\u011fr\u0131 \u00e7ok olursa hemen bildirebilirsiniz ve di\u015f hekimi tekrar i\u011fne yaparak a\u011fr\u0131y\u0131 gideriyor. Terc\u00fcman her zaman yan\u0131n\u0131zda bulunuyor.     <\/p>\n\n\n\n<p>Ameliyattan sonra a\u011fr\u0131y\u0131 azaltmak i\u00e7in kal\u00e7aya bir i\u011fne yap\u0131ld\u0131; bunu en k\u00f6t\u00fc deneyim olarak buldum, yanma hissi ba\u015fl\u0131yor ve neredeyse d\u00fczg\u00fcn y\u00fcr\u00fcyemiyorsunuz. Ama 10-15 dakika i\u00e7inde ge\u00e7iyor. Bunu, sonradan ameliyat\u0131n ger\u00e7ek a\u011fr\u0131lar\u0131n\u0131 \u00e7ekmektense tercih ederim. Ard\u0131ndan otele geri g\u00f6t\u00fcr\u00fcld\u00fcm. Ne yaz\u0131k ki bundan sonra sadece \u00e7orba, yo\u011furt ve lor peyniri gibi yiyecekler yiyebildim.    <\/p>\n\n\n\n<p>8 Ekim 2015\u2019te \u00f6\u011fleden sonra otelimden al\u0131nd\u0131m ve hastaneye g\u00f6t\u00fcr\u00fcld\u00fcm. Yine a\u011f\u0131z bo\u015flu\u011funun uyu\u015fturulmas\u0131 i\u00e7in birka\u00e7 i\u011fne yap\u0131ld\u0131, birka\u00e7 kanal tedavisi ve dolgu uyguland\u0131. Ard\u0131ndan servis beni hemen tekrar otele g\u00f6t\u00fcrd\u00fc.  <\/p>\n\n\n\n<p>9 Ekim 2015\u2019te randevum yoktu ve ailemle birlikte g\u00fczel \u0130stanbul\u2019u ke\u015ffetme f\u0131rsat\u0131m oldu. 10 Ekim\u2019de de randevum yoktu. Sultan Ahmet Camii\u2019ni gezmeye gittik. 11 Ekim\u2019de de randevum yoktu, b\u00f6ylece \u015fehri gezmek i\u00e7in tekrar bol zaman\u0131m\u0131z oldu. Arabas\u0131z da \u00e7ok rahat gezilebiliyor; g\u00f6r\u00fclecek ve deneyimlenecek \u00e7ok \u015fey var.       <\/p>\n\n\n\n<p>Otelimiz Taksim Meydan\u0131\u2019na yak\u0131n, \u0130stanbul\u2019da olduk\u00e7a merkezi bir konumdayd\u0131. 12 Ekim\u2019de tekrar otelimden al\u0131nd\u0131m. Hastanede \u00fc\u00e7 di\u015fim daha \u00e7ekildi ve implant vidalar\u0131 yerle\u015ftirildi. Terc\u00fcman da her zaman yan\u0131mda olarak \u00e7eviri yapt\u0131. Tedavi sonras\u0131 Ac\u0131badem hastanesinin servis arac\u0131 beni hemen otele geri g\u00f6t\u00fcrd\u00fc ve g\u00fcn\u00fcn geri kalan\u0131n\u0131 ailemle birlikte tatilin tad\u0131n\u0131 \u00e7\u0131kararak ge\u00e7irebildim.    <\/p>\n\n\n\n<p>13 Ekim\u2019de Ac\u0131badem Hastanesi\u2019nin servis arac\u0131 tekrar otelimden beni al\u0131p Ac\u0131badem Fulya Hastanesi\u2019ne g\u00f6t\u00fcrd\u00fc. Yine birka\u00e7 kanal tedavisi ve dolgu yap\u0131ld\u0131, ard\u0131ndan tekrar otele geri g\u00f6t\u00fcr\u00fcld\u00fcm. 14 Ekim\u2019de ge\u00e7ici di\u015f protezim tak\u0131ld\u0131. Tabii ki \u00f6nce otelimden al\u0131nd\u0131m ve tekrar geri getirildim.     <\/p>\n\n\n\n<p>Nihayet tekrar g\u00fcl\u00fcmseyebiliyordum\u2026 15 Ekim\u2019de Ac\u0131badem servis arac\u0131 otelimizden bizi ald\u0131 ve tekrar \u0130stanbul Havaliman\u0131\u2019na g\u00f6t\u00fcrd\u00fc. \u00d6\u011fleden sonra Z\u00fcrih\u2019e vard\u0131k. \u00dc\u00e7 ay sonra tekrar gitmeme izin var, \u015fimdiden bunu d\u00f6rt g\u00f6zle bekliyorum.  <\/p>\n\n\n\n<p>MedicalTravel\u2019den \u00e7ok memnunum ve herkese tavsiye edebilirim. Havaalan\u0131\u2013hastane\u2013otel aras\u0131nda servis m\u00fckemmeldi. Hastanede terc\u00fcman e\u015fli\u011finde \u00e7ok nazik bir \u015fekilde ilgilenildim. Nihayet di\u015flerimi yapt\u0131rabildim, tatil yapt\u0131m ve buna ra\u011fmen binlerce frank tasarruf ettim.   <\/p>\n\n\n\n<p>Selamlar, Philipp Obrecht<\/p>\n\n\n\n<div class=\"wp-block-group is-layout-grid wp-container-core-group-is-layout-baef362d wp-block-group-is-layout-grid\">\n<p><a href=\"https:\/\/medicaltravel.at\/home\/agb\/\" data-type=\"page\" data-id=\"2191\"><\/a><a href=\"https:\/\/medicaltravel.at\/tr\/hasta-hikayeleri\/erfahrungsberichte-behandlungen-tuerkei\/istanbulda-dis-tedavisi-ve-implant-deneyim-raporu-10-kasim-2015-sali-tarihli-rapor\/\" data-type=\"link\" data-id=\"https:\/\/medicaltravel.at\/tr\/hasta-hikayeleri\/erfahrungsberichte-behandlungen-tuerkei\/istanbulda-dis-tedavisi-ve-implant-deneyim-raporu-10-kasim-2015-sali-tarihli-rapor\/\">\u00d6nceki Rapor<\/a><\/p>\n\n\n\n<p class=\"has-text-align-right wp-container-content-5e2576f9\"><a href=\"https:\/\/medicaltravel.at\/home\/impressum\/\" data-type=\"page\" data-id=\"2193\"><\/a><a href=\"https:\/\/medicaltravel.at\/home\/berichte-von-patienten\/erfahrungsberichte\/erfahrungsbericht-zahnbehandlung-in-istanbul\/\" data-type=\"page\" data-id=\"981\"><\/a><a href=\"https:\/\/medicaltravel.at\/tr\/hasta-hikayeleri\/erfahrungsberichte-behandlungen-tuerkei\/istanbulda-dis-tedavisi-deneyimim-31-ekim-2015-cumartesi-tarihli-rapor\/\" data-type=\"link\" data-id=\"https:\/\/medicaltravel.at\/tr\/hasta-hikayeleri\/erfahrungsberichte-behandlungen-tuerkei\/istanbulda-dis-tedavisi-deneyimim-31-ekim-2015-cumartesi-tarihli-rapor\/\">Sonraki Rapor<\/a><\/p>\n<\/div>\n\n\n\n<p><\/p>\n","protected":false},"excerpt":{"rendered":"<p>\u0130stanbul\u2019da Di\u015f Tedavisi ve \u0130mplant Deneyim Raporu \u2013 10 Kas\u0131m 2015 Sal\u0131 tarihli rapor Nisan 2015\u2019te Z\u00fcrih\u2019te bir bilgilendirme g\u00fcn\u00fcne kat\u0131ld\u0131m; burada ilk kontroller yap\u0131ld\u0131 ve \u0130stanbul\u2019daki t\u00fcm s\u00fcreci bana ayr\u0131nt\u0131l\u0131 \u015fekilde anlatt\u0131lar. Di\u015flerim \u00e7ok k\u00f6t\u00fc g\u00f6r\u00fcn\u00fcyordu, art\u0131k \u00f6zg\u00fcrce g\u00fcl\u00fcmseyemiyor, kar\u015f\u0131mdaki ki\u015fiyle rahat bir \u015fekilde sohbet bile edemiyordum. Yava\u015f yava\u015f \u00e7evremden uzakla\u015fmaya ba\u015flam\u0131\u015ft\u0131m \u00e7\u00fcnk\u00fc giderek daha \u00e7ok utan\u0131yordum. Sab\u0131rs\u0131zl\u0131kla k\u0131z arkada\u015f\u0131m ve \u00e7ocu\u011fumla tatil yapmay\u0131 ve di\u015flerimin nihayet uygun bir fiyata yapt\u0131r\u0131lmas\u0131n\u0131 bekliyordum! K\u0131z arkada\u015f\u0131m ve ben oteli ve u\u00e7u\u015fu kendimiz ayarlad\u0131k. 7 Ekim 2015\u2019te Z\u00fcrih\u2019ten \u0130stanbul\u2019a u\u00e7tuk. \u0130stanbul havaalan\u0131nda, elinde ismimin yaz\u0131l\u0131 oldu\u011fu bir tabela tutan Ac\u0131badem servisinden biri bizi kar\u015f\u0131lad\u0131. Hemen Ac\u0131badem Fulya Hastanesi\u2019ne gittik. Beni \u00e7ok iyi Almanca konu\u015fan bir T\u00fcrk terc\u00fcman \u00e7ok nazik bir \u015fekilde kar\u015f\u0131lad\u0131. Tedavi hemen ba\u015flad\u0131. \u00d6nce tekrar r\u00f6ntgen \u00e7ekildi, ard\u0131ndan a\u011f\u0131z i\u00e7ine birka\u00e7 anestezi i\u011fnesi yap\u0131ld\u0131. \u0130lk i\u011fne biraz ac\u0131tt\u0131, kalanlar\u0131 neredeyse hi\u00e7 hissetmedim. D\u00f6rt di\u015fim hemen \u00e7ekildi ve implant vidalar\u0131 yerle\u015ftirildi, b\u00f6ylece i\u015flemin b\u00fcy\u00fck bir k\u0131sm\u0131 tamamlanm\u0131\u015f oldu. Tedavi s\u0131ras\u0131nda a\u011fr\u0131lar olduk\u00e7a dayan\u0131labilirdi; ama e\u011fer a\u011fr\u0131 \u00e7ok olursa hemen bildirebilirsiniz ve di\u015f hekimi tekrar i\u011fne yaparak a\u011fr\u0131y\u0131 gideriyor. Terc\u00fcman her zaman yan\u0131n\u0131zda bulunuyor. Ameliyattan sonra a\u011fr\u0131y\u0131 azaltmak i\u00e7in kal\u00e7aya bir i\u011fne yap\u0131ld\u0131; bunu en k\u00f6t\u00fc deneyim olarak buldum, yanma hissi ba\u015fl\u0131yor ve neredeyse d\u00fczg\u00fcn y\u00fcr\u00fcyemiyorsunuz. Ama 10-15 dakika i\u00e7inde ge\u00e7iyor. Bunu, sonradan ameliyat\u0131n ger\u00e7ek a\u011fr\u0131lar\u0131n\u0131 \u00e7ekmektense tercih ederim. Ard\u0131ndan otele geri g\u00f6t\u00fcr\u00fcld\u00fcm. Ne yaz\u0131k ki bundan sonra sadece \u00e7orba, yo\u011furt ve lor peyniri gibi yiyecekler yiyebildim. 8 Ekim 2015\u2019te \u00f6\u011fleden sonra otelimden al\u0131nd\u0131m ve hastaneye g\u00f6t\u00fcr\u00fcld\u00fcm. Yine a\u011f\u0131z bo\u015flu\u011funun uyu\u015fturulmas\u0131 i\u00e7in birka\u00e7 i\u011fne yap\u0131ld\u0131, birka\u00e7 kanal tedavisi ve dolgu uyguland\u0131. Ard\u0131ndan servis beni hemen tekrar otele g\u00f6t\u00fcrd\u00fc. 9 Ekim 2015\u2019te randevum yoktu ve ailemle birlikte g\u00fczel \u0130stanbul\u2019u ke\u015ffetme f\u0131rsat\u0131m oldu. 10 Ekim\u2019de de randevum yoktu. Sultan Ahmet Camii\u2019ni gezmeye gittik. 11 Ekim\u2019de de randevum yoktu, b\u00f6ylece \u015fehri gezmek i\u00e7in tekrar bol zaman\u0131m\u0131z oldu. Arabas\u0131z da \u00e7ok rahat gezilebiliyor; g\u00f6r\u00fclecek ve deneyimlenecek \u00e7ok \u015fey var. Otelimiz Taksim Meydan\u0131\u2019na yak\u0131n, \u0130stanbul\u2019da olduk\u00e7a merkezi bir konumdayd\u0131. 12 Ekim\u2019de tekrar otelimden al\u0131nd\u0131m. Hastanede \u00fc\u00e7 di\u015fim daha \u00e7ekildi ve implant vidalar\u0131 yerle\u015ftirildi. Terc\u00fcman da her zaman yan\u0131mda olarak \u00e7eviri yapt\u0131. Tedavi sonras\u0131 Ac\u0131badem hastanesinin servis arac\u0131 beni hemen otele geri g\u00f6t\u00fcrd\u00fc ve g\u00fcn\u00fcn geri kalan\u0131n\u0131 ailemle birlikte tatilin tad\u0131n\u0131 \u00e7\u0131kararak ge\u00e7irebildim. 13 Ekim\u2019de Ac\u0131badem Hastanesi\u2019nin servis arac\u0131 tekrar otelimden beni al\u0131p Ac\u0131badem Fulya Hastanesi\u2019ne g\u00f6t\u00fcrd\u00fc. Yine birka\u00e7 kanal tedavisi ve dolgu yap\u0131ld\u0131, ard\u0131ndan tekrar otele geri g\u00f6t\u00fcr\u00fcld\u00fcm. 14 Ekim\u2019de ge\u00e7ici di\u015f protezim tak\u0131ld\u0131. Tabii ki \u00f6nce otelimden al\u0131nd\u0131m ve tekrar geri getirildim. Nihayet tekrar g\u00fcl\u00fcmseyebiliyordum\u2026 15 Ekim\u2019de Ac\u0131badem servis arac\u0131 otelimizden bizi ald\u0131 ve tekrar \u0130stanbul Havaliman\u0131\u2019na g\u00f6t\u00fcrd\u00fc. \u00d6\u011fleden sonra Z\u00fcrih\u2019e vard\u0131k. \u00dc\u00e7 ay sonra tekrar gitmeme izin var, \u015fimdiden bunu d\u00f6rt g\u00f6zle bekliyorum. MedicalTravel\u2019den \u00e7ok memnunum ve herkese tavsiye edebilirim. Havaalan\u0131\u2013hastane\u2013otel aras\u0131nda servis m\u00fckemmeldi. Hastanede terc\u00fcman e\u015fli\u011finde \u00e7ok nazik bir \u015fekilde ilgilenildim. Nihayet di\u015flerimi yapt\u0131rabildim, tatil yapt\u0131m ve buna ra\u011fmen binlerce frank tasarruf ettim. Selamlar, Philipp Obrecht \u00d6nceki Rapor Sonraki Rapor<\/p>\n","protected":false},"author":4,"featured_media":0,"parent":4603,"menu_order":0,"comment_status":"closed","ping_status":"closed","template":"","meta":{"_joinchat":[],"footnotes":""},"class_list":["post-4646","page","type-page","status-publish","hentry"],"acf":[],"_links":{"self":[{"href":"https:\/\/medicaltravel.at\/tr\/wp-json\/wp\/v2\/pages\/4646","targetHints":{"allow":["GET"]}}],"collection":[{"href":"https:\/\/medicaltravel.at\/tr\/wp-json\/wp\/v2\/pages"}],"about":[{"href":"https:\/\/medicaltravel.at\/tr\/wp-json\/wp\/v2\/types\/page"}],"author":[{"embeddable":true,"href":"https:\/\/medicaltravel.at\/tr\/wp-json\/wp\/v2\/users\/4"}],"replies":[{"embeddable":true,"href":"https:\/\/medicaltravel.at\/tr\/wp-json\/wp\/v2\/comments?post=4646"}],"version-history":[{"count":5,"href":"https:\/\/medicaltravel.at\/tr\/wp-json\/wp\/v2\/pages\/4646\/revisions"}],"predecessor-version":[{"id":5772,"href":"https:\/\/medicaltravel.at\/tr\/wp-json\/wp\/v2\/pages\/4646\/revisions\/5772"}],"up":[{"embeddable":true,"href":"https:\/\/medicaltravel.at\/tr\/wp-json\/wp\/v2\/pages\/4603"}],"wp:attachment":[{"href":"https:\/\/medicaltravel.at\/tr\/wp-json\/wp\/v2\/media?parent=4646"}],"curies":[{"name":"wp","href":"https:\/\/api.w.org\/{rel}","templated":true}]}}