{"id":4644,"date":"2025-09-27T21:07:19","date_gmt":"2025-09-27T20:07:19","guid":{"rendered":"https:\/\/medicaltravel.at\/hasta-hikayeleri\/erfahrungsberichte-behandlungen-tuerkei\/istanbulda-dis-tedavisiyle-ilgili-deneyim-raporu\/"},"modified":"2026-01-13T14:14:11","modified_gmt":"2026-01-13T13:14:11","slug":"istanbulda-dis-tedavisiyle-ilgili-deneyim-raporu","status":"publish","type":"page","link":"https:\/\/medicaltravel.at\/tr\/hasta-hikayeleri\/erfahrungsberichte-behandlungen-tuerkei\/istanbulda-dis-tedavisiyle-ilgili-deneyim-raporu\/","title":{"rendered":"\u0130stanbul\u2019da Di\u015f Tedavisiyle \u0130lgili Deneyim Raporu"},"content":{"rendered":"\n<p>Benim i\u00e7in di\u015flerimin yenilenmesi gerekiyordu ve bunun i\u00e7in bir maliyet teklifi ald\u0131m. Ancak bu teklif bana \u00e7ok pahal\u0131 geldi ve bu y\u00fczden alternatiflere bakmaya ba\u015flad\u0131m. Sonunda o\u011flumun bir arkada\u015f\u0131ndan T\u00fcrkiye\u2019de di\u015f tedavisi yapt\u0131rma imk\u00e2n\u0131 hakk\u0131nda bilgi ald\u0131m. \u0130nternet \u00fczerinden MedicalTravel hakk\u0131nda olduk\u00e7a kapsaml\u0131 bir \u015fekilde bilgi edindim. Bu nedenle Z\u00fcrih\u2019te bir \u00f6n muayene yapt\u0131rd\u0131m ve beni ikna eden bir maliyet teklifi ald\u0131m \u2013 ayr\u0131ca paket tur teklifiyle birlikte \u2013 ve bu da beni k\u0131sa s\u00fcrede bu \u201cmaceray\u0131\u201d denemeye y\u00f6nlendirdi.    <\/p>\n\n<p>Benim di\u015flerimin yenilenmesi gerekiyordu ve bunun i\u00e7in bir maliyet teklifi ald\u0131m. Ancak teklif bana \u00e7ok pahal\u0131 geldi, bu y\u00fczden alternatifleri ara\u015ft\u0131rmaya ba\u015flad\u0131m. Sonunda o\u011flumun bir arkada\u015f\u0131ndan T\u00fcrkiye\u2019de di\u015f tedavisi yapt\u0131rma imk\u00e2n\u0131 oldu\u011funu \u00f6\u011frendim. \u0130nternet \u00fczerinden MedicalTravel hakk\u0131nda olduk\u00e7a detayl\u0131 bilgi edindim. Bu nedenle Z\u00fcrih\u2019te bir \u00f6n muayene yapt\u0131rd\u0131m ve beni ikna eden bir maliyet teklifi ald\u0131m \u2013 ayr\u0131ca paket tur teklifi de dahil \u2013 ve bu, beni k\u0131sa s\u00fcrede bu \u201cmaceray\u0131\u201d denemeye y\u00f6nlendirdi.       <\/p>\n\n<p>6 g\u00fcnl\u00fck konaklamam boyunca, Zorlu Center\u2019daki modern ve g\u00fczel di\u015f klini\u011fine yap\u0131lan t\u00fcm transferler sorunsuz, rahat ve her zaman dakikti. Her zaman \u00e7ok nazik ve samimi olan di\u015f hekimi Dr. Dizdar (bu, di\u015f asistanlar\u0131 i\u00e7in de ge\u00e7erli), her zaman bir sonraki ad\u0131m hakk\u0131nda bilgilendirdi ve son derece yetkin ve profesyoneldi. Hi\u00e7 a\u011fr\u0131 hissetmedim.  <\/p>\n\n<p>Tedaviler aras\u0131nda, bu devasa, canl\u0131, \u00e7ok ilgin\u00e7 ve b\u00fcy\u00fck \u00f6l\u00e7\u00fcde temiz d\u00fcnya \u015fehrini ke\u015ffetmek i\u00e7in yeterli zaman vard\u0131; bunu y\u00fcr\u00fcyerek veya tramvay, metro ve vapur gibi uygun fiyatl\u0131 toplu ta\u015f\u0131ma ara\u00e7lar\u0131yla yapabilirsiniz. B\u00fcy\u00fck pazar \u00e7ok \u00f6zel bir yer ve her ziyaret\u00e7i i\u00e7in adeta bir zorunluluk, ayn\u0131 \u015fekilde Bo\u011faz\u2019da bir tekne turu da \u00f6yle. Taksim\u2019den ba\u015flayarak say\u0131s\u0131z al\u0131\u015fveri\u015f imk\u00e2n\u0131 ve y\u00fcr\u00fcy\u00fc\u015f yolu ile yan sokaklarda canl\u0131 m\u00fczikli \u015firin k\u00fc\u00e7\u00fck restoranlar ve at\u0131\u015ft\u0131rmal\u0131k b\u00fcfeler bulunuyor. Avrupa ve Asya yakas\u0131n\u0131 birbirinden ay\u0131ran bo\u011faz, bu tepelik \u015fehre benzersiz bir karakter kazand\u0131r\u0131yor ve onu muhtemelen d\u00fcnyada e\u015fsiz k\u0131l\u0131yor.   <\/p>\n\n<p>\u0130stanbul\u2019un topografyas\u0131 ayn\u0131 zamanda y\u00f6n bulmay\u0131 da kolayla\u015ft\u0131r\u0131yor. Di\u015f tedavimi \u0130stanbul\u2019da yapt\u0131rma ve ayn\u0131 zamanda harika bir \u015fehri ve dost canl\u0131s\u0131 insanlar\u0131 tan\u0131ma karar\u0131ndan bir an bile pi\u015fman olmad\u0131m.<\/p>\n\n<p>\u0130stanbul Yeni Havaliman\u0131 25.06.2019<br\/>25.06.2019<br\/>Daniel M\u00fcller, 1957<\/p>\n\n<figure class=\"wp-block-image size-full\"><img fetchpriority=\"high\" decoding=\"async\" width=\"300\" height=\"225\" src=\"https:\/\/medicaltravel.at\/wp-content\/uploads\/2025\/09\/IMG_6319_klein-300x225-1.jpg\" alt=\"\" class=\"wp-image-982\"\/><\/figure>\n\n<p id=\"caption-attachment-6711\">\u0130stanbul Yeni Havaliman\u0131<\/p>\n\n<figure class=\"wp-block-image size-full\"><img decoding=\"async\" width=\"225\" height=\"300\" src=\"https:\/\/medicaltravel.at\/wp-content\/uploads\/2025\/09\/IMG_6317_klein-225x300-1.jpg\" alt=\"\" class=\"wp-image-983\"\/><\/figure>\n\n<p id=\"caption-attachment-6710\">\u0130stanbul Yeni Havaliman\u0131<\/p>\n\n<figure class=\"wp-block-image size-full\"><img decoding=\"async\" width=\"300\" height=\"225\" src=\"https:\/\/medicaltravel.at\/wp-content\/uploads\/2025\/09\/IMG_6300_klein-300x225-1.jpg\" alt=\"\" class=\"wp-image-984\"\/><\/figure>\n\n<p id=\"caption-attachment-6709\">Bo\u011faz\u2019da Feribot<\/p>\n\n<figure class=\"wp-block-image size-full\"><img loading=\"lazy\" decoding=\"async\" width=\"300\" height=\"225\" src=\"https:\/\/medicaltravel.at\/wp-content\/uploads\/2025\/09\/IMG_6267_klein-300x225-1.jpg\" alt=\"\" class=\"wp-image-985\"\/><\/figure>\n\n<p id=\"caption-attachment-6708\">Di\u015f klini\u011finin bulundu\u011fu Zorlu Al\u0131\u015fveri\u015f Merkezi<\/p>\n\n<figure class=\"wp-block-image size-full\"><img loading=\"lazy\" decoding=\"async\" width=\"300\" height=\"225\" src=\"https:\/\/medicaltravel.at\/wp-content\/uploads\/2025\/09\/IMG_6220_klein-300x225-1.jpg\" alt=\"\" class=\"wp-image-986\"\/><\/figure>\n\n<p id=\"caption-attachment-6707\">Dolmabah\u00e7e Saray\u0131<\/p>\n\n<figure class=\"wp-block-image size-full\"><img loading=\"lazy\" decoding=\"async\" width=\"300\" height=\"225\" src=\"https:\/\/medicaltravel.at\/wp-content\/uploads\/2025\/09\/IMG_6205_klein-300x225-1.jpg\" alt=\"\" class=\"wp-image-987\"\/><\/figure>\n\n<p id=\"caption-attachment-6706\">Kapal\u0131\u00e7ar\u015f\u0131<\/p>\n\n<figure class=\"wp-block-image size-full\"><img loading=\"lazy\" decoding=\"async\" width=\"300\" height=\"225\" src=\"https:\/\/medicaltravel.at\/wp-content\/uploads\/2025\/09\/IMG_6244-1-300x225-1.jpg\" alt=\"\" class=\"wp-image-988\"\/><\/figure>\n\n<p id=\"caption-attachment-6703\">K\u0131z Kulesi<\/p>\n\n<figure class=\"wp-block-image size-full\"><img loading=\"lazy\" decoding=\"async\" width=\"300\" height=\"225\" src=\"https:\/\/medicaltravel.at\/wp-content\/uploads\/2025\/09\/IMG_6215-1-300x225-1.jpg\" alt=\"\" class=\"wp-image-989\"\/><\/figure>\n\n<p id=\"caption-attachment-6702\">Emin\u00f6n\u00fc Camii<\/p>\n\n<div class=\"wp-block-group is-layout-grid wp-container-core-group-is-layout-baef362d wp-block-group-is-layout-grid\">\n<p><a href=\"https:\/\/medicaltravel.at\/home\/agb\/\" data-type=\"page\" data-id=\"2191\"><\/a><a href=\"https:\/\/medicaltravel.at\/tr\/hasta-hikayeleri\/erfahrungsberichte-behandlungen-tuerkei\/antalyadaki-dis-tedavisi-icin-degerlendirme-ve-tavsiye-3\/\" data-type=\"link\" data-id=\"https:\/\/medicaltravel.at\/berichte-von-patienten\/erfahrungsberichte\/zahnbehandlung-antalya-3\/\">\u00d6nceki Rapor<\/a><\/p>\n\n\n\n<p class=\"has-text-align-right wp-container-content-5e2576f9\"><a href=\"https:\/\/medicaltravel.at\/home\/impressum\/\" data-type=\"page\" data-id=\"2193\"><\/a><a href=\"https:\/\/medicaltravel.at\/home\/berichte-von-patienten\/erfahrungsberichte\/erfahrungsbericht-zahnbehandlung-in-istanbul\/\" data-type=\"page\" data-id=\"981\"><\/a><a href=\"https:\/\/medicaltravel.at\/tr\/hasta-hikayeleri\/erfahrungsberichte-behandlungen-tuerkei\/istanbuldaki-acibadem-hastanesi-dis-tedavim-19-mart-2019-sali-deneyimim-is-tamamlandi\/\" data-type=\"link\" data-id=\"https:\/\/medicaltravel.at\/berichte-von-patienten\/erfahrungsberichte\/meine-zahnbehandlung-im-acibadem-spital-in-istanbul-bericht-vom-dienstag-19-maerz-2019-es-ist-vollbracht\/\">Sonraki Rapor<\/a><\/p>\n<\/div>\n\n<p><\/p>\n","protected":false},"excerpt":{"rendered":"<p>Benim i\u00e7in di\u015flerimin yenilenmesi gerekiyordu ve bunun i\u00e7in bir maliyet teklifi ald\u0131m. Ancak bu teklif bana \u00e7ok pahal\u0131 geldi ve bu y\u00fczden alternatiflere bakmaya ba\u015flad\u0131m. Sonunda o\u011flumun bir arkada\u015f\u0131ndan T\u00fcrkiye\u2019de di\u015f tedavisi yapt\u0131rma imk\u00e2n\u0131 hakk\u0131nda bilgi ald\u0131m. \u0130nternet \u00fczerinden MedicalTravel hakk\u0131nda olduk\u00e7a kapsaml\u0131 bir \u015fekilde bilgi edindim. Bu nedenle Z\u00fcrih\u2019te bir \u00f6n muayene yapt\u0131rd\u0131m ve beni ikna eden bir maliyet teklifi ald\u0131m \u2013 ayr\u0131ca paket tur teklifiyle birlikte \u2013 ve bu da beni k\u0131sa s\u00fcrede bu \u201cmaceray\u0131\u201d denemeye y\u00f6nlendirdi. Benim di\u015flerimin yenilenmesi gerekiyordu ve bunun i\u00e7in bir maliyet teklifi ald\u0131m. Ancak teklif bana \u00e7ok pahal\u0131 geldi, bu y\u00fczden alternatifleri ara\u015ft\u0131rmaya ba\u015flad\u0131m. Sonunda o\u011flumun bir arkada\u015f\u0131ndan T\u00fcrkiye\u2019de di\u015f tedavisi yapt\u0131rma imk\u00e2n\u0131 oldu\u011funu \u00f6\u011frendim. \u0130nternet \u00fczerinden MedicalTravel hakk\u0131nda olduk\u00e7a detayl\u0131 bilgi edindim. Bu nedenle Z\u00fcrih\u2019te bir \u00f6n muayene yapt\u0131rd\u0131m ve beni ikna eden bir maliyet teklifi ald\u0131m \u2013 ayr\u0131ca paket tur teklifi de dahil \u2013 ve bu, beni k\u0131sa s\u00fcrede bu \u201cmaceray\u0131\u201d denemeye y\u00f6nlendirdi. 6 g\u00fcnl\u00fck konaklamam boyunca, Zorlu Center\u2019daki modern ve g\u00fczel di\u015f klini\u011fine yap\u0131lan t\u00fcm transferler sorunsuz, rahat ve her zaman dakikti. Her zaman \u00e7ok nazik ve samimi olan di\u015f hekimi Dr. Dizdar (bu, di\u015f asistanlar\u0131 i\u00e7in de ge\u00e7erli), her zaman bir sonraki ad\u0131m hakk\u0131nda bilgilendirdi ve son derece yetkin ve profesyoneldi. Hi\u00e7 a\u011fr\u0131 hissetmedim. Tedaviler aras\u0131nda, bu devasa, canl\u0131, \u00e7ok ilgin\u00e7 ve b\u00fcy\u00fck \u00f6l\u00e7\u00fcde temiz d\u00fcnya \u015fehrini ke\u015ffetmek i\u00e7in yeterli zaman vard\u0131; bunu y\u00fcr\u00fcyerek veya tramvay, metro ve vapur gibi uygun fiyatl\u0131 toplu ta\u015f\u0131ma ara\u00e7lar\u0131yla yapabilirsiniz. B\u00fcy\u00fck pazar \u00e7ok \u00f6zel bir yer ve her ziyaret\u00e7i i\u00e7in adeta bir zorunluluk, ayn\u0131 \u015fekilde Bo\u011faz\u2019da bir tekne turu da \u00f6yle. Taksim\u2019den ba\u015flayarak say\u0131s\u0131z al\u0131\u015fveri\u015f imk\u00e2n\u0131 ve y\u00fcr\u00fcy\u00fc\u015f yolu ile yan sokaklarda canl\u0131 m\u00fczikli \u015firin k\u00fc\u00e7\u00fck restoranlar ve at\u0131\u015ft\u0131rmal\u0131k b\u00fcfeler bulunuyor. Avrupa ve Asya yakas\u0131n\u0131 birbirinden ay\u0131ran bo\u011faz, bu tepelik \u015fehre benzersiz bir karakter kazand\u0131r\u0131yor ve onu muhtemelen d\u00fcnyada e\u015fsiz k\u0131l\u0131yor. \u0130stanbul\u2019un topografyas\u0131 ayn\u0131 zamanda y\u00f6n bulmay\u0131 da kolayla\u015ft\u0131r\u0131yor. Di\u015f tedavimi \u0130stanbul\u2019da yapt\u0131rma ve ayn\u0131 zamanda harika bir \u015fehri ve dost canl\u0131s\u0131 insanlar\u0131 tan\u0131ma karar\u0131ndan bir an bile pi\u015fman olmad\u0131m. \u0130stanbul Yeni Havaliman\u0131 25.06.201925.06.2019Daniel M\u00fcller, 1957 \u0130stanbul Yeni Havaliman\u0131 \u0130stanbul Yeni Havaliman\u0131 Bo\u011faz\u2019da Feribot Di\u015f klini\u011finin bulundu\u011fu Zorlu Al\u0131\u015fveri\u015f Merkezi Dolmabah\u00e7e Saray\u0131 Kapal\u0131\u00e7ar\u015f\u0131 K\u0131z Kulesi Emin\u00f6n\u00fc Camii \u00d6nceki Rapor Sonraki Rapor<\/p>\n","protected":false},"author":4,"featured_media":0,"parent":4603,"menu_order":0,"comment_status":"closed","ping_status":"closed","template":"","meta":{"_joinchat":[],"footnotes":""},"class_list":["post-4644","page","type-page","status-publish","hentry"],"acf":[],"_links":{"self":[{"href":"https:\/\/medicaltravel.at\/tr\/wp-json\/wp\/v2\/pages\/4644","targetHints":{"allow":["GET"]}}],"collection":[{"href":"https:\/\/medicaltravel.at\/tr\/wp-json\/wp\/v2\/pages"}],"about":[{"href":"https:\/\/medicaltravel.at\/tr\/wp-json\/wp\/v2\/types\/page"}],"author":[{"embeddable":true,"href":"https:\/\/medicaltravel.at\/tr\/wp-json\/wp\/v2\/users\/4"}],"replies":[{"embeddable":true,"href":"https:\/\/medicaltravel.at\/tr\/wp-json\/wp\/v2\/comments?post=4644"}],"version-history":[{"count":3,"href":"https:\/\/medicaltravel.at\/tr\/wp-json\/wp\/v2\/pages\/4644\/revisions"}],"predecessor-version":[{"id":5551,"href":"https:\/\/medicaltravel.at\/tr\/wp-json\/wp\/v2\/pages\/4644\/revisions\/5551"}],"up":[{"embeddable":true,"href":"https:\/\/medicaltravel.at\/tr\/wp-json\/wp\/v2\/pages\/4603"}],"wp:attachment":[{"href":"https:\/\/medicaltravel.at\/tr\/wp-json\/wp\/v2\/media?parent=4644"}],"curies":[{"name":"wp","href":"https:\/\/api.w.org\/{rel}","templated":true}]}}