{"id":4634,"date":"2025-09-27T21:26:04","date_gmt":"2025-09-27T20:26:04","guid":{"rendered":"https:\/\/medicaltravel.at\/hasta-hikayeleri\/erfahrungsberichte-behandlungen-tuerkei\/istanbulda-sac-ekimi-deneyim-raporu-28-aralik-2016-carsamba-tarihli-rapor\/"},"modified":"2026-01-13T14:33:02","modified_gmt":"2026-01-13T13:33:02","slug":"istanbulda-sac-ekimi-deneyim-raporu-28-aralik-2016-carsamba-tarihli-rapor","status":"publish","type":"page","link":"https:\/\/medicaltravel.at\/tr\/hasta-hikayeleri\/erfahrungsberichte-behandlungen-tuerkei\/istanbulda-sac-ekimi-deneyim-raporu-28-aralik-2016-carsamba-tarihli-rapor\/","title":{"rendered":"\u0130stanbul\u2019da Sa\u00e7 Ekimi Deneyim Raporu \u2013 28 Aral\u0131k 2016 \u00c7ar\u015famba tarihli rapor"},"content":{"rendered":"\n<p><strong>\u0130stanbul\u2019da Sa\u00e7 Ekimi Deneyim Raporu<\/strong> \u2013 28 Aral\u0131k 2016 \u00c7ar\u015famba tarihli rapor<\/p>\n\n\n\n<p>52 ya\u015f\u0131nday\u0131m ve yakla\u015f\u0131k iki-\u00fc\u00e7 y\u0131ld\u0131r bu konuyla ilgileniyorum \u00e7\u00fcnk\u00fc art\u0131k ciddi derecede sa\u00e7 \u00e7izgisi a\u00e7\u0131lmalar\u0131 (al\u0131n sa\u00e7 kenarlar\u0131) olu\u015fmu\u015ftu. Ama yapt\u0131r\u0131p yapt\u0131rmamak konusunda emin de\u011fildim; bir yandan ameliyatlardan korkuyordum, di\u011fer yandan ameliyattan sonra tamamen t\u0131ra\u015fl\u0131 kafa ile ge\u00e7irece\u011fim zaman\u0131 d\u00fc\u015f\u00fcnmekten \u00e7ekiniyordum. <\/p>\n\n\n\n<p>Yine de bir noktada, \u0130stanbul\u2019da sa\u00e7 ekimi i\u00e7in bir sa\u011flay\u0131c\u0131 aramaya karar verdim. Tabii ki internette say\u0131s\u0131z sa\u011flay\u0131c\u0131 var; baz\u0131lar\u0131 daha g\u00fcvenilir, baz\u0131lar\u0131 daha az g\u00fcvenilir. Ama daha \u00f6nce bunu yapt\u0131rm\u0131\u015f insanlar\u0131 tan\u0131m\u0131yorsan\u0131z do\u011fru olan\u0131 bulmak \u00e7ok zor. Ayr\u0131ca bu konuyla ilgili yaz\u0131lar payla\u015fan bir Alman internet forumu da var, fakat bu yorumlar\u0131n ger\u00e7ekten reklam ama\u00e7s\u0131z olup olmad\u0131\u011f\u0131 da \u015f\u00fcpheli.   <\/p>\n\n\n\n<p>Benim i\u00e7in art\u0131k a\u00e7\u0131kt\u0131 ki bir sa\u011flay\u0131c\u0131n\u0131n \u0130svi\u00e7re\u2019den ya da belki Almanya\u2019dan olmas\u0131n\u0131 istiyordum. MedicalTravel\u2019e yapt\u0131\u011f\u0131m ba\u015fvuruya \u00e7ok h\u0131zl\u0131 yan\u0131t verildi ve bana Zug\u2019da bir bilgilendirme randevusuna gelmem \u00f6nerildi; burada T\u00fcrk doktorla tan\u0131\u015f\u0131p sorular\u0131m\u0131 sorabilirdim. Bu benim i\u00e7in belirleyici oldu \u00e7\u00fcnk\u00fc bu \u015fekilde ameliyat\u0131n iyi ge\u00e7ece\u011fine dair iyi bir hisse sahip oldum.  <\/p>\n\n\n\n<p>Ne yaz\u0131k ki, bu doktor ameliyat tarihinden bir ay \u00f6nce g\u00f6revinden ayr\u0131ld\u0131, bu y\u00fczden MedicalTravel bana yeni bir doktor \u00f6nermek zorunda kald\u0131. Eh, bu ideal de\u011fildi ama bunun i\u00e7in MedicalTravel\u2019i su\u00e7lamak do\u011fru olmaz. <\/p>\n\n\n\n<p>21 Aral\u0131k 2016\u2019da k\u0131z arkada\u015f\u0131mla birlikte \u0130stanbul\u2019a u\u00e7tum ve s\u00f6z verildi\u011fi gibi havaalan\u0131nda kar\u015f\u0131lanarak hastaneye g\u00f6t\u00fcr\u00fcld\u00fcm. Bu an biraz garipti \u00e7\u00fcnk\u00fc bekledi\u011fim, bize e\u015flik edecek ki\u015finin orada bizi bekleyece\u011fiydi. Resepsiyonda ameliyat randevum oldu\u011funu s\u00f6ylemem gerekti. Bunun \u00fczerine birini arad\u0131lar ve telefonu bana verdiler. Ki\u015fi \u0130ngilizce konu\u015fuyordu, ki bu benim i\u00e7in \u015fans eseri sorun de\u011fildi ve bir dakika i\u00e7inde resepsiyona geldi. Bizi ard\u0131ndan doktora g\u00f6t\u00fcrd\u00fc ve doktor ameliyat\u0131 \u0130ngilizce olarak anlatt\u0131. Sonras\u0131nda 200 metre uzakl\u0131ktaki g\u00fczel otele gittik.      <\/p>\n\n\n\n<p>Ertesi sabah saat 08:00\u2019de hastanede olmam\u0131z gerekiyordu; kan testleri yap\u0131ld\u0131 ve bu i\u015flem tamamen a\u011fr\u0131s\u0131zd\u0131. Ard\u0131ndan kafeteryada kahvalt\u0131 yapt\u0131k ve saat 09:30\u2019da profesyonel ameliyathane alan\u0131nda olmam\u0131z gerekiyordu. Orada bizi iki yeni doktor kar\u015f\u0131lad\u0131 ve t\u00fcm s\u00fcreci bizimle tekrar g\u00f6r\u00fc\u015ft\u00fcler.  <\/p>\n\n\n\n<p>Sonra ameliyat \u00f6nl\u00fc\u011f\u00fc giymem s\u00f6ylendi ve sa\u00e7lar kesildi \u2013 ne yaz\u0131k ki t\u00fcm sa\u00e7lar. Ba\u015fta t\u00fcm sa\u00e7lar\u0131n kesilmesine gerek olmad\u0131\u011f\u0131n\u0131 d\u00fc\u015f\u00fcnd\u00fcm, ama doktor bana ikna edici bir \u015fekilde anlatt\u0131 ki t\u00fcm sa\u00e7lar sadece 2 milimetre uzunlu\u011funda olursa, i\u015flem daha kolay ve hassas yap\u0131lacak ve sonras\u0131 yara bak\u0131m\u0131 da \u00e7ok daha basit olacak.<\/p>\n\n\n\n<p>En b\u00fcy\u00fck korkum lokal anestezi i\u011fneleriydi; \u00f6nce enseye sa\u00e7 al\u0131m\u0131 i\u00e7in, sonra al\u0131c\u0131 b\u00f6lgeye, yani al\u0131n b\u00f6lgesine. Ama doktor bunu harika yapt\u0131! \u0130\u011fneleri kesinlikle hissediyorsunuz ama tamamen dayan\u0131labilir \u2013 i\u015fi m\u00fckemmel yapt\u0131! Sa\u00e7 al\u0131m\u0131 iki saat s\u00fcrd\u00fc, al\u0131c\u0131 b\u00f6lgeyi haz\u0131rlamak yakla\u015f\u0131k 45 dakika, yerle\u015ftirme i\u015flemi tekrar iki saat s\u00fcrd\u00fc. Toplamda bende 3000 greft kullan\u0131ld\u0131. Bu beni olumlu \u015fekilde \u015fa\u015f\u0131rtt\u0131 \u00e7\u00fcnk\u00fc ba\u015fta bana yakla\u015f\u0131k 2000 greft gerekti\u011fi s\u00f6ylenmi\u015fti, ama onlar sonucu m\u00fckemmel olana kadar \u00e7al\u0131\u015f\u0131yorlar ve bende bu ancak 3000 greft ile sa\u011fland\u0131. Ve harika olan \u015fey: t\u00fcm bunlar ek masraf olmadan yap\u0131ld\u0131!     <\/p>\n\n\n\n<p>Ard\u0131ndan tekrar bir \u015fof\u00f6r taraf\u0131ndan al\u0131nd\u0131k ve 200 metre uzakl\u0131ktaki otele g\u00f6t\u00fcr\u00fcld\u00fck. Ak\u015fam yeme\u011fini ise odaya getirtik. <\/p>\n\n\n\n<p>Ertesi sabah saat 11:30\u2019da ilk doktora kontrol i\u00e7in gittik; doktor bandaj\u0131m\u0131 de\u011fi\u015ftirdi ve bana tekrar antibiyotiklerin nas\u0131l kullan\u0131laca\u011f\u0131n\u0131, losyon ve \u015fampuan\u0131n nas\u0131l uygulanaca\u011f\u0131n\u0131 anlatt\u0131.<\/p>\n\n\n\n<p>Saat 16:00\u2019da \u015fof\u00f6r\u00fcm\u00fcz otelin \u00f6n\u00fcnde bizi havaalan\u0131na g\u00f6t\u00fcrmek i\u00e7in bekliyordu. Bu arada: T\u00fcrk Hava Yollar\u0131 ile u\u00e7u\u015fu kesinlikle tavsiye edebilirim \u2013 Swiss\u2019e g\u00f6re \u00e7ok daha iyiydi ve ben zaten \u00e7ok u\u00e7tum. <\/p>\n\n\n\n<p>Genel olarak \u00e7ok ba\u015far\u0131l\u0131 bir seyahatti ve bunu \u00e7ok iyi organize eden MedicalTravel\u2019e bir \u00f6vg\u00fc; ayr\u0131ca seyahatten sonra sorulara her zaman hemen SMS ile yan\u0131t verdiler!<\/p>\n\n\n\n<p>Stefan Dutwyler<\/p>\n\n\n\n<div class=\"wp-block-group is-layout-grid wp-container-core-group-is-layout-baef362d wp-block-group-is-layout-grid\">\n<p><a href=\"https:\/\/medicaltravel.at\/home\/agb\/\" data-type=\"page\" data-id=\"2191\"><\/a><a href=\"https:\/\/medicaltravel.at\/tr\/hasta-hikayeleri\/erfahrungsberichte-behandlungen-tuerkei\/istanbul-tuerkiyede-meme-tedavim-25-ocak-2017-carsamba-tarihli-rapor\/\" data-type=\"link\" data-id=\"https:\/\/medicaltravel.at\/tr\/hasta-hikayeleri\/erfahrungsberichte-behandlungen-tuerkei\/istanbul-tuerkiyede-meme-tedavim-25-ocak-2017-carsamba-tarihli-rapor\/\">\u00d6nceki Rapor<\/a><\/p>\n\n\n\n<p class=\"has-text-align-right wp-container-content-5e2576f9\"><a href=\"https:\/\/medicaltravel.at\/home\/impressum\/\" data-type=\"page\" data-id=\"2193\"><\/a><a href=\"https:\/\/medicaltravel.at\/home\/berichte-von-patienten\/erfahrungsberichte\/erfahrungsbericht-zahnbehandlung-in-istanbul\/\" data-type=\"page\" data-id=\"981\"><\/a><a href=\"https:\/\/medicaltravel.at\/tr\/hasta-hikayeleri\/erfahrungsberichte-behandlungen-tuerkei\/istanbulda-burun-ameliyatim-tuerkiye-burun-ameliyati-deneyimi-03-kasim-2016-persembe-guenue-yazilmis-deneyim-yazisi\/\" data-type=\"link\" data-id=\"https:\/\/medicaltravel.at\/tr\/hasta-hikayeleri\/erfahrungsberichte-behandlungen-tuerkei\/istanbulda-burun-ameliyatim-tuerkiye-burun-ameliyati-deneyimi-03-kasim-2016-persembe-guenue-yazilmis-deneyim-yazisi\/\">Sonraki Rapor<\/a><\/p>\n<\/div>\n","protected":false},"excerpt":{"rendered":"<p>\u0130stanbul\u2019da Sa\u00e7 Ekimi Deneyim Raporu \u2013 28 Aral\u0131k 2016 \u00c7ar\u015famba tarihli rapor 52 ya\u015f\u0131nday\u0131m ve yakla\u015f\u0131k iki-\u00fc\u00e7 y\u0131ld\u0131r bu konuyla ilgileniyorum \u00e7\u00fcnk\u00fc art\u0131k ciddi derecede sa\u00e7 \u00e7izgisi a\u00e7\u0131lmalar\u0131 (al\u0131n sa\u00e7 kenarlar\u0131) olu\u015fmu\u015ftu. Ama yapt\u0131r\u0131p yapt\u0131rmamak konusunda emin de\u011fildim; bir yandan ameliyatlardan korkuyordum, di\u011fer yandan ameliyattan sonra tamamen t\u0131ra\u015fl\u0131 kafa ile ge\u00e7irece\u011fim zaman\u0131 d\u00fc\u015f\u00fcnmekten \u00e7ekiniyordum. Yine de bir noktada, \u0130stanbul\u2019da sa\u00e7 ekimi i\u00e7in bir sa\u011flay\u0131c\u0131 aramaya karar verdim. Tabii ki internette say\u0131s\u0131z sa\u011flay\u0131c\u0131 var; baz\u0131lar\u0131 daha g\u00fcvenilir, baz\u0131lar\u0131 daha az g\u00fcvenilir. Ama daha \u00f6nce bunu yapt\u0131rm\u0131\u015f insanlar\u0131 tan\u0131m\u0131yorsan\u0131z do\u011fru olan\u0131 bulmak \u00e7ok zor. Ayr\u0131ca bu konuyla ilgili yaz\u0131lar payla\u015fan bir Alman internet forumu da var, fakat bu yorumlar\u0131n ger\u00e7ekten reklam ama\u00e7s\u0131z olup olmad\u0131\u011f\u0131 da \u015f\u00fcpheli. Benim i\u00e7in art\u0131k a\u00e7\u0131kt\u0131 ki bir sa\u011flay\u0131c\u0131n\u0131n \u0130svi\u00e7re\u2019den ya da belki Almanya\u2019dan olmas\u0131n\u0131 istiyordum. MedicalTravel\u2019e yapt\u0131\u011f\u0131m ba\u015fvuruya \u00e7ok h\u0131zl\u0131 yan\u0131t verildi ve bana Zug\u2019da bir bilgilendirme randevusuna gelmem \u00f6nerildi; burada T\u00fcrk doktorla tan\u0131\u015f\u0131p sorular\u0131m\u0131 sorabilirdim. Bu benim i\u00e7in belirleyici oldu \u00e7\u00fcnk\u00fc bu \u015fekilde ameliyat\u0131n iyi ge\u00e7ece\u011fine dair iyi bir hisse sahip oldum. Ne yaz\u0131k ki, bu doktor ameliyat tarihinden bir ay \u00f6nce g\u00f6revinden ayr\u0131ld\u0131, bu y\u00fczden MedicalTravel bana yeni bir doktor \u00f6nermek zorunda kald\u0131. Eh, bu ideal de\u011fildi ama bunun i\u00e7in MedicalTravel\u2019i su\u00e7lamak do\u011fru olmaz. 21 Aral\u0131k 2016\u2019da k\u0131z arkada\u015f\u0131mla birlikte \u0130stanbul\u2019a u\u00e7tum ve s\u00f6z verildi\u011fi gibi havaalan\u0131nda kar\u015f\u0131lanarak hastaneye g\u00f6t\u00fcr\u00fcld\u00fcm. Bu an biraz garipti \u00e7\u00fcnk\u00fc bekledi\u011fim, bize e\u015flik edecek ki\u015finin orada bizi bekleyece\u011fiydi. Resepsiyonda ameliyat randevum oldu\u011funu s\u00f6ylemem gerekti. Bunun \u00fczerine birini arad\u0131lar ve telefonu bana verdiler. Ki\u015fi \u0130ngilizce konu\u015fuyordu, ki bu benim i\u00e7in \u015fans eseri sorun de\u011fildi ve bir dakika i\u00e7inde resepsiyona geldi. Bizi ard\u0131ndan doktora g\u00f6t\u00fcrd\u00fc ve doktor ameliyat\u0131 \u0130ngilizce olarak anlatt\u0131. Sonras\u0131nda 200 metre uzakl\u0131ktaki g\u00fczel otele gittik. Ertesi sabah saat 08:00\u2019de hastanede olmam\u0131z gerekiyordu; kan testleri yap\u0131ld\u0131 ve bu i\u015flem tamamen a\u011fr\u0131s\u0131zd\u0131. Ard\u0131ndan kafeteryada kahvalt\u0131 yapt\u0131k ve saat 09:30\u2019da profesyonel ameliyathane alan\u0131nda olmam\u0131z gerekiyordu. Orada bizi iki yeni doktor kar\u015f\u0131lad\u0131 ve t\u00fcm s\u00fcreci bizimle tekrar g\u00f6r\u00fc\u015ft\u00fcler. Sonra ameliyat \u00f6nl\u00fc\u011f\u00fc giymem s\u00f6ylendi ve sa\u00e7lar kesildi \u2013 ne yaz\u0131k ki t\u00fcm sa\u00e7lar. Ba\u015fta t\u00fcm sa\u00e7lar\u0131n kesilmesine gerek olmad\u0131\u011f\u0131n\u0131 d\u00fc\u015f\u00fcnd\u00fcm, ama doktor bana ikna edici bir \u015fekilde anlatt\u0131 ki t\u00fcm sa\u00e7lar sadece 2 milimetre uzunlu\u011funda olursa, i\u015flem daha kolay ve hassas yap\u0131lacak ve sonras\u0131 yara bak\u0131m\u0131 da \u00e7ok daha basit olacak. En b\u00fcy\u00fck korkum lokal anestezi i\u011fneleriydi; \u00f6nce enseye sa\u00e7 al\u0131m\u0131 i\u00e7in, sonra al\u0131c\u0131 b\u00f6lgeye, yani al\u0131n b\u00f6lgesine. Ama doktor bunu harika yapt\u0131! \u0130\u011fneleri kesinlikle hissediyorsunuz ama tamamen dayan\u0131labilir \u2013 i\u015fi m\u00fckemmel yapt\u0131! Sa\u00e7 al\u0131m\u0131 iki saat s\u00fcrd\u00fc, al\u0131c\u0131 b\u00f6lgeyi haz\u0131rlamak yakla\u015f\u0131k 45 dakika, yerle\u015ftirme i\u015flemi tekrar iki saat s\u00fcrd\u00fc. Toplamda bende 3000 greft kullan\u0131ld\u0131. Bu beni olumlu \u015fekilde \u015fa\u015f\u0131rtt\u0131 \u00e7\u00fcnk\u00fc ba\u015fta bana yakla\u015f\u0131k 2000 greft gerekti\u011fi s\u00f6ylenmi\u015fti, ama onlar sonucu m\u00fckemmel olana kadar \u00e7al\u0131\u015f\u0131yorlar ve bende bu ancak 3000 greft ile sa\u011fland\u0131. Ve harika olan \u015fey: t\u00fcm bunlar ek masraf olmadan yap\u0131ld\u0131! Ard\u0131ndan tekrar bir \u015fof\u00f6r taraf\u0131ndan al\u0131nd\u0131k ve 200 metre uzakl\u0131ktaki otele g\u00f6t\u00fcr\u00fcld\u00fck. Ak\u015fam yeme\u011fini ise odaya getirtik. Ertesi sabah saat 11:30\u2019da ilk doktora kontrol i\u00e7in gittik; doktor bandaj\u0131m\u0131 de\u011fi\u015ftirdi ve bana tekrar antibiyotiklerin nas\u0131l kullan\u0131laca\u011f\u0131n\u0131, losyon ve \u015fampuan\u0131n nas\u0131l uygulanaca\u011f\u0131n\u0131 anlatt\u0131. Saat 16:00\u2019da \u015fof\u00f6r\u00fcm\u00fcz otelin \u00f6n\u00fcnde bizi havaalan\u0131na g\u00f6t\u00fcrmek i\u00e7in bekliyordu. Bu arada: T\u00fcrk Hava Yollar\u0131 ile u\u00e7u\u015fu kesinlikle tavsiye edebilirim \u2013 Swiss\u2019e g\u00f6re \u00e7ok daha iyiydi ve ben zaten \u00e7ok u\u00e7tum. Genel olarak \u00e7ok ba\u015far\u0131l\u0131 bir seyahatti ve bunu \u00e7ok iyi organize eden MedicalTravel\u2019e bir \u00f6vg\u00fc; ayr\u0131ca seyahatten sonra sorulara her zaman hemen SMS ile yan\u0131t verdiler! Stefan Dutwyler \u00d6nceki Rapor Sonraki Rapor<\/p>\n","protected":false},"author":4,"featured_media":0,"parent":4603,"menu_order":0,"comment_status":"closed","ping_status":"closed","template":"","meta":{"_joinchat":[],"footnotes":""},"class_list":["post-4634","page","type-page","status-publish","hentry"],"acf":[],"_links":{"self":[{"href":"https:\/\/medicaltravel.at\/tr\/wp-json\/wp\/v2\/pages\/4634","targetHints":{"allow":["GET"]}}],"collection":[{"href":"https:\/\/medicaltravel.at\/tr\/wp-json\/wp\/v2\/pages"}],"about":[{"href":"https:\/\/medicaltravel.at\/tr\/wp-json\/wp\/v2\/types\/page"}],"author":[{"embeddable":true,"href":"https:\/\/medicaltravel.at\/tr\/wp-json\/wp\/v2\/users\/4"}],"replies":[{"embeddable":true,"href":"https:\/\/medicaltravel.at\/tr\/wp-json\/wp\/v2\/comments?post=4634"}],"version-history":[{"count":2,"href":"https:\/\/medicaltravel.at\/tr\/wp-json\/wp\/v2\/pages\/4634\/revisions"}],"predecessor-version":[{"id":5764,"href":"https:\/\/medicaltravel.at\/tr\/wp-json\/wp\/v2\/pages\/4634\/revisions\/5764"}],"up":[{"embeddable":true,"href":"https:\/\/medicaltravel.at\/tr\/wp-json\/wp\/v2\/pages\/4603"}],"wp:attachment":[{"href":"https:\/\/medicaltravel.at\/tr\/wp-json\/wp\/v2\/media?parent=4634"}],"curies":[{"name":"wp","href":"https:\/\/api.w.org\/{rel}","templated":true}]}}