{"id":4632,"date":"2025-09-27T21:47:34","date_gmt":"2025-09-27T20:47:34","guid":{"rendered":"https:\/\/medicaltravel.at\/hasta-hikayeleri\/erfahrungsberichte-behandlungen-tuerkei\/istanbulda-sac-ekimi-deneyim-raporu-tuerkiye-10-agustos-2015-pazartesi-tarihli-rapor\/"},"modified":"2026-01-13T14:47:44","modified_gmt":"2026-01-13T13:47:44","slug":"istanbulda-sac-ekimi-deneyim-raporu-tuerkiye-10-agustos-2015-pazartesi-tarihli-rapor","status":"publish","type":"page","link":"https:\/\/medicaltravel.at\/tr\/hasta-hikayeleri\/erfahrungsberichte-behandlungen-tuerkei\/istanbulda-sac-ekimi-deneyim-raporu-tuerkiye-10-agustos-2015-pazartesi-tarihli-rapor\/","title":{"rendered":"\u0130stanbul\u2019da Sa\u00e7 Ekimi Deneyim Raporu \u2013 T\u00fcrkiye \u2013 10 A\u011fustos 2015 Pazartesi tarihli rapor"},"content":{"rendered":"\n<p><strong>\u0130stanbul\u2019da Sa\u00e7 Ekimi Deneyim Raporu \u2013 T\u00fcrkiye<\/strong> \u2013 10 A\u011fustos 2015 Pazartesi tarihli rapor<\/p>\n\n\n\n<p>26.01.2015 tarihinde Z\u00fcrih\u2019ten \u0130stanbul\u2019a u\u00e7tum ve 29.01.2015\u2019te geri d\u00f6nd\u00fcm.<\/p>\n\n\n\n<p>26.01.2015 tarihinde havaalan\u0131nda \u00e7ok nazik bir \u015fekilde kar\u015f\u0131land\u0131m ve hemen Ac\u0131badem Hastanesi\u2019ne gittik. Burada bir \u00f6n muayene yap\u0131ld\u0131 ve hemen PRP uygulamas\u0131 (mevcut sa\u00e7 k\u00f6klerini g\u00fc\u00e7lendirmek i\u00e7in) yap\u0131ld\u0131.<\/p>\n\n\n\n<p>Ertesi g\u00fcn 3.200 greftim nakledildi. PRP uygulamas\u0131nda yap\u0131lan i\u011fneler a\u011fr\u0131ya neden oluyor, ama dayan\u0131labilir seviyedeydi. \u0130\u015flem \u00f6ncesi a\u011fr\u0131lar da PRP\u2019dekiyle ayn\u0131yd\u0131. <\/p>\n\n\n\n<p>\u0130\u015flem s\u0131ras\u0131nda hi\u00e7 a\u011fr\u0131 hissetmiyorsunuz; sadece personelin konu\u015fmalar\u0131n\u0131 duyuyorsunuz, ba\u015fka bir \u015fey hissetmiyorsunuz. \u0130\u015flem yakla\u015f\u0131k 4 saat 30 dakika s\u00fcrd\u00fc. <\/p>\n\n\n\n<p>28.01.2015 tarihinde kontrole gittim ve bandaj doktor taraf\u0131ndan de\u011fi\u015ftirildi, her \u015fey yolunda ge\u00e7ti. Bana bak\u0131m malzemeleri verildi ve nas\u0131l kullanmam gerekti\u011fi detayl\u0131 bir \u015fekilde anlat\u0131ld\u0131. <\/p>\n\n\n\n<p>29.01.2015 tarihinde eve geri u\u00e7tum.<\/p>\n\n\n\n<p>30.01.2015\u2019ten itibaren a\u011fr\u0131lar ba\u015flad\u0131 ve y\u00fcz\u00fcm hafif\u00e7e \u015fi\u015fti; yakla\u015f\u0131k 10 g\u00fcn boyunca a\u011fr\u0131 olabilece\u011fi tahmin ediliyor.<\/p>\n\n\n\n<p>Hastaneden verilen losyon ve \u015fampuan\u0131 14 g\u00fcn boyunca her g\u00fcn kullan\u0131yorsunuz.<\/p>\n\n\n\n<p>MedicalTravel sayesinde \u00e7ok profesyonel bir \u015fekilde bilgilendirildim ve \u00e7ok iyi desteklendi\u011fimi hissettim.<\/p>\n\n\n\n<p>MedicalTravel ile b\u00f6yle bir i\u015flemi her zaman tekrar yapt\u0131r\u0131r\u0131m; MedicalTravel\u2019e tam g\u00fcvenim var.<\/p>\n\n\n\n<p>Sayg\u0131lar\u0131mla<\/p>\n\n\n\n<p>Patrick Fluder<\/p>\n\n\n\n<div class=\"wp-block-group is-layout-grid wp-container-core-group-is-layout-baef362d wp-block-group-is-layout-grid\">\n<p><a href=\"https:\/\/medicaltravel.at\/home\/agb\/\" data-type=\"page\" data-id=\"2191\"><\/a><a href=\"https:\/\/medicaltravel.at\/tr\/hasta-hikayeleri\/erfahrungsberichte-behandlungen-tuerkei\/istanbulda-meme-diklestirme-ameliyatim-nisan-2015-27-agustos-2015-persembe-tarihli-rapor\/\" data-type=\"link\" data-id=\"https:\/\/medicaltravel.at\/tr\/hasta-hikayeleri\/erfahrungsberichte-behandlungen-tuerkei\/istanbulda-meme-diklestirme-ameliyatim-nisan-2015-27-agustos-2015-persembe-tarihli-rapor\/\">\u00d6nceki Rapor<\/a><\/p>\n\n\n\n<p class=\"has-text-align-right wp-container-content-5e2576f9\"><a href=\"https:\/\/medicaltravel.at\/home\/impressum\/\" data-type=\"page\" data-id=\"2193\"><\/a><a href=\"https:\/\/medicaltravel.at\/home\/berichte-von-patienten\/erfahrungsberichte\/erfahrungsbericht-zahnbehandlung-in-istanbul\/\" data-type=\"page\" data-id=\"981\"><\/a><a href=\"https:\/\/medicaltravel.at\/tr\/hasta-hikayeleri\/erfahrungsberichte-behandlungen-tuerkei\/istanbulda-dis-duezeltme-islemi-icin-muekemmel-organizasyon-ve-destek-23-haziran-2015-sali-tarihli-rapor\/\" data-type=\"link\" data-id=\"https:\/\/medicaltravel.at\/tr\/hasta-hikayeleri\/erfahrungsberichte-behandlungen-tuerkei\/istanbulda-dis-duezeltme-islemi-icin-muekemmel-organizasyon-ve-destek-23-haziran-2015-sali-tarihli-rapor\/\">Sonraki Rapor<\/a><\/p>\n<\/div>\n","protected":false},"excerpt":{"rendered":"<p>\u0130stanbul\u2019da Sa\u00e7 Ekimi Deneyim Raporu \u2013 T\u00fcrkiye \u2013 10 A\u011fustos 2015 Pazartesi tarihli rapor 26.01.2015 tarihinde Z\u00fcrih\u2019ten \u0130stanbul\u2019a u\u00e7tum ve 29.01.2015\u2019te geri d\u00f6nd\u00fcm. 26.01.2015 tarihinde havaalan\u0131nda \u00e7ok nazik bir \u015fekilde kar\u015f\u0131land\u0131m ve hemen Ac\u0131badem Hastanesi\u2019ne gittik. Burada bir \u00f6n muayene yap\u0131ld\u0131 ve hemen PRP uygulamas\u0131 (mevcut sa\u00e7 k\u00f6klerini g\u00fc\u00e7lendirmek i\u00e7in) yap\u0131ld\u0131. Ertesi g\u00fcn 3.200 greftim nakledildi. PRP uygulamas\u0131nda yap\u0131lan i\u011fneler a\u011fr\u0131ya neden oluyor, ama dayan\u0131labilir seviyedeydi. \u0130\u015flem \u00f6ncesi a\u011fr\u0131lar da PRP\u2019dekiyle ayn\u0131yd\u0131. \u0130\u015flem s\u0131ras\u0131nda hi\u00e7 a\u011fr\u0131 hissetmiyorsunuz; sadece personelin konu\u015fmalar\u0131n\u0131 duyuyorsunuz, ba\u015fka bir \u015fey hissetmiyorsunuz. \u0130\u015flem yakla\u015f\u0131k 4 saat 30 dakika s\u00fcrd\u00fc. 28.01.2015 tarihinde kontrole gittim ve bandaj doktor taraf\u0131ndan de\u011fi\u015ftirildi, her \u015fey yolunda ge\u00e7ti. Bana bak\u0131m malzemeleri verildi ve nas\u0131l kullanmam gerekti\u011fi detayl\u0131 bir \u015fekilde anlat\u0131ld\u0131. 29.01.2015 tarihinde eve geri u\u00e7tum. 30.01.2015\u2019ten itibaren a\u011fr\u0131lar ba\u015flad\u0131 ve y\u00fcz\u00fcm hafif\u00e7e \u015fi\u015fti; yakla\u015f\u0131k 10 g\u00fcn boyunca a\u011fr\u0131 olabilece\u011fi tahmin ediliyor. Hastaneden verilen losyon ve \u015fampuan\u0131 14 g\u00fcn boyunca her g\u00fcn kullan\u0131yorsunuz. MedicalTravel sayesinde \u00e7ok profesyonel bir \u015fekilde bilgilendirildim ve \u00e7ok iyi desteklendi\u011fimi hissettim. MedicalTravel ile b\u00f6yle bir i\u015flemi her zaman tekrar yapt\u0131r\u0131r\u0131m; MedicalTravel\u2019e tam g\u00fcvenim var. Sayg\u0131lar\u0131mla Patrick Fluder \u00d6nceki Rapor Sonraki Rapor<\/p>\n","protected":false},"author":4,"featured_media":0,"parent":4603,"menu_order":0,"comment_status":"closed","ping_status":"closed","template":"","meta":{"_joinchat":[],"footnotes":""},"class_list":["post-4632","page","type-page","status-publish","hentry"],"acf":[],"_links":{"self":[{"href":"https:\/\/medicaltravel.at\/tr\/wp-json\/wp\/v2\/pages\/4632","targetHints":{"allow":["GET"]}}],"collection":[{"href":"https:\/\/medicaltravel.at\/tr\/wp-json\/wp\/v2\/pages"}],"about":[{"href":"https:\/\/medicaltravel.at\/tr\/wp-json\/wp\/v2\/types\/page"}],"author":[{"embeddable":true,"href":"https:\/\/medicaltravel.at\/tr\/wp-json\/wp\/v2\/users\/4"}],"replies":[{"embeddable":true,"href":"https:\/\/medicaltravel.at\/tr\/wp-json\/wp\/v2\/comments?post=4632"}],"version-history":[{"count":2,"href":"https:\/\/medicaltravel.at\/tr\/wp-json\/wp\/v2\/pages\/4632\/revisions"}],"predecessor-version":[{"id":5773,"href":"https:\/\/medicaltravel.at\/tr\/wp-json\/wp\/v2\/pages\/4632\/revisions\/5773"}],"up":[{"embeddable":true,"href":"https:\/\/medicaltravel.at\/tr\/wp-json\/wp\/v2\/pages\/4603"}],"wp:attachment":[{"href":"https:\/\/medicaltravel.at\/tr\/wp-json\/wp\/v2\/media?parent=4632"}],"curies":[{"name":"wp","href":"https:\/\/api.w.org\/{rel}","templated":true}]}}