{"id":4630,"date":"2025-09-27T21:09:43","date_gmt":"2025-09-27T20:09:43","guid":{"rendered":"https:\/\/medicaltravel.at\/hasta-hikayeleri\/erfahrungsberichte-behandlungen-tuerkei\/istanbulda-goegues-bueyuetme-deneyim-raporu-tuerkiye-05-subat-2019-sali-tarihli-rapor\/"},"modified":"2026-01-13T14:16:18","modified_gmt":"2026-01-13T13:16:18","slug":"istanbulda-goegues-bueyuetme-deneyim-raporu-tuerkiye-05-subat-2019-sali-tarihli-rapor","status":"publish","type":"page","link":"https:\/\/medicaltravel.at\/tr\/hasta-hikayeleri\/erfahrungsberichte-behandlungen-tuerkei\/istanbulda-goegues-bueyuetme-deneyim-raporu-tuerkiye-05-subat-2019-sali-tarihli-rapor\/","title":{"rendered":"\u0130STANBUL&#8217;DA G\u00d6\u011e\u00dcS B\u00dcY\u00dcTME DENEY\u0130M RAPORU \u2013 T\u00dcRK\u0130YE \u2013 05 \u015eubat 2019 Sal\u0131 tarihli rapor"},"content":{"rendered":"\n<p><strong>\u0130STANBUL&#8217;DA G\u00d6\u011e\u00dcS B\u00dcY\u00dcTME DENEY\u0130M RAPORU<\/strong> \u2013 T\u00dcRK\u0130YE \u2013 05 \u015eubat 2019 Sal\u0131 tarihli rapor<\/p>\n\n\n\n<p>14 Ocak 2019 tarihli \u0130stanbul deneyim raporum: G\u00f6\u011f\u00fcs kas\u0131n\u0131n alt\u0131na g\u00f6\u011f\u00fcs b\u00fcy\u00fctme ameliyat\u0131.<\/p>\n\n\n\n<p>Ben her zaman g\u00f6\u011f\u00fcslerimi b\u00fcy\u00fctmek istemi\u015ftim. \u0130\u015f arkada\u015f\u0131m bana MedicalTravel\u2019i \u00f6nerdi \u00e7\u00fcnk\u00fc onun tan\u0131d\u0131\u011f\u0131 bir ki\u015fi de g\u00f6\u011f\u00fcslerini orada yapt\u0131rm\u0131\u015f ve \u00e7ok memnun kalm\u0131\u015f. 23 Eyl\u00fcl\u2019de Dr. Burak Ersoy ile bir dan\u0131\u015fma randevum vard\u0131. Olumlu izlenim sayesinde, tedaviye Ocak ba\u015f\u0131nda ba\u015flamaya karar verdim.   <\/p>\n\n\n\n<p>Yolculuktan bir hafta \u00f6nce Bay Kara, Dr. Burak Ersoy\u2019un \u00f6zel nedenlerden dolay\u0131 ameliyat randevusuna gelemeyece\u011fini bildirdi. Hemen bir alternatif buldular ve Dr. S\u00fckr\u00fc Yazar\u2019\u0131n i\u015flemi yapaca\u011f\u0131 s\u00f6ylendi. Biraz \u015fa\u015f\u0131rd\u0131m, ama cerrah hakk\u0131nda internette ara\u015ft\u0131rma yapt\u0131\u011f\u0131mda sadece olumlu yorumlar g\u00f6rd\u00fcm. B\u00f6ylece g\u00f6\u011f\u00fcs b\u00fcy\u00fctme ameliyat\u0131m\u0131 onunla yapt\u0131rmaya karar verdim.   <\/p>\n\n\n\n<p>13 Ocak\u2019ta annem ve k\u0131z karde\u015fimle birlikte T\u00fcrk Hava Yollar\u0131 ile \u0130stanbul\u2019a u\u00e7tum. U\u00e7u\u015fumuz \u00e7ok keyifli ge\u00e7ti ve havaalan\u0131nda \u00e7ok nazik bir \u015fekilde kar\u015f\u0131land\u0131k. Havaalan\u0131ndan hemen al\u0131nd\u0131k ve Levent Otel\u2019e g\u00f6t\u00fcr\u00fcld\u00fck.<\/p>\n\n\n\n<p>14 Ocak\u2019ta otelden 07:10\u2019ta al\u0131nmam\u0131z gerekiyordu, ancak \u015fof\u00f6r 1 saat gecikti.<\/p>\n\n\n\n<p>Ac\u0131badem Hastanesi\u2019ne vard\u0131\u011f\u0131m\u0131zda bir \u00e7evirmen taraf\u0131ndan kar\u015f\u0131land\u0131k. Ben g\u00fczel ve b\u00fcy\u00fck bir odaya al\u0131nd\u0131m ve hemen kan alma i\u015flemi ba\u015flad\u0131. Sonras\u0131nda her \u015fey \u00e7ok h\u0131zl\u0131 geli\u015fti; ameliyattan \u00f6nce cerrahla bir g\u00f6r\u00fc\u015fme yapt\u0131k. <\/p>\n\n\n\n<p>Ameliyat \u00f6ncesi \u00e7ok gergindim, bu y\u00fczden bana bir sakinle\u015ftirici verildi. Yakla\u015f\u0131k saat 11:00 civar\u0131nda i\u015flem ba\u015flad\u0131 ve anestezi h\u0131zl\u0131 bir \u015fekilde etkisini g\u00f6sterdi. \u00dc\u00e7 saat sonra \u00e7ok \u015fiddetli a\u011fr\u0131larla uyand\u0131m. Hastanedeki geceyi sorunsuz ge\u00e7irdim; annem odada benimle kalabildi. Hem\u015fire \u00e7ok nazikti, her saat kan bas\u0131nc\u0131m\u0131 ve ate\u015fimi \u00f6l\u00e7mek i\u00e7in geldi; verilen bak\u0131m beni \u00e7ok etkiledi. Ertesi ak\u015fam hastaneden taburcu oldum. Otel ara\u00e7la yakla\u015f\u0131k 10 dakika uzakl\u0131ktayd\u0131. \u0130lk \u00fc\u00e7 g\u00fcn hafif a\u011fr\u0131lar\u0131m vard\u0131, bu a\u011fr\u0131lar g\u00fc\u00e7l\u00fc bir kas a\u011fr\u0131s\u0131 gibi hissediliyordu, ta ki cerrah yan taraftaki iki t\u00fcp\u00fc \u00e7\u0131kartana kadar. T\u00fcplerin \u00e7\u0131kar\u0131lmas\u0131 biraz a\u011fr\u0131l\u0131yd\u0131 \u00e7\u00fcnk\u00fc cildin yakla\u015f\u0131k 10 cm derinli\u011findeydiler. Sonras\u0131nda g\u00fcn ge\u00e7tik\u00e7e her \u015fey daha iyi oldu. Hastaneden ald\u0131\u011f\u0131m ila\u00e7lar\u0131 d\u00fczenli olarak kulland\u0131m. Kontrolden sonra hemen Taksim\u2019e gidip bir kuaf\u00f6rde sa\u00e7\u0131m\u0131 y\u0131katt\u0131k \u00e7\u00fcnk\u00fc kendim y\u0131kamakta zorlan\u0131yordum.           <\/p>\n\n\n\n<p>18 Ocak\u2019ta \u0130stanbul\u2019da son kontrol\u00fcm\u00fc yapt\u0131rd\u0131m. Taksiyle Ni\u015fanta\u015f\u0131\u2019na Dr. S\u00fckr\u00fc Yazar\u2019\u0131n klini\u011fine gittik. Bana g\u00f6\u011f\u00fcs alt\u0131ndaki izler i\u00e7in bir silikon krem \u00f6nerdi ve hangi egzersizlerin iyi olaca\u011f\u0131n\u0131 g\u00f6sterdi.  <\/p>\n\n\n\n<p>Cumartesi \u00f6\u011fleden sonra tekrar \u0130svi\u00e7re\u2019ye d\u00f6nd\u00fck. Kendimi \u00e7ok iyi hissediyordum ve hi\u00e7 a\u011fr\u0131m yoktu. Pazartesi g\u00fcn\u00fc i\u015fe de geri d\u00f6nd\u00fcm.  <\/p>\n\n\n\n<p>Bir sonraki kontrol\u00fcm\u00fc \u0130svi\u00e7re\u2019de 24 \u015eubat\u2019ta yapt\u0131raca\u011f\u0131m. Sonu\u00e7tan \u00e7ok memnunum ve i\u015flemi her zaman tekrar orada yapt\u0131r\u0131rd\u0131m. M\u00fckemmel bak\u0131m i\u00e7in \u00e7ok te\u015fekk\u00fcrler. <\/p>\n\n\n\n<p>Sevgilerle, A. Sari<\/p>\n\n\n\n<div class=\"wp-block-group is-layout-grid wp-container-core-group-is-layout-baef362d wp-block-group-is-layout-grid\">\n<p><a href=\"https:\/\/medicaltravel.at\/home\/agb\/\" data-type=\"page\" data-id=\"2191\"><\/a><a href=\"https:\/\/medicaltravel.at\/tr\/hasta-hikayeleri\/erfahrungsberichte-behandlungen-tuerkei\/istanbulda-sac-ekimi-deneyim-raporu-15-subat-2019-cuma-tarihli-rapor-2\/\" data-type=\"link\" data-id=\"https:\/\/medicaltravel.at\/tr\/hasta-hikayeleri\/erfahrungsberichte-behandlungen-tuerkei\/istanbulda-sac-ekimi-deneyim-raporu-15-subat-2019-cuma-tarihli-rapor-2\/\">\u00d6nceki Rapor<\/a><\/p>\n\n\n\n<p class=\"has-text-align-right wp-container-content-5e2576f9\"><a href=\"https:\/\/medicaltravel.at\/home\/impressum\/\" data-type=\"page\" data-id=\"2193\"><\/a><a href=\"https:\/\/medicaltravel.at\/home\/berichte-von-patienten\/erfahrungsberichte\/erfahrungsbericht-zahnbehandlung-in-istanbul\/\" data-type=\"page\" data-id=\"981\"><\/a><a href=\"https:\/\/medicaltravel.at\/tr\/hasta-hikayeleri\/erfahrungsberichte-behandlungen-tuerkei\/istanbulda-burun-ameliyatim-tuerkiye-hasta-deneyimi-13-kasim-2018-sali-guenue-yazilmis-rapor\/\" data-type=\"link\" data-id=\"https:\/\/medicaltravel.at\/berichte-von-patienten\/erfahrungsberichte\/meine-nasen-op-in-istanbul-tuerkei-patientenbericht-bericht-vom-dienstag-13-november-2018\/\">Sonraki Rapor<\/a><\/p>\n<\/div>\n","protected":false},"excerpt":{"rendered":"<p>\u0130STANBUL&#8217;DA G\u00d6\u011e\u00dcS B\u00dcY\u00dcTME DENEY\u0130M RAPORU \u2013 T\u00dcRK\u0130YE \u2013 05 \u015eubat 2019 Sal\u0131 tarihli rapor 14 Ocak 2019 tarihli \u0130stanbul deneyim raporum: G\u00f6\u011f\u00fcs kas\u0131n\u0131n alt\u0131na g\u00f6\u011f\u00fcs b\u00fcy\u00fctme ameliyat\u0131. Ben her zaman g\u00f6\u011f\u00fcslerimi b\u00fcy\u00fctmek istemi\u015ftim. \u0130\u015f arkada\u015f\u0131m bana MedicalTravel\u2019i \u00f6nerdi \u00e7\u00fcnk\u00fc onun tan\u0131d\u0131\u011f\u0131 bir ki\u015fi de g\u00f6\u011f\u00fcslerini orada yapt\u0131rm\u0131\u015f ve \u00e7ok memnun kalm\u0131\u015f. 23 Eyl\u00fcl\u2019de Dr. Burak Ersoy ile bir dan\u0131\u015fma randevum vard\u0131. Olumlu izlenim sayesinde, tedaviye Ocak ba\u015f\u0131nda ba\u015flamaya karar verdim. Yolculuktan bir hafta \u00f6nce Bay Kara, Dr. Burak Ersoy\u2019un \u00f6zel nedenlerden dolay\u0131 ameliyat randevusuna gelemeyece\u011fini bildirdi. Hemen bir alternatif buldular ve Dr. S\u00fckr\u00fc Yazar\u2019\u0131n i\u015flemi yapaca\u011f\u0131 s\u00f6ylendi. Biraz \u015fa\u015f\u0131rd\u0131m, ama cerrah hakk\u0131nda internette ara\u015ft\u0131rma yapt\u0131\u011f\u0131mda sadece olumlu yorumlar g\u00f6rd\u00fcm. B\u00f6ylece g\u00f6\u011f\u00fcs b\u00fcy\u00fctme ameliyat\u0131m\u0131 onunla yapt\u0131rmaya karar verdim. 13 Ocak\u2019ta annem ve k\u0131z karde\u015fimle birlikte T\u00fcrk Hava Yollar\u0131 ile \u0130stanbul\u2019a u\u00e7tum. U\u00e7u\u015fumuz \u00e7ok keyifli ge\u00e7ti ve havaalan\u0131nda \u00e7ok nazik bir \u015fekilde kar\u015f\u0131land\u0131k. Havaalan\u0131ndan hemen al\u0131nd\u0131k ve Levent Otel\u2019e g\u00f6t\u00fcr\u00fcld\u00fck. 14 Ocak\u2019ta otelden 07:10\u2019ta al\u0131nmam\u0131z gerekiyordu, ancak \u015fof\u00f6r 1 saat gecikti. Ac\u0131badem Hastanesi\u2019ne vard\u0131\u011f\u0131m\u0131zda bir \u00e7evirmen taraf\u0131ndan kar\u015f\u0131land\u0131k. Ben g\u00fczel ve b\u00fcy\u00fck bir odaya al\u0131nd\u0131m ve hemen kan alma i\u015flemi ba\u015flad\u0131. Sonras\u0131nda her \u015fey \u00e7ok h\u0131zl\u0131 geli\u015fti; ameliyattan \u00f6nce cerrahla bir g\u00f6r\u00fc\u015fme yapt\u0131k. Ameliyat \u00f6ncesi \u00e7ok gergindim, bu y\u00fczden bana bir sakinle\u015ftirici verildi. Yakla\u015f\u0131k saat 11:00 civar\u0131nda i\u015flem ba\u015flad\u0131 ve anestezi h\u0131zl\u0131 bir \u015fekilde etkisini g\u00f6sterdi. \u00dc\u00e7 saat sonra \u00e7ok \u015fiddetli a\u011fr\u0131larla uyand\u0131m. Hastanedeki geceyi sorunsuz ge\u00e7irdim; annem odada benimle kalabildi. Hem\u015fire \u00e7ok nazikti, her saat kan bas\u0131nc\u0131m\u0131 ve ate\u015fimi \u00f6l\u00e7mek i\u00e7in geldi; verilen bak\u0131m beni \u00e7ok etkiledi. Ertesi ak\u015fam hastaneden taburcu oldum. Otel ara\u00e7la yakla\u015f\u0131k 10 dakika uzakl\u0131ktayd\u0131. \u0130lk \u00fc\u00e7 g\u00fcn hafif a\u011fr\u0131lar\u0131m vard\u0131, bu a\u011fr\u0131lar g\u00fc\u00e7l\u00fc bir kas a\u011fr\u0131s\u0131 gibi hissediliyordu, ta ki cerrah yan taraftaki iki t\u00fcp\u00fc \u00e7\u0131kartana kadar. T\u00fcplerin \u00e7\u0131kar\u0131lmas\u0131 biraz a\u011fr\u0131l\u0131yd\u0131 \u00e7\u00fcnk\u00fc cildin yakla\u015f\u0131k 10 cm derinli\u011findeydiler. Sonras\u0131nda g\u00fcn ge\u00e7tik\u00e7e her \u015fey daha iyi oldu. Hastaneden ald\u0131\u011f\u0131m ila\u00e7lar\u0131 d\u00fczenli olarak kulland\u0131m. Kontrolden sonra hemen Taksim\u2019e gidip bir kuaf\u00f6rde sa\u00e7\u0131m\u0131 y\u0131katt\u0131k \u00e7\u00fcnk\u00fc kendim y\u0131kamakta zorlan\u0131yordum. 18 Ocak\u2019ta \u0130stanbul\u2019da son kontrol\u00fcm\u00fc yapt\u0131rd\u0131m. Taksiyle Ni\u015fanta\u015f\u0131\u2019na Dr. S\u00fckr\u00fc Yazar\u2019\u0131n klini\u011fine gittik. Bana g\u00f6\u011f\u00fcs alt\u0131ndaki izler i\u00e7in bir silikon krem \u00f6nerdi ve hangi egzersizlerin iyi olaca\u011f\u0131n\u0131 g\u00f6sterdi. Cumartesi \u00f6\u011fleden sonra tekrar \u0130svi\u00e7re\u2019ye d\u00f6nd\u00fck. Kendimi \u00e7ok iyi hissediyordum ve hi\u00e7 a\u011fr\u0131m yoktu. Pazartesi g\u00fcn\u00fc i\u015fe de geri d\u00f6nd\u00fcm. Bir sonraki kontrol\u00fcm\u00fc \u0130svi\u00e7re\u2019de 24 \u015eubat\u2019ta yapt\u0131raca\u011f\u0131m. Sonu\u00e7tan \u00e7ok memnunum ve i\u015flemi her zaman tekrar orada yapt\u0131r\u0131rd\u0131m. M\u00fckemmel bak\u0131m i\u00e7in \u00e7ok te\u015fekk\u00fcrler. Sevgilerle, A. Sari \u00d6nceki Rapor Sonraki Rapor<\/p>\n","protected":false},"author":4,"featured_media":0,"parent":4603,"menu_order":0,"comment_status":"closed","ping_status":"closed","template":"","meta":{"_joinchat":[],"footnotes":""},"class_list":["post-4630","page","type-page","status-publish","hentry"],"acf":[],"_links":{"self":[{"href":"https:\/\/medicaltravel.at\/tr\/wp-json\/wp\/v2\/pages\/4630","targetHints":{"allow":["GET"]}}],"collection":[{"href":"https:\/\/medicaltravel.at\/tr\/wp-json\/wp\/v2\/pages"}],"about":[{"href":"https:\/\/medicaltravel.at\/tr\/wp-json\/wp\/v2\/types\/page"}],"author":[{"embeddable":true,"href":"https:\/\/medicaltravel.at\/tr\/wp-json\/wp\/v2\/users\/4"}],"replies":[{"embeddable":true,"href":"https:\/\/medicaltravel.at\/tr\/wp-json\/wp\/v2\/comments?post=4630"}],"version-history":[{"count":4,"href":"https:\/\/medicaltravel.at\/tr\/wp-json\/wp\/v2\/pages\/4630\/revisions"}],"predecessor-version":[{"id":5754,"href":"https:\/\/medicaltravel.at\/tr\/wp-json\/wp\/v2\/pages\/4630\/revisions\/5754"}],"up":[{"embeddable":true,"href":"https:\/\/medicaltravel.at\/tr\/wp-json\/wp\/v2\/pages\/4603"}],"wp:attachment":[{"href":"https:\/\/medicaltravel.at\/tr\/wp-json\/wp\/v2\/media?parent=4630"}],"curies":[{"name":"wp","href":"https:\/\/api.w.org\/{rel}","templated":true}]}}