{"id":4628,"date":"2025-09-27T21:22:41","date_gmt":"2025-09-27T20:22:41","guid":{"rendered":"https:\/\/medicaltravel.at\/hasta-hikayeleri\/erfahrungsberichte-behandlungen-tuerkei\/goez-kapagi-germe-deneyim-raporu-istanbul-nisan-2017-23-mayis-2017-sali-tarihli-rapor\/"},"modified":"2026-01-13T14:31:04","modified_gmt":"2026-01-13T13:31:04","slug":"goez-kapagi-germe-deneyim-raporu-istanbul-nisan-2017-23-mayis-2017-sali-tarihli-rapor","status":"publish","type":"page","link":"https:\/\/medicaltravel.at\/tr\/hasta-hikayeleri\/erfahrungsberichte-behandlungen-tuerkei\/goez-kapagi-germe-deneyim-raporu-istanbul-nisan-2017-23-mayis-2017-sali-tarihli-rapor\/","title":{"rendered":"G\u00f6z kapa\u011f\u0131 germe deneyim raporu \u0130stanbul Nisan 2017 \u2013 23 May\u0131s 2017 Sal\u0131 tarihli rapor"},"content":{"rendered":"\n<p><strong>G\u00f6z kapa\u011f\u0131 germe deneyim raporu \u0130stanbul Nisan 2017 <\/strong>\u2013 23 May\u0131s 2017 Sal\u0131 tarihli rapor<\/p>\n\n\n\n<figure class=\"wp-block-image size-full\"><img decoding=\"async\" width=\"120\" height=\"90\" src=\"https:\/\/medicaltravel.at\/wp-content\/uploads\/2025\/09\/123-1.jpg\" alt=\"\" class=\"wp-image-1034\"\/><\/figure>\n\n\n\n<p>Birka\u00e7 y\u0131ld\u0131r g\u00f6z alt\u0131 torbalar\u0131m ve biraz fazla b\u00fcy\u00fck \u00fcst g\u00f6z kapaklar\u0131m beni rahats\u0131z ediyordu.<\/p>\n\n\n\n<p>K\u0131z\u0131m\u0131n yakla\u015f\u0131k bir y\u0131l \u00f6nce kar\u0131n germe ameliyat\u0131 yapt\u0131r\u0131p sonu\u00e7tan b\u00fcy\u00fck bir memnuniyet duymas\u0131 sayesinde, ben de bu ameliyat\u0131 \u0130stanbul\u2019da yapt\u0131rmaya ve MedicalTravel arac\u0131l\u0131\u011f\u0131yla organize ettirmeye karar verdim.<\/p>\n\n\n\n<p>Bu harika bir karard\u0131. Havaalan\u0131nda bile nazik ve ilgili bir \u015fekilde kar\u015f\u0131land\u0131m ve ard\u0131ndan otele g\u00f6t\u00fcr\u00fcld\u00fcm. <\/p>\n\n\n\n<p>Evet, \u00e7eviri do\u011fru ve anlaml\u0131. Ayn\u0131 \u015fekilde devam edebiliriz. Devam eden metni g\u00f6nderirsen, bunu da ayn\u0131 \u00fcslup ve kurallara g\u00f6re \u00e7evirebilirim.<\/p>\n\n\n\n<p>T\u00fcm ameliyat ve hastanede kal\u0131\u015f s\u00fcreci son derece olumlu bir deneyim oldu ve yetkin ve deneyimli cerrah beni tamamen tatmin edecek \u015fekilde ameliyat etti. Hi\u00e7 a\u011fr\u0131 yok, komplikasyon yok, ger\u00e7ekten m\u00fckemmel. <\/p>\n\n\n\n<p>T\u00fcm \u00e7evrem art\u0131k beni bu harika sonu\u00e7 i\u00e7in k\u0131skan\u0131yor. Emin bir \u015fekilde herkese T\u00fcrkiye\u2019de uygun fiyatl\u0131 bir ameliyat yapt\u0131rmalar\u0131 konusunda cesaret veriyorum ve MedicalTravel\u2019i g\u00f6n\u00fcl rahatl\u0131\u011f\u0131yla tavsiye edebilirim. <\/p>\n\n\n\n<p>Olivia Isliker<br>Z\u00fcrih, 20 May\u0131s 2017<\/p>\n\n\n\n<div class=\"wp-block-group is-layout-grid wp-container-core-group-is-layout-baef362d wp-block-group-is-layout-grid\">\n<p><a href=\"https:\/\/medicaltravel.at\/home\/agb\/\" data-type=\"page\" data-id=\"2191\"><\/a><a href=\"https:\/\/medicaltravel.at\/tr\/hasta-hikayeleri\/erfahrungsberichte-behandlungen-tuerkei\/istanbuldaki-dis-kaplamasi-tedavim-09-temmuz-2017-pazar-guenue-deneyimim\/\" data-type=\"link\" data-id=\"https:\/\/medicaltravel.at\/tr\/hasta-hikayeleri\/erfahrungsberichte-behandlungen-tuerkei\/istanbuldaki-dis-kaplamasi-tedavim-09-temmuz-2017-pazar-guenue-deneyimim\/\">\u00d6nceki Rapor<\/a><\/p>\n\n\n\n<p class=\"has-text-align-right wp-container-content-5e2576f9\"><a href=\"https:\/\/medicaltravel.at\/home\/impressum\/\" data-type=\"page\" data-id=\"2193\"><\/a><a href=\"https:\/\/medicaltravel.at\/home\/berichte-von-patienten\/erfahrungsberichte\/erfahrungsbericht-zahnbehandlung-in-istanbul\/\" data-type=\"page\" data-id=\"981\"><\/a><a href=\"https:\/\/medicaltravel.at\/tr\/hasta-hikayeleri\/erfahrungsberichte-behandlungen-tuerkei\/iki-kitada-bulunan-sehirdeki-meme-ameliyatim-27-nisan-2017-persembe-tarihli-rapor\/\" data-type=\"link\" data-id=\"https:\/\/medicaltravel.at\/tr\/hasta-hikayeleri\/erfahrungsberichte-behandlungen-tuerkei\/iki-kitada-bulunan-sehirdeki-meme-ameliyatim-27-nisan-2017-persembe-tarihli-rapor\/\">Sonraki Rapor<\/a><\/p>\n<\/div>\n\n\n\n<p><\/p>\n","protected":false},"excerpt":{"rendered":"<p>G\u00f6z kapa\u011f\u0131 germe deneyim raporu \u0130stanbul Nisan 2017 \u2013 23 May\u0131s 2017 Sal\u0131 tarihli rapor Birka\u00e7 y\u0131ld\u0131r g\u00f6z alt\u0131 torbalar\u0131m ve biraz fazla b\u00fcy\u00fck \u00fcst g\u00f6z kapaklar\u0131m beni rahats\u0131z ediyordu. K\u0131z\u0131m\u0131n yakla\u015f\u0131k bir y\u0131l \u00f6nce kar\u0131n germe ameliyat\u0131 yapt\u0131r\u0131p sonu\u00e7tan b\u00fcy\u00fck bir memnuniyet duymas\u0131 sayesinde, ben de bu ameliyat\u0131 \u0130stanbul\u2019da yapt\u0131rmaya ve MedicalTravel arac\u0131l\u0131\u011f\u0131yla organize ettirmeye karar verdim. Bu harika bir karard\u0131. Havaalan\u0131nda bile nazik ve ilgili bir \u015fekilde kar\u015f\u0131land\u0131m ve ard\u0131ndan otele g\u00f6t\u00fcr\u00fcld\u00fcm. Evet, \u00e7eviri do\u011fru ve anlaml\u0131. Ayn\u0131 \u015fekilde devam edebiliriz. Devam eden metni g\u00f6nderirsen, bunu da ayn\u0131 \u00fcslup ve kurallara g\u00f6re \u00e7evirebilirim. T\u00fcm ameliyat ve hastanede kal\u0131\u015f s\u00fcreci son derece olumlu bir deneyim oldu ve yetkin ve deneyimli cerrah beni tamamen tatmin edecek \u015fekilde ameliyat etti. Hi\u00e7 a\u011fr\u0131 yok, komplikasyon yok, ger\u00e7ekten m\u00fckemmel. T\u00fcm \u00e7evrem art\u0131k beni bu harika sonu\u00e7 i\u00e7in k\u0131skan\u0131yor. Emin bir \u015fekilde herkese T\u00fcrkiye\u2019de uygun fiyatl\u0131 bir ameliyat yapt\u0131rmalar\u0131 konusunda cesaret veriyorum ve MedicalTravel\u2019i g\u00f6n\u00fcl rahatl\u0131\u011f\u0131yla tavsiye edebilirim. Olivia IslikerZ\u00fcrih, 20 May\u0131s 2017 \u00d6nceki Rapor Sonraki Rapor<\/p>\n","protected":false},"author":4,"featured_media":0,"parent":4603,"menu_order":0,"comment_status":"closed","ping_status":"closed","template":"","meta":{"_joinchat":[],"footnotes":""},"class_list":["post-4628","page","type-page","status-publish","hentry"],"acf":[],"_links":{"self":[{"href":"https:\/\/medicaltravel.at\/tr\/wp-json\/wp\/v2\/pages\/4628","targetHints":{"allow":["GET"]}}],"collection":[{"href":"https:\/\/medicaltravel.at\/tr\/wp-json\/wp\/v2\/pages"}],"about":[{"href":"https:\/\/medicaltravel.at\/tr\/wp-json\/wp\/v2\/types\/page"}],"author":[{"embeddable":true,"href":"https:\/\/medicaltravel.at\/tr\/wp-json\/wp\/v2\/users\/4"}],"replies":[{"embeddable":true,"href":"https:\/\/medicaltravel.at\/tr\/wp-json\/wp\/v2\/comments?post=4628"}],"version-history":[{"count":2,"href":"https:\/\/medicaltravel.at\/tr\/wp-json\/wp\/v2\/pages\/4628\/revisions"}],"predecessor-version":[{"id":5762,"href":"https:\/\/medicaltravel.at\/tr\/wp-json\/wp\/v2\/pages\/4628\/revisions\/5762"}],"up":[{"embeddable":true,"href":"https:\/\/medicaltravel.at\/tr\/wp-json\/wp\/v2\/pages\/4603"}],"wp:attachment":[{"href":"https:\/\/medicaltravel.at\/tr\/wp-json\/wp\/v2\/media?parent=4628"}],"curies":[{"name":"wp","href":"https:\/\/api.w.org\/{rel}","templated":true}]}}