{"id":4625,"date":"2025-09-27T21:13:50","date_gmt":"2025-09-27T20:13:50","guid":{"rendered":"https:\/\/medicaltravel.at\/hasta-hikayeleri\/erfahrungsberichte-behandlungen-tuerkei\/istanbuldaki-kaplama-disler-sayesinde-sonunda-yeniden-gueluemsueyorum-7-subat-2018-carsamba-tarihli-rapor\/"},"modified":"2026-01-13T14:21:56","modified_gmt":"2026-01-13T13:21:56","slug":"istanbuldaki-kaplama-disler-sayesinde-sonunda-yeniden-gueluemsueyorum-7-subat-2018-carsamba-tarihli-rapor","status":"publish","type":"page","link":"https:\/\/medicaltravel.at\/tr\/hasta-hikayeleri\/erfahrungsberichte-behandlungen-tuerkei\/istanbuldaki-kaplama-disler-sayesinde-sonunda-yeniden-gueluemsueyorum-7-subat-2018-carsamba-tarihli-rapor\/","title":{"rendered":"\u0130STANBUL&#8217;DAK\u0130 KAPLAMA D\u0130\u015eLER SAYES\u0130NDE SONUNDA YEN\u0130DEN G\u00dcL\u00dcMS\u00dcYORUM \u2013 7 \u015eubat 2018 \u00c7ar\u015famba tarihli rapor"},"content":{"rendered":"\n<p><strong>\u0130STANBUL&#8217;DAK\u0130 KAPLAMA D\u0130\u015eLER SAYES\u0130NDE SONUNDA YEN\u0130DEN G\u00dcL\u00dcMS\u00dcYORUM<\/strong> \u2013 7 \u015eubat 2018 \u00c7ar\u015famba tarihli rapor<\/p>\n\n\n\n<p>Ben ve k\u0131z arkada\u015f\u0131m uzun s\u00fcredir di\u015f kaplamalar\u0131 ile ilgileniyorduk ve s\u00fcrekli internetten ara\u015ft\u0131rma yap\u0131yor, bir\u00e7ok yere soruyorduk. \u0130svi\u00e7re\u2019de di\u015f kaplamalar\u0131 yapt\u0131rmak bizim i\u00e7in m\u00fcmk\u00fcn de\u011fildi \u00e7\u00fcnk\u00fc fiyatlar\u0131 \u00e7ok y\u00fcksekti. <\/p>\n\n\n\n<p>Bir noktada medicaltravel ile kar\u015f\u0131la\u015ft\u0131k ve zug\u2019da bir dan\u0131\u015fma g\u00f6r\u00fc\u015fmesi ayarlad\u0131k. \u00c7evirmen ve di\u015f hekimi ile g\u00f6r\u00fc\u015ft\u00fckten sonra bu ad\u0131m\u0131 atmaya karar verdik. <\/p>\n\n\n\n<p>U\u00e7u\u015fu ve oteli kendimiz ayarlad\u0131k, oysa bunu medicaltravel\u2019den Bay Kara da yapabilirdi. \u0130stanbul\u2019a vard\u0131\u011f\u0131m\u0131zda havaalan\u0131nda bizi Ac\u0131badem hastanesinin kar\u015f\u0131lama servisi bekliyordu. <\/p>\n\n\n\n<p>Bizi daha sonra otele g\u00f6t\u00fcrd\u00fcler. Ertesi sabah tekrar al\u0131nd\u0131k ve Ac\u0131badem hastanesine g\u00f6t\u00fcr\u00fcld\u00fck. \u0130lk g\u00fcn asl\u0131nda en verimli g\u00fcnd\u00fc. Di\u015flerimiz haz\u0131rland\u0131, yani biraz t\u00f6rp\u00fclendi, ard\u0131ndan bir \u00f6l\u00e7\u00fc al\u0131nd\u0131 ve laboratuvara g\u00f6nderildi, di\u015f kaplamalar\u0131m\u0131z orada yap\u0131ld\u0131. Sonunda ge\u00e7ici di\u015flerimizi ald\u0131k. T\u00fcm bunlar her ne kadar \u201ckeyifli\u201d olmasa da hi\u00e7 a\u011fr\u0131 hissetmedik. Ayr\u0131ca en sonunda di\u015f kaplamalar\u0131m\u0131z\u0131n hangi renkte olaca\u011f\u0131n\u0131 se\u00e7me \u015fans\u0131m\u0131z oldu.      <\/p>\n\n\n\n<p>Ge\u00e7ici di\u015flerde sadece sert \u015feyler yememeye dikkat etmemiz gerekiyordu, \u00e7\u00fcnk\u00fc di\u015fler \u00e7ok s\u0131k\u0131 yap\u0131\u015ft\u0131r\u0131lmam\u0131\u015ft\u0131 ve b\u00f6ylece daha sonra daha kolay \u00e7\u0131kar\u0131labiliyordu.<\/p>\n\n\n\n<p>Art\u0131k \u0130stanbul\u2019u ke\u015ffetmek i\u00e7in birka\u00e7 g\u00fcn\u00fcm\u00fcz vard\u0131. Farkl\u0131 yerlere gittik ve \u00e7e\u015fitli turistik yerleri gezdik. \u00d6rne\u011fin Sultan Ahmed Camii, B\u00fcy\u00fck \u00c7ar\u015f\u0131, Bo\u011fazi\u00e7i gibi. Ayr\u0131ca Big Bus ile bir tur yapt\u0131k, bu ger\u00e7ekten tavsiye edilir \u00e7\u00fcnk\u00fc \u00e7ok \u015fey g\u00f6r\u00fcyorsunuz ve her \u015fey size anlat\u0131l\u0131yor.  <\/p>\n\n\n\n<p>Per\u015fembe g\u00fcn\u00fc di\u015f kaplamalar\u0131m\u0131z\u0131n provalar\u0131na gittik, her \u015feyin uyup uymad\u0131\u011f\u0131n\u0131 g\u00f6rmek i\u00e7in. Ertesi g\u00fcn di\u015f kaplamalar\u0131m\u0131z di\u015flerimize yap\u0131\u015ft\u0131r\u0131ld\u0131. Bu i\u015flem yine lokal anestezi alt\u0131nda yap\u0131ld\u0131. Her di\u015f tek tek yap\u0131\u015ft\u0131r\u0131ld\u0131ktan ve ilk kez aynaya bakt\u0131\u011f\u0131mda inanamad\u0131m. Di\u015f kaplamalar\u0131m \u00e7ok g\u00fczeldi! \u00d6nceden di\u015flerim \u00f6zellikle alt k\u0131s\u0131mda \u00e7ok \u00e7arp\u0131kt\u0131, ama art\u0131k hi\u00e7bir iz kalmam\u0131\u015ft\u0131, ger\u00e7ekten inan\u0131lmazd\u0131.     <\/p>\n\n\n\n<p>Cumartesi g\u00fcn\u00fc tekrar Ac\u0131badem hastanesine gittik, di\u015f hekimimizle her \u015feyin uyup uymad\u0131\u011f\u0131n\u0131 kontrol etmek i\u00e7in. K\u0131z arkada\u015f\u0131m\u0131n di\u015flerinden gece pla\u011f\u0131 yapmak i\u00e7in bir \u00f6l\u00e7\u00fc al\u0131nmas\u0131 gerekiyordu, \u00e7\u00fcnk\u00fc di\u015flerini g\u0131c\u0131rdat\u0131yor. Art\u0131k her \u015fey tamamlanm\u0131\u015ft\u0131.  <\/p>\n\n\n\n<p>Bu hafta inan\u0131lmaz h\u0131zl\u0131 ge\u00e7ti. \u00c7evirmen m\u00fckemmel Almanca konu\u015fuyordu ve bize \u00e7ok iyi rehberlik etti. Di\u015f hekimimiz Bayan \u00d6zge \u00d6zt\u00fcrk\u2019ten zaten \u00e7ok etkilendik. \u0130\u015fini harika ve b\u00fcy\u00fck bir tutkuyla yap\u0131yor.   <\/p>\n\n\n\n<p>Herkese di\u015flerini medicaltravel\u2019de yapt\u0131rmalar\u0131n\u0131 tavsiye edebiliriz. Fiyatlar ve kalite harika. Ayr\u0131ca \u0130stanbul \u00e7ok heyecan verici bir \u015fehir. Al\u0131\u015fveri\u015f i\u00e7in m\u00fckemmel ve yemekler her yerde \u00e7ok iyiydi. Kesinlikle tekrar gidece\u011fiz.    <\/p>\n\n\n\n<p>Nitharjan Sandrasekaram<\/p>\n\n\n\n<div class=\"wp-block-group is-layout-grid wp-container-core-group-is-layout-baef362d wp-block-group-is-layout-grid\">\n<p><a href=\"https:\/\/medicaltravel.at\/home\/agb\/\" data-type=\"page\" data-id=\"2191\"><\/a><a href=\"https:\/\/medicaltravel.at\/tr\/hasta-hikayeleri\/erfahrungsberichte-behandlungen-tuerkei\/sac-ekimi-deneyimim-istanbul-09-subat-2018-cuma-guenue-raporu\/\" data-type=\"link\" data-id=\"https:\/\/medicaltravel.at\/tr\/hasta-hikayeleri\/erfahrungsberichte-behandlungen-tuerkei\/sac-ekimi-deneyimim-istanbul-09-subat-2018-cuma-guenue-raporu\/\">\u00d6nceki Rapor<\/a><\/p>\n\n\n\n<p class=\"has-text-align-right wp-container-content-5e2576f9\"><a href=\"https:\/\/medicaltravel.at\/home\/impressum\/\" data-type=\"page\" data-id=\"2193\"><\/a><a href=\"https:\/\/medicaltravel.at\/home\/berichte-von-patienten\/erfahrungsberichte\/erfahrungsbericht-zahnbehandlung-in-istanbul\/\" data-type=\"page\" data-id=\"981\"><\/a><a href=\"https:\/\/medicaltravel.at\/tr\/hasta-hikayeleri\/erfahrungsberichte-behandlungen-tuerkei\/istanbuldaki-dis-kaplama-tedavim-07-subat-2018-carsamba-guenue-deneyimim\/\" data-type=\"link\" data-id=\"https:\/\/medicaltravel.at\/tr\/hasta-hikayeleri\/erfahrungsberichte-behandlungen-tuerkei\/istanbuldaki-dis-kaplama-tedavim-07-subat-2018-carsamba-guenue-deneyimim\/\">Sonraki Rapor<\/a><\/p>\n<\/div>\n","protected":false},"excerpt":{"rendered":"<p>\u0130STANBUL&#8217;DAK\u0130 KAPLAMA D\u0130\u015eLER SAYES\u0130NDE SONUNDA YEN\u0130DEN G\u00dcL\u00dcMS\u00dcYORUM \u2013 7 \u015eubat 2018 \u00c7ar\u015famba tarihli rapor Ben ve k\u0131z arkada\u015f\u0131m uzun s\u00fcredir di\u015f kaplamalar\u0131 ile ilgileniyorduk ve s\u00fcrekli internetten ara\u015ft\u0131rma yap\u0131yor, bir\u00e7ok yere soruyorduk. \u0130svi\u00e7re\u2019de di\u015f kaplamalar\u0131 yapt\u0131rmak bizim i\u00e7in m\u00fcmk\u00fcn de\u011fildi \u00e7\u00fcnk\u00fc fiyatlar\u0131 \u00e7ok y\u00fcksekti. Bir noktada medicaltravel ile kar\u015f\u0131la\u015ft\u0131k ve zug\u2019da bir dan\u0131\u015fma g\u00f6r\u00fc\u015fmesi ayarlad\u0131k. \u00c7evirmen ve di\u015f hekimi ile g\u00f6r\u00fc\u015ft\u00fckten sonra bu ad\u0131m\u0131 atmaya karar verdik. U\u00e7u\u015fu ve oteli kendimiz ayarlad\u0131k, oysa bunu medicaltravel\u2019den Bay Kara da yapabilirdi. \u0130stanbul\u2019a vard\u0131\u011f\u0131m\u0131zda havaalan\u0131nda bizi Ac\u0131badem hastanesinin kar\u015f\u0131lama servisi bekliyordu. Bizi daha sonra otele g\u00f6t\u00fcrd\u00fcler. Ertesi sabah tekrar al\u0131nd\u0131k ve Ac\u0131badem hastanesine g\u00f6t\u00fcr\u00fcld\u00fck. \u0130lk g\u00fcn asl\u0131nda en verimli g\u00fcnd\u00fc. Di\u015flerimiz haz\u0131rland\u0131, yani biraz t\u00f6rp\u00fclendi, ard\u0131ndan bir \u00f6l\u00e7\u00fc al\u0131nd\u0131 ve laboratuvara g\u00f6nderildi, di\u015f kaplamalar\u0131m\u0131z orada yap\u0131ld\u0131. Sonunda ge\u00e7ici di\u015flerimizi ald\u0131k. T\u00fcm bunlar her ne kadar \u201ckeyifli\u201d olmasa da hi\u00e7 a\u011fr\u0131 hissetmedik. Ayr\u0131ca en sonunda di\u015f kaplamalar\u0131m\u0131z\u0131n hangi renkte olaca\u011f\u0131n\u0131 se\u00e7me \u015fans\u0131m\u0131z oldu. Ge\u00e7ici di\u015flerde sadece sert \u015feyler yememeye dikkat etmemiz gerekiyordu, \u00e7\u00fcnk\u00fc di\u015fler \u00e7ok s\u0131k\u0131 yap\u0131\u015ft\u0131r\u0131lmam\u0131\u015ft\u0131 ve b\u00f6ylece daha sonra daha kolay \u00e7\u0131kar\u0131labiliyordu. Art\u0131k \u0130stanbul\u2019u ke\u015ffetmek i\u00e7in birka\u00e7 g\u00fcn\u00fcm\u00fcz vard\u0131. Farkl\u0131 yerlere gittik ve \u00e7e\u015fitli turistik yerleri gezdik. \u00d6rne\u011fin Sultan Ahmed Camii, B\u00fcy\u00fck \u00c7ar\u015f\u0131, Bo\u011fazi\u00e7i gibi. Ayr\u0131ca Big Bus ile bir tur yapt\u0131k, bu ger\u00e7ekten tavsiye edilir \u00e7\u00fcnk\u00fc \u00e7ok \u015fey g\u00f6r\u00fcyorsunuz ve her \u015fey size anlat\u0131l\u0131yor. Per\u015fembe g\u00fcn\u00fc di\u015f kaplamalar\u0131m\u0131z\u0131n provalar\u0131na gittik, her \u015feyin uyup uymad\u0131\u011f\u0131n\u0131 g\u00f6rmek i\u00e7in. Ertesi g\u00fcn di\u015f kaplamalar\u0131m\u0131z di\u015flerimize yap\u0131\u015ft\u0131r\u0131ld\u0131. Bu i\u015flem yine lokal anestezi alt\u0131nda yap\u0131ld\u0131. Her di\u015f tek tek yap\u0131\u015ft\u0131r\u0131ld\u0131ktan ve ilk kez aynaya bakt\u0131\u011f\u0131mda inanamad\u0131m. Di\u015f kaplamalar\u0131m \u00e7ok g\u00fczeldi! \u00d6nceden di\u015flerim \u00f6zellikle alt k\u0131s\u0131mda \u00e7ok \u00e7arp\u0131kt\u0131, ama art\u0131k hi\u00e7bir iz kalmam\u0131\u015ft\u0131, ger\u00e7ekten inan\u0131lmazd\u0131. Cumartesi g\u00fcn\u00fc tekrar Ac\u0131badem hastanesine gittik, di\u015f hekimimizle her \u015feyin uyup uymad\u0131\u011f\u0131n\u0131 kontrol etmek i\u00e7in. K\u0131z arkada\u015f\u0131m\u0131n di\u015flerinden gece pla\u011f\u0131 yapmak i\u00e7in bir \u00f6l\u00e7\u00fc al\u0131nmas\u0131 gerekiyordu, \u00e7\u00fcnk\u00fc di\u015flerini g\u0131c\u0131rdat\u0131yor. Art\u0131k her \u015fey tamamlanm\u0131\u015ft\u0131. Bu hafta inan\u0131lmaz h\u0131zl\u0131 ge\u00e7ti. \u00c7evirmen m\u00fckemmel Almanca konu\u015fuyordu ve bize \u00e7ok iyi rehberlik etti. Di\u015f hekimimiz Bayan \u00d6zge \u00d6zt\u00fcrk\u2019ten zaten \u00e7ok etkilendik. \u0130\u015fini harika ve b\u00fcy\u00fck bir tutkuyla yap\u0131yor. Herkese di\u015flerini medicaltravel\u2019de yapt\u0131rmalar\u0131n\u0131 tavsiye edebiliriz. Fiyatlar ve kalite harika. Ayr\u0131ca \u0130stanbul \u00e7ok heyecan verici bir \u015fehir. Al\u0131\u015fveri\u015f i\u00e7in m\u00fckemmel ve yemekler her yerde \u00e7ok iyiydi. Kesinlikle tekrar gidece\u011fiz. Nitharjan Sandrasekaram \u00d6nceki Rapor Sonraki Rapor<\/p>\n","protected":false},"author":4,"featured_media":0,"parent":4603,"menu_order":0,"comment_status":"closed","ping_status":"closed","template":"","meta":{"_joinchat":[],"footnotes":""},"class_list":["post-4625","page","type-page","status-publish","hentry"],"acf":[],"_links":{"self":[{"href":"https:\/\/medicaltravel.at\/tr\/wp-json\/wp\/v2\/pages\/4625","targetHints":{"allow":["GET"]}}],"collection":[{"href":"https:\/\/medicaltravel.at\/tr\/wp-json\/wp\/v2\/pages"}],"about":[{"href":"https:\/\/medicaltravel.at\/tr\/wp-json\/wp\/v2\/types\/page"}],"author":[{"embeddable":true,"href":"https:\/\/medicaltravel.at\/tr\/wp-json\/wp\/v2\/users\/4"}],"replies":[{"embeddable":true,"href":"https:\/\/medicaltravel.at\/tr\/wp-json\/wp\/v2\/comments?post=4625"}],"version-history":[{"count":2,"href":"https:\/\/medicaltravel.at\/tr\/wp-json\/wp\/v2\/pages\/4625\/revisions"}],"predecessor-version":[{"id":5756,"href":"https:\/\/medicaltravel.at\/tr\/wp-json\/wp\/v2\/pages\/4625\/revisions\/5756"}],"up":[{"embeddable":true,"href":"https:\/\/medicaltravel.at\/tr\/wp-json\/wp\/v2\/pages\/4603"}],"wp:attachment":[{"href":"https:\/\/medicaltravel.at\/tr\/wp-json\/wp\/v2\/media?parent=4625"}],"curies":[{"name":"wp","href":"https:\/\/api.w.org\/{rel}","templated":true}]}}