{"id":4623,"date":"2025-09-27T21:12:35","date_gmt":"2025-09-27T20:12:35","guid":{"rendered":"https:\/\/medicaltravel.at\/hasta-hikayeleri\/erfahrungsberichte-behandlungen-tuerkei\/agrilar-gecer-sonuc-kalir-carsamba-28-subat-2018-tarihli-deneyim-yazisi\/"},"modified":"2026-01-13T14:20:37","modified_gmt":"2026-01-13T13:20:37","slug":"agrilar-gecer-sonuc-kalir-carsamba-28-subat-2018-tarihli-deneyim-yazisi","status":"publish","type":"page","link":"https:\/\/medicaltravel.at\/tr\/hasta-hikayeleri\/erfahrungsberichte-behandlungen-tuerkei\/agrilar-gecer-sonuc-kalir-carsamba-28-subat-2018-tarihli-deneyim-yazisi\/","title":{"rendered":"A\u011eRILAR GE\u00c7ER; SONU\u00c7 KALIR \u2013 \u00c7ar\u015famba, 28 \u015eubat 2018 tarihli deneyim yaz\u0131s\u0131"},"content":{"rendered":"\n<p><strong>A\u011eRILAR GE\u00c7ER; SONU\u00c7 KALIR <\/strong>\u2013 \u00c7ar\u015famba, 28 \u015eubat 2018 tarihli hasta deneyimi yaz\u0131s\u0131<\/p>\n\n<p>\u0130stanbul\u2019daki deneyim yaz\u0131m, 1 Ocak 2018 \u2013 G\u00f6\u011f\u00fcs kas\u0131n\u0131n alt\u0131na yap\u0131lan g\u00f6\u011f\u00fcs b\u00fcy\u00fctme ameliyat\u0131<\/p>\n\n<p>Uzun s\u00fcre g\u00f6\u011f\u00fcs ameliyat\u0131 konusunu ara\u015ft\u0131rd\u0131m ve benim i\u00e7in bunu T\u00fcrkiye\u2019de yapt\u0131rmak en do\u011fru karar olacakt\u0131. Medical Travel\u2019i \u00fc\u00e7 y\u0131l \u00f6nce bu ad\u0131m\u0131 cesaretle atm\u0131\u015f ve tamamen memnun kalm\u0131\u015f bir tan\u0131d\u0131\u011f\u0131m sayesinde \u00f6\u011frendim. <\/p>\n\n<p>\u00d6ncelikle Medical Travel\u2019den Bay Kara ile ileti\u015fime ge\u00e7tim. Nisan ay\u0131nda k\u0131sa s\u00fcre i\u00e7inde \u00f6n muayene i\u00e7in randevu alabildim ve cerrah Dr. Soner Tatl\u0131dede ile tan\u0131\u015farak s\u00fcreci konu\u015ftuk. Kendisi \u00e7ok nazikti ve isteklerimi dikkate ald\u0131.  <\/p>\n\n<p>Birka\u00e7 g\u00fcn sonra Bay Kara\u2019ya onay\u0131m\u0131 verdim ve o da \u0130stanbul seyahatimi planlad\u0131. Neyse ki istedi\u011fim tarihi de alabildim. <\/p>\n\n<p>Organizasyonun kendisi sorunsuz ge\u00e7ti. 01.01.2018 tarihinde \u0130stanbul\u2019a u\u00e7tuk (hayat partnerim ve ben). \u0130stanbul\u2019a ilk gidi\u015fimiz de\u011fildi, bu y\u00fczden tekrar \u0130stanbul\u2019a gitmek bizi daha da \u00e7ok mutlu etti.  <\/p>\n\n<p>Keyifli bir u\u00e7u\u015f ge\u00e7irdik ve konu\u015fuldu\u011fu gibi Ac\u0131badem\u2019in \u015fof\u00f6r\u00fc taraf\u0131ndan havaalan\u0131nda kar\u015f\u0131land\u0131k. Daha sonra MedicalTravel\u2019in bizim i\u00e7in se\u00e7ip ayarlad\u0131\u011f\u0131 otele do\u011frudan ge\u00e7tik. Ertesi g\u00fcn ayn\u0131 \u015fof\u00f6r bizi otelden al\u0131p Ac\u0131badem\u2019e g\u00f6t\u00fcrd\u00fc. Orada pasaport bilgileri verildi, kan tahlili yap\u0131ld\u0131 ve cerrahla her \u015feyi detayl\u0131 \u015fekilde konu\u015fabildik. O g\u00fcn Kati de kendini tan\u0131tt\u0131 (\u00e7evirmen); t\u00fcm s\u00fcre\u00e7 boyunca her a\u015famada yan\u0131n\u0131zda oluyor. Bizim \u015fahsen \u00e7eviriye ihtiyac\u0131m\u0131z olmad\u0131 \u00e7\u00fcnk\u00fc hayat partnerimin T\u00fcrk k\u00f6kenleri var. Daha sonra tekrar ayr\u0131ld\u0131k. O g\u00fcn otele d\u00f6n\u00fc\u015f istemedik \u00e7\u00fcnk\u00fc Taksim\u2019e gitmek istedik. Ben \u015fahsen Taksim\u2019i \u00f6zellikle tavsiye ederim; \u00e7ok canl\u0131, g\u00f6r\u00fclecek \u00e7ok yer var ve her yere y\u00fcr\u00fcyerek rahat\u00e7a ula\u015f\u0131labiliyor.        <\/p>\n\n<p>Yava\u015f yava\u015f i\u015f ciddile\u015fmeye ba\u015flad\u0131.<br\/>\u00c7ar\u015famba g\u00fcn\u00fc 03.01.2018 olmu\u015ftu, gece boyunca g\u00f6z\u00fcme uyku girmedi. \u00c7ok erken saatte al\u0131nd\u0131k, giri\u015fte hemen kay\u0131t yapt\u0131rd\u0131k ve odaya al\u0131nd\u0131k. Bu arada hayat partnerim benimle ayn\u0131 odada kalabildi; bunu ayarlad\u0131\u011f\u0131 i\u00e7in Bay Kara\u2019ya te\u015fekk\u00fcr ederim. Sonras\u0131nda her \u015fey \u00e7ok h\u0131zl\u0131 geli\u015fti. Hem\u015fireler hemen odaya geldiler, ameliyat k\u0131yafetlerini getirdiler ve serum i\u00e7in haz\u0131rl\u0131klar\u0131 yapt\u0131lar. Art\u0131k ameliyat i\u00e7in neredeyse haz\u0131rd\u0131m. Ameliyattan \u00f6nce Dr. Soner Tatl\u0131dede geldi ve t\u00fcm i\u015faretlemeleri yapt\u0131. Hayat\u0131mda daha \u00f6nce hi\u00e7 hastanede yatmam\u0131\u015f, hele ki bir ameliyat ge\u00e7irmemi\u015f oldu\u011fum i\u00e7in korkudan dolay\u0131 a\u015f\u0131r\u0131 derecede heyecanl\u0131yd\u0131m.      <\/p>\n\n<p>\u0130\u015faretlemelerden sonraki bekleme s\u00fcreci neredeyse en zor k\u0131s\u0131md\u0131. \u0130nsan o anda \u00e7ok heyecanlan\u0131yor \u00e7\u00fcnk\u00fc \u00e7ok iyi biliyor: Uyand\u0131\u011f\u0131mda art\u0131k hi\u00e7bir \u015fey eskisi gibi olmayacak. Bu y\u00fczden narkozu ald\u0131\u011f\u0131mda olduk\u00e7a rahatlad\u0131m ve heyecandan a\u011flamak zorunda kalmad\u0131m. <\/p>\n\n<p>\u015eimdi Ba\u015fl\u0131yor<\/p>\n\n<p>Hayat partnerimle vedala\u015fabildim ve ameliyathaneye g\u00f6t\u00fcr\u00fcld\u00fcm. Ameliyat masas\u0131na uzanmam s\u00f6ylenene kadar her \u015feyin fark\u0131ndayd\u0131m. Ondan sonras\u0131n\u0131 maalesef hi\u00e7 hat\u0131rlam\u0131yorum. Bu s\u0131rada hayat partnerim, odadaki televizyondan ameliyat\u0131n ne zaman bitti\u011fini, benim uyanma odas\u0131nda olup olmad\u0131\u011f\u0131m\u0131 ve ne zaman yukar\u0131 \u00e7\u0131kar\u0131laca\u011f\u0131m\u0131 takip edebildi.   <\/p>\n\n<p>G\u00f6zlerimi a\u00e7t\u0131m ve hem\u015fireye defalarca hayat partnerimin yan\u0131na, yukar\u0131 \u00e7\u0131kmak istedi\u011fimi s\u00f6yledi\u011fimi h\u00e2l\u00e2 \u00e7ok net hat\u0131rl\u0131yorum. Ancak biraz beklemem gerekti. O ana kadar ne a\u011fr\u0131 ne de ba\u015fka bir rahats\u0131zl\u0131k hissettim. Odaya getirildi\u011fimde cihazlara ba\u011fland\u0131m. K\u0131sa bir s\u00fcre sonra yorgunluktan hemen uyuyakald\u0131m. Uyand\u0131ktan sonra Dr. Soner Tatl\u0131dede de yan\u0131ma geldi.   <\/p>\n\n<p>San\u0131r\u0131m kimseye s\u00f6ylememe gerek yok; bu s\u00fcrecin a\u011fr\u0131s\u0131z olmad\u0131\u011f\u0131n\u0131 bilmek ve bunun kolay bir \u015fey olmayaca\u011f\u0131n\u0131 kabul etmek laz\u0131m. Hayat\u0131mda ya\u015fad\u0131\u011f\u0131m en b\u00fcy\u00fck a\u011fr\u0131, ameliyattan ayn\u0131 g\u00fcn ilk kez aya\u011fa kalkmak zorunda kald\u0131\u011f\u0131m zamand\u0131. \u0130lk gece \u00e7ok a\u011fr\u0131l\u0131 ge\u00e7ti ama ger\u00e7ekten ihtiya\u00e7 duyulan ila\u00e7lar veriliyordu. Yan\u0131n\u0131za sizi her konuda ger\u00e7ekten destekleyebilecek bir refakat\u00e7i al\u0131n, \u00e7\u00fcnk\u00fc o g\u00fcnden sonra en az bir hafta boyunca hi\u00e7bir \u015feyi tek ba\u015f\u0131n\u0131za yapamazs\u0131n\u0131z. Tuvalete tek ba\u015f\u0131na gidemezsiniz (pantolonunuzu kendiniz \u00e7ekemezsiniz), di\u015flerinizi f\u0131r\u00e7alayamazs\u0131n\u0131z, sa\u00e7\u0131n\u0131z\u0131 tarayamazs\u0131n\u0131z, yemek yiyip i\u00e7emezsiniz \u00e7\u00fcnk\u00fc kollar\u0131n\u0131z\u0131 a\u011fr\u0131 nedeniyle hi\u00e7 hareket ettiremezsiniz. Ama her g\u00fcn biraz daha iyi oluyor ve zamanla tekrar ba\u011f\u0131ms\u0131z hale geliyorsunuz.      <\/p>\n\n<p>Bir g\u00fcn kald\u0131ktan sonra otele gidebildik.<br\/>Burada k\u00fc\u00e7\u00fck bir not: B\u00fct\u00fcn s\u00fcrecin tek olumsuz yan\u0131, Kati bizi almak i\u00e7in a\u015fa\u011f\u0131 \u00e7a\u011f\u0131rm\u0131\u015ft\u0131 ama bir aksilik oldu ve lobide tam bir saat beklemek zorunda kald\u0131m (ameliyat sonras\u0131 bir g\u00fcn b\u00f6yle beklemek genellikle pek istenmez). Ancak o saatten sonra ger\u00e7ekten otele g\u00f6t\u00fcr\u00fcld\u00fck. Otel personeli \u00e7ok arkada\u015f canl\u0131s\u0131yd\u0131 ve t\u00fcm \u00f6zel taleplerimizle ilgilendi.    <\/p>\n\n<p>\u0130svi\u00e7re\u2019ye d\u00f6nmeden \u00f6nce h\u00e2l\u00e2 iki kontrol\u00fcm\u00fcz vard\u0131.<br\/>\u00dc\u00e7\u00fcnc\u00fc g\u00fcnden sonra t\u00fcpler \u00e7\u0131kar\u0131ld\u0131 ve \u015funu s\u00f6ylemeliyim ki o andan itibaren her \u015fey \u00e7ok daha kolayla\u015ft\u0131. T\u00fcplerin \u00e7\u0131kar\u0131lmas\u0131 konusunda panik bir korkum vard\u0131 \u00e7\u00fcnk\u00fc internette ne kadar a\u011fr\u0131l\u0131 olaca\u011f\u0131 konusunda insan\u0131 korkutuyorlar, ama asl\u0131nda hi\u00e7 \u00f6yle de\u011fildi. Hatta fark etmedim bile ve \u00e7\u0131karmaya ne zaman ba\u015flayaca\u011f\u0131n\u0131 sordum.  <\/p>\n\n<p>D\u00f6n\u00fc\u015f yolculu\u011fundan k\u0131sa bir s\u00fcre \u00f6nce sarg\u0131lar\u0131m \u00e7\u0131kar\u0131ld\u0131.<br\/>09.01.2018 tarihinde \u00e7ok mutlu bir \u015fekilde evimize u\u00e7tuk.<\/p>\n\n<p>T\u00fcm ay boyunca tatildeydim ve i\u015fe gitmem gerekmedi.<br\/>\u0130svi\u00e7re\u2019ye d\u00f6nd\u00fckten yakla\u015f\u0131k bir hafta sonra neredeyse hi\u00e7 a\u011fr\u0131m kalmam\u0131\u015ft\u0131.<\/p>\n\n<p>\u0130ki hafta sonra hemen kontrole gittim ve her \u015feyin yolunda oldu\u011fu g\u00f6r\u00fcld\u00fc.<\/p>\n\n<p>\u015eimdi, iki ay sonra her \u015feyi sorunsuz yapabiliyorum ve ameliyat ge\u00e7irdi\u011fimi bile fark etmiyorum.<\/p>\n\n<p>MedicalTravel\u2019e, Ac\u0131badem\u2019e ve otele i\u00e7tenlikle te\u015fekk\u00fcr etmek istiyorum. Hizmetlerinden ve sonu\u00e7lardan \u00e7ok memnunum ve ger\u00e7ekten herkese tavsiye edebilirim. Bir i\u015flem yapt\u0131rmak isterseniz, bunu T\u00fcrkiye\u2019de yapt\u0131rmaya cesaret edin; \u00e7\u00fcnk\u00fc ger\u00e7ekten harikalar.  <\/p>\n\n<p>Not: Evet, her zaman tekrar yapt\u0131r\u0131rd\u0131m. A\u011fr\u0131lar ge\u00e7iyor ama sonu\u00e7 kal\u0131c\u0131 oluyor. <\/p>\n\n<p>Frau A. Berisha<\/p>\n\n<div class=\"wp-block-group is-layout-grid wp-container-core-group-is-layout-baef362d wp-block-group-is-layout-grid\">\n<p><a href=\"https:\/\/medicaltravel.at\/home\/agb\/\" data-type=\"page\" data-id=\"2191\"><\/a><a href=\"https:\/\/medicaltravel.at\/tr\/hasta-hikayeleri\/erfahrungsberichte-behandlungen-tuerkei\/istanbulda-meme-implanti-ameliyatim-31-mart-2018-cumartesi-tarihli-rapor\/\" data-type=\"link\" data-id=\"https:\/\/medicaltravel.at\/berichte-von-patienten\/erfahrungsberichte\/meine-brustimplantat-op-in-istanbul-bericht-vom-samstag-31-maerz-2018\/\">\u00d6nceki Rapor<\/a><\/p>\n\n\n\n<p class=\"has-text-align-right wp-container-content-5e2576f9\"><a href=\"https:\/\/medicaltravel.at\/home\/impressum\/\" data-type=\"page\" data-id=\"2193\"><\/a><a href=\"https:\/\/medicaltravel.at\/home\/berichte-von-patienten\/erfahrungsberichte\/erfahrungsbericht-zahnbehandlung-in-istanbul\/\" data-type=\"page\" data-id=\"981\"><\/a><a href=\"https:\/\/medicaltravel.at\/tr\/hasta-hikayeleri\/erfahrungsberichte-behandlungen-tuerkei\/sac-ekimi-deneyimim-istanbul-09-subat-2018-cuma-guenue-raporu\/\" data-type=\"link\" data-id=\"https:\/\/medicaltravel.at\/berichte-von-patienten\/erfahrungsberichte\/meine-erfahrung-haartransplantation-in-istanbul-bericht-vom-freitag-09-februar-2018\/\">Sonraki Rapor<\/a><\/p>\n<\/div>\n","protected":false},"excerpt":{"rendered":"<p>A\u011eRILAR GE\u00c7ER; SONU\u00c7 KALIR \u2013 \u00c7ar\u015famba, 28 \u015eubat 2018 tarihli hasta deneyimi yaz\u0131s\u0131 \u0130stanbul\u2019daki deneyim yaz\u0131m, 1 Ocak 2018 \u2013 G\u00f6\u011f\u00fcs kas\u0131n\u0131n alt\u0131na yap\u0131lan g\u00f6\u011f\u00fcs b\u00fcy\u00fctme ameliyat\u0131 Uzun s\u00fcre g\u00f6\u011f\u00fcs ameliyat\u0131 konusunu ara\u015ft\u0131rd\u0131m ve benim i\u00e7in bunu T\u00fcrkiye\u2019de yapt\u0131rmak en do\u011fru karar olacakt\u0131. Medical Travel\u2019i \u00fc\u00e7 y\u0131l \u00f6nce bu ad\u0131m\u0131 cesaretle atm\u0131\u015f ve tamamen memnun kalm\u0131\u015f bir tan\u0131d\u0131\u011f\u0131m sayesinde \u00f6\u011frendim. \u00d6ncelikle Medical Travel\u2019den Bay Kara ile ileti\u015fime ge\u00e7tim. Nisan ay\u0131nda k\u0131sa s\u00fcre i\u00e7inde \u00f6n muayene i\u00e7in randevu alabildim ve cerrah Dr. Soner Tatl\u0131dede ile tan\u0131\u015farak s\u00fcreci konu\u015ftuk. Kendisi \u00e7ok nazikti ve isteklerimi dikkate ald\u0131. Birka\u00e7 g\u00fcn sonra Bay Kara\u2019ya onay\u0131m\u0131 verdim ve o da \u0130stanbul seyahatimi planlad\u0131. Neyse ki istedi\u011fim tarihi de alabildim. Organizasyonun kendisi sorunsuz ge\u00e7ti. 01.01.2018 tarihinde \u0130stanbul\u2019a u\u00e7tuk (hayat partnerim ve ben). \u0130stanbul\u2019a ilk gidi\u015fimiz de\u011fildi, bu y\u00fczden tekrar \u0130stanbul\u2019a gitmek bizi daha da \u00e7ok mutlu etti. Keyifli bir u\u00e7u\u015f ge\u00e7irdik ve konu\u015fuldu\u011fu gibi Ac\u0131badem\u2019in \u015fof\u00f6r\u00fc taraf\u0131ndan havaalan\u0131nda kar\u015f\u0131land\u0131k. Daha sonra MedicalTravel\u2019in bizim i\u00e7in se\u00e7ip ayarlad\u0131\u011f\u0131 otele do\u011frudan ge\u00e7tik. Ertesi g\u00fcn ayn\u0131 \u015fof\u00f6r bizi otelden al\u0131p Ac\u0131badem\u2019e g\u00f6t\u00fcrd\u00fc. Orada pasaport bilgileri verildi, kan tahlili yap\u0131ld\u0131 ve cerrahla her \u015feyi detayl\u0131 \u015fekilde konu\u015fabildik. O g\u00fcn Kati de kendini tan\u0131tt\u0131 (\u00e7evirmen); t\u00fcm s\u00fcre\u00e7 boyunca her a\u015famada yan\u0131n\u0131zda oluyor. Bizim \u015fahsen \u00e7eviriye ihtiyac\u0131m\u0131z olmad\u0131 \u00e7\u00fcnk\u00fc hayat partnerimin T\u00fcrk k\u00f6kenleri var. Daha sonra tekrar ayr\u0131ld\u0131k. O g\u00fcn otele d\u00f6n\u00fc\u015f istemedik \u00e7\u00fcnk\u00fc Taksim\u2019e gitmek istedik. Ben \u015fahsen Taksim\u2019i \u00f6zellikle tavsiye ederim; \u00e7ok canl\u0131, g\u00f6r\u00fclecek \u00e7ok yer var ve her yere y\u00fcr\u00fcyerek rahat\u00e7a ula\u015f\u0131labiliyor. Yava\u015f yava\u015f i\u015f ciddile\u015fmeye ba\u015flad\u0131.\u00c7ar\u015famba g\u00fcn\u00fc 03.01.2018 olmu\u015ftu, gece boyunca g\u00f6z\u00fcme uyku girmedi. \u00c7ok erken saatte al\u0131nd\u0131k, giri\u015fte hemen kay\u0131t yapt\u0131rd\u0131k ve odaya al\u0131nd\u0131k. Bu arada hayat partnerim benimle ayn\u0131 odada kalabildi; bunu ayarlad\u0131\u011f\u0131 i\u00e7in Bay Kara\u2019ya te\u015fekk\u00fcr ederim. Sonras\u0131nda her \u015fey \u00e7ok h\u0131zl\u0131 geli\u015fti. Hem\u015fireler hemen odaya geldiler, ameliyat k\u0131yafetlerini getirdiler ve serum i\u00e7in haz\u0131rl\u0131klar\u0131 yapt\u0131lar. Art\u0131k ameliyat i\u00e7in neredeyse haz\u0131rd\u0131m. Ameliyattan \u00f6nce Dr. Soner Tatl\u0131dede geldi ve t\u00fcm i\u015faretlemeleri yapt\u0131. Hayat\u0131mda daha \u00f6nce hi\u00e7 hastanede yatmam\u0131\u015f, hele ki bir ameliyat ge\u00e7irmemi\u015f oldu\u011fum i\u00e7in korkudan dolay\u0131 a\u015f\u0131r\u0131 derecede heyecanl\u0131yd\u0131m. \u0130\u015faretlemelerden sonraki bekleme s\u00fcreci neredeyse en zor k\u0131s\u0131md\u0131. \u0130nsan o anda \u00e7ok heyecanlan\u0131yor \u00e7\u00fcnk\u00fc \u00e7ok iyi biliyor: Uyand\u0131\u011f\u0131mda art\u0131k hi\u00e7bir \u015fey eskisi gibi olmayacak. Bu y\u00fczden narkozu ald\u0131\u011f\u0131mda olduk\u00e7a rahatlad\u0131m ve heyecandan a\u011flamak zorunda kalmad\u0131m. \u015eimdi Ba\u015fl\u0131yor Hayat partnerimle vedala\u015fabildim ve ameliyathaneye g\u00f6t\u00fcr\u00fcld\u00fcm. Ameliyat masas\u0131na uzanmam s\u00f6ylenene kadar her \u015feyin fark\u0131ndayd\u0131m. Ondan sonras\u0131n\u0131 maalesef hi\u00e7 hat\u0131rlam\u0131yorum. Bu s\u0131rada hayat partnerim, odadaki televizyondan ameliyat\u0131n ne zaman bitti\u011fini, benim uyanma odas\u0131nda olup olmad\u0131\u011f\u0131m\u0131 ve ne zaman yukar\u0131 \u00e7\u0131kar\u0131laca\u011f\u0131m\u0131 takip edebildi. G\u00f6zlerimi a\u00e7t\u0131m ve hem\u015fireye defalarca hayat partnerimin yan\u0131na, yukar\u0131 \u00e7\u0131kmak istedi\u011fimi s\u00f6yledi\u011fimi h\u00e2l\u00e2 \u00e7ok net hat\u0131rl\u0131yorum. Ancak biraz beklemem gerekti. O ana kadar ne a\u011fr\u0131 ne de ba\u015fka bir rahats\u0131zl\u0131k hissettim. Odaya getirildi\u011fimde cihazlara ba\u011fland\u0131m. K\u0131sa bir s\u00fcre sonra yorgunluktan hemen uyuyakald\u0131m. Uyand\u0131ktan sonra Dr. Soner Tatl\u0131dede de yan\u0131ma geldi. San\u0131r\u0131m kimseye s\u00f6ylememe gerek yok; bu s\u00fcrecin a\u011fr\u0131s\u0131z olmad\u0131\u011f\u0131n\u0131 bilmek ve bunun kolay bir \u015fey olmayaca\u011f\u0131n\u0131 kabul etmek laz\u0131m. Hayat\u0131mda ya\u015fad\u0131\u011f\u0131m en b\u00fcy\u00fck a\u011fr\u0131, ameliyattan ayn\u0131 g\u00fcn ilk kez aya\u011fa kalkmak zorunda kald\u0131\u011f\u0131m zamand\u0131. \u0130lk gece \u00e7ok a\u011fr\u0131l\u0131 ge\u00e7ti ama ger\u00e7ekten ihtiya\u00e7 duyulan ila\u00e7lar veriliyordu. Yan\u0131n\u0131za sizi her konuda ger\u00e7ekten destekleyebilecek bir refakat\u00e7i al\u0131n, \u00e7\u00fcnk\u00fc o g\u00fcnden sonra en az bir hafta boyunca hi\u00e7bir \u015feyi tek ba\u015f\u0131n\u0131za yapamazs\u0131n\u0131z. Tuvalete tek ba\u015f\u0131na gidemezsiniz (pantolonunuzu kendiniz \u00e7ekemezsiniz), di\u015flerinizi f\u0131r\u00e7alayamazs\u0131n\u0131z, sa\u00e7\u0131n\u0131z\u0131 tarayamazs\u0131n\u0131z, yemek yiyip i\u00e7emezsiniz \u00e7\u00fcnk\u00fc kollar\u0131n\u0131z\u0131 a\u011fr\u0131 nedeniyle hi\u00e7 hareket ettiremezsiniz. Ama her g\u00fcn biraz daha iyi oluyor ve zamanla tekrar ba\u011f\u0131ms\u0131z hale geliyorsunuz. Bir g\u00fcn kald\u0131ktan sonra otele gidebildik.Burada k\u00fc\u00e7\u00fck bir not: B\u00fct\u00fcn s\u00fcrecin tek olumsuz yan\u0131, Kati bizi almak i\u00e7in a\u015fa\u011f\u0131 \u00e7a\u011f\u0131rm\u0131\u015ft\u0131 ama bir aksilik oldu ve lobide tam bir saat beklemek zorunda kald\u0131m (ameliyat sonras\u0131 bir g\u00fcn b\u00f6yle beklemek genellikle pek istenmez). Ancak o saatten sonra ger\u00e7ekten otele g\u00f6t\u00fcr\u00fcld\u00fck. Otel personeli \u00e7ok arkada\u015f canl\u0131s\u0131yd\u0131 ve t\u00fcm \u00f6zel taleplerimizle ilgilendi. \u0130svi\u00e7re\u2019ye d\u00f6nmeden \u00f6nce h\u00e2l\u00e2 iki kontrol\u00fcm\u00fcz vard\u0131.\u00dc\u00e7\u00fcnc\u00fc g\u00fcnden sonra t\u00fcpler \u00e7\u0131kar\u0131ld\u0131 ve \u015funu s\u00f6ylemeliyim ki o andan itibaren her \u015fey \u00e7ok daha kolayla\u015ft\u0131. T\u00fcplerin \u00e7\u0131kar\u0131lmas\u0131 konusunda panik bir korkum vard\u0131 \u00e7\u00fcnk\u00fc internette ne kadar a\u011fr\u0131l\u0131 olaca\u011f\u0131 konusunda insan\u0131 korkutuyorlar, ama asl\u0131nda hi\u00e7 \u00f6yle de\u011fildi. Hatta fark etmedim bile ve \u00e7\u0131karmaya ne zaman ba\u015flayaca\u011f\u0131n\u0131 sordum. D\u00f6n\u00fc\u015f yolculu\u011fundan k\u0131sa bir s\u00fcre \u00f6nce sarg\u0131lar\u0131m \u00e7\u0131kar\u0131ld\u0131.09.01.2018 tarihinde \u00e7ok mutlu bir \u015fekilde evimize u\u00e7tuk. T\u00fcm ay boyunca tatildeydim ve i\u015fe gitmem gerekmedi.\u0130svi\u00e7re\u2019ye d\u00f6nd\u00fckten yakla\u015f\u0131k bir hafta sonra neredeyse hi\u00e7 a\u011fr\u0131m kalmam\u0131\u015ft\u0131. \u0130ki hafta sonra hemen kontrole gittim ve her \u015feyin yolunda oldu\u011fu g\u00f6r\u00fcld\u00fc. \u015eimdi, iki ay sonra her \u015feyi sorunsuz yapabiliyorum ve ameliyat ge\u00e7irdi\u011fimi bile fark etmiyorum. MedicalTravel\u2019e, Ac\u0131badem\u2019e ve otele i\u00e7tenlikle te\u015fekk\u00fcr etmek istiyorum. Hizmetlerinden ve sonu\u00e7lardan \u00e7ok memnunum ve ger\u00e7ekten herkese tavsiye edebilirim. Bir i\u015flem yapt\u0131rmak isterseniz, bunu T\u00fcrkiye\u2019de yapt\u0131rmaya cesaret edin; \u00e7\u00fcnk\u00fc ger\u00e7ekten harikalar. Not: Evet, her zaman tekrar yapt\u0131r\u0131rd\u0131m. A\u011fr\u0131lar ge\u00e7iyor ama sonu\u00e7 kal\u0131c\u0131 oluyor. Frau A. Berisha \u00d6nceki Rapor Sonraki Rapor<\/p>\n","protected":false},"author":4,"featured_media":0,"parent":4603,"menu_order":0,"comment_status":"closed","ping_status":"closed","template":"","meta":{"_joinchat":[],"footnotes":""},"class_list":["post-4623","page","type-page","status-publish","hentry"],"acf":[],"_links":{"self":[{"href":"https:\/\/medicaltravel.at\/tr\/wp-json\/wp\/v2\/pages\/4623","targetHints":{"allow":["GET"]}}],"collection":[{"href":"https:\/\/medicaltravel.at\/tr\/wp-json\/wp\/v2\/pages"}],"about":[{"href":"https:\/\/medicaltravel.at\/tr\/wp-json\/wp\/v2\/types\/page"}],"author":[{"embeddable":true,"href":"https:\/\/medicaltravel.at\/tr\/wp-json\/wp\/v2\/users\/4"}],"replies":[{"embeddable":true,"href":"https:\/\/medicaltravel.at\/tr\/wp-json\/wp\/v2\/comments?post=4623"}],"version-history":[{"count":3,"href":"https:\/\/medicaltravel.at\/tr\/wp-json\/wp\/v2\/pages\/4623\/revisions"}],"predecessor-version":[{"id":5547,"href":"https:\/\/medicaltravel.at\/tr\/wp-json\/wp\/v2\/pages\/4623\/revisions\/5547"}],"up":[{"embeddable":true,"href":"https:\/\/medicaltravel.at\/tr\/wp-json\/wp\/v2\/pages\/4603"}],"wp:attachment":[{"href":"https:\/\/medicaltravel.at\/tr\/wp-json\/wp\/v2\/media?parent=4623"}],"curies":[{"name":"wp","href":"https:\/\/api.w.org\/{rel}","templated":true}]}}