{"id":4621,"date":"2025-09-27T21:39:36","date_gmt":"2025-09-27T20:39:36","guid":{"rendered":"https:\/\/medicaltravel.at\/hasta-hikayeleri\/erfahrungsberichte-behandlungen-tuerkei\/hasta-deneyimi-istanbuldaki-goegues-bueyuetme-ameliyatim-carsamba-06-ocak-2016-tarihli-deneyim-yazisi\/"},"modified":"2026-01-13T14:40:49","modified_gmt":"2026-01-13T13:40:49","slug":"hasta-deneyimi-istanbuldaki-goegues-bueyuetme-ameliyatim-carsamba-06-ocak-2016-tarihli-deneyim-yazisi","status":"publish","type":"page","link":"https:\/\/medicaltravel.at\/tr\/hasta-hikayeleri\/erfahrungsberichte-behandlungen-tuerkei\/hasta-deneyimi-istanbuldaki-goegues-bueyuetme-ameliyatim-carsamba-06-ocak-2016-tarihli-deneyim-yazisi\/","title":{"rendered":"HASTA DENEY\u0130M\u0130: \u0130stanbul\u2019daki g\u00f6\u011f\u00fcs b\u00fcy\u00fctme ameliyat\u0131m \u2013 \u00c7ar\u015famba, 06 Ocak 2016 tarihli deneyim yaz\u0131s\u0131"},"content":{"rendered":"\n<p>HASTA DENEY\u0130M\u0130: \u0130stanbul\u2019daki g\u00f6\u011f\u00fcs b\u00fcy\u00fctme ameliyat\u0131m \u2013 \u00c7ar\u015famba, 06 Ocak 2016 tarihli hasta deneyimi yaz\u0131s\u0131<\/p>\n\n\n\n<p>Herkese merhaba. 28 ya\u015f\u0131nday\u0131m. Uzun y\u0131llard\u0131r g\u00f6\u011f\u00fcs b\u00fcy\u00fctme ameliyat\u0131 olmay\u0131 istiyordum, ancak bunun i\u00e7in hem cesaretim hem de yeterli maddi imkan\u0131m yoktu. Partnerimin tan\u0131d\u0131klar\u0131 sayesinde internette Medical Travel\u2019i fark ettim. Web sitesi bana en ba\u015f\u0131ndan beri \u00e7ok ciddi ve g\u00fcvenilir g\u00f6r\u00fcnd\u00fc. Bunun \u00fczerine bir ba\u015fvuru yapt\u0131m ve k\u0131sa bir s\u00fcre sonra e-posta ile benimle ileti\u015fime ge\u00e7ildi. Medical Travel\u2019da \u00e7al\u0131\u015fan \u00e7ok nazik ve i\u015fini bilen bir g\u00f6revliyle birka\u00e7 kez telefonla g\u00f6r\u00fc\u015ft\u00fcm. Benim i\u00e7in gerekli olan her \u015feyi organize etti ve ameliyat sonras\u0131 \u00e7al\u0131\u015fma durumu ile nas\u0131l davranmam gerekti\u011fi konusunda h\u00e2l\u00e2 baz\u0131 sorular\u0131m oldu\u011fu i\u00e7in planlanan cerrah\u0131mla benim ad\u0131ma ileti\u015fime ge\u00e7ti. \u0130ki hafta i\u00e7inde s\u00f6zle\u015fmem ve t\u00fcm \u00f6nemli bilgilerin yer ald\u0131\u011f\u0131 seyahat belgem bana g\u00f6nderildi. Partnerim ameliyat s\u00fcrecinde bana e\u015flik etti\u011fi ve \u0130stanbul\u2019a birlikte daha \u00f6nce bir\u00e7ok kez gitmi\u015f oldu\u011fumuz i\u00e7in u\u00e7ak bileti ve oteli kendimiz aray\u0131p ayarlad\u0131k. Bu nedenle benim i\u00e7in sadece hastanedeki tedavi organize edildi.    <\/p>\n\n\n\n<p>22 Kas\u0131m 2015. Art\u0131k zaman\u0131 gelmi\u015fti, T\u00fcrkiye yolculu\u011fumuz ba\u015fl\u0131yordu. \u0130stanbul Havaliman\u0131\u2019na sorunsuz bir \u015fekilde vard\u0131k ve hemen Ac\u0131badem Hastanesi\u2019nin dan\u0131\u015fma noktas\u0131na gittik. Orada tedavi i\u00e7in randevu alm\u0131\u015f ba\u015fka hastalar da bekliyordu. Yani toplu bir transfer vard\u0131, ancak bu bize zaman a\u00e7\u0131s\u0131ndan \u00e7ok uzun geldi. Bu y\u00fczden otele kendimiz taksiyle gittik. Ertesi sabah tam saat 08.00\u2019de \u015fof\u00f6r\u00fcm\u00fcz taraf\u0131ndan otelden al\u0131nd\u0131k ve do\u011frudan hastaneye g\u00f6t\u00fcr\u00fcld\u00fck. K\u0131sa bir s\u00fcre sonra terc\u00fcman\u0131m bizi kar\u015f\u0131lad\u0131. Kendisi ak\u0131c\u0131 bir \u015fekilde Almanca konu\u015fuyordu. Hastane beni ger\u00e7ekten \u00e7ok etkiledi. \u0130svi\u00e7re\u2019de bir hastanede sa\u011fl\u0131k personeli olarak \u00e7al\u0131\u015f\u0131yorum ve bu y\u00fczden hijyen ve temizli\u011fe \u00e7ok dikkat ederim. Ancak burada ele\u015ftirilecek hi\u00e7bir \u015fey yoktu, tam tersine. Hastane \u00e7ok modern ve en yeni cihazlarla donat\u0131lm\u0131\u015ft\u0131. Odam hen\u00fcz haz\u0131r olmad\u0131\u011f\u0131 i\u00e7in partnerimle birlikte yakla\u015f\u0131k bir saat kafeteryada beklemek zorunda kald\u0131k. \u0130lk ameliyat\u0131m olmamas\u0131na ra\u011fmen yava\u015f yava\u015f heyecanlanmaya ba\u015flam\u0131\u015ft\u0131m. Ama yeni g\u00f6\u011f\u00fcslerim i\u00e7in \u00e7ok b\u00fcy\u00fck bir mutluluk ve heyecan duyuyordum.            <\/p>\n\n\n\n<p>Hastanedeki odama ge\u00e7meden \u00f6nce cerrah\u0131m Prof. Dr. F. Demirkan ile bir \u00f6n muayenem oldu. Kendisi bana ilk andan itibaren \u00e7ok sempatik, bilgili ve deneyimli biri olarak g\u00f6r\u00fcnd\u00fc. Terc\u00fcman\u0131m bana her \u015feyi Almanca olarak \u00e7evirdi, ancak T\u00fcrk\u00e7e bilen partnerim her \u015feyi do\u011frudan anlayabildi. \u0130steklerimi rahat\u00e7a ifade edebildim ve kendimi anla\u015f\u0131lm\u0131\u015f hissettim, yani her \u015feyin yolunda gidece\u011fini d\u00fc\u015f\u00fcnd\u00fcm.   <\/p>\n\n\n\n<p>Art\u0131k hastane odama ge\u00e7ebildim. Oda \u00e7ok geni\u015f, temiz ve moderndi. Bir hem\u015fire benden kan ald\u0131 ve damar yolu a\u00e7t\u0131, her \u015fey \u00e7ok d\u00fczg\u00fcn ve profesyonelce yap\u0131ld\u0131. Bir anestezi doktoru bana narkoz hakk\u0131nda bilgi verdi, ancak ben bu alanda \u00e7al\u0131\u015ft\u0131\u011f\u0131m i\u00e7in benim i\u00e7in her \u015fey zaten netti. Ameliyat\u0131m i\u00e7in yakla\u015f\u0131k 3 saat beklememiz gerekti. Bana ameliyat k\u0131yafetleri ve varis \u00e7orab\u0131 giydirildi ve ard\u0131ndan ameliyathaneye al\u0131nd\u0131m. Heyecan\u0131m\u0131 azaltmak i\u00e7in bana bir i\u011fne yap\u0131ld\u0131, yava\u015f yava\u015f uykum geldi ve k\u0131sa bir s\u00fcre sonra derin bir uykuya dald\u0131m. Uyand\u0131\u011f\u0131mda uyanma odas\u0131ndayd\u0131m, \u015fiddetli a\u011fr\u0131lar\u0131m vard\u0131 ve biraz da midem bulan\u0131yordu. Personel benimle \u00e7ok iyi ilgilendi. Odam\u0131za geri d\u00f6nd\u00fc\u011f\u00fcm\u00fczde partnerimi g\u00f6rmek beni \u00e7ok mutlu etti. Cerrah\u0131m, durumum hakk\u0131nda onu \u00f6nceden bilgilendirmi\u015fti. \u015eiddetli a\u011fr\u0131lar\u0131m oldu\u011fu i\u00e7in kendimi pek iyi hissetmiyordum, bu y\u00fczden partnerim gece boyunca benimle kald\u0131. Kendisine de yemek ve i\u00e7ecek konusunda \u00e7ok iyi bak\u0131ld\u0131.         <\/p>\n\n\n\n<p>Gece \u00e7ok uzundu ve a\u011fr\u0131 kesiciye ihtiya\u00e7 duydum. Ayr\u0131ca aya\u011fa kalkarken mutlaka yard\u0131ma ihtiyac\u0131m vard\u0131, \u00e7\u00fcnk\u00fc tek ba\u015f\u0131ma kalkmam m\u00fcmk\u00fcn de\u011fildi. Ertesi sabah vizit yap\u0131ld\u0131. Doktor gidi\u015fattan \u00e7ok memnundu ve ilk defa yeni g\u00f6\u011f\u00fcslerimi g\u00f6rebildim. Kelimelerim tutuldu. \u0130lk ba\u015fta \u00e7ok b\u00fcy\u00fck olduklar\u0131n\u0131 d\u00fc\u015f\u00fcnd\u00fcm, \u00e7\u00fcnk\u00fc her \u015fey h\u00e2l\u00e2 \u00e7ok \u015fi\u015fti. Kendimi \u00e7ok yabanc\u0131 hissettim ve \u015fiddetli a\u011fr\u0131lar\u0131m devam ediyordu. Destekleyici s\u00fctyeni takm\u0131\u015ft\u0131m, \u00e7ok s\u0131k\u0131yd\u0131 ve \u00f6yle olmas\u0131 gerekiyordu. Bu y\u00fczden nefes almakta zorlan\u0131yordum ve neredeyse hi\u00e7 hareket edemiyordum. Sol ve sa\u011f koltuk alt\u0131mda drenler vard\u0131, bunlar beni \u00e7ok rahats\u0131z etti ve hareketlerimi ciddi \u015fekilde k\u0131s\u0131tlad\u0131. Ama bunu g\u00f6ze almak gerekiyor. \u00d6\u011fle saatlerinde hastaneden \u00e7\u0131kmama izin verildi, ancak drenler h\u00e2l\u00e2 \u00e7ok s\u0131v\u0131 toplad\u0131\u011f\u0131 i\u00e7in \u00fczerimde kald\u0131. A\u011fr\u0131lar i\u00e7in ila\u00e7lar ve 5 g\u00fcn kullanmam gereken antibiyotikler verildi, bunlar\u0131 terc\u00fcman\u0131m organize etti. Kendimi \u00e7ok yorgun ve halsiz hissediyordum, a\u011fr\u0131lar\u0131m \u015fiddetliydi. Partnerim benim i\u00e7in \u00e7ok endi\u015feliydi. Bir\u00e7ok konuda onun yard\u0131m\u0131na ihtiya\u00e7 duydum. Otelde kendi ba\u015f\u0131ma giyinemiyor, ki\u015fisel bak\u0131m\u0131m\u0131 yapam\u0131yor ve yataktan kalkam\u0131yordum. \u00c7ok s\u0131k a\u011flad\u0131m, benim i\u00e7in b\u00fcy\u00fck bir sab\u0131r s\u0131nav\u0131yd\u0131. Geceleri \u00e7ok k\u00f6t\u00fc uyudum, neredeyse hi\u00e7 hareket edemiyordum ve s\u0131rt \u00fcst\u00fc yatmak zorundayd\u0131m. Partnerimi s\u0131k s\u0131k uyand\u0131rmak zorunda kald\u0131m, bana kar\u015f\u0131 son derece anlay\u0131\u015fl\u0131 ve sab\u0131rl\u0131yd\u0131. Drenler doldu\u011funda partnerim onlar\u0131 bo\u015faltmak zorundayd\u0131. \u00c7\u0131kan miktar\u0131 cerrah i\u00e7in not etmemiz gerekiyordu. Bir hastan\u0131n drenlerle taburcu edilmesi benim i\u00e7in \u00e7ok al\u0131\u015f\u0131lmad\u0131k bir durumdu. Partnerim bunu hi\u00e7 \u00e7ekinmeden ve tiksinmeden yapt\u0131. Bu noktada ona \u00e7ok b\u00fcy\u00fck bir te\u015fekk\u00fcr etmek istiyorum, seni seviyorum. Per\u015fembe g\u00fcn\u00fc, terc\u00fcman\u0131m e\u015fli\u011finde ilk kontrol muayenesine gittim. Drenlerden biri \u00e7\u0131kar\u0131ld\u0131, ya\u015fas\u0131n. Di\u011ferinden h\u00e2l\u00e2 \u00e7ok s\u0131v\u0131 geldi\u011fi i\u00e7in cuma g\u00fcn\u00fcne kadar kalmas\u0131 gerekti. K\u00fc\u00e7\u00fck bir bilgi daha, neredeyse b\u00fct\u00fcn hafta drenlerle ya\u015famak zorunda kald\u0131m. Yani sokakta dola\u015fmak ve restoranda yemek yemek de buna dahildi. Bu y\u00fczden kimsenin fark etmemesi i\u00e7in bol k\u0131yafetler giydim.                          <\/p>\n\n\n\n<p>G\u00fcnler s\u00fcrekli \u015fiddetli a\u011fr\u0131larla ge\u00e7iyordu. Cerrah\u0131ma neden bu kadar \u00e7ok a\u011fr\u0131m oldu\u011funu sordum. Bana, \u00e7ok \u00e7ok zay\u0131f oldu\u011fumu, neredeyse hi\u00e7 ya\u011f dokum olmad\u0131\u011f\u0131n\u0131 ve bu y\u00fczden derinin \u00e7ok gerildi\u011fini, bunun da neredeyse normal oldu\u011funu s\u00f6yledi. Ameliyattan \u00f6nce g\u00f6\u011f\u00fcs \u00f6l\u00e7\u00fcm AA idi, \u015fimdi ise B olmu\u015ftu. Bu beni biraz rahatlatt\u0131. Zamanla kendimi fazla m\u0131zm\u0131zlan\u0131yormu\u015f gibi hissetmeye ba\u015flad\u0131m. Cuma g\u00fcn\u00fc tekrar hastaneye gitmem gerekti. Dreni asl\u0131nda hen\u00fcz \u00e7ekmek istemedi, \u00e7\u00fcnk\u00fc h\u00e2l\u00e2 olduk\u00e7a fazla s\u0131v\u0131 geliyordu. Ancak cumartesi g\u00fcn\u00fc eve d\u00f6nece\u011fimiz i\u00e7in dren yine de \u00e7\u0131kar\u0131ld\u0131. \u00c7ekilmesi \u00e7ok a\u011fr\u0131l\u0131yd\u0131. \u0130ste\u011fim \u00fczerine cerrah\u0131m t\u00fcm bandajlar\u0131 \u00e7\u0131kard\u0131, b\u00f6ylece diki\u015fleri g\u00f6rebildim. Her \u015fey \u00e7ok g\u00fczel g\u00f6r\u00fcn\u00fcyordu, ard\u0131ndan tekrar temiz bir \u015fekilde sard\u0131. Can s\u0131k\u0131c\u0131 olan tek \u015fey, bandajlar\u0131 ve flasterleri kendimiz \u00f6demek zorunda kalmam\u0131zd\u0131. \u00dcstelik hi\u00e7 de ucuz de\u011fillerdi. Ama yapacak bir \u015fey yok, \u00f6yle oldu.<\/p>\n\n\n\n<p>G\u00f6\u011f\u00fcs b\u00fcy\u00fctme ameliyat\u0131m\u0131n \u00fczerinden \u015fimdi 4 hafta ge\u00e7ti ve size sadece \u015funu s\u00f6yleyebilirim: son derece memnunum. \u00c7ekti\u011fim a\u011fr\u0131lar ve ya\u015fad\u0131\u011f\u0131m zorluklar buna fazlas\u0131yla de\u011fdi. Medical Travel ekibinin tamam\u0131na, \u0130stanbul\u2019daki t\u00fcm personele ve Prof. Dr. F. Demirkan\u2019a m\u00fckemmel ilgi ve tedavi i\u00e7in \u00e7ok b\u00fcy\u00fck bir te\u015fekk\u00fcr ederim. Siz benim \u00e7ok b\u00fcy\u00fck bir hayalimi ger\u00e7ekle\u015ftirdiniz.   <\/p>\n\n\n\n<p>H\u00e2l\u00e2 e\u011fitim g\u00f6ren ve bunu yapmaktan korkan herkese \u015funu s\u00f6ylemek isterim: cesaretinizi toplay\u0131n. Size sadece tavsiye edebilirim, benim i\u00e7in en iyi karard\u0131. <\/p>\n\n\n\n<p>Liebe Gr\u00fcsse Reina L.<\/p>\n\n\n\n<div class=\"wp-block-group is-layout-grid wp-container-core-group-is-layout-baef362d wp-block-group-is-layout-grid\">\n<p><a href=\"https:\/\/medicaltravel.at\/home\/agb\/\" data-type=\"page\" data-id=\"2191\"><\/a><a href=\"https:\/\/medicaltravel.at\/tr\/hasta-hikayeleri\/erfahrungsberichte-behandlungen-tuerkei\/hasta-raporu-istanbulda-fue-yoentemiyle-kisisel-sac-ekimi-cuma-08-ocak-2016-tarihli-rapor\/\" data-type=\"link\" data-id=\"https:\/\/medicaltravel.at\/tr\/hasta-hikayeleri\/erfahrungsberichte-behandlungen-tuerkei\/hasta-raporu-istanbulda-fue-yoentemiyle-kisisel-sac-ekimi-cuma-08-ocak-2016-tarihli-rapor\/\">\u00d6nceki Rapor<\/a><\/p>\n\n\n\n<p class=\"has-text-align-right wp-container-content-5e2576f9\"><a href=\"https:\/\/medicaltravel.at\/home\/impressum\/\" data-type=\"page\" data-id=\"2193\"><\/a><a href=\"https:\/\/medicaltravel.at\/home\/berichte-von-patienten\/erfahrungsberichte\/erfahrungsbericht-zahnbehandlung-in-istanbul\/\" data-type=\"page\" data-id=\"981\"><\/a><a href=\"https:\/\/medicaltravel.at\/tr\/hasta-hikayeleri\/erfahrungsberichte-behandlungen-tuerkei\/goezlerim-ve-ben-istanbulda-kendi-sacimin-nakli-nasil-gecti-carsamba-06-ocak-2016-tarihli-rapor\/\" data-type=\"link\" data-id=\"https:\/\/medicaltravel.at\/tr\/hasta-hikayeleri\/erfahrungsberichte-behandlungen-tuerkei\/goezlerim-ve-ben-istanbulda-kendi-sacimin-nakli-nasil-gecti-carsamba-06-ocak-2016-tarihli-rapor\/\">Sonraki Rapor<\/a><\/p>\n<\/div>\n","protected":false},"excerpt":{"rendered":"<p>HASTA DENEY\u0130M\u0130: \u0130stanbul\u2019daki g\u00f6\u011f\u00fcs b\u00fcy\u00fctme ameliyat\u0131m \u2013 \u00c7ar\u015famba, 06 Ocak 2016 tarihli hasta deneyimi yaz\u0131s\u0131 Herkese merhaba. 28 ya\u015f\u0131nday\u0131m. Uzun y\u0131llard\u0131r g\u00f6\u011f\u00fcs b\u00fcy\u00fctme ameliyat\u0131 olmay\u0131 istiyordum, ancak bunun i\u00e7in hem cesaretim hem de yeterli maddi imkan\u0131m yoktu. Partnerimin tan\u0131d\u0131klar\u0131 sayesinde internette Medical Travel\u2019i fark ettim. Web sitesi bana en ba\u015f\u0131ndan beri \u00e7ok ciddi ve g\u00fcvenilir g\u00f6r\u00fcnd\u00fc. Bunun \u00fczerine bir ba\u015fvuru yapt\u0131m ve k\u0131sa bir s\u00fcre sonra e-posta ile benimle ileti\u015fime ge\u00e7ildi. Medical Travel\u2019da \u00e7al\u0131\u015fan \u00e7ok nazik ve i\u015fini bilen bir g\u00f6revliyle birka\u00e7 kez telefonla g\u00f6r\u00fc\u015ft\u00fcm. Benim i\u00e7in gerekli olan her \u015feyi organize etti ve ameliyat sonras\u0131 \u00e7al\u0131\u015fma durumu ile nas\u0131l davranmam gerekti\u011fi konusunda h\u00e2l\u00e2 baz\u0131 sorular\u0131m oldu\u011fu i\u00e7in planlanan cerrah\u0131mla benim ad\u0131ma ileti\u015fime ge\u00e7ti. \u0130ki hafta i\u00e7inde s\u00f6zle\u015fmem ve t\u00fcm \u00f6nemli bilgilerin yer ald\u0131\u011f\u0131 seyahat belgem bana g\u00f6nderildi. Partnerim ameliyat s\u00fcrecinde bana e\u015flik etti\u011fi ve \u0130stanbul\u2019a birlikte daha \u00f6nce bir\u00e7ok kez gitmi\u015f oldu\u011fumuz i\u00e7in u\u00e7ak bileti ve oteli kendimiz aray\u0131p ayarlad\u0131k. Bu nedenle benim i\u00e7in sadece hastanedeki tedavi organize edildi. 22 Kas\u0131m 2015. Art\u0131k zaman\u0131 gelmi\u015fti, T\u00fcrkiye yolculu\u011fumuz ba\u015fl\u0131yordu. \u0130stanbul Havaliman\u0131\u2019na sorunsuz bir \u015fekilde vard\u0131k ve hemen Ac\u0131badem Hastanesi\u2019nin dan\u0131\u015fma noktas\u0131na gittik. Orada tedavi i\u00e7in randevu alm\u0131\u015f ba\u015fka hastalar da bekliyordu. Yani toplu bir transfer vard\u0131, ancak bu bize zaman a\u00e7\u0131s\u0131ndan \u00e7ok uzun geldi. Bu y\u00fczden otele kendimiz taksiyle gittik. Ertesi sabah tam saat 08.00\u2019de \u015fof\u00f6r\u00fcm\u00fcz taraf\u0131ndan otelden al\u0131nd\u0131k ve do\u011frudan hastaneye g\u00f6t\u00fcr\u00fcld\u00fck. K\u0131sa bir s\u00fcre sonra terc\u00fcman\u0131m bizi kar\u015f\u0131lad\u0131. Kendisi ak\u0131c\u0131 bir \u015fekilde Almanca konu\u015fuyordu. Hastane beni ger\u00e7ekten \u00e7ok etkiledi. \u0130svi\u00e7re\u2019de bir hastanede sa\u011fl\u0131k personeli olarak \u00e7al\u0131\u015f\u0131yorum ve bu y\u00fczden hijyen ve temizli\u011fe \u00e7ok dikkat ederim. Ancak burada ele\u015ftirilecek hi\u00e7bir \u015fey yoktu, tam tersine. Hastane \u00e7ok modern ve en yeni cihazlarla donat\u0131lm\u0131\u015ft\u0131. Odam hen\u00fcz haz\u0131r olmad\u0131\u011f\u0131 i\u00e7in partnerimle birlikte yakla\u015f\u0131k bir saat kafeteryada beklemek zorunda kald\u0131k. \u0130lk ameliyat\u0131m olmamas\u0131na ra\u011fmen yava\u015f yava\u015f heyecanlanmaya ba\u015flam\u0131\u015ft\u0131m. Ama yeni g\u00f6\u011f\u00fcslerim i\u00e7in \u00e7ok b\u00fcy\u00fck bir mutluluk ve heyecan duyuyordum. Hastanedeki odama ge\u00e7meden \u00f6nce cerrah\u0131m Prof. Dr. F. Demirkan ile bir \u00f6n muayenem oldu. Kendisi bana ilk andan itibaren \u00e7ok sempatik, bilgili ve deneyimli biri olarak g\u00f6r\u00fcnd\u00fc. Terc\u00fcman\u0131m bana her \u015feyi Almanca olarak \u00e7evirdi, ancak T\u00fcrk\u00e7e bilen partnerim her \u015feyi do\u011frudan anlayabildi. \u0130steklerimi rahat\u00e7a ifade edebildim ve kendimi anla\u015f\u0131lm\u0131\u015f hissettim, yani her \u015feyin yolunda gidece\u011fini d\u00fc\u015f\u00fcnd\u00fcm. Art\u0131k hastane odama ge\u00e7ebildim. Oda \u00e7ok geni\u015f, temiz ve moderndi. Bir hem\u015fire benden kan ald\u0131 ve damar yolu a\u00e7t\u0131, her \u015fey \u00e7ok d\u00fczg\u00fcn ve profesyonelce yap\u0131ld\u0131. Bir anestezi doktoru bana narkoz hakk\u0131nda bilgi verdi, ancak ben bu alanda \u00e7al\u0131\u015ft\u0131\u011f\u0131m i\u00e7in benim i\u00e7in her \u015fey zaten netti. Ameliyat\u0131m i\u00e7in yakla\u015f\u0131k 3 saat beklememiz gerekti. Bana ameliyat k\u0131yafetleri ve varis \u00e7orab\u0131 giydirildi ve ard\u0131ndan ameliyathaneye al\u0131nd\u0131m. Heyecan\u0131m\u0131 azaltmak i\u00e7in bana bir i\u011fne yap\u0131ld\u0131, yava\u015f yava\u015f uykum geldi ve k\u0131sa bir s\u00fcre sonra derin bir uykuya dald\u0131m. Uyand\u0131\u011f\u0131mda uyanma odas\u0131ndayd\u0131m, \u015fiddetli a\u011fr\u0131lar\u0131m vard\u0131 ve biraz da midem bulan\u0131yordu. Personel benimle \u00e7ok iyi ilgilendi. Odam\u0131za geri d\u00f6nd\u00fc\u011f\u00fcm\u00fczde partnerimi g\u00f6rmek beni \u00e7ok mutlu etti. Cerrah\u0131m, durumum hakk\u0131nda onu \u00f6nceden bilgilendirmi\u015fti. \u015eiddetli a\u011fr\u0131lar\u0131m oldu\u011fu i\u00e7in kendimi pek iyi hissetmiyordum, bu y\u00fczden partnerim gece boyunca benimle kald\u0131. Kendisine de yemek ve i\u00e7ecek konusunda \u00e7ok iyi bak\u0131ld\u0131. Gece \u00e7ok uzundu ve a\u011fr\u0131 kesiciye ihtiya\u00e7 duydum. Ayr\u0131ca aya\u011fa kalkarken mutlaka yard\u0131ma ihtiyac\u0131m vard\u0131, \u00e7\u00fcnk\u00fc tek ba\u015f\u0131ma kalkmam m\u00fcmk\u00fcn de\u011fildi. Ertesi sabah vizit yap\u0131ld\u0131. Doktor gidi\u015fattan \u00e7ok memnundu ve ilk defa yeni g\u00f6\u011f\u00fcslerimi g\u00f6rebildim. Kelimelerim tutuldu. \u0130lk ba\u015fta \u00e7ok b\u00fcy\u00fck olduklar\u0131n\u0131 d\u00fc\u015f\u00fcnd\u00fcm, \u00e7\u00fcnk\u00fc her \u015fey h\u00e2l\u00e2 \u00e7ok \u015fi\u015fti. Kendimi \u00e7ok yabanc\u0131 hissettim ve \u015fiddetli a\u011fr\u0131lar\u0131m devam ediyordu. Destekleyici s\u00fctyeni takm\u0131\u015ft\u0131m, \u00e7ok s\u0131k\u0131yd\u0131 ve \u00f6yle olmas\u0131 gerekiyordu. Bu y\u00fczden nefes almakta zorlan\u0131yordum ve neredeyse hi\u00e7 hareket edemiyordum. Sol ve sa\u011f koltuk alt\u0131mda drenler vard\u0131, bunlar beni \u00e7ok rahats\u0131z etti ve hareketlerimi ciddi \u015fekilde k\u0131s\u0131tlad\u0131. Ama bunu g\u00f6ze almak gerekiyor. \u00d6\u011fle saatlerinde hastaneden \u00e7\u0131kmama izin verildi, ancak drenler h\u00e2l\u00e2 \u00e7ok s\u0131v\u0131 toplad\u0131\u011f\u0131 i\u00e7in \u00fczerimde kald\u0131. A\u011fr\u0131lar i\u00e7in ila\u00e7lar ve 5 g\u00fcn kullanmam gereken antibiyotikler verildi, bunlar\u0131 terc\u00fcman\u0131m organize etti. Kendimi \u00e7ok yorgun ve halsiz hissediyordum, a\u011fr\u0131lar\u0131m \u015fiddetliydi. Partnerim benim i\u00e7in \u00e7ok endi\u015feliydi. Bir\u00e7ok konuda onun yard\u0131m\u0131na ihtiya\u00e7 duydum. Otelde kendi ba\u015f\u0131ma giyinemiyor, ki\u015fisel bak\u0131m\u0131m\u0131 yapam\u0131yor ve yataktan kalkam\u0131yordum. \u00c7ok s\u0131k a\u011flad\u0131m, benim i\u00e7in b\u00fcy\u00fck bir sab\u0131r s\u0131nav\u0131yd\u0131. Geceleri \u00e7ok k\u00f6t\u00fc uyudum, neredeyse hi\u00e7 hareket edemiyordum ve s\u0131rt \u00fcst\u00fc yatmak zorundayd\u0131m. Partnerimi s\u0131k s\u0131k uyand\u0131rmak zorunda kald\u0131m, bana kar\u015f\u0131 son derece anlay\u0131\u015fl\u0131 ve sab\u0131rl\u0131yd\u0131. Drenler doldu\u011funda partnerim onlar\u0131 bo\u015faltmak zorundayd\u0131. \u00c7\u0131kan miktar\u0131 cerrah i\u00e7in not etmemiz gerekiyordu. Bir hastan\u0131n drenlerle taburcu edilmesi benim i\u00e7in \u00e7ok al\u0131\u015f\u0131lmad\u0131k bir durumdu. Partnerim bunu hi\u00e7 \u00e7ekinmeden ve tiksinmeden yapt\u0131. Bu noktada ona \u00e7ok b\u00fcy\u00fck bir te\u015fekk\u00fcr etmek istiyorum, seni seviyorum. Per\u015fembe g\u00fcn\u00fc, terc\u00fcman\u0131m e\u015fli\u011finde ilk kontrol muayenesine gittim. Drenlerden biri \u00e7\u0131kar\u0131ld\u0131, ya\u015fas\u0131n. Di\u011ferinden h\u00e2l\u00e2 \u00e7ok s\u0131v\u0131 geldi\u011fi i\u00e7in cuma g\u00fcn\u00fcne kadar kalmas\u0131 gerekti. K\u00fc\u00e7\u00fck bir bilgi daha, neredeyse b\u00fct\u00fcn hafta drenlerle ya\u015famak zorunda kald\u0131m. Yani sokakta dola\u015fmak ve restoranda yemek yemek de buna dahildi. Bu y\u00fczden kimsenin fark etmemesi i\u00e7in bol k\u0131yafetler giydim. G\u00fcnler s\u00fcrekli \u015fiddetli a\u011fr\u0131larla ge\u00e7iyordu. Cerrah\u0131ma neden bu kadar \u00e7ok a\u011fr\u0131m oldu\u011funu sordum. Bana, \u00e7ok \u00e7ok zay\u0131f oldu\u011fumu, neredeyse hi\u00e7 ya\u011f dokum olmad\u0131\u011f\u0131n\u0131 ve bu y\u00fczden derinin \u00e7ok gerildi\u011fini, bunun da neredeyse normal oldu\u011funu s\u00f6yledi. Ameliyattan \u00f6nce g\u00f6\u011f\u00fcs \u00f6l\u00e7\u00fcm AA idi, \u015fimdi ise B olmu\u015ftu. Bu beni biraz rahatlatt\u0131. Zamanla kendimi fazla m\u0131zm\u0131zlan\u0131yormu\u015f gibi hissetmeye ba\u015flad\u0131m. Cuma g\u00fcn\u00fc tekrar hastaneye gitmem gerekti. Dreni asl\u0131nda hen\u00fcz \u00e7ekmek istemedi, \u00e7\u00fcnk\u00fc h\u00e2l\u00e2 olduk\u00e7a fazla s\u0131v\u0131 geliyordu. Ancak cumartesi g\u00fcn\u00fc eve d\u00f6nece\u011fimiz i\u00e7in dren yine de \u00e7\u0131kar\u0131ld\u0131. \u00c7ekilmesi \u00e7ok a\u011fr\u0131l\u0131yd\u0131. \u0130ste\u011fim \u00fczerine cerrah\u0131m t\u00fcm bandajlar\u0131 \u00e7\u0131kard\u0131, b\u00f6ylece diki\u015fleri g\u00f6rebildim. Her \u015fey \u00e7ok g\u00fczel g\u00f6r\u00fcn\u00fcyordu, ard\u0131ndan tekrar temiz bir \u015fekilde sard\u0131. Can s\u0131k\u0131c\u0131 olan tek \u015fey, bandajlar\u0131 ve flasterleri kendimiz \u00f6demek zorunda kalmam\u0131zd\u0131. \u00dcstelik hi\u00e7 de ucuz de\u011fillerdi. Ama yapacak bir \u015fey yok, \u00f6yle oldu. G\u00f6\u011f\u00fcs b\u00fcy\u00fctme ameliyat\u0131m\u0131n \u00fczerinden \u015fimdi 4 hafta ge\u00e7ti ve size sadece \u015funu s\u00f6yleyebilirim: son derece memnunum. \u00c7ekti\u011fim a\u011fr\u0131lar ve ya\u015fad\u0131\u011f\u0131m zorluklar buna fazlas\u0131yla de\u011fdi. Medical Travel ekibinin tamam\u0131na, \u0130stanbul\u2019daki t\u00fcm personele ve Prof. Dr. F. Demirkan\u2019a m\u00fckemmel ilgi ve tedavi i\u00e7in \u00e7ok b\u00fcy\u00fck bir te\u015fekk\u00fcr ederim. Siz benim \u00e7ok b\u00fcy\u00fck bir hayalimi ger\u00e7ekle\u015ftirdiniz. H\u00e2l\u00e2 e\u011fitim g\u00f6ren ve bunu yapmaktan korkan herkese \u015funu s\u00f6ylemek isterim: cesaretinizi toplay\u0131n. Size sadece tavsiye edebilirim, benim i\u00e7in en iyi karard\u0131. Liebe Gr\u00fcsse Reina L. \u00d6nceki Rapor<\/p>\n","protected":false},"author":4,"featured_media":0,"parent":4603,"menu_order":0,"comment_status":"closed","ping_status":"closed","template":"","meta":{"_joinchat":[],"footnotes":""},"class_list":["post-4621","page","type-page","status-publish","hentry"],"acf":[],"_links":{"self":[{"href":"https:\/\/medicaltravel.at\/tr\/wp-json\/wp\/v2\/pages\/4621","targetHints":{"allow":["GET"]}}],"collection":[{"href":"https:\/\/medicaltravel.at\/tr\/wp-json\/wp\/v2\/pages"}],"about":[{"href":"https:\/\/medicaltravel.at\/tr\/wp-json\/wp\/v2\/types\/page"}],"author":[{"embeddable":true,"href":"https:\/\/medicaltravel.at\/tr\/wp-json\/wp\/v2\/users\/4"}],"replies":[{"embeddable":true,"href":"https:\/\/medicaltravel.at\/tr\/wp-json\/wp\/v2\/comments?post=4621"}],"version-history":[{"count":2,"href":"https:\/\/medicaltravel.at\/tr\/wp-json\/wp\/v2\/pages\/4621\/revisions"}],"predecessor-version":[{"id":5770,"href":"https:\/\/medicaltravel.at\/tr\/wp-json\/wp\/v2\/pages\/4621\/revisions\/5770"}],"up":[{"embeddable":true,"href":"https:\/\/medicaltravel.at\/tr\/wp-json\/wp\/v2\/pages\/4603"}],"wp:attachment":[{"href":"https:\/\/medicaltravel.at\/tr\/wp-json\/wp\/v2\/media?parent=4621"}],"curies":[{"name":"wp","href":"https:\/\/api.w.org\/{rel}","templated":true}]}}