{"id":4610,"date":"2025-09-27T14:37:51","date_gmt":"2025-09-27T13:37:51","guid":{"rendered":"https:\/\/medicaltravel.at\/hasta-hikayeleri\/erfahrungsberichte-behandlungen-tuerkei\/antalyadaki-dis-tedavisi-icin-degerlendirme-ve-tavsiye\/"},"modified":"2026-01-04T23:43:57","modified_gmt":"2026-01-04T22:43:57","slug":"antalyadaki-dis-tedavisi-icin-degerlendirme-ve-tavsiye","status":"publish","type":"page","link":"https:\/\/medicaltravel.at\/tr\/hasta-hikayeleri\/erfahrungsberichte-behandlungen-tuerkei\/antalyadaki-dis-tedavisi-icin-degerlendirme-ve-tavsiye\/","title":{"rendered":"Antalya\u2019daki di\u015f tedavisi i\u00e7in de\u011ferlendirme ve tavsiye"},"content":{"rendered":"\t\t<div data-elementor-type=\"wp-page\" data-elementor-id=\"4610\" class=\"elementor elementor-4610 elementor-805\" data-elementor-post-type=\"page\">\n\t\t\t\t<div class=\"elementor-element elementor-element-2adee5e6 e-flex e-con-boxed wpr-particle-no wpr-jarallax-no wpr-parallax-no wpr-sticky-section-no e-con e-parent\" data-id=\"2adee5e6\" data-element_type=\"container\" data-e-type=\"container\">\n\t\t\t\t\t<div class=\"e-con-inner\">\n\t\t\t\t<div class=\"elementor-element elementor-element-54b42d74 elementor-widget elementor-widget-text-editor\" data-id=\"54b42d74\" data-element_type=\"widget\" data-e-type=\"widget\" data-widget_type=\"text-editor.default\">\n\t\t\t\t\t\t\t\t\t\n<p><strong>Antalya\u2019daki di\u015f tedavim i\u00e7in de\u011ferlendirmem<\/strong><\/p>\n\n\n\n<p>T\u00fcrkiye\u2019de MedicalTravel arac\u0131l\u0131\u011f\u0131yla <strong>m\u00fckemmel di\u015f tedavisi<\/strong><\/p>\n\n\n\n<p>Yak\u0131n zamanda MedicalTravel arac\u0131l\u0131\u011f\u0131yla <strong>Antalya\u2019da di\u015f tedavimi<\/strong> yapt\u0131rma f\u0131rsat\u0131m oldu ve deneyimden tamamen memnun kald\u0131m. Toplamda 23 zirkonyum kron yapt\u0131rd\u0131m ve t\u00fcm s\u00fcre\u00e7 boyunca <strong>hi\u00e7bir a\u011fr\u0131<\/strong> hissetmedi\u011fim i\u00e7in \u00e7ok mutluyum. <\/p>\n\n\n\n<p>Klinikteki en b\u00fcy\u00fck art\u0131lardan biri yerinde <strong>Almanca konu\u015fan ekibin<\/strong> bulunmas\u0131d\u0131r. \u00d6zellikle dan\u0131\u015fman\u0131m Denis m\u00fckemmel bir i\u015f \u00e7\u0131kard\u0131. Son derece profesyonel, sab\u0131rl\u0131 ve yard\u0131mc\u0131yd\u0131. T\u00fcm sorular\u0131m\u0131 sab\u0131rla yan\u0131tlad\u0131 ve her zaman kendimi rahat ve iyi bilgilendirilmi\u015f hissetmemi sa\u011flad\u0131. M\u00fckemmel hizmet konusundaki \u00f6zverisi ger\u00e7ekten dikkat \u00e7ekiciydi.    <\/p>\n\n\n\n<p>Ama sadece Denis de\u011fil, MedicalTravel ekibinin tamam\u0131 da takdiri hak ediyor. <strong>\u00c7al\u0131\u015fanlar her zaman nazik<\/strong> ve y\u00fczlerinde s\u00fcrekli bir g\u00fcl\u00fcmseme vard\u0131. Olumlu tav\u0131rlar\u0131 ve hastalarla samimi ileti\u015fimleri, <a href=\"https:\/\/medicaltravel.at\/tr\/dis-seyahati\/dis-klinikleri\/antalyadaki-dis-klinigi\/\" data-type=\"page\" data-id=\"889\">klinikteki<\/a> atmosferin ho\u015f ve rahat olmas\u0131na katk\u0131da bulundu. <\/p>\n\n\n\n<p>Ald\u0131\u011f\u0131m <a href=\"https:\/\/medicaltravel.at\/tr\/dis-seyahati\/tuerkiyede-dis-duezeltme\/tuerkiyede-dis-kaplamalari-ve-koeprueler-istanbul-antalya-izmir-kusadasi\/\" data-type=\"page\" data-id=\"883\">zirkonyum kronlar\u0131n<\/a> kalitesi ola\u011fan\u00fcst\u00fc. Sadece do\u011fal g\u00f6r\u00fcnmekle kalm\u0131yor, ayn\u0131 zamanda dokundu\u011funuzda da \u00f6yle hissettiriyor. Tedavimin nihai sonucundan son derece memnunum ve A<a href=\"https:\/\/medicaltravel.at\/tr\/dis-seyahati\/dis-klinikleri\/antalyadaki-dis-klinigi\/\" data-type=\"page\" data-id=\"889\">ntalya\u2019daki di\u015f klini\u011fini <\/a>kesinlikle tavsiye edebilirim.  <\/p>\n\n\n\n<p><a href=\"https:\/\/medicaltravel.at\/tr\/hasta-hikayeleri\/erfahrungsberichte-behandlungen-tuerkei\/\" data-type=\"page\" data-id=\"803\">Olumlu deneyimim<\/a> nedeniyle, implantlar\u0131m\u0131 yapt\u0131rmak istedi\u011fimde klini\u011fi tekrar ziyaret etmeyi planl\u0131yorum. Ekibe tamamen g\u00fcveniyorum ve bu ek i\u015flemi de m\u00fckemmel \u015fekilde ger\u00e7ekle\u015ftireceklerine eminim. <\/p>\n\n\n\n<p>Genel olarak, MedicalTravel sayesinde T\u00fcrkiye\u2019deki di\u015f klini\u011fini <strong>i\u00e7tenlikle tavsiye edebilirim<\/strong>. Dostane ve yetkin dan\u0131\u015fmanl\u0131ktan a\u011fr\u0131s\u0131z tedaviye ve <strong>m\u00fckemmel nihai sonuca<\/strong> kadar her \u015fey <strong>beklentilerimi a\u015ft\u0131<\/strong>. <strong>Ola\u011fan\u00fcst\u00fc \u00e7al\u0131\u015fmalar\u0131<\/strong> i\u00e7in t\u00fcm ekibe te\u015fekk\u00fcr ederim!  <\/p>\n\n\n\n<p>Ali Zain Ashraf<a href=\"https:\/\/medicaltravel.at\/tr\/hasta-hikayeleri\/erfahrungsberichte-behandlungen-tuerkei\/istanbulda-dis-tedavisiyle-ilgili-deneyim-raporu\/\" data-type=\"page\" data-id=\"981\"><br><\/a><\/p>\n\t\t\t\t\t\t\t\t<\/div>\n\t\t\t\t\t<\/div>\n\t\t\t\t<\/div>\n\t\t\t\t<\/div>\n\t\t","protected":false},"excerpt":{"rendered":"<p>Antalya\u2019daki di\u015f tedavim i\u00e7in de\u011ferlendirmem T\u00fcrkiye\u2019de MedicalTravel arac\u0131l\u0131\u011f\u0131yla m\u00fckemmel di\u015f tedavisi Yak\u0131n zamanda MedicalTravel arac\u0131l\u0131\u011f\u0131yla Antalya\u2019da di\u015f tedavimi yapt\u0131rma f\u0131rsat\u0131m oldu ve deneyimden tamamen memnun kald\u0131m. Toplamda 23 zirkonyum kron yapt\u0131rd\u0131m ve t\u00fcm s\u00fcre\u00e7 boyunca hi\u00e7bir a\u011fr\u0131 hissetmedi\u011fim i\u00e7in \u00e7ok mutluyum. Klinikteki en b\u00fcy\u00fck art\u0131lardan biri yerinde Almanca konu\u015fan ekibin bulunmas\u0131d\u0131r. \u00d6zellikle dan\u0131\u015fman\u0131m Denis m\u00fckemmel bir i\u015f \u00e7\u0131kard\u0131. Son derece profesyonel, sab\u0131rl\u0131 ve yard\u0131mc\u0131yd\u0131. T\u00fcm sorular\u0131m\u0131 sab\u0131rla yan\u0131tlad\u0131 ve her zaman kendimi rahat ve iyi bilgilendirilmi\u015f hissetmemi sa\u011flad\u0131. M\u00fckemmel hizmet konusundaki \u00f6zverisi ger\u00e7ekten dikkat \u00e7ekiciydi. Ama sadece Denis de\u011fil, MedicalTravel ekibinin tamam\u0131 da takdiri hak ediyor. \u00c7al\u0131\u015fanlar her zaman nazik ve y\u00fczlerinde s\u00fcrekli bir g\u00fcl\u00fcmseme vard\u0131. Olumlu tav\u0131rlar\u0131 ve hastalarla samimi ileti\u015fimleri, klinikteki atmosferin ho\u015f ve rahat olmas\u0131na katk\u0131da bulundu. Ald\u0131\u011f\u0131m zirkonyum kronlar\u0131n kalitesi ola\u011fan\u00fcst\u00fc. Sadece do\u011fal g\u00f6r\u00fcnmekle kalm\u0131yor, ayn\u0131 zamanda dokundu\u011funuzda da \u00f6yle hissettiriyor. Tedavimin nihai sonucundan son derece memnunum ve Antalya\u2019daki di\u015f klini\u011fini kesinlikle tavsiye edebilirim. Olumlu deneyimim nedeniyle, implantlar\u0131m\u0131 yapt\u0131rmak istedi\u011fimde klini\u011fi tekrar ziyaret etmeyi planl\u0131yorum. Ekibe tamamen g\u00fcveniyorum ve bu ek i\u015flemi de m\u00fckemmel \u015fekilde ger\u00e7ekle\u015ftireceklerine eminim. Genel olarak, MedicalTravel sayesinde T\u00fcrkiye\u2019deki di\u015f klini\u011fini i\u00e7tenlikle tavsiye edebilirim. Dostane ve yetkin dan\u0131\u015fmanl\u0131ktan a\u011fr\u0131s\u0131z tedaviye ve m\u00fckemmel nihai sonuca kadar her \u015fey beklentilerimi a\u015ft\u0131. Ola\u011fan\u00fcst\u00fc \u00e7al\u0131\u015fmalar\u0131 i\u00e7in t\u00fcm ekibe te\u015fekk\u00fcr ederim! Ali Zain Ashraf<\/p>\n","protected":false},"author":4,"featured_media":0,"parent":4603,"menu_order":0,"comment_status":"closed","ping_status":"closed","template":"","meta":{"_joinchat":[],"footnotes":""},"class_list":["post-4610","page","type-page","status-publish","hentry"],"acf":[],"_links":{"self":[{"href":"https:\/\/medicaltravel.at\/tr\/wp-json\/wp\/v2\/pages\/4610","targetHints":{"allow":["GET"]}}],"collection":[{"href":"https:\/\/medicaltravel.at\/tr\/wp-json\/wp\/v2\/pages"}],"about":[{"href":"https:\/\/medicaltravel.at\/tr\/wp-json\/wp\/v2\/types\/page"}],"author":[{"embeddable":true,"href":"https:\/\/medicaltravel.at\/tr\/wp-json\/wp\/v2\/users\/4"}],"replies":[{"embeddable":true,"href":"https:\/\/medicaltravel.at\/tr\/wp-json\/wp\/v2\/comments?post=4610"}],"version-history":[{"count":9,"href":"https:\/\/medicaltravel.at\/tr\/wp-json\/wp\/v2\/pages\/4610\/revisions"}],"predecessor-version":[{"id":5537,"href":"https:\/\/medicaltravel.at\/tr\/wp-json\/wp\/v2\/pages\/4610\/revisions\/5537"}],"up":[{"embeddable":true,"href":"https:\/\/medicaltravel.at\/tr\/wp-json\/wp\/v2\/pages\/4603"}],"wp:attachment":[{"href":"https:\/\/medicaltravel.at\/tr\/wp-json\/wp\/v2\/media?parent=4610"}],"curies":[{"name":"wp","href":"https:\/\/api.w.org\/{rel}","templated":true}]}}