{"id":4608,"date":"2025-09-27T21:28:26","date_gmt":"2025-09-27T20:28:26","guid":{"rendered":"https:\/\/medicaltravel.at\/hasta-hikayeleri\/erfahrungsberichte-behandlungen-tuerkei\/antalyada-goez-kapagi-germe-deneyim-raporu-31-ekim-2016-pazartesi-guenue-raporu\/"},"modified":"2026-01-13T14:34:02","modified_gmt":"2026-01-13T13:34:02","slug":"antalyada-goez-kapagi-germe-deneyim-raporu-31-ekim-2016-pazartesi-guenue-raporu","status":"publish","type":"page","link":"https:\/\/medicaltravel.at\/tr\/hasta-hikayeleri\/erfahrungsberichte-behandlungen-tuerkei\/antalyada-goez-kapagi-germe-deneyim-raporu-31-ekim-2016-pazartesi-guenue-raporu\/","title":{"rendered":"ANTALYA\u2019DA G\u00d6Z KAPA\u011eI GERME \u2013 DENEY\u0130M RAPORU \u2013 31 Ekim 2016 Pazartesi g\u00fcn\u00fc raporu"},"content":{"rendered":"\n<p><strong>ANTALYA\u2019DA G\u00d6Z KAPA\u011eI GERME \u2013 DENEY\u0130M RAPORU<\/strong> \u2013 31 EK\u0130M 2016 PAZARTES\u0130 G\u00dcN\u00dc RAPORU<\/p>\n\n\n\n<p>E\u015fim ve ben Ekim 2016\u2019da Antalya\u2019da g\u00f6z kapaklar\u0131m\u0131z\u0131 ve g\u00f6z alt\u0131 torbalar\u0131m\u0131z\u0131 gerdirdik ve sonu\u00e7 m\u00fckemmel oldu.<\/p>\n\n\n\n<p>E\u015fim 6 y\u0131l \u00f6nce Antalya\u2019da g\u00f6z lazeri yapt\u0131rm\u0131\u015ft\u0131 ve sonucu da muhte\u015femdi.<\/p>\n\n\n\n<p>Kendinde bir de\u011fi\u015fiklik yapmak isteyen herkese MedicalTravel ile ileti\u015fime ge\u00e7mesini tavsiye edebilirim. \u0130nsanlar samimi ve ilgili. Kar\u015f\u0131lama hizmeti ve ilgi konusunda her \u015fey m\u00fckemmel \u015fekilde ilerledi.  <\/p>\n\n\n\n<p>Dedi\u011fim gibi, bunu herkese sadece tavsiye edebilirim.<\/p>\n\n\n\n<p>Hi\u00e7 kimse bir \u015fey olacak diye korkmamal\u0131.<\/p>\n\n\n\n<p>Gerhard Wolthoff, Almanya, 30.10.2016<\/p>\n\n\n\n<div class=\"wp-block-group is-layout-grid wp-container-core-group-is-layout-baef362d wp-block-group-is-layout-grid\">\n<p><a href=\"https:\/\/medicaltravel.at\/home\/agb\/\" data-type=\"page\" data-id=\"2191\"><\/a><a href=\"https:\/\/medicaltravel.at\/tr\/hasta-hikayeleri\/erfahrungsberichte-behandlungen-tuerkei\/istanbulda-burun-ameliyatim-tuerkiye-burun-ameliyati-deneyimi-03-kasim-2016-persembe-guenue-yazilmis-deneyim-yazisi\/\" data-type=\"link\" data-id=\"https:\/\/medicaltravel.at\/tr\/hasta-hikayeleri\/erfahrungsberichte-behandlungen-tuerkei\/istanbulda-burun-ameliyatim-tuerkiye-burun-ameliyati-deneyimi-03-kasim-2016-persembe-guenue-yazilmis-deneyim-yazisi\/\">\u00d6nceki Rapor<\/a><\/p>\n\n\n\n<p class=\"has-text-align-right wp-container-content-5e2576f9\"><a href=\"https:\/\/medicaltravel.at\/home\/impressum\/\" data-type=\"page\" data-id=\"2193\"><\/a><a href=\"https:\/\/medicaltravel.at\/home\/berichte-von-patienten\/erfahrungsberichte\/erfahrungsbericht-zahnbehandlung-in-istanbul\/\" data-type=\"page\" data-id=\"981\"><\/a><a href=\"https:\/\/medicaltravel.at\/tr\/hasta-hikayeleri\/erfahrungsberichte-behandlungen-tuerkei\/bir-kadin-olarak-istanbulda-sac-ekimi-deneyimi-03-eyluel-2016-cumartesi-guenue-yazilmis-deneyim-yazisi\/\" data-type=\"link\" data-id=\"https:\/\/medicaltravel.at\/tr\/hasta-hikayeleri\/erfahrungsberichte-behandlungen-tuerkei\/bir-kadin-olarak-istanbulda-sac-ekimi-deneyimi-03-eyluel-2016-cumartesi-guenue-yazilmis-deneyim-yazisi\/\">Sonraki Rapor<\/a><\/p>\n<\/div>\n","protected":false},"excerpt":{"rendered":"<p>ANTALYA\u2019DA G\u00d6Z KAPA\u011eI GERME \u2013 DENEY\u0130M RAPORU \u2013 31 EK\u0130M 2016 PAZARTES\u0130 G\u00dcN\u00dc RAPORU E\u015fim ve ben Ekim 2016\u2019da Antalya\u2019da g\u00f6z kapaklar\u0131m\u0131z\u0131 ve g\u00f6z alt\u0131 torbalar\u0131m\u0131z\u0131 gerdirdik ve sonu\u00e7 m\u00fckemmel oldu. E\u015fim 6 y\u0131l \u00f6nce Antalya\u2019da g\u00f6z lazeri yapt\u0131rm\u0131\u015ft\u0131 ve sonucu da muhte\u015femdi. Kendinde bir de\u011fi\u015fiklik yapmak isteyen herkese MedicalTravel ile ileti\u015fime ge\u00e7mesini tavsiye edebilirim. \u0130nsanlar samimi ve ilgili. Kar\u015f\u0131lama hizmeti ve ilgi konusunda her \u015fey m\u00fckemmel \u015fekilde ilerledi. Dedi\u011fim gibi, bunu herkese sadece tavsiye edebilirim. Hi\u00e7 kimse bir \u015fey olacak diye korkmamal\u0131. Gerhard Wolthoff, Almanya, 30.10.2016 \u00d6nceki Rapor Sonraki Rapor<\/p>\n","protected":false},"author":4,"featured_media":0,"parent":4603,"menu_order":0,"comment_status":"closed","ping_status":"closed","template":"","meta":{"_joinchat":[],"footnotes":""},"class_list":["post-4608","page","type-page","status-publish","hentry"],"acf":[],"_links":{"self":[{"href":"https:\/\/medicaltravel.at\/tr\/wp-json\/wp\/v2\/pages\/4608","targetHints":{"allow":["GET"]}}],"collection":[{"href":"https:\/\/medicaltravel.at\/tr\/wp-json\/wp\/v2\/pages"}],"about":[{"href":"https:\/\/medicaltravel.at\/tr\/wp-json\/wp\/v2\/types\/page"}],"author":[{"embeddable":true,"href":"https:\/\/medicaltravel.at\/tr\/wp-json\/wp\/v2\/users\/4"}],"replies":[{"embeddable":true,"href":"https:\/\/medicaltravel.at\/tr\/wp-json\/wp\/v2\/comments?post=4608"}],"version-history":[{"count":2,"href":"https:\/\/medicaltravel.at\/tr\/wp-json\/wp\/v2\/pages\/4608\/revisions"}],"predecessor-version":[{"id":5765,"href":"https:\/\/medicaltravel.at\/tr\/wp-json\/wp\/v2\/pages\/4608\/revisions\/5765"}],"up":[{"embeddable":true,"href":"https:\/\/medicaltravel.at\/tr\/wp-json\/wp\/v2\/pages\/4603"}],"wp:attachment":[{"href":"https:\/\/medicaltravel.at\/tr\/wp-json\/wp\/v2\/media?parent=4608"}],"curies":[{"name":"wp","href":"https:\/\/api.w.org\/{rel}","templated":true}]}}