{"id":4606,"date":"2025-09-27T21:34:03","date_gmt":"2025-09-27T20:34:03","guid":{"rendered":"https:\/\/medicaltravel.at\/hasta-hikayeleri\/erfahrungsberichte-behandlungen-tuerkei\/istanbulda-gercek-bir-prenses-muamelesi-goerduem-dis-duezeltme-tedavisi-istanbul-22-nisan-2016-cuma-guenue-raporu\/"},"modified":"2026-01-13T14:38:42","modified_gmt":"2026-01-13T13:38:42","slug":"istanbulda-gercek-bir-prenses-muamelesi-goerduem-dis-duezeltme-tedavisi-istanbul-22-nisan-2016-cuma-guenue-raporu","status":"publish","type":"page","link":"https:\/\/medicaltravel.at\/tr\/hasta-hikayeleri\/erfahrungsberichte-behandlungen-tuerkei\/istanbulda-gercek-bir-prenses-muamelesi-goerduem-dis-duezeltme-tedavisi-istanbul-22-nisan-2016-cuma-guenue-raporu\/","title":{"rendered":"\u0130stanbul\u2019da ger\u00e7ek bir prenses muamelesi g\u00f6rd\u00fcm Di\u015f d\u00fczeltme tedavisi \u0130stanbul \u2013 22 Nisan 2016 Cuma g\u00fcn\u00fc raporu"},"content":{"rendered":"\n<p><strong>\u0130stanbul\u2019da ger\u00e7ek bir prenses muamelesi g\u00f6rd\u00fcm (Di\u015f d\u00fczeltme tedavisi \u0130stanbul) <\/strong>\u2013 22 Nisan 2016 Cuma g\u00fcn\u00fc raporu<\/p>\n\n<p>Arkada\u015f \u00e7evremde yurtd\u0131\u015f\u0131nda yap\u0131lan di\u015f tedavileri \u00fczerine yap\u0131lan sohbetler sayesinde Swisslasik ile e-posta yoluyla ilk g\u00f6r\u00fc\u015fmeleri ba\u015flatmaya karar verdim. Bir yandan web sitesi \u00e7ok ilgimi \u00e7ekti \u00e7\u00fcnk\u00fc olduk\u00e7a yetkin, samimi ve m\u00fc\u015fteriye kar\u015f\u0131 son derece davetkar bir izlenim veriyordu. Bir sonraki ad\u0131mda \u2013 \u00e7\u00fcnk\u00fc benim de yurtd\u0131\u015f\u0131nda tedavi deneyimim yoktu \u2013 g\u00fcvenli ve g\u00fcvenilir bir ileti\u015fim kurmak benim i\u00e7in \u00f6nemliydi; Swisslasik\u2019te ger\u00e7ekten g\u00fcvenilir bir partnerim olmas\u0131n\u0131 istiyordum. \u0130leti\u015fim tamamen \u00f6rnek bir \u015fekilde ger\u00e7ekle\u015fti. Sadece 1 saat i\u00e7inde ihtiya\u00e7lar\u0131m\u0131n daha ayr\u0131nt\u0131l\u0131 de\u011ferlendirilmesi i\u00e7in bir telefon ald\u0131m, \u00e7ok verimliydi. Randevu onay\u0131 gibi di\u011fer ad\u0131mlar ayn\u0131 sabah tamamland\u0131 ve \u00f6\u011fleden sonra t\u00fcm seyahat belgeleri, \u0130stanbul\u2019daki irtibatlar ve kararla\u015ft\u0131r\u0131ld\u0131\u011f\u0131 gibi g\u00fcvenli randevu teyidi elime ula\u015ft\u0131. \u00dcst d\u00fczey hizmet ger\u00e7ekten 5 y\u0131ld\u0131z\u0131 hak ediyor.      <\/p>\n\n<p>\u0130stanbul\u2019da ger\u00e7ek bir prenses muamelesi g\u00f6rd\u00fcm Ben de \u2013 muhtemelen t\u00fcm yeni hastalar gibi \u2013 her \u015feyin yolunda gidip gitmeyece\u011fi konusunda i\u00e7ten i\u00e7e biraz tedirgindim ve olas\u0131 kayg\u0131lar\u0131 anlayabiliyorum. Emin olun, bunlar\u0131 tamamen bir kenara b\u0131rakabilirsiniz. Havaliman\u0131ndan kiralad\u0131\u011f\u0131m daireye g\u00f6t\u00fcren bir \u015fof\u00f6r ayarlad\u0131lar, ve kararla\u015ft\u0131r\u0131ld\u0131\u011f\u0131 gibi di\u015f randevuma da geri g\u00f6t\u00fcrd\u00fc (11 milyonluk \u015fehirdeki trafik nedeniyle 5-10 dakikal\u0131k k\u00fc\u00e7\u00fck gecikmeler olabiliyor). Ayr\u0131ca d\u00f6n\u00fc\u015fte yine havaliman\u0131na b\u0131rak\u0131ld\u0131m ve kontrol randevum i\u00e7in de ayn\u0131 \u015fekilde g\u00f6t\u00fcr\u00fcld\u00fcm. Bundan daha g\u00fczel bir hizmet olamazd\u0131.    <\/p>\n\n<p>Ac\u0131badem Klinik, T\u00fcrkiye\u2019nin en tan\u0131nm\u0131\u015f kliniklerinden biri ve son derece iyi bir \u00fcne sahip. Bir\u00e7ok sayg\u0131l\u0131 yerel insandan, kendi akademisinde e\u011fitim i\u00e7in yap\u0131lan yat\u0131r\u0131mlardan ve yaln\u0131zca en iyi doktorlar\u0131n Ac\u0131badem Klinik\u2019te g\u00f6rev alabildi\u011finden s\u00f6z edildi; bu tamamen do\u011fru! Dr. \u00d6zt\u00fcrk \u00e7ok iyi e\u011fitimli bir \u0130ngilizce konu\u015fuyor ve sadece Almanca anl\u0131yorsan\u0131z, klinikte kald\u0131\u011f\u0131n\u0131z s\u00fcre boyunca sizi \u00e7ok nazik ve kibar bir terc\u00fcman e\u015flik ediyor. Ayr\u0131ca, t\u00fcm isteklerle ilgilenen bir konsiyerj de mevcut (\u015fof\u00f6r organize ediyor, klinikte gezdiriyor, r\u00f6ntgen b\u00f6l\u00fcm\u00fcn\u00fc bilgilendiriyor).<br\/><br\/>Dr. \u00d6zt\u00fcrk, klinikte \u00e7ekilen r\u00f6ntgen g\u00f6r\u00fcnt\u00fcs\u00fc sayesinde her bir di\u015f i\u00e7in kapsaml\u0131 bir analiz yapt\u0131. 43 y\u0131l\u0131mda b\u00f6ylesine yetkin, zaman ay\u0131ran, detayl\u0131 a\u00e7\u0131klamalar ve uzun vadeli perspektiflerle bir dan\u0131\u015fmanl\u0131k almam\u0131\u015ft\u0131m. B\u00f6ylece kendi \u201cprogram\u0131m\u0131\u201d olu\u015fturma f\u0131rsat\u0131m oldu. Birka\u00e7 problemi \u00e7\u00f6zmem gerekti\u011fi i\u00e7in a\u015famal\u0131 ilerlemeye karar verdim. \u0130lk a\u015fama, di\u015flerimi \u00e7ok s\u0131k g\u0131c\u0131rdatt\u0131\u011f\u0131m ve bundan dolay\u0131 zarar g\u00f6rd\u00fc\u011f\u00fc i\u00e7in 2 dolgu ve bir gece pla\u011f\u0131yd\u0131 (di\u015f erimesi). Ayr\u0131ca bir di\u015fin tamamen de\u011fi\u015ftirilmesi gerekiyordu. Do\u011frudan kendim g\u00f6zlemleyebildim ve 3D yaz\u0131c\u0131n\u0131n bana m\u00fckemmel uyumlu porselen di\u015fi nas\u0131l \u00fcretti\u011fini deneyimledim.<br\/><br\/>Klinikteki cihazlar en yeni teknolojiye sahip ve klinik, daha \u00e7ok bir otel gibi hissettiriyor. Ayd\u0131nl\u0131k, a\u00e7\u0131k, modern, l\u00fcks, giri\u015fte Starbucks ve hatta Bach ile Mozart eserlerini \u00e7alan bir piyanist var. B\u00f6ylece tek bir randevuda, 4 saat i\u00e7inde tam r\u00f6ntgen, analiz, dolgular, porselen di\u015f ve gece pla\u011f\u0131 tamamland\u0131. Ertesi g\u00fcn kontrol randevusu verildi ve bu randevu, sonras\u0131nda do\u011frudan havaliman\u0131na gidebilmem i\u00e7in planland\u0131. Ak\u0131ll\u0131ca de\u011fil mi?                <\/p>\n\n<p>Fiyat a\u00e7\u0131s\u0131ndan ger\u00e7ekten %70\u2019e kadar tasarruf sa\u011flanabiliyor. Dr. \u00d6zt\u00fcrk ile yap\u0131lan g\u00f6r\u00fc\u015fmede t\u00fcm maliyetler \u00f6nceden fiyat teklifi ile a\u00e7\u0131k\u00e7a payla\u015f\u0131ld\u0131 ve t\u00fcm i\u015flemler ile randevu a\u015famalar\u0131na kendim karar verebildim. \u015eeffaf. Net. Anla\u015f\u0131l\u0131r. M\u00fc\u015fteri h\u00e2l\u00e2 kral. Bekleme s\u00fcresi yok, \u0130svi\u00e7re\u2019deki gibi hastay\u0131 sadece koltukta bekletmiyorlar. Doktor, hastayla yetkin bir i\u015f birli\u011fi i\u00e7inde hem dan\u0131\u015f\u0131yor hem de \u00e7al\u0131\u015f\u0131yor.<br\/><br\/>\u015eimdi birka\u00e7 g\u00fcnd\u00fcr tekrar \u0130svi\u00e7re\u2019deyim. Gece pla\u011f\u0131 m\u00fckemmel uyuyor, di\u015flerim taze cilalanm\u0131\u015f gibi parl\u0131yor ve dolgular ile yeni porselen di\u015fin sonucu ger\u00e7ekten harika. En iyi malzemeler \u0130svi\u00e7re ve Avusturya\u2019dan kullan\u0131l\u0131yor; \u00fcreticilerin isimlerini maalesef hat\u0131rlam\u0131yorum. Ancak ambalaj g\u00f6steriliyor ve bro\u015f\u00fcrlerde malzemelerin ve \u00fcreticilerin hangi kalite sertifikalar\u0131na sahip oldu\u011fu kendiniz okuyabilirsiniz.           <\/p>\n\n<p>Gelecek ay \u2013 kararla\u015ft\u0131r\u0131ld\u0131\u011f\u0131 gibi \u2013 Ac\u0131badem Klinik\u2019te bir sonraki tedavi a\u015famas\u0131 i\u00e7in tekrar \u0130stanbul\u2019a u\u00e7aca\u011f\u0131m. Benim i\u00e7in bir \u015fey \u00e7ok a\u00e7\u0131k: Art\u0131k \u0130svi\u00e7re\u2019de bir di\u015f hekimine gitmeyece\u011fim. \u0130\u015f randevular\u0131m\u0131 ka\u00e7\u0131rmak ya da \u00e7ocuklar\u0131 tekrar kom\u015fudan almak zorunda kalmak beni hep sinirlendiriyordu, \u00e7\u00fcnk\u00fc di\u015f hekimi beni s\u00fcrekli bekletiyordu (30\u201360 dakika, her randevudan \u00f6nce k\u0131sa bir telefon a\u00e7mama ra\u011fmen \u2013 ciddi gecikmelerde di\u011fer randevular\u0131 ertelemek i\u00e7in). Hi\u00e7bir di\u015f hekimi, \u00f6n\u00fcm\u00fczdeki 10 y\u0131l i\u00e7in kapsaml\u0131 bir analiz yapmam\u0131\u015ft\u0131. Bug\u00fcn riskleri biliyorum ve uzun vadede buna g\u00f6re plan yapabiliyorum, y\u00fcksek maliyetler bir g\u00fcnden di\u011ferine s\u00fcrpriz \u015fekilde \u00fcst\u00fcme gelmeden.    <\/p>\n\n<p>Daha iyi, daha rahat, daha yetkin ve daha nazik olamaz!<\/p>\n\n<p>Ayr\u0131ca b\u00fcy\u00fcleyici g\u00fczel \u0130stanbul \u015fehrinin her y\u00f6n\u00fcn\u00fc keyifle ke\u015ffetmek i\u00e7in bolca zaman\u0131m oldu! Tek ba\u015f\u0131ma bir kad\u0131n olarak seyahat ettim ve 4 g\u00fcn boyunca kendimi tamamen g\u00fcvende ve rahat hissettim. <\/p>\n\n<p>Esthi Bichler, Z\u00fcrih<\/p>\n\n<div class=\"wp-block-group is-layout-grid wp-container-core-group-is-layout-baef362d wp-block-group-is-layout-grid\">\n<p><a href=\"https:\/\/medicaltravel.at\/home\/agb\/\" data-type=\"page\" data-id=\"2191\"><\/a><a href=\"https:\/\/medicaltravel.at\/tr\/hasta-hikayeleri\/erfahrungsberichte-behandlungen-tuerkei\/istanbulda-goegues-bueyuetme-deneyim-raporu-tuerkiye-12-mayis-2016-persembe-tarihli-rapor\/\" data-type=\"link\" data-id=\"https:\/\/medicaltravel.at\/berichte-von-patienten\/erfahrungsberichte\/erfahrungsbericht-brustvergroesserung-istanbul-tuerkei-bericht-vom-donnerstag-12-mai-2016\/\">\u00d6nceki Rapor<\/a><\/p>\n\n\n\n<p class=\"has-text-align-right wp-container-content-5e2576f9\"><a href=\"https:\/\/medicaltravel.at\/home\/impressum\/\" data-type=\"page\" data-id=\"2193\"><\/a><a href=\"https:\/\/medicaltravel.at\/home\/berichte-von-patienten\/erfahrungsberichte\/erfahrungsbericht-zahnbehandlung-in-istanbul\/\" data-type=\"page\" data-id=\"981\"><\/a><a href=\"https:\/\/medicaltravel.at\/tr\/hasta-hikayeleri\/erfahrungsberichte-behandlungen-tuerkei\/meine-beiden-augen-und-ich-augenlasik-in-istanbul-bericht-vom-donnerstag-24-maerz-2016\/\" data-type=\"link\" data-id=\"https:\/\/medicaltravel.at\/berichte-von-patienten\/erfahrungsberichte\/meine-beiden-augen-und-ich-augenlasik-in-istanbul-bericht-vom-donnerstag-24-maerz-2016\/\">Sonraki Rapor<\/a><\/p>\n<\/div>\n","protected":false},"excerpt":{"rendered":"<p>\u0130stanbul\u2019da ger\u00e7ek bir prenses muamelesi g\u00f6rd\u00fcm (Di\u015f d\u00fczeltme tedavisi \u0130stanbul) \u2013 22 Nisan 2016 Cuma g\u00fcn\u00fc raporu Arkada\u015f \u00e7evremde yurtd\u0131\u015f\u0131nda yap\u0131lan di\u015f tedavileri \u00fczerine yap\u0131lan sohbetler sayesinde Swisslasik ile e-posta yoluyla ilk g\u00f6r\u00fc\u015fmeleri ba\u015flatmaya karar verdim. Bir yandan web sitesi \u00e7ok ilgimi \u00e7ekti \u00e7\u00fcnk\u00fc olduk\u00e7a yetkin, samimi ve m\u00fc\u015fteriye kar\u015f\u0131 son derece davetkar bir izlenim veriyordu. Bir sonraki ad\u0131mda \u2013 \u00e7\u00fcnk\u00fc benim de yurtd\u0131\u015f\u0131nda tedavi deneyimim yoktu \u2013 g\u00fcvenli ve g\u00fcvenilir bir ileti\u015fim kurmak benim i\u00e7in \u00f6nemliydi; Swisslasik\u2019te ger\u00e7ekten g\u00fcvenilir bir partnerim olmas\u0131n\u0131 istiyordum. \u0130leti\u015fim tamamen \u00f6rnek bir \u015fekilde ger\u00e7ekle\u015fti. Sadece 1 saat i\u00e7inde ihtiya\u00e7lar\u0131m\u0131n daha ayr\u0131nt\u0131l\u0131 de\u011ferlendirilmesi i\u00e7in bir telefon ald\u0131m, \u00e7ok verimliydi. Randevu onay\u0131 gibi di\u011fer ad\u0131mlar ayn\u0131 sabah tamamland\u0131 ve \u00f6\u011fleden sonra t\u00fcm seyahat belgeleri, \u0130stanbul\u2019daki irtibatlar ve kararla\u015ft\u0131r\u0131ld\u0131\u011f\u0131 gibi g\u00fcvenli randevu teyidi elime ula\u015ft\u0131. \u00dcst d\u00fczey hizmet ger\u00e7ekten 5 y\u0131ld\u0131z\u0131 hak ediyor. \u0130stanbul\u2019da ger\u00e7ek bir prenses muamelesi g\u00f6rd\u00fcm Ben de \u2013 muhtemelen t\u00fcm yeni hastalar gibi \u2013 her \u015feyin yolunda gidip gitmeyece\u011fi konusunda i\u00e7ten i\u00e7e biraz tedirgindim ve olas\u0131 kayg\u0131lar\u0131 anlayabiliyorum. Emin olun, bunlar\u0131 tamamen bir kenara b\u0131rakabilirsiniz. Havaliman\u0131ndan kiralad\u0131\u011f\u0131m daireye g\u00f6t\u00fcren bir \u015fof\u00f6r ayarlad\u0131lar, ve kararla\u015ft\u0131r\u0131ld\u0131\u011f\u0131 gibi di\u015f randevuma da geri g\u00f6t\u00fcrd\u00fc (11 milyonluk \u015fehirdeki trafik nedeniyle 5-10 dakikal\u0131k k\u00fc\u00e7\u00fck gecikmeler olabiliyor). Ayr\u0131ca d\u00f6n\u00fc\u015fte yine havaliman\u0131na b\u0131rak\u0131ld\u0131m ve kontrol randevum i\u00e7in de ayn\u0131 \u015fekilde g\u00f6t\u00fcr\u00fcld\u00fcm. Bundan daha g\u00fczel bir hizmet olamazd\u0131. Ac\u0131badem Klinik, T\u00fcrkiye\u2019nin en tan\u0131nm\u0131\u015f kliniklerinden biri ve son derece iyi bir \u00fcne sahip. Bir\u00e7ok sayg\u0131l\u0131 yerel insandan, kendi akademisinde e\u011fitim i\u00e7in yap\u0131lan yat\u0131r\u0131mlardan ve yaln\u0131zca en iyi doktorlar\u0131n Ac\u0131badem Klinik\u2019te g\u00f6rev alabildi\u011finden s\u00f6z edildi; bu tamamen do\u011fru! Dr. \u00d6zt\u00fcrk \u00e7ok iyi e\u011fitimli bir \u0130ngilizce konu\u015fuyor ve sadece Almanca anl\u0131yorsan\u0131z, klinikte kald\u0131\u011f\u0131n\u0131z s\u00fcre boyunca sizi \u00e7ok nazik ve kibar bir terc\u00fcman e\u015flik ediyor. Ayr\u0131ca, t\u00fcm isteklerle ilgilenen bir konsiyerj de mevcut (\u015fof\u00f6r organize ediyor, klinikte gezdiriyor, r\u00f6ntgen b\u00f6l\u00fcm\u00fcn\u00fc bilgilendiriyor). Dr. \u00d6zt\u00fcrk, klinikte \u00e7ekilen r\u00f6ntgen g\u00f6r\u00fcnt\u00fcs\u00fc sayesinde her bir di\u015f i\u00e7in kapsaml\u0131 bir analiz yapt\u0131. 43 y\u0131l\u0131mda b\u00f6ylesine yetkin, zaman ay\u0131ran, detayl\u0131 a\u00e7\u0131klamalar ve uzun vadeli perspektiflerle bir dan\u0131\u015fmanl\u0131k almam\u0131\u015ft\u0131m. B\u00f6ylece kendi \u201cprogram\u0131m\u0131\u201d olu\u015fturma f\u0131rsat\u0131m oldu. Birka\u00e7 problemi \u00e7\u00f6zmem gerekti\u011fi i\u00e7in a\u015famal\u0131 ilerlemeye karar verdim. \u0130lk a\u015fama, di\u015flerimi \u00e7ok s\u0131k g\u0131c\u0131rdatt\u0131\u011f\u0131m ve bundan dolay\u0131 zarar g\u00f6rd\u00fc\u011f\u00fc i\u00e7in 2 dolgu ve bir gece pla\u011f\u0131yd\u0131 (di\u015f erimesi). Ayr\u0131ca bir di\u015fin tamamen de\u011fi\u015ftirilmesi gerekiyordu. Do\u011frudan kendim g\u00f6zlemleyebildim ve 3D yaz\u0131c\u0131n\u0131n bana m\u00fckemmel uyumlu porselen di\u015fi nas\u0131l \u00fcretti\u011fini deneyimledim. Klinikteki cihazlar en yeni teknolojiye sahip ve klinik, daha \u00e7ok bir otel gibi hissettiriyor. Ayd\u0131nl\u0131k, a\u00e7\u0131k, modern, l\u00fcks, giri\u015fte Starbucks ve hatta Bach ile Mozart eserlerini \u00e7alan bir piyanist var. B\u00f6ylece tek bir randevuda, 4 saat i\u00e7inde tam r\u00f6ntgen, analiz, dolgular, porselen di\u015f ve gece pla\u011f\u0131 tamamland\u0131. Ertesi g\u00fcn kontrol randevusu verildi ve bu randevu, sonras\u0131nda do\u011frudan havaliman\u0131na gidebilmem i\u00e7in planland\u0131. Ak\u0131ll\u0131ca de\u011fil mi? Fiyat a\u00e7\u0131s\u0131ndan ger\u00e7ekten %70\u2019e kadar tasarruf sa\u011flanabiliyor. Dr. \u00d6zt\u00fcrk ile yap\u0131lan g\u00f6r\u00fc\u015fmede t\u00fcm maliyetler \u00f6nceden fiyat teklifi ile a\u00e7\u0131k\u00e7a payla\u015f\u0131ld\u0131 ve t\u00fcm i\u015flemler ile randevu a\u015famalar\u0131na kendim karar verebildim. \u015eeffaf. Net. Anla\u015f\u0131l\u0131r. M\u00fc\u015fteri h\u00e2l\u00e2 kral. Bekleme s\u00fcresi yok, \u0130svi\u00e7re\u2019deki gibi hastay\u0131 sadece koltukta bekletmiyorlar. Doktor, hastayla yetkin bir i\u015f birli\u011fi i\u00e7inde hem dan\u0131\u015f\u0131yor hem de \u00e7al\u0131\u015f\u0131yor. \u015eimdi birka\u00e7 g\u00fcnd\u00fcr tekrar \u0130svi\u00e7re\u2019deyim. Gece pla\u011f\u0131 m\u00fckemmel uyuyor, di\u015flerim taze cilalanm\u0131\u015f gibi parl\u0131yor ve dolgular ile yeni porselen di\u015fin sonucu ger\u00e7ekten harika. En iyi malzemeler \u0130svi\u00e7re ve Avusturya\u2019dan kullan\u0131l\u0131yor; \u00fcreticilerin isimlerini maalesef hat\u0131rlam\u0131yorum. Ancak ambalaj g\u00f6steriliyor ve bro\u015f\u00fcrlerde malzemelerin ve \u00fcreticilerin hangi kalite sertifikalar\u0131na sahip oldu\u011fu kendiniz okuyabilirsiniz. Gelecek ay \u2013 kararla\u015ft\u0131r\u0131ld\u0131\u011f\u0131 gibi \u2013 Ac\u0131badem Klinik\u2019te bir sonraki tedavi a\u015famas\u0131 i\u00e7in tekrar \u0130stanbul\u2019a u\u00e7aca\u011f\u0131m. Benim i\u00e7in bir \u015fey \u00e7ok a\u00e7\u0131k: Art\u0131k \u0130svi\u00e7re\u2019de bir di\u015f hekimine gitmeyece\u011fim. \u0130\u015f randevular\u0131m\u0131 ka\u00e7\u0131rmak ya da \u00e7ocuklar\u0131 tekrar kom\u015fudan almak zorunda kalmak beni hep sinirlendiriyordu, \u00e7\u00fcnk\u00fc di\u015f hekimi beni s\u00fcrekli bekletiyordu (30\u201360 dakika, her randevudan \u00f6nce k\u0131sa bir telefon a\u00e7mama ra\u011fmen \u2013 ciddi gecikmelerde di\u011fer randevular\u0131 ertelemek i\u00e7in). Hi\u00e7bir di\u015f hekimi, \u00f6n\u00fcm\u00fczdeki 10 y\u0131l i\u00e7in kapsaml\u0131 bir analiz yapmam\u0131\u015ft\u0131. Bug\u00fcn riskleri biliyorum ve uzun vadede buna g\u00f6re plan yapabiliyorum, y\u00fcksek maliyetler bir g\u00fcnden di\u011ferine s\u00fcrpriz \u015fekilde \u00fcst\u00fcme gelmeden. Daha iyi, daha rahat, daha yetkin ve daha nazik olamaz! Ayr\u0131ca b\u00fcy\u00fcleyici g\u00fczel \u0130stanbul \u015fehrinin her y\u00f6n\u00fcn\u00fc keyifle ke\u015ffetmek i\u00e7in bolca zaman\u0131m oldu! Tek ba\u015f\u0131ma bir kad\u0131n olarak seyahat ettim ve 4 g\u00fcn boyunca kendimi tamamen g\u00fcvende ve rahat hissettim. Esthi Bichler, Z\u00fcrih \u00d6nceki Rapor Sonraki Rapor<\/p>\n","protected":false},"author":4,"featured_media":0,"parent":4603,"menu_order":0,"comment_status":"closed","ping_status":"closed","template":"","meta":{"_joinchat":[],"footnotes":""},"class_list":["post-4606","page","type-page","status-publish","hentry"],"acf":[],"_links":{"self":[{"href":"https:\/\/medicaltravel.at\/tr\/wp-json\/wp\/v2\/pages\/4606","targetHints":{"allow":["GET"]}}],"collection":[{"href":"https:\/\/medicaltravel.at\/tr\/wp-json\/wp\/v2\/pages"}],"about":[{"href":"https:\/\/medicaltravel.at\/tr\/wp-json\/wp\/v2\/types\/page"}],"author":[{"embeddable":true,"href":"https:\/\/medicaltravel.at\/tr\/wp-json\/wp\/v2\/users\/4"}],"replies":[{"embeddable":true,"href":"https:\/\/medicaltravel.at\/tr\/wp-json\/wp\/v2\/comments?post=4606"}],"version-history":[{"count":3,"href":"https:\/\/medicaltravel.at\/tr\/wp-json\/wp\/v2\/pages\/4606\/revisions"}],"predecessor-version":[{"id":5539,"href":"https:\/\/medicaltravel.at\/tr\/wp-json\/wp\/v2\/pages\/4606\/revisions\/5539"}],"up":[{"embeddable":true,"href":"https:\/\/medicaltravel.at\/tr\/wp-json\/wp\/v2\/pages\/4603"}],"wp:attachment":[{"href":"https:\/\/medicaltravel.at\/tr\/wp-json\/wp\/v2\/media?parent=4606"}],"curies":[{"name":"wp","href":"https:\/\/api.w.org\/{rel}","templated":true}]}}