{"id":4603,"date":"2025-09-27T14:37:06","date_gmt":"2025-09-27T13:37:06","guid":{"rendered":"https:\/\/medicaltravel.at\/hasta-hikayeleri\/erfahrungsberichte-behandlungen-tuerkei\/"},"modified":"2026-01-04T23:46:40","modified_gmt":"2026-01-04T22:46:40","slug":"erfahrungsberichte-behandlungen-tuerkei","status":"publish","type":"page","link":"https:\/\/medicaltravel.at\/tr\/hasta-hikayeleri\/erfahrungsberichte-behandlungen-tuerkei\/","title":{"rendered":"T\u00fcrkiye\u2019deki Tedavilerle \u0130lgili Deneyim Payla\u015f\u0131mlar\u0131"},"content":{"rendered":"\t\t<div data-elementor-type=\"wp-page\" data-elementor-id=\"4603\" class=\"elementor elementor-4603 elementor-803\" data-elementor-post-type=\"page\">\n\t\t\t\t<div class=\"elementor-element elementor-element-562af74c e-flex e-con-boxed wpr-particle-no wpr-jarallax-no wpr-parallax-no wpr-sticky-section-no e-con e-parent\" data-id=\"562af74c\" data-element_type=\"container\" data-e-type=\"container\">\n\t\t\t\t\t<div class=\"e-con-inner\">\n\t\t<div class=\"elementor-element elementor-element-569ba6b e-con-full e-flex wpr-particle-no wpr-jarallax-no wpr-parallax-no wpr-sticky-section-no e-con e-child\" data-id=\"569ba6b\" data-element_type=\"container\" data-e-type=\"container\">\n\t\t\t\t<div class=\"elementor-element elementor-element-bf671d5 elementor-widget elementor-widget-button\" data-id=\"bf671d5\" data-element_type=\"widget\" data-e-type=\"widget\" data-widget_type=\"button.default\">\n\t\t\t\t\t\t\t\t\t\t<a class=\"elementor-button elementor-button-link elementor-size-sm\" href=\"https:\/\/medicaltravel.at\/tr\/hasta-hikayeleri\/erfahrungsberichte-behandlungen-tuerkei\/\">\n\t\t\t\t\t\t<span class=\"elementor-button-content-wrapper\">\n\t\t\t\t\t\t\t\t\t<span class=\"elementor-button-text\">G\u00f6r\u00fc\u015f Raporlar\u0131<\/span>\n\t\t\t\t\t<\/span>\n\t\t\t\t\t<\/a>\n\t\t\t\t\t\t\t\t<\/div>\n\t\t\t\t<div class=\"elementor-element elementor-element-dc5707e elementor-widget elementor-widget-button\" data-id=\"dc5707e\" data-element_type=\"widget\" data-e-type=\"widget\" data-widget_type=\"button.default\">\n\t\t\t\t\t\t\t\t\t\t<a class=\"elementor-button elementor-button-link elementor-size-sm\" href=\"https:\/\/medicaltravel.at\/tr\/hasta-hikayeleri\/goerues-raporlari-2012\/\">\n\t\t\t\t\t\t<span class=\"elementor-button-content-wrapper\">\n\t\t\t\t\t\t\t\t\t<span class=\"elementor-button-text\">G\u00f6r\u00fc\u015f Raporlar\u0131 2012<\/span>\n\t\t\t\t\t<\/span>\n\t\t\t\t\t<\/a>\n\t\t\t\t\t\t\t\t<\/div>\n\t\t\t\t<div class=\"elementor-element elementor-element-5c52eff elementor-widget elementor-widget-button\" data-id=\"5c52eff\" data-element_type=\"widget\" data-e-type=\"widget\" data-widget_type=\"button.default\">\n\t\t\t\t\t\t\t\t\t\t<a class=\"elementor-button elementor-button-link elementor-size-sm\" href=\"https:\/\/medicaltravel.at\/tr\/hasta-hikayeleri\/2011-yili-hasta-raporlari\/\">\n\t\t\t\t\t\t<span class=\"elementor-button-content-wrapper\">\n\t\t\t\t\t\t\t\t\t<span class=\"elementor-button-text\">2011 Y\u0131l\u0131 Hasta Raporlar\u0131<\/span>\n\t\t\t\t\t<\/span>\n\t\t\t\t\t<\/a>\n\t\t\t\t\t\t\t\t<\/div>\n\t\t\t\t<div class=\"elementor-element elementor-element-775239e elementor-widget elementor-widget-button\" data-id=\"775239e\" data-element_type=\"widget\" data-e-type=\"widget\" data-widget_type=\"button.default\">\n\t\t\t\t\t\t\t\t\t\t<a class=\"elementor-button elementor-button-link elementor-size-sm\" href=\"https:\/\/medicaltravel.at\/tr\/hasta-hikayeleri\/2009-2010-deneyim-raporlari\/\">\n\t\t\t\t\t\t<span class=\"elementor-button-content-wrapper\">\n\t\t\t\t\t\t\t\t\t<span class=\"elementor-button-text\">2009-2010 Y\u0131llar\u0131 Aras\u0131 Hasta Raporlar\u0131<\/span>\n\t\t\t\t\t<\/span>\n\t\t\t\t\t<\/a>\n\t\t\t\t\t\t\t\t<\/div>\n\t\t\t\t<div class=\"elementor-element elementor-element-0cdda9a elementor-widget elementor-widget-button\" data-id=\"0cdda9a\" data-element_type=\"widget\" data-e-type=\"widget\" data-widget_type=\"button.default\">\n\t\t\t\t\t\t\t\t\t\t<a class=\"elementor-button elementor-button-link elementor-size-sm\" href=\"https:\/\/medicaltravel.at\/tr\/hasta-hikayeleri\/2007-yili-hasta-raporlari\/\">\n\t\t\t\t\t\t<span class=\"elementor-button-content-wrapper\">\n\t\t\t\t\t\t\t\t\t<span class=\"elementor-button-text\">2007 Y\u0131l\u0131 Hasta Raporlar\u0131<\/span>\n\t\t\t\t\t<\/span>\n\t\t\t\t\t<\/a>\n\t\t\t\t\t\t\t\t<\/div>\n\t\t\t\t<div class=\"elementor-element elementor-element-9ad0877 elementor-widget elementor-widget-button\" data-id=\"9ad0877\" data-element_type=\"widget\" data-e-type=\"widget\" data-widget_type=\"button.default\">\n\t\t\t\t\t\t\t\t\t\t<a class=\"elementor-button elementor-button-link elementor-size-sm\" href=\"https:\/\/medicaltravel.at\/tr\/hasta-hikayeleri\/eski-hasta-raporlari\/\">\n\t\t\t\t\t\t<span class=\"elementor-button-content-wrapper\">\n\t\t\t\t\t\t\t\t\t<span class=\"elementor-button-text\">Eski Hasta Raporlar\u0131<\/span>\n\t\t\t\t\t<\/span>\n\t\t\t\t\t<\/a>\n\t\t\t\t\t\t\t\t<\/div>\n\t\t\t\t<\/div>\n\t\t\t\t<div class=\"elementor-element elementor-element-7dc31bdc elementor-widget elementor-widget-text-editor\" data-id=\"7dc31bdc\" data-element_type=\"widget\" data-e-type=\"widget\" data-widget_type=\"text-editor.default\">\n\t\t\t\t\t\t\t\t\t<h2 class=\"wp-block-heading\">G\u00f6r\u00fc\u015f Raporlar\u0131<\/h2>\n<ul class=\"wp-block-list\">\n<li><a href=\"https:\/\/medicaltravel.at\/tr\/hasta-hikayeleri\/erfahrungsberichte-behandlungen-tuerkei\/antalyadaki-dis-tedavisi-icin-degerlendirme-ve-tavsiye-3\/\" data-type=\"page\" data-id=\"979\">Antalya\u2019daki di\u015f tedavisiyle ilgili de\u011ferlendirmem<\/a><\/li>\n<li><a href=\"https:\/\/medicaltravel.at\/tr\/hasta-hikayeleri\/erfahrungsberichte-behandlungen-tuerkei\/istanbulda-dis-tedavisiyle-ilgili-deneyim-raporu\/\" data-type=\"page\" data-id=\"981\">\u0130stanbul\u2019da di\u015f tedavisiyle ilgili deneyim raporu<\/a><\/li>\n<li><a href=\"https:\/\/medicaltravel.at\/tr\/hasta-hikayeleri\/erfahrungsberichte-behandlungen-tuerkei\/istanbuldaki-acibadem-hastanesi-dis-tedavim-19-mart-2019-sali-deneyimim-is-tamamlandi\/\" data-type=\"page\" data-id=\"991\">\u0130stanbul\u2019daki Ac\u0131badem Hastanesinde di\u015f tedavim<\/a><\/li>\n<li><a href=\"https:\/\/medicaltravel.at\/tr\/hasta-hikayeleri\/erfahrungsberichte-behandlungen-tuerkei\/istanbulda-sac-ekimi-deneyim-raporu-15-subat-2019-cuma-tarihli-rapor-2\/\" data-type=\"page\" data-id=\"993\">\u0130STANBUL\u2019DA SA\u00c7 EK\u0130M\u0130 \u2013 DENEY\u0130M RAPORU<\/a><\/li>\n<li><a href=\"https:\/\/medicaltravel.at\/tr\/hasta-hikayeleri\/erfahrungsberichte-behandlungen-tuerkei\/istanbulda-goegues-bueyuetme-deneyim-raporu-tuerkiye-05-subat-2019-sali-tarihli-rapor\/\" data-type=\"page\" data-id=\"995\">\u0130STANBUL, T\u00dcRK\u0130YE\u2019DE G\u00d6\u011e\u00dcS B\u00dcY\u00dcTME \u2013 DENEY\u0130M RAPORU<\/a><\/li>\n<li><a href=\"https:\/\/medicaltravel.at\/tr\/hasta-hikayeleri\/erfahrungsberichte-behandlungen-tuerkei\/istanbulda-burun-ameliyatim-tuerkiye-hasta-deneyimi-13-kasim-2018-sali-guenue-yazilmis-rapor\/\" data-type=\"page\" data-id=\"997\">\u0130STANBUL, T\u00dcRK\u0130YE\u2019DE BURUN AMEL\u0130YATIM \u2013 HASTA DENEY\u0130M\u0130<\/a><\/li>\n<li><a href=\"https:\/\/medicaltravel.at\/tr\/hasta-hikayeleri\/erfahrungsberichte-behandlungen-tuerkei\/istanbuldaki-dis-tedavim-deneyim-raporu-12-kasim-2018-pazartesi-deneyimim\/\" data-type=\"page\" data-id=\"999\">\u0130STANBUL\u2019DA D\u0130\u015e TEDAV\u0130M \u2013 DENEY\u0130M RAPORU<\/a><\/li>\n<li><a href=\"https:\/\/medicaltravel.at\/tr\/hasta-hikayeleri\/erfahrungsberichte-behandlungen-tuerkei\/istanbulda-goez-kapagi-germe-ve-kendi-yagimin-enjeksiyonu-13-haziran-2018-carsamba-tarihli-rapor\/\" data-type=\"page\" data-id=\"1001\">\u0130stanbul\u2019da g\u00f6z kapa\u011f\u0131 germe ve kendi ya\u011f\u0131m\u0131n enjeksiyonu<\/a><\/li>\n<li><a href=\"https:\/\/medicaltravel.at\/tr\/hasta-hikayeleri\/erfahrungsberichte-behandlungen-tuerkei\/istanbulda-meme-implanti-ameliyatim-31-mart-2018-cumartesi-tarihli-rapor\/\" data-type=\"page\" data-id=\"1003\">\u0130STANBUL\u2019DA G\u00d6\u011e\u00dcS \u0130MPLANTI AMEL\u0130YATIM<\/a><\/li>\n<li><a href=\"https:\/\/medicaltravel.at\/tr\/hasta-hikayeleri\/erfahrungsberichte-behandlungen-tuerkei\/agrilar-gecer-sonuc-kalir-carsamba-28-subat-2018-tarihli-deneyim-yazisi\/\" data-type=\"page\" data-id=\"1005\">A\u011eRILAR GE\u00c7ER; SONU\u00c7 KALIR<\/a><\/li>\n<li><a href=\"https:\/\/medicaltravel.at\/tr\/hasta-hikayeleri\/erfahrungsberichte-behandlungen-tuerkei\/sac-ekimi-deneyimim-istanbul-09-subat-2018-cuma-guenue-raporu\/\" data-type=\"page\" data-id=\"1007\">\u0130STANBUL\u2019DA SA\u00c7 EK\u0130M\u0130 DENEY\u0130M\u0130M<\/a><\/li>\n<li><a href=\"https:\/\/medicaltravel.at\/tr\/hasta-hikayeleri\/erfahrungsberichte-behandlungen-tuerkei\/istanbuldaki-kaplama-disler-sayesinde-sonunda-yeniden-gueluemsueyorum-7-subat-2018-carsamba-tarihli-rapor\/\" data-type=\"page\" data-id=\"1009\">\u0130STANBUL\u2019DA VENEER SAYES\u0130NDE ARTIK YEN\u0130DEN G\u00dcLEB\u0130L\u0130YORUM<\/a><\/li>\n<li><a href=\"https:\/\/medicaltravel.at\/tr\/hasta-hikayeleri\/erfahrungsberichte-behandlungen-tuerkei\/istanbuldaki-dis-kaplama-tedavim-07-subat-2018-carsamba-guenue-deneyimim\/\" data-type=\"page\" data-id=\"1011\">\u0130stanbul&#8217; daki di\u015f kaplama tedavim<\/a><\/li>\n<li><a href=\"https:\/\/medicaltravel.at\/tr\/hasta-hikayeleri\/erfahrungsberichte-behandlungen-tuerkei\/istanbulda-liposuction-aksiyonum-05-subat-2018-pazartesi-guenue-yazilmis-deneyim-yazisi\/\" data-type=\"page\" data-id=\"1013\">\u0130STANBUL\u2019DA L\u0130POSUCT\u0130ON AMEL\u0130YATIM<\/a><\/li>\n<li><a href=\"https:\/\/medicaltravel.at\/tr\/hasta-hikayeleri\/erfahrungsberichte-behandlungen-tuerkei\/istanbulda-goez-kapagi-duezeltme-deneyimim-19-aralik-2017-sali-tarihli-rapor\/\" data-type=\"page\" data-id=\"1015\">BODRUM\u2019DA G\u00d6Z KAPA\u011eI D\u00dcZELTME AMEL\u0130YATIM<\/a><\/li>\n<li><a href=\"https:\/\/medicaltravel.at\/tr\/hasta-hikayeleri\/erfahrungsberichte-behandlungen-tuerkei\/istanbulda-meme-ameliyatim-30-kasim-2017-persembe-tarihli-rapor\/\" data-type=\"page\" data-id=\"1017\">\u0130STANBUL\u2019DA G\u00d6\u011e\u00dcS AMEL\u0130YATIM<\/a><\/li>\n<li><a href=\"https:\/\/medicaltravel.at\/tr\/hasta-hikayeleri\/erfahrungsberichte-behandlungen-tuerkei\/yuez-tedavim-kendi-yagim-ve-peeling-ekim-2017-24-kasim-2017-cuma-tarihli-rapor\/\" data-type=\"page\" data-id=\"1019\">Y\u00fcz tedavim (ya\u011f enjeksiyonu ve peeling)<\/a><\/li>\n<li><a href=\"https:\/\/medicaltravel.at\/tr\/hasta-hikayeleri\/erfahrungsberichte-behandlungen-tuerkei\/dis-korkusu-mu-istanbulda-bunu-unutun-07-kasim-2017-sali-tarihli-rapor\/\" data-type=\"page\" data-id=\"1021\">D\u0130\u015e HEK\u0130M\u0130 KORKUSU MU? \u0130STANBUL\u2019DA ONU UNUT! <\/a><\/li>\n<li><a href=\"https:\/\/medicaltravel.at\/tr\/hasta-hikayeleri\/erfahrungsberichte-behandlungen-tuerkei\/istanbuldaki-dis-kaplama-tedavimden-tamamen-memnun-kaldim-12-ekim-2017-persembe-deneyimim\/\" data-type=\"page\" data-id=\"1023\">\u0130stanbul&#8217;daki di\u015f kaplama tedavimden tamamen memnun kald\u0131m!<\/a><\/li>\n<li><a href=\"https:\/\/medicaltravel.at\/tr\/hasta-hikayeleri\/erfahrungsberichte-behandlungen-tuerkei\/hasta-raporu-dis-duezeltme-antalya-11-eyluel-2017-pazartesi-tarihli-rapor\/\" data-type=\"page\" data-id=\"1025\">Di\u015f d\u00fczeltme tedavisi deneyimim Antalya<\/a><\/li>\n<li><a href=\"https:\/\/medicaltravel.at\/tr\/hasta-hikayeleri\/erfahrungsberichte-behandlungen-tuerkei\/istanbulda-burun-duezeltme-ameliyatim-tuerkiye-04-eyluel-2017-pazartesi-guenue-yazilmis-deneyim-yazisi\/\" data-type=\"page\" data-id=\"1027\">\u0130STANBUL, T\u00dcRK\u0130YE\u2019DE BURUN D\u00dcZELTME AMEL\u0130YATIM<\/a><\/li>\n<li><a href=\"https:\/\/medicaltravel.at\/tr\/hasta-hikayeleri\/erfahrungsberichte-behandlungen-tuerkei\/istanbulda-dis-kaplama-tedavim-02-eyluel-2017-cumartesi-guenue-yazilmis-deneyim-yazisi\/\" data-type=\"page\" data-id=\"1029\">\u0130STANBUL\u2019DA KORONA TEDAV\u0130M<\/a><\/li>\n<li><a href=\"https:\/\/medicaltravel.at\/tr\/hasta-hikayeleri\/erfahrungsberichte-behandlungen-tuerkei\/istanbuldaki-dis-kaplamasi-tedavim-09-temmuz-2017-pazar-guenue-deneyimim\/\" data-type=\"page\" data-id=\"1031\">\u0130STANBUL\u2019DA D\u0130\u015e KAPLAMA TEDAV\u0130M<br><br><\/a><\/li>\n<li><a href=\"https:\/\/medicaltravel.at\/tr\/hasta-hikayeleri\/erfahrungsberichte-behandlungen-tuerkei\/goez-kapagi-germe-deneyim-raporu-istanbul-nisan-2017-23-mayis-2017-sali-tarihli-rapor\/\" data-type=\"page\" data-id=\"1033\">G\u00f6z kapa\u011f\u0131 germe tedavisi deneyimim \u0130stanbul<\/a><\/li>\n<li><a href=\"https:\/\/medicaltravel.at\/tr\/hasta-hikayeleri\/erfahrungsberichte-behandlungen-tuerkei\/iki-kitada-bulunan-sehirdeki-meme-ameliyatim-27-nisan-2017-persembe-tarihli-rapor\/\" data-type=\"page\" data-id=\"1036\">\u0130ki k\u0131tal\u0131 \u015fehirde g\u00f6\u011f\u00fcs ameliyat\u0131m<\/a><\/li>\n<li><a href=\"https:\/\/medicaltravel.at\/tr\/hasta-hikayeleri\/erfahrungsberichte-behandlungen-tuerkei\/istanbulda-tam-dis-tedavim-tamamen-muekemmel-07-subat-2017-sali-guenue-yazilmis-deneyim-yazisi\/\" data-type=\"page\" data-id=\"1038\">\u0130STANBUL\u2019DA TAM D\u0130\u015e TEDAV\u0130M, TAMAMEN M\u00dcKEMMEL!<\/a><\/li>\n<li><a href=\"https:\/\/medicaltravel.at\/tr\/hasta-hikayeleri\/erfahrungsberichte-behandlungen-tuerkei\/istanbul-tuerkiyede-meme-tedavim-25-ocak-2017-carsamba-tarihli-rapor\/\" data-type=\"page\" data-id=\"1040\">\u0130STANBUL, T\u00dcRK\u0130YE\u2019DE G\u00d6\u011e\u00dcS TEDAV\u0130M<\/a><\/li>\n<li><a href=\"https:\/\/medicaltravel.at\/tr\/hasta-hikayeleri\/erfahrungsberichte-behandlungen-tuerkei\/istanbulda-sac-ekimi-deneyim-raporu-28-aralik-2016-carsamba-tarihli-rapor\/\" data-type=\"page\" data-id=\"1042\">\u0130stanbulda sa\u00e7 ekimi deneyimim<\/a><\/li>\n<li><a href=\"https:\/\/medicaltravel.at\/tr\/hasta-hikayeleri\/erfahrungsberichte-behandlungen-tuerkei\/istanbulda-burun-ameliyatim-tuerkiye-burun-ameliyati-deneyimi-03-kasim-2016-persembe-guenue-yazilmis-deneyim-yazisi\/\" data-type=\"page\" data-id=\"1044\">\u0130STANBUL\u2019DA BURUN TEDAV\u0130M \u2013 BURUN AMEL\u0130YATI DENEY\u0130M RAPORU T\u00dcRK\u0130YE<\/a><\/li>\n<li><a href=\"https:\/\/medicaltravel.at\/tr\/hasta-hikayeleri\/erfahrungsberichte-behandlungen-tuerkei\/antalyada-goez-kapagi-germe-deneyim-raporu-31-ekim-2016-pazartesi-guenue-raporu\/\" data-type=\"page\" data-id=\"1047\">ANTALYA\u2019DA G\u00d6Z KAPA\u011eI GERME \u2013 DENEY\u0130M RAPORU<\/a><\/li>\n<li><a href=\"https:\/\/medicaltravel.at\/tr\/hasta-hikayeleri\/erfahrungsberichte-behandlungen-tuerkei\/bir-kadin-olarak-istanbulda-sac-ekimi-deneyimi-03-eyluel-2016-cumartesi-guenue-yazilmis-deneyim-yazisi\/\" data-type=\"page\" data-id=\"1049\">\u0130STANBUL\u2019DA KADIN OLARAK SA\u00c7 EK\u0130M\u0130M<\/a><\/li>\n<li><a href=\"https:\/\/medicaltravel.at\/tr\/hasta-hikayeleri\/erfahrungsberichte-behandlungen-tuerkei\/istanbulu-son-zamanlarda-nasil-yasadim-carsamba-03-agustos-2016-tarihli-rapor\/\" data-type=\"page\" data-id=\"1051\">\u0130STANBUL\u2019U SON ZAMANLARDA NASIL YA\u015eADIM?<\/a><\/li>\n<li><a href=\"https:\/\/medicaltravel.at\/tr\/hasta-hikayeleri\/erfahrungsberichte-behandlungen-tuerkei\/istanbulda-burun-ameliyati-deneyim-raporu-30-mayis-2016-pazartesi-tarihli-rapor\/\" data-type=\"page\" data-id=\"1053\">DENEY\u0130M RAPORU: \u0130STANBUL\u2019DA BURUN AMEL\u0130YATIM<\/a><\/li>\n<li><a href=\"https:\/\/medicaltravel.at\/tr\/hasta-hikayeleri\/erfahrungsberichte-behandlungen-tuerkei\/istanbulda-meme-ameliyatim-deneyimim-26-mayis-2016-persembe-tarihli-rapor\/\" data-type=\"page\" data-id=\"1055\">\u0130STANBUL\u2019DA G\u00d6\u011e\u00dcS AMEL\u0130YATIM \u0130\u00c7\u0130N DENEY\u0130M\u0130M<\/a><\/li>\n<li><a href=\"https:\/\/medicaltravel.at\/tr\/hasta-hikayeleri\/erfahrungsberichte-behandlungen-tuerkei\/hasta-raporu-istanbulda-meme-bueyuetme-carsamba-18-mayis-2016-tarihli-rapor\/\" data-type=\"page\" data-id=\"1057\">HASTA DENEY\u0130M\u0130 \u2013 \u0130STANBUL\u2019DA G\u00d6\u011e\u00dcS B\u00dcY\u00dcTME<\/a><\/li>\n<li><a href=\"https:\/\/medicaltravel.at\/tr\/hasta-hikayeleri\/erfahrungsberichte-behandlungen-tuerkei\/istanbulda-goegues-bueyuetme-deneyim-raporu-tuerkiye-12-mayis-2016-persembe-tarihli-rapor\/\" data-type=\"page\" data-id=\"1059\">Deneyim Raporu \u2013 \u0130stanbul, T\u00fcrkiye\u2019de g\u00f6\u011f\u00fcs b\u00fcy\u00fctme<\/a><\/li>\n<li><a href=\"https:\/\/medicaltravel.at\/tr\/hasta-hikayeleri\/erfahrungsberichte-behandlungen-tuerkei\/istanbulda-gercek-bir-prenses-muamelesi-goerduem-dis-duezeltme-tedavisi-istanbul-22-nisan-2016-cuma-guenue-raporu\/\" data-type=\"page\" data-id=\"1063\">\u0130stanbul\u2019da di\u015f tedavim<\/a><\/li>\n<li><a href=\"https:\/\/medicaltravel.at\/tr\/hasta-hikayeleri\/erfahrungsberichte-behandlungen-tuerkei\/meine-beiden-augen-und-ich-augenlasik-in-istanbul-bericht-vom-donnerstag-24-maerz-2016\/\" data-type=\"page\" data-id=\"1065\">\u0130stanbul\u2019da ger\u00e7ek bir prenses muamelesi g\u00f6rd\u00fcm<\/a><\/li>\n<li><a href=\"https:\/\/medicaltravel.at\/tr\/hasta-hikayeleri\/erfahrungsberichte-behandlungen-tuerkei\/istanbulda-sac-ekimi-deneyim-raporu-17-subat-2016-carsamba-tarihli-rapor\/\" data-type=\"page\" data-id=\"1067\">G\u00f6zlerim ve ben \u2013 \u0130stanbul\u2019da g\u00f6z lazeri<\/a><\/li>\n<li><a href=\"https:\/\/medicaltravel.at\/tr\/hasta-hikayeleri\/erfahrungsberichte-behandlungen-tuerkei\/hasta-raporu-istanbulda-fue-yoentemiyle-kisisel-sac-ekimi-cuma-08-ocak-2016-tarihli-rapor\/\" data-type=\"page\" data-id=\"1069\">Deneyim Raporu \u2013 \u0130stanbul\u2019da kendi sa\u00e7\u0131m\u0131n nakli<\/a><\/li>\n<li><a href=\"https:\/\/medicaltravel.at\/tr\/hasta-hikayeleri\/erfahrungsberichte-behandlungen-tuerkei\/hasta-deneyimi-istanbuldaki-goegues-bueyuetme-ameliyatim-carsamba-06-ocak-2016-tarihli-deneyim-yazisi\/\" data-type=\"page\" data-id=\"1071\">HASTA DENEY\u0130M\u0130 \u2013 \u0130STANBUL\u2019DA FUE Y\u00d6NTEM\u0130YLE KEND\u0130 SA\u00c7 NAKL\u0130<\/a><\/li>\n<li><a href=\"https:\/\/medicaltravel.at\/tr\/hasta-hikayeleri\/erfahrungsberichte-behandlungen-tuerkei\/goezlerim-ve-ben-istanbulda-kendi-sacimin-nakli-nasil-gecti-carsamba-06-ocak-2016-tarihli-rapor\/\" data-type=\"page\" data-id=\"1073\">DENEY\u0130M RAPORU: \u0130stanbul\u2019da G\u00f6\u011f\u00fcs B\u00fcy\u00fctme Ameliyat\u0131m<\/a><\/li>\n<li><a href=\"https:\/\/medicaltravel.at\/tr\/hasta-hikayeleri\/erfahrungsberichte-behandlungen-tuerkei\/istanbul-tuerkiyede-goegues-bueyuetme-hasta-deneyimi-04-aralik-2015-cuma-deneyimim\/\" data-type=\"page\" data-id=\"1075\">G\u00f6zlerim ve ben \u2013 \u0130stanbul\u2019da kendi sa\u00e7\u0131m\u0131n nakli nas\u0131l ge\u00e7ti<\/a><\/li>\n<li><a href=\"https:\/\/medicaltravel.at\/tr\/hasta-hikayeleri\/erfahrungsberichte-behandlungen-tuerkei\/hasta-yorumu-istanbulda-kisisel-sac-ekimi-cuma-13-kasim-2015-tarihli-rapor\/\" data-type=\"page\" data-id=\"1077\">HASTA DENEY\u0130M\u0130 G\u00d6\u011e\u00dcS B\u00dcY\u00dcTME \u0130STANBUL, T\u00dcRK\u0130YE<\/a><\/li>\n<li><a href=\"https:\/\/medicaltravel.at\/tr\/hasta-hikayeleri\/erfahrungsberichte-behandlungen-tuerkei\/istanbulda-dis-tedavisi-ve-implant-deneyim-raporu-10-kasim-2015-sali-tarihli-rapor\/\" data-type=\"page\" data-id=\"1079\">Hasta Yorumu \u2013 \u0130stanbul\u2019da kendi sa\u00e7 naklim<\/a><\/li>\n<li><a href=\"https:\/\/medicaltravel.at\/tr\/hasta-hikayeleri\/erfahrungsberichte-behandlungen-tuerkei\/istanbulda-dis-tedavisi-ve-implant-deneyim-raporu-10-kasim-2015-sali-tarihli-rapor\/\" data-type=\"page\" data-id=\"1079\">Deneyim raporu di\u015f tedavisi \u2013 \u0130mplant \u0130stanbul<\/a><\/li>\n<li><a href=\"https:\/\/medicaltravel.at\/tr\/hasta-hikayeleri\/erfahrungsberichte-behandlungen-tuerkei\/istanbulda-dis-tedavisi-deneyimim-31-ekim-2015-cumartesi-tarihli-rapor\/\" data-type=\"page\" data-id=\"1081\">Deneyim Raporum \u0130stanbul\u2019da di\u015f tedavim<\/a><\/li>\n<li><a href=\"https:\/\/medicaltravel.at\/tr\/hasta-hikayeleri\/erfahrungsberichte-behandlungen-tuerkei\/istanbulda-medicaltravel-ile-yaptirdigim-fue-sac-ekimi-deneyimim-carsamba-28-ekim-2015-tarihli-rapor\/\" data-type=\"page\" data-id=\"1083\">Deneyim Raporum \u0130stanbul\u2019da MedicalTravel ile FUE sa\u00e7 ekimim<\/a><\/li>\n<li><a href=\"https:\/\/medicaltravel.at\/tr\/hasta-hikayeleri\/erfahrungsberichte-behandlungen-tuerkei\/hasta-raporu-tuerkiyede-meme-bueyuetme-ameliyatim-carsamba-16-eyluel-2015-tarihli-rapor\/\" data-type=\"page\" data-id=\"1085\">Hasta Deneyimi \u2013 T\u00fcrkiye\u2019de G\u00f6\u011f\u00fcs B\u00fcy\u00fctme Ameliyat\u0131m<\/a><\/li>\n<li><a href=\"https:\/\/medicaltravel.at\/tr\/hasta-hikayeleri\/erfahrungsberichte-behandlungen-tuerkei\/istanbulda-meme-diklestirme-ameliyatim-nisan-2015-27-agustos-2015-persembe-tarihli-rapor\/\" data-type=\"page\" data-id=\"1087\">\u0130stanbul\u2019da G\u00f6\u011f\u00fcs Dikle\u015ftirme Ameliyat\u0131m<\/a><\/li>\n<li><a href=\"https:\/\/medicaltravel.at\/tr\/hasta-hikayeleri\/erfahrungsberichte-behandlungen-tuerkei\/istanbulda-sac-ekimi-deneyim-raporu-tuerkiye-10-agustos-2015-pazartesi-tarihli-rapor\/\" data-type=\"page\" data-id=\"1089\">Deneyim raporu kendi sa\u00e7 naklim \u0130stanbul, T\u00fcrkiye<\/a><\/li>\n<li><a href=\"https:\/\/medicaltravel.at\/tr\/hasta-hikayeleri\/erfahrungsberichte-behandlungen-tuerkei\/istanbulda-dis-duezeltme-islemi-icin-muekemmel-organizasyon-ve-destek-23-haziran-2015-sali-tarihli-rapor\/\" data-type=\"page\" data-id=\"1091\">M\u00fckemmel organizasyon ve ilgi \u0130stanbul\u2019daki di\u015f d\u00fczeltme tedavim i\u00e7in<\/a><\/li>\n<\/ul>\t\t\t\t\t\t\t\t<\/div>\n\t\t\t\t\t<\/div>\n\t\t\t\t<\/div>\n\t\t\t\t<\/div>\n\t\t","protected":false},"excerpt":{"rendered":"<p>G\u00f6r\u00fc\u015f Raporlar\u0131 G\u00f6r\u00fc\u015f Raporlar\u0131 2012 2011 Y\u0131l\u0131 Hasta Raporlar\u0131 2009-2010 Y\u0131llar\u0131 Aras\u0131 Hasta Raporlar\u0131 2007 Y\u0131l\u0131 Hasta Raporlar\u0131 Eski Hasta Raporlar\u0131 G\u00f6r\u00fc\u015f Raporlar\u0131 Antalya\u2019daki di\u015f tedavisiyle ilgili de\u011ferlendirmem \u0130stanbul\u2019da di\u015f tedavisiyle ilgili deneyim raporu \u0130stanbul\u2019daki Ac\u0131badem Hastanesinde di\u015f tedavim \u0130STANBUL\u2019DA SA\u00c7 EK\u0130M\u0130 \u2013 DENEY\u0130M RAPORU \u0130STANBUL, T\u00dcRK\u0130YE\u2019DE G\u00d6\u011e\u00dcS B\u00dcY\u00dcTME \u2013 DENEY\u0130M RAPORU \u0130STANBUL, T\u00dcRK\u0130YE\u2019DE BURUN AMEL\u0130YATIM \u2013 HASTA DENEY\u0130M\u0130 \u0130STANBUL\u2019DA D\u0130\u015e TEDAV\u0130M \u2013 DENEY\u0130M RAPORU \u0130stanbul\u2019da g\u00f6z kapa\u011f\u0131 germe ve kendi ya\u011f\u0131m\u0131n enjeksiyonu \u0130STANBUL\u2019DA G\u00d6\u011e\u00dcS \u0130MPLANTI AMEL\u0130YATIM A\u011eRILAR GE\u00c7ER; SONU\u00c7 KALIR \u0130STANBUL\u2019DA SA\u00c7 EK\u0130M\u0130 DENEY\u0130M\u0130M \u0130STANBUL\u2019DA VENEER SAYES\u0130NDE ARTIK YEN\u0130DEN G\u00dcLEB\u0130L\u0130YORUM \u0130stanbul&#8217; daki di\u015f kaplama tedavim \u0130STANBUL\u2019DA L\u0130POSUCT\u0130ON AMEL\u0130YATIM BODRUM\u2019DA G\u00d6Z KAPA\u011eI D\u00dcZELTME AMEL\u0130YATIM \u0130STANBUL\u2019DA G\u00d6\u011e\u00dcS AMEL\u0130YATIM Y\u00fcz tedavim (ya\u011f enjeksiyonu ve peeling) D\u0130\u015e HEK\u0130M\u0130 KORKUSU MU? \u0130STANBUL\u2019DA ONU UNUT! \u0130stanbul&#8217;daki di\u015f kaplama tedavimden tamamen memnun kald\u0131m! Di\u015f d\u00fczeltme tedavisi deneyimim Antalya \u0130STANBUL, T\u00dcRK\u0130YE\u2019DE BURUN D\u00dcZELTME AMEL\u0130YATIM \u0130STANBUL\u2019DA KORONA TEDAV\u0130M \u0130STANBUL\u2019DA D\u0130\u015e KAPLAMA TEDAV\u0130M G\u00f6z kapa\u011f\u0131 germe tedavisi deneyimim \u0130stanbul \u0130ki k\u0131tal\u0131 \u015fehirde g\u00f6\u011f\u00fcs ameliyat\u0131m \u0130STANBUL\u2019DA TAM D\u0130\u015e TEDAV\u0130M, TAMAMEN M\u00dcKEMMEL! \u0130STANBUL, T\u00dcRK\u0130YE\u2019DE G\u00d6\u011e\u00dcS TEDAV\u0130M \u0130stanbulda sa\u00e7 ekimi deneyimim \u0130STANBUL\u2019DA BURUN TEDAV\u0130M \u2013 BURUN AMEL\u0130YATI DENEY\u0130M RAPORU T\u00dcRK\u0130YE ANTALYA\u2019DA G\u00d6Z KAPA\u011eI GERME \u2013 DENEY\u0130M RAPORU \u0130STANBUL\u2019DA KADIN OLARAK SA\u00c7 EK\u0130M\u0130M \u0130STANBUL\u2019U SON ZAMANLARDA NASIL YA\u015eADIM? DENEY\u0130M RAPORU: \u0130STANBUL\u2019DA BURUN AMEL\u0130YATIM \u0130STANBUL\u2019DA G\u00d6\u011e\u00dcS AMEL\u0130YATIM \u0130\u00c7\u0130N DENEY\u0130M\u0130M HASTA DENEY\u0130M\u0130 \u2013 \u0130STANBUL\u2019DA G\u00d6\u011e\u00dcS B\u00dcY\u00dcTME Deneyim Raporu \u2013 \u0130stanbul, T\u00fcrkiye\u2019de g\u00f6\u011f\u00fcs b\u00fcy\u00fctme \u0130stanbul\u2019da di\u015f tedavim \u0130stanbul\u2019da ger\u00e7ek bir prenses muamelesi g\u00f6rd\u00fcm G\u00f6zlerim ve ben \u2013 \u0130stanbul\u2019da g\u00f6z lazeri Deneyim Raporu \u2013 \u0130stanbul\u2019da kendi sa\u00e7\u0131m\u0131n nakli HASTA DENEY\u0130M\u0130 \u2013 \u0130STANBUL\u2019DA FUE Y\u00d6NTEM\u0130YLE KEND\u0130 SA\u00c7 NAKL\u0130 DENEY\u0130M RAPORU: \u0130stanbul\u2019da G\u00f6\u011f\u00fcs B\u00fcy\u00fctme Ameliyat\u0131m G\u00f6zlerim ve ben \u2013 \u0130stanbul\u2019da kendi sa\u00e7\u0131m\u0131n nakli nas\u0131l ge\u00e7ti HASTA DENEY\u0130M\u0130 G\u00d6\u011e\u00dcS B\u00dcY\u00dcTME \u0130STANBUL, T\u00dcRK\u0130YE Hasta Yorumu \u2013 \u0130stanbul\u2019da kendi sa\u00e7 naklim Deneyim raporu di\u015f tedavisi \u2013 \u0130mplant \u0130stanbul Deneyim Raporum \u0130stanbul\u2019da di\u015f tedavim Deneyim Raporum \u0130stanbul\u2019da MedicalTravel ile FUE sa\u00e7 ekimim Hasta Deneyimi \u2013 T\u00fcrkiye\u2019de G\u00f6\u011f\u00fcs B\u00fcy\u00fctme Ameliyat\u0131m \u0130stanbul\u2019da G\u00f6\u011f\u00fcs Dikle\u015ftirme Ameliyat\u0131m Deneyim raporu kendi sa\u00e7 naklim \u0130stanbul, T\u00fcrkiye M\u00fckemmel organizasyon ve ilgi \u0130stanbul\u2019daki di\u015f d\u00fczeltme tedavim i\u00e7in<\/p>\n","protected":false},"author":4,"featured_media":0,"parent":4237,"menu_order":0,"comment_status":"closed","ping_status":"closed","template":"","meta":{"_joinchat":[],"footnotes":""},"class_list":["post-4603","page","type-page","status-publish","hentry"],"acf":[],"_links":{"self":[{"href":"https:\/\/medicaltravel.at\/tr\/wp-json\/wp\/v2\/pages\/4603","targetHints":{"allow":["GET"]}}],"collection":[{"href":"https:\/\/medicaltravel.at\/tr\/wp-json\/wp\/v2\/pages"}],"about":[{"href":"https:\/\/medicaltravel.at\/tr\/wp-json\/wp\/v2\/types\/page"}],"author":[{"embeddable":true,"href":"https:\/\/medicaltravel.at\/tr\/wp-json\/wp\/v2\/users\/4"}],"replies":[{"embeddable":true,"href":"https:\/\/medicaltravel.at\/tr\/wp-json\/wp\/v2\/comments?post=4603"}],"version-history":[{"count":5,"href":"https:\/\/medicaltravel.at\/tr\/wp-json\/wp\/v2\/pages\/4603\/revisions"}],"predecessor-version":[{"id":5541,"href":"https:\/\/medicaltravel.at\/tr\/wp-json\/wp\/v2\/pages\/4603\/revisions\/5541"}],"up":[{"embeddable":true,"href":"https:\/\/medicaltravel.at\/tr\/wp-json\/wp\/v2\/pages\/4237"}],"wp:attachment":[{"href":"https:\/\/medicaltravel.at\/tr\/wp-json\/wp\/v2\/media?parent=4603"}],"curies":[{"name":"wp","href":"https:\/\/api.w.org\/{rel}","templated":true}]}}