{"id":4601,"date":"2025-09-28T09:25:53","date_gmt":"2025-09-28T08:25:53","guid":{"rendered":"https:\/\/medicaltravel.at\/hasta-hikayeleri\/goerues-raporlari-2012\/noeli-biraz-farkli-yasamak-21-ocak-2013-pazartesi-tarihli-rapor\/"},"modified":"2026-01-13T14:59:00","modified_gmt":"2026-01-13T13:59:00","slug":"noeli-biraz-farkli-yasamak-21-ocak-2013-pazartesi-tarihli-rapor","status":"publish","type":"page","link":"https:\/\/medicaltravel.at\/tr\/hasta-hikayeleri\/goerues-raporlari-2012\/noeli-biraz-farkli-yasamak-21-ocak-2013-pazartesi-tarihli-rapor\/","title":{"rendered":"Noel\u2019i biraz farkl\u0131 ya\u015famak \u2013 21 Ocak 2013 Pazartesi Tarihli Rapor"},"content":{"rendered":"\n<p><strong>Noel\u2019i biraz farkl\u0131 ya\u015famak<\/strong> \u2013 21 Ocak 2013 Pazartesi Tarihli Rapor<\/p>\n\n<p>20 Ocak 2013 Farkl\u0131 bir Noel Yakla\u015f\u0131k d\u00f6rt y\u0131l \u00f6nce, karde\u015fim SwissLasik arac\u0131l\u0131\u011f\u0131yla organize edilen lazer ameliyat\u0131 oldu. O zamandan beri, ben de ayn\u0131 \u015feyi yapmay\u0131 d\u00fc\u015f\u00fcnd\u00fcm. 2012 y\u0131l\u0131na gelindi\u011finde bu konu tekrar g\u00fcndeme geldi ve bu ad\u0131m\u0131 atmaya karar verdim. Ameliyat ve SwissLasik hakk\u0131nda bilgi toplamaya ba\u015flad\u0131m ve organizat\u00f6r Bay Serdar Karaagacli ile ileti\u015fime ge\u00e7tim. Ameliyata kadar Bay Karaagacli, e-postalar\u0131ma her zaman h\u0131zl\u0131 ve tam olarak tatmin edici \u015fekilde yan\u0131t verdi. Ameliyat\u0131 25 Aral\u0131k 2012 tarihinde yapt\u0131rmaya karar verdim. Premium paket \u00fczerinden her \u015fey SwissLasik taraf\u0131ndan organize edildi. B\u00f6ylece g\u00f6z ameliyat\u0131na odaklanabildim. Ameliyattan ve seyahati ayarlamadan \u00f6nce, sonbaharda Arbon\u2019daki g\u00f6z doktoruna \u00f6n muayene i\u00e7in gittim. Muayene, bir Lasik Lasek i\u015fleminin m\u00fcmk\u00fcn olup olmad\u0131\u011f\u0131n\u0131 g\u00f6steren baz\u0131 testleri i\u00e7eriyordu. G\u00f6z doktoru onay\u0131 verdi ve t\u00fcm sonu\u00e7lar\u0131 SwissLasik\u2019e iletti. \u00d6n muayeneyi, emin olmak isteyen ki\u015filere kesinlikle tavsiye ederim. Lazer ameliyat\u0131 karar\u0131mdan sonra \u00e7evremdeki insanlar yava\u015f yava\u015f durumu \u00f6\u011frendi. Baz\u0131lar\u0131 ameliyat\u0131n yap\u0131laca\u011f\u0131 yer konusunda \u00e7ok \u015fa\u015f\u0131rd\u0131, korktu veya hatta \u015fok oldu. \u00d6n yarg\u0131lar ve \u015f\u00fcpheler vard\u0131 ama ben bundan etkilenmedim. Bu tepkileri insanlar\u0131n bilgisizli\u011fine ve medyadan g\u00f6rd\u00fc\u011f\u00fcm\u00fcz deneyimlere ba\u011fl\u0131yorum. \u0130lgin\u00e7 olan her zaman i\u015fe yaramayan ve ba\u015far\u0131s\u0131z olan \u015feylerdir. Burada bunu \u00f6zellikle belirtmek istedim, \u00f6n yarg\u0131lara kap\u0131lm\u0131\u015f ve onlardan kurtulmak isteyen herkes i\u00e7in. Elbette b\u00f6yle bir i\u015flemde her zaman bir \u015feyler olabilir, di\u011fer ameliyatlar gibi bir risk her zaman vard\u0131r, \u0130svi\u00e7re\u2019de veya ba\u015fka bir yerde olsun fark etmez. Ayr\u0131ca, en iyi sonucu almak i\u00e7in kendi katk\u0131n\u0131z\u0131 da vermeniz gerekir, \u00f6rne\u011fin uzmanlar\u0131n talimatlar\u0131na uymak. Ameliyat motivasyonum temel olarak karde\u015fimin ba\u015far\u0131l\u0131 operasyon s\u00fcreciydi ve ben uzun s\u00fcredir g\u00f6zl\u00fck olmadan bir hayat istiyordum. Yeni bir ya\u015fam kalitesi d\u00fc\u015f\u00fcncesi benim i\u00e7in \u00e7ok \u00f6nemliydi. Sonu\u00e7 olarak, fiyat da \u00e7ok cazipti. \u0130ki ki\u015fi i\u00e7in ameliyat ve seyahat dahil toplam maliyet, \u0130svi\u00e7re\u2019de \u00f6deyece\u011fim miktar\u0131n yakla\u015f\u0131k \u00fc\u00e7te biri kadard\u0131. Ama \u00f6ncelikle kalite \u00e7ok \u00f6nemliydi. Heyecan, mutluluk ve biraz da endi\u015fe kar\u0131\u015f\u0131m\u0131 duygularla, 24 Aral\u0131k 2012\u2019de karde\u015fimle birlikte \u0130stanbul\u2019a gittik. \u0130stanbul Havaliman\u0131\u2019nda bizi \u015fof\u00f6r kar\u015f\u0131lad\u0131 ve \u015fehir trafi\u011finde Hotel Levent\u2019e g\u00f6t\u00fcrd\u00fc. Ertesi g\u00fcn, yani ger\u00e7ek g\u00fcn, sabah kararla\u015ft\u0131r\u0131lan saatte al\u0131nd\u0131k ve modern Acibadem Klinik\u2019e g\u00f6t\u00fcr\u00fcld\u00fck. Giri\u015fte \u00e7evirmen bizi kar\u015f\u0131lad\u0131 ve sonraki ad\u0131mlar\u0131 ayr\u0131nt\u0131l\u0131 olarak anlatt\u0131. Daha sonra baz\u0131 testler yap\u0131ld\u0131, t\u0131pk\u0131 \u0130svi\u00e7re\u2019deki \u00f6n muayenede oldu\u011fu gibi. Ard\u0131ndan Dr. Banu Cosar ile g\u00f6r\u00fc\u015ft\u00fcm ve akl\u0131mda kalan sorular\u0131 sorabildim. Ayr\u0131ca benden, -5 diyoptri g\u00f6zl\u00fckle zor olsa da, duvardaki b\u00fcy\u00fck harfleri g\u00f6zl\u00fcks\u00fcz okumam istendi. A\u00e7\u0131k\u00e7as\u0131 sadece duvardaki \u0131\u015f\u0131\u011f\u0131 g\u00f6rebildim, harfleri de\u011fil. \u00d6\u011fle \u00f6ncesinde testler tamamland\u0131. Her \u015fey \u00e7ok h\u0131zl\u0131 ilerledi. Doktorlar\u0131n testlerde g\u00f6sterdi\u011fi tempo ilk ba\u015fta beni biraz \u015fa\u015f\u0131rtt\u0131 ama testlerin do\u011fru yap\u0131lmad\u0131\u011f\u0131n\u0131 hi\u00e7 d\u00fc\u015f\u00fcnmedim. Tam tersine, her g\u00fcn bir\u00e7ok ameliyat yap\u0131ld\u0131\u011f\u0131 i\u00e7in deneyim \u00e7ok y\u00fcksekti ve personel \u00e7ok yetkin, dostane ve ilgiliydi. Ameliyat saatine kadar yak\u0131ndaki al\u0131\u015fveri\u015f merkezine gidip g\u00fczel \u015feyler bakacak kadar zaman\u0131m\u0131z vard\u0131. \u00c7evirmen bir taksi ayarlad\u0131 ve bizi oraya g\u00f6t\u00fcrd\u00fc. \u00c7evirmen sadece \u00e7evirmen de\u011fil, ayn\u0131 zamanda hastalar\u0131n randevular\u0131n\u0131 koordine ediyordu. \u00d6\u011fleden sonra, belirtilen saatte klini\u011fe geldik. Bir anla\u015fmay\u0131 okumam ve imzalamam gerekiyordu. Ameliyata \u00e7ok k\u0131sa bir s\u00fcre kala ve adrenalin doruktayken bunu yapmak biraz zordu. Daha sonra kendi iste\u011fimle sakinle\u015ftirici bir ila\u00e7 ald\u0131m. On dakikal\u0131k ameliyattan hemen \u00f6nce g\u00f6z damlalar\u0131 verildi, \u015f\u0131k bir ba\u015fl\u0131k, ameliyat \u00f6nl\u00fc\u011f\u00fc ve ayakkab\u0131 \u00f6rt\u00fcleri giydirildi. \u00d6n\u00fcmdeki ki\u015finin i\u015flemi bitmesini bekledim ve ard\u0131ndan ben ameliyat masas\u0131na yatt\u0131m. \u00c7evirmen yan\u0131mdayd\u0131 ve doktorun anlatt\u0131klar\u0131n\u0131 bana \u00e7evirdi. Tek g\u00f6revim rahat olmak ve k\u0131rm\u0131z\u0131 \u0131\u015f\u0131\u011fa bakmakt\u0131. G\u00f6z \u00e7evresi dezenfekte edilip steril hale getirildi. G\u00f6z kapa\u011f\u0131 sabitleyici ile g\u00f6z tamamen a\u00e7\u0131ld\u0131, g\u00f6z k\u0131rpmas\u0131 engellendi. G\u00f6z t\u00fcm ameliyat boyunca nemli tutuldu. Ard\u0131ndan as\u0131l i\u015flem ba\u015flad\u0131 ve ikinci g\u00f6zde de ayn\u0131 i\u015flem yap\u0131ld\u0131. \u0130\u015flem d\u00fc\u015f\u00fcnd\u00fc\u011f\u00fcmden h\u0131zl\u0131 bitti. \u00c7evirmenin yard\u0131m\u0131yla aya\u011fa kalkt\u0131m, koyu g\u00f6zl\u00fc\u011f\u00fcm\u00fc takt\u0131m ve karanl\u0131k bir odada kald\u0131m. Ameliyattan sonra g\u00f6zlerimi a\u00e7makta zorland\u0131m \u00e7\u00fcnk\u00fc sakinle\u015ftirici etkisi vard\u0131. Biraz sonra doktor taraf\u0131ndan bir kontrol yap\u0131ld\u0131. Benden karart\u0131lm\u0131\u015f g\u00f6zl\u00fc\u011f\u00fc \u00e7\u0131karmam ve duvardaki harfleri tekrar okumam istendi. Ve g\u00f6rd\u00fcm ki K harfi! B\u00fcy\u00fck ve kal\u0131n bir K harfi! K\u00fc\u00e7\u00fck harfleri de sorunsuz okuyabiliyordum. Ne kadar harika bir his! Otob\u00fcste otele giderken t\u00fcm yol boyunca uyudum. Otelde re\u00e7ete edilen g\u00f6z damlalar\u0131n\u0131 kulland\u0131m, bunlar\u0131 klinikte tam talimatlar\u0131yla vermi\u015flerdi. Ameliyattan sonra g\u00f6zlerim biraz kuru ve ka\u015f\u0131nt\u0131l\u0131 hissediyordu. D\u00f6rt saat g\u00f6zleri kapal\u0131 dinlendikten sonra bir \u015feyler yemek i\u00e7in d\u0131\u015far\u0131 \u00e7\u0131kt\u0131k. H\u00e2l\u00e2 biraz sendeleyerek y\u00fcr\u00fcyordum ve bakarken a\u011fr\u0131 vard\u0131. Bu y\u00fczden yan\u0131mda biri oldu\u011fu i\u00e7in \u00e7ok mutluydum. Ertesi g\u00fcn ve birka\u00e7 damla g\u00f6z damlas\u0131 sonras\u0131 tekrar kontrol yap\u0131ld\u0131. Doktorun raporu tamamen olumlu \u00e7\u0131kt\u0131. Gitmeden \u00f6nce g\u00f6zl\u00fc\u011f\u00fcm\u00fc nereye koyaca\u011f\u0131m\u0131 d\u00fc\u015f\u00fcnd\u00fcm, k\u0131r\u0131lmas\u0131n diye. Ama art\u0131k bu g\u00f6zl\u00fc\u011fe ihtiyac\u0131m yoktu, bir kamyon \u00e7arpm\u0131\u015f da olurdu fark etmezdi. Art\u0131k g\u00f6zl\u00fcks\u00fcz yeni hayata al\u0131\u015fmak gerekiyordu ve bu hi\u00e7 kolay de\u011fildi, \u00e7\u00fcnk\u00fc hayat\u0131m\u0131n yakla\u015f\u0131k \u00fc\u00e7te ikisinde g\u00f6rme yard\u0131m\u0131 kullanm\u0131\u015ft\u0131m. H\u00e2l\u00e2 g\u00fcnler sonra bile bazen g\u00f6zl\u00fc\u011f\u00fcm\u00fc d\u00fczeltme veya \u00e7\u0131karma ihtiyac\u0131 hissediyorum. Bu y\u0131llar i\u00e7inde al\u0131\u015fkanl\u0131k haline gelmi\u015f. Burada bir l\u00fcks sorundan bahsediyorum, l\u00fcks derken yeni bir ya\u015fam hissi anlam\u0131nda. Fabienne P.<\/p>\n\n<div class=\"wp-block-group is-layout-grid wp-container-core-group-is-layout-baef362d wp-block-group-is-layout-grid\">\n<p><a href=\"https:\/\/medicaltravel.at\/home\/agb\/\" data-type=\"page\" data-id=\"2191\"><\/a><a href=\"https:\/\/medicaltravel.at\/tr\/hasta-hikayeleri\/goerues-raporlari-2012\/swisslasik-deneyim-raporu-05-subat-2013-sali-tarihli-rapor\/\" data-type=\"link\" data-id=\"https:\/\/medicaltravel.at\/berichte-von-patienten\/erfahrungsberichte-2012\/erfahrungsbericht-swisslasik-bericht-vom-dienstag-05-februar-2013\/\">\u00d6nceki Rapor<\/a><\/p>\n\n\n\n<p class=\"has-text-align-right wp-container-content-5e2576f9\"><a href=\"https:\/\/medicaltravel.at\/home\/impressum\/\" data-type=\"page\" data-id=\"2193\"><\/a><a href=\"https:\/\/medicaltravel.at\/home\/berichte-von-patienten\/erfahrungsberichte\/erfahrungsbericht-zahnbehandlung-in-istanbul\/\" data-type=\"page\" data-id=\"981\"><\/a><a href=\"https:\/\/medicaltravel.at\/tr\/hasta-hikayeleri\/goerues-raporlari-2012\/en-yueksek-kalite-ve-hizmet-standardi-15-ocak-2013-sali-tarihli-rapor\/\" data-type=\"link\" data-id=\"https:\/\/medicaltravel.at\/berichte-von-patienten\/erfahrungsberichte-2012\/hoechster-standard-in-qualitaet-und-service-bericht-vom-dienstag-15-januar-2013\/\">Sonraki Rapor<\/a><\/p>\n<\/div>\n","protected":false},"excerpt":{"rendered":"<p>Noel\u2019i biraz farkl\u0131 ya\u015famak \u2013 21 Ocak 2013 Pazartesi Tarihli Rapor 20 Ocak 2013 Farkl\u0131 bir Noel Yakla\u015f\u0131k d\u00f6rt y\u0131l \u00f6nce, karde\u015fim SwissLasik arac\u0131l\u0131\u011f\u0131yla organize edilen lazer ameliyat\u0131 oldu. O zamandan beri, ben de ayn\u0131 \u015feyi yapmay\u0131 d\u00fc\u015f\u00fcnd\u00fcm. 2012 y\u0131l\u0131na gelindi\u011finde bu konu tekrar g\u00fcndeme geldi ve bu ad\u0131m\u0131 atmaya karar verdim. Ameliyat ve SwissLasik hakk\u0131nda bilgi toplamaya ba\u015flad\u0131m ve organizat\u00f6r Bay Serdar Karaagacli ile ileti\u015fime ge\u00e7tim. Ameliyata kadar Bay Karaagacli, e-postalar\u0131ma her zaman h\u0131zl\u0131 ve tam olarak tatmin edici \u015fekilde yan\u0131t verdi. Ameliyat\u0131 25 Aral\u0131k 2012 tarihinde yapt\u0131rmaya karar verdim. Premium paket \u00fczerinden her \u015fey SwissLasik taraf\u0131ndan organize edildi. B\u00f6ylece g\u00f6z ameliyat\u0131na odaklanabildim. Ameliyattan ve seyahati ayarlamadan \u00f6nce, sonbaharda Arbon\u2019daki g\u00f6z doktoruna \u00f6n muayene i\u00e7in gittim. Muayene, bir Lasik Lasek i\u015fleminin m\u00fcmk\u00fcn olup olmad\u0131\u011f\u0131n\u0131 g\u00f6steren baz\u0131 testleri i\u00e7eriyordu. G\u00f6z doktoru onay\u0131 verdi ve t\u00fcm sonu\u00e7lar\u0131 SwissLasik\u2019e iletti. \u00d6n muayeneyi, emin olmak isteyen ki\u015filere kesinlikle tavsiye ederim. Lazer ameliyat\u0131 karar\u0131mdan sonra \u00e7evremdeki insanlar yava\u015f yava\u015f durumu \u00f6\u011frendi. Baz\u0131lar\u0131 ameliyat\u0131n yap\u0131laca\u011f\u0131 yer konusunda \u00e7ok \u015fa\u015f\u0131rd\u0131, korktu veya hatta \u015fok oldu. \u00d6n yarg\u0131lar ve \u015f\u00fcpheler vard\u0131 ama ben bundan etkilenmedim. Bu tepkileri insanlar\u0131n bilgisizli\u011fine ve medyadan g\u00f6rd\u00fc\u011f\u00fcm\u00fcz deneyimlere ba\u011fl\u0131yorum. \u0130lgin\u00e7 olan her zaman i\u015fe yaramayan ve ba\u015far\u0131s\u0131z olan \u015feylerdir. Burada bunu \u00f6zellikle belirtmek istedim, \u00f6n yarg\u0131lara kap\u0131lm\u0131\u015f ve onlardan kurtulmak isteyen herkes i\u00e7in. Elbette b\u00f6yle bir i\u015flemde her zaman bir \u015feyler olabilir, di\u011fer ameliyatlar gibi bir risk her zaman vard\u0131r, \u0130svi\u00e7re\u2019de veya ba\u015fka bir yerde olsun fark etmez. Ayr\u0131ca, en iyi sonucu almak i\u00e7in kendi katk\u0131n\u0131z\u0131 da vermeniz gerekir, \u00f6rne\u011fin uzmanlar\u0131n talimatlar\u0131na uymak. Ameliyat motivasyonum temel olarak karde\u015fimin ba\u015far\u0131l\u0131 operasyon s\u00fcreciydi ve ben uzun s\u00fcredir g\u00f6zl\u00fck olmadan bir hayat istiyordum. Yeni bir ya\u015fam kalitesi d\u00fc\u015f\u00fcncesi benim i\u00e7in \u00e7ok \u00f6nemliydi. Sonu\u00e7 olarak, fiyat da \u00e7ok cazipti. \u0130ki ki\u015fi i\u00e7in ameliyat ve seyahat dahil toplam maliyet, \u0130svi\u00e7re\u2019de \u00f6deyece\u011fim miktar\u0131n yakla\u015f\u0131k \u00fc\u00e7te biri kadard\u0131. Ama \u00f6ncelikle kalite \u00e7ok \u00f6nemliydi. Heyecan, mutluluk ve biraz da endi\u015fe kar\u0131\u015f\u0131m\u0131 duygularla, 24 Aral\u0131k 2012\u2019de karde\u015fimle birlikte \u0130stanbul\u2019a gittik. \u0130stanbul Havaliman\u0131\u2019nda bizi \u015fof\u00f6r kar\u015f\u0131lad\u0131 ve \u015fehir trafi\u011finde Hotel Levent\u2019e g\u00f6t\u00fcrd\u00fc. Ertesi g\u00fcn, yani ger\u00e7ek g\u00fcn, sabah kararla\u015ft\u0131r\u0131lan saatte al\u0131nd\u0131k ve modern Acibadem Klinik\u2019e g\u00f6t\u00fcr\u00fcld\u00fck. Giri\u015fte \u00e7evirmen bizi kar\u015f\u0131lad\u0131 ve sonraki ad\u0131mlar\u0131 ayr\u0131nt\u0131l\u0131 olarak anlatt\u0131. Daha sonra baz\u0131 testler yap\u0131ld\u0131, t\u0131pk\u0131 \u0130svi\u00e7re\u2019deki \u00f6n muayenede oldu\u011fu gibi. Ard\u0131ndan Dr. Banu Cosar ile g\u00f6r\u00fc\u015ft\u00fcm ve akl\u0131mda kalan sorular\u0131 sorabildim. Ayr\u0131ca benden, -5 diyoptri g\u00f6zl\u00fckle zor olsa da, duvardaki b\u00fcy\u00fck harfleri g\u00f6zl\u00fcks\u00fcz okumam istendi. A\u00e7\u0131k\u00e7as\u0131 sadece duvardaki \u0131\u015f\u0131\u011f\u0131 g\u00f6rebildim, harfleri de\u011fil. \u00d6\u011fle \u00f6ncesinde testler tamamland\u0131. Her \u015fey \u00e7ok h\u0131zl\u0131 ilerledi. Doktorlar\u0131n testlerde g\u00f6sterdi\u011fi tempo ilk ba\u015fta beni biraz \u015fa\u015f\u0131rtt\u0131 ama testlerin do\u011fru yap\u0131lmad\u0131\u011f\u0131n\u0131 hi\u00e7 d\u00fc\u015f\u00fcnmedim. Tam tersine, her g\u00fcn bir\u00e7ok ameliyat yap\u0131ld\u0131\u011f\u0131 i\u00e7in deneyim \u00e7ok y\u00fcksekti ve personel \u00e7ok yetkin, dostane ve ilgiliydi. Ameliyat saatine kadar yak\u0131ndaki al\u0131\u015fveri\u015f merkezine gidip g\u00fczel \u015feyler bakacak kadar zaman\u0131m\u0131z vard\u0131. \u00c7evirmen bir taksi ayarlad\u0131 ve bizi oraya g\u00f6t\u00fcrd\u00fc. \u00c7evirmen sadece \u00e7evirmen de\u011fil, ayn\u0131 zamanda hastalar\u0131n randevular\u0131n\u0131 koordine ediyordu. \u00d6\u011fleden sonra, belirtilen saatte klini\u011fe geldik. Bir anla\u015fmay\u0131 okumam ve imzalamam gerekiyordu. Ameliyata \u00e7ok k\u0131sa bir s\u00fcre kala ve adrenalin doruktayken bunu yapmak biraz zordu. Daha sonra kendi iste\u011fimle sakinle\u015ftirici bir ila\u00e7 ald\u0131m. On dakikal\u0131k ameliyattan hemen \u00f6nce g\u00f6z damlalar\u0131 verildi, \u015f\u0131k bir ba\u015fl\u0131k, ameliyat \u00f6nl\u00fc\u011f\u00fc ve ayakkab\u0131 \u00f6rt\u00fcleri giydirildi. \u00d6n\u00fcmdeki ki\u015finin i\u015flemi bitmesini bekledim ve ard\u0131ndan ben ameliyat masas\u0131na yatt\u0131m. \u00c7evirmen yan\u0131mdayd\u0131 ve doktorun anlatt\u0131klar\u0131n\u0131 bana \u00e7evirdi. Tek g\u00f6revim rahat olmak ve k\u0131rm\u0131z\u0131 \u0131\u015f\u0131\u011fa bakmakt\u0131. G\u00f6z \u00e7evresi dezenfekte edilip steril hale getirildi. G\u00f6z kapa\u011f\u0131 sabitleyici ile g\u00f6z tamamen a\u00e7\u0131ld\u0131, g\u00f6z k\u0131rpmas\u0131 engellendi. G\u00f6z t\u00fcm ameliyat boyunca nemli tutuldu. Ard\u0131ndan as\u0131l i\u015flem ba\u015flad\u0131 ve ikinci g\u00f6zde de ayn\u0131 i\u015flem yap\u0131ld\u0131. \u0130\u015flem d\u00fc\u015f\u00fcnd\u00fc\u011f\u00fcmden h\u0131zl\u0131 bitti. \u00c7evirmenin yard\u0131m\u0131yla aya\u011fa kalkt\u0131m, koyu g\u00f6zl\u00fc\u011f\u00fcm\u00fc takt\u0131m ve karanl\u0131k bir odada kald\u0131m. Ameliyattan sonra g\u00f6zlerimi a\u00e7makta zorland\u0131m \u00e7\u00fcnk\u00fc sakinle\u015ftirici etkisi vard\u0131. Biraz sonra doktor taraf\u0131ndan bir kontrol yap\u0131ld\u0131. Benden karart\u0131lm\u0131\u015f g\u00f6zl\u00fc\u011f\u00fc \u00e7\u0131karmam ve duvardaki harfleri tekrar okumam istendi. Ve g\u00f6rd\u00fcm ki K harfi! B\u00fcy\u00fck ve kal\u0131n bir K harfi! K\u00fc\u00e7\u00fck harfleri de sorunsuz okuyabiliyordum. Ne kadar harika bir his! Otob\u00fcste otele giderken t\u00fcm yol boyunca uyudum. Otelde re\u00e7ete edilen g\u00f6z damlalar\u0131n\u0131 kulland\u0131m, bunlar\u0131 klinikte tam talimatlar\u0131yla vermi\u015flerdi. Ameliyattan sonra g\u00f6zlerim biraz kuru ve ka\u015f\u0131nt\u0131l\u0131 hissediyordu. D\u00f6rt saat g\u00f6zleri kapal\u0131 dinlendikten sonra bir \u015feyler yemek i\u00e7in d\u0131\u015far\u0131 \u00e7\u0131kt\u0131k. H\u00e2l\u00e2 biraz sendeleyerek y\u00fcr\u00fcyordum ve bakarken a\u011fr\u0131 vard\u0131. Bu y\u00fczden yan\u0131mda biri oldu\u011fu i\u00e7in \u00e7ok mutluydum. Ertesi g\u00fcn ve birka\u00e7 damla g\u00f6z damlas\u0131 sonras\u0131 tekrar kontrol yap\u0131ld\u0131. Doktorun raporu tamamen olumlu \u00e7\u0131kt\u0131. Gitmeden \u00f6nce g\u00f6zl\u00fc\u011f\u00fcm\u00fc nereye koyaca\u011f\u0131m\u0131 d\u00fc\u015f\u00fcnd\u00fcm, k\u0131r\u0131lmas\u0131n diye. Ama art\u0131k bu g\u00f6zl\u00fc\u011fe ihtiyac\u0131m yoktu, bir kamyon \u00e7arpm\u0131\u015f da olurdu fark etmezdi. Art\u0131k g\u00f6zl\u00fcks\u00fcz yeni hayata al\u0131\u015fmak gerekiyordu ve bu hi\u00e7 kolay de\u011fildi, \u00e7\u00fcnk\u00fc hayat\u0131m\u0131n yakla\u015f\u0131k \u00fc\u00e7te ikisinde g\u00f6rme yard\u0131m\u0131 kullanm\u0131\u015ft\u0131m. H\u00e2l\u00e2 g\u00fcnler sonra bile bazen g\u00f6zl\u00fc\u011f\u00fcm\u00fc d\u00fczeltme veya \u00e7\u0131karma ihtiyac\u0131 hissediyorum. Bu y\u0131llar i\u00e7inde al\u0131\u015fkanl\u0131k haline gelmi\u015f. Burada bir l\u00fcks sorundan bahsediyorum, l\u00fcks derken yeni bir ya\u015fam hissi anlam\u0131nda. Fabienne P. \u00d6nceki Rapor Sonraki Rapor<\/p>\n","protected":false},"author":4,"featured_media":0,"parent":4505,"menu_order":0,"comment_status":"closed","ping_status":"closed","template":"","meta":{"_joinchat":[],"footnotes":""},"class_list":["post-4601","page","type-page","status-publish","hentry"],"acf":[],"_links":{"self":[{"href":"https:\/\/medicaltravel.at\/tr\/wp-json\/wp\/v2\/pages\/4601","targetHints":{"allow":["GET"]}}],"collection":[{"href":"https:\/\/medicaltravel.at\/tr\/wp-json\/wp\/v2\/pages"}],"about":[{"href":"https:\/\/medicaltravel.at\/tr\/wp-json\/wp\/v2\/types\/page"}],"author":[{"embeddable":true,"href":"https:\/\/medicaltravel.at\/tr\/wp-json\/wp\/v2\/users\/4"}],"replies":[{"embeddable":true,"href":"https:\/\/medicaltravel.at\/tr\/wp-json\/wp\/v2\/comments?post=4601"}],"version-history":[{"count":1,"href":"https:\/\/medicaltravel.at\/tr\/wp-json\/wp\/v2\/pages\/4601\/revisions"}],"predecessor-version":[{"id":4602,"href":"https:\/\/medicaltravel.at\/tr\/wp-json\/wp\/v2\/pages\/4601\/revisions\/4602"}],"up":[{"embeddable":true,"href":"https:\/\/medicaltravel.at\/tr\/wp-json\/wp\/v2\/pages\/4505"}],"wp:attachment":[{"href":"https:\/\/medicaltravel.at\/tr\/wp-json\/wp\/v2\/media?parent=4601"}],"curies":[{"name":"wp","href":"https:\/\/api.w.org\/{rel}","templated":true}]}}