{"id":4599,"date":"2025-09-28T09:28:57","date_gmt":"2025-09-28T08:28:57","guid":{"rendered":"https:\/\/medicaltravel.at\/hasta-hikayeleri\/goerues-raporlari-2012\/istanbulda-tatil-ve-250-ml-silikon-implantli-goegues-ameliyati-15-ekim-2012-pazartesi-tarihli-rapor\/"},"modified":"2026-01-13T15:02:17","modified_gmt":"2026-01-13T14:02:17","slug":"istanbulda-tatil-ve-250-ml-silikon-implantli-goegues-ameliyati-15-ekim-2012-pazartesi-tarihli-rapor","status":"publish","type":"page","link":"https:\/\/medicaltravel.at\/tr\/hasta-hikayeleri\/goerues-raporlari-2012\/istanbulda-tatil-ve-250-ml-silikon-implantli-goegues-ameliyati-15-ekim-2012-pazartesi-tarihli-rapor\/","title":{"rendered":"\u0130stanbul\u2019da tatil ve 250 ml silikon implantl\u0131 g\u00f6\u011f\u00fcs ameliyat\u0131 \u2013 15 Ekim 2012 Pazartesi Tarihli Rapor"},"content":{"rendered":"\n<p><strong>\u0130stanbul\u2019da tatil ve 250 ml silikon implantl\u0131 g\u00f6\u011f\u00fcs ameliyat\u0131 <\/strong>\u2013 15 Ekim 2012 Pazartesi Tarihli Rapor<\/p>\n\n<p>12.10.2012<\/p>\n\n<p>\u0130stanbul Estetik ve G\u00fczellik Ameliyat\u0131 Deneyim Raporu<\/p>\n\n<p>Ramona S., 26 ya\u015f\u0131nda<\/p>\n\n<p>Macrolane jel ile yap\u0131lan ba\u015far\u0131s\u0131z bir tedavi nedeniyle, zaten planlad\u0131\u011f\u0131m bir haftal\u0131k T\u00fcrkiye tatilimi, olu\u015fan hasar\u0131 m\u00fcmk\u00fcn oldu\u011funca d\u00fczeltmek i\u00e7in kulland\u0131m. 2012 bahar\u0131nda, \u0130svi\u00e7re\u2019de bir dermatolo\u011fa Macrolane jel tedavisi i\u00e7in ba\u015fvurdum. Her bir g\u00f6\u011fse 140 ml hiyal\u00fcronik asit jeli enjekte edildi. Ameliyattan ve bunun sonucunda g\u00f6\u011f\u00fcs katlant\u0131s\u0131nda iz kalmas\u0131ndan korktu\u011fum i\u00e7in, ciltten elde edilen malzeme ile k\u00fc\u00e7\u00fck enjeksiyonlarla yap\u0131lan bu jel uygulamas\u0131 benim i\u00e7in iyi bir alternatif gibi g\u00f6r\u00fcn\u00fcyordu.   <\/p>\n\n<p>Ba\u015fta her \u015fey yolunda gibi g\u00f6r\u00fcn\u00fcyordu, fark \u00e7ok b\u00fcy\u00fck de\u011fildi ama g\u00f6\u011f\u00fcs hacmindeki art\u0131\u015f benim i\u00e7in zaten \u00e7ok de\u011ferliydi ve sonu\u00e7tan memnundum. \u00d6ncelikle g\u00f6\u011f\u00fcslerin boyutunun ve \u015feklinin nas\u0131l de\u011fi\u015fti\u011fini g\u00f6rmek, kendime nas\u0131l hissettirdi\u011fini anlamak istedim; daha sonra ise kesin bir g\u00f6\u011f\u00fcs ameliyat\u0131 olup olmamaya karar verebilmek i\u00e7in bu g\u00f6zlemi yapmak istiyordum. <\/p>\n\n<p>Maalesef, Macrolane jelinin g\u00f6\u011fse enjekte edildi\u011fi giri\u015f noktalar\u0131nda torbalar olu\u015ftu ve g\u00f6ze ho\u015f g\u00f6r\u00fcnmeyen, hem g\u00f6r\u00fcnen hem de hissedilen \u00e7ukurlar meydana geldi! Dermatolo\u011fum bu y\u00fczden giri\u015f noktalar\u0131n\u0131 yeniden a\u00e7mak zorunda kald\u0131 ve birikmi\u015f olan hyaluronik asit jelini \u00e7\u0131kard\u0131. Ne yaz\u0131k ki, bu i\u015flemden sonra giri\u015f noktalar\u0131 hi\u00e7 kapanmad\u0131 ve birka\u00e7 hafta boyunca jel s\u00fcrekli olarak d\u0131\u015far\u0131 s\u0131zmaya devam etti.  <\/p>\n\n<p>Sa\u011f tarafta jel birikince ve k\u00fc\u00e7\u00fck bir elma b\u00fcy\u00fckl\u00fc\u011f\u00fcnde bir kitleyi d\u0131\u015far\u0131 \u00e7\u0131kard\u0131ktan sonra boyut fark\u0131 hemen g\u00f6r\u00fcn\u00fcr hale geldi, bu y\u00fczden sol taraftaki jelin de \u00e7\u0131kar\u0131lmas\u0131 gerekti. Kalan jeli \u00e7\u0131karmak i\u00e7in dermatolog her iki tarafta ikinci kez giri\u015f noktalar\u0131n\u0131 a\u00e7t\u0131 ve m\u00fcmk\u00fcn oldu\u011funca fazla malzeme d\u0131\u015far\u0131 \u00e7\u0131kar\u0131ld\u0131. \u0130\u015flemin talihsiz sonucu nedeniyle doktorum en az\u0131ndan malzeme maliyetinin bir k\u0131sm\u0131 hari\u00e7, masraf\u0131n b\u00fcy\u00fck bir k\u0131sm\u0131n\u0131 geri \u00f6dedi. G\u00f6r\u00fcn\u00fc\u015fe g\u00f6re doktorum daha \u00f6nce \u00fc\u00e7 y\u00fczden fazla kad\u0131na Macrolane uygulam\u0131\u015f, ancak g\u00f6\u011f\u00fcslerimdeki gibi talihsiz bir durum hi\u00e7 ya\u015fanmam\u0131\u015f.   <\/p>\n\n<p>Art\u0131k bir s\u00fcr\u00fc s\u0131k\u0131nt\u0131 ya\u015fad\u0131ktan ve g\u00f6\u011f\u00fcs hacminde h\u00e2l\u00e2 bir art\u0131\u015f g\u00f6remedikten sonra, g\u00f6\u011f\u00fcs b\u00fcy\u00fctme i\u015flemini implant ile yapt\u0131rmaya karar verdim.<\/p>\n\n<p>Art\u0131k internet \u00fczerinde ara\u015ft\u0131rma yapmaya ba\u015flad\u0131m ve b\u00f6lgedeki cerrahlarla da i\u015flem olanaklar\u0131, s\u00fcre\u00e7 ve maliyetler hakk\u0131nda bilgi ald\u0131m. \u0130svi\u00e7re\u2019de g\u00f6\u011f\u00fcs b\u00fcy\u00fctme \u00e7ok pahal\u0131 ve bir \u0130svi\u00e7reli cerrah\u0131n yapt\u0131\u011f\u0131 ameliyat\u0131n sonucu, yabanc\u0131 bir cerrah\u0131n yapt\u0131\u011f\u0131ndan mutlaka daha iyi olacak diye bir garanti yok. <\/p>\n\n<p>Bir\u00e7ok arkada\u015f\u0131m\u0131n hem yurt i\u00e7inde hem de yurt d\u0131\u015f\u0131nda g\u00f6\u011f\u00fcs ameliyat\u0131 oldu\u011funu g\u00f6rd\u00fcm ve yurt d\u0131\u015f\u0131nda yap\u0131lan i\u015flemlerin ve sonu\u00e7lar\u0131n \u00e7ok iyi ve profesyonel oldu\u011funu kendim de g\u00f6rebildim. Yurt d\u0131\u015f\u0131nda, \u0130svi\u00e7re\u2019ye k\u0131yasla daha fazla estetik ameliyat yap\u0131ld\u0131\u011f\u0131 i\u00e7in, deneyim ve rutin a\u00e7\u0131s\u0131ndan yabanc\u0131 bir cerraha olan g\u00fcvenim, \u0130svi\u00e7reli bir cerraha olan g\u00fcvenimden daha fazlayd\u0131. \u00dcstelik benim ba\u015far\u0131s\u0131z ameliyat\u0131m \u0130svi\u00e7re\u2019de yap\u0131lm\u0131\u015ft\u0131!  <\/p>\n\n<p>B\u00f6ylece Swisslasik\u2019in internet sitesine rastlad\u0131m ve arac\u0131s\u0131yla \u00f6nce e-posta yoluyla, sonra da y\u00fcz y\u00fcze ileti\u015fime ge\u00e7tim. T\u00fcm istedi\u011fim bilgileri h\u0131zl\u0131 ve dostane bir \u015fekilde ald\u0131m. Tabii ki, kesin boyut ve di\u011fer detaylar ancak \u0130stanbul\u2019da doktorla g\u00f6r\u00fc\u015f\u00fcld\u00fc\u011f\u00fcnde netle\u015febilir. Ben ameliyat\u0131 Ac\u0131badem \u0130stanbul\u2019da yapt\u0131rmaya karar verdim ve estetik cerrahla \u00f6n muayene i\u00e7in bir randevu ayarland\u0131.  <\/p>\n\n<p>Havaliman\u0131na vard\u0131\u011f\u0131m\u0131zda hem ben hem de refakat\u00e7im kar\u015f\u0131lanm\u0131\u015ft\u0131k ve hemen \u00f6zel bir ara\u00e7la otelimize g\u00f6t\u00fcr\u00fcld\u00fck. \u015eof\u00f6r her zaman dakikti ve ertesi sabah beni \u00f6n muayene i\u00e7in hastaneye g\u00f6t\u00fcrd\u00fc. Macrolane jel y\u00fcz\u00fcnden ya\u015fanan ba\u015far\u0131s\u0131z i\u015flemin \u00f6zel durumu nedeniyle, cerrah \u00f6nceden bir ultrason muayenesi yapmak istedi. Bu sayede g\u00f6\u011f\u00fcslerimde h\u00e2l\u00e2 ne kadar ve nerede kal\u0131nt\u0131 materyal oldu\u011funu g\u00f6recek, ard\u0131ndan her birine 250 ml silikon implantlar\u0131 yerle\u015ftirecekti. Zira g\u00f6\u011f\u00fcslerimde kalan materyalin nas\u0131l ve nerede da\u011f\u0131ld\u0131\u011f\u0131n\u0131 bilmeden ve bunun artan enfeksiyon riskini do\u011fru de\u011ferlendirmeden ameliyat yapmas\u0131 m\u00fcmk\u00fcn de\u011fildi. Tabii ki ben de ek muayeneye onay verdim, \u00e7\u00fcnk\u00fc enfeksiyon riskini olabildi\u011fince d\u00fc\u015f\u00fck tutmak istiyordum. Ayr\u0131ca doktorun ger\u00e7ekten benim iyili\u011fimle ilgilendi\u011fini, sadece her ne pahas\u0131na olursa olsun ameliyat\u0131 yapmak istemedi\u011fini hissetmek \u00e7ok g\u00fczeldi. \u00c7\u00fcnk\u00fc bana, geride \u00e7ok fazla materyal kal\u0131rsa, hem benim hem de kendi g\u00fcvenli\u011fi i\u00e7in ameliyat\u0131 yapmayaca\u011f\u0131n\u0131 s\u00f6ylemi\u015fti.      <\/p>\n\n<p>Ultrason g\u00f6r\u00fcnt\u00fcs\u00fcnde, her iki g\u00f6\u011f\u00fcs cebinde Macrolane jelinden k\u00fc\u00e7\u00fck miktarlar\u0131n kald\u0131\u011f\u0131 g\u00f6r\u00fcld\u00fc. Sol tarafta ayr\u0131ca k\u00fc\u00e7\u00fck bir miktar\u0131n g\u00f6\u011f\u00fcs kas\u0131na da enjekte edildi\u011fi fark edildi. G\u00f6\u011f\u00fcs kas\u0131ndaki jel do\u011fal olarak \u00e7\u0131kar\u0131lamaz ve \u015fu anda g\u00f6\u011f\u00fcs boyutlar\u0131nda hafif bir fark olu\u015fmas\u0131na neden olur, \u00e7\u00fcnk\u00fc kalan madde do\u011fal olarak \u00e7\u00f6z\u00fclmelidir; bu s\u00fcre\u00e7 enjeksiyonun ba\u015flang\u0131c\u0131ndan itibaren yakla\u015f\u0131k on iki ila on sekiz ay s\u00fcrecektir.  <\/p>\n\n<p>Bir\u00e7ok doktor g\u00f6r\u00fcnt\u00fclerimi inceledikten ve birlikte de\u011ferlendirme yapt\u0131ktan sonra cerrah ameliyat\u0131 yapmaya karar verdi. Silikon implantlar\u0131 yerle\u015ftirmeden \u00f6nce kalan jeli m\u00fcmk\u00fcn oldu\u011funca temizleyecekti. Enfeksiyon riskini en aza indirmek i\u00e7in, bir g\u00fcn yerine en az iki g\u00fcn boyunca klinikte g\u00f6zlem alt\u0131nda kalmam gerekti\u011finde de \u0131srar etti. Ben kabul ettim ve ameliyat ertesi sabah ba\u015flayabildi.    <\/p>\n\n<p>Haz\u0131rl\u0131k odas\u0131nda cerrah gerekli i\u015faretlemeleri yapt\u0131 ve son detaylar\u0131 g\u00f6r\u00fc\u015ft\u00fc. Sonras\u0131nda bana ameliyat \u00f6nl\u00fc\u011f\u00fc ve destek \u00e7oraplar\u0131 giydirildi ve yatakla ameliyathane masas\u0131na g\u00f6t\u00fcr\u00fcld\u00fcm. Daha yataktan masaya ta\u015f\u0131n\u0131r ta\u015f\u0131nmaz narkoz verildi ve g\u00fczel, derin bir uykuya dald\u0131m. Uyand\u0131\u011f\u0131mda ilk anda operasyonun zaten bitti\u011fini fark etmedim. Doktorlara ne zaman ba\u015flayaca\u011f\u0131n\u0131 sordum. Bana her \u015feyin sorunsuz ge\u00e7ti\u011fi s\u00f6ylendi ve ba\u015f\u0131m\u0131 kald\u0131r\u0131p g\u00f6\u011f\u00fcslerime bakt\u0131\u011f\u0131mda fark\u0131 ve g\u00fczel sonucu hemen g\u00f6rd\u00fcm. K\u0131sa bir dinlenmenin ard\u0131ndan beni \u00fcst katlarda tek ki\u015filik bir odaya ald\u0131lar. Acibadem Maslak\u2019taki oda \u00e7ok g\u00fczel d\u00f6\u015fenmi\u015fti ve sonraki iki g\u00fcn boyunca hi\u00e7bir \u015feye ihtiya\u00e7 duymad\u0131m. Hem\u015fireler \u00e7ok nazik ve \u00f6zenliydi. Yemekler \u00e7ok iyiydi, hem geleneksel T\u00fcrk mutfa\u011f\u0131 hem de modern yemeklerden olu\u015fuyordu. Hatta her \u00f6\u011f\u00fcnde ekstra bir tabak daha vard\u0131, b\u00f6ylece refakat\u00e7i i\u00e7in de yemek haz\u0131r oluyordu.          <\/p>\n\n<p>\u0130kinci geceden sonra drenler nihayet \u00e7\u0131kar\u0131labildi. A\u011fr\u0131lar s\u0131n\u0131rl\u0131yd\u0131 ve \u00f6zellikle sabahlar\u0131 ve ak\u015fam ge\u00e7 saatlerde hafif bir bask\u0131 hissi oluyordu, ama birka\u00e7 g\u00fcn i\u00e7inde ya hi\u00e7 ya da \u00e7ok az a\u011fr\u0131 kesici ile idare edebildim. G\u00f6\u011f\u00fcsler do\u011fal olarak birka\u00e7 g\u00fcn daha \u015fi\u015fti ve cilt olduk\u00e7a gergindi. G\u00f6\u011f\u00fcs derisi yumu\u015fay\u0131p nihai \u015feklini alana kadar bu s\u00fcre\u00e7 genellikle iki ila d\u00f6rt ay aras\u0131nda s\u00fcr\u00fcyor.   <\/p>\n\n<p>Ama ameliyattan k\u0131sa bir s\u00fcre sonra ve sadece iki g\u00fcn i\u00e7inde bile g\u00f6\u011f\u00fcslerin \u00e7ok g\u00fczel ve dolgun bir \u015fekil ald\u0131\u011f\u0131 g\u00f6r\u00fclebiliyordu. Sonu\u00e7 \u00e7ok g\u00fczel ve simetrik oldu. Yeni v\u00fccut \u015feklimden \u00e7ok memnun kald\u0131m! Mutlu ve \u00f6zellikle sa\u011fl\u0131kl\u0131 bir \u015fekilde hastaneden ayr\u0131larak \u0130stanbul\u2019da birka\u00e7 g\u00fcn daha keyifli vakit ge\u00e7irebildim. Birka\u00e7 g\u00fcn sonra, on g\u00fcnl\u00fck kal\u0131\u015f\u0131m\u0131n ard\u0131ndan eve d\u00f6nmeden \u00f6nce cerrah son kontrol\u00fc yapt\u0131. U\u00e7akta hi\u00e7 a\u011fr\u0131 hissetmedim ve sonraki g\u00fcnler ile haftalar sorunsuz ge\u00e7ti. Ameliyattan bu yana iki aydan fazla ge\u00e7ti. \u0130zler h\u00e2l\u00e2 biraz k\u0131zar\u0131k, ama iyile\u015fme iyi ilerliyor. Klinikten ald\u0131\u011f\u0131m destekleyici s\u00fctyen m\u00fckemmel uyuyor; hem g\u00fcnd\u00fcz hem gece hem de spor s\u0131ras\u0131nda kullan\u0131yorum. Genel olarak, T\u00fcrkiye\u2019de yapt\u0131rd\u0131\u011f\u0131m estetik operasyon hakk\u0131nda sadece olumlu deneyimlerim oldu ve ilgilenen herkese g\u00f6n\u00fcl rahatl\u0131\u011f\u0131yla tavsiye edebilirim.         <\/p>\n\n<div class=\"wp-block-group is-layout-grid wp-container-core-group-is-layout-baef362d wp-block-group-is-layout-grid\">\n<p><a href=\"https:\/\/medicaltravel.at\/home\/agb\/\" data-type=\"page\" data-id=\"2191\"><\/a><a href=\"https:\/\/medicaltravel.at\/tr\/hasta-hikayeleri\/goerues-raporlari-2012\/dita-cecchinin-deneyim-raporu-goez-ameliyati-istanbul-11-09-12-26-ekim-2012-cuma-tarihli-rapor\/\" data-type=\"link\" data-id=\"https:\/\/medicaltravel.at\/berichte-von-patienten\/erfahrungsberichte-2012\/erfahrungsbericht-von-dita-cecchin-augen-op-in-istanbul-am-11-9-12-bericht-vom-freitag-26-oktober-2012\/\">\u00d6nceki Rapor<\/a><\/p>\n\n\n\n<p class=\"has-text-align-right wp-container-content-5e2576f9\"><a href=\"https:\/\/medicaltravel.at\/home\/impressum\/\" data-type=\"page\" data-id=\"2193\"><\/a><a href=\"https:\/\/medicaltravel.at\/home\/berichte-von-patienten\/erfahrungsberichte\/erfahrungsbericht-zahnbehandlung-in-istanbul\/\" data-type=\"page\" data-id=\"981\"><\/a><a href=\"https:\/\/medicaltravel.at\/tr\/hasta-hikayeleri\/goerues-raporlari-2012\/acibadem-hastanesi-istanbuldaki-goez-lazeri-ameliyati-deneyimim-corinne-stoll-tarafindan-14-09-2012-tarihinde-yazildi-10-ekim-2012-carsamba-tarihli-rapor\/\" data-type=\"link\" data-id=\"https:\/\/medicaltravel.at\/berichte-von-patienten\/erfahrungsberichte-2012\/erfahrungsbericht-meiner-augenlaser-operation-im-acibadem-hospital-istanbul-von-corinne-stoll-geschrieben-am-14-09-2012-bericht-vom-mittwoch-10-oktober-2012\/\">Sonraki Rapor<\/a><\/p>\n<\/div>\n","protected":false},"excerpt":{"rendered":"<p>\u0130stanbul\u2019da tatil ve 250 ml silikon implantl\u0131 g\u00f6\u011f\u00fcs ameliyat\u0131 \u2013 15 Ekim 2012 Pazartesi Tarihli Rapor 12.10.2012 \u0130stanbul Estetik ve G\u00fczellik Ameliyat\u0131 Deneyim Raporu Ramona S., 26 ya\u015f\u0131nda Macrolane jel ile yap\u0131lan ba\u015far\u0131s\u0131z bir tedavi nedeniyle, zaten planlad\u0131\u011f\u0131m bir haftal\u0131k T\u00fcrkiye tatilimi, olu\u015fan hasar\u0131 m\u00fcmk\u00fcn oldu\u011funca d\u00fczeltmek i\u00e7in kulland\u0131m. 2012 bahar\u0131nda, \u0130svi\u00e7re\u2019de bir dermatolo\u011fa Macrolane jel tedavisi i\u00e7in ba\u015fvurdum. Her bir g\u00f6\u011fse 140 ml hiyal\u00fcronik asit jeli enjekte edildi. Ameliyattan ve bunun sonucunda g\u00f6\u011f\u00fcs katlant\u0131s\u0131nda iz kalmas\u0131ndan korktu\u011fum i\u00e7in, ciltten elde edilen malzeme ile k\u00fc\u00e7\u00fck enjeksiyonlarla yap\u0131lan bu jel uygulamas\u0131 benim i\u00e7in iyi bir alternatif gibi g\u00f6r\u00fcn\u00fcyordu. Ba\u015fta her \u015fey yolunda gibi g\u00f6r\u00fcn\u00fcyordu, fark \u00e7ok b\u00fcy\u00fck de\u011fildi ama g\u00f6\u011f\u00fcs hacmindeki art\u0131\u015f benim i\u00e7in zaten \u00e7ok de\u011ferliydi ve sonu\u00e7tan memnundum. \u00d6ncelikle g\u00f6\u011f\u00fcslerin boyutunun ve \u015feklinin nas\u0131l de\u011fi\u015fti\u011fini g\u00f6rmek, kendime nas\u0131l hissettirdi\u011fini anlamak istedim; daha sonra ise kesin bir g\u00f6\u011f\u00fcs ameliyat\u0131 olup olmamaya karar verebilmek i\u00e7in bu g\u00f6zlemi yapmak istiyordum. Maalesef, Macrolane jelinin g\u00f6\u011fse enjekte edildi\u011fi giri\u015f noktalar\u0131nda torbalar olu\u015ftu ve g\u00f6ze ho\u015f g\u00f6r\u00fcnmeyen, hem g\u00f6r\u00fcnen hem de hissedilen \u00e7ukurlar meydana geldi! Dermatolo\u011fum bu y\u00fczden giri\u015f noktalar\u0131n\u0131 yeniden a\u00e7mak zorunda kald\u0131 ve birikmi\u015f olan hyaluronik asit jelini \u00e7\u0131kard\u0131. Ne yaz\u0131k ki, bu i\u015flemden sonra giri\u015f noktalar\u0131 hi\u00e7 kapanmad\u0131 ve birka\u00e7 hafta boyunca jel s\u00fcrekli olarak d\u0131\u015far\u0131 s\u0131zmaya devam etti. Sa\u011f tarafta jel birikince ve k\u00fc\u00e7\u00fck bir elma b\u00fcy\u00fckl\u00fc\u011f\u00fcnde bir kitleyi d\u0131\u015far\u0131 \u00e7\u0131kard\u0131ktan sonra boyut fark\u0131 hemen g\u00f6r\u00fcn\u00fcr hale geldi, bu y\u00fczden sol taraftaki jelin de \u00e7\u0131kar\u0131lmas\u0131 gerekti. Kalan jeli \u00e7\u0131karmak i\u00e7in dermatolog her iki tarafta ikinci kez giri\u015f noktalar\u0131n\u0131 a\u00e7t\u0131 ve m\u00fcmk\u00fcn oldu\u011funca fazla malzeme d\u0131\u015far\u0131 \u00e7\u0131kar\u0131ld\u0131. \u0130\u015flemin talihsiz sonucu nedeniyle doktorum en az\u0131ndan malzeme maliyetinin bir k\u0131sm\u0131 hari\u00e7, masraf\u0131n b\u00fcy\u00fck bir k\u0131sm\u0131n\u0131 geri \u00f6dedi. G\u00f6r\u00fcn\u00fc\u015fe g\u00f6re doktorum daha \u00f6nce \u00fc\u00e7 y\u00fczden fazla kad\u0131na Macrolane uygulam\u0131\u015f, ancak g\u00f6\u011f\u00fcslerimdeki gibi talihsiz bir durum hi\u00e7 ya\u015fanmam\u0131\u015f. Art\u0131k bir s\u00fcr\u00fc s\u0131k\u0131nt\u0131 ya\u015fad\u0131ktan ve g\u00f6\u011f\u00fcs hacminde h\u00e2l\u00e2 bir art\u0131\u015f g\u00f6remedikten sonra, g\u00f6\u011f\u00fcs b\u00fcy\u00fctme i\u015flemini implant ile yapt\u0131rmaya karar verdim. Art\u0131k internet \u00fczerinde ara\u015ft\u0131rma yapmaya ba\u015flad\u0131m ve b\u00f6lgedeki cerrahlarla da i\u015flem olanaklar\u0131, s\u00fcre\u00e7 ve maliyetler hakk\u0131nda bilgi ald\u0131m. \u0130svi\u00e7re\u2019de g\u00f6\u011f\u00fcs b\u00fcy\u00fctme \u00e7ok pahal\u0131 ve bir \u0130svi\u00e7reli cerrah\u0131n yapt\u0131\u011f\u0131 ameliyat\u0131n sonucu, yabanc\u0131 bir cerrah\u0131n yapt\u0131\u011f\u0131ndan mutlaka daha iyi olacak diye bir garanti yok. Bir\u00e7ok arkada\u015f\u0131m\u0131n hem yurt i\u00e7inde hem de yurt d\u0131\u015f\u0131nda g\u00f6\u011f\u00fcs ameliyat\u0131 oldu\u011funu g\u00f6rd\u00fcm ve yurt d\u0131\u015f\u0131nda yap\u0131lan i\u015flemlerin ve sonu\u00e7lar\u0131n \u00e7ok iyi ve profesyonel oldu\u011funu kendim de g\u00f6rebildim. Yurt d\u0131\u015f\u0131nda, \u0130svi\u00e7re\u2019ye k\u0131yasla daha fazla estetik ameliyat yap\u0131ld\u0131\u011f\u0131 i\u00e7in, deneyim ve rutin a\u00e7\u0131s\u0131ndan yabanc\u0131 bir cerraha olan g\u00fcvenim, \u0130svi\u00e7reli bir cerraha olan g\u00fcvenimden daha fazlayd\u0131. \u00dcstelik benim ba\u015far\u0131s\u0131z ameliyat\u0131m \u0130svi\u00e7re\u2019de yap\u0131lm\u0131\u015ft\u0131! B\u00f6ylece Swisslasik\u2019in internet sitesine rastlad\u0131m ve arac\u0131s\u0131yla \u00f6nce e-posta yoluyla, sonra da y\u00fcz y\u00fcze ileti\u015fime ge\u00e7tim. T\u00fcm istedi\u011fim bilgileri h\u0131zl\u0131 ve dostane bir \u015fekilde ald\u0131m. Tabii ki, kesin boyut ve di\u011fer detaylar ancak \u0130stanbul\u2019da doktorla g\u00f6r\u00fc\u015f\u00fcld\u00fc\u011f\u00fcnde netle\u015febilir. Ben ameliyat\u0131 Ac\u0131badem \u0130stanbul\u2019da yapt\u0131rmaya karar verdim ve estetik cerrahla \u00f6n muayene i\u00e7in bir randevu ayarland\u0131. Havaliman\u0131na vard\u0131\u011f\u0131m\u0131zda hem ben hem de refakat\u00e7im kar\u015f\u0131lanm\u0131\u015ft\u0131k ve hemen \u00f6zel bir ara\u00e7la otelimize g\u00f6t\u00fcr\u00fcld\u00fck. \u015eof\u00f6r her zaman dakikti ve ertesi sabah beni \u00f6n muayene i\u00e7in hastaneye g\u00f6t\u00fcrd\u00fc. Macrolane jel y\u00fcz\u00fcnden ya\u015fanan ba\u015far\u0131s\u0131z i\u015flemin \u00f6zel durumu nedeniyle, cerrah \u00f6nceden bir ultrason muayenesi yapmak istedi. Bu sayede g\u00f6\u011f\u00fcslerimde h\u00e2l\u00e2 ne kadar ve nerede kal\u0131nt\u0131 materyal oldu\u011funu g\u00f6recek, ard\u0131ndan her birine 250 ml silikon implantlar\u0131 yerle\u015ftirecekti. Zira g\u00f6\u011f\u00fcslerimde kalan materyalin nas\u0131l ve nerede da\u011f\u0131ld\u0131\u011f\u0131n\u0131 bilmeden ve bunun artan enfeksiyon riskini do\u011fru de\u011ferlendirmeden ameliyat yapmas\u0131 m\u00fcmk\u00fcn de\u011fildi. Tabii ki ben de ek muayeneye onay verdim, \u00e7\u00fcnk\u00fc enfeksiyon riskini olabildi\u011fince d\u00fc\u015f\u00fck tutmak istiyordum. Ayr\u0131ca doktorun ger\u00e7ekten benim iyili\u011fimle ilgilendi\u011fini, sadece her ne pahas\u0131na olursa olsun ameliyat\u0131 yapmak istemedi\u011fini hissetmek \u00e7ok g\u00fczeldi. \u00c7\u00fcnk\u00fc bana, geride \u00e7ok fazla materyal kal\u0131rsa, hem benim hem de kendi g\u00fcvenli\u011fi i\u00e7in ameliyat\u0131 yapmayaca\u011f\u0131n\u0131 s\u00f6ylemi\u015fti. Ultrason g\u00f6r\u00fcnt\u00fcs\u00fcnde, her iki g\u00f6\u011f\u00fcs cebinde Macrolane jelinden k\u00fc\u00e7\u00fck miktarlar\u0131n kald\u0131\u011f\u0131 g\u00f6r\u00fcld\u00fc. Sol tarafta ayr\u0131ca k\u00fc\u00e7\u00fck bir miktar\u0131n g\u00f6\u011f\u00fcs kas\u0131na da enjekte edildi\u011fi fark edildi. G\u00f6\u011f\u00fcs kas\u0131ndaki jel do\u011fal olarak \u00e7\u0131kar\u0131lamaz ve \u015fu anda g\u00f6\u011f\u00fcs boyutlar\u0131nda hafif bir fark olu\u015fmas\u0131na neden olur, \u00e7\u00fcnk\u00fc kalan madde do\u011fal olarak \u00e7\u00f6z\u00fclmelidir; bu s\u00fcre\u00e7 enjeksiyonun ba\u015flang\u0131c\u0131ndan itibaren yakla\u015f\u0131k on iki ila on sekiz ay s\u00fcrecektir. Bir\u00e7ok doktor g\u00f6r\u00fcnt\u00fclerimi inceledikten ve birlikte de\u011ferlendirme yapt\u0131ktan sonra cerrah ameliyat\u0131 yapmaya karar verdi. Silikon implantlar\u0131 yerle\u015ftirmeden \u00f6nce kalan jeli m\u00fcmk\u00fcn oldu\u011funca temizleyecekti. Enfeksiyon riskini en aza indirmek i\u00e7in, bir g\u00fcn yerine en az iki g\u00fcn boyunca klinikte g\u00f6zlem alt\u0131nda kalmam gerekti\u011finde de \u0131srar etti. Ben kabul ettim ve ameliyat ertesi sabah ba\u015flayabildi. Haz\u0131rl\u0131k odas\u0131nda cerrah gerekli i\u015faretlemeleri yapt\u0131 ve son detaylar\u0131 g\u00f6r\u00fc\u015ft\u00fc. Sonras\u0131nda bana ameliyat \u00f6nl\u00fc\u011f\u00fc ve destek \u00e7oraplar\u0131 giydirildi ve yatakla ameliyathane masas\u0131na g\u00f6t\u00fcr\u00fcld\u00fcm. Daha yataktan masaya ta\u015f\u0131n\u0131r ta\u015f\u0131nmaz narkoz verildi ve g\u00fczel, derin bir uykuya dald\u0131m. Uyand\u0131\u011f\u0131mda ilk anda operasyonun zaten bitti\u011fini fark etmedim. Doktorlara ne zaman ba\u015flayaca\u011f\u0131n\u0131 sordum. Bana her \u015feyin sorunsuz ge\u00e7ti\u011fi s\u00f6ylendi ve ba\u015f\u0131m\u0131 kald\u0131r\u0131p g\u00f6\u011f\u00fcslerime bakt\u0131\u011f\u0131mda fark\u0131 ve g\u00fczel sonucu hemen g\u00f6rd\u00fcm. K\u0131sa bir dinlenmenin ard\u0131ndan beni \u00fcst katlarda tek ki\u015filik bir odaya ald\u0131lar. Acibadem Maslak\u2019taki oda \u00e7ok g\u00fczel d\u00f6\u015fenmi\u015fti ve sonraki iki g\u00fcn boyunca hi\u00e7bir \u015feye ihtiya\u00e7 duymad\u0131m. Hem\u015fireler \u00e7ok nazik ve \u00f6zenliydi. Yemekler \u00e7ok iyiydi, hem geleneksel T\u00fcrk mutfa\u011f\u0131 hem de modern yemeklerden olu\u015fuyordu. Hatta her \u00f6\u011f\u00fcnde ekstra bir tabak daha vard\u0131, b\u00f6ylece refakat\u00e7i i\u00e7in de yemek haz\u0131r oluyordu. \u0130kinci geceden sonra drenler nihayet \u00e7\u0131kar\u0131labildi. A\u011fr\u0131lar s\u0131n\u0131rl\u0131yd\u0131 ve \u00f6zellikle sabahlar\u0131 ve ak\u015fam ge\u00e7 saatlerde hafif bir bask\u0131 hissi oluyordu, ama birka\u00e7 g\u00fcn i\u00e7inde ya hi\u00e7 ya da \u00e7ok az a\u011fr\u0131 kesici ile idare edebildim. G\u00f6\u011f\u00fcsler do\u011fal olarak birka\u00e7 g\u00fcn daha \u015fi\u015fti ve cilt olduk\u00e7a gergindi. G\u00f6\u011f\u00fcs derisi yumu\u015fay\u0131p nihai \u015feklini alana kadar bu s\u00fcre\u00e7 genellikle iki ila d\u00f6rt ay aras\u0131nda s\u00fcr\u00fcyor. Ama ameliyattan k\u0131sa bir s\u00fcre sonra ve sadece iki g\u00fcn i\u00e7inde bile g\u00f6\u011f\u00fcslerin \u00e7ok g\u00fczel ve dolgun bir \u015fekil ald\u0131\u011f\u0131 g\u00f6r\u00fclebiliyordu. Sonu\u00e7 \u00e7ok g\u00fczel ve simetrik oldu. Yeni v\u00fccut \u015feklimden \u00e7ok memnun kald\u0131m! Mutlu ve \u00f6zellikle sa\u011fl\u0131kl\u0131 bir \u015fekilde hastaneden ayr\u0131larak \u0130stanbul\u2019da birka\u00e7 g\u00fcn daha keyifli vakit ge\u00e7irebildim. Birka\u00e7 g\u00fcn sonra, on g\u00fcnl\u00fck kal\u0131\u015f\u0131m\u0131n ard\u0131ndan eve d\u00f6nmeden \u00f6nce cerrah son kontrol\u00fc yapt\u0131. U\u00e7akta hi\u00e7 a\u011fr\u0131 hissetmedim ve sonraki g\u00fcnler ile haftalar sorunsuz ge\u00e7ti. Ameliyattan bu yana iki aydan fazla ge\u00e7ti. \u0130zler h\u00e2l\u00e2 biraz k\u0131zar\u0131k, ama iyile\u015fme iyi ilerliyor. Klinikten ald\u0131\u011f\u0131m destekleyici s\u00fctyen m\u00fckemmel uyuyor; hem g\u00fcnd\u00fcz<\/p>\n","protected":false},"author":4,"featured_media":0,"parent":4505,"menu_order":0,"comment_status":"closed","ping_status":"closed","template":"","meta":{"_joinchat":[],"footnotes":""},"class_list":["post-4599","page","type-page","status-publish","hentry"],"acf":[],"_links":{"self":[{"href":"https:\/\/medicaltravel.at\/tr\/wp-json\/wp\/v2\/pages\/4599","targetHints":{"allow":["GET"]}}],"collection":[{"href":"https:\/\/medicaltravel.at\/tr\/wp-json\/wp\/v2\/pages"}],"about":[{"href":"https:\/\/medicaltravel.at\/tr\/wp-json\/wp\/v2\/types\/page"}],"author":[{"embeddable":true,"href":"https:\/\/medicaltravel.at\/tr\/wp-json\/wp\/v2\/users\/4"}],"replies":[{"embeddable":true,"href":"https:\/\/medicaltravel.at\/tr\/wp-json\/wp\/v2\/comments?post=4599"}],"version-history":[{"count":3,"href":"https:\/\/medicaltravel.at\/tr\/wp-json\/wp\/v2\/pages\/4599\/revisions"}],"predecessor-version":[{"id":5543,"href":"https:\/\/medicaltravel.at\/tr\/wp-json\/wp\/v2\/pages\/4599\/revisions\/5543"}],"up":[{"embeddable":true,"href":"https:\/\/medicaltravel.at\/tr\/wp-json\/wp\/v2\/pages\/4505"}],"wp:attachment":[{"href":"https:\/\/medicaltravel.at\/tr\/wp-json\/wp\/v2\/media?parent=4599"}],"curies":[{"name":"wp","href":"https:\/\/api.w.org\/{rel}","templated":true}]}}