{"id":4597,"date":"2025-09-28T09:19:58","date_gmt":"2025-09-28T08:19:58","guid":{"rendered":"https:\/\/medicaltravel.at\/hasta-hikayeleri\/goerues-raporlari-2012\/samuel-muellerin-goez-lazer-tedavisi-icin-istanbul-acibadem-maslak-klinigine-seyahat-raporu-18-temmuz-2013-persembe-tarihli-rapor\/"},"modified":"2026-01-13T14:54:49","modified_gmt":"2026-01-13T13:54:49","slug":"samuel-muellerin-goez-lazer-tedavisi-icin-istanbul-acibadem-maslak-klinigine-seyahat-raporu-18-temmuz-2013-persembe-tarihli-rapor","status":"publish","type":"page","link":"https:\/\/medicaltravel.at\/tr\/hasta-hikayeleri\/goerues-raporlari-2012\/samuel-muellerin-goez-lazer-tedavisi-icin-istanbul-acibadem-maslak-klinigine-seyahat-raporu-18-temmuz-2013-persembe-tarihli-rapor\/","title":{"rendered":"Samuel M\u00fcller\u2019in G\u00f6z Lazer Tedavisi i\u00e7in \u0130stanbul Ac\u0131badem Maslak Klini\u011fi\u2019ne Seyahat Raporu \u2013 18 Temmuz 2013 Per\u015fembe Tarihli Rapor"},"content":{"rendered":"\n<p><strong>Samuel M\u00fcller\u2019in G\u00f6z Lazer Tedavisi i\u00e7in \u0130stanbul Ac\u0131badem Maslak Klini\u011fi\u2019ne Seyahat Raporu<\/strong> \u2013 18 Temmuz 2013 Per\u015fembe Tarihli Rapor<\/p>\n\n<figure class=\"wp-block-image size-full\"><img decoding=\"async\" width=\"120\" height=\"80\" src=\"https:\/\/medicaltravel.at\/wp-content\/uploads\/2025\/09\/csm_Fotolia_5960726_L_Augenlied_10_ad7e6a7323.jpg\" alt=\"\" class=\"wp-image-1098\"\/><\/figure>\n\n<p>Uzun d\u00fc\u015f\u00fcnceler ve fiyat kar\u015f\u0131la\u015ft\u0131rmalar\u0131ndan sonra g\u00f6zlerimi \u0130stanbul\u2019da lazer yapt\u0131rmaya karar verdim. Aile ve arkada\u015f \u00e7evresinden gelen \u00e7ekincelere ra\u011fmen bu ad\u0131m\u0131 att\u0131m ve bu i\u015flemi yurt d\u0131\u015f\u0131nda yapt\u0131rd\u0131\u011f\u0131ma hi\u00e7 pi\u015fman de\u011filim. SwissLasik \u00fczerinden rezervasyon sorunsuz ger\u00e7ekle\u015fti, bilgilendirme materyalleri ve seyahat belgeleri birka\u00e7 g\u00fcn i\u00e7inde posta kutuma ula\u015ft\u0131. U\u00e7u\u015f 10 Temmuz\u2019da ger\u00e7ekle\u015fti. Ailem de bu f\u0131rsat\u0131 de\u011ferlendirerek benimle birlikte \u0130stanbul\u2019a geldi ve \u015fehri gezdi. \u0130stanbul\u2019a saat 2\u2019de vard\u0131k ve bizi bekleyen \u015fof\u00f6r g\u00fcvenli bir \u015fekilde Hotel Levent\u2019e g\u00f6t\u00fcrd\u00fc. Saat 3\u2019te Taksim Meydan\u0131\u2019na do\u011fru yola \u00e7\u0131kt\u0131k. Lezzetli bir T\u00fcrk ak\u015fam yeme\u011fi ile ilk g\u00fcn tamamland\u0131. 11 Temmuz sabah\u0131 biraz gergindim; \u00e7\u00fcnk\u00fc e\u011fer \u00f6n muayene iyi sonu\u00e7lan\u0131rsa operasyon bug\u00fcn ger\u00e7ekle\u015fecekti. Otelde kapsaml\u0131 bir kahvalt\u0131dan sonra \u015fof\u00f6r beni Ac\u0131badem Hastanesi\u2019ne g\u00f6t\u00fcrd\u00fc. \u00d6n muayene uzun s\u00fcrd\u00fc, ama bu bana her \u015feyin detayl\u0131ca kontrol edildi\u011fini g\u00f6sterdi. T\u00fcm s\u00fcre\u00e7 boyunca hastanede Almanca konu\u015fan bir g\u00f6revli yan\u0131mdayd\u0131. Bana hi\u00e7 ayr\u0131lmadan doktorlar\u0131n s\u00f6ylediklerini \u00e7evirdi. Saat 12\u2019ye do\u011fru \u00f6n muayene tamamland\u0131 ve operasyon i\u00e7in hi\u00e7bir engel kalmam\u0131\u015ft\u0131. Maalesef operasyon saat 4\u2019e planlanm\u0131\u015ft\u0131 ve bu s\u00fcre boyunca beklemem gerekti. Operasyon s\u0131ras\u0131nda ise baz\u0131 a\u011fr\u0131lar hissettim. Benim sorunlu olan durumum dar ve derin g\u00f6z \u00e7ukurlar\u0131yd\u0131, bu da cihazlar\u0131n yerle\u015ftirilmesini zorla\u015ft\u0131r\u0131yordu. Lazer i\u015flemi ise a\u011fr\u0131s\u0131zd\u0131, sadece rahats\u0131z edici bir his vard\u0131. 40 dakika sonra \u015fof\u00f6r beni tekrar otele g\u00f6t\u00fcrd\u00fc ve hemen dinlenmeye yatt\u0131m. G\u00f6zlerim \u00e7ok sulan\u0131yordu ve neredeyse hi\u00e7bir \u015fey g\u00f6remiyordum. Gece boyunca bu durum olduk\u00e7a iyile\u015fti. 12 Temmuz\u2019da art\u0131k iyi g\u00f6rebiliyor ve otelde kahvalt\u0131y\u0131 sorunsuz yapabiliyordum. \u015eof\u00f6r beni tekrar kontrole g\u00f6t\u00fcrd\u00fc. Kontrol sonucunda her \u015feyin yolunda oldu\u011fu, g\u00f6zlerimde enfeksiyon veya iltihap olmad\u0131\u011f\u0131 ve art\u0131k %100 g\u00f6rd\u00fc\u011f\u00fcm bildirildi. B\u00f6ylece \u00f6\u011fleden sonray\u0131 ailemle birlikte \u015fehri gezerek de\u011ferlendirebildim. 13 Temmuz sabah\u0131n\u0131 da \u015fehir turu i\u00e7in kulland\u0131k. \u00d6\u011fle saatlerinde \u015fof\u00f6r bizi havaalan\u0131na g\u00f6t\u00fcrd\u00fc ve \u0130svi\u00e7re\u2019ye geri d\u00f6nd\u00fck. T\u00fcm seyahat \u00e7ok iyi organize edilmi\u015fti; havaalan\u0131 \u2013 otel \u2013 hastane \u2013 otel \u2013 havaalan\u0131 transferleri sorunsuz ger\u00e7ekle\u015fti. Hastanede her zaman bekleniyordum ve Almanca destek sa\u011flan\u0131yordu. Doktor ve personel \u00e7ok yetkin ve profesyoneldi; kendimi hep iyi ellerde hissettim.                                   Bu seyahati hemen tekrar SwissLasik ile organize eder ve g\u00f6zlerimi \u0130stanbul\u2019da lazer yapt\u0131r\u0131rd\u0131m, herkese de kesinlikle tavsiye ederim! \u0130svi\u00e7re\u2019de de kontroller i\u00e7in Z\u00fcrih\u2019te doktora gittim ve arad\u0131\u011f\u0131m g\u00fcn ayn\u0131 g\u00fcn kontrol randevusu alabildim. G\u00f6zlerini lazer yapt\u0131rmak isteyen herkesi cesaretlendirebilirim. Ayr\u0131ca maliyet tasarrufu sa\u011flarken \u0130stanbul\u2019u gezme f\u0131rsat\u0131 da elde ediyorsunuz. N\u00e4fels, 17.07.2013    <\/p>\n\n<div class=\"wp-block-group is-layout-grid wp-container-core-group-is-layout-baef362d wp-block-group-is-layout-grid\">\n<p><a href=\"https:\/\/medicaltravel.at\/home\/agb\/\" data-type=\"page\" data-id=\"2191\"><\/a><a href=\"https:\/\/medicaltravel.at\/tr\/hasta-hikayeleri\/goerues-raporlari-2012\/cifte-lazer-ameliyati-17-eyluel-2013-sali-tarihli-rapor\/\" data-type=\"link\" data-id=\"https:\/\/medicaltravel.at\/berichte-von-patienten\/erfahrungsberichte-2012\/laser-op-im-doppelpack-bericht-vom-dienstag-17-september-2013\/\">\u00d6nceki Rapor<\/a><\/p>\n\n\n\n<p class=\"has-text-align-right wp-container-content-5e2576f9\"><a href=\"https:\/\/medicaltravel.at\/home\/impressum\/\" data-type=\"page\" data-id=\"2193\"><\/a><a href=\"https:\/\/medicaltravel.at\/home\/berichte-von-patienten\/erfahrungsberichte\/erfahrungsbericht-zahnbehandlung-in-istanbul\/\" data-type=\"page\" data-id=\"981\"><\/a><a href=\"https:\/\/medicaltravel.at\/tr\/hasta-hikayeleri\/goerues-raporlari-2012\/istanbulda-goez-ameliyati-hasta-raporu-8-temmuz-2013-pazartesi-tarihli-rapor\/\" data-type=\"link\" data-id=\"https:\/\/medicaltravel.at\/berichte-von-patienten\/erfahrungsberichte-2012\/patientenbericht-augenoperation-in-istanbul-bericht-vom-montag-08-juli-2013\/\">Sonraki Rapor<\/a><\/p>\n<\/div>\n\n<p><\/p>\n","protected":false},"excerpt":{"rendered":"<p>Samuel M\u00fcller\u2019in G\u00f6z Lazer Tedavisi i\u00e7in \u0130stanbul Ac\u0131badem Maslak Klini\u011fi\u2019ne Seyahat Raporu \u2013 18 Temmuz 2013 Per\u015fembe Tarihli Rapor Uzun d\u00fc\u015f\u00fcnceler ve fiyat kar\u015f\u0131la\u015ft\u0131rmalar\u0131ndan sonra g\u00f6zlerimi \u0130stanbul\u2019da lazer yapt\u0131rmaya karar verdim. Aile ve arkada\u015f \u00e7evresinden gelen \u00e7ekincelere ra\u011fmen bu ad\u0131m\u0131 att\u0131m ve bu i\u015flemi yurt d\u0131\u015f\u0131nda yapt\u0131rd\u0131\u011f\u0131ma hi\u00e7 pi\u015fman de\u011filim. SwissLasik \u00fczerinden rezervasyon sorunsuz ger\u00e7ekle\u015fti, bilgilendirme materyalleri ve seyahat belgeleri birka\u00e7 g\u00fcn i\u00e7inde posta kutuma ula\u015ft\u0131. U\u00e7u\u015f 10 Temmuz\u2019da ger\u00e7ekle\u015fti. Ailem de bu f\u0131rsat\u0131 de\u011ferlendirerek benimle birlikte \u0130stanbul\u2019a geldi ve \u015fehri gezdi. \u0130stanbul\u2019a saat 2\u2019de vard\u0131k ve bizi bekleyen \u015fof\u00f6r g\u00fcvenli bir \u015fekilde Hotel Levent\u2019e g\u00f6t\u00fcrd\u00fc. Saat 3\u2019te Taksim Meydan\u0131\u2019na do\u011fru yola \u00e7\u0131kt\u0131k. Lezzetli bir T\u00fcrk ak\u015fam yeme\u011fi ile ilk g\u00fcn tamamland\u0131. 11 Temmuz sabah\u0131 biraz gergindim; \u00e7\u00fcnk\u00fc e\u011fer \u00f6n muayene iyi sonu\u00e7lan\u0131rsa operasyon bug\u00fcn ger\u00e7ekle\u015fecekti. Otelde kapsaml\u0131 bir kahvalt\u0131dan sonra \u015fof\u00f6r beni Ac\u0131badem Hastanesi\u2019ne g\u00f6t\u00fcrd\u00fc. \u00d6n muayene uzun s\u00fcrd\u00fc, ama bu bana her \u015feyin detayl\u0131ca kontrol edildi\u011fini g\u00f6sterdi. T\u00fcm s\u00fcre\u00e7 boyunca hastanede Almanca konu\u015fan bir g\u00f6revli yan\u0131mdayd\u0131. Bana hi\u00e7 ayr\u0131lmadan doktorlar\u0131n s\u00f6ylediklerini \u00e7evirdi. Saat 12\u2019ye do\u011fru \u00f6n muayene tamamland\u0131 ve operasyon i\u00e7in hi\u00e7bir engel kalmam\u0131\u015ft\u0131. Maalesef operasyon saat 4\u2019e planlanm\u0131\u015ft\u0131 ve bu s\u00fcre boyunca beklemem gerekti. Operasyon s\u0131ras\u0131nda ise baz\u0131 a\u011fr\u0131lar hissettim. Benim sorunlu olan durumum dar ve derin g\u00f6z \u00e7ukurlar\u0131yd\u0131, bu da cihazlar\u0131n yerle\u015ftirilmesini zorla\u015ft\u0131r\u0131yordu. Lazer i\u015flemi ise a\u011fr\u0131s\u0131zd\u0131, sadece rahats\u0131z edici bir his vard\u0131. 40 dakika sonra \u015fof\u00f6r beni tekrar otele g\u00f6t\u00fcrd\u00fc ve hemen dinlenmeye yatt\u0131m. G\u00f6zlerim \u00e7ok sulan\u0131yordu ve neredeyse hi\u00e7bir \u015fey g\u00f6remiyordum. Gece boyunca bu durum olduk\u00e7a iyile\u015fti. 12 Temmuz\u2019da art\u0131k iyi g\u00f6rebiliyor ve otelde kahvalt\u0131y\u0131 sorunsuz yapabiliyordum. \u015eof\u00f6r beni tekrar kontrole g\u00f6t\u00fcrd\u00fc. Kontrol sonucunda her \u015feyin yolunda oldu\u011fu, g\u00f6zlerimde enfeksiyon veya iltihap olmad\u0131\u011f\u0131 ve art\u0131k %100 g\u00f6rd\u00fc\u011f\u00fcm bildirildi. B\u00f6ylece \u00f6\u011fleden sonray\u0131 ailemle birlikte \u015fehri gezerek de\u011ferlendirebildim. 13 Temmuz sabah\u0131n\u0131 da \u015fehir turu i\u00e7in kulland\u0131k. \u00d6\u011fle saatlerinde \u015fof\u00f6r bizi havaalan\u0131na g\u00f6t\u00fcrd\u00fc ve \u0130svi\u00e7re\u2019ye geri d\u00f6nd\u00fck. T\u00fcm seyahat \u00e7ok iyi organize edilmi\u015fti; havaalan\u0131 \u2013 otel \u2013 hastane \u2013 otel \u2013 havaalan\u0131 transferleri sorunsuz ger\u00e7ekle\u015fti. Hastanede her zaman bekleniyordum ve Almanca destek sa\u011flan\u0131yordu. Doktor ve personel \u00e7ok yetkin ve profesyoneldi; kendimi hep iyi ellerde hissettim. Bu seyahati hemen tekrar SwissLasik ile organize eder ve g\u00f6zlerimi \u0130stanbul\u2019da lazer yapt\u0131r\u0131rd\u0131m, herkese de kesinlikle tavsiye ederim! \u0130svi\u00e7re\u2019de de kontroller i\u00e7in Z\u00fcrih\u2019te doktora gittim ve arad\u0131\u011f\u0131m g\u00fcn ayn\u0131 g\u00fcn kontrol randevusu alabildim. G\u00f6zlerini lazer yapt\u0131rmak isteyen herkesi cesaretlendirebilirim. Ayr\u0131ca maliyet tasarrufu sa\u011flarken \u0130stanbul\u2019u gezme f\u0131rsat\u0131 da elde ediyorsunuz. N\u00e4fels, 17.07.2013 \u00d6nceki Rapor Sonraki Rapor<\/p>\n","protected":false},"author":4,"featured_media":0,"parent":4505,"menu_order":0,"comment_status":"closed","ping_status":"closed","template":"","meta":{"_joinchat":[],"footnotes":""},"class_list":["post-4597","page","type-page","status-publish","hentry"],"acf":[],"_links":{"self":[{"href":"https:\/\/medicaltravel.at\/tr\/wp-json\/wp\/v2\/pages\/4597","targetHints":{"allow":["GET"]}}],"collection":[{"href":"https:\/\/medicaltravel.at\/tr\/wp-json\/wp\/v2\/pages"}],"about":[{"href":"https:\/\/medicaltravel.at\/tr\/wp-json\/wp\/v2\/types\/page"}],"author":[{"embeddable":true,"href":"https:\/\/medicaltravel.at\/tr\/wp-json\/wp\/v2\/users\/4"}],"replies":[{"embeddable":true,"href":"https:\/\/medicaltravel.at\/tr\/wp-json\/wp\/v2\/comments?post=4597"}],"version-history":[{"count":1,"href":"https:\/\/medicaltravel.at\/tr\/wp-json\/wp\/v2\/pages\/4597\/revisions"}],"predecessor-version":[{"id":4598,"href":"https:\/\/medicaltravel.at\/tr\/wp-json\/wp\/v2\/pages\/4597\/revisions\/4598"}],"up":[{"embeddable":true,"href":"https:\/\/medicaltravel.at\/tr\/wp-json\/wp\/v2\/pages\/4505"}],"wp:attachment":[{"href":"https:\/\/medicaltravel.at\/tr\/wp-json\/wp\/v2\/media?parent=4597"}],"curies":[{"name":"wp","href":"https:\/\/api.w.org\/{rel}","templated":true}]}}