{"id":4594,"date":"2025-09-28T09:45:11","date_gmt":"2025-09-28T08:45:11","guid":{"rendered":"https:\/\/medicaltravel.at\/hasta-hikayeleri\/goerues-raporlari-2012\/istanbul-gezisi-28-31-mart-2012-ameliyat-29-mart-16-mayis-2012-carsamba-tarihli-rapor\/"},"modified":"2026-01-13T15:15:04","modified_gmt":"2026-01-13T14:15:04","slug":"istanbul-gezisi-28-31-mart-2012-ameliyat-29-mart-16-mayis-2012-carsamba-tarihli-rapor","status":"publish","type":"page","link":"https:\/\/medicaltravel.at\/tr\/hasta-hikayeleri\/goerues-raporlari-2012\/istanbul-gezisi-28-31-mart-2012-ameliyat-29-mart-16-mayis-2012-carsamba-tarihli-rapor\/","title":{"rendered":"\u0130stanbul Gezisi 28-31 Mart 2012, Ameliyat 29 Mart \u2013 16 May\u0131s 2012 \u00c7ar\u015famba Tarihli Rapor"},"content":{"rendered":"\n<p><strong>\u0130stanbul Gezisi 28-31 Mart 2012, Ameliyat 29 Mart <\/strong>\u2013 16 May\u0131s 2012 \u00c7ar\u015famba Tarihli Rapor<\/p>\n\n\n\n<p>Biz d\u00f6rtl\u00fc olarak \u0130stanbul\u2019a g\u00f6z lazeri yapt\u0131rmak i\u00e7in gittik. Biz d\u00f6rt ki\u015fi bunu uzun zamand\u0131r yapt\u0131rmak istiyorduk ve ben daha \u00f6nce Z\u00fcrih\u2019te bir bilgilendirme toplant\u0131s\u0131na kat\u0131lm\u0131\u015ft\u0131m. Toplant\u0131 \u00e7ok iyiydi ama yine de ger\u00e7ekten T\u00fcrkiye\u2019ye gidip gitmemem konusunda emin de\u011fildim. Sonra bir tan\u0131d\u0131\u011f\u0131m bana Almanya\u2019daki bir klinik adresi verdi. D\u00f6rt\u00fcm\u00fcz de \u00f6n muayene i\u00e7in oraya gittik ve g\u00f6zlerimizi lazerle tedavi edebileceklerimizi do\u011frulad\u0131lar. Sonra bir tarih belirledik ve posta ile bir maliyet tahmini ald\u0131k. Fiyat 3.100 Euro\u2019dan ba\u015fl\u0131yor ve daha y\u00fcksek diyoptrilerde daha pahal\u0131 oluyordu. Bir reklamda g\u00f6z ba\u015f\u0131na 790 Euro deniyordu, bu da bizi biraz teredd\u00fctte b\u0131rakt\u0131. Y\u00fcksek fiyat nedeniyle birka\u00e7 telefon ve soru\u015fturmadan sonra Swisslasik\u2019ten bir teklif ald\u0131k.<br><br>Her \u015fey \u00f6yle sorunsuz ve m\u00fckemmel ilerledi ki \u2013 6 Mart\u2019ta teklif ald\u0131k, 28 Mart\u2019ta u\u00e7ak, 29 Mart\u2019ta operasyon \u2013 biz d\u00f6rt ki\u015fi de Swisslasik ile rezervasyon yapt\u0131k. Arkada\u015flar\u0131m\u0131z\u0131n tepkisi hep ayn\u0131yd\u0131: Ne kadar cesursunuz, bunu T\u00fcrkiye\u2019de nas\u0131l yapars\u0131n\u0131z vs. Ben \u00f6nceden \u00e7ok iyi ara\u015ft\u0131rma yapm\u0131\u015ft\u0131m ve do\u011fru karar\u0131 verdi\u011fime hep emin oldum. Ve ger\u00e7ekten de \u00f6yle oldu: Havaalan\u0131ndan al\u0131nd\u0131k ve otele g\u00f6t\u00fcr\u00fcld\u00fck. Sonra bazara gittik ve al\u0131\u015fveri\u015f yapt\u0131k.<br><br>Ertesi g\u00fcn otelden tam zaman\u0131nda al\u0131nd\u0131k ve Ac\u0131badem Klinik\u2019e g\u00f6t\u00fcr\u00fcld\u00fck. Bizimle birlikte \u0130svi\u00e7re\u2019den bir ki\u015fi daha geldi, o da g\u00f6z lazeri yapt\u0131r\u0131yordu. Yani be\u015f ki\u015fi olduk ve tekrar t\u00fcm muayeneler yap\u0131ld\u0131. Her zaman bir terc\u00fcman yan\u0131m\u0131zdayd\u0131, doktorla konu\u015furken de ayn\u0131 \u015fekilde. Hep g\u00fcvende hissettim. \u00d6\u011fle yeme\u011fini kafeteryada yedik ve 14:00\u2019te operasyonun ba\u015flayaca\u011f\u0131n\u0131 \u00f6\u011frendik. Ben olduk\u00e7a gergindim. Operasyon s\u0131ras\u0131nda da terc\u00fcman yan\u0131m\u0131zdayd\u0131 ve ne yapmam gerekti\u011fini s\u00f6yledi. Harikayd\u0131, asla yaln\u0131z hissetmedim ve bir \u015fey anla\u015f\u0131lmazsa sorabiliyordum.<br><br>Be\u015f ki\u015finin de operasyonu ba\u015far\u0131l\u0131 ge\u00e7ti ve muayeneden sonra g\u00f6z damlas\u0131 ve koruyucu g\u00f6zl\u00fck verilip tekrar otele g\u00f6t\u00fcr\u00fcld\u00fck. 4 saat dinlendik \u2013 herkes uyudu \u2013 g\u00f6zler biraz ka\u015f\u0131n\u0131yordu ama hi\u00e7 kimse a\u011fr\u0131 hissetmedi. Bu 4 saatin sonunda g\u00f6zlerim olduk\u00e7a net g\u00f6r\u00fcyordu. Baz\u0131lar\u0131 ak\u015fam yeme\u011fine gitti, di\u011ferleri b\u00fct\u00fcn gece uyudu.<br><br>Ertesi g\u00fcn kontrole g\u00f6t\u00fcr\u00fcld\u00fck ve tekrar klini\u011fe gittik. T\u00fcm kontroller terc\u00fcman e\u015fli\u011finde yap\u0131ld\u0131 ve herkes i\u00e7in sonu\u00e7 olumlu oldu. Operasyon herkes i\u00e7in ba\u015far\u0131l\u0131 ge\u00e7ti. Z\u00fcrih\u2019teki ilk kontrolden sonra bile \u00e7ok memnunum ve Swisslasik\u2019i kesinlikle tavsiye ederim. Biz her \u015feyi olduk\u00e7a k\u0131sa s\u00fcrede ve \u00e7ok uygun bir fiyata ayarlad\u0131k. Hizmet, bilgi, ilgi, operasyon, otel \u2013 hepsi s\u00f6z verildi\u011fi gibi oldu. Swisslasik\u2019i se\u00e7ti\u011fim i\u00e7in \u00e7ok mutluyum.                                  Biz d\u00f6rtl\u00fc olarak art\u0131k hepsi %100 g\u00f6rebiliyoruz ve \u00e7ok mutluyuz. \u0130stanbul\u2019u \u00e7ok g\u00fczel ve ilgin\u00e7 bir \u015fehir olarak tan\u0131d\u0131m. T\u00fcrkler \u00e7ok nazik ve yard\u0131msever insanlar. Kesinlikle bir g\u00fcn tekrar \u0130stanbul\u2019a gidece\u011fim ve \u015fehri yeniden gezece\u011fim. T\u00fcm \u00e7abalar\u0131n\u0131z i\u00e7in \u00e7ok te\u015fekk\u00fcr ederim. \u0130sterim ki di\u011fer m\u00fc\u015fterilerin sorular\u0131 i\u00e7in de her zaman yard\u0131mc\u0131 olabilirim.      <\/p>\n\n\n\n<div class=\"wp-block-group is-layout-grid wp-container-core-group-is-layout-baef362d wp-block-group-is-layout-grid\">\n<p><a href=\"https:\/\/medicaltravel.at\/home\/agb\/\" data-type=\"page\" data-id=\"2191\"><\/a><a href=\"https:\/\/medicaltravel.at\/tr\/hasta-hikayeleri\/goerues-raporlari-2012\/goezlueksuez-goerme-hayali-istanbulda-gerceklesti-18-mayis-2012-cuma-tarihli-rapor\/\" data-type=\"link\" data-id=\"https:\/\/medicaltravel.at\/berichte-von-patienten\/erfahrungsberichte-2012\/der-traum-vom-brillenlosen-sehen-in-istanbul-wurde-er-erfuellt-bericht-vom-freitag-18-mai-2012\/\">\u00d6nceki Rapor<\/a><\/p>\n\n\n\n<p class=\"has-text-align-right wp-container-content-5e2576f9\"><a href=\"https:\/\/medicaltravel.at\/home\/impressum\/\" data-type=\"page\" data-id=\"2193\"><\/a><a href=\"https:\/\/medicaltravel.at\/home\/berichte-von-patienten\/erfahrungsberichte\/erfahrungsbericht-zahnbehandlung-in-istanbul\/\" data-type=\"page\" data-id=\"981\"><\/a><a href=\"https:\/\/medicaltravel.at\/tr\/hasta-hikayeleri\/goerues-raporlari-2012\/goezleri-oezguer-yasamanin-verdigi-yeni-hayat-hissi-paha-bicilemez-6-mayis-2012-pazar-tarihli-rapor\/\" data-type=\"link\" data-id=\"https:\/\/medicaltravel.at\/tr\/hasta-hikayeleri\/goerues-raporlari-2012\/goezleri-oezguer-yasamanin-verdigi-yeni-hayat-hissi-paha-bicilemez-6-mayis-2012-pazar-tarihli-rapor\/\">Sonraki Rapor<\/a><\/p>\n<\/div>\n","protected":false},"excerpt":{"rendered":"<p>\u0130stanbul Gezisi 28-31 Mart 2012, Ameliyat 29 Mart \u2013 16 May\u0131s 2012 \u00c7ar\u015famba Tarihli Rapor Biz d\u00f6rtl\u00fc olarak \u0130stanbul\u2019a g\u00f6z lazeri yapt\u0131rmak i\u00e7in gittik. Biz d\u00f6rt ki\u015fi bunu uzun zamand\u0131r yapt\u0131rmak istiyorduk ve ben daha \u00f6nce Z\u00fcrih\u2019te bir bilgilendirme toplant\u0131s\u0131na kat\u0131lm\u0131\u015ft\u0131m. Toplant\u0131 \u00e7ok iyiydi ama yine de ger\u00e7ekten T\u00fcrkiye\u2019ye gidip gitmemem konusunda emin de\u011fildim. Sonra bir tan\u0131d\u0131\u011f\u0131m bana Almanya\u2019daki bir klinik adresi verdi. D\u00f6rt\u00fcm\u00fcz de \u00f6n muayene i\u00e7in oraya gittik ve g\u00f6zlerimizi lazerle tedavi edebileceklerimizi do\u011frulad\u0131lar. Sonra bir tarih belirledik ve posta ile bir maliyet tahmini ald\u0131k. Fiyat 3.100 Euro\u2019dan ba\u015fl\u0131yor ve daha y\u00fcksek diyoptrilerde daha pahal\u0131 oluyordu. Bir reklamda g\u00f6z ba\u015f\u0131na 790 Euro deniyordu, bu da bizi biraz teredd\u00fctte b\u0131rakt\u0131. Y\u00fcksek fiyat nedeniyle birka\u00e7 telefon ve soru\u015fturmadan sonra Swisslasik\u2019ten bir teklif ald\u0131k. Her \u015fey \u00f6yle sorunsuz ve m\u00fckemmel ilerledi ki \u2013 6 Mart\u2019ta teklif ald\u0131k, 28 Mart\u2019ta u\u00e7ak, 29 Mart\u2019ta operasyon \u2013 biz d\u00f6rt ki\u015fi de Swisslasik ile rezervasyon yapt\u0131k. Arkada\u015flar\u0131m\u0131z\u0131n tepkisi hep ayn\u0131yd\u0131: Ne kadar cesursunuz, bunu T\u00fcrkiye\u2019de nas\u0131l yapars\u0131n\u0131z vs. Ben \u00f6nceden \u00e7ok iyi ara\u015ft\u0131rma yapm\u0131\u015ft\u0131m ve do\u011fru karar\u0131 verdi\u011fime hep emin oldum. Ve ger\u00e7ekten de \u00f6yle oldu: Havaalan\u0131ndan al\u0131nd\u0131k ve otele g\u00f6t\u00fcr\u00fcld\u00fck. Sonra bazara gittik ve al\u0131\u015fveri\u015f yapt\u0131k. Ertesi g\u00fcn otelden tam zaman\u0131nda al\u0131nd\u0131k ve Ac\u0131badem Klinik\u2019e g\u00f6t\u00fcr\u00fcld\u00fck. Bizimle birlikte \u0130svi\u00e7re\u2019den bir ki\u015fi daha geldi, o da g\u00f6z lazeri yapt\u0131r\u0131yordu. Yani be\u015f ki\u015fi olduk ve tekrar t\u00fcm muayeneler yap\u0131ld\u0131. Her zaman bir terc\u00fcman yan\u0131m\u0131zdayd\u0131, doktorla konu\u015furken de ayn\u0131 \u015fekilde. Hep g\u00fcvende hissettim. \u00d6\u011fle yeme\u011fini kafeteryada yedik ve 14:00\u2019te operasyonun ba\u015flayaca\u011f\u0131n\u0131 \u00f6\u011frendik. Ben olduk\u00e7a gergindim. Operasyon s\u0131ras\u0131nda da terc\u00fcman yan\u0131m\u0131zdayd\u0131 ve ne yapmam gerekti\u011fini s\u00f6yledi. Harikayd\u0131, asla yaln\u0131z hissetmedim ve bir \u015fey anla\u015f\u0131lmazsa sorabiliyordum. Be\u015f ki\u015finin de operasyonu ba\u015far\u0131l\u0131 ge\u00e7ti ve muayeneden sonra g\u00f6z damlas\u0131 ve koruyucu g\u00f6zl\u00fck verilip tekrar otele g\u00f6t\u00fcr\u00fcld\u00fck. 4 saat dinlendik \u2013 herkes uyudu \u2013 g\u00f6zler biraz ka\u015f\u0131n\u0131yordu ama hi\u00e7 kimse a\u011fr\u0131 hissetmedi. Bu 4 saatin sonunda g\u00f6zlerim olduk\u00e7a net g\u00f6r\u00fcyordu. Baz\u0131lar\u0131 ak\u015fam yeme\u011fine gitti, di\u011ferleri b\u00fct\u00fcn gece uyudu. Ertesi g\u00fcn kontrole g\u00f6t\u00fcr\u00fcld\u00fck ve tekrar klini\u011fe gittik. T\u00fcm kontroller terc\u00fcman e\u015fli\u011finde yap\u0131ld\u0131 ve herkes i\u00e7in sonu\u00e7 olumlu oldu. Operasyon herkes i\u00e7in ba\u015far\u0131l\u0131 ge\u00e7ti. Z\u00fcrih\u2019teki ilk kontrolden sonra bile \u00e7ok memnunum ve Swisslasik\u2019i kesinlikle tavsiye ederim. Biz her \u015feyi olduk\u00e7a k\u0131sa s\u00fcrede ve \u00e7ok uygun bir fiyata ayarlad\u0131k. Hizmet, bilgi, ilgi, operasyon, otel \u2013 hepsi s\u00f6z verildi\u011fi gibi oldu. Swisslasik\u2019i se\u00e7ti\u011fim i\u00e7in \u00e7ok mutluyum. Biz d\u00f6rtl\u00fc olarak art\u0131k hepsi %100 g\u00f6rebiliyoruz ve \u00e7ok mutluyuz. \u0130stanbul\u2019u \u00e7ok g\u00fczel ve ilgin\u00e7 bir \u015fehir olarak tan\u0131d\u0131m. T\u00fcrkler \u00e7ok nazik ve yard\u0131msever insanlar. Kesinlikle bir g\u00fcn tekrar \u0130stanbul\u2019a gidece\u011fim ve \u015fehri yeniden gezece\u011fim. T\u00fcm \u00e7abalar\u0131n\u0131z i\u00e7in \u00e7ok te\u015fekk\u00fcr ederim. \u0130sterim ki di\u011fer m\u00fc\u015fterilerin sorular\u0131 i\u00e7in de her zaman yard\u0131mc\u0131 olabilirim. \u00d6nceki Rapor Sonraki Rapor<\/p>\n","protected":false},"author":4,"featured_media":0,"parent":4505,"menu_order":0,"comment_status":"closed","ping_status":"closed","template":"","meta":{"_joinchat":[],"footnotes":""},"class_list":["post-4594","page","type-page","status-publish","hentry"],"acf":[],"_links":{"self":[{"href":"https:\/\/medicaltravel.at\/tr\/wp-json\/wp\/v2\/pages\/4594","targetHints":{"allow":["GET"]}}],"collection":[{"href":"https:\/\/medicaltravel.at\/tr\/wp-json\/wp\/v2\/pages"}],"about":[{"href":"https:\/\/medicaltravel.at\/tr\/wp-json\/wp\/v2\/types\/page"}],"author":[{"embeddable":true,"href":"https:\/\/medicaltravel.at\/tr\/wp-json\/wp\/v2\/users\/4"}],"replies":[{"embeddable":true,"href":"https:\/\/medicaltravel.at\/tr\/wp-json\/wp\/v2\/comments?post=4594"}],"version-history":[{"count":2,"href":"https:\/\/medicaltravel.at\/tr\/wp-json\/wp\/v2\/pages\/4594\/revisions"}],"predecessor-version":[{"id":5795,"href":"https:\/\/medicaltravel.at\/tr\/wp-json\/wp\/v2\/pages\/4594\/revisions\/5795"}],"up":[{"embeddable":true,"href":"https:\/\/medicaltravel.at\/tr\/wp-json\/wp\/v2\/pages\/4505"}],"wp:attachment":[{"href":"https:\/\/medicaltravel.at\/tr\/wp-json\/wp\/v2\/media?parent=4594"}],"curies":[{"name":"wp","href":"https:\/\/api.w.org\/{rel}","templated":true}]}}