{"id":4592,"date":"2025-09-28T09:21:57","date_gmt":"2025-09-28T08:21:57","guid":{"rendered":"https:\/\/medicaltravel.at\/hasta-hikayeleri\/goerues-raporlari-2012\/istanbulda-goez-ameliyati-hasta-raporu-8-temmuz-2013-pazartesi-tarihli-rapor\/"},"modified":"2026-01-13T14:55:17","modified_gmt":"2026-01-13T13:55:17","slug":"istanbulda-goez-ameliyati-hasta-raporu-8-temmuz-2013-pazartesi-tarihli-rapor","status":"publish","type":"page","link":"https:\/\/medicaltravel.at\/tr\/hasta-hikayeleri\/goerues-raporlari-2012\/istanbulda-goez-ameliyati-hasta-raporu-8-temmuz-2013-pazartesi-tarihli-rapor\/","title":{"rendered":"\u0130stanbul\u2019da G\u00f6z Ameliyat\u0131 Hasta Raporu \u2013 8 Temmuz 2013 Pazartesi Tarihli Rapor"},"content":{"rendered":"\n<p><strong>\u0130stanbul\u2019da G\u00f6z Ameliyat\u0131 Hasta Raporu <\/strong>\u2013 8 Temmuz 2013 Pazartesi Tarihli Rapor<\/p>\n\n\n\n<p>Yakla\u015f\u0131k olarak bir s\u00fcredir g\u00f6zl\u00fck takmama hakk\u0131nda hi\u00e7 d\u00fc\u015f\u00fcnmemi\u015ftim. G\u00f6zl\u00fc\u011f\u00fcm\u00fc takmay\u0131 seviyordum. Ama son y\u0131llarda kontakt lenslerle s\u00fcrekli sorunlar ya\u015f\u0131yordum. Tatilde ya da hava g\u00fczel oldu\u011funda, bir d\u00fckk\u00e2na veya restorana girdi\u011fimde s\u00fcrekli g\u00fcne\u015f g\u00f6zl\u00fc\u011f\u00fcm\u00fc d\u00fczeltmeli lensle de\u011fi\u015ftiriyordum, bu zamanla can s\u0131k\u0131c\u0131 hale gelmi\u015fti. Birka\u00e7 y\u0131l \u00f6nce karde\u015fimin arkada\u015f\u0131 g\u00f6zlerini \u0130stanbul\u2019da lazerlettirmi\u015fti. \u00c7ok memnundu ve ben de zaman zaman bunu d\u00fc\u015f\u00fcn\u00fcyordum. Ofiste de ara s\u0131ra bunun hakk\u0131nda konu\u015fuyorduk.<br><br>Bir g\u00fcn patronum ofise geldi ve kendisi ve o\u011flu bu ad\u0131m\u0131 atacaklar\u0131n\u0131 s\u00f6yledi: \u0130stanbul\u2019da g\u00f6z lazeri. Tamam, dedim, neden olmas\u0131n. Patronum internetten ara\u015ft\u0131rm\u0131\u015f ve sizi bulmu\u015ftu. \u00dc\u00e7\u00fcm\u00fcz de hemen heyecanland\u0131k ve bir gece d\u00fc\u015f\u00fcnd\u00fckten sonra \u0130stanbul\u2019a g\u00f6z lazeri yapt\u0131rmak i\u00e7in gitmeyi kabul ettim. \u00dc\u00e7\u00fcm\u00fcz\u00fcn ayn\u0131 operasyonu yapt\u0131racak olmas\u0131 benim i\u00e7in \u00e7ok rahatlat\u0131c\u0131yd\u0131. Ayr\u0131ca \u0130svi\u00e7re\u2019de kontrolleri yapt\u0131rabilme imk\u00e2n\u0131m\u0131z\u0131n olmas\u0131 da g\u00fcven vericiydi.<br><br>Her \u015fey \u00e7ok h\u0131zl\u0131 ilerledi. Herr Serdar Karaagacli e-posta ile bizi s\u00fcrekli bilgilendirdi ve her \u015feyi m\u00fckemmel organize etti. Operasyon tarihi 21.06.2013 olarak belirlendi ve biz 20.06.2013\u2019te \u0130stanbul\u2019a u\u00e7tuk. Pegasus Havayollar\u0131 ile ak\u015fam saat 18:00 civar\u0131nda \u0130stanbul\u2019a vard\u0131k, bir g\u00f6revli bizi havaalan\u0131nda kar\u015f\u0131lad\u0131 ve otele g\u00f6t\u00fcrd\u00fc. Otelde lezzetli bir ak\u015fam yeme\u011finden sonra operasyon g\u00fcn\u00fc dinlenmi\u015f olmak i\u00e7in uyuduk.<br><br>Operasyon g\u00fcn\u00fc, 21.06.2013 sabah\u0131 otelden al\u0131nd\u0131k ve direkt Ac\u0131badem Klinik\u2019e gittik. Bizi bir \u00e7al\u0131\u015fan kar\u015f\u0131lad\u0131, ard\u0131ndan terc\u00fcman\u0131m\u0131z bize kat\u0131ld\u0131. T\u00fcm g\u00fcn yan\u0131m\u0131zda olmas\u0131 ve her \u015feyi \u00e7evirmesi bizim i\u00e7in b\u00fcy\u00fck bir destek ve g\u00fcven vericiydi. T\u00fcm \u00f6n kontroller, klinikteki g\u00fcler y\u00fczl\u00fc personel taraf\u0131ndan h\u0131zl\u0131ca yap\u0131ld\u0131. Arada biraz beklememiz gerekti ama her \u015fey yolunda ilerliyordu. Ard\u0131ndan doktorumuzu tan\u0131d\u0131k ve tekrar muayene ettik. Terc\u00fcman\u0131m\u0131z operasyonun saat 14:30\u2019ta ba\u015flayaca\u011f\u0131n\u0131 ve hepimizin uygun oldu\u011funu s\u00f6yledi. Klinik i\u00e7inde k\u00fc\u00e7\u00fck bir \u015feyler yedik ve g\u00fcne\u015fli havada bekledik.<br><br>Herr G\u00f6khan Izlisu\u2019nun t\u00fcm g\u00fcn yan\u0131m\u0131zda olmas\u0131 benim i\u00e7in \u00e7ok rahatlat\u0131c\u0131yd\u0131. Sakinli\u011fi bana g\u00fcven verdi ve hi\u00e7 gergin olmad\u0131m. Doktora ve klini\u011fe b\u00fcy\u00fck bir g\u00fcven hissettim, bu y\u00fczden \u00e7ok heyecanlanmad\u0131m. Ama yine de operasyon \u00f6ncesi k\u0131sa s\u00fcreli bir sakinle\u015ftirici ald\u0131m. Kararla\u015ft\u0131r\u0131lan saatte i\u00e7eri girdik ve operasyon ba\u015flad\u0131. Ba\u015fta biraz garip hissettim ama her \u015feyin sorunsuz ge\u00e7ece\u011fine g\u00fcveniyordum. G\u00f6zlerime uyu\u015fukluk damlalar\u0131 damlat\u0131ld\u0131 ve k\u0131sa bekleyi\u015fin ard\u0131ndan operasyon ba\u015flad\u0131. Operasyon \u00e7ok h\u0131zl\u0131 ve sorunsuz ge\u00e7ti.<br><br>Operasyon sonras\u0131 koruyucu g\u00f6zl\u00fck tak\u0131ld\u0131 ve hemen tekrar kontrol edildi. Her \u015fey yolunda gitti ve doktor memnundu. Biz de \u00e7ok memnunduk. Operasyon sonras\u0131 hastanede g\u00f6zlerim \u0131\u015f\u0131\u011fa \u00e7ok hassast\u0131, g\u00f6zlerimi a\u00e7am\u0131yordum, sadece kapal\u0131 tutmak istiyordum. Sonra hemen otele d\u00f6n\u00fcp uzand\u0131k. A\u011fr\u0131m yoktu, sadece g\u00f6zlerimde hafif bir yanma hissi vard\u0131. Yakla\u015f\u0131k 4 saat dinlendikten sonra otel restoran\u0131nda g\u00fczel bir yemek yedik. G\u00fcne\u015f g\u00f6zl\u00fc\u011f\u00fc takarak keyifle oturduk ve hislerimizi payla\u015ft\u0131k. G\u00f6zl\u00fck veya kontakt lens olmadan g\u00f6rebilmek inan\u0131lmazd\u0131. Vay can\u0131na, inan\u0131lmaz!<br><br>Ertesi g\u00fcn tekrar kontrol vard\u0131 ve sonra \u0130stanbul\u2019u gezebildik. \u015eehir harikayd\u0131 ve kesinlikle en k\u0131sa zamanda daha fazlas\u0131n\u0131 g\u00f6rmek i\u00e7in tekrar gelmeyi planl\u0131yorum. Operasyondan bu yana iki hafta ge\u00e7ti ve h\u00e2l\u00e2 bazen kontakt lensimi \u00e7\u0131karma ihtiyac\u0131 hissediyorum, hihi. Ba\u015flang\u0131\u00e7ta \u00e7ok \u0131\u015f\u0131\u011fa hassast\u0131m, hatta ofiste g\u00fcne\u015f g\u00f6zl\u00fc\u011f\u00fc takt\u0131m. Ak\u015fam araba kullan\u0131rken di\u011fer ara\u00e7lar\u0131n \u0131\u015f\u0131klar\u0131 da g\u00f6z\u00fcm\u00fc al\u0131yordu. \u015eimdi ise her \u015fey daha iyiye gidiyor ve zamanla daha da iyi olacak.<br><br>G\u00f6zlerimi T\u00fcrkiye\u2019de lazerlettirme karar\u0131ndan son derece memnunum ve bunu herkese g\u00f6n\u00fcl rahatl\u0131\u011f\u0131yla tavsiye edebilirim. Bu, geri kazand\u0131\u011f\u0131n\u0131z bir ya\u015fam kalitesi. \u00c7ok mutluyum! SwissLasik ve Ac\u0131badem Klinik\u2019teki t\u00fcm \u00e7al\u0131\u015fanlara m\u00fckemmel ilgileri i\u00e7in te\u015fekk\u00fcrler.<br><br>Sevgiler<br>Corinne Amherd<\/p>\n\n\n\n<div class=\"wp-block-group is-layout-grid wp-container-core-group-is-layout-baef362d wp-block-group-is-layout-grid\">\n<p><a href=\"https:\/\/medicaltravel.at\/home\/agb\/\" data-type=\"page\" data-id=\"2191\"><\/a><a href=\"https:\/\/medicaltravel.at\/tr\/hasta-hikayeleri\/goerues-raporlari-2012\/samuel-muellerin-goez-lazer-tedavisi-icin-istanbul-acibadem-maslak-klinigine-seyahat-raporu-18-temmuz-2013-persembe-tarihli-rapor\/\" data-type=\"link\" data-id=\"https:\/\/medicaltravel.at\/tr\/hasta-hikayeleri\/goerues-raporlari-2012\/samuel-muellerin-goez-lazer-tedavisi-icin-istanbul-acibadem-maslak-klinigine-seyahat-raporu-18-temmuz-2013-persembe-tarihli-rapor\/\">\u00d6nceki Rapor<\/a><\/p>\n\n\n\n<p class=\"has-text-align-right wp-container-content-5e2576f9\"><a href=\"https:\/\/medicaltravel.at\/home\/impressum\/\" data-type=\"page\" data-id=\"2193\"><\/a><a href=\"https:\/\/medicaltravel.at\/home\/berichte-von-patienten\/erfahrungsberichte\/erfahrungsbericht-zahnbehandlung-in-istanbul\/\" data-type=\"page\" data-id=\"981\"><\/a><a href=\"https:\/\/medicaltravel.at\/tr\/hasta-hikayeleri\/goerues-raporlari-2012\/goegues-kuecueltme-ve-liposuction-ameliyatim-istanbulda-8-temmuz-2013-pazartesi-tarihli-rapor\/\" data-type=\"link\" data-id=\"https:\/\/medicaltravel.at\/berichte-von-patienten\/erfahrungsberichte-2012\/meine-brustverkleinerung-und-fettabsaugung-in-istanbul-bericht-vom-montag-08-juli-2013\/\">Sonraki Rapor<\/a><\/p>\n<\/div>\n","protected":false},"excerpt":{"rendered":"<p>\u0130stanbul\u2019da G\u00f6z Ameliyat\u0131 Hasta Raporu \u2013 8 Temmuz 2013 Pazartesi Tarihli Rapor Yakla\u015f\u0131k olarak bir s\u00fcredir g\u00f6zl\u00fck takmama hakk\u0131nda hi\u00e7 d\u00fc\u015f\u00fcnmemi\u015ftim. G\u00f6zl\u00fc\u011f\u00fcm\u00fc takmay\u0131 seviyordum. Ama son y\u0131llarda kontakt lenslerle s\u00fcrekli sorunlar ya\u015f\u0131yordum. Tatilde ya da hava g\u00fczel oldu\u011funda, bir d\u00fckk\u00e2na veya restorana girdi\u011fimde s\u00fcrekli g\u00fcne\u015f g\u00f6zl\u00fc\u011f\u00fcm\u00fc d\u00fczeltmeli lensle de\u011fi\u015ftiriyordum, bu zamanla can s\u0131k\u0131c\u0131 hale gelmi\u015fti. Birka\u00e7 y\u0131l \u00f6nce karde\u015fimin arkada\u015f\u0131 g\u00f6zlerini \u0130stanbul\u2019da lazerlettirmi\u015fti. \u00c7ok memnundu ve ben de zaman zaman bunu d\u00fc\u015f\u00fcn\u00fcyordum. Ofiste de ara s\u0131ra bunun hakk\u0131nda konu\u015fuyorduk. Bir g\u00fcn patronum ofise geldi ve kendisi ve o\u011flu bu ad\u0131m\u0131 atacaklar\u0131n\u0131 s\u00f6yledi: \u0130stanbul\u2019da g\u00f6z lazeri. Tamam, dedim, neden olmas\u0131n. Patronum internetten ara\u015ft\u0131rm\u0131\u015f ve sizi bulmu\u015ftu. \u00dc\u00e7\u00fcm\u00fcz de hemen heyecanland\u0131k ve bir gece d\u00fc\u015f\u00fcnd\u00fckten sonra \u0130stanbul\u2019a g\u00f6z lazeri yapt\u0131rmak i\u00e7in gitmeyi kabul ettim. \u00dc\u00e7\u00fcm\u00fcz\u00fcn ayn\u0131 operasyonu yapt\u0131racak olmas\u0131 benim i\u00e7in \u00e7ok rahatlat\u0131c\u0131yd\u0131. Ayr\u0131ca \u0130svi\u00e7re\u2019de kontrolleri yapt\u0131rabilme imk\u00e2n\u0131m\u0131z\u0131n olmas\u0131 da g\u00fcven vericiydi. Her \u015fey \u00e7ok h\u0131zl\u0131 ilerledi. Herr Serdar Karaagacli e-posta ile bizi s\u00fcrekli bilgilendirdi ve her \u015feyi m\u00fckemmel organize etti. Operasyon tarihi 21.06.2013 olarak belirlendi ve biz 20.06.2013\u2019te \u0130stanbul\u2019a u\u00e7tuk. Pegasus Havayollar\u0131 ile ak\u015fam saat 18:00 civar\u0131nda \u0130stanbul\u2019a vard\u0131k, bir g\u00f6revli bizi havaalan\u0131nda kar\u015f\u0131lad\u0131 ve otele g\u00f6t\u00fcrd\u00fc. Otelde lezzetli bir ak\u015fam yeme\u011finden sonra operasyon g\u00fcn\u00fc dinlenmi\u015f olmak i\u00e7in uyuduk. Operasyon g\u00fcn\u00fc, 21.06.2013 sabah\u0131 otelden al\u0131nd\u0131k ve direkt Ac\u0131badem Klinik\u2019e gittik. Bizi bir \u00e7al\u0131\u015fan kar\u015f\u0131lad\u0131, ard\u0131ndan terc\u00fcman\u0131m\u0131z bize kat\u0131ld\u0131. T\u00fcm g\u00fcn yan\u0131m\u0131zda olmas\u0131 ve her \u015feyi \u00e7evirmesi bizim i\u00e7in b\u00fcy\u00fck bir destek ve g\u00fcven vericiydi. T\u00fcm \u00f6n kontroller, klinikteki g\u00fcler y\u00fczl\u00fc personel taraf\u0131ndan h\u0131zl\u0131ca yap\u0131ld\u0131. Arada biraz beklememiz gerekti ama her \u015fey yolunda ilerliyordu. Ard\u0131ndan doktorumuzu tan\u0131d\u0131k ve tekrar muayene ettik. Terc\u00fcman\u0131m\u0131z operasyonun saat 14:30\u2019ta ba\u015flayaca\u011f\u0131n\u0131 ve hepimizin uygun oldu\u011funu s\u00f6yledi. Klinik i\u00e7inde k\u00fc\u00e7\u00fck bir \u015feyler yedik ve g\u00fcne\u015fli havada bekledik. Herr G\u00f6khan Izlisu\u2019nun t\u00fcm g\u00fcn yan\u0131m\u0131zda olmas\u0131 benim i\u00e7in \u00e7ok rahatlat\u0131c\u0131yd\u0131. Sakinli\u011fi bana g\u00fcven verdi ve hi\u00e7 gergin olmad\u0131m. Doktora ve klini\u011fe b\u00fcy\u00fck bir g\u00fcven hissettim, bu y\u00fczden \u00e7ok heyecanlanmad\u0131m. Ama yine de operasyon \u00f6ncesi k\u0131sa s\u00fcreli bir sakinle\u015ftirici ald\u0131m. Kararla\u015ft\u0131r\u0131lan saatte i\u00e7eri girdik ve operasyon ba\u015flad\u0131. Ba\u015fta biraz garip hissettim ama her \u015feyin sorunsuz ge\u00e7ece\u011fine g\u00fcveniyordum. G\u00f6zlerime uyu\u015fukluk damlalar\u0131 damlat\u0131ld\u0131 ve k\u0131sa bekleyi\u015fin ard\u0131ndan operasyon ba\u015flad\u0131. Operasyon \u00e7ok h\u0131zl\u0131 ve sorunsuz ge\u00e7ti. Operasyon sonras\u0131 koruyucu g\u00f6zl\u00fck tak\u0131ld\u0131 ve hemen tekrar kontrol edildi. Her \u015fey yolunda gitti ve doktor memnundu. Biz de \u00e7ok memnunduk. Operasyon sonras\u0131 hastanede g\u00f6zlerim \u0131\u015f\u0131\u011fa \u00e7ok hassast\u0131, g\u00f6zlerimi a\u00e7am\u0131yordum, sadece kapal\u0131 tutmak istiyordum. Sonra hemen otele d\u00f6n\u00fcp uzand\u0131k. A\u011fr\u0131m yoktu, sadece g\u00f6zlerimde hafif bir yanma hissi vard\u0131. Yakla\u015f\u0131k 4 saat dinlendikten sonra otel restoran\u0131nda g\u00fczel bir yemek yedik. G\u00fcne\u015f g\u00f6zl\u00fc\u011f\u00fc takarak keyifle oturduk ve hislerimizi payla\u015ft\u0131k. G\u00f6zl\u00fck veya kontakt lens olmadan g\u00f6rebilmek inan\u0131lmazd\u0131. Vay can\u0131na, inan\u0131lmaz! Ertesi g\u00fcn tekrar kontrol vard\u0131 ve sonra \u0130stanbul\u2019u gezebildik. \u015eehir harikayd\u0131 ve kesinlikle en k\u0131sa zamanda daha fazlas\u0131n\u0131 g\u00f6rmek i\u00e7in tekrar gelmeyi planl\u0131yorum. Operasyondan bu yana iki hafta ge\u00e7ti ve h\u00e2l\u00e2 bazen kontakt lensimi \u00e7\u0131karma ihtiyac\u0131 hissediyorum, hihi. Ba\u015flang\u0131\u00e7ta \u00e7ok \u0131\u015f\u0131\u011fa hassast\u0131m, hatta ofiste g\u00fcne\u015f g\u00f6zl\u00fc\u011f\u00fc takt\u0131m. Ak\u015fam araba kullan\u0131rken di\u011fer ara\u00e7lar\u0131n \u0131\u015f\u0131klar\u0131 da g\u00f6z\u00fcm\u00fc al\u0131yordu. \u015eimdi ise her \u015fey daha iyiye gidiyor ve zamanla daha da iyi olacak. G\u00f6zlerimi T\u00fcrkiye\u2019de lazerlettirme karar\u0131ndan son derece memnunum ve bunu herkese g\u00f6n\u00fcl rahatl\u0131\u011f\u0131yla tavsiye edebilirim. Bu, geri kazand\u0131\u011f\u0131n\u0131z bir ya\u015fam kalitesi. \u00c7ok mutluyum! SwissLasik ve Ac\u0131badem Klinik\u2019teki t\u00fcm \u00e7al\u0131\u015fanlara m\u00fckemmel ilgileri i\u00e7in te\u015fekk\u00fcrler. SevgilerCorinne Amherd \u00d6nceki Rapor Sonraki Rapor<\/p>\n","protected":false},"author":4,"featured_media":0,"parent":4505,"menu_order":0,"comment_status":"closed","ping_status":"closed","template":"","meta":{"_joinchat":[],"footnotes":""},"class_list":["post-4592","page","type-page","status-publish","hentry"],"acf":[],"_links":{"self":[{"href":"https:\/\/medicaltravel.at\/tr\/wp-json\/wp\/v2\/pages\/4592","targetHints":{"allow":["GET"]}}],"collection":[{"href":"https:\/\/medicaltravel.at\/tr\/wp-json\/wp\/v2\/pages"}],"about":[{"href":"https:\/\/medicaltravel.at\/tr\/wp-json\/wp\/v2\/types\/page"}],"author":[{"embeddable":true,"href":"https:\/\/medicaltravel.at\/tr\/wp-json\/wp\/v2\/users\/4"}],"replies":[{"embeddable":true,"href":"https:\/\/medicaltravel.at\/tr\/wp-json\/wp\/v2\/comments?post=4592"}],"version-history":[{"count":2,"href":"https:\/\/medicaltravel.at\/tr\/wp-json\/wp\/v2\/pages\/4592\/revisions"}],"predecessor-version":[{"id":5775,"href":"https:\/\/medicaltravel.at\/tr\/wp-json\/wp\/v2\/pages\/4592\/revisions\/5775"}],"up":[{"embeddable":true,"href":"https:\/\/medicaltravel.at\/tr\/wp-json\/wp\/v2\/pages\/4505"}],"wp:attachment":[{"href":"https:\/\/medicaltravel.at\/tr\/wp-json\/wp\/v2\/media?parent=4592"}],"curies":[{"name":"wp","href":"https:\/\/api.w.org\/{rel}","templated":true}]}}