{"id":4590,"date":"2025-09-28T09:46:28","date_gmt":"2025-09-28T08:46:28","guid":{"rendered":"https:\/\/medicaltravel.at\/hasta-hikayeleri\/goerues-raporlari-2012\/istanbulda-swisslasik-ile-dis-tedavim-3-mayis-2012-persembe-tarihli-rapor\/"},"modified":"2026-01-13T15:17:13","modified_gmt":"2026-01-13T14:17:13","slug":"istanbulda-swisslasik-ile-dis-tedavim-3-mayis-2012-persembe-tarihli-rapor","status":"publish","type":"page","link":"https:\/\/medicaltravel.at\/tr\/hasta-hikayeleri\/goerues-raporlari-2012\/istanbulda-swisslasik-ile-dis-tedavim-3-mayis-2012-persembe-tarihli-rapor\/","title":{"rendered":"\u0130stanbul\u2019da Swisslasik ile Di\u015f Tedavim \u2013 3 May\u0131s 2012 Per\u015fembe Tarihli Rapor"},"content":{"rendered":"\n<p><strong>\u0130stanbul\u2019da Swisslasik ile Di\u015f Tedavim<\/strong> \u2013 3 May\u0131s 2012 Per\u015fembe Tarihli Rapor<\/p>\n\n<p>\u0130nternette yurt d\u0131\u015f\u0131nda di\u015f tedavisi ar\u0131yordum \u00e7\u00fcnk\u00fc \u0130svi\u00e7re\u2019de fiyatlar \u00e7ok y\u00fcksekti. Bu y\u00fczden 4-5 g\u00fcn yurt d\u0131\u015f\u0131nda kalman\u0131n harika olaca\u011f\u0131n\u0131 d\u00fc\u015f\u00fcnd\u00fcm. Ba\u015fkalar\u0131ndan hep bunun \u00e7ok iyi i\u015fledi\u011fini duydum. B\u00f6ylece Swisslasik ile kar\u015f\u0131la\u015ft\u0131m. Harika bir internet sitesi vard\u0131, sonra Herr Karaagacli ile ileti\u015fime ge\u00e7tim ve bana g\u00fczel bir teklif sundu! Her \u015fey yolunda gitti, \u0130stanbul\u2019a var\u0131r varmaz klinikten \u015fof\u00f6r beni arad\u0131, havaalan\u0131 otopark\u0131nda oldu\u011funu s\u00f6yledi. Sonra direkt klini\u011fe gittik ve hemen bir kontrol yap\u0131ld\u0131. 4 dolgu yapt\u0131rmam gerekiyordu ve di\u015flerimi beyazlattt\u0131rd\u0131m. Parlak beyaz di\u015fler i\u00e7in \ud83d\ude09 Beni beklediler ve hemen tedaviye ba\u015flad\u0131k. Sonra \u015fof\u00f6r beni otele b\u0131rakt\u0131. Ertesi g\u00fcn saat 11\u2019de otelden tekrar al\u0131nd\u0131m. Di\u015f doktoru ile anla\u015fm\u0131\u015ft\u0131m, t\u00fcm i\u015flemleri ayn\u0131 g\u00fcn bitirecektik ki \u0130stanbul\u2019da birka\u00e7 g\u00fcn daha keyifli vakit ge\u00e7irebileyim. \u00c7ok arkada\u015f canl\u0131s\u0131 personel, \u0130svi\u00e7re standartlar\u0131nda klinik! Deneyimimi payla\u015fmak istedim, belki b\u00f6yle bir \u015fey yapmaya hen\u00fcz cesaret edemeyenler i\u00e7in. \u00c7ok iyi, fiyat uygun ve kalite tam yerinde. Nimet Erdemli                <\/p>\n\n<div class=\"wp-block-group is-layout-grid wp-container-core-group-is-layout-baef362d wp-block-group-is-layout-grid\">\n<p><a href=\"https:\/\/medicaltravel.at\/home\/agb\/\" data-type=\"page\" data-id=\"2191\"><\/a><a href=\"https:\/\/medicaltravel.at\/tr\/hasta-hikayeleri\/goerues-raporlari-2012\/goezleri-oezguer-yasamanin-verdigi-yeni-hayat-hissi-paha-bicilemez-6-mayis-2012-pazar-tarihli-rapor\/\" data-type=\"link\" data-id=\"https:\/\/medicaltravel.at\/berichte-von-patienten\/erfahrungsberichte-2012\/das-neue-lebensgefuehl-mit-freien-augen-unbezahlbar-bericht-vom-sonntag-06-mai-2012\/\">\u00d6nceki Rapor<\/a><\/p>\n\n\n\n<p class=\"has-text-align-right wp-container-content-5e2576f9\"><a href=\"https:\/\/medicaltravel.at\/home\/impressum\/\" data-type=\"page\" data-id=\"2193\"><\/a><a href=\"https:\/\/medicaltravel.at\/home\/berichte-von-patienten\/erfahrungsberichte\/erfahrungsbericht-zahnbehandlung-in-istanbul\/\" data-type=\"page\" data-id=\"981\"><\/a><a href=\"https:\/\/medicaltravel.at\/tr\/hasta-hikayeleri\/goerues-raporlari-2012\/20lik-bir-banknottan-10luk-bir-banknotu-ayirt-etmek-25-nisan-2012-carsamba-tarihli-rapor\/\" data-type=\"link\" data-id=\"https:\/\/medicaltravel.at\/berichte-von-patienten\/erfahrungsberichte-2012\/ein-10-raeppler-von-einem-20-raeppler-zu-unterscheiden-bericht-vom-mittwoch-25-april-2012\/\">Sonraki Rapor<\/a><\/p>\n<\/div>\n","protected":false},"excerpt":{"rendered":"<p>\u0130stanbul\u2019da Swisslasik ile Di\u015f Tedavim \u2013 3 May\u0131s 2012 Per\u015fembe Tarihli Rapor \u0130nternette yurt d\u0131\u015f\u0131nda di\u015f tedavisi ar\u0131yordum \u00e7\u00fcnk\u00fc \u0130svi\u00e7re\u2019de fiyatlar \u00e7ok y\u00fcksekti. Bu y\u00fczden 4-5 g\u00fcn yurt d\u0131\u015f\u0131nda kalman\u0131n harika olaca\u011f\u0131n\u0131 d\u00fc\u015f\u00fcnd\u00fcm. Ba\u015fkalar\u0131ndan hep bunun \u00e7ok iyi i\u015fledi\u011fini duydum. B\u00f6ylece Swisslasik ile kar\u015f\u0131la\u015ft\u0131m. Harika bir internet sitesi vard\u0131, sonra Herr Karaagacli ile ileti\u015fime ge\u00e7tim ve bana g\u00fczel bir teklif sundu! Her \u015fey yolunda gitti, \u0130stanbul\u2019a var\u0131r varmaz klinikten \u015fof\u00f6r beni arad\u0131, havaalan\u0131 otopark\u0131nda oldu\u011funu s\u00f6yledi. Sonra direkt klini\u011fe gittik ve hemen bir kontrol yap\u0131ld\u0131. 4 dolgu yapt\u0131rmam gerekiyordu ve di\u015flerimi beyazlattt\u0131rd\u0131m. Parlak beyaz di\u015fler i\u00e7in \ud83d\ude09 Beni beklediler ve hemen tedaviye ba\u015flad\u0131k. Sonra \u015fof\u00f6r beni otele b\u0131rakt\u0131. Ertesi g\u00fcn saat 11\u2019de otelden tekrar al\u0131nd\u0131m. Di\u015f doktoru ile anla\u015fm\u0131\u015ft\u0131m, t\u00fcm i\u015flemleri ayn\u0131 g\u00fcn bitirecektik ki \u0130stanbul\u2019da birka\u00e7 g\u00fcn daha keyifli vakit ge\u00e7irebileyim. \u00c7ok arkada\u015f canl\u0131s\u0131 personel, \u0130svi\u00e7re standartlar\u0131nda klinik! Deneyimimi payla\u015fmak istedim, belki b\u00f6yle bir \u015fey yapmaya hen\u00fcz cesaret edemeyenler i\u00e7in. \u00c7ok iyi, fiyat uygun ve kalite tam yerinde. Nimet Erdemli \u00d6nceki Rapor Sonraki Rapor<\/p>\n","protected":false},"author":4,"featured_media":0,"parent":4505,"menu_order":0,"comment_status":"closed","ping_status":"closed","template":"","meta":{"_joinchat":[],"footnotes":""},"class_list":["post-4590","page","type-page","status-publish","hentry"],"acf":[],"_links":{"self":[{"href":"https:\/\/medicaltravel.at\/tr\/wp-json\/wp\/v2\/pages\/4590","targetHints":{"allow":["GET"]}}],"collection":[{"href":"https:\/\/medicaltravel.at\/tr\/wp-json\/wp\/v2\/pages"}],"about":[{"href":"https:\/\/medicaltravel.at\/tr\/wp-json\/wp\/v2\/types\/page"}],"author":[{"embeddable":true,"href":"https:\/\/medicaltravel.at\/tr\/wp-json\/wp\/v2\/users\/4"}],"replies":[{"embeddable":true,"href":"https:\/\/medicaltravel.at\/tr\/wp-json\/wp\/v2\/comments?post=4590"}],"version-history":[{"count":1,"href":"https:\/\/medicaltravel.at\/tr\/wp-json\/wp\/v2\/pages\/4590\/revisions"}],"predecessor-version":[{"id":4591,"href":"https:\/\/medicaltravel.at\/tr\/wp-json\/wp\/v2\/pages\/4590\/revisions\/4591"}],"up":[{"embeddable":true,"href":"https:\/\/medicaltravel.at\/tr\/wp-json\/wp\/v2\/pages\/4505"}],"wp:attachment":[{"href":"https:\/\/medicaltravel.at\/tr\/wp-json\/wp\/v2\/media?parent=4590"}],"curies":[{"name":"wp","href":"https:\/\/api.w.org\/{rel}","templated":true}]}}