{"id":4588,"date":"2025-09-28T09:31:44","date_gmt":"2025-09-28T08:31:44","guid":{"rendered":"https:\/\/medicaltravel.at\/hasta-hikayeleri\/goerues-raporlari-2012\/istanbuldaki-acibadem-kliniginde-yaptirdigim-operasyon-26-eyluel-2012-carsamba-tarihli-rapor\/"},"modified":"2026-01-13T15:03:56","modified_gmt":"2026-01-13T14:03:56","slug":"istanbuldaki-acibadem-kliniginde-yaptirdigim-operasyon-26-eyluel-2012-carsamba-tarihli-rapor","status":"publish","type":"page","link":"https:\/\/medicaltravel.at\/tr\/hasta-hikayeleri\/goerues-raporlari-2012\/istanbuldaki-acibadem-kliniginde-yaptirdigim-operasyon-26-eyluel-2012-carsamba-tarihli-rapor\/","title":{"rendered":"\u0130stanbul\u2019daki Ac\u0131badem Klini\u011fi\u2019nde yapt\u0131rd\u0131\u011f\u0131m operasyon \u2013 26 Eyl\u00fcl 2012 \u00c7ar\u015famba Tarihli Rapor"},"content":{"rendered":"\n<p><strong>\u0130stanbul\u2019daki Ac\u0131badem Klini\u011fi\u2019nde yapt\u0131rd\u0131\u011f\u0131m operasyon<\/strong> \u2013 26 Eyl\u00fcl 2012 \u00c7ar\u015famba Tarihli Rapor<\/p>\n\n<p>Yedinci ya\u015f\u0131mdan itibaren g\u00f6zl\u00fck takmak zorundayd\u0131m. Hi\u00e7 ger\u00e7ekten ho\u015flanmad\u0131m ama al\u0131\u015ft\u0131m. Profesyonel sporcu oldu\u011fum i\u00e7in bir s\u00fcre sonra kontakt lenslere ge\u00e7mek zorunda kald\u0131m, ancak lensler spor yaparken s\u0131k s\u0131k d\u00fc\u015f\u00fcyor ve bazen rahats\u0131z ediyordu.  <\/p>\n\n<p>Yakla\u015f\u0131k yar\u0131m y\u0131l \u00f6nce bir arkada\u015f\u0131m \u0130svi\u00e7re\u2019de \u00e7ok para \u00f6deyerek g\u00f6zlerini ameliyat ettirdi. Ameliyattan sonra g\u00f6zl\u00fcks\u00fcz g\u00f6rebiliyordu ve ben de bu fikre bay\u0131ld\u0131m. G\u00f6z ameliyat\u0131 i\u00e7in daha uygun fiyatl\u0131 ama e\u015fde\u011fer bir y\u00f6ntem olmal\u0131 diye d\u00fc\u015f\u00fcnd\u00fcm. B\u00f6ylece hem internette hem de \u00e7evremde ara\u015ft\u0131rmaya ba\u015flad\u0131m. Bir s\u00fcre sonra internette Swisslasik ile kar\u015f\u0131la\u015ft\u0131m.    <\/p>\n\n<p>G\u00f6zlerimi ameliyat ettirmek i\u00e7in mutlaka tek ba\u015f\u0131ma T\u00fcrkiye\u2019ye gitmek istemedi\u011fimden, ayn\u0131 sorunlar\u0131 ya\u015fayan bir arkada\u015f daha arad\u0131m. Birini bulduktan sonra hemen Swisslasik\u2019ten Bay Karaaga\u00e7li ile ileti\u015fime ge\u00e7tim ve her \u015fey \u015fekillenmeye ba\u015flad\u0131. Birlikte uygun bir operasyon tarihi arad\u0131k ve sorular\u0131m\u0131 sordum, her seferinde hemen yan\u0131t ald\u0131m.  <\/p>\n\n<p>Yakla\u015f\u0131k 3 ay sonra macera ba\u015flayabildi. Per\u015fembe ak\u015fam\u0131 Turkish Airlines ile \u0130stanbul\u2019a u\u00e7tuk. \u0130stanbul\u2019a vard\u0131\u011f\u0131m\u0131zda, \u00f6nceden anla\u015f\u0131ld\u0131\u011f\u0131 gibi, ismimizin yaz\u0131l\u0131 oldu\u011fu bir tabela ile bir \u015fof\u00f6r bizi bekliyordu. Otele yolculuk b\u00fcy\u00fck bir macera oldu. Bir metropol olan \u0130stanbul\u2019da \u015fof\u00f6rlerin nas\u0131l ara\u00e7 kulland\u0131\u011f\u0131n\u0131 tahmin edebilirsiniz. 20 dakika sonra Taksim Park City Hotel\u2019e sa\u011f salim ula\u015ft\u0131k. \u015eof\u00f6r bize ertesi sabah saat 08:00\u2019de gelip bizi alaca\u011f\u0131n\u0131 s\u00f6yledi. Otelde k\u0131sa ve sorunsuz bir check-in yapt\u0131ktan sonra yata\u011fa gittik.       <\/p>\n\n<p>Ertesi sabah saat 07:00\u2019de \u0130stanbul\u2019daki g\u00fcn\u00fcm\u00fcz ba\u015flad\u0131. K\u0131sa bir kahvalt\u0131 yapt\u0131k (bu arada kahvalt\u0131 m\u00fckemmeldi!) ve ard\u0131ndan saat 08:00 oldu. Saat 08:15\u2019te \u015fof\u00f6r\u00fcm\u00fcz geldi (bu trafikte 15 dakikal\u0131k gecikme kimse i\u00e7in sorun olmaz). Klinikteki yolculuk sakin ge\u00e7ti ve \u015fehirden biraz da olsa manzara g\u00f6rebildik.   <\/p>\n\n<p>Klinikte bizi \u00e7ok samimi bir \u015fekilde kar\u015f\u0131layan terc\u00fcman\u0131m\u0131z kar\u015f\u0131lad\u0131. K\u0131saca neler yapaca\u011f\u0131m\u0131z\u0131 anlatt\u0131 ve ard\u0131ndan asans\u00f6rle klini\u011fin g\u00f6z b\u00f6l\u00fcm\u00fcne \u00e7\u0131kt\u0131k. \u00d6nce bizden, bizim \u00fclkemizde de oldu\u011fu gibi, ki\u015fisel bilgilerimizi istediler ve ard\u0131ndan birka\u00e7 dakika bekledik. Yakla\u015f\u0131k 10 dakika sonra iki doktor asistan\u0131 geldi ve \u00f6n muayeneleri yapt\u0131. Yakla\u015f\u0131k 30 dakika s\u00fcren muayenelerin ard\u0131ndan, yakla\u015f\u0131k 10 dakika sonra \u00e7ok nazik bir doktor bizi tek tek kabul etti ve hangi operasyon y\u00f6ntemini \u00f6nerdi\u011fini ve operasyonun nas\u0131l ilerleyece\u011fini anlatt\u0131. Bana normal Lasik tedavisini yapmay\u0131 \u00f6nerdi.      <\/p>\n\n<p>Ameliyata haz\u0131rd\u0131k ama \u015fimdi 3 saat beklememiz gerekiyordu. Bu \u00fc\u00e7 saati yak\u0131nlardaki al\u0131\u015fveri\u015f merkezinde ge\u00e7irdik. Saat 14:00\u2019te s\u0131ra bize geldi. Ameliyat i\u00e7in haz\u0131rlan\u0131p \u00f6zel k\u0131yafetler giydirildik ve sonra ameliyat yap\u0131ld\u0131. Ameliyat rahats\u0131z ediciydi (muhtemelen tahmin edebilece\u011finiz gibi =)) ama a\u011fr\u0131s\u0131zd\u0131. 15 dakika i\u00e7inde her \u015fey bitmi\u015fti ve bize \u201cRobocop koruyucu g\u00f6zl\u00fckler\u201d verildi.     <\/p>\n\n<p>\u015eimdi her \u015feyin en zor k\u0131sm\u0131 geldi: \u0130Y\u0130LE\u015eME S\u00dcREC\u0130. G\u00f6zlerim ger\u00e7ekten k\u00f6t\u00fc oldu\u011fu i\u00e7in tekrar g\u00f6zlerimi ac\u0131, ka\u015f\u0131nt\u0131, batma gibi hisler olmadan a\u00e7mam \u00e7ok uzun s\u00fcrd\u00fc. Doktor beni uyarm\u0131\u015ft\u0131 ama buna haz\u0131r de\u011fildim. Arkada\u015f\u0131m g\u00f6zlerini operasyonun \u00fczerinden yakla\u015f\u0131k 1 saat sonra sorunsuz a\u00e7abiliyordu. Benim durumumda maalesef yakla\u015f\u0131k 6 saat s\u00fcrd\u00fc. Operasyondan 30 dakika sonra doktor g\u00f6zlerimizi tekrar kontrol etti ve her \u015feyin m\u00fckemmel ge\u00e7ti\u011fini s\u00f6yledi.     <\/p>\n\n<p>Kontrolden sonra tekrar otele gitmemize izin verildi. \u0130stanbul\u2019da k\u00f6r bir \u015fekilde gezmenin daha g\u00fczel anlar\u0131 oldu\u011funu tahmin edebilirsiniz. Ancak arkada\u015f\u0131m o s\u0131rada tekrar g\u00f6rebildi\u011fi i\u00e7in durum yar\u0131 yar\u0131ya daha katlan\u0131l\u0131rd\u0131. Odaya ula\u015ft\u0131\u011f\u0131m\u0131zda hemen perdeleri kapatt\u0131k ve yata\u011fa yatt\u0131k.   <\/p>\n\n<p>Saat yakla\u015f\u0131k 20:30 civar\u0131nda birden g\u00f6zlerimi a\u00e7abildim ve her \u015feyi okuyup g\u00f6rebiliyordum. \u00d6nceki saatlerde \u00e7ekti\u011fim a\u011fr\u0131lar tamamen unutulmu\u015ftu. Hemen g\u00f6zl\u00fcks\u00fcz televizyon izleyebiliyor, gazete okuyabiliyordum. \u00c7ok mutluydum.  <\/p>\n\n<p>Ertesi sabah ise kontrol randevusu vard\u0131. \u015eof\u00f6r, bir \u00f6nceki g\u00fcn oldu\u011fu gibi olduk\u00e7a dakikti. Klinikte neredeyse hi\u00e7 beklemedik ve klasik bir g\u00f6z testi yapt\u0131rd\u0131k; duvardaki harfleri okumam\u0131z istendi. Hayat\u0131mda ilk defa HER \u015eEY\u0130 okuyabiliyordum. Doktor, art\u0131k %100 g\u00f6rd\u00fc\u011f\u00fcm\u00fc s\u00f6yledi. Operasyondan \u00f6nce g\u00f6zlerimde s\u0131ras\u0131yla -4 ve -3,25 miyop vard\u0131.     <\/p>\n\n<p>Kontrolden sonra, \u0130stanbul\u2019un turistik yerlerini iki g\u00fcn boyunca gezebildik.<\/p>\n\n<p>Bug\u00fcn, operasyonun \u00fczerinden neredeyse 3 hafta ge\u00e7mesine ra\u011fmen, ameliyat\u0131 yapt\u0131rd\u0131\u011f\u0131ma \u00e7ok mutluyum ve \u015fimdiye kadar hi\u00e7bir problem ya\u015famad\u0131m.<\/p>\n\n<p>Bu ameliyat\u0131 kesinlikle herkese tavsiye edebilirim. Peter Davida <\/p>\n\n<figure class=\"wp-block-image size-full\"><img fetchpriority=\"high\" decoding=\"async\" width=\"169\" height=\"300\" src=\"https:\/\/medicaltravel.at\/wp-content\/uploads\/2025\/09\/1-4-169x300-1.jpg\" alt=\"\" class=\"wp-image-1135\"\/><\/figure>\n\n<figure class=\"wp-block-image size-full\"><img decoding=\"async\" width=\"300\" height=\"169\" src=\"https:\/\/medicaltravel.at\/wp-content\/uploads\/2025\/09\/2-3-300x169-1.jpg\" alt=\"\" class=\"wp-image-1136\"\/><\/figure>\n\n<figure class=\"wp-block-image size-full\"><img decoding=\"async\" width=\"300\" height=\"200\" src=\"https:\/\/medicaltravel.at\/wp-content\/uploads\/2025\/09\/3-2-300x200-1.jpg\" alt=\"\" class=\"wp-image-1137\"\/><\/figure>\n\n<figure class=\"wp-block-image size-full\"><img loading=\"lazy\" decoding=\"async\" width=\"300\" height=\"169\" src=\"https:\/\/medicaltravel.at\/wp-content\/uploads\/2025\/09\/4-1-300x169-1.jpg\" alt=\"\" class=\"wp-image-1138\"\/><\/figure>\n\n<div class=\"wp-block-group is-layout-grid wp-container-core-group-is-layout-baef362d wp-block-group-is-layout-grid\">\n<p><a href=\"https:\/\/medicaltravel.at\/home\/agb\/\" data-type=\"page\" data-id=\"2191\"><\/a><a href=\"https:\/\/medicaltravel.at\/tr\/hasta-hikayeleri\/goerues-raporlari-2012\/agustos-2012de-istanbulda-goezlerimi-lazerle-tedavi-ettirdigim-harika-bir-deneyim-01-ekim-2012-pazartesi-tarihli-rapor\/\" data-type=\"link\" data-id=\"https:\/\/medicaltravel.at\/berichte-von-patienten\/erfahrungsberichte-2012\/ein-grossartiges-erlebnis-als-ich-im-august-2012-meine-augen-in-istanbul-lasern-liess-bericht-vom-montag-01-oktober-2012\/\">\u00d6nceki Rapor<\/a><\/p>\n\n\n\n<p class=\"has-text-align-right wp-container-content-5e2576f9\"><a href=\"https:\/\/medicaltravel.at\/home\/impressum\/\" data-type=\"page\" data-id=\"2193\"><\/a><a href=\"https:\/\/medicaltravel.at\/home\/berichte-von-patienten\/erfahrungsberichte\/erfahrungsbericht-zahnbehandlung-in-istanbul\/\" data-type=\"page\" data-id=\"981\"><\/a><a href=\"https:\/\/medicaltravel.at\/tr\/hasta-hikayeleri\/goerues-raporlari-2012\/yurtdisinda-goez-lazeri-istanbul-26-eyluel-2012-carsamba-tarihli-rapor\/\" data-type=\"link\" data-id=\"https:\/\/medicaltravel.at\/berichte-von-patienten\/erfahrungsberichte-2012\/augenlasern-im-ausland-istanbul-bericht-vom-mittwoch-26-september-2012\/\">Sonraki Rapor<\/a><\/p>\n<\/div>\n\n<p><\/p>\n","protected":false},"excerpt":{"rendered":"<p>\u0130stanbul\u2019daki Ac\u0131badem Klini\u011fi\u2019nde yapt\u0131rd\u0131\u011f\u0131m operasyon \u2013 26 Eyl\u00fcl 2012 \u00c7ar\u015famba Tarihli Rapor Yedinci ya\u015f\u0131mdan itibaren g\u00f6zl\u00fck takmak zorundayd\u0131m. Hi\u00e7 ger\u00e7ekten ho\u015flanmad\u0131m ama al\u0131\u015ft\u0131m. Profesyonel sporcu oldu\u011fum i\u00e7in bir s\u00fcre sonra kontakt lenslere ge\u00e7mek zorunda kald\u0131m, ancak lensler spor yaparken s\u0131k s\u0131k d\u00fc\u015f\u00fcyor ve bazen rahats\u0131z ediyordu. Yakla\u015f\u0131k yar\u0131m y\u0131l \u00f6nce bir arkada\u015f\u0131m \u0130svi\u00e7re\u2019de \u00e7ok para \u00f6deyerek g\u00f6zlerini ameliyat ettirdi. Ameliyattan sonra g\u00f6zl\u00fcks\u00fcz g\u00f6rebiliyordu ve ben de bu fikre bay\u0131ld\u0131m. G\u00f6z ameliyat\u0131 i\u00e7in daha uygun fiyatl\u0131 ama e\u015fde\u011fer bir y\u00f6ntem olmal\u0131 diye d\u00fc\u015f\u00fcnd\u00fcm. B\u00f6ylece hem internette hem de \u00e7evremde ara\u015ft\u0131rmaya ba\u015flad\u0131m. Bir s\u00fcre sonra internette Swisslasik ile kar\u015f\u0131la\u015ft\u0131m. G\u00f6zlerimi ameliyat ettirmek i\u00e7in mutlaka tek ba\u015f\u0131ma T\u00fcrkiye\u2019ye gitmek istemedi\u011fimden, ayn\u0131 sorunlar\u0131 ya\u015fayan bir arkada\u015f daha arad\u0131m. Birini bulduktan sonra hemen Swisslasik\u2019ten Bay Karaaga\u00e7li ile ileti\u015fime ge\u00e7tim ve her \u015fey \u015fekillenmeye ba\u015flad\u0131. Birlikte uygun bir operasyon tarihi arad\u0131k ve sorular\u0131m\u0131 sordum, her seferinde hemen yan\u0131t ald\u0131m. Yakla\u015f\u0131k 3 ay sonra macera ba\u015flayabildi. Per\u015fembe ak\u015fam\u0131 Turkish Airlines ile \u0130stanbul\u2019a u\u00e7tuk. \u0130stanbul\u2019a vard\u0131\u011f\u0131m\u0131zda, \u00f6nceden anla\u015f\u0131ld\u0131\u011f\u0131 gibi, ismimizin yaz\u0131l\u0131 oldu\u011fu bir tabela ile bir \u015fof\u00f6r bizi bekliyordu. Otele yolculuk b\u00fcy\u00fck bir macera oldu. Bir metropol olan \u0130stanbul\u2019da \u015fof\u00f6rlerin nas\u0131l ara\u00e7 kulland\u0131\u011f\u0131n\u0131 tahmin edebilirsiniz. 20 dakika sonra Taksim Park City Hotel\u2019e sa\u011f salim ula\u015ft\u0131k. \u015eof\u00f6r bize ertesi sabah saat 08:00\u2019de gelip bizi alaca\u011f\u0131n\u0131 s\u00f6yledi. Otelde k\u0131sa ve sorunsuz bir check-in yapt\u0131ktan sonra yata\u011fa gittik. Ertesi sabah saat 07:00\u2019de \u0130stanbul\u2019daki g\u00fcn\u00fcm\u00fcz ba\u015flad\u0131. K\u0131sa bir kahvalt\u0131 yapt\u0131k (bu arada kahvalt\u0131 m\u00fckemmeldi!) ve ard\u0131ndan saat 08:00 oldu. Saat 08:15\u2019te \u015fof\u00f6r\u00fcm\u00fcz geldi (bu trafikte 15 dakikal\u0131k gecikme kimse i\u00e7in sorun olmaz). Klinikteki yolculuk sakin ge\u00e7ti ve \u015fehirden biraz da olsa manzara g\u00f6rebildik. Klinikte bizi \u00e7ok samimi bir \u015fekilde kar\u015f\u0131layan terc\u00fcman\u0131m\u0131z kar\u015f\u0131lad\u0131. K\u0131saca neler yapaca\u011f\u0131m\u0131z\u0131 anlatt\u0131 ve ard\u0131ndan asans\u00f6rle klini\u011fin g\u00f6z b\u00f6l\u00fcm\u00fcne \u00e7\u0131kt\u0131k. \u00d6nce bizden, bizim \u00fclkemizde de oldu\u011fu gibi, ki\u015fisel bilgilerimizi istediler ve ard\u0131ndan birka\u00e7 dakika bekledik. Yakla\u015f\u0131k 10 dakika sonra iki doktor asistan\u0131 geldi ve \u00f6n muayeneleri yapt\u0131. Yakla\u015f\u0131k 30 dakika s\u00fcren muayenelerin ard\u0131ndan, yakla\u015f\u0131k 10 dakika sonra \u00e7ok nazik bir doktor bizi tek tek kabul etti ve hangi operasyon y\u00f6ntemini \u00f6nerdi\u011fini ve operasyonun nas\u0131l ilerleyece\u011fini anlatt\u0131. Bana normal Lasik tedavisini yapmay\u0131 \u00f6nerdi. Ameliyata haz\u0131rd\u0131k ama \u015fimdi 3 saat beklememiz gerekiyordu. Bu \u00fc\u00e7 saati yak\u0131nlardaki al\u0131\u015fveri\u015f merkezinde ge\u00e7irdik. Saat 14:00\u2019te s\u0131ra bize geldi. Ameliyat i\u00e7in haz\u0131rlan\u0131p \u00f6zel k\u0131yafetler giydirildik ve sonra ameliyat yap\u0131ld\u0131. Ameliyat rahats\u0131z ediciydi (muhtemelen tahmin edebilece\u011finiz gibi =)) ama a\u011fr\u0131s\u0131zd\u0131. 15 dakika i\u00e7inde her \u015fey bitmi\u015fti ve bize \u201cRobocop koruyucu g\u00f6zl\u00fckler\u201d verildi. \u015eimdi her \u015feyin en zor k\u0131sm\u0131 geldi: \u0130Y\u0130LE\u015eME S\u00dcREC\u0130. G\u00f6zlerim ger\u00e7ekten k\u00f6t\u00fc oldu\u011fu i\u00e7in tekrar g\u00f6zlerimi ac\u0131, ka\u015f\u0131nt\u0131, batma gibi hisler olmadan a\u00e7mam \u00e7ok uzun s\u00fcrd\u00fc. Doktor beni uyarm\u0131\u015ft\u0131 ama buna haz\u0131r de\u011fildim. Arkada\u015f\u0131m g\u00f6zlerini operasyonun \u00fczerinden yakla\u015f\u0131k 1 saat sonra sorunsuz a\u00e7abiliyordu. Benim durumumda maalesef yakla\u015f\u0131k 6 saat s\u00fcrd\u00fc. Operasyondan 30 dakika sonra doktor g\u00f6zlerimizi tekrar kontrol etti ve her \u015feyin m\u00fckemmel ge\u00e7ti\u011fini s\u00f6yledi. Kontrolden sonra tekrar otele gitmemize izin verildi. \u0130stanbul\u2019da k\u00f6r bir \u015fekilde gezmenin daha g\u00fczel anlar\u0131 oldu\u011funu tahmin edebilirsiniz. Ancak arkada\u015f\u0131m o s\u0131rada tekrar g\u00f6rebildi\u011fi i\u00e7in durum yar\u0131 yar\u0131ya daha katlan\u0131l\u0131rd\u0131. Odaya ula\u015ft\u0131\u011f\u0131m\u0131zda hemen perdeleri kapatt\u0131k ve yata\u011fa yatt\u0131k. Saat yakla\u015f\u0131k 20:30 civar\u0131nda birden g\u00f6zlerimi a\u00e7abildim ve her \u015feyi okuyup g\u00f6rebiliyordum. \u00d6nceki saatlerde \u00e7ekti\u011fim a\u011fr\u0131lar tamamen unutulmu\u015ftu. Hemen g\u00f6zl\u00fcks\u00fcz televizyon izleyebiliyor, gazete okuyabiliyordum. \u00c7ok mutluydum. Ertesi sabah ise kontrol randevusu vard\u0131. \u015eof\u00f6r, bir \u00f6nceki g\u00fcn oldu\u011fu gibi olduk\u00e7a dakikti. Klinikte neredeyse hi\u00e7 beklemedik ve klasik bir g\u00f6z testi yapt\u0131rd\u0131k; duvardaki harfleri okumam\u0131z istendi. Hayat\u0131mda ilk defa HER \u015eEY\u0130 okuyabiliyordum. Doktor, art\u0131k %100 g\u00f6rd\u00fc\u011f\u00fcm\u00fc s\u00f6yledi. Operasyondan \u00f6nce g\u00f6zlerimde s\u0131ras\u0131yla -4 ve -3,25 miyop vard\u0131. Kontrolden sonra, \u0130stanbul\u2019un turistik yerlerini iki g\u00fcn boyunca gezebildik. Bug\u00fcn, operasyonun \u00fczerinden neredeyse 3 hafta ge\u00e7mesine ra\u011fmen, ameliyat\u0131 yapt\u0131rd\u0131\u011f\u0131ma \u00e7ok mutluyum ve \u015fimdiye kadar hi\u00e7bir problem ya\u015famad\u0131m. Bu ameliyat\u0131 kesinlikle herkese tavsiye edebilirim. Peter Davida \u00d6nceki Rapor Sonraki Rapor<\/p>\n","protected":false},"author":4,"featured_media":0,"parent":4505,"menu_order":0,"comment_status":"closed","ping_status":"closed","template":"","meta":{"_joinchat":[],"footnotes":""},"class_list":["post-4588","page","type-page","status-publish","hentry"],"acf":[],"_links":{"self":[{"href":"https:\/\/medicaltravel.at\/tr\/wp-json\/wp\/v2\/pages\/4588","targetHints":{"allow":["GET"]}}],"collection":[{"href":"https:\/\/medicaltravel.at\/tr\/wp-json\/wp\/v2\/pages"}],"about":[{"href":"https:\/\/medicaltravel.at\/tr\/wp-json\/wp\/v2\/types\/page"}],"author":[{"embeddable":true,"href":"https:\/\/medicaltravel.at\/tr\/wp-json\/wp\/v2\/users\/4"}],"replies":[{"embeddable":true,"href":"https:\/\/medicaltravel.at\/tr\/wp-json\/wp\/v2\/comments?post=4588"}],"version-history":[{"count":3,"href":"https:\/\/medicaltravel.at\/tr\/wp-json\/wp\/v2\/pages\/4588\/revisions"}],"predecessor-version":[{"id":5545,"href":"https:\/\/medicaltravel.at\/tr\/wp-json\/wp\/v2\/pages\/4588\/revisions\/5545"}],"up":[{"embeddable":true,"href":"https:\/\/medicaltravel.at\/tr\/wp-json\/wp\/v2\/pages\/4505"}],"wp:attachment":[{"href":"https:\/\/medicaltravel.at\/tr\/wp-json\/wp\/v2\/media?parent=4588"}],"curies":[{"name":"wp","href":"https:\/\/api.w.org\/{rel}","templated":true}]}}