{"id":4582,"date":"2025-09-28T09:38:04","date_gmt":"2025-09-28T08:38:04","guid":{"rendered":"https:\/\/medicaltravel.at\/hasta-hikayeleri\/goerues-raporlari-2012\/antalya-tuerkiyede-medicaltravel-ile-goez-lazer-lasik-tedavim-2-agustos-2012-persembe-tarihli-rapor\/"},"modified":"2026-01-13T15:07:07","modified_gmt":"2026-01-13T14:07:07","slug":"antalya-tuerkiyede-medicaltravel-ile-goez-lazer-lasik-tedavim-2-agustos-2012-persembe-tarihli-rapor","status":"publish","type":"page","link":"https:\/\/medicaltravel.at\/tr\/hasta-hikayeleri\/goerues-raporlari-2012\/antalya-tuerkiyede-medicaltravel-ile-goez-lazer-lasik-tedavim-2-agustos-2012-persembe-tarihli-rapor\/","title":{"rendered":"Antalya-T\u00fcrkiye\u2019de MedicalTravel ile G\u00f6z Lazer (Lasik) Tedavim \u2013 2 A\u011fustos 2012 Per\u015fembe Tarihli Rapor"},"content":{"rendered":"\n<p><strong>Antalya-T\u00fcrkiye\u2019de MedicalTravel ile G\u00f6z Lazer (Lasik) Tedavim<\/strong> \u2013 2 A\u011fustos 2012 Per\u015fembe Tarihli Rapor<\/p>\n\n<p>Yakla\u015f\u0131k bir y\u0131l \u00f6nce sonunda g\u00f6zl\u00fc\u011f\u00fcm\u00fc b\u0131rakmaya karar verdim. G\u00f6zl\u00fc\u011f\u00fcm\u00fc rahats\u0131z edici buluyordum ve bir\u00e7ok durumda beni k\u0131s\u0131tl\u0131yordu. Ancak \u0130svi\u00e7re\u2019de g\u00f6z lazeri \u00e7ok pahal\u0131yd\u0131 ve bunu kar\u015f\u0131layamayaca\u011f\u0131m\u0131 d\u00fc\u015f\u00fcnd\u00fcm, bu y\u00fczden bir alternatif aramaya ba\u015flad\u0131m ve internet \u00fczerinde g\u00f6z lazeri yapan bir\u00e7ok yurt d\u0131\u015f\u0131 klini\u011fine rastlad\u0131m. MedicalTravel Klinik\u2019in sitesi bana ilk bak\u0131\u015fta \u00e7ok profesyonel bir izlenim verdi, \u00f6zellikle \u0130svi\u00e7re\u2019de d\u00fczenlenen bilgi toplant\u0131lar\u0131 sayesinde, orada operasyon yapan doktorlarla sorular\u0131m\u0131 \u00e7ekinmeden konu\u015fabilmek g\u00fcven verdi. Ayr\u0131ca \u00f6n ve sonras\u0131 muayenenin \u0130svi\u00e7re\u2019de yap\u0131labiliyor olmas\u0131 da bana g\u00fcven verdi. \u0130nternet sitesindeki net ve a\u00e7\u0131k fiyat listesi sayesinde bana ne kadar maliyet \u00e7\u0131kaca\u011f\u0131n\u0131 da g\u00f6rebildim. E-posta ile MedicalTravel ile kolay ve h\u0131zl\u0131 bir \u015fekilde ileti\u015fim kurabildim. Bu y\u00fczden g\u00f6zlerimi Antalya\u2019daki MedicalTravel Klinik\u2019te lazerle yapt\u0131rmaya ve bunu T\u00fcrkiye\/Side\u2019deki yaz tatilimle birle\u015ftirmeye karar verdim. E-posta ile randevuyu ayarlad\u0131m ve her \u015fey organize edildi (Side\u2019deki otelden al\u0131m ve d\u00f6n\u00fc\u015f, operasyon, konaklama, \u00f6n ve sonras\u0131 muayene). T\u00fcm sorular\u0131m da cevapland\u0131. MedicalTravel ile ileti\u015fim \u00e7ok kolay ve sorunsuzdu. Seyahatten \u00f6nce bana MedicalTravel Pass g\u00f6nderildi, bu operasyon, \u00f6nemli numaralar, \u00fclke hakk\u0131nda faydal\u0131 bilgiler ve gezilecek yerler hakk\u0131nda \u00e7ok yararl\u0131 bir rehberdi. Operasyondan 2 g\u00fcn \u00f6nce oradaki terc\u00fcman beni arad\u0131 ve hangi saatte al\u0131naca\u011f\u0131m\u0131 ve g\u00fcn\u00fcn nas\u0131l ge\u00e7ece\u011fini anlatt\u0131. Operasyon g\u00fcn\u00fc tam zaman\u0131nda \u015fof\u00f6r taraf\u0131ndan al\u0131nd\u0131m ve MedicalTravel Klinik\u2019e g\u00f6t\u00fcr\u00fcld\u00fcm, orada terc\u00fcman beni \u00e7ok s\u0131cak kar\u015f\u0131lad\u0131. Bana s\u00fcreci anlatt\u0131 ve her zaman terc\u00fcme i\u00e7in yan\u0131mdayd\u0131. Sonra \u00f6n muayenelere ba\u015fland\u0131, her \u015fey \u00e7ok iyi a\u00e7\u0131kland\u0131. \u00d6n muayeneler \u00f6\u011flene do\u011fru bitti ve ben di\u011fer 5 hastayla (Almanya\u2019dan) \u00f6\u011fle yeme\u011fi yedim. Yakla\u015f\u0131k saat 15.00 civar\u0131nda operasyon yap\u0131ld\u0131, operasyon i\u00e7in iyi haz\u0131rlanm\u0131\u015ft\u0131m, bu y\u00fczden ne olaca\u011f\u0131n\u0131 tam olarak biliyordum. Operasyon her iki g\u00f6z i\u00e7in yakla\u015f\u0131k 20 dakika s\u00fcrd\u00fc. Operasyon s\u0131ras\u0131nda hi\u00e7 a\u011fr\u0131 hissetmedim ve operasyon sonras\u0131 sadece ba\u015f\u0131mda hafif bir bas\u0131n\u00e7 oldu. Sonras\u0131nda birka\u00e7 saat uyudum. Hafif bir ba\u015f bas\u0131nc\u0131 d\u0131\u015f\u0131nda hi\u00e7 a\u011fr\u0131 hissetmemek beni \u00e7ok \u015fa\u015f\u0131rtt\u0131 ve hatta ayn\u0131 ak\u015fam telefondan ilk mesaj\u0131 g\u00f6zl\u00fcks\u00fcz okuyabildim \ud83d\ude42 Ertesi g\u00fcn sabah sonras\u0131 kontrol yap\u0131ld\u0131, her \u015fey yolundayd\u0131. Bana birka\u00e7 kez g\u00fcnl\u00fck kullanmam gereken g\u00f6z damlalar\u0131 verildi, yan\u0131nda damlalar\u0131n nas\u0131l ve ne zaman kullan\u0131laca\u011f\u0131 ve operasyon sonras\u0131 haftalarda nelere dikkat etmem gerekti\u011fi ile ilgili bir bilgilendirme sayfas\u0131 da vard\u0131. \u015eof\u00f6r beni otelime geri g\u00f6t\u00fcrd\u00fc. \u0130lk iki g\u00fcn g\u00f6zlerim hala biraz \u0131\u015f\u0131\u011fa hassast\u0131, bu y\u00fczden g\u00fcne\u015f g\u00f6zl\u00fc\u011f\u00fc takt\u0131m. \u015eu an ve h\u00e2l\u00e2 \u00e7ok mutluyum, \u00e7\u00fcnk\u00fc art\u0131k g\u00f6rme yard\u0131m\u0131na ihtiya\u00e7 duymadan ya\u015fayabiliyorum.                       Kendimi ger\u00e7ekten \u00f6zg\u00fcr hissettim, sonunda rahats\u0131z edici g\u00f6zl\u00fc\u011f\u00fcmden kurtuldum. Antalya\u2019daki MedicalTravel Klinik\u2019te her zaman \u00e7ok iyi ilgilenildim ve buray\u0131 kesinlikle tavsiye edebilirim. Operasyon 20.07.12 tarihinde Antalya\u2019da yap\u0131ld\u0131 Urs K\u00f6pfli, Wohlen Ag (\u0130svi\u00e7re)  <\/p>\n\n<div class=\"wp-block-group is-layout-grid wp-container-core-group-is-layout-baef362d wp-block-group-is-layout-grid\">\n<p><a href=\"https:\/\/medicaltravel.at\/home\/agb\/\" data-type=\"page\" data-id=\"2191\"><\/a><a href=\"https:\/\/medicaltravel.at\/tr\/hasta-hikayeleri\/goerues-raporlari-2012\/yurtdisinda-goez-lazer-istanbul-9-12-agustos-2012-9-agustos-2012-persembe-tarihli-rapor\/\" data-type=\"link\" data-id=\"https:\/\/medicaltravel.at\/berichte-von-patienten\/erfahrungsberichte-2012\/augenlaser-im-ausland-istanbul-9-bis-12-august-2012-bericht-vom-donnerstag-09-august-2012\/\">\u00d6nceki Rapor<\/a><\/p>\n\n\n\n<p class=\"has-text-align-right wp-container-content-5e2576f9\"><a href=\"https:\/\/medicaltravel.at\/home\/impressum\/\" data-type=\"page\" data-id=\"2193\"><\/a><a href=\"https:\/\/medicaltravel.at\/home\/berichte-von-patienten\/erfahrungsberichte\/erfahrungsbericht-zahnbehandlung-in-istanbul\/\" data-type=\"page\" data-id=\"981\"><\/a><a href=\"https:\/\/medicaltravel.at\/tr\/hasta-hikayeleri\/goerues-raporlari-2012\/istanbul-tuerkiyede-goez-lazer-tedavim-deneyim-raporu-29-temmuz-2012-pazar-tarihli-rapor\/\" data-type=\"link\" data-id=\"https:\/\/medicaltravel.at\/berichte-von-patienten\/erfahrungsberichte-2012\/erfahrungsbericht-meiner-augenlaserbehandlung-in-istanbul-tuerkei-bericht-vom-sonntag-29-juli-2012\/\">Sonraki Rapor<\/a><\/p>\n<\/div>\n\n<p><\/p>\n","protected":false},"excerpt":{"rendered":"<p>Antalya-T\u00fcrkiye\u2019de MedicalTravel ile G\u00f6z Lazer (Lasik) Tedavim \u2013 2 A\u011fustos 2012 Per\u015fembe Tarihli Rapor Yakla\u015f\u0131k bir y\u0131l \u00f6nce sonunda g\u00f6zl\u00fc\u011f\u00fcm\u00fc b\u0131rakmaya karar verdim. G\u00f6zl\u00fc\u011f\u00fcm\u00fc rahats\u0131z edici buluyordum ve bir\u00e7ok durumda beni k\u0131s\u0131tl\u0131yordu. Ancak \u0130svi\u00e7re\u2019de g\u00f6z lazeri \u00e7ok pahal\u0131yd\u0131 ve bunu kar\u015f\u0131layamayaca\u011f\u0131m\u0131 d\u00fc\u015f\u00fcnd\u00fcm, bu y\u00fczden bir alternatif aramaya ba\u015flad\u0131m ve internet \u00fczerinde g\u00f6z lazeri yapan bir\u00e7ok yurt d\u0131\u015f\u0131 klini\u011fine rastlad\u0131m. MedicalTravel Klinik\u2019in sitesi bana ilk bak\u0131\u015fta \u00e7ok profesyonel bir izlenim verdi, \u00f6zellikle \u0130svi\u00e7re\u2019de d\u00fczenlenen bilgi toplant\u0131lar\u0131 sayesinde, orada operasyon yapan doktorlarla sorular\u0131m\u0131 \u00e7ekinmeden konu\u015fabilmek g\u00fcven verdi. Ayr\u0131ca \u00f6n ve sonras\u0131 muayenenin \u0130svi\u00e7re\u2019de yap\u0131labiliyor olmas\u0131 da bana g\u00fcven verdi. \u0130nternet sitesindeki net ve a\u00e7\u0131k fiyat listesi sayesinde bana ne kadar maliyet \u00e7\u0131kaca\u011f\u0131n\u0131 da g\u00f6rebildim. E-posta ile MedicalTravel ile kolay ve h\u0131zl\u0131 bir \u015fekilde ileti\u015fim kurabildim. Bu y\u00fczden g\u00f6zlerimi Antalya\u2019daki MedicalTravel Klinik\u2019te lazerle yapt\u0131rmaya ve bunu T\u00fcrkiye\/Side\u2019deki yaz tatilimle birle\u015ftirmeye karar verdim. E-posta ile randevuyu ayarlad\u0131m ve her \u015fey organize edildi (Side\u2019deki otelden al\u0131m ve d\u00f6n\u00fc\u015f, operasyon, konaklama, \u00f6n ve sonras\u0131 muayene). T\u00fcm sorular\u0131m da cevapland\u0131. MedicalTravel ile ileti\u015fim \u00e7ok kolay ve sorunsuzdu. Seyahatten \u00f6nce bana MedicalTravel Pass g\u00f6nderildi, bu operasyon, \u00f6nemli numaralar, \u00fclke hakk\u0131nda faydal\u0131 bilgiler ve gezilecek yerler hakk\u0131nda \u00e7ok yararl\u0131 bir rehberdi. Operasyondan 2 g\u00fcn \u00f6nce oradaki terc\u00fcman beni arad\u0131 ve hangi saatte al\u0131naca\u011f\u0131m\u0131 ve g\u00fcn\u00fcn nas\u0131l ge\u00e7ece\u011fini anlatt\u0131. Operasyon g\u00fcn\u00fc tam zaman\u0131nda \u015fof\u00f6r taraf\u0131ndan al\u0131nd\u0131m ve MedicalTravel Klinik\u2019e g\u00f6t\u00fcr\u00fcld\u00fcm, orada terc\u00fcman beni \u00e7ok s\u0131cak kar\u015f\u0131lad\u0131. Bana s\u00fcreci anlatt\u0131 ve her zaman terc\u00fcme i\u00e7in yan\u0131mdayd\u0131. Sonra \u00f6n muayenelere ba\u015fland\u0131, her \u015fey \u00e7ok iyi a\u00e7\u0131kland\u0131. \u00d6n muayeneler \u00f6\u011flene do\u011fru bitti ve ben di\u011fer 5 hastayla (Almanya\u2019dan) \u00f6\u011fle yeme\u011fi yedim. Yakla\u015f\u0131k saat 15.00 civar\u0131nda operasyon yap\u0131ld\u0131, operasyon i\u00e7in iyi haz\u0131rlanm\u0131\u015ft\u0131m, bu y\u00fczden ne olaca\u011f\u0131n\u0131 tam olarak biliyordum. Operasyon her iki g\u00f6z i\u00e7in yakla\u015f\u0131k 20 dakika s\u00fcrd\u00fc. Operasyon s\u0131ras\u0131nda hi\u00e7 a\u011fr\u0131 hissetmedim ve operasyon sonras\u0131 sadece ba\u015f\u0131mda hafif bir bas\u0131n\u00e7 oldu. Sonras\u0131nda birka\u00e7 saat uyudum. Hafif bir ba\u015f bas\u0131nc\u0131 d\u0131\u015f\u0131nda hi\u00e7 a\u011fr\u0131 hissetmemek beni \u00e7ok \u015fa\u015f\u0131rtt\u0131 ve hatta ayn\u0131 ak\u015fam telefondan ilk mesaj\u0131 g\u00f6zl\u00fcks\u00fcz okuyabildim \ud83d\ude42 Ertesi g\u00fcn sabah sonras\u0131 kontrol yap\u0131ld\u0131, her \u015fey yolundayd\u0131. Bana birka\u00e7 kez g\u00fcnl\u00fck kullanmam gereken g\u00f6z damlalar\u0131 verildi, yan\u0131nda damlalar\u0131n nas\u0131l ve ne zaman kullan\u0131laca\u011f\u0131 ve operasyon sonras\u0131 haftalarda nelere dikkat etmem gerekti\u011fi ile ilgili bir bilgilendirme sayfas\u0131 da vard\u0131. \u015eof\u00f6r beni otelime geri g\u00f6t\u00fcrd\u00fc. \u0130lk iki g\u00fcn g\u00f6zlerim hala biraz \u0131\u015f\u0131\u011fa hassast\u0131, bu y\u00fczden g\u00fcne\u015f g\u00f6zl\u00fc\u011f\u00fc takt\u0131m. \u015eu an ve h\u00e2l\u00e2 \u00e7ok mutluyum, \u00e7\u00fcnk\u00fc art\u0131k g\u00f6rme yard\u0131m\u0131na ihtiya\u00e7 duymadan ya\u015fayabiliyorum. Kendimi ger\u00e7ekten \u00f6zg\u00fcr hissettim, sonunda rahats\u0131z edici g\u00f6zl\u00fc\u011f\u00fcmden kurtuldum. Antalya\u2019daki MedicalTravel Klinik\u2019te her zaman \u00e7ok iyi ilgilenildim ve buray\u0131 kesinlikle tavsiye edebilirim. Operasyon 20.07.12 tarihinde Antalya\u2019da yap\u0131ld\u0131 Urs K\u00f6pfli, Wohlen Ag (\u0130svi\u00e7re) \u00d6nceki Rapor Sonraki Rapor<\/p>\n","protected":false},"author":4,"featured_media":0,"parent":4505,"menu_order":0,"comment_status":"closed","ping_status":"closed","template":"","meta":{"_joinchat":[],"footnotes":""},"class_list":["post-4582","page","type-page","status-publish","hentry"],"acf":[],"_links":{"self":[{"href":"https:\/\/medicaltravel.at\/tr\/wp-json\/wp\/v2\/pages\/4582","targetHints":{"allow":["GET"]}}],"collection":[{"href":"https:\/\/medicaltravel.at\/tr\/wp-json\/wp\/v2\/pages"}],"about":[{"href":"https:\/\/medicaltravel.at\/tr\/wp-json\/wp\/v2\/types\/page"}],"author":[{"embeddable":true,"href":"https:\/\/medicaltravel.at\/tr\/wp-json\/wp\/v2\/users\/4"}],"replies":[{"embeddable":true,"href":"https:\/\/medicaltravel.at\/tr\/wp-json\/wp\/v2\/comments?post=4582"}],"version-history":[{"count":1,"href":"https:\/\/medicaltravel.at\/tr\/wp-json\/wp\/v2\/pages\/4582\/revisions"}],"predecessor-version":[{"id":4583,"href":"https:\/\/medicaltravel.at\/tr\/wp-json\/wp\/v2\/pages\/4582\/revisions\/4583"}],"up":[{"embeddable":true,"href":"https:\/\/medicaltravel.at\/tr\/wp-json\/wp\/v2\/pages\/4505"}],"wp:attachment":[{"href":"https:\/\/medicaltravel.at\/tr\/wp-json\/wp\/v2\/media?parent=4582"}],"curies":[{"name":"wp","href":"https:\/\/api.w.org\/{rel}","templated":true}]}}