{"id":4580,"date":"2025-09-28T09:23:44","date_gmt":"2025-09-28T08:23:44","guid":{"rendered":"https:\/\/medicaltravel.at\/hasta-hikayeleri\/goerues-raporlari-2012\/istanbul-tuerkiyede-femto-lasik-deneyimim-27-mayis-2013-pazartesi-tarihli-rapor\/"},"modified":"2026-01-13T14:56:52","modified_gmt":"2026-01-13T13:56:52","slug":"istanbul-tuerkiyede-femto-lasik-deneyimim-27-mayis-2013-pazartesi-tarihli-rapor","status":"publish","type":"page","link":"https:\/\/medicaltravel.at\/tr\/hasta-hikayeleri\/goerues-raporlari-2012\/istanbul-tuerkiyede-femto-lasik-deneyimim-27-mayis-2013-pazartesi-tarihli-rapor\/","title":{"rendered":"\u0130stanbul-T\u00fcrkiye\u2019de Femto LASIK Deneyimim \u2013 27 May\u0131s 2013 Pazartesi Tarihli Rapor"},"content":{"rendered":"\n<p><strong>\u0130stanbul-T\u00fcrkiye\u2019de Femto LASIK Deneyimim<\/strong> \u2013 27 May\u0131s 2013 Pazartesi Tarihli Rapor<\/p>\n\n<p>En iyi hizmet, \u0130svi\u00e7re\u2019de bana her zaman nazik ve profesyonel \u015fekilde tavsiyelerde bulunan ve hi\u00e7bir zaman beni herhangi bir ad\u0131m\u0131 atmaya zorlamayan Bay Karaa\u011fa\u00e7l\u0131\u2019n\u0131n dan\u0131\u015fmanl\u0131\u011f\u0131yla ba\u015flad\u0131, bunu \u00e7ok takdir ettim. \u0130stanbul\u2019da da ayn\u0131 \u015fekilde devam etti: \u0130stanbul\u2019a var\u0131r varmaz, \u00e7ok samimi bir T\u00fcrk \u015fof\u00f6r taraf\u0131ndan kar\u015f\u0131land\u0131m, o ve iki refakat\u00e7imi g\u00fczel, yeni bir arabayla direkt Levent Otel\u2019e g\u00f6t\u00fcrd\u00fc. Otel harikayd\u0131 \u2013 merkezi bir konumdayd\u0131 ve \u00e7evresi de m\u00fckemmeldi. Hemen yak\u0131n\u0131nda bir al\u0131\u015fveri\u015f merkezi vard\u0131 ve k\u0131sa s\u00fcre \u00f6nce ald\u0131\u011f\u0131m Swisslasik-Pass\u2019te \u0130stanbul\u2019da gezilecek yerler ve restoran tavsiyeleri gibi de\u011ferli bilgiler buldum. Ertesi g\u00fcn operasyon ba\u015flad\u0131: sabah yap\u0131lan \u00f6n muayene h\u0131zl\u0131yd\u0131 ve \u00f6\u011fleden sonra da ameliyat oldum. Operasyon k\u0131sa ve olduk\u00e7a a\u011fr\u0131s\u0131z ge\u00e7ti. \u00c7ok sakin kald\u0131m, \u00e7\u00fcnk\u00fc yan\u0131mda Almanca konu\u015fan ki\u015fisel bir dan\u0131\u015fman vard\u0131! Doktor han\u0131m da \u00e7ok nazikti ve s\u00fcrekli g\u00fcl\u00fcms\u00fcyordu! Her \u015fey olduk\u00e7a h\u0131zl\u0131 ge\u00e7ti, bu y\u00fczden son ana kadar endi\u015felenmeye bile zaman\u0131m olmad\u0131! Bu \u00e7ok iyiydi, \u00e7\u00fcnk\u00fc operasyonun \u00fczerinden 4 saat ge\u00e7tikten sonra iki refakat\u00e7imle d\u0131\u015far\u0131da yemek yiyebildim! Tabii g\u00fcne\u015f g\u00f6zl\u00fc\u011f\u00fc takarak\u2026 Ertesi g\u00fcn sa\u011fl\u0131\u011f\u0131m o kadar iyiydi ki, m\u00fckemmel ge\u00e7en kontrollerin ard\u0131ndan iki refakat\u00e7imle \u0130stanbul\u2019u gezebildim. Sonu\u00e7 m\u00fckemmel! Tekrar %100 net g\u00f6rebiliyorum ve \u00f6zetle Swisslasik\u2019ten son derece memnunum: her \u015fey m\u00fckemmel organize edildi ve hizmet harikayd\u0131! T\u00fcm Swisslasik ekibine te\u015fekk\u00fcrler! Jennifer Glorian              <\/p>\n\n<div class=\"wp-block-group is-layout-grid wp-container-core-group-is-layout-baef362d wp-block-group-is-layout-grid\">\n<p><a href=\"https:\/\/medicaltravel.at\/home\/agb\/\" data-type=\"page\" data-id=\"2191\"><\/a><a href=\"https:\/\/medicaltravel.at\/tr\/hasta-hikayeleri\/goerues-raporlari-2012\/istanbulda-swisslasik-ile-goez-ameliyati-deneyim-raporu-18-haziran-2013-sali-tarihli-rapor\/\" data-type=\"link\" data-id=\"https:\/\/medicaltravel.at\/berichte-von-patienten\/erfahrungsberichte-2012\/erfahrungsbericht-augenoperation-in-istanbul-ueber-swisslasik-bericht-vom-dienstag-18-juni-2013\/\">\u00d6nceki Rapor<\/a><\/p>\n\n\n\n<p class=\"has-text-align-right wp-container-content-5e2576f9\"><a href=\"https:\/\/medicaltravel.at\/home\/impressum\/\" data-type=\"page\" data-id=\"2193\"><\/a><a href=\"https:\/\/medicaltravel.at\/home\/berichte-von-patienten\/erfahrungsberichte\/erfahrungsbericht-zahnbehandlung-in-istanbul\/\" data-type=\"page\" data-id=\"981\"><\/a><a href=\"https:\/\/medicaltravel.at\/tr\/hasta-hikayeleri\/goerues-raporlari-2012\/swisslasik-olmasaydi-bes-katini-bile-oederdim-12-mart-2013-sali-tarihli-rapor\/\" data-type=\"link\" data-id=\"https:\/\/medicaltravel.at\/berichte-von-patienten\/erfahrungsberichte-2012\/ich-wuerde-sogar-das-5-fache-bezahlen-wenn-es-swisslasik-nicht-geben-wuerde-bericht-vom-dienstag-12-maerz-2013\/\">Sonraki Rapor<\/a><\/p>\n<\/div>\n","protected":false},"excerpt":{"rendered":"<p>\u0130stanbul-T\u00fcrkiye\u2019de Femto LASIK Deneyimim \u2013 27 May\u0131s 2013 Pazartesi Tarihli Rapor En iyi hizmet, \u0130svi\u00e7re\u2019de bana her zaman nazik ve profesyonel \u015fekilde tavsiyelerde bulunan ve hi\u00e7bir zaman beni herhangi bir ad\u0131m\u0131 atmaya zorlamayan Bay Karaa\u011fa\u00e7l\u0131\u2019n\u0131n dan\u0131\u015fmanl\u0131\u011f\u0131yla ba\u015flad\u0131, bunu \u00e7ok takdir ettim. \u0130stanbul\u2019da da ayn\u0131 \u015fekilde devam etti: \u0130stanbul\u2019a var\u0131r varmaz, \u00e7ok samimi bir T\u00fcrk \u015fof\u00f6r taraf\u0131ndan kar\u015f\u0131land\u0131m, o ve iki refakat\u00e7imi g\u00fczel, yeni bir arabayla direkt Levent Otel\u2019e g\u00f6t\u00fcrd\u00fc. Otel harikayd\u0131 \u2013 merkezi bir konumdayd\u0131 ve \u00e7evresi de m\u00fckemmeldi. Hemen yak\u0131n\u0131nda bir al\u0131\u015fveri\u015f merkezi vard\u0131 ve k\u0131sa s\u00fcre \u00f6nce ald\u0131\u011f\u0131m Swisslasik-Pass\u2019te \u0130stanbul\u2019da gezilecek yerler ve restoran tavsiyeleri gibi de\u011ferli bilgiler buldum. Ertesi g\u00fcn operasyon ba\u015flad\u0131: sabah yap\u0131lan \u00f6n muayene h\u0131zl\u0131yd\u0131 ve \u00f6\u011fleden sonra da ameliyat oldum. Operasyon k\u0131sa ve olduk\u00e7a a\u011fr\u0131s\u0131z ge\u00e7ti. \u00c7ok sakin kald\u0131m, \u00e7\u00fcnk\u00fc yan\u0131mda Almanca konu\u015fan ki\u015fisel bir dan\u0131\u015fman vard\u0131! Doktor han\u0131m da \u00e7ok nazikti ve s\u00fcrekli g\u00fcl\u00fcms\u00fcyordu! Her \u015fey olduk\u00e7a h\u0131zl\u0131 ge\u00e7ti, bu y\u00fczden son ana kadar endi\u015felenmeye bile zaman\u0131m olmad\u0131! Bu \u00e7ok iyiydi, \u00e7\u00fcnk\u00fc operasyonun \u00fczerinden 4 saat ge\u00e7tikten sonra iki refakat\u00e7imle d\u0131\u015far\u0131da yemek yiyebildim! Tabii g\u00fcne\u015f g\u00f6zl\u00fc\u011f\u00fc takarak\u2026 Ertesi g\u00fcn sa\u011fl\u0131\u011f\u0131m o kadar iyiydi ki, m\u00fckemmel ge\u00e7en kontrollerin ard\u0131ndan iki refakat\u00e7imle \u0130stanbul\u2019u gezebildim. Sonu\u00e7 m\u00fckemmel! Tekrar %100 net g\u00f6rebiliyorum ve \u00f6zetle Swisslasik\u2019ten son derece memnunum: her \u015fey m\u00fckemmel organize edildi ve hizmet harikayd\u0131! T\u00fcm Swisslasik ekibine te\u015fekk\u00fcrler! Jennifer Glorian \u00d6nceki Rapor Sonraki Rapor<\/p>\n","protected":false},"author":4,"featured_media":0,"parent":4505,"menu_order":0,"comment_status":"closed","ping_status":"closed","template":"","meta":{"_joinchat":[],"footnotes":""},"class_list":["post-4580","page","type-page","status-publish","hentry"],"acf":[],"_links":{"self":[{"href":"https:\/\/medicaltravel.at\/tr\/wp-json\/wp\/v2\/pages\/4580","targetHints":{"allow":["GET"]}}],"collection":[{"href":"https:\/\/medicaltravel.at\/tr\/wp-json\/wp\/v2\/pages"}],"about":[{"href":"https:\/\/medicaltravel.at\/tr\/wp-json\/wp\/v2\/types\/page"}],"author":[{"embeddable":true,"href":"https:\/\/medicaltravel.at\/tr\/wp-json\/wp\/v2\/users\/4"}],"replies":[{"embeddable":true,"href":"https:\/\/medicaltravel.at\/tr\/wp-json\/wp\/v2\/comments?post=4580"}],"version-history":[{"count":1,"href":"https:\/\/medicaltravel.at\/tr\/wp-json\/wp\/v2\/pages\/4580\/revisions"}],"predecessor-version":[{"id":4581,"href":"https:\/\/medicaltravel.at\/tr\/wp-json\/wp\/v2\/pages\/4580\/revisions\/4581"}],"up":[{"embeddable":true,"href":"https:\/\/medicaltravel.at\/tr\/wp-json\/wp\/v2\/pages\/4505"}],"wp:attachment":[{"href":"https:\/\/medicaltravel.at\/tr\/wp-json\/wp\/v2\/media?parent=4580"}],"curies":[{"name":"wp","href":"https:\/\/api.w.org\/{rel}","templated":true}]}}