{"id":4578,"date":"2025-09-28T09:22:35","date_gmt":"2025-09-28T08:22:35","guid":{"rendered":"https:\/\/medicaltravel.at\/hasta-hikayeleri\/goerues-raporlari-2012\/goegues-kuecueltme-ve-liposuction-ameliyatim-istanbulda-8-temmuz-2013-pazartesi-tarihli-rapor\/"},"modified":"2026-01-13T14:55:47","modified_gmt":"2026-01-13T13:55:47","slug":"goegues-kuecueltme-ve-liposuction-ameliyatim-istanbulda-8-temmuz-2013-pazartesi-tarihli-rapor","status":"publish","type":"page","link":"https:\/\/medicaltravel.at\/tr\/hasta-hikayeleri\/goerues-raporlari-2012\/goegues-kuecueltme-ve-liposuction-ameliyatim-istanbulda-8-temmuz-2013-pazartesi-tarihli-rapor\/","title":{"rendered":"G\u00f6\u011f\u00fcs K\u00fc\u00e7\u00fcltme ve Liposuction Ameliyat\u0131m \u0130stanbul\u2019da \u2013 8 Temmuz 2013 Pazartesi Tarihli Rapor"},"content":{"rendered":"\n<p><strong>G\u00f6\u011f\u00fcs K\u00fc\u00e7\u00fcltme ve Liposuction Ameliyat\u0131m \u0130stanbul\u2019da<\/strong> \u2013 8 Temmuz 2013 Pazartesi Tarihli Rapor<\/p>\n\n\n\n<p>Uzun zamand\u0131r g\u00f6\u011f\u00fcslerimi k\u00fc\u00e7\u00fcltmek istiyordum. Ama sa\u011fl\u0131k sigortas\u0131 masraflar\u0131 kar\u015f\u0131lamad\u0131\u011f\u0131 i\u00e7in paray\u0131 biriktirene kadar beklemek zorundayd\u0131m. Sonra bir i\u015f arkada\u015f\u0131m arac\u0131l\u0131\u011f\u0131yla SwissLasik\u2019ten duydum ve \u0130stanbul\u2019daki estetik ameliyat imkanlar\u0131 hakk\u0131nda bilgi ald\u0131m. Bana \u00e7ok iyi bilgi verdiler ve Z\u00fcrih\u2019teki bilgilendirme toplant\u0131s\u0131na da kat\u0131ld\u0131m. \u0130stanbul\u2019da ameliyat olma karar\u0131 tamamen maddi bir karard\u0131. \u00d6ncesinde birka\u00e7 kez Bay Karaagacli ile ileti\u015fime ge\u00e7tim. Her zaman h\u0131zl\u0131 ve yetkin bir \u015fekilde cevap verdi. Sorular\u0131m veya isteklerim oldu\u011funda her zaman ilgilendi. Seyahatin t\u00fcm planlamas\u0131 onun \u00fczerinden y\u00fcr\u00fct\u00fcld\u00fc ve her \u015fey m\u00fckemmel \u015fekilde ilerledi. Kontrollerin saatlerini vs. i\u00e7eren bir SwissLasik-Pass haz\u0131rlad\u0131k, bu \u00e7ok faydal\u0131 oldu. Ayr\u0131ca \u0130stanbul\u2019da her zaman bizi alacaklar\u0131n\u0131 garanti ettiler ve bu y\u00fczde y\u00fcz sorunsuz ger\u00e7ekle\u015fti. \u0130stanbul\u2019a vard\u0131\u011f\u0131m\u0131zda oteli de\u011fi\u015ftirmek zorunda kald\u0131k \u00e7\u00fcnk\u00fc Taksim Meydan\u0131\u2019nda b\u00fcy\u00fck kar\u0131\u015f\u0131kl\u0131klar vard\u0131 ve otelimiz oradayd\u0131. Di\u011fer otel merkeze uzak ama g\u00fczel bir konumdayd\u0131. Ameliyat s\u0131ras\u0131nda yan\u0131mda olan e\u015fim birka\u00e7 g\u00fcn yaln\u0131z kalmak zorunda oldu\u011fundan, havuzlu bir otel istedik ve bu da rezervasyon yap\u0131labildi. Doktorla \u00f6n g\u00f6r\u00fc\u015fme \u0130ngilizce yap\u0131ld\u0131 ama her zaman bir terc\u00fcman sa\u011flanabilirdi. Hastanede Almanca konu\u015fabilen birka\u00e7 ki\u015fi vard\u0131. Doktor bana her \u015feyi ayr\u0131nt\u0131l\u0131 olarak a\u00e7\u0131klad\u0131 ve anestezi doktoru ile de g\u00f6r\u00fc\u015fme yap\u0131ld\u0131. Ertesi g\u00fcn \u00f6\u011flen ameliyat ba\u015flad\u0131 ve 8 saat s\u00fcrd\u00fc. Ak\u015fam odaya g\u00f6t\u00fcr\u00fcld\u00fcm. Tek ki\u015filik bir odam vard\u0131. \u0130lk gece \u00e7ok a\u011fr\u0131 vard\u0131 ama personel d\u00fczenli olarak kontrol etti. Zaman zaman anla\u015f\u0131lmad\u0131\u011f\u0131m\u0131 ve biraz yaln\u0131z hissettim. Bu kadar a\u011fr\u0131 ile yabanc\u0131 bir \u00fclkede olmak benim i\u00e7in kolay de\u011fildi ve bunu biraz hafife alm\u0131\u015ft\u0131m. Bir gece daha kalmam gerekti. Ameliyattan sonra \u00e7ok k\u0131r\u0131lgan ve psikolojik olarak biraz yorgun hissettim. Bu kadar uzun bir ameliyata haz\u0131rl\u0131kl\u0131 de\u011fildim. \u00dc\u00e7\u00fcnc\u00fc g\u00fcn otele d\u00f6nd\u00fcm, doktoruma g\u00f6re bu benim i\u00e7in en iyisiydi \u00e7\u00fcnk\u00fc e\u015fim yan\u0131mdayd\u0131. Sonras\u0131nda hastaneye iki kez daha kontrole gitmem gerekti. Transferler her zaman sorunsuzdu. Ameliyat sonras\u0131 otelde kalmak benim i\u00e7in kolay de\u011fildi. Bu a\u011fr\u0131larla \u00fclkemde olmay\u0131 tercih ederdim. Ama e\u015fim \u00e7ok iyi ilgilendi\u011fi i\u00e7in \u00fcstesinden gelindi. Bug\u00fcn sonu\u00e7tan \u00e7ok memnunum. Doktor harika bir i\u015f \u00e7\u0131kard\u0131. B\u00f6yle bir ameliyat\u0131 kesinlikle tavsiye edebilirim. \u00d6n haz\u0131rl\u0131klar\u0131n mutlaka yap\u0131lmas\u0131 gerekir. Yine de ameliyat oldu\u011fu i\u00e7in ne olaca\u011f\u0131 hi\u00e7bir zaman tamamen garanti edilemez.                                     Kesinlikle doktorlar \u0130svi\u00e7re\u2019deki doktorlarla ayn\u0131 seviyede. Clara B. <\/p>\n\n\n\n<div class=\"wp-block-group is-layout-grid wp-container-core-group-is-layout-baef362d wp-block-group-is-layout-grid\">\n<p><a href=\"https:\/\/medicaltravel.at\/home\/agb\/\" data-type=\"page\" data-id=\"2191\"><\/a><a href=\"https:\/\/medicaltravel.at\/tr\/hasta-hikayeleri\/goerues-raporlari-2012\/istanbulda-goez-ameliyati-hasta-raporu-8-temmuz-2013-pazartesi-tarihli-rapor\/\" data-type=\"link\" data-id=\"https:\/\/medicaltravel.at\/tr\/hasta-hikayeleri\/goerues-raporlari-2012\/istanbulda-goez-ameliyati-hasta-raporu-8-temmuz-2013-pazartesi-tarihli-rapor\/\">\u00d6nceki Rapor<\/a><\/p>\n\n\n\n<p class=\"has-text-align-right wp-container-content-5e2576f9\"><a href=\"https:\/\/medicaltravel.at\/home\/impressum\/\" data-type=\"page\" data-id=\"2193\"><\/a><a href=\"https:\/\/medicaltravel.at\/home\/berichte-von-patienten\/erfahrungsberichte\/erfahrungsbericht-zahnbehandlung-in-istanbul\/\" data-type=\"page\" data-id=\"981\"><\/a><a href=\"https:\/\/medicaltravel.at\/tr\/hasta-hikayeleri\/goerues-raporlari-2012\/istanbulda-swisslasik-ile-goez-ameliyati-deneyim-raporu-18-haziran-2013-sali-tarihli-rapor\/\" data-type=\"link\" data-id=\"https:\/\/medicaltravel.at\/berichte-von-patienten\/erfahrungsberichte-2012\/erfahrungsbericht-augenoperation-in-istanbul-ueber-swisslasik-bericht-vom-dienstag-18-juni-2013\/\">Sonraki Rapor<\/a><\/p>\n<\/div>\n","protected":false},"excerpt":{"rendered":"<p>G\u00f6\u011f\u00fcs K\u00fc\u00e7\u00fcltme ve Liposuction Ameliyat\u0131m \u0130stanbul\u2019da \u2013 8 Temmuz 2013 Pazartesi Tarihli Rapor Uzun zamand\u0131r g\u00f6\u011f\u00fcslerimi k\u00fc\u00e7\u00fcltmek istiyordum. Ama sa\u011fl\u0131k sigortas\u0131 masraflar\u0131 kar\u015f\u0131lamad\u0131\u011f\u0131 i\u00e7in paray\u0131 biriktirene kadar beklemek zorundayd\u0131m. Sonra bir i\u015f arkada\u015f\u0131m arac\u0131l\u0131\u011f\u0131yla SwissLasik\u2019ten duydum ve \u0130stanbul\u2019daki estetik ameliyat imkanlar\u0131 hakk\u0131nda bilgi ald\u0131m. Bana \u00e7ok iyi bilgi verdiler ve Z\u00fcrih\u2019teki bilgilendirme toplant\u0131s\u0131na da kat\u0131ld\u0131m. \u0130stanbul\u2019da ameliyat olma karar\u0131 tamamen maddi bir karard\u0131. \u00d6ncesinde birka\u00e7 kez Bay Karaagacli ile ileti\u015fime ge\u00e7tim. Her zaman h\u0131zl\u0131 ve yetkin bir \u015fekilde cevap verdi. Sorular\u0131m veya isteklerim oldu\u011funda her zaman ilgilendi. Seyahatin t\u00fcm planlamas\u0131 onun \u00fczerinden y\u00fcr\u00fct\u00fcld\u00fc ve her \u015fey m\u00fckemmel \u015fekilde ilerledi. Kontrollerin saatlerini vs. i\u00e7eren bir SwissLasik-Pass haz\u0131rlad\u0131k, bu \u00e7ok faydal\u0131 oldu. Ayr\u0131ca \u0130stanbul\u2019da her zaman bizi alacaklar\u0131n\u0131 garanti ettiler ve bu y\u00fczde y\u00fcz sorunsuz ger\u00e7ekle\u015fti. \u0130stanbul\u2019a vard\u0131\u011f\u0131m\u0131zda oteli de\u011fi\u015ftirmek zorunda kald\u0131k \u00e7\u00fcnk\u00fc Taksim Meydan\u0131\u2019nda b\u00fcy\u00fck kar\u0131\u015f\u0131kl\u0131klar vard\u0131 ve otelimiz oradayd\u0131. Di\u011fer otel merkeze uzak ama g\u00fczel bir konumdayd\u0131. Ameliyat s\u0131ras\u0131nda yan\u0131mda olan e\u015fim birka\u00e7 g\u00fcn yaln\u0131z kalmak zorunda oldu\u011fundan, havuzlu bir otel istedik ve bu da rezervasyon yap\u0131labildi. Doktorla \u00f6n g\u00f6r\u00fc\u015fme \u0130ngilizce yap\u0131ld\u0131 ama her zaman bir terc\u00fcman sa\u011flanabilirdi. Hastanede Almanca konu\u015fabilen birka\u00e7 ki\u015fi vard\u0131. Doktor bana her \u015feyi ayr\u0131nt\u0131l\u0131 olarak a\u00e7\u0131klad\u0131 ve anestezi doktoru ile de g\u00f6r\u00fc\u015fme yap\u0131ld\u0131. Ertesi g\u00fcn \u00f6\u011flen ameliyat ba\u015flad\u0131 ve 8 saat s\u00fcrd\u00fc. Ak\u015fam odaya g\u00f6t\u00fcr\u00fcld\u00fcm. Tek ki\u015filik bir odam vard\u0131. \u0130lk gece \u00e7ok a\u011fr\u0131 vard\u0131 ama personel d\u00fczenli olarak kontrol etti. Zaman zaman anla\u015f\u0131lmad\u0131\u011f\u0131m\u0131 ve biraz yaln\u0131z hissettim. Bu kadar a\u011fr\u0131 ile yabanc\u0131 bir \u00fclkede olmak benim i\u00e7in kolay de\u011fildi ve bunu biraz hafife alm\u0131\u015ft\u0131m. Bir gece daha kalmam gerekti. Ameliyattan sonra \u00e7ok k\u0131r\u0131lgan ve psikolojik olarak biraz yorgun hissettim. Bu kadar uzun bir ameliyata haz\u0131rl\u0131kl\u0131 de\u011fildim. \u00dc\u00e7\u00fcnc\u00fc g\u00fcn otele d\u00f6nd\u00fcm, doktoruma g\u00f6re bu benim i\u00e7in en iyisiydi \u00e7\u00fcnk\u00fc e\u015fim yan\u0131mdayd\u0131. Sonras\u0131nda hastaneye iki kez daha kontrole gitmem gerekti. Transferler her zaman sorunsuzdu. Ameliyat sonras\u0131 otelde kalmak benim i\u00e7in kolay de\u011fildi. Bu a\u011fr\u0131larla \u00fclkemde olmay\u0131 tercih ederdim. Ama e\u015fim \u00e7ok iyi ilgilendi\u011fi i\u00e7in \u00fcstesinden gelindi. Bug\u00fcn sonu\u00e7tan \u00e7ok memnunum. Doktor harika bir i\u015f \u00e7\u0131kard\u0131. B\u00f6yle bir ameliyat\u0131 kesinlikle tavsiye edebilirim. \u00d6n haz\u0131rl\u0131klar\u0131n mutlaka yap\u0131lmas\u0131 gerekir. Yine de ameliyat oldu\u011fu i\u00e7in ne olaca\u011f\u0131 hi\u00e7bir zaman tamamen garanti edilemez. Kesinlikle doktorlar \u0130svi\u00e7re\u2019deki doktorlarla ayn\u0131 seviyede. Clara B. \u00d6nceki Rapor Sonraki Rapor<\/p>\n","protected":false},"author":4,"featured_media":0,"parent":4505,"menu_order":0,"comment_status":"closed","ping_status":"closed","template":"","meta":{"_joinchat":[],"footnotes":""},"class_list":["post-4578","page","type-page","status-publish","hentry"],"acf":[],"_links":{"self":[{"href":"https:\/\/medicaltravel.at\/tr\/wp-json\/wp\/v2\/pages\/4578","targetHints":{"allow":["GET"]}}],"collection":[{"href":"https:\/\/medicaltravel.at\/tr\/wp-json\/wp\/v2\/pages"}],"about":[{"href":"https:\/\/medicaltravel.at\/tr\/wp-json\/wp\/v2\/types\/page"}],"author":[{"embeddable":true,"href":"https:\/\/medicaltravel.at\/tr\/wp-json\/wp\/v2\/users\/4"}],"replies":[{"embeddable":true,"href":"https:\/\/medicaltravel.at\/tr\/wp-json\/wp\/v2\/comments?post=4578"}],"version-history":[{"count":2,"href":"https:\/\/medicaltravel.at\/tr\/wp-json\/wp\/v2\/pages\/4578\/revisions"}],"predecessor-version":[{"id":5776,"href":"https:\/\/medicaltravel.at\/tr\/wp-json\/wp\/v2\/pages\/4578\/revisions\/5776"}],"up":[{"embeddable":true,"href":"https:\/\/medicaltravel.at\/tr\/wp-json\/wp\/v2\/pages\/4505"}],"wp:attachment":[{"href":"https:\/\/medicaltravel.at\/tr\/wp-json\/wp\/v2\/media?parent=4578"}],"curies":[{"name":"wp","href":"https:\/\/api.w.org\/{rel}","templated":true}]}}