{"id":4576,"date":"2025-09-28T09:24:46","date_gmt":"2025-09-28T08:24:46","guid":{"rendered":"https:\/\/medicaltravel.at\/hasta-hikayeleri\/goerues-raporlari-2012\/istanbul-da-gecirdigim-macerali-goez-lazeri-tedavisi-06-mart-2013-carsamba-tarihli-rapor\/"},"modified":"2026-01-13T14:58:08","modified_gmt":"2026-01-13T13:58:08","slug":"istanbul-da-gecirdigim-macerali-goez-lazeri-tedavisi-06-mart-2013-carsamba-tarihli-rapor","status":"publish","type":"page","link":"https:\/\/medicaltravel.at\/tr\/hasta-hikayeleri\/goerues-raporlari-2012\/istanbul-da-gecirdigim-macerali-goez-lazeri-tedavisi-06-mart-2013-carsamba-tarihli-rapor\/","title":{"rendered":"\u0130stanbul&#8217; da Ge\u00e7irdi\u011fim Maceral\u0131 G\u00f6z Lazeri Tedavisi \u2013 06 Mart 2013 \u00c7ar\u015famba Tarihli Rapor"},"content":{"rendered":"\n<p><strong>\u0130stanbul&#8217; da Ge\u00e7irdi\u011fim Maceral\u0131 G\u00f6z Lazeri Tedavisi<\/strong> \u2013 06 Mart 2013 \u00c7ar\u015famba Tarihli Rapor<\/p>\n\n<p>Ben sa\u011f g\u00f6z\u00fcm -5,75, sol g\u00f6z\u00fcm -5,25 oldu\u011fu ve neredeyse k\u00f6r oldu\u011fum, kontakt lensleri art\u0131k kullanamad\u0131\u011f\u0131m ve mecburen zahmetli g\u00f6zl\u00fc\u011fe ba\u011f\u0131ml\u0131 oldu\u011fum i\u00e7in lazer benim i\u00e7in tek \u00e7\u00f6z\u00fcmd\u00fc. Maalesef \u00e7ok kuru g\u00f6zlerim vard\u0131. Lens takt\u0131ktan bir saat sonra g\u00f6zlerim ate\u015f k\u0131rm\u0131z\u0131s\u0131 olurdu ve g\u00f6zl\u00fck her zaman zorunluydu, ba\u015fka bir se\u00e7enek yoktu.<br\/><br\/>Bir\u00e7ok arkada\u015f\u0131m g\u00f6zlerini lazerlettirmi\u015fti, ama \u00e7o\u011fu \u0130svi\u00e7re\u2019de \u00e7ok y\u00fcksek bir fiyatla yapt\u0131rm\u0131\u015ft\u0131. Bu benim i\u00e7in se\u00e7enek de\u011fildi. Annemin bir arkada\u015f\u0131 Swisslasik ve b\u00fct\u00fcn s\u00fcreci \u00f6verek anlat\u0131nca, g\u00f6zlerimi en k\u0131sa s\u00fcrede \u0130stanbul\u2019da lazerlettirece\u011fim netle\u015fti. Hemen Bay Karaagacl\u0131 ile ileti\u015fime ge\u00e7tim ve o andan itibaren her \u015fey \u00e7ok h\u0131zl\u0131, profesyonel, sorunsuz ve inan\u0131lmaz dostane \u015fekilde ilerledi. Ba\u015f\u0131ndan sonuna kadar her \u015fey \u00e7ok iyi organize edilmi\u015fti: otel, u\u00e7ak, kar\u015f\u0131lama, ameliyat, d\u00f6n\u00fc\u015f, kontrol muayenesi\u2026 Tek yap\u0131lmas\u0131 gereken \u201cg\u00f6zlerini kapat ve git\u201d oldu.<br\/><br\/>\u0130svi\u00e7re\u2019deki \u00f6n muayeneyi tavsiye ederim. B\u00f6ylece g\u00f6zlerin ameliyat edilebilir oldu\u011fu kesinle\u015fir, sorular sorulabilir ve korku biraz hafifler. Korku konusuna gelince, ben ger\u00e7ekten \u00f6l\u00fcm korkusu ya\u015fayan hastalardand\u0131m. G\u00fcn boyunca sadece g\u00f6z lazer ameliyat\u0131m\u0131 d\u00fc\u015f\u00fcn\u00fcyordum, her yerde k\u00f6r insanlar g\u00f6r\u00fcyordum ve g\u00f6zlerimle ilgili kabuslar g\u00f6r\u00fcyordum. E\u011fer her \u015feyin asl\u0131nda bu kadar korkun\u00e7 olmad\u0131\u011f\u0131n\u0131 bilseydim, LASIK \u00f6ncesi bu korku dolu ay\u0131 ya\u015famazd\u0131m.<br\/><br\/>Gidi\u015f g\u00fcn\u00fc geldi. Bu seyahati partnerimle yapt\u0131m. Korku hala heyecandan daha a\u011f\u0131rd\u0131. U\u00e7u\u015f ve otele transfer sorunsuz ge\u00e7ti. \u0130stanbul\u2019a vard\u0131\u011f\u0131m\u0131zda t\u00fcm g\u00fcn al\u0131\u015fveri\u015f yapt\u0131k. Ak\u015fam erkenden yatt\u0131k, ertesi g\u00fcn LASIK i\u00e7in haz\u0131r olabilmek i\u00e7in.<br\/><br\/>Ertesi g\u00fcn, ben, partnerim ve g\u00f6zlerini lazerlettirecek di\u011fer 3 ki\u015fi, \u015fof\u00f6r taraf\u0131ndan zaman\u0131nda al\u0131nd\u0131. Klinikte terc\u00fcman\u0131m\u0131z bizi \u00e7ok samimi kar\u015f\u0131lad\u0131. Bilgilendirme yapt\u0131 ve \u00f6n muayeneler h\u0131zl\u0131ca tamamland\u0131. Ameliyat \u00f6\u011flene al\u0131nd\u0131, \u00f6ncesinde geni\u015f bir \u00f6\u011fle yeme\u011fi yeme f\u0131rsat\u0131m\u0131z oldu. Bu bana \u00e7ok yard\u0131mc\u0131 oldu \u00e7\u00fcnk\u00fc o g\u00fcn g\u00f6zlerini lazerlettiren tek ki\u015fi ben de\u011fildim; iyi bir grup olduk, \u00e7ok g\u00fcld\u00fck ve birbirimizi cesaretlendirdik.<br\/><br\/>Ameliyattan \u00f6nce hepimiz sakinle\u015ftirici bir tablet ald\u0131k (bunu herkese \u00f6neririm). Ameliyat odas\u0131na al\u0131nd\u0131\u011f\u0131mda (her zaman terc\u00fcman\u0131m yan\u0131mdayd\u0131) panik yapt\u0131m. San\u0131r\u0131m kolay bir hasta de\u011fildim; ameliyat boyunca k\u00fc\u00e7\u00fck \u00e7ocuk gibi inledim ve terc\u00fcman\u0131ma tutundum. Zavall\u0131 ameliyat sonras\u0131 bitap d\u00fc\u015ft\u00fc. V\u00fccudumda \u00e7izikler olu\u015ftu. 10-15 dakika s\u00fcrmesi gereken ameliyat, benim doktoru zorlamam nedeniyle yakla\u015f\u0131k 25 dakika s\u00fcrd\u00fc. Doktor sab\u0131rl\u0131, profesyonel ve sakin kald\u0131. Her \u015fey \u00e7ok temiz ve sterildi.<br\/><br\/>Ameliyat asl\u0131nda hi\u00e7 de k\u00f6t\u00fc de\u011fil. Rahats\u0131z edici de\u011fil ama a\u011fr\u0131 hissetmiyorsunuz ve g\u00f6z\u00fcn\u00fczde i\u015flem yap\u0131ld\u0131\u011f\u0131n\u0131 anlam\u0131yorsunuz. 25 dakika boyunca hissettiklerimi k\u0131saca \u00f6zetlersem: I\u015f\u0131k patlamas\u0131. \u00d6nce k\u0131rm\u0131z\u0131 bir nokta, birka\u00e7 y\u0131ld\u0131z, sonra her \u015fey bulan\u0131k, ara s\u0131ra gri, sonra bir\u00e7ok k\u00fc\u00e7\u00fck y\u0131ld\u0131z, yanm\u0131\u015f sa\u00e7 kokusu (bu kokuyu sevdim), biraz damla nemi ve i\u015fte sihir sona erdi.<br\/><br\/>Sonra koruyucu g\u00f6zl\u00fck tak\u0131ld\u0131 ve bekleme odas\u0131na g\u00f6t\u00fcr\u00fcld\u00fcm. \u00d6nce terc\u00fcman\u0131 teselli ettim, \u00e7\u00fcnk\u00fc o tamamen bitmi\u015fti. Tabletin etkisi bende o anda ba\u015flad\u0131. \u00c7ok yorgundum ve g\u00f6zlerimi a\u00e7am\u0131yordum, sanki so\u011fan kesmi\u015f gibi yan\u0131yor ve sulan\u0131yordu. Di\u011fer hastalar\u0131n ameliyat\u0131 da sorunsuz ge\u00e7ti ama onlar da tabletin etkisiyle bitap d\u00fc\u015ft\u00fc. Hepimiz otele geri g\u00f6t\u00fcr\u00fcld\u00fck. 4 saat uzand\u0131m ve tablet sayesinde hemen uyudum. Partnerim beni uyand\u0131rd\u0131\u011f\u0131nda ameliyattan sonra ilk kez yap\u0131\u015fm\u0131\u015f g\u00f6zlerimi a\u00e7t\u0131m ve i\u015fte g\u00f6rd\u00fcm! Hala biraz bulan\u0131kt\u0131 ama her \u015fey net ve belirgindi. Bir r\u00fcya gibiydi.<br\/><br\/>Ak\u015fam di\u011fer hastalarla yemek yedik. G\u00f6zl\u00fcks\u00fcz, sadece koruyucu g\u00fcne\u015f g\u00f6zl\u00fc\u011f\u00fc ile. Sa\u011f g\u00f6z\u00fcm net g\u00f6r\u00fcyordu, sol g\u00f6z\u00fcm hen\u00fcz %100 de\u011fildi. Ameliyat masas\u0131nda zorland\u0131\u011f\u0131m sol g\u00f6zd\u00fc. Ertesi g\u00fcn de sol g\u00f6z biraz daha iyi de\u011fildi. Doktor, sol g\u00f6z\u00fcn strese maruz kald\u0131\u011f\u0131n\u0131, ameliyat\u0131n sa\u011f g\u00f6ze g\u00f6re daha uzun s\u00fcrd\u00fc\u011f\u00fcn\u00fc s\u00f6yledi ve sabretmemi istedi.<br\/><br\/>\u00d6nceden kuru g\u00f6z problemi ya\u015fad\u0131\u011f\u0131m i\u00e7in LASIK sonras\u0131 d\u00f6nemde baz\u0131 sorunlar\u0131m oldu, \u00f6zellikle sol g\u00f6zde. Sa\u011f g\u00f6z giderek daha iyi oldu, sol g\u00f6z ise bir s\u00fcre sabit kald\u0131, hatta ge\u00e7ici olarak biraz daha k\u00f6t\u00fcye gitti. Yine de ameliyat \u00f6ncesine g\u00f6re \u00e7ok daha iyiydi, sadece %70 g\u00f6r\u00fc\u015fe sahipti. \u0130svi\u00e7re\u2019deki kontrollerde doktor, \u00e7ok kuru g\u00f6zlerim oldu\u011funu belirtti ve gece i\u00e7in g\u00f6z damlas\u0131 ve bir merhem verdi. Ayr\u0131ca daha fazla su i\u00e7iyorum ve ofise bir nemlendirici ald\u0131m.<br\/><br\/>Ameliyat\u0131m 3,5 hafta \u00f6nceydi ve g\u00f6r\u00fc\u015f\u00fcm giderek netle\u015fiyor. Sol g\u00f6z\u00fcm yava\u015f yava\u015f toparlan\u0131yor (yakla\u015f\u0131k -0,5 miyopi kald\u0131) ve birka\u00e7 hafta daha s\u00fcrebilir. T\u00fcm arkada\u015flar\u0131mda her \u015feyin oturmas\u0131 iki ay s\u00fcrd\u00fc. Tam net g\u00f6rmek i\u00e7in biraz sabretmem gerekiyor. Ama \u015fikayet edemem; \u00e7ok iyi g\u00f6r\u00fcyorum. Yani y\u00fcksek seviyede bir \u015fikayet s\u00f6z konusu.<br\/><br\/>LASIK hayat\u0131m\u0131n en iyi kararlar\u0131ndan biriydi ve herkese tavsiye ederim. \u00c7ok iyi organize edilmi\u015f, uygun fiyatl\u0131 ve \u00e7ok y\u00fcksek standartl\u0131 bir LASIK deneyimi, \u00fczerine \u0130stanbul\u2019da al\u0131\u015fveri\u015f gezisi ile birle\u015fmi\u015fti. Her sabah g\u00f6rme sorunu ya\u015famadan uyanmak b\u00fcy\u00fck bir hediye. Hala bazen sabahlar\u0131 g\u00f6zl\u00fc\u011f\u00fcm\u00fc komodinin \u00fczerinde arad\u0131\u011f\u0131m\u0131 fark ediyorum. Ayr\u0131ca s\u00fcrekli lens, g\u00f6z damlas\u0131, lens suyu, g\u00f6zl\u00fck \u00e7er\u00e7evesi, camlar\u0131 vb. almayarak hem zaman hem para tasarrufu sa\u011fl\u0131yorsunuz.<br\/><br\/>Bu y\u00fczden Bay Karaagacl\u0131\u2019ya sab\u0131rl\u0131 ve nazik dan\u0131\u015fmanl\u0131\u011f\u0131, profesyonel hizmeti i\u00e7in ve Swisslasik\u2019teki t\u00fcm doktorlara, ameliyat sonras\u0131 \u0130svi\u00e7re\u2019de sol g\u00f6z\u00fcmle ilgilendikleri i\u00e7in tekrar te\u015fekk\u00fcr ederim.<br\/><br\/>06 Mart 2013<br\/>Laura Ottoni<\/p>\n\n<div class=\"wp-block-group is-layout-grid wp-container-core-group-is-layout-baef362d wp-block-group-is-layout-grid\">\n<p><a href=\"https:\/\/medicaltravel.at\/home\/agb\/\" data-type=\"page\" data-id=\"2191\"><\/a><a href=\"https:\/\/medicaltravel.at\/tr\/hasta-hikayeleri\/goerues-raporlari-2012\/swisslasik-olmasaydi-bes-katini-bile-oederdim-12-mart-2013-sali-tarihli-rapor\/\" data-type=\"link\" data-id=\"https:\/\/medicaltravel.at\/berichte-von-patienten\/erfahrungsberichte-2012\/ich-wuerde-sogar-das-5-fache-bezahlen-wenn-es-swisslasik-nicht-geben-wuerde-bericht-vom-dienstag-12-maerz-2013\/\">\u00d6nceki Rapor<\/a><\/p>\n\n\n\n<p class=\"has-text-align-right wp-container-content-5e2576f9\"><a href=\"https:\/\/medicaltravel.at\/home\/impressum\/\" data-type=\"page\" data-id=\"2193\"><\/a><a href=\"https:\/\/medicaltravel.at\/home\/berichte-von-patienten\/erfahrungsberichte\/erfahrungsbericht-zahnbehandlung-in-istanbul\/\" data-type=\"page\" data-id=\"981\"><\/a><a href=\"https:\/\/medicaltravel.at\/tr\/hasta-hikayeleri\/goerues-raporlari-2012\/swisslasik-deneyim-raporu-05-subat-2013-sali-tarihli-rapor\/\" data-type=\"link\" data-id=\"https:\/\/medicaltravel.at\/berichte-von-patienten\/erfahrungsberichte-2012\/erfahrungsbericht-swisslasik-bericht-vom-dienstag-05-februar-2013\/\">Sonraki Rapor<\/a><\/p>\n<\/div>\n","protected":false},"excerpt":{"rendered":"<p>\u0130stanbul&#8217; da Ge\u00e7irdi\u011fim Maceral\u0131 G\u00f6z Lazeri Tedavisi \u2013 06 Mart 2013 \u00c7ar\u015famba Tarihli Rapor Ben sa\u011f g\u00f6z\u00fcm -5,75, sol g\u00f6z\u00fcm -5,25 oldu\u011fu ve neredeyse k\u00f6r oldu\u011fum, kontakt lensleri art\u0131k kullanamad\u0131\u011f\u0131m ve mecburen zahmetli g\u00f6zl\u00fc\u011fe ba\u011f\u0131ml\u0131 oldu\u011fum i\u00e7in lazer benim i\u00e7in tek \u00e7\u00f6z\u00fcmd\u00fc. Maalesef \u00e7ok kuru g\u00f6zlerim vard\u0131. Lens takt\u0131ktan bir saat sonra g\u00f6zlerim ate\u015f k\u0131rm\u0131z\u0131s\u0131 olurdu ve g\u00f6zl\u00fck her zaman zorunluydu, ba\u015fka bir se\u00e7enek yoktu. Bir\u00e7ok arkada\u015f\u0131m g\u00f6zlerini lazerlettirmi\u015fti, ama \u00e7o\u011fu \u0130svi\u00e7re\u2019de \u00e7ok y\u00fcksek bir fiyatla yapt\u0131rm\u0131\u015ft\u0131. Bu benim i\u00e7in se\u00e7enek de\u011fildi. Annemin bir arkada\u015f\u0131 Swisslasik ve b\u00fct\u00fcn s\u00fcreci \u00f6verek anlat\u0131nca, g\u00f6zlerimi en k\u0131sa s\u00fcrede \u0130stanbul\u2019da lazerlettirece\u011fim netle\u015fti. Hemen Bay Karaagacl\u0131 ile ileti\u015fime ge\u00e7tim ve o andan itibaren her \u015fey \u00e7ok h\u0131zl\u0131, profesyonel, sorunsuz ve inan\u0131lmaz dostane \u015fekilde ilerledi. Ba\u015f\u0131ndan sonuna kadar her \u015fey \u00e7ok iyi organize edilmi\u015fti: otel, u\u00e7ak, kar\u015f\u0131lama, ameliyat, d\u00f6n\u00fc\u015f, kontrol muayenesi\u2026 Tek yap\u0131lmas\u0131 gereken \u201cg\u00f6zlerini kapat ve git\u201d oldu. \u0130svi\u00e7re\u2019deki \u00f6n muayeneyi tavsiye ederim. B\u00f6ylece g\u00f6zlerin ameliyat edilebilir oldu\u011fu kesinle\u015fir, sorular sorulabilir ve korku biraz hafifler. Korku konusuna gelince, ben ger\u00e7ekten \u00f6l\u00fcm korkusu ya\u015fayan hastalardand\u0131m. G\u00fcn boyunca sadece g\u00f6z lazer ameliyat\u0131m\u0131 d\u00fc\u015f\u00fcn\u00fcyordum, her yerde k\u00f6r insanlar g\u00f6r\u00fcyordum ve g\u00f6zlerimle ilgili kabuslar g\u00f6r\u00fcyordum. E\u011fer her \u015feyin asl\u0131nda bu kadar korkun\u00e7 olmad\u0131\u011f\u0131n\u0131 bilseydim, LASIK \u00f6ncesi bu korku dolu ay\u0131 ya\u015famazd\u0131m. Gidi\u015f g\u00fcn\u00fc geldi. Bu seyahati partnerimle yapt\u0131m. Korku hala heyecandan daha a\u011f\u0131rd\u0131. U\u00e7u\u015f ve otele transfer sorunsuz ge\u00e7ti. \u0130stanbul\u2019a vard\u0131\u011f\u0131m\u0131zda t\u00fcm g\u00fcn al\u0131\u015fveri\u015f yapt\u0131k. Ak\u015fam erkenden yatt\u0131k, ertesi g\u00fcn LASIK i\u00e7in haz\u0131r olabilmek i\u00e7in. Ertesi g\u00fcn, ben, partnerim ve g\u00f6zlerini lazerlettirecek di\u011fer 3 ki\u015fi, \u015fof\u00f6r taraf\u0131ndan zaman\u0131nda al\u0131nd\u0131. Klinikte terc\u00fcman\u0131m\u0131z bizi \u00e7ok samimi kar\u015f\u0131lad\u0131. Bilgilendirme yapt\u0131 ve \u00f6n muayeneler h\u0131zl\u0131ca tamamland\u0131. Ameliyat \u00f6\u011flene al\u0131nd\u0131, \u00f6ncesinde geni\u015f bir \u00f6\u011fle yeme\u011fi yeme f\u0131rsat\u0131m\u0131z oldu. Bu bana \u00e7ok yard\u0131mc\u0131 oldu \u00e7\u00fcnk\u00fc o g\u00fcn g\u00f6zlerini lazerlettiren tek ki\u015fi ben de\u011fildim; iyi bir grup olduk, \u00e7ok g\u00fcld\u00fck ve birbirimizi cesaretlendirdik. Ameliyattan \u00f6nce hepimiz sakinle\u015ftirici bir tablet ald\u0131k (bunu herkese \u00f6neririm). Ameliyat odas\u0131na al\u0131nd\u0131\u011f\u0131mda (her zaman terc\u00fcman\u0131m yan\u0131mdayd\u0131) panik yapt\u0131m. San\u0131r\u0131m kolay bir hasta de\u011fildim; ameliyat boyunca k\u00fc\u00e7\u00fck \u00e7ocuk gibi inledim ve terc\u00fcman\u0131ma tutundum. Zavall\u0131 ameliyat sonras\u0131 bitap d\u00fc\u015ft\u00fc. V\u00fccudumda \u00e7izikler olu\u015ftu. 10-15 dakika s\u00fcrmesi gereken ameliyat, benim doktoru zorlamam nedeniyle yakla\u015f\u0131k 25 dakika s\u00fcrd\u00fc. Doktor sab\u0131rl\u0131, profesyonel ve sakin kald\u0131. Her \u015fey \u00e7ok temiz ve sterildi. Ameliyat asl\u0131nda hi\u00e7 de k\u00f6t\u00fc de\u011fil. Rahats\u0131z edici de\u011fil ama a\u011fr\u0131 hissetmiyorsunuz ve g\u00f6z\u00fcn\u00fczde i\u015flem yap\u0131ld\u0131\u011f\u0131n\u0131 anlam\u0131yorsunuz. 25 dakika boyunca hissettiklerimi k\u0131saca \u00f6zetlersem: I\u015f\u0131k patlamas\u0131. \u00d6nce k\u0131rm\u0131z\u0131 bir nokta, birka\u00e7 y\u0131ld\u0131z, sonra her \u015fey bulan\u0131k, ara s\u0131ra gri, sonra bir\u00e7ok k\u00fc\u00e7\u00fck y\u0131ld\u0131z, yanm\u0131\u015f sa\u00e7 kokusu (bu kokuyu sevdim), biraz damla nemi ve i\u015fte sihir sona erdi. Sonra koruyucu g\u00f6zl\u00fck tak\u0131ld\u0131 ve bekleme odas\u0131na g\u00f6t\u00fcr\u00fcld\u00fcm. \u00d6nce terc\u00fcman\u0131 teselli ettim, \u00e7\u00fcnk\u00fc o tamamen bitmi\u015fti. Tabletin etkisi bende o anda ba\u015flad\u0131. \u00c7ok yorgundum ve g\u00f6zlerimi a\u00e7am\u0131yordum, sanki so\u011fan kesmi\u015f gibi yan\u0131yor ve sulan\u0131yordu. Di\u011fer hastalar\u0131n ameliyat\u0131 da sorunsuz ge\u00e7ti ama onlar da tabletin etkisiyle bitap d\u00fc\u015ft\u00fc. Hepimiz otele geri g\u00f6t\u00fcr\u00fcld\u00fck. 4 saat uzand\u0131m ve tablet sayesinde hemen uyudum. Partnerim beni uyand\u0131rd\u0131\u011f\u0131nda ameliyattan sonra ilk kez yap\u0131\u015fm\u0131\u015f g\u00f6zlerimi a\u00e7t\u0131m ve i\u015fte g\u00f6rd\u00fcm! Hala biraz bulan\u0131kt\u0131 ama her \u015fey net ve belirgindi. Bir r\u00fcya gibiydi. Ak\u015fam di\u011fer hastalarla yemek yedik. G\u00f6zl\u00fcks\u00fcz, sadece koruyucu g\u00fcne\u015f g\u00f6zl\u00fc\u011f\u00fc ile. Sa\u011f g\u00f6z\u00fcm net g\u00f6r\u00fcyordu, sol g\u00f6z\u00fcm hen\u00fcz %100 de\u011fildi. Ameliyat masas\u0131nda zorland\u0131\u011f\u0131m sol g\u00f6zd\u00fc. Ertesi g\u00fcn de sol g\u00f6z biraz daha iyi de\u011fildi. Doktor, sol g\u00f6z\u00fcn strese maruz kald\u0131\u011f\u0131n\u0131, ameliyat\u0131n sa\u011f g\u00f6ze g\u00f6re daha uzun s\u00fcrd\u00fc\u011f\u00fcn\u00fc s\u00f6yledi ve sabretmemi istedi. \u00d6nceden kuru g\u00f6z problemi ya\u015fad\u0131\u011f\u0131m i\u00e7in LASIK sonras\u0131 d\u00f6nemde baz\u0131 sorunlar\u0131m oldu, \u00f6zellikle sol g\u00f6zde. Sa\u011f g\u00f6z giderek daha iyi oldu, sol g\u00f6z ise bir s\u00fcre sabit kald\u0131, hatta ge\u00e7ici olarak biraz daha k\u00f6t\u00fcye gitti. Yine de ameliyat \u00f6ncesine g\u00f6re \u00e7ok daha iyiydi, sadece %70 g\u00f6r\u00fc\u015fe sahipti. \u0130svi\u00e7re\u2019deki kontrollerde doktor, \u00e7ok kuru g\u00f6zlerim oldu\u011funu belirtti ve gece i\u00e7in g\u00f6z damlas\u0131 ve bir merhem verdi. Ayr\u0131ca daha fazla su i\u00e7iyorum ve ofise bir nemlendirici ald\u0131m. Ameliyat\u0131m 3,5 hafta \u00f6nceydi ve g\u00f6r\u00fc\u015f\u00fcm giderek netle\u015fiyor. Sol g\u00f6z\u00fcm yava\u015f yava\u015f toparlan\u0131yor (yakla\u015f\u0131k -0,5 miyopi kald\u0131) ve birka\u00e7 hafta daha s\u00fcrebilir. T\u00fcm arkada\u015flar\u0131mda her \u015feyin oturmas\u0131 iki ay s\u00fcrd\u00fc. Tam net g\u00f6rmek i\u00e7in biraz sabretmem gerekiyor. Ama \u015fikayet edemem; \u00e7ok iyi g\u00f6r\u00fcyorum. Yani y\u00fcksek seviyede bir \u015fikayet s\u00f6z konusu. LASIK hayat\u0131m\u0131n en iyi kararlar\u0131ndan biriydi ve herkese tavsiye ederim. \u00c7ok iyi organize edilmi\u015f, uygun fiyatl\u0131 ve \u00e7ok y\u00fcksek standartl\u0131 bir LASIK deneyimi, \u00fczerine \u0130stanbul\u2019da al\u0131\u015fveri\u015f gezisi ile birle\u015fmi\u015fti. Her sabah g\u00f6rme sorunu ya\u015famadan uyanmak b\u00fcy\u00fck bir hediye. Hala bazen sabahlar\u0131 g\u00f6zl\u00fc\u011f\u00fcm\u00fc komodinin \u00fczerinde arad\u0131\u011f\u0131m\u0131 fark ediyorum. Ayr\u0131ca s\u00fcrekli lens, g\u00f6z damlas\u0131, lens suyu, g\u00f6zl\u00fck \u00e7er\u00e7evesi, camlar\u0131 vb. almayarak hem zaman hem para tasarrufu sa\u011fl\u0131yorsunuz. Bu y\u00fczden Bay Karaagacl\u0131\u2019ya sab\u0131rl\u0131 ve nazik dan\u0131\u015fmanl\u0131\u011f\u0131, profesyonel hizmeti i\u00e7in ve Swisslasik\u2019teki t\u00fcm doktorlara, ameliyat sonras\u0131 \u0130svi\u00e7re\u2019de sol g\u00f6z\u00fcmle ilgilendikleri i\u00e7in tekrar te\u015fekk\u00fcr ederim. 06 Mart 2013Laura Ottoni \u00d6nceki Rapor Sonraki Rapor<\/p>\n","protected":false},"author":4,"featured_media":0,"parent":4505,"menu_order":0,"comment_status":"closed","ping_status":"closed","template":"","meta":{"_joinchat":[],"footnotes":""},"class_list":["post-4576","page","type-page","status-publish","hentry"],"acf":[],"_links":{"self":[{"href":"https:\/\/medicaltravel.at\/tr\/wp-json\/wp\/v2\/pages\/4576","targetHints":{"allow":["GET"]}}],"collection":[{"href":"https:\/\/medicaltravel.at\/tr\/wp-json\/wp\/v2\/pages"}],"about":[{"href":"https:\/\/medicaltravel.at\/tr\/wp-json\/wp\/v2\/types\/page"}],"author":[{"embeddable":true,"href":"https:\/\/medicaltravel.at\/tr\/wp-json\/wp\/v2\/users\/4"}],"replies":[{"embeddable":true,"href":"https:\/\/medicaltravel.at\/tr\/wp-json\/wp\/v2\/comments?post=4576"}],"version-history":[{"count":1,"href":"https:\/\/medicaltravel.at\/tr\/wp-json\/wp\/v2\/pages\/4576\/revisions"}],"predecessor-version":[{"id":4577,"href":"https:\/\/medicaltravel.at\/tr\/wp-json\/wp\/v2\/pages\/4576\/revisions\/4577"}],"up":[{"embeddable":true,"href":"https:\/\/medicaltravel.at\/tr\/wp-json\/wp\/v2\/pages\/4505"}],"wp:attachment":[{"href":"https:\/\/medicaltravel.at\/tr\/wp-json\/wp\/v2\/media?parent=4576"}],"curies":[{"name":"wp","href":"https:\/\/api.w.org\/{rel}","templated":true}]}}