{"id":4574,"date":"2025-09-28T09:39:03","date_gmt":"2025-09-28T08:39:03","guid":{"rendered":"https:\/\/medicaltravel.at\/hasta-hikayeleri\/goerues-raporlari-2012\/antalya-tuerkiyede-goez-lazer-tedavim-hakkinda-deneyim-raporum-13-temmuz-2012-cuma-tarihli-rapor\/"},"modified":"2026-01-13T15:08:31","modified_gmt":"2026-01-13T14:08:31","slug":"antalya-tuerkiyede-goez-lazer-tedavim-hakkinda-deneyim-raporum-13-temmuz-2012-cuma-tarihli-rapor","status":"publish","type":"page","link":"https:\/\/medicaltravel.at\/tr\/hasta-hikayeleri\/goerues-raporlari-2012\/antalya-tuerkiyede-goez-lazer-tedavim-hakkinda-deneyim-raporum-13-temmuz-2012-cuma-tarihli-rapor\/","title":{"rendered":"Antalya, T\u00fcrkiye\u2019de G\u00f6z Lazer Tedavim Hakk\u0131nda Deneyim Raporum \u2013 13 Temmuz 2012 Cuma Tarihli Rapor"},"content":{"rendered":"\n<p><strong>Antalya, T\u00fcrkiye\u2019de G\u00f6z Lazer Tedavim Hakk\u0131nda Deneyim Raporum<\/strong> \u2013 13 Temmuz 2012 Cuma Tarihli Rapor<\/p>\n\n<p>G\u00f6zlerimi lazerlettirme fikri ara s\u0131ra akl\u0131ma geliyordu \u00e7\u00fcnk\u00fc hem g\u00f6zl\u00fck hem de lens kullanmak zor geliyordu. Lens kullan\u0131rken en b\u00fcy\u00fck problem s\u00fcrekli k\u0131zaran g\u00f6zlerimdi. G\u00f6zl\u00fckle ise kendimi pek be\u011fenmiyordum. Ama \u0130svi\u00e7re\u2019de bir g\u00f6z ameliyat\u0131n\u0131 kar\u015f\u0131layacak param hi\u00e7 olmad\u0131.<br\/><br\/>Bir g\u00fcn karde\u015fimin i\u015f arkada\u015f\u0131 g\u00f6zlerini uygun fiyata T\u00fcrkiye\u2019de d\u00fczelttirdi\u011fini s\u00f6yledi. \u00d6nce tabii ki yurtd\u0131\u015f\u0131nda ameliyat olman\u0131n \u0130svi\u00e7re\u2019deki hizmetlerle e\u015fde\u011fer olup olmayaca\u011f\u0131 konusunda endi\u015felerim vard\u0131. Ancak fark ettim ki \u0130svi\u00e7re otomatik olarak hep daha pahal\u0131 ve fiyat her zaman hizmet kalitesiyle do\u011fru orant\u0131l\u0131 de\u011fil.<br\/><br\/>Bu fark\u0131ndal\u0131kla internetten daha fazla ara\u015ft\u0131rma yapt\u0131m ve T\u00fcrkiye\u2019ye seyahat etmenin ger\u00e7ekten de\u011ferli olaca\u011f\u0131n\u0131 anlad\u0131m. Klinik raporu ve foto\u011fraflar\u0131 beni \u00e7ok etkiledi ve motivasyonumu art\u0131rd\u0131.<br\/><br\/>\u0130svi\u00e7re\u2019deki \u00f6n muayene olumlu ge\u00e7tikten sonra T\u00fcrkiye\u2019ye, Antalya\u2019ya u\u00e7tum. Ertesi g\u00fcn taksiyle klini\u011fe g\u00f6t\u00fcr\u00fcld\u00fcm ve tekrar \u00f6n muayene yap\u0131ld\u0131. \u00c7e\u015fitli testler s\u0131ras\u0131nda doktorlar g\u00f6zlerimin sadece Lasik y\u00f6ntemi i\u00e7in de\u011fil, ayn\u0131 zamanda Femto y\u00f6ntemi i\u00e7in de uygun oldu\u011funu tespit ettiler. Bu y\u00f6ntem standart Lasik\u2019e g\u00f6re daha nazik bir y\u00f6ntemdi. Tabii ki \u00e7ok heyecanland\u0131m ve Femto y\u00f6ntemini tercih ettim. T\u00fcm g\u00f6r\u00fc\u015fmeler harika bir \u015fekilde Almanca terc\u00fcman taraf\u0131ndan \u00e7evrildi.<br\/><br\/>Bekleme s\u00fcreleri uzun de\u011fildi ve muayene sonunda tekrar otele g\u00f6t\u00fcr\u00fcld\u00fcm. Ertesi g\u00fcn ameliyat yap\u0131ld\u0131. \u00d6nce bekleme odas\u0131nda sakinle\u015ftirici bir tablet verildi. Sonra ameliyat odas\u0131na al\u0131nd\u0131m. Doktor g\u00f6zlerimi damlalarla uyu\u015fturdu ve ard\u0131ndan lazer ba\u015flad\u0131. Ameliyat a\u011fr\u0131s\u0131zd\u0131. Tek tuhaf his, g\u00f6z kapaklar\u0131mdan birinin sabitlenmi\u015f olmas\u0131yd\u0131, ama buna da al\u0131\u015ft\u0131 insan.<br\/><br\/>Ameliyat sonras\u0131 g\u00f6zl\u00fc\u011f\u00fcm tak\u0131ld\u0131 ve bekleme salonuna g\u00f6t\u00fcr\u00fcld\u00fcm. Orada \u00fc\u00e7 Alman kad\u0131n vard\u0131; onlar da Almanya\u2019da ameliyat \u00e7ok pahal\u0131 oldu\u011fu i\u00e7in T\u00fcrkiye\u2019ye gelmi\u015fti. K\u0131sa s\u00fcre sonra tekrar otele d\u00f6nd\u00fcm ve uzand\u0131m. G\u00f6z kapaklar\u0131m \u00e7ok a\u011f\u0131rd\u0131 ve k\u0131sa s\u00fcre sonra ba\u015f a\u011fr\u0131s\u0131 ba\u015flad\u0131, ama bir aspirin ile ge\u00e7ti.<br\/><br\/>\u00c7ok ge\u00e7meden uyudum ve ertesi g\u00fcn g\u00f6zlerimi a\u00e7t\u0131\u011f\u0131mda m\u00fckemmel g\u00f6r\u00fc\u015fe sahip oldu\u011fumu g\u00f6rd\u00fcm: 0.00. Kontrol muayenesi \u00e7ok iyi ge\u00e7ti ve g\u00fcvenle eve d\u00f6nebildim. Art\u0131k g\u00fcnl\u00fck lens tak\u0131p \u00e7\u0131karmak sona erdi. G\u00f6zlerim art\u0131k k\u0131zarm\u0131yor. G\u00f6zlerimi lazerlettirme karar\u0131 \u00e7ok do\u011fru bir karard\u0131 ve her \u015feyin sorunsuz ge\u00e7mesine \u00e7ok memnunum.                                 Kesinlikle tavsiye edebilirim. Klinik m\u00fckemmeldi, \u00e7ok temizdi ve personel son derece yard\u0131mc\u0131yd\u0131. \u00d6zellikle terc\u00fcman\u0131 \u00f6vmek istiyorum. Hem beni hem de Alman hastalar\u0131 t\u00fcm s\u00fcre\u00e7 boyunca yan\u0131m\u0131zda destekledi ve hepimizle \u00e7ok ilgilendi.<br\/><br\/>Justin Ehrler 11.07.2012    <\/p>\n\n<div class=\"wp-block-group is-layout-grid wp-container-core-group-is-layout-baef362d wp-block-group-is-layout-grid\">\n<p><a href=\"https:\/\/medicaltravel.at\/home\/agb\/\" data-type=\"page\" data-id=\"2191\"><\/a><a href=\"https:\/\/medicaltravel.at\/tr\/hasta-hikayeleri\/goerues-raporlari-2012\/istanbul-tuerkiyede-goez-lazer-tedavim-deneyim-raporu-29-temmuz-2012-pazar-tarihli-rapor\/\" data-type=\"link\" data-id=\"https:\/\/medicaltravel.at\/berichte-von-patienten\/erfahrungsberichte-2012\/erfahrungsbericht-meiner-augenlaserbehandlung-in-istanbul-tuerkei-bericht-vom-sonntag-29-juli-2012\/\">\u00d6nceki Rapor<\/a><\/p>\n\n\n\n<p class=\"has-text-align-right wp-container-content-5e2576f9\"><a href=\"https:\/\/medicaltravel.at\/home\/impressum\/\" data-type=\"page\" data-id=\"2193\"><\/a><a href=\"https:\/\/medicaltravel.at\/home\/berichte-von-patienten\/erfahrungsberichte\/erfahrungsbericht-zahnbehandlung-in-istanbul\/\" data-type=\"page\" data-id=\"981\"><\/a><a href=\"https:\/\/medicaltravel.at\/tr\/hasta-hikayeleri\/goerues-raporlari-2012\/nihayet-goezlueksuez-istanbulda-goez-lazer-tedavim-hakkinda-hasta-raporum-28-haziran-2012-persembe-tarihli-rapor\/\" data-type=\"link\" data-id=\"https:\/\/medicaltravel.at\/berichte-von-patienten\/erfahrungsberichte-2012\/endlich-brillenlos-mein-patientenbericht-fuer-augenlaser-in-istanbul-bericht-vom-donnerstag-28-juni-2012\/\">Sonraki Rapor<\/a><\/p>\n<\/div>\n","protected":false},"excerpt":{"rendered":"<p>Antalya, T\u00fcrkiye\u2019de G\u00f6z Lazer Tedavim Hakk\u0131nda Deneyim Raporum \u2013 13 Temmuz 2012 Cuma Tarihli Rapor G\u00f6zlerimi lazerlettirme fikri ara s\u0131ra akl\u0131ma geliyordu \u00e7\u00fcnk\u00fc hem g\u00f6zl\u00fck hem de lens kullanmak zor geliyordu. Lens kullan\u0131rken en b\u00fcy\u00fck problem s\u00fcrekli k\u0131zaran g\u00f6zlerimdi. G\u00f6zl\u00fckle ise kendimi pek be\u011fenmiyordum. Ama \u0130svi\u00e7re\u2019de bir g\u00f6z ameliyat\u0131n\u0131 kar\u015f\u0131layacak param hi\u00e7 olmad\u0131. Bir g\u00fcn karde\u015fimin i\u015f arkada\u015f\u0131 g\u00f6zlerini uygun fiyata T\u00fcrkiye\u2019de d\u00fczelttirdi\u011fini s\u00f6yledi. \u00d6nce tabii ki yurtd\u0131\u015f\u0131nda ameliyat olman\u0131n \u0130svi\u00e7re\u2019deki hizmetlerle e\u015fde\u011fer olup olmayaca\u011f\u0131 konusunda endi\u015felerim vard\u0131. Ancak fark ettim ki \u0130svi\u00e7re otomatik olarak hep daha pahal\u0131 ve fiyat her zaman hizmet kalitesiyle do\u011fru orant\u0131l\u0131 de\u011fil. Bu fark\u0131ndal\u0131kla internetten daha fazla ara\u015ft\u0131rma yapt\u0131m ve T\u00fcrkiye\u2019ye seyahat etmenin ger\u00e7ekten de\u011ferli olaca\u011f\u0131n\u0131 anlad\u0131m. Klinik raporu ve foto\u011fraflar\u0131 beni \u00e7ok etkiledi ve motivasyonumu art\u0131rd\u0131. \u0130svi\u00e7re\u2019deki \u00f6n muayene olumlu ge\u00e7tikten sonra T\u00fcrkiye\u2019ye, Antalya\u2019ya u\u00e7tum. Ertesi g\u00fcn taksiyle klini\u011fe g\u00f6t\u00fcr\u00fcld\u00fcm ve tekrar \u00f6n muayene yap\u0131ld\u0131. \u00c7e\u015fitli testler s\u0131ras\u0131nda doktorlar g\u00f6zlerimin sadece Lasik y\u00f6ntemi i\u00e7in de\u011fil, ayn\u0131 zamanda Femto y\u00f6ntemi i\u00e7in de uygun oldu\u011funu tespit ettiler. Bu y\u00f6ntem standart Lasik\u2019e g\u00f6re daha nazik bir y\u00f6ntemdi. Tabii ki \u00e7ok heyecanland\u0131m ve Femto y\u00f6ntemini tercih ettim. T\u00fcm g\u00f6r\u00fc\u015fmeler harika bir \u015fekilde Almanca terc\u00fcman taraf\u0131ndan \u00e7evrildi. Bekleme s\u00fcreleri uzun de\u011fildi ve muayene sonunda tekrar otele g\u00f6t\u00fcr\u00fcld\u00fcm. Ertesi g\u00fcn ameliyat yap\u0131ld\u0131. \u00d6nce bekleme odas\u0131nda sakinle\u015ftirici bir tablet verildi. Sonra ameliyat odas\u0131na al\u0131nd\u0131m. Doktor g\u00f6zlerimi damlalarla uyu\u015fturdu ve ard\u0131ndan lazer ba\u015flad\u0131. Ameliyat a\u011fr\u0131s\u0131zd\u0131. Tek tuhaf his, g\u00f6z kapaklar\u0131mdan birinin sabitlenmi\u015f olmas\u0131yd\u0131, ama buna da al\u0131\u015ft\u0131 insan. Ameliyat sonras\u0131 g\u00f6zl\u00fc\u011f\u00fcm tak\u0131ld\u0131 ve bekleme salonuna g\u00f6t\u00fcr\u00fcld\u00fcm. Orada \u00fc\u00e7 Alman kad\u0131n vard\u0131; onlar da Almanya\u2019da ameliyat \u00e7ok pahal\u0131 oldu\u011fu i\u00e7in T\u00fcrkiye\u2019ye gelmi\u015fti. K\u0131sa s\u00fcre sonra tekrar otele d\u00f6nd\u00fcm ve uzand\u0131m. G\u00f6z kapaklar\u0131m \u00e7ok a\u011f\u0131rd\u0131 ve k\u0131sa s\u00fcre sonra ba\u015f a\u011fr\u0131s\u0131 ba\u015flad\u0131, ama bir aspirin ile ge\u00e7ti. \u00c7ok ge\u00e7meden uyudum ve ertesi g\u00fcn g\u00f6zlerimi a\u00e7t\u0131\u011f\u0131mda m\u00fckemmel g\u00f6r\u00fc\u015fe sahip oldu\u011fumu g\u00f6rd\u00fcm: 0.00. Kontrol muayenesi \u00e7ok iyi ge\u00e7ti ve g\u00fcvenle eve d\u00f6nebildim. Art\u0131k g\u00fcnl\u00fck lens tak\u0131p \u00e7\u0131karmak sona erdi. G\u00f6zlerim art\u0131k k\u0131zarm\u0131yor. G\u00f6zlerimi lazerlettirme karar\u0131 \u00e7ok do\u011fru bir karard\u0131 ve her \u015feyin sorunsuz ge\u00e7mesine \u00e7ok memnunum. Kesinlikle tavsiye edebilirim. Klinik m\u00fckemmeldi, \u00e7ok temizdi ve personel son derece yard\u0131mc\u0131yd\u0131. \u00d6zellikle terc\u00fcman\u0131 \u00f6vmek istiyorum. Hem beni hem de Alman hastalar\u0131 t\u00fcm s\u00fcre\u00e7 boyunca yan\u0131m\u0131zda destekledi ve hepimizle \u00e7ok ilgilendi. Justin Ehrler 11.07.2012 \u00d6nceki Rapor Sonraki Rapor<\/p>\n","protected":false},"author":4,"featured_media":0,"parent":4505,"menu_order":0,"comment_status":"closed","ping_status":"closed","template":"","meta":{"_joinchat":[],"footnotes":""},"class_list":["post-4574","page","type-page","status-publish","hentry"],"acf":[],"_links":{"self":[{"href":"https:\/\/medicaltravel.at\/tr\/wp-json\/wp\/v2\/pages\/4574","targetHints":{"allow":["GET"]}}],"collection":[{"href":"https:\/\/medicaltravel.at\/tr\/wp-json\/wp\/v2\/pages"}],"about":[{"href":"https:\/\/medicaltravel.at\/tr\/wp-json\/wp\/v2\/types\/page"}],"author":[{"embeddable":true,"href":"https:\/\/medicaltravel.at\/tr\/wp-json\/wp\/v2\/users\/4"}],"replies":[{"embeddable":true,"href":"https:\/\/medicaltravel.at\/tr\/wp-json\/wp\/v2\/comments?post=4574"}],"version-history":[{"count":1,"href":"https:\/\/medicaltravel.at\/tr\/wp-json\/wp\/v2\/pages\/4574\/revisions"}],"predecessor-version":[{"id":4575,"href":"https:\/\/medicaltravel.at\/tr\/wp-json\/wp\/v2\/pages\/4574\/revisions\/4575"}],"up":[{"embeddable":true,"href":"https:\/\/medicaltravel.at\/tr\/wp-json\/wp\/v2\/pages\/4505"}],"wp:attachment":[{"href":"https:\/\/medicaltravel.at\/tr\/wp-json\/wp\/v2\/media?parent=4574"}],"curies":[{"name":"wp","href":"https:\/\/api.w.org\/{rel}","templated":true}]}}