{"id":4572,"date":"2025-09-28T09:48:03","date_gmt":"2025-09-28T08:48:03","guid":{"rendered":"https:\/\/medicaltravel.at\/hasta-hikayeleri\/goerues-raporlari-2012\/istanbuldaki-goez-lazer-tedavim-sueresince-konaklamam-25-nisan-2012-carsamba-tarihli-rapor\/"},"modified":"2026-01-13T15:20:52","modified_gmt":"2026-01-13T14:20:52","slug":"istanbuldaki-goez-lazer-tedavim-sueresince-konaklamam-25-nisan-2012-carsamba-tarihli-rapor","status":"publish","type":"page","link":"https:\/\/medicaltravel.at\/tr\/hasta-hikayeleri\/goerues-raporlari-2012\/istanbuldaki-goez-lazer-tedavim-sueresince-konaklamam-25-nisan-2012-carsamba-tarihli-rapor\/","title":{"rendered":"\u0130stanbul\u2019daki G\u00f6z Lazer Tedavim S\u00fcresince Konaklamam \u2013 25 Nisan 2012 \u00c7ar\u015famba Tarihli Rapor"},"content":{"rendered":"\n<p><strong>\u0130stanbul\u2019daki G\u00f6z Lazer Tedavim S\u00fcresince Konaklamam <\/strong>\u2013 25 Nisan 2012 \u00c7ar\u015famba Tarihli Rapor<\/p>\n\n<figure class=\"wp-block-image size-full\"><img decoding=\"async\" width=\"120\" height=\"90\" src=\"https:\/\/medicaltravel.at\/wp-content\/uploads\/2025\/09\/1-8.jpg\" alt=\"\" class=\"wp-image-1188\"\/><\/figure>\n\n<p>Jorge Ferreira\u2019nin deneyim raporu<br\/><br\/>5 \u2013 8 Nisan 2012 tarihleri aras\u0131nda \u0130stanbul\u2019daki konaklamam<br\/><br\/>Uzun s\u00fcredir g\u00f6zlerimi lazerlettirmeyi d\u00fc\u015f\u00fcn\u00fcyordum ama maliyet nedeniyle hep erteledim. Ge\u00e7en sonbaharda Swisslasik ile kar\u015f\u0131la\u015ft\u0131m. Swisslasik hakk\u0131nda detayl\u0131 ara\u015ft\u0131rma yapt\u0131m, deneyim raporlar\u0131n\u0131 ve Puls Magazin\u2019deki yaz\u0131y\u0131 okudum. Deneyim raporlar\u0131 bana g\u00fcven verdi ve kendime dedim ki: \u015eimdi ya da hi\u00e7!<br\/><br\/>K\u0131sa bir e-posta yaz\u0131\u015fmas\u0131n\u0131n ard\u0131ndan Arbon\u2019da bir \u00f6n muayene randevusu ald\u0131m ve g\u00f6zlerimin uygun oldu\u011fu onayland\u0131.<br\/><br\/>5 Nisan\u2019da e\u015fimle \u0130stanbul\u2019a u\u00e7tuk. Pegasus Hava Yollar\u0131 ile u\u00e7tuk ve \u0130stanbul\u2019un Asya yakas\u0131na yakla\u015f\u0131k 18:00\u2019de indik. Maalesef giri\u015fte baz\u0131 sorunlar ya\u015fand\u0131; AB vatanda\u015f\u0131 olmama ra\u011fmen vize gerekiyordu, ama 15 EUR kar\u015f\u0131l\u0131\u011f\u0131nda sonradan al\u0131nd\u0131.<br\/><br\/>Havaalan\u0131nda \u015fof\u00f6r bizi bekliyordu. Bizi nazik\u00e7e kar\u015f\u0131lad\u0131 ama yol boyunca tek kelime konu\u015fmad\u0131. Trafik nedeniyle yol yakla\u015f\u0131k 1 saat s\u00fcrd\u00fc. Otele vard\u0131\u011f\u0131m\u0131zda, \u0130ngilizce olarak ertesi sabah saat 7\u2019de al\u0131naca\u011f\u0131m\u0131z\u0131 s\u00f6yledi (normalde 8:00).<br\/><br\/>Park City Hotel\u2019de kald\u0131k. Otel sessiz bir sokakta, yaya b\u00f6lgesinde bulunuyordu. Bu yaya b\u00f6lgesinde bir\u00e7ok restoran ve kafe vard\u0131, \u00e7ok ho\u015fumuza gitti. Oda \u00e7ok k\u00fc\u00e7\u00fckt\u00fc ama temizdi. Otel personeli \u00e7ok cana yak\u0131nd\u0131. Otelin tek eksi\u011fi odalar\u0131n birbirini duymas\u0131yd\u0131.<br\/><br\/>E\u015fyalar\u0131m\u0131z\u0131 yerle\u015ftirdikten sonra d\u0131\u015far\u0131 \u00e7\u0131kt\u0131k ve bir restoran se\u00e7tik. Yemekler \u00e7ok iyiydi, Osmanl\u0131 mutfa\u011f\u0131 ger\u00e7ekten harika. Hanci Baba restoran\u0131n\u0131 tavsiye edebilirim; otelden Taksim Meydan\u0131\u2019na y\u00fcr\u00fcrken direkt \u00f6n\u00fcnden ge\u00e7iyorsunuz. Personel \u00e7ok iyi Almanca konu\u015fuyor ve \u00e7ok cana yak\u0131n.<br\/><br\/>Ertesi sabah hastane personeli bizi zaman\u0131nda ald\u0131. Yol yakla\u015f\u0131k 15 dakika s\u00fcrd\u00fc. Hastaneye vard\u0131\u011f\u0131m\u0131zda ikinci bir grubun gelmesini yakla\u015f\u0131k 20 dakika bekledik. Hastanedeki muhatab\u0131m\u0131z \u00e7ok dost canl\u0131s\u0131yd\u0131 ve Almancas\u0131n\u0131 \u00e7ok iyi kullan\u0131yordu, bizimle \u00e7ok iyi ilgilendi.<br\/><br\/>\u00d6n muayenelerden sonra 3 saat serbest zaman\u0131m\u0131z oldu, kafeteryada yemek yedik. Ard\u0131ndan bir onam formu imzalad\u0131k ve g\u00f6z damlalar\u0131 i\u00e7in talimatlar ald\u0131k. Sonras\u0131nda ameliyat i\u00e7in haz\u0131rland\u0131k ve rehberimiz ameliyat s\u0131ras\u0131nda da yan\u0131m\u0131zdayd\u0131; bu beni \u00e7ok rahatlatt\u0131 \u00e7\u00fcnk\u00fc \u0130ngilizcem \u00e7ok iyi de\u011fildi.<br\/><br\/>Ameliyattan sonra tekrar otele g\u00f6t\u00fcr\u00fcld\u00fck. G\u00f6zlerim \u00e7ok yan\u0131yordu ve a\u00e7\u0131k tutam\u0131yordum, biraz uyudum. Yakla\u015f\u0131k 4 saat sonra yanma ge\u00e7ti ve g\u00f6zlerimi tekrar a\u00e7abildim.                                       Jorge Ferreira, Frasnacht<\/p>\n\n<figure class=\"wp-block-image size-full\"><img fetchpriority=\"high\" decoding=\"async\" width=\"300\" height=\"224\" src=\"https:\/\/medicaltravel.at\/wp-content\/uploads\/2025\/09\/2-6-300x224-1.jpg\" alt=\"\" class=\"wp-image-1189\"\/><\/figure>\n\n<figure class=\"wp-block-image size-full\"><img decoding=\"async\" width=\"300\" height=\"224\" src=\"https:\/\/medicaltravel.at\/wp-content\/uploads\/2025\/09\/3-5-300x224-1.jpg\" alt=\"\" class=\"wp-image-1190\"\/><\/figure>\n\n<div class=\"wp-block-group is-layout-grid wp-container-core-group-is-layout-baef362d wp-block-group-is-layout-grid\">\n<p><a href=\"https:\/\/medicaltravel.at\/home\/agb\/\" data-type=\"page\" data-id=\"2191\"><\/a><a href=\"https:\/\/medicaltravel.at\/tr\/hasta-hikayeleri\/goerues-raporlari-2012\/20lik-bir-banknottan-10luk-bir-banknotu-ayirt-etmek-25-nisan-2012-carsamba-tarihli-rapor\/\" data-type=\"link\" data-id=\"https:\/\/medicaltravel.at\/berichte-von-patienten\/erfahrungsberichte-2012\/ein-10-raeppler-von-einem-20-raeppler-zu-unterscheiden-bericht-vom-mittwoch-25-april-2012\/\">\u00d6nceki Rapor<\/a><\/p>\n\n\n\n<p class=\"has-text-align-right wp-container-content-5e2576f9\"><\/p>\n<\/div>\n","protected":false},"excerpt":{"rendered":"<p>\u0130stanbul\u2019daki G\u00f6z Lazer Tedavim S\u00fcresince Konaklamam \u2013 25 Nisan 2012 \u00c7ar\u015famba Tarihli Rapor Jorge Ferreira\u2019nin deneyim raporu 5 \u2013 8 Nisan 2012 tarihleri aras\u0131nda \u0130stanbul\u2019daki konaklamam Uzun s\u00fcredir g\u00f6zlerimi lazerlettirmeyi d\u00fc\u015f\u00fcn\u00fcyordum ama maliyet nedeniyle hep erteledim. Ge\u00e7en sonbaharda Swisslasik ile kar\u015f\u0131la\u015ft\u0131m. Swisslasik hakk\u0131nda detayl\u0131 ara\u015ft\u0131rma yapt\u0131m, deneyim raporlar\u0131n\u0131 ve Puls Magazin\u2019deki yaz\u0131y\u0131 okudum. Deneyim raporlar\u0131 bana g\u00fcven verdi ve kendime dedim ki: \u015eimdi ya da hi\u00e7! K\u0131sa bir e-posta yaz\u0131\u015fmas\u0131n\u0131n ard\u0131ndan Arbon\u2019da bir \u00f6n muayene randevusu ald\u0131m ve g\u00f6zlerimin uygun oldu\u011fu onayland\u0131. 5 Nisan\u2019da e\u015fimle \u0130stanbul\u2019a u\u00e7tuk. Pegasus Hava Yollar\u0131 ile u\u00e7tuk ve \u0130stanbul\u2019un Asya yakas\u0131na yakla\u015f\u0131k 18:00\u2019de indik. Maalesef giri\u015fte baz\u0131 sorunlar ya\u015fand\u0131; AB vatanda\u015f\u0131 olmama ra\u011fmen vize gerekiyordu, ama 15 EUR kar\u015f\u0131l\u0131\u011f\u0131nda sonradan al\u0131nd\u0131. Havaalan\u0131nda \u015fof\u00f6r bizi bekliyordu. Bizi nazik\u00e7e kar\u015f\u0131lad\u0131 ama yol boyunca tek kelime konu\u015fmad\u0131. Trafik nedeniyle yol yakla\u015f\u0131k 1 saat s\u00fcrd\u00fc. Otele vard\u0131\u011f\u0131m\u0131zda, \u0130ngilizce olarak ertesi sabah saat 7\u2019de al\u0131naca\u011f\u0131m\u0131z\u0131 s\u00f6yledi (normalde 8:00). Park City Hotel\u2019de kald\u0131k. Otel sessiz bir sokakta, yaya b\u00f6lgesinde bulunuyordu. Bu yaya b\u00f6lgesinde bir\u00e7ok restoran ve kafe vard\u0131, \u00e7ok ho\u015fumuza gitti. Oda \u00e7ok k\u00fc\u00e7\u00fckt\u00fc ama temizdi. Otel personeli \u00e7ok cana yak\u0131nd\u0131. Otelin tek eksi\u011fi odalar\u0131n birbirini duymas\u0131yd\u0131. E\u015fyalar\u0131m\u0131z\u0131 yerle\u015ftirdikten sonra d\u0131\u015far\u0131 \u00e7\u0131kt\u0131k ve bir restoran se\u00e7tik. Yemekler \u00e7ok iyiydi, Osmanl\u0131 mutfa\u011f\u0131 ger\u00e7ekten harika. Hanci Baba restoran\u0131n\u0131 tavsiye edebilirim; otelden Taksim Meydan\u0131\u2019na y\u00fcr\u00fcrken direkt \u00f6n\u00fcnden ge\u00e7iyorsunuz. Personel \u00e7ok iyi Almanca konu\u015fuyor ve \u00e7ok cana yak\u0131n. Ertesi sabah hastane personeli bizi zaman\u0131nda ald\u0131. Yol yakla\u015f\u0131k 15 dakika s\u00fcrd\u00fc. Hastaneye vard\u0131\u011f\u0131m\u0131zda ikinci bir grubun gelmesini yakla\u015f\u0131k 20 dakika bekledik. Hastanedeki muhatab\u0131m\u0131z \u00e7ok dost canl\u0131s\u0131yd\u0131 ve Almancas\u0131n\u0131 \u00e7ok iyi kullan\u0131yordu, bizimle \u00e7ok iyi ilgilendi. \u00d6n muayenelerden sonra 3 saat serbest zaman\u0131m\u0131z oldu, kafeteryada yemek yedik. Ard\u0131ndan bir onam formu imzalad\u0131k ve g\u00f6z damlalar\u0131 i\u00e7in talimatlar ald\u0131k. Sonras\u0131nda ameliyat i\u00e7in haz\u0131rland\u0131k ve rehberimiz ameliyat s\u0131ras\u0131nda da yan\u0131m\u0131zdayd\u0131; bu beni \u00e7ok rahatlatt\u0131 \u00e7\u00fcnk\u00fc \u0130ngilizcem \u00e7ok iyi de\u011fildi. Ameliyattan sonra tekrar otele g\u00f6t\u00fcr\u00fcld\u00fck. G\u00f6zlerim \u00e7ok yan\u0131yordu ve a\u00e7\u0131k tutam\u0131yordum, biraz uyudum. Yakla\u015f\u0131k 4 saat sonra yanma ge\u00e7ti ve g\u00f6zlerimi tekrar a\u00e7abildim. Jorge Ferreira, Frasnacht \u00d6nceki Rapor<\/p>\n","protected":false},"author":4,"featured_media":0,"parent":4505,"menu_order":0,"comment_status":"closed","ping_status":"closed","template":"","meta":{"_joinchat":[],"footnotes":""},"class_list":["post-4572","page","type-page","status-publish","hentry"],"acf":[],"_links":{"self":[{"href":"https:\/\/medicaltravel.at\/tr\/wp-json\/wp\/v2\/pages\/4572","targetHints":{"allow":["GET"]}}],"collection":[{"href":"https:\/\/medicaltravel.at\/tr\/wp-json\/wp\/v2\/pages"}],"about":[{"href":"https:\/\/medicaltravel.at\/tr\/wp-json\/wp\/v2\/types\/page"}],"author":[{"embeddable":true,"href":"https:\/\/medicaltravel.at\/tr\/wp-json\/wp\/v2\/users\/4"}],"replies":[{"embeddable":true,"href":"https:\/\/medicaltravel.at\/tr\/wp-json\/wp\/v2\/comments?post=4572"}],"version-history":[{"count":1,"href":"https:\/\/medicaltravel.at\/tr\/wp-json\/wp\/v2\/pages\/4572\/revisions"}],"predecessor-version":[{"id":4573,"href":"https:\/\/medicaltravel.at\/tr\/wp-json\/wp\/v2\/pages\/4572\/revisions\/4573"}],"up":[{"embeddable":true,"href":"https:\/\/medicaltravel.at\/tr\/wp-json\/wp\/v2\/pages\/4505"}],"wp:attachment":[{"href":"https:\/\/medicaltravel.at\/tr\/wp-json\/wp\/v2\/media?parent=4572"}],"curies":[{"name":"wp","href":"https:\/\/api.w.org\/{rel}","templated":true}]}}