{"id":4567,"date":"2025-09-28T09:16:54","date_gmt":"2025-09-28T08:16:54","guid":{"rendered":"https:\/\/medicaltravel.at\/hasta-hikayeleri\/goerues-raporlari-2012\/cifte-lazer-ameliyati-17-eyluel-2013-sali-tarihli-rapor\/"},"modified":"2026-01-13T14:54:28","modified_gmt":"2026-01-13T13:54:28","slug":"cifte-lazer-ameliyati-17-eyluel-2013-sali-tarihli-rapor","status":"publish","type":"page","link":"https:\/\/medicaltravel.at\/tr\/hasta-hikayeleri\/goerues-raporlari-2012\/cifte-lazer-ameliyati-17-eyluel-2013-sali-tarihli-rapor\/","title":{"rendered":"\u00c7ifte Lazer Ameliyat\u0131 \u2013 17 Eyl\u00fcl 2013 Sal\u0131 Tarihli Rapor"},"content":{"rendered":"\n<p><strong>\u00c7ifte Lazer Ameliyat\u0131<\/strong> \u2013 17 Eyl\u00fcl 2013 Sal\u0131 Tarihli Rapor<\/p>\n\n\n\n<p>\u0130kimiz de 35 y\u0131ldan fazla s\u00fcredir g\u00f6zl\u00fck kullan\u0131yorduk ve \u00f6zellikle optik fiyatlar\u0131n\u0131 d\u00fc\u015f\u00fcn\u00fcnce art\u0131k yeter dedik. Uzun s\u00fcredir g\u00f6z lazer ameliyat\u0131 yapt\u0131rmay\u0131 d\u00fc\u015f\u00fcn\u00fcyorduk ama \u0130svi\u00e7re\u2019deki fiyatlar \u00e7ok y\u00fcksekti ve bunu engelliyordu. Aradan zaman ge\u00e7ti ve yurt d\u0131\u015f\u0131nda ba\u015far\u0131l\u0131 bir lazer ameliyat\u0131 ge\u00e7iren baz\u0131 ki\u015filerle tan\u0131\u015ft\u0131k, ilgimiz artt\u0131.<br><br>Ameliyat\u0131n \u0130stanbul\u2019da yap\u0131laca\u011f\u0131n\u0131 duyunca biraz \u015f\u00fcpheci olduk. Ama arkas\u0131nda bir \u0130svi\u00e7re \u015firketi oldu\u011funu ve g\u00fcn\u00fcm\u00fczde internetten bilgi alabilece\u011fimizi g\u00f6r\u00fcnce bir bilgilendirme toplant\u0131s\u0131na da kat\u0131ld\u0131k. Genel olarak her \u015fey iyi organize edilmi\u015f gibiydi ve yanl\u0131\u015f ameliyat riski, \u0130svi\u00e7re\u2019de yapt\u0131rsak olaca\u011f\u0131ndan y\u00fcksek g\u00f6r\u00fcnm\u00fcyordu. Uzun d\u00fc\u015f\u00fcncelerden sonra ad\u0131m\u0131 att\u0131k ve Swisslasik \u00fczerinden kayd\u0131m\u0131z\u0131 yapt\u0131k.<br><br>G\u00fcvende olmak i\u00e7in Z\u00fcrih\u2019te bir g\u00f6z doktoruna gidip ameliyata uygun olup olmad\u0131\u011f\u0131m\u0131z\u0131 kontrol ettirdik. Daha \u00f6nce bir\u00e7ok kez g\u00f6z doktoruna gitmi\u015ftik ama hi\u00e7 bu kadar iyi muayene edilmemi\u015ftik. Bu bize profesyonellik konusunda g\u00fcven verdi. Ameliyat tarihine yava\u015f yava\u015f yakla\u015f\u0131yorduk ve u\u00e7u\u015ftan yakla\u015f\u0131k 5 g\u00fcn \u00f6nce bize kompakt bir bro\u015f\u00fcr g\u00f6nderildi. \u0130\u00e7inde ileti\u015fim bilgilerimiz, e-bilet numaralar\u0131 ve daha fazlas\u0131 vard\u0131.<br><br>Sonra u\u00e7u\u015f g\u00fcn\u00fc geldi, Per\u015fembe ak\u015fam\u0131 ve macera ba\u015flad\u0131. \u0130stanbul havaalan\u0131na vard\u0131\u011f\u0131m\u0131zda, klini\u011fin bir \u015fof\u00f6r\u00fc bizi kar\u015f\u0131lad\u0131 ve otele g\u00f6t\u00fcrd\u00fc. Ertesi sabah rahat bir kahvalt\u0131 yapt\u0131k. Cuma sabah\u0131 klini\u011fin \u015fof\u00f6r\u00fc bizi zaman\u0131nda ald\u0131. Klinikte bir terc\u00fcman sa\u011fland\u0131, bizimle rahat\u00e7a ileti\u015fim kurabiliyordu, bu bizim i\u00e7in \u00f6nemliydi.<br><br>Sabah \u00e7e\u015fitli muayeneler ba\u015flad\u0131, klinik \u00e7ok modern ve en son teknolojiyle donat\u0131lm\u0131\u015ft\u0131. Daha fazla muayene i\u00e7in g\u00f6z damlalar\u0131 kullanmam\u0131z gerekiyordu. \u00d6\u011fle yeme\u011fini bulan\u0131k g\u00f6rerek klinikte yedik. \u00d6\u011fleden sonra son muayeneler yap\u0131ld\u0131. Sonu\u00e7lar Z\u00fcrih\u2019teki muayene ile ayn\u0131yd\u0131. Bekleme odas\u0131nda di\u011fer ameliyat olacak hastalar da vard\u0131.<br><br>Ameliyat a\u011fr\u0131s\u0131z ge\u00e7ti, ama tuhaf bir his vard\u0131; g\u00f6z \u00fczerinde bask\u0131 hissediliyordu. K\u0131sa s\u00fcre sonra bizi bekleme alan\u0131na ald\u0131lar ve futuristik siyah bir g\u00f6zl\u00fck takt\u0131lar. Bir kontrol daha yap\u0131ld\u0131 ve sonra arabaya bindik. \u015eof\u00f6r bizi otele g\u00f6t\u00fcrd\u00fc; itiraf etmek gerekirse g\u00f6zlerimiz pek iyi g\u00f6rm\u00fcyordu, otel odam\u0131z\u0131 buldu\u011fumuza \u00e7ok sevindik.<br><br>Sonras\u0131nda g\u00f6zlerimiz olduk\u00e7a yand\u0131, bunu bekliyorduk. Ayr\u0131ca burun ak\u0131nt\u0131s\u0131 oldu, iyi ki burun damlas\u0131 yan\u0131m\u0131zdayd\u0131.                              Yakla\u015f\u0131k 6 saat sonra ka\u015f\u0131nt\u0131 ve yanma azald\u0131, en b\u00fcy\u00fck zorluk muhtemelen g\u00f6zlerimizi ovu\u015fturmamakt\u0131; g\u00f6zl\u00fck bunu engelledi. Bir noktada uyuduk ve ertesi sabah olduk\u00e7a iyi hissediyorduk, yanma b\u00fcy\u00fck \u00f6l\u00e7\u00fcde ge\u00e7mi\u015fti. \u0130\u015fte ilk \u015fa\u015fk\u0131nl\u0131k an\u0131 geldi: Ben, uza\u011f\u0131 g\u00f6remeyen biri olarak, g\u00f6zl\u00fcks\u00fcz saatimi net bir \u015fekilde okuyabiliyordum; \u00f6nceden g\u00f6zl\u00fckle bile bu m\u00fcmk\u00fcn de\u011fildi. E\u015fim ise uza\u011f\u0131 g\u00f6rebiliyordu, tam bir mutluluk an\u0131yd\u0131.<br><br>Kahvalt\u0131dan sonra tekrar klini\u011fe g\u00f6t\u00fcr\u00fcld\u00fck ve yeniden muayene edildik. Her \u015fey yolundayd\u0131, enfeksiyon yoktu, g\u00f6zde kum hissi hala vard\u0131 ama giderek azal\u0131yordu. Otele d\u00f6nd\u00fc\u011f\u00fcm\u00fczde bir Hop-on Hop-off otob\u00fcs turu yapmaya karar verdik. B\u00f6ylece \u0130stanbul\u2019daki \u00e7e\u015fitli ilgin\u00e7 yerleri g\u00f6rme f\u0131rsat\u0131 bulduk, ger\u00e7ekten \u00e7ok tavsiye edilir. Tabii ki g\u00fcne\u015f g\u00f6zl\u00fc\u011f\u00fcyle, \u00e7\u00fcnk\u00fc g\u00f6zler \u0131\u015f\u0131\u011fa duyarl\u0131yd\u0131.<br><br>Pazar \u00f6\u011fle saatlerinde tekrar al\u0131nd\u0131k ve havaalan\u0131na gittik. Z\u00fcrih\u2019te yap\u0131lan ilk kontrolde ameliyat\u0131n tamamen ba\u015far\u0131l\u0131 oldu\u011fu g\u00f6r\u00fcld\u00fc. \u0130lerleyen g\u00fcnlerde ba\u015fka kontroller de yap\u0131lacak ama sonu\u00e7 olarak \u00e7ok memnun kald\u0131k. \u0130stanbul\u2019da tekrar yapt\u0131r\u0131rd\u0131k ve ba\u015fkalar\u0131na da tavsiye ederiz.<br><br>Corinne ve Ivan, Eyl\u00fcl 2013          <\/p>\n\n\n\n<div class=\"wp-block-group is-layout-grid wp-container-core-group-is-layout-baef362d wp-block-group-is-layout-grid\">\n<p><\/p>\n\n\n\n<p class=\"has-text-align-right wp-container-content-5e2576f9\"><a href=\"https:\/\/medicaltravel.at\/home\/impressum\/\" data-type=\"page\" data-id=\"2193\"><\/a><a href=\"https:\/\/medicaltravel.at\/home\/berichte-von-patienten\/erfahrungsberichte\/erfahrungsbericht-zahnbehandlung-in-istanbul\/\" data-type=\"page\" data-id=\"981\"><\/a><a href=\"https:\/\/medicaltravel.at\/tr\/hasta-hikayeleri\/goerues-raporlari-2012\/samuel-muellerin-goez-lazer-tedavisi-icin-istanbul-acibadem-maslak-klinigine-seyahat-raporu-18-temmuz-2013-persembe-tarihli-rapor\/\" data-type=\"link\" data-id=\"https:\/\/medicaltravel.at\/tr\/hasta-hikayeleri\/goerues-raporlari-2012\/samuel-muellerin-goez-lazer-tedavisi-icin-istanbul-acibadem-maslak-klinigine-seyahat-raporu-18-temmuz-2013-persembe-tarihli-rapor\/\">Sonraki Rapor<\/a><\/p>\n<\/div>\n\n\n\n<p><\/p>\n","protected":false},"excerpt":{"rendered":"<p>\u00c7ifte Lazer Ameliyat\u0131 \u2013 17 Eyl\u00fcl 2013 Sal\u0131 Tarihli Rapor \u0130kimiz de 35 y\u0131ldan fazla s\u00fcredir g\u00f6zl\u00fck kullan\u0131yorduk ve \u00f6zellikle optik fiyatlar\u0131n\u0131 d\u00fc\u015f\u00fcn\u00fcnce art\u0131k yeter dedik. Uzun s\u00fcredir g\u00f6z lazer ameliyat\u0131 yapt\u0131rmay\u0131 d\u00fc\u015f\u00fcn\u00fcyorduk ama \u0130svi\u00e7re\u2019deki fiyatlar \u00e7ok y\u00fcksekti ve bunu engelliyordu. Aradan zaman ge\u00e7ti ve yurt d\u0131\u015f\u0131nda ba\u015far\u0131l\u0131 bir lazer ameliyat\u0131 ge\u00e7iren baz\u0131 ki\u015filerle tan\u0131\u015ft\u0131k, ilgimiz artt\u0131. Ameliyat\u0131n \u0130stanbul\u2019da yap\u0131laca\u011f\u0131n\u0131 duyunca biraz \u015f\u00fcpheci olduk. Ama arkas\u0131nda bir \u0130svi\u00e7re \u015firketi oldu\u011funu ve g\u00fcn\u00fcm\u00fczde internetten bilgi alabilece\u011fimizi g\u00f6r\u00fcnce bir bilgilendirme toplant\u0131s\u0131na da kat\u0131ld\u0131k. Genel olarak her \u015fey iyi organize edilmi\u015f gibiydi ve yanl\u0131\u015f ameliyat riski, \u0130svi\u00e7re\u2019de yapt\u0131rsak olaca\u011f\u0131ndan y\u00fcksek g\u00f6r\u00fcnm\u00fcyordu. Uzun d\u00fc\u015f\u00fcncelerden sonra ad\u0131m\u0131 att\u0131k ve Swisslasik \u00fczerinden kayd\u0131m\u0131z\u0131 yapt\u0131k. G\u00fcvende olmak i\u00e7in Z\u00fcrih\u2019te bir g\u00f6z doktoruna gidip ameliyata uygun olup olmad\u0131\u011f\u0131m\u0131z\u0131 kontrol ettirdik. Daha \u00f6nce bir\u00e7ok kez g\u00f6z doktoruna gitmi\u015ftik ama hi\u00e7 bu kadar iyi muayene edilmemi\u015ftik. Bu bize profesyonellik konusunda g\u00fcven verdi. Ameliyat tarihine yava\u015f yava\u015f yakla\u015f\u0131yorduk ve u\u00e7u\u015ftan yakla\u015f\u0131k 5 g\u00fcn \u00f6nce bize kompakt bir bro\u015f\u00fcr g\u00f6nderildi. \u0130\u00e7inde ileti\u015fim bilgilerimiz, e-bilet numaralar\u0131 ve daha fazlas\u0131 vard\u0131. Sonra u\u00e7u\u015f g\u00fcn\u00fc geldi, Per\u015fembe ak\u015fam\u0131 ve macera ba\u015flad\u0131. \u0130stanbul havaalan\u0131na vard\u0131\u011f\u0131m\u0131zda, klini\u011fin bir \u015fof\u00f6r\u00fc bizi kar\u015f\u0131lad\u0131 ve otele g\u00f6t\u00fcrd\u00fc. Ertesi sabah rahat bir kahvalt\u0131 yapt\u0131k. Cuma sabah\u0131 klini\u011fin \u015fof\u00f6r\u00fc bizi zaman\u0131nda ald\u0131. Klinikte bir terc\u00fcman sa\u011fland\u0131, bizimle rahat\u00e7a ileti\u015fim kurabiliyordu, bu bizim i\u00e7in \u00f6nemliydi. Sabah \u00e7e\u015fitli muayeneler ba\u015flad\u0131, klinik \u00e7ok modern ve en son teknolojiyle donat\u0131lm\u0131\u015ft\u0131. Daha fazla muayene i\u00e7in g\u00f6z damlalar\u0131 kullanmam\u0131z gerekiyordu. \u00d6\u011fle yeme\u011fini bulan\u0131k g\u00f6rerek klinikte yedik. \u00d6\u011fleden sonra son muayeneler yap\u0131ld\u0131. Sonu\u00e7lar Z\u00fcrih\u2019teki muayene ile ayn\u0131yd\u0131. Bekleme odas\u0131nda di\u011fer ameliyat olacak hastalar da vard\u0131. Ameliyat a\u011fr\u0131s\u0131z ge\u00e7ti, ama tuhaf bir his vard\u0131; g\u00f6z \u00fczerinde bask\u0131 hissediliyordu. K\u0131sa s\u00fcre sonra bizi bekleme alan\u0131na ald\u0131lar ve futuristik siyah bir g\u00f6zl\u00fck takt\u0131lar. Bir kontrol daha yap\u0131ld\u0131 ve sonra arabaya bindik. \u015eof\u00f6r bizi otele g\u00f6t\u00fcrd\u00fc; itiraf etmek gerekirse g\u00f6zlerimiz pek iyi g\u00f6rm\u00fcyordu, otel odam\u0131z\u0131 buldu\u011fumuza \u00e7ok sevindik. Sonras\u0131nda g\u00f6zlerimiz olduk\u00e7a yand\u0131, bunu bekliyorduk. Ayr\u0131ca burun ak\u0131nt\u0131s\u0131 oldu, iyi ki burun damlas\u0131 yan\u0131m\u0131zdayd\u0131. Yakla\u015f\u0131k 6 saat sonra ka\u015f\u0131nt\u0131 ve yanma azald\u0131, en b\u00fcy\u00fck zorluk muhtemelen g\u00f6zlerimizi ovu\u015fturmamakt\u0131; g\u00f6zl\u00fck bunu engelledi. Bir noktada uyuduk ve ertesi sabah olduk\u00e7a iyi hissediyorduk, yanma b\u00fcy\u00fck \u00f6l\u00e7\u00fcde ge\u00e7mi\u015fti. \u0130\u015fte ilk \u015fa\u015fk\u0131nl\u0131k an\u0131 geldi: Ben, uza\u011f\u0131 g\u00f6remeyen biri olarak, g\u00f6zl\u00fcks\u00fcz saatimi net bir \u015fekilde okuyabiliyordum; \u00f6nceden g\u00f6zl\u00fckle bile bu m\u00fcmk\u00fcn de\u011fildi. E\u015fim ise uza\u011f\u0131 g\u00f6rebiliyordu, tam bir mutluluk an\u0131yd\u0131. Kahvalt\u0131dan sonra tekrar klini\u011fe g\u00f6t\u00fcr\u00fcld\u00fck ve yeniden muayene edildik. Her \u015fey yolundayd\u0131, enfeksiyon yoktu, g\u00f6zde kum hissi hala vard\u0131 ama giderek azal\u0131yordu. Otele d\u00f6nd\u00fc\u011f\u00fcm\u00fczde bir Hop-on Hop-off otob\u00fcs turu yapmaya karar verdik. B\u00f6ylece \u0130stanbul\u2019daki \u00e7e\u015fitli ilgin\u00e7 yerleri g\u00f6rme f\u0131rsat\u0131 bulduk, ger\u00e7ekten \u00e7ok tavsiye edilir. Tabii ki g\u00fcne\u015f g\u00f6zl\u00fc\u011f\u00fcyle, \u00e7\u00fcnk\u00fc g\u00f6zler \u0131\u015f\u0131\u011fa duyarl\u0131yd\u0131. Pazar \u00f6\u011fle saatlerinde tekrar al\u0131nd\u0131k ve havaalan\u0131na gittik. Z\u00fcrih\u2019te yap\u0131lan ilk kontrolde ameliyat\u0131n tamamen ba\u015far\u0131l\u0131 oldu\u011fu g\u00f6r\u00fcld\u00fc. \u0130lerleyen g\u00fcnlerde ba\u015fka kontroller de yap\u0131lacak ama sonu\u00e7 olarak \u00e7ok memnun kald\u0131k. \u0130stanbul\u2019da tekrar yapt\u0131r\u0131rd\u0131k ve ba\u015fkalar\u0131na da tavsiye ederiz. Corinne ve Ivan, Eyl\u00fcl 2013 Sonraki Rapor<\/p>\n","protected":false},"author":4,"featured_media":0,"parent":4505,"menu_order":0,"comment_status":"closed","ping_status":"closed","template":"","meta":{"_joinchat":[],"footnotes":""},"class_list":["post-4567","page","type-page","status-publish","hentry"],"acf":[],"_links":{"self":[{"href":"https:\/\/medicaltravel.at\/tr\/wp-json\/wp\/v2\/pages\/4567","targetHints":{"allow":["GET"]}}],"collection":[{"href":"https:\/\/medicaltravel.at\/tr\/wp-json\/wp\/v2\/pages"}],"about":[{"href":"https:\/\/medicaltravel.at\/tr\/wp-json\/wp\/v2\/types\/page"}],"author":[{"embeddable":true,"href":"https:\/\/medicaltravel.at\/tr\/wp-json\/wp\/v2\/users\/4"}],"replies":[{"embeddable":true,"href":"https:\/\/medicaltravel.at\/tr\/wp-json\/wp\/v2\/comments?post=4567"}],"version-history":[{"count":2,"href":"https:\/\/medicaltravel.at\/tr\/wp-json\/wp\/v2\/pages\/4567\/revisions"}],"predecessor-version":[{"id":5774,"href":"https:\/\/medicaltravel.at\/tr\/wp-json\/wp\/v2\/pages\/4567\/revisions\/5774"}],"up":[{"embeddable":true,"href":"https:\/\/medicaltravel.at\/tr\/wp-json\/wp\/v2\/pages\/4505"}],"wp:attachment":[{"href":"https:\/\/medicaltravel.at\/tr\/wp-json\/wp\/v2\/media?parent=4567"}],"curies":[{"name":"wp","href":"https:\/\/api.w.org\/{rel}","templated":true}]}}