{"id":4565,"date":"2025-09-28T09:24:18","date_gmt":"2025-09-28T08:24:18","guid":{"rendered":"https:\/\/medicaltravel.at\/hasta-hikayeleri\/goerues-raporlari-2012\/swisslasik-olmasaydi-bes-katini-bile-oederdim-12-mart-2013-sali-tarihli-rapor\/"},"modified":"2026-01-13T14:57:29","modified_gmt":"2026-01-13T13:57:29","slug":"swisslasik-olmasaydi-bes-katini-bile-oederdim-12-mart-2013-sali-tarihli-rapor","status":"publish","type":"page","link":"https:\/\/medicaltravel.at\/tr\/hasta-hikayeleri\/goerues-raporlari-2012\/swisslasik-olmasaydi-bes-katini-bile-oederdim-12-mart-2013-sali-tarihli-rapor\/","title":{"rendered":"Swisslasik olmasayd\u0131, be\u015f kat\u0131n\u0131 bile \u00f6derd\u0131m! \u2013 12 Mart 2013 Sal\u0131 Tarihli Rapor"},"content":{"rendered":"\n<p><strong>Swisslasik olmasayd\u0131, be\u015f kat\u0131n\u0131 bile \u00f6derd\u0131m! <\/strong>\u2013 12 Mart 2013 Sal\u0131 Tarihli Rapor<\/p>\n\n\n\n<p>Swisslasik ile deneyimim \u015f\u00f6yle ba\u015flad\u0131: Bir ak\u015fam, ailemden biri bana i\u015f yerinde bir \u00e7al\u0131\u015fan\u0131n\u0131n g\u00f6z ameliyat\u0131n\u0131 T\u00fcrkiye\u2019de yapt\u0131rd\u0131\u011f\u0131n\u0131 s\u00f6yledi. Hemen ikna oldum ve zaman, istek ve maddi imkan nedeniyle bu ameliyat\u0131 hemen yapt\u0131rmaya karar verdim. \u0130nternette ara\u015ft\u0131rma yapt\u0131m ve do\u011frudan Swisslasik ile kar\u015f\u0131la\u015ft\u0131m. Sorumlu ki\u015fiyle ileti\u015fime ge\u00e7tim ve ger\u00e7ekten detayl\u0131 \u015fekilde bilgilendirildim. Bana her zaman bol zaman ay\u0131rd\u0131lar ve zorlamadan her \u015feyi iyice anlamam\u0131 sa\u011flad\u0131lar.<br><br>Yar\u0131m g\u00fcn i\u00e7inde, bilgi g\u00fcn\u00fcne kat\u0131lmadan, her \u015feyi rezerve ettim ve ger\u00e7ekten \u00e7ok iyi ko\u015fullarla! U\u00e7ak, otel, kar\u015f\u0131lama, hizmet ve ameliyat, hepsi premium paket kapsam\u0131ndayd\u0131. K\u0131sa s\u00fcre sonra zaman geldi: Swisslasik ile \u0130stanbul\u2019a gittim ve \u015fehirden \u00e7ok etkilendim. Havaalan\u0131nda hemen kar\u015f\u0131land\u0131m ve otele g\u00f6t\u00fcr\u00fcld\u00fcm. Bagaj\u0131mla ve odamla ilgilenildi. Her \u015fey sorunsuzdu, s\u00fcrekli bilgilendirildim ve hi\u00e7bir gecikme olmad\u0131. \u0130lk g\u00fcn biraz gezme f\u0131rsat\u0131m oldu.<br><br>\u0130kinci g\u00fcn ameliyat zaman\u0131 geldi: ACIBADEM Hastanesi\u2019ne gittim, ger\u00e7ekten \u00e7ok b\u00fcy\u00fck bir hastaneydi ve oradaki herkes bana varl\u0131kl\u0131 bir izlenim verdi. Her \u015fey \u00e7ok temizdi, personel bak\u0131ml\u0131yd\u0131 ve hizmet m\u00fckemmeldi. S\u00fcrekli i\u00e7eri girip \u00e7\u0131kan insanlara ve hastalara bak\u0131yordum, sonra bir terc\u00fcman beni kar\u015f\u0131lad\u0131. Ad\u0131 Tolga\u2019yd\u0131. \u00c7ok arkada\u015f canl\u0131s\u0131 ve a\u00e7\u0131k s\u00f6zl\u00fcyd\u00fc, h\u0131zl\u0131ca durumu kavrad\u0131m. Beni g\u00f6z b\u00f6l\u00fcm\u00fcne g\u00f6t\u00fcrd\u00fc ve tekrar muayene oldum.<br><br>Sonra ameliyat\u0131m\u0131 yapacak doktorla tan\u0131\u015ft\u0131m. \u00c7ok yetkin, gen\u00e7 ve g\u00fczel bir doktordu; ofisi diplomalar ve sertifikalarla doluydu. Bana s\u00fcrecin nas\u0131l ilerleyece\u011fi k\u0131sa \u015fekilde anlat\u0131ld\u0131 ve ard\u0131ndan sadece beklemek kald\u0131. Her \u015fey \u00e7ok h\u0131zl\u0131 ilerledi. Birden ameliyat odas\u0131na \u00e7a\u011fr\u0131ld\u0131m, g\u00f6z damlalar\u0131 verildi ve ameliyat masas\u0131na yatt\u0131m. Ameliyat \u00e7ok h\u0131zl\u0131yd\u0131, 10 dakika i\u00e7inde bitti.<br><br>D\u00fcr\u00fcst olmak gerekirse, biraz rahats\u0131z ediciydi; kornea a\u00e7\u0131k oldu\u011fu i\u00e7in g\u00f6z s\u00fcrekli s\u0131v\u0131yla so\u011futuluyordu ve biraz ac\u0131 hissettirdi. Ama fark\u0131na varmadan her \u015fey bitmi\u015fti. Sonras\u0131nda g\u00f6zlerimde \u00e7ok g\u00fc\u00e7l\u00fc bir yanma oldu, a\u011fr\u0131 veriyordu. Ama atlatt\u0131m \ud83d\ude42 G\u00f6zl\u00fc\u011f\u00fcm tak\u0131ld\u0131 ve otele geri g\u00f6t\u00fcr\u00fcld\u00fcm. A\u011fr\u0131 kesici ald\u0131ktan yakla\u015f\u0131k 2 saat sonra a\u011fr\u0131 azald\u0131 ve 4 saat sonra neredeyse ge\u00e7ti. M\u00fczik dinledim ve uyudum.<br><br>Ertesi sabah inan\u0131lmaz bir \u015fey oldu: Uyand\u0131m ve bir anda her \u015fey de\u011fi\u015fmi\u015fti. Her \u015feyi net bir \u015fekilde g\u00f6rebiliyordum, tarif edilemeyecek kadar inan\u0131lmaz bir histi.                                 Hi\u00e7 a\u011fr\u0131 ya da ka\u015f\u0131nt\u0131 hissetmedim, her \u015fey harikayd\u0131. Sadece o an net g\u00f6remiyordum ama bu normaldi \u00e7\u00fcnk\u00fc iyile\u015fme s\u00fcrecinde her g\u00fcn daha iyi oluyor. Ameliyattan 2 hafta sonra art\u0131k her \u015feyi net ve keskin g\u00f6r\u00fcyorum. Daha \u00f6nce sadece g\u00f6zl\u00fckle okuyabildi\u011fim yaz\u0131lar\u0131 art\u0131k okuyabiliyorum. Bu inan\u0131lmaz bir duygu. Swisslasik olmasa bile g\u00f6zl\u00fcks\u00fcz bir hayat i\u00e7in be\u015f kat\u0131n\u0131 \u00f6demeye raz\u0131y\u0131m!<br><br>Ameliyattan sonraki g\u00fcn doktor kontrol\u00fc yapt\u0131\u011f\u0131nda sonu\u00e7 %100 \u00e7\u0131kt\u0131 ve \u00e7ok mutluydum. Ard\u0131ndan \u0130stanbul\u2019u biraz gezme ve d\u00f6n\u00fc\u015f u\u00e7u\u015fuma haz\u0131rlanma f\u0131rsat\u0131m oldu. \u0130nsanlar ve hizmet ger\u00e7ekten \u00e7ok iyiydi.<br>Ameliyatta s\u00f6yleyebilirim ki personel hem sosyal hem y\u00f6ntemsel hem de mesleki olarak \u00e7ok yetkin, en yeni cihazlar ve altyap\u0131 mevcut, \u00f6yle ki \u0130svi\u00e7re\u2019yi neredeyse ge\u00e7iyor. Tek sorun ileti\u015fimdi; T\u00fcrkiye\u2019de insanlar \u0130ngilizce veya Almanca \u00e7ok iyi konu\u015fam\u0131yor ama bir \u015fekilde hep hallettik.<br><br>U\u00e7akta otururken, g\u00f6zl\u00fckle ya\u015fad\u0131\u011f\u0131m zorluklar\u0131 d\u00fc\u015f\u00fcnd\u00fcm: spor yaparken, araba kullan\u0131rken, g\u00fcne\u015fte uzan\u0131rken vs. Ge\u00e7mi\u015fi h\u0131zl\u0131ca unuttum ve g\u00f6zl\u00fcks\u00fcz bir gelece\u011fi sab\u0131rs\u0131zl\u0131kla beklemeye ba\u015flad\u0131m; en g\u00fczel ya\u015flar\u0131mda \u00f6n\u00fcmde bu hayat var.<br><br>Sonu\u00e7 olarak: G\u00f6zl\u00fcks\u00fcz bir hayat isteyen, t\u00fcm hayat\u0131 \u00f6n\u00fcnde olan ve zaman\u0131 olan herkes mutlaka bunu yapmal\u0131! Swisslasik ekibine te\u015fekk\u00fcr ediyor ve veda ediyorum.<br><br>Sayg\u0131lar\u0131mla<br>Danijel Jovanovic                <\/p>\n\n\n\n<div class=\"wp-block-group is-layout-grid wp-container-core-group-is-layout-baef362d wp-block-group-is-layout-grid\">\n<p><a href=\"https:\/\/medicaltravel.at\/home\/agb\/\" data-type=\"page\" data-id=\"2191\"><\/a><a href=\"https:\/\/medicaltravel.at\/tr\/hasta-hikayeleri\/goerues-raporlari-2012\/istanbul-tuerkiyede-femto-lasik-deneyimim-27-mayis-2013-pazartesi-tarihli-rapor\/\" data-type=\"link\" data-id=\"https:\/\/medicaltravel.at\/tr\/hasta-hikayeleri\/goerues-raporlari-2012\/istanbul-tuerkiyede-femto-lasik-deneyimim-27-mayis-2013-pazartesi-tarihli-rapor\/\">\u00d6nceki Rapor<\/a><\/p>\n\n\n\n<p class=\"has-text-align-right wp-container-content-5e2576f9\"><a href=\"https:\/\/medicaltravel.at\/home\/impressum\/\" data-type=\"page\" data-id=\"2193\"><\/a><a href=\"https:\/\/medicaltravel.at\/home\/berichte-von-patienten\/erfahrungsberichte\/erfahrungsbericht-zahnbehandlung-in-istanbul\/\" data-type=\"page\" data-id=\"981\"><\/a><a href=\"https:\/\/medicaltravel.at\/tr\/hasta-hikayeleri\/goerues-raporlari-2012\/istanbul-da-gecirdigim-macerali-goez-lazeri-tedavisi-06-mart-2013-carsamba-tarihli-rapor\/\" data-type=\"link\" data-id=\"https:\/\/medicaltravel.at\/tr\/hasta-hikayeleri\/goerues-raporlari-2012\/istanbul-da-gecirdigim-macerali-goez-lazeri-tedavisi-06-mart-2013-carsamba-tarihli-rapor\/\">Sonraki Rapor<\/a><\/p>\n<\/div>\n","protected":false},"excerpt":{"rendered":"<p>Swisslasik olmasayd\u0131, be\u015f kat\u0131n\u0131 bile \u00f6derd\u0131m! \u2013 12 Mart 2013 Sal\u0131 Tarihli Rapor Swisslasik ile deneyimim \u015f\u00f6yle ba\u015flad\u0131: Bir ak\u015fam, ailemden biri bana i\u015f yerinde bir \u00e7al\u0131\u015fan\u0131n\u0131n g\u00f6z ameliyat\u0131n\u0131 T\u00fcrkiye\u2019de yapt\u0131rd\u0131\u011f\u0131n\u0131 s\u00f6yledi. Hemen ikna oldum ve zaman, istek ve maddi imkan nedeniyle bu ameliyat\u0131 hemen yapt\u0131rmaya karar verdim. \u0130nternette ara\u015ft\u0131rma yapt\u0131m ve do\u011frudan Swisslasik ile kar\u015f\u0131la\u015ft\u0131m. Sorumlu ki\u015fiyle ileti\u015fime ge\u00e7tim ve ger\u00e7ekten detayl\u0131 \u015fekilde bilgilendirildim. Bana her zaman bol zaman ay\u0131rd\u0131lar ve zorlamadan her \u015feyi iyice anlamam\u0131 sa\u011flad\u0131lar. Yar\u0131m g\u00fcn i\u00e7inde, bilgi g\u00fcn\u00fcne kat\u0131lmadan, her \u015feyi rezerve ettim ve ger\u00e7ekten \u00e7ok iyi ko\u015fullarla! U\u00e7ak, otel, kar\u015f\u0131lama, hizmet ve ameliyat, hepsi premium paket kapsam\u0131ndayd\u0131. K\u0131sa s\u00fcre sonra zaman geldi: Swisslasik ile \u0130stanbul\u2019a gittim ve \u015fehirden \u00e7ok etkilendim. Havaalan\u0131nda hemen kar\u015f\u0131land\u0131m ve otele g\u00f6t\u00fcr\u00fcld\u00fcm. Bagaj\u0131mla ve odamla ilgilenildi. Her \u015fey sorunsuzdu, s\u00fcrekli bilgilendirildim ve hi\u00e7bir gecikme olmad\u0131. \u0130lk g\u00fcn biraz gezme f\u0131rsat\u0131m oldu. \u0130kinci g\u00fcn ameliyat zaman\u0131 geldi: ACIBADEM Hastanesi\u2019ne gittim, ger\u00e7ekten \u00e7ok b\u00fcy\u00fck bir hastaneydi ve oradaki herkes bana varl\u0131kl\u0131 bir izlenim verdi. Her \u015fey \u00e7ok temizdi, personel bak\u0131ml\u0131yd\u0131 ve hizmet m\u00fckemmeldi. S\u00fcrekli i\u00e7eri girip \u00e7\u0131kan insanlara ve hastalara bak\u0131yordum, sonra bir terc\u00fcman beni kar\u015f\u0131lad\u0131. Ad\u0131 Tolga\u2019yd\u0131. \u00c7ok arkada\u015f canl\u0131s\u0131 ve a\u00e7\u0131k s\u00f6zl\u00fcyd\u00fc, h\u0131zl\u0131ca durumu kavrad\u0131m. Beni g\u00f6z b\u00f6l\u00fcm\u00fcne g\u00f6t\u00fcrd\u00fc ve tekrar muayene oldum. Sonra ameliyat\u0131m\u0131 yapacak doktorla tan\u0131\u015ft\u0131m. \u00c7ok yetkin, gen\u00e7 ve g\u00fczel bir doktordu; ofisi diplomalar ve sertifikalarla doluydu. Bana s\u00fcrecin nas\u0131l ilerleyece\u011fi k\u0131sa \u015fekilde anlat\u0131ld\u0131 ve ard\u0131ndan sadece beklemek kald\u0131. Her \u015fey \u00e7ok h\u0131zl\u0131 ilerledi. Birden ameliyat odas\u0131na \u00e7a\u011fr\u0131ld\u0131m, g\u00f6z damlalar\u0131 verildi ve ameliyat masas\u0131na yatt\u0131m. Ameliyat \u00e7ok h\u0131zl\u0131yd\u0131, 10 dakika i\u00e7inde bitti. D\u00fcr\u00fcst olmak gerekirse, biraz rahats\u0131z ediciydi; kornea a\u00e7\u0131k oldu\u011fu i\u00e7in g\u00f6z s\u00fcrekli s\u0131v\u0131yla so\u011futuluyordu ve biraz ac\u0131 hissettirdi. Ama fark\u0131na varmadan her \u015fey bitmi\u015fti. Sonras\u0131nda g\u00f6zlerimde \u00e7ok g\u00fc\u00e7l\u00fc bir yanma oldu, a\u011fr\u0131 veriyordu. Ama atlatt\u0131m \ud83d\ude42 G\u00f6zl\u00fc\u011f\u00fcm tak\u0131ld\u0131 ve otele geri g\u00f6t\u00fcr\u00fcld\u00fcm. A\u011fr\u0131 kesici ald\u0131ktan yakla\u015f\u0131k 2 saat sonra a\u011fr\u0131 azald\u0131 ve 4 saat sonra neredeyse ge\u00e7ti. M\u00fczik dinledim ve uyudum. Ertesi sabah inan\u0131lmaz bir \u015fey oldu: Uyand\u0131m ve bir anda her \u015fey de\u011fi\u015fmi\u015fti. Her \u015feyi net bir \u015fekilde g\u00f6rebiliyordum, tarif edilemeyecek kadar inan\u0131lmaz bir histi. Hi\u00e7 a\u011fr\u0131 ya da ka\u015f\u0131nt\u0131 hissetmedim, her \u015fey harikayd\u0131. Sadece o an net g\u00f6remiyordum ama bu normaldi \u00e7\u00fcnk\u00fc iyile\u015fme s\u00fcrecinde her g\u00fcn daha iyi oluyor. Ameliyattan 2 hafta sonra art\u0131k her \u015feyi net ve keskin g\u00f6r\u00fcyorum. Daha \u00f6nce sadece g\u00f6zl\u00fckle okuyabildi\u011fim yaz\u0131lar\u0131 art\u0131k okuyabiliyorum. Bu inan\u0131lmaz bir duygu. Swisslasik olmasa bile g\u00f6zl\u00fcks\u00fcz bir hayat i\u00e7in be\u015f kat\u0131n\u0131 \u00f6demeye raz\u0131y\u0131m! Ameliyattan sonraki g\u00fcn doktor kontrol\u00fc yapt\u0131\u011f\u0131nda sonu\u00e7 %100 \u00e7\u0131kt\u0131 ve \u00e7ok mutluydum. Ard\u0131ndan \u0130stanbul\u2019u biraz gezme ve d\u00f6n\u00fc\u015f u\u00e7u\u015fuma haz\u0131rlanma f\u0131rsat\u0131m oldu. \u0130nsanlar ve hizmet ger\u00e7ekten \u00e7ok iyiydi.Ameliyatta s\u00f6yleyebilirim ki personel hem sosyal hem y\u00f6ntemsel hem de mesleki olarak \u00e7ok yetkin, en yeni cihazlar ve altyap\u0131 mevcut, \u00f6yle ki \u0130svi\u00e7re\u2019yi neredeyse ge\u00e7iyor. Tek sorun ileti\u015fimdi; T\u00fcrkiye\u2019de insanlar \u0130ngilizce veya Almanca \u00e7ok iyi konu\u015fam\u0131yor ama bir \u015fekilde hep hallettik. U\u00e7akta otururken, g\u00f6zl\u00fckle ya\u015fad\u0131\u011f\u0131m zorluklar\u0131 d\u00fc\u015f\u00fcnd\u00fcm: spor yaparken, araba kullan\u0131rken, g\u00fcne\u015fte uzan\u0131rken vs. Ge\u00e7mi\u015fi h\u0131zl\u0131ca unuttum ve g\u00f6zl\u00fcks\u00fcz bir gelece\u011fi sab\u0131rs\u0131zl\u0131kla beklemeye ba\u015flad\u0131m; en g\u00fczel ya\u015flar\u0131mda \u00f6n\u00fcmde bu hayat var. Sonu\u00e7 olarak: G\u00f6zl\u00fcks\u00fcz bir hayat isteyen, t\u00fcm hayat\u0131 \u00f6n\u00fcnde olan ve zaman\u0131 olan herkes mutlaka bunu yapmal\u0131! Swisslasik ekibine te\u015fekk\u00fcr ediyor ve veda ediyorum. Sayg\u0131lar\u0131mlaDanijel Jovanovic \u00d6nceki Rapor Sonraki Rapor<\/p>\n","protected":false},"author":4,"featured_media":0,"parent":4505,"menu_order":0,"comment_status":"closed","ping_status":"closed","template":"","meta":{"_joinchat":[],"footnotes":""},"class_list":["post-4565","page","type-page","status-publish","hentry"],"acf":[],"_links":{"self":[{"href":"https:\/\/medicaltravel.at\/tr\/wp-json\/wp\/v2\/pages\/4565","targetHints":{"allow":["GET"]}}],"collection":[{"href":"https:\/\/medicaltravel.at\/tr\/wp-json\/wp\/v2\/pages"}],"about":[{"href":"https:\/\/medicaltravel.at\/tr\/wp-json\/wp\/v2\/types\/page"}],"author":[{"embeddable":true,"href":"https:\/\/medicaltravel.at\/tr\/wp-json\/wp\/v2\/users\/4"}],"replies":[{"embeddable":true,"href":"https:\/\/medicaltravel.at\/tr\/wp-json\/wp\/v2\/comments?post=4565"}],"version-history":[{"count":2,"href":"https:\/\/medicaltravel.at\/tr\/wp-json\/wp\/v2\/pages\/4565\/revisions"}],"predecessor-version":[{"id":5778,"href":"https:\/\/medicaltravel.at\/tr\/wp-json\/wp\/v2\/pages\/4565\/revisions\/5778"}],"up":[{"embeddable":true,"href":"https:\/\/medicaltravel.at\/tr\/wp-json\/wp\/v2\/pages\/4505"}],"wp:attachment":[{"href":"https:\/\/medicaltravel.at\/tr\/wp-json\/wp\/v2\/media?parent=4565"}],"curies":[{"name":"wp","href":"https:\/\/api.w.org\/{rel}","templated":true}]}}