{"id":4563,"date":"2025-09-28T09:26:21","date_gmt":"2025-09-28T08:26:21","guid":{"rendered":"https:\/\/medicaltravel.at\/hasta-hikayeleri\/goerues-raporlari-2012\/en-yueksek-kalite-ve-hizmet-standardi-15-ocak-2013-sali-tarihli-rapor\/"},"modified":"2026-01-13T14:59:33","modified_gmt":"2026-01-13T13:59:33","slug":"en-yueksek-kalite-ve-hizmet-standardi-15-ocak-2013-sali-tarihli-rapor","status":"publish","type":"page","link":"https:\/\/medicaltravel.at\/tr\/hasta-hikayeleri\/goerues-raporlari-2012\/en-yueksek-kalite-ve-hizmet-standardi-15-ocak-2013-sali-tarihli-rapor\/","title":{"rendered":"En y\u00fcksek kalite ve hizmet standard\u0131 \u2013 15 Ocak 2013 Sal\u0131 Tarihli Rapor"},"content":{"rendered":"\n<p><strong>En y\u00fcksek kalite ve hizmet standard\u0131 <\/strong>\u2013 15 Ocak 2013 Sal\u0131 Tarihli Rapor<\/p>\n\n\n\n<p>Sonbahar 2011\u2019de tan\u0131d\u0131\u011f\u0131m bir \u0130svi\u00e7reli \u0130stanbul\u2019da g\u00f6zlerini lazerlettirdi ve sonu\u00e7tan \u00e7ok memnun kald\u0131. \u00c7e\u015fitli sebeplerden, \u00f6zellikle de rahatl\u0131k a\u00e7\u0131s\u0131ndan, ben de (31 ya\u015f\u0131nda) lens ve g\u00f6zl\u00fck olmadan ya\u015famak istedim. Her ne kadar b\u00fcy\u00fck bir d\u00fczeltme ihtiyac\u0131m olmasa da (-1,25 ve -2,25) lens ve g\u00f6zl\u00fckten s\u0131k\u0131lm\u0131\u015ft\u0131m.<br><br>Z\u00fcrih\u2019teki g\u00f6z doktoruma gittim ve k\u0131sa bir \u00f6n muayenenin ard\u0131ndan lazer i\u00e7in onay verdi. Daha \u00f6nce s\u00f6yledi\u011fim gibi \u0130svi\u00e7re\u2019de ameliyat \u00e7ok pahal\u0131 oldu\u011fu i\u00e7in bana yurt d\u0131\u015f\u0131ndaki \u00e7ok iyi sonu\u00e7lar veren ve \u00f6nerilen baz\u0131 adresler verdi. Bunlar aras\u0131nda Swisslasik de vard\u0131. Swisslasik ile ileti\u015fim o kadar h\u0131zl\u0131 ve sorunsuz oldu ki hemen ameliyat i\u00e7in kayd\u0131m\u0131 yapt\u0131rd\u0131m. U\u00e7ak biletini kendim ayarlad\u0131m, ama Swisslasik \u00fczerinden alsam neredeyse ayn\u0131 fiyat olacakt\u0131. Di\u011fer her \u015fey, havaalan\u0131ndan otele ve d\u00f6n\u00fc\u015f transferi dahil, Swisslasik taraf\u0131ndan organize edildi.<br><br>Per\u015fembe ak\u015fam\u0131 \u0130stanbul\u2019a u\u00e7tuk. Ben ve refakat\u00e7im havaalan\u0131nda bir \u015fof\u00f6r taraf\u0131ndan kar\u015f\u0131lan\u0131p otele g\u00f6t\u00fcr\u00fcld\u00fck. Cuma sabah\u0131 erken saatlerde otelden al\u0131nd\u0131k ve klini\u011fe g\u00f6t\u00fcr\u00fcld\u00fck. Klinikte, hem rehberimiz hem de terc\u00fcman\u0131m\u0131z olan bir g\u00f6revli bizi kar\u015f\u0131lad\u0131. \u00d6nce t\u00fcm testler yap\u0131ld\u0131, sonra \u00f6\u011fleden \u00f6nce serbest zaman\u0131m\u0131z oldu. Partnerimle yak\u0131ndaki bir al\u0131\u015fveri\u015f merkezine taksiyle gittik, rahat\u00e7a \u00f6\u011fle yeme\u011fi yedik ve dola\u015ft\u0131k. Al\u0131\u015fveri\u015f yapmad\u0131k \u00e7\u00fcnk\u00fc bu l\u00fcks merkezin fiyatlar\u0131 \u0130svi\u00e7re ile neredeyse ayn\u0131yd\u0131. Genel olarak, bu g\u00fcnlerde bekledi\u011fimiz kadar ucuz ya\u015famad\u0131k, \u0130stanbul art\u0131k bat\u0131dan \u00e7ok uzak de\u011fil, f\u0131rsat bulmak zor \u2013 belki de yanl\u0131\u015f yerdeydik.<br><br>Saat 15:00\u2019te tekrar klini\u011fe d\u00f6nd\u00fck. Benimle birlikte 4 \u0130svi\u00e7reli hasta daha vard\u0131. Biz be\u015fimiz s\u0131rayla lazer ameliyat\u0131 olduk. Ameliyat asl\u0131nda \u00e7ok basit! Tahmini 5-10 dakika s\u00fcrd\u00fc. Ve ameliyattan hemen sonra normal g\u00f6rebiliyordum! Bu his harikayd\u0131! Hepimize 24 saat takmam\u0131z gereken bir t\u00fcr kayak g\u00f6zl\u00fc\u011f\u00fc verildi. Ben ilk iki gece de g\u00f6zl\u00fc\u011f\u00fc takt\u0131m, \u00e7\u00fcnk\u00fc bir kez g\u00f6z\u00fcm\u00fc ka\u015f\u0131d\u0131\u011f\u0131m i\u00e7in uyanm\u0131\u015ft\u0131m. T\u00fcm ameliyatlar bitince \u015fof\u00f6r bizi otele geri g\u00f6t\u00fcrd\u00fc. Bu yolculuk biraz zor oldu, \u00e7\u00fcnk\u00fc g\u00f6zlerim ka\u015f\u0131n\u0131yor, yan\u0131yor, hem kuru hem de nemli hissediyordu. Neyse ki yan\u0131mda a\u011fr\u0131 kesici vard\u0131 ve partnerim yolumu bulmama yard\u0131m etti (g\u00f6zlerimi kapal\u0131 tutuyordum, b\u00f6ylece dayan\u0131lmaz olan biraz daha katlan\u0131l\u0131r oldu). Saat 21:00\u2019de a\u011fr\u0131lar biraz azald\u0131 ve derin bir uykuya dald\u0131m.<br><br>Ertesi sabah saat 7:00\u2019de \u015fof\u00f6r geldi ve kontrole klini\u011fe gittik. \u00d6nceki g\u00fcn tan\u0131\u015ft\u0131\u011f\u0131m t\u00fcm \u0130svi\u00e7relilerle tekrar kar\u015f\u0131la\u015ft\u0131m. Deneyimlerini dinlemek ilgin\u00e7ti! Ama hepsi \u00e7ok net g\u00f6rebiliyordu, \u00e7ok mutluydu ve hepsi tekrar yapt\u0131r\u0131rd\u0131. Kontrol sonucunda herkesin g\u00f6rme keskinli\u011fi en az %100\u2019d\u00fc ve g\u00f6z damlalar\u0131n\u0131 ald\u0131k.<br><br>Partnerimle pazara kadar \u0130stanbul\u2019da kald\u0131k ve \u015fehri gezdik. Bize g\u00f6re biraz h\u0131zl\u0131 ve g\u00fcnl\u00fck trafik s\u0131k\u0131\u015f\u0131kt\u0131. Ama Bo\u011faz turu gece \u00e7ok romantikti. 7 g\u00fcn sonra \u0130svi\u00e7re\u2019de g\u00f6z doktoruma kontrole gittim ve lazerden \u00e7ok etkilendi. \u00c7ok iyi bir i\u015f \u00e7\u0131karm\u0131\u015fs\u0131n\u0131z dedi. Belgeleri de yan\u0131mda g\u00f6t\u00fcrd\u00fcm (\u0130stanbul\u2019daki klinikten sormam gerekti). Doktorun yorumu: Daha iyi yap\u0131lamazd\u0131!<br><br>Maalesef ameliyattan 5 g\u00fcn sonra bilgisayarda \u00e7al\u0131\u015fmak zorunda kald\u0131m, bu ilk hafta i\u00e7in \u00e7ok rahat de\u011fildi. G\u00f6zlerim \u00e7ok h\u0131zl\u0131 yoruluyor ve ba\u015f\u0131m a\u011fr\u0131yordu. \u015eimdi, 3 ay sonra, h\u00e2l\u00e2 \u00e7ok memnunum! Ba\u015fta karanl\u0131kta (\u00f6r. LED \u0131\u015f\u0131klar\u0131nda) bulan\u0131kl\u0131k \u00e7o\u011funlukla ge\u00e7ti. Ve lens kaybetmeden internette gezmek, sabah ve ak\u015fam lenslerle u\u011fra\u015fmamak \u00e7ok g\u00fczel. Komik olan, ak\u015fam birka\u00e7 kez banyoya gidip lenslerimi \u00e7\u0131karacakm\u0131\u015f\u0131m gibi hissetmemdi \u2013 ama art\u0131k lensim yoktu \ud83d\ude42<br><br>Swisslasik\u2019i organizat\u00f6r ve arac\u0131lar olarak kesinlikle tavsiye ederim, hizmet \u0130svi\u00e7re\u2019de bekledi\u011fimizden \u00e7ok daha iyiydi! Ac\u0131badem Klinik ise uluslararas\u0131 en y\u00fcksek d\u00fczeyde ve en kaliteli t\u0131bbi hizmet sunuyor.<br><br>St\u00e9phanie Eugster<\/p>\n\n\n\n<div class=\"wp-block-group is-layout-grid wp-container-core-group-is-layout-baef362d wp-block-group-is-layout-grid\">\n<p><a href=\"https:\/\/medicaltravel.at\/home\/agb\/\" data-type=\"page\" data-id=\"2191\"><\/a><a href=\"https:\/\/medicaltravel.at\/tr\/hasta-hikayeleri\/goerues-raporlari-2012\/noeli-biraz-farkli-yasamak-21-ocak-2013-pazartesi-tarihli-rapor\/\" data-type=\"link\" data-id=\"https:\/\/medicaltravel.at\/tr\/hasta-hikayeleri\/goerues-raporlari-2012\/noeli-biraz-farkli-yasamak-21-ocak-2013-pazartesi-tarihli-rapor\/\">\u00d6nceki Rapor<\/a><\/p>\n\n\n\n<p class=\"has-text-align-right wp-container-content-5e2576f9\"><a href=\"https:\/\/medicaltravel.at\/home\/impressum\/\" data-type=\"page\" data-id=\"2193\"><\/a><a href=\"https:\/\/medicaltravel.at\/home\/berichte-von-patienten\/erfahrungsberichte\/erfahrungsbericht-zahnbehandlung-in-istanbul\/\" data-type=\"page\" data-id=\"981\"><\/a><a href=\"https:\/\/medicaltravel.at\/tr\/hasta-hikayeleri\/goerues-raporlari-2012\/istanbulda-supracor-ile-yaptirdigim-lazer-tedavisi-deneyim-raporu-19-aralik-2012-carsamba-tarihli-rapor\/\" data-type=\"link\" data-id=\"https:\/\/medicaltravel.at\/berichte-von-patienten\/erfahrungsberichte-2012\/erfahrungsbericht-zu-meiner-laserbehandlung-mit-supracor-in-istanbul-bericht-vom-mittwoch-19-dezember-2012\/\">Sonraki Rapor<\/a><\/p>\n<\/div>\n","protected":false},"excerpt":{"rendered":"<p>En y\u00fcksek kalite ve hizmet standard\u0131 \u2013 15 Ocak 2013 Sal\u0131 Tarihli Rapor Sonbahar 2011\u2019de tan\u0131d\u0131\u011f\u0131m bir \u0130svi\u00e7reli \u0130stanbul\u2019da g\u00f6zlerini lazerlettirdi ve sonu\u00e7tan \u00e7ok memnun kald\u0131. \u00c7e\u015fitli sebeplerden, \u00f6zellikle de rahatl\u0131k a\u00e7\u0131s\u0131ndan, ben de (31 ya\u015f\u0131nda) lens ve g\u00f6zl\u00fck olmadan ya\u015famak istedim. Her ne kadar b\u00fcy\u00fck bir d\u00fczeltme ihtiyac\u0131m olmasa da (-1,25 ve -2,25) lens ve g\u00f6zl\u00fckten s\u0131k\u0131lm\u0131\u015ft\u0131m. Z\u00fcrih\u2019teki g\u00f6z doktoruma gittim ve k\u0131sa bir \u00f6n muayenenin ard\u0131ndan lazer i\u00e7in onay verdi. Daha \u00f6nce s\u00f6yledi\u011fim gibi \u0130svi\u00e7re\u2019de ameliyat \u00e7ok pahal\u0131 oldu\u011fu i\u00e7in bana yurt d\u0131\u015f\u0131ndaki \u00e7ok iyi sonu\u00e7lar veren ve \u00f6nerilen baz\u0131 adresler verdi. Bunlar aras\u0131nda Swisslasik de vard\u0131. Swisslasik ile ileti\u015fim o kadar h\u0131zl\u0131 ve sorunsuz oldu ki hemen ameliyat i\u00e7in kayd\u0131m\u0131 yapt\u0131rd\u0131m. U\u00e7ak biletini kendim ayarlad\u0131m, ama Swisslasik \u00fczerinden alsam neredeyse ayn\u0131 fiyat olacakt\u0131. Di\u011fer her \u015fey, havaalan\u0131ndan otele ve d\u00f6n\u00fc\u015f transferi dahil, Swisslasik taraf\u0131ndan organize edildi. Per\u015fembe ak\u015fam\u0131 \u0130stanbul\u2019a u\u00e7tuk. Ben ve refakat\u00e7im havaalan\u0131nda bir \u015fof\u00f6r taraf\u0131ndan kar\u015f\u0131lan\u0131p otele g\u00f6t\u00fcr\u00fcld\u00fck. Cuma sabah\u0131 erken saatlerde otelden al\u0131nd\u0131k ve klini\u011fe g\u00f6t\u00fcr\u00fcld\u00fck. Klinikte, hem rehberimiz hem de terc\u00fcman\u0131m\u0131z olan bir g\u00f6revli bizi kar\u015f\u0131lad\u0131. \u00d6nce t\u00fcm testler yap\u0131ld\u0131, sonra \u00f6\u011fleden \u00f6nce serbest zaman\u0131m\u0131z oldu. Partnerimle yak\u0131ndaki bir al\u0131\u015fveri\u015f merkezine taksiyle gittik, rahat\u00e7a \u00f6\u011fle yeme\u011fi yedik ve dola\u015ft\u0131k. Al\u0131\u015fveri\u015f yapmad\u0131k \u00e7\u00fcnk\u00fc bu l\u00fcks merkezin fiyatlar\u0131 \u0130svi\u00e7re ile neredeyse ayn\u0131yd\u0131. Genel olarak, bu g\u00fcnlerde bekledi\u011fimiz kadar ucuz ya\u015famad\u0131k, \u0130stanbul art\u0131k bat\u0131dan \u00e7ok uzak de\u011fil, f\u0131rsat bulmak zor \u2013 belki de yanl\u0131\u015f yerdeydik. Saat 15:00\u2019te tekrar klini\u011fe d\u00f6nd\u00fck. Benimle birlikte 4 \u0130svi\u00e7reli hasta daha vard\u0131. Biz be\u015fimiz s\u0131rayla lazer ameliyat\u0131 olduk. Ameliyat asl\u0131nda \u00e7ok basit! Tahmini 5-10 dakika s\u00fcrd\u00fc. Ve ameliyattan hemen sonra normal g\u00f6rebiliyordum! Bu his harikayd\u0131! Hepimize 24 saat takmam\u0131z gereken bir t\u00fcr kayak g\u00f6zl\u00fc\u011f\u00fc verildi. Ben ilk iki gece de g\u00f6zl\u00fc\u011f\u00fc takt\u0131m, \u00e7\u00fcnk\u00fc bir kez g\u00f6z\u00fcm\u00fc ka\u015f\u0131d\u0131\u011f\u0131m i\u00e7in uyanm\u0131\u015ft\u0131m. T\u00fcm ameliyatlar bitince \u015fof\u00f6r bizi otele geri g\u00f6t\u00fcrd\u00fc. Bu yolculuk biraz zor oldu, \u00e7\u00fcnk\u00fc g\u00f6zlerim ka\u015f\u0131n\u0131yor, yan\u0131yor, hem kuru hem de nemli hissediyordu. Neyse ki yan\u0131mda a\u011fr\u0131 kesici vard\u0131 ve partnerim yolumu bulmama yard\u0131m etti (g\u00f6zlerimi kapal\u0131 tutuyordum, b\u00f6ylece dayan\u0131lmaz olan biraz daha katlan\u0131l\u0131r oldu). Saat 21:00\u2019de a\u011fr\u0131lar biraz azald\u0131 ve derin bir uykuya dald\u0131m. Ertesi sabah saat 7:00\u2019de \u015fof\u00f6r geldi ve kontrole klini\u011fe gittik. \u00d6nceki g\u00fcn tan\u0131\u015ft\u0131\u011f\u0131m t\u00fcm \u0130svi\u00e7relilerle tekrar kar\u015f\u0131la\u015ft\u0131m. Deneyimlerini dinlemek ilgin\u00e7ti! Ama hepsi \u00e7ok net g\u00f6rebiliyordu, \u00e7ok mutluydu ve hepsi tekrar yapt\u0131r\u0131rd\u0131. Kontrol sonucunda herkesin g\u00f6rme keskinli\u011fi en az %100\u2019d\u00fc ve g\u00f6z damlalar\u0131n\u0131 ald\u0131k. Partnerimle pazara kadar \u0130stanbul\u2019da kald\u0131k ve \u015fehri gezdik. Bize g\u00f6re biraz h\u0131zl\u0131 ve g\u00fcnl\u00fck trafik s\u0131k\u0131\u015f\u0131kt\u0131. Ama Bo\u011faz turu gece \u00e7ok romantikti. 7 g\u00fcn sonra \u0130svi\u00e7re\u2019de g\u00f6z doktoruma kontrole gittim ve lazerden \u00e7ok etkilendi. \u00c7ok iyi bir i\u015f \u00e7\u0131karm\u0131\u015fs\u0131n\u0131z dedi. Belgeleri de yan\u0131mda g\u00f6t\u00fcrd\u00fcm (\u0130stanbul\u2019daki klinikten sormam gerekti). Doktorun yorumu: Daha iyi yap\u0131lamazd\u0131! Maalesef ameliyattan 5 g\u00fcn sonra bilgisayarda \u00e7al\u0131\u015fmak zorunda kald\u0131m, bu ilk hafta i\u00e7in \u00e7ok rahat de\u011fildi. G\u00f6zlerim \u00e7ok h\u0131zl\u0131 yoruluyor ve ba\u015f\u0131m a\u011fr\u0131yordu. \u015eimdi, 3 ay sonra, h\u00e2l\u00e2 \u00e7ok memnunum! Ba\u015fta karanl\u0131kta (\u00f6r. LED \u0131\u015f\u0131klar\u0131nda) bulan\u0131kl\u0131k \u00e7o\u011funlukla ge\u00e7ti. Ve lens kaybetmeden internette gezmek, sabah ve ak\u015fam lenslerle u\u011fra\u015fmamak \u00e7ok g\u00fczel. Komik olan, ak\u015fam birka\u00e7 kez banyoya gidip lenslerimi \u00e7\u0131karacakm\u0131\u015f\u0131m gibi hissetmemdi \u2013 ama art\u0131k lensim yoktu \ud83d\ude42 Swisslasik\u2019i organizat\u00f6r ve arac\u0131lar olarak kesinlikle tavsiye ederim, hizmet \u0130svi\u00e7re\u2019de bekledi\u011fimizden \u00e7ok daha iyiydi! Ac\u0131badem Klinik ise uluslararas\u0131 en y\u00fcksek d\u00fczeyde ve en kaliteli t\u0131bbi hizmet sunuyor. St\u00e9phanie Eugster \u00d6nceki Rapor Sonraki Rapor<\/p>\n","protected":false},"author":4,"featured_media":0,"parent":4505,"menu_order":0,"comment_status":"closed","ping_status":"closed","template":"","meta":{"_joinchat":[],"footnotes":""},"class_list":["post-4563","page","type-page","status-publish","hentry"],"acf":[],"_links":{"self":[{"href":"https:\/\/medicaltravel.at\/tr\/wp-json\/wp\/v2\/pages\/4563","targetHints":{"allow":["GET"]}}],"collection":[{"href":"https:\/\/medicaltravel.at\/tr\/wp-json\/wp\/v2\/pages"}],"about":[{"href":"https:\/\/medicaltravel.at\/tr\/wp-json\/wp\/v2\/types\/page"}],"author":[{"embeddable":true,"href":"https:\/\/medicaltravel.at\/tr\/wp-json\/wp\/v2\/users\/4"}],"replies":[{"embeddable":true,"href":"https:\/\/medicaltravel.at\/tr\/wp-json\/wp\/v2\/comments?post=4563"}],"version-history":[{"count":2,"href":"https:\/\/medicaltravel.at\/tr\/wp-json\/wp\/v2\/pages\/4563\/revisions"}],"predecessor-version":[{"id":5780,"href":"https:\/\/medicaltravel.at\/tr\/wp-json\/wp\/v2\/pages\/4563\/revisions\/5780"}],"up":[{"embeddable":true,"href":"https:\/\/medicaltravel.at\/tr\/wp-json\/wp\/v2\/pages\/4505"}],"wp:attachment":[{"href":"https:\/\/medicaltravel.at\/tr\/wp-json\/wp\/v2\/media?parent=4563"}],"curies":[{"name":"wp","href":"https:\/\/api.w.org\/{rel}","templated":true}]}}