{"id":4561,"date":"2025-09-28T09:27:17","date_gmt":"2025-09-28T08:27:17","guid":{"rendered":"https:\/\/medicaltravel.at\/hasta-hikayeleri\/goerues-raporlari-2012\/istanbulda-femto-lasik-tedavisi-benim-deneyimim-14-kasim-2012-carsamba-tarihli-rapor\/"},"modified":"2026-01-13T15:00:38","modified_gmt":"2026-01-13T14:00:38","slug":"istanbulda-femto-lasik-tedavisi-benim-deneyimim-14-kasim-2012-carsamba-tarihli-rapor","status":"publish","type":"page","link":"https:\/\/medicaltravel.at\/tr\/hasta-hikayeleri\/goerues-raporlari-2012\/istanbulda-femto-lasik-tedavisi-benim-deneyimim-14-kasim-2012-carsamba-tarihli-rapor\/","title":{"rendered":"\u0130stanbul\u2019da Femto LASIK tedavisi \u2013 Benim deneyimim \u2013 14 Kas\u0131m 2012 \u00c7ar\u015famba Tarihli Rapor"},"content":{"rendered":"\n<p><strong>\u0130stanbul\u2019da Femto LASIK tedavisi \u2013 Benim deneyimim<\/strong> \u2013 14 Kas\u0131m 2012 \u00c7ar\u015famba Tarihli Rapor<\/p>\n\n<p>T\u00fcrkiye\u2019de lazer tedavisi hakk\u0131nda \u00e7ok \u015fey duydum. Bu y\u00fczden internette ara\u015ft\u0131rma yapt\u0131m ve Swisslasik ile kar\u015f\u0131la\u015ft\u0131m. Sonra St. Gallen sa\u011fl\u0131k fuar\u0131nda Bay Karaagacli ile tan\u0131\u015ft\u0131m. Bize her \u015feyi ayr\u0131nt\u0131l\u0131 olarak anlatt\u0131. Bu s\u0131rada iyi bir arkada\u015f\u0131m g\u00f6zlerini \u0130svi\u00e7re\u2019de lazerlettirdi. Ben de burada \u0130svi\u00e7re\u2019de yapt\u0131r\u0131p yapt\u0131ramayaca\u011f\u0131m\u0131 ve maliyetini ara\u015ft\u0131rd\u0131m. Sonradan do\u011fru olan\u0131n \u0130svi\u00e7re\u2019de yapt\u0131rmamak oldu\u011funu fark ettim. T\u00fcrkiye\u2019deki fiyat\u0131n \u00fc\u00e7 kat\u0131 ve arkada\u015f\u0131m lazer ameliyat\u0131ndan 10 ay sonra h\u00e2l\u00e2 memnun de\u011fil.<br\/><br\/>\u015eunu rahatl\u0131kla s\u00f6yleyebilirim ki T\u00fcrkiye\u2019deki kal\u0131\u015f\u0131m k\u0131sa ve a\u011fr\u0131s\u0131z ge\u00e7ti. G\u00f6zlerimde -7,5 diyoptri vard\u0131. Her g\u00fcn g\u00fcnl\u00fck lens tak\u0131yordum. G\u00f6zl\u00fck takt\u0131\u011f\u0131mda g\u00f6zlerim \u00e7ok k\u00fc\u00e7\u00fck g\u00f6r\u00fcn\u00fcyordu. Kendime ya \u015fimdi ya hi\u00e7 diye d\u00fc\u015f\u00fcnd\u00fcm. 31 ya\u015f\u0131nday\u0131m ve neredeyse yar\u0131 g\u00f6rme kayb\u0131 ya\u015f\u0131yordum. Bu kabul edilemezdi. \u0130stanbul\u2019da g\u00f6zlerimi lazerle tedavi ettirmek hayat\u0131mdaki en iyi kararlardan biriydi. Ameliyat a\u011fr\u0131s\u0131z ge\u00e7ti ve sonras\u0131 yakla\u015f\u0131k 4 saat boyunca g\u00f6zlerim ya\u015fard\u0131 ve her \u015fey \u00e7ok parlakt\u0131. Otelde yakla\u015f\u0131k 3 saat uyudum, sonra yemek yedik. Ertesi g\u00fcn \u0130stanbul\u2019daki k\u00fclt\u00fcr\u00fc gezip g\u00f6rd\u00fck. \u00c7ok te\u015fekk\u00fcr ederim.<\/p>\n\n<div class=\"wp-block-group is-layout-grid wp-container-core-group-is-layout-baef362d wp-block-group-is-layout-grid\">\n<p><a href=\"https:\/\/medicaltravel.at\/home\/agb\/\" data-type=\"page\" data-id=\"2191\"><\/a><a href=\"https:\/\/medicaltravel.at\/tr\/hasta-hikayeleri\/goerues-raporlari-2012\/istanbulda-supracor-ile-yaptirdigim-lazer-tedavisi-deneyim-raporu-19-aralik-2012-carsamba-tarihli-rapor\/\" data-type=\"link\" data-id=\"https:\/\/medicaltravel.at\/berichte-von-patienten\/erfahrungsberichte-2012\/erfahrungsbericht-zu-meiner-laserbehandlung-mit-supracor-in-istanbul-bericht-vom-mittwoch-19-dezember-2012\/\">\u00d6nceki Rapor<\/a><\/p>\n\n\n\n<p class=\"has-text-align-right wp-container-content-5e2576f9\"><a href=\"https:\/\/medicaltravel.at\/home\/impressum\/\" data-type=\"page\" data-id=\"2193\"><\/a><a href=\"https:\/\/medicaltravel.at\/home\/berichte-von-patienten\/erfahrungsberichte\/erfahrungsbericht-zahnbehandlung-in-istanbul\/\" data-type=\"page\" data-id=\"981\"><\/a><a href=\"https:\/\/medicaltravel.at\/tr\/hasta-hikayeleri\/goerues-raporlari-2012\/bakim-organizasyon-harika-hastane-ve-tabii-ki-fiyat-06-kasim-2012-sali-tarihli-rapor\/\" data-type=\"link\" data-id=\"https:\/\/medicaltravel.at\/berichte-von-patienten\/erfahrungsberichte-2012\/betreuung-organisation-sensationelles-spital-und-natuerlich-der-preis-bericht-vom-dienstag-06-november-2012\/\">Sonraki Rapor<\/a><\/p>\n<\/div>\n","protected":false},"excerpt":{"rendered":"<p>\u0130stanbul\u2019da Femto LASIK tedavisi \u2013 Benim deneyimim \u2013 14 Kas\u0131m 2012 \u00c7ar\u015famba Tarihli Rapor T\u00fcrkiye\u2019de lazer tedavisi hakk\u0131nda \u00e7ok \u015fey duydum. Bu y\u00fczden internette ara\u015ft\u0131rma yapt\u0131m ve Swisslasik ile kar\u015f\u0131la\u015ft\u0131m. Sonra St. Gallen sa\u011fl\u0131k fuar\u0131nda Bay Karaagacli ile tan\u0131\u015ft\u0131m. Bize her \u015feyi ayr\u0131nt\u0131l\u0131 olarak anlatt\u0131. Bu s\u0131rada iyi bir arkada\u015f\u0131m g\u00f6zlerini \u0130svi\u00e7re\u2019de lazerlettirdi. Ben de burada \u0130svi\u00e7re\u2019de yapt\u0131r\u0131p yapt\u0131ramayaca\u011f\u0131m\u0131 ve maliyetini ara\u015ft\u0131rd\u0131m. Sonradan do\u011fru olan\u0131n \u0130svi\u00e7re\u2019de yapt\u0131rmamak oldu\u011funu fark ettim. T\u00fcrkiye\u2019deki fiyat\u0131n \u00fc\u00e7 kat\u0131 ve arkada\u015f\u0131m lazer ameliyat\u0131ndan 10 ay sonra h\u00e2l\u00e2 memnun de\u011fil. \u015eunu rahatl\u0131kla s\u00f6yleyebilirim ki T\u00fcrkiye\u2019deki kal\u0131\u015f\u0131m k\u0131sa ve a\u011fr\u0131s\u0131z ge\u00e7ti. G\u00f6zlerimde -7,5 diyoptri vard\u0131. Her g\u00fcn g\u00fcnl\u00fck lens tak\u0131yordum. G\u00f6zl\u00fck takt\u0131\u011f\u0131mda g\u00f6zlerim \u00e7ok k\u00fc\u00e7\u00fck g\u00f6r\u00fcn\u00fcyordu. Kendime ya \u015fimdi ya hi\u00e7 diye d\u00fc\u015f\u00fcnd\u00fcm. 31 ya\u015f\u0131nday\u0131m ve neredeyse yar\u0131 g\u00f6rme kayb\u0131 ya\u015f\u0131yordum. Bu kabul edilemezdi. \u0130stanbul\u2019da g\u00f6zlerimi lazerle tedavi ettirmek hayat\u0131mdaki en iyi kararlardan biriydi. Ameliyat a\u011fr\u0131s\u0131z ge\u00e7ti ve sonras\u0131 yakla\u015f\u0131k 4 saat boyunca g\u00f6zlerim ya\u015fard\u0131 ve her \u015fey \u00e7ok parlakt\u0131. Otelde yakla\u015f\u0131k 3 saat uyudum, sonra yemek yedik. Ertesi g\u00fcn \u0130stanbul\u2019daki k\u00fclt\u00fcr\u00fc gezip g\u00f6rd\u00fck. \u00c7ok te\u015fekk\u00fcr ederim. \u00d6nceki Rapor Sonraki Rapor<\/p>\n","protected":false},"author":4,"featured_media":0,"parent":4505,"menu_order":0,"comment_status":"closed","ping_status":"closed","template":"","meta":{"_joinchat":[],"footnotes":""},"class_list":["post-4561","page","type-page","status-publish","hentry"],"acf":[],"_links":{"self":[{"href":"https:\/\/medicaltravel.at\/tr\/wp-json\/wp\/v2\/pages\/4561","targetHints":{"allow":["GET"]}}],"collection":[{"href":"https:\/\/medicaltravel.at\/tr\/wp-json\/wp\/v2\/pages"}],"about":[{"href":"https:\/\/medicaltravel.at\/tr\/wp-json\/wp\/v2\/types\/page"}],"author":[{"embeddable":true,"href":"https:\/\/medicaltravel.at\/tr\/wp-json\/wp\/v2\/users\/4"}],"replies":[{"embeddable":true,"href":"https:\/\/medicaltravel.at\/tr\/wp-json\/wp\/v2\/comments?post=4561"}],"version-history":[{"count":1,"href":"https:\/\/medicaltravel.at\/tr\/wp-json\/wp\/v2\/pages\/4561\/revisions"}],"predecessor-version":[{"id":4562,"href":"https:\/\/medicaltravel.at\/tr\/wp-json\/wp\/v2\/pages\/4561\/revisions\/4562"}],"up":[{"embeddable":true,"href":"https:\/\/medicaltravel.at\/tr\/wp-json\/wp\/v2\/pages\/4505"}],"wp:attachment":[{"href":"https:\/\/medicaltravel.at\/tr\/wp-json\/wp\/v2\/media?parent=4561"}],"curies":[{"name":"wp","href":"https:\/\/api.w.org\/{rel}","templated":true}]}}