{"id":4559,"date":"2025-09-28T09:26:49","date_gmt":"2025-09-28T08:26:49","guid":{"rendered":"https:\/\/medicaltravel.at\/hasta-hikayeleri\/goerues-raporlari-2012\/istanbulda-supracor-ile-yaptirdigim-lazer-tedavisi-deneyim-raporu-19-aralik-2012-carsamba-tarihli-rapor\/"},"modified":"2026-01-13T15:00:00","modified_gmt":"2026-01-13T14:00:00","slug":"istanbulda-supracor-ile-yaptirdigim-lazer-tedavisi-deneyim-raporu-19-aralik-2012-carsamba-tarihli-rapor","status":"publish","type":"page","link":"https:\/\/medicaltravel.at\/tr\/hasta-hikayeleri\/goerues-raporlari-2012\/istanbulda-supracor-ile-yaptirdigim-lazer-tedavisi-deneyim-raporu-19-aralik-2012-carsamba-tarihli-rapor\/","title":{"rendered":"\u0130stanbul\u2019da Supracor ile yapt\u0131rd\u0131\u011f\u0131m lazer tedavisi deneyim raporu \u2013 19 Aral\u0131k 2012 \u00c7ar\u015famba Tarihli Rapor"},"content":{"rendered":"\n<p><strong>\u0130stanbul\u2019da Supracor ile yapt\u0131rd\u0131\u011f\u0131m lazer tedavisi deneyim raporu<\/strong> \u2013 19 Aral\u0131k 2012 \u00c7ar\u015famba Tarihli Rapor<\/p>\n\n\n\n<p>22-25 Ekim 2012 tarihleri aras\u0131nda \u0130stanbul&#8217;da bir lazer tedavisi yapt\u0131rmak i\u00e7in bulundum. S\u00fcrekli olarak okurken g\u00f6zl\u00fck kullanmam gerekti\u011fi ger\u00e7e\u011fi ve bir arkada\u015f\u0131m\u0131n olumlu deneyimi beni bu ad\u0131m\u0131 atmaya te\u015fvik etti. Z\u00fcrih tatil fuar\u0131nda ve internette SwissLasik\u2019in teklifleri dikkatimi \u00e7ekti. Z\u00fcrih\u2019te yap\u0131lan \u00f6n muayeneden sonra tedavi i\u00e7in \u0130stanbul\u2019a gitmeye karar verdim. Seyahat organizasyonu ve randevu planlamas\u0131 \u00e7ok profesyonel ve h\u0131zl\u0131yd\u0131.<br><br>SwissLasik pasaportu \u00e7ok faydal\u0131yd\u0131, hem check-in s\u0131ras\u0131nda hem de seyahat \u00f6ncesinde hastane randevular\u0131, kontroller ve \u0130stanbul\u2019da gezilecek yerler gibi \u00f6nemli noktalar\u0131 \u00f6nceden d\u00fc\u015f\u00fcnebilmemi sa\u011flad\u0131.<br><br>\u00c7ok rahat bir u\u00e7u\u015fun ard\u0131ndan Pazartesi \u00f6\u011fleden sonra \u0130stanbul\u2019a vard\u0131m. Otel Levent\u2019e transfer edildim, otel \u00e7ok temiz ve gerekli konforla donat\u0131lm\u0131\u015f bir yerdi. Ertesi g\u00fcn zaman\u0131nda otelden al\u0131nd\u0131m ve Ac\u0131badem Hastanesi\u2019nde Almanca konu\u015fan g\u00f6revlim beni bekliyordu. Sabah boyunca \u00e7e\u015fitli, benim i\u00e7in olduk\u00e7a detayl\u0131 muayeneler yap\u0131ld\u0131, hep terc\u00fcman\u0131m e\u015fli\u011finde. Muayeneler bittikten sonra ameliyat\u0131 yapacak doktorla g\u00f6r\u00fc\u015ft\u00fcm, bana g\u00f6z\u00fc farkl\u0131 \u015fekilde lazerleyen nispeten yeni Supracor y\u00f6ntemini (yak\u0131n ve uzak g\u00f6r\u00fc\u015f i\u00e7in) uygulamay\u0131 \u00f6nerdi. Daha \u00f6nce bu y\u00f6ntemden haberdard\u0131m ve doktor g\u00f6zlerimin uygun oldu\u011funu s\u00f6yledi\u011finde bu i\u015flemi yapt\u0131rmaya karar verdim.<br><br>Ayn\u0131 g\u00fcn \u00f6\u011fleden sonra g\u00f6zlerim lazerle tedavi edildi, i\u015flem her iki g\u00f6z i\u00e7in yakla\u015f\u0131k 7 dakika s\u00fcrd\u00fc ve hi\u00e7 a\u011fr\u0131 hissetmedim, bu \u00e7ok \u015fa\u015f\u0131rt\u0131c\u0131yd\u0131. Ameliyat sonras\u0131 koruyucu g\u00f6zl\u00fck verildi ve damlalarla birlikte kullan\u0131m\u0131 hem s\u00f6zl\u00fc hem yaz\u0131l\u0131 olarak a\u00e7\u0131kland\u0131. Daha sonra otele transfer edildim ve birka\u00e7 saat dinlenip g\u00f6zlerimi karanl\u0131\u011fa ald\u0131rmam istendi. Ak\u015fam ise g\u00fcne\u015f g\u00f6zl\u00fc\u011f\u00fcyle otelden \u00e7\u0131kabildim ve biraz y\u00fcr\u00fcy\u00fc\u015f yapt\u0131m.<br><br>\u00c7ar\u015famba sabah\u0131 kahvalt\u0131dan sonra otelden al\u0131nd\u0131m ve kontrole gittim, \u00e7ok iyi hissettim \u00e7\u00fcnk\u00fc \u00e7ok iyi uyumu\u015f ve g\u00f6rme keskinli\u011fim zaten artm\u0131\u015ft\u0131. Ac\u0131badem G\u00f6z Klini\u011fi\u2019nde tekrar g\u00f6revlim beni kar\u015f\u0131lad\u0131, detayl\u0131 bir kontrol yap\u0131ld\u0131 ve hi\u00e7bir sorun g\u00f6r\u00fclmedi. \u00d6\u011fleye do\u011fru tekrar otele g\u00f6t\u00fcr\u00fcld\u00fcm ve k\u0131sa bir dinlenmenin ard\u0131ndan \u015fehir turu yapt\u0131m, al\u0131\u015fveri\u015f yapt\u0131m ve \u0130stanbul\u2019un en y\u00fcksek binas\u0131 Blue Sapphire\u2019i ziyaret ettim. G\u00f6rme keskinli\u011findeki h\u0131zl\u0131 iyile\u015fme ve hi\u00e7bir a\u011fr\u0131 hissetmemek ger\u00e7ekten \u015fa\u015f\u0131rt\u0131c\u0131yd\u0131.<br><br>Per\u015fembe \u00f6\u011fle saatlerinde otelden al\u0131nd\u0131m ve havaalan\u0131na transfer edildim, d\u00f6n\u00fc\u015f yolculu\u011fu ba\u015flad\u0131. Benim i\u00e7in \u015fa\u015f\u0131rt\u0131c\u0131 olan bir di\u011fer durum, \u0130stanbul\u2019daki yo\u011fun trafik olmas\u0131na ra\u011fmen otel sonras\u0131 t\u00fcm transferlerin neredeyse zaman\u0131nda yap\u0131lmas\u0131yd\u0131. \u00c7ok h\u0131zl\u0131 bir check-in\u2019in ard\u0131ndan evime u\u00e7tum, gidi\u015f yolunda oldu\u011fu gibi konforlu ve g\u00fcler y\u00fczl\u00fc personelle.<br><br>Sonu\u00e7 olarak benim i\u00e7in deneyim \u00e7ok olumlu oldu ve SwissLasik\u2019i kesinlikle tavsiye edebilirim, Supracor y\u00f6ntemi benim i\u00e7in \u00e7ok iyi sonu\u00e7 verdi ve doktorlar ile t\u00fcm hastane personeli \u00e7ok iyi bir izlenim b\u0131rakt\u0131. Terc\u00fcman sayesinde hastanedeki destek eksiksizdi, hatta tedavi s\u0131ras\u0131nda bile yan\u0131mdayd\u0131.<br><br>Martin Waser<br>Tannstrasse 2<br>8307 Effretikon<\/p>\n\n\n\n<div class=\"wp-block-group is-layout-grid wp-container-core-group-is-layout-baef362d wp-block-group-is-layout-grid\">\n<p><a href=\"https:\/\/medicaltravel.at\/home\/agb\/\" data-type=\"page\" data-id=\"2191\"><\/a><a href=\"https:\/\/medicaltravel.at\/tr\/hasta-hikayeleri\/goerues-raporlari-2012\/en-yueksek-kalite-ve-hizmet-standardi-15-ocak-2013-sali-tarihli-rapor\/\" data-type=\"link\" data-id=\"https:\/\/medicaltravel.at\/tr\/hasta-hikayeleri\/goerues-raporlari-2012\/en-yueksek-kalite-ve-hizmet-standardi-15-ocak-2013-sali-tarihli-rapor\/\">\u00d6nceki Rapor<\/a><\/p>\n\n\n\n<p class=\"has-text-align-right wp-container-content-5e2576f9\"><a href=\"https:\/\/medicaltravel.at\/home\/impressum\/\" data-type=\"page\" data-id=\"2193\"><\/a><a href=\"https:\/\/medicaltravel.at\/home\/berichte-von-patienten\/erfahrungsberichte\/erfahrungsbericht-zahnbehandlung-in-istanbul\/\" data-type=\"page\" data-id=\"981\"><\/a><a href=\"https:\/\/medicaltravel.at\/tr\/hasta-hikayeleri\/goerues-raporlari-2012\/istanbulda-femto-lasik-tedavisi-benim-deneyimim-14-kasim-2012-carsamba-tarihli-rapor\/\" data-type=\"link\" data-id=\"https:\/\/medicaltravel.at\/tr\/hasta-hikayeleri\/goerues-raporlari-2012\/istanbulda-femto-lasik-tedavisi-benim-deneyimim-14-kasim-2012-carsamba-tarihli-rapor\/\">Sonraki Rapor<\/a><\/p>\n<\/div>\n","protected":false},"excerpt":{"rendered":"<p>\u0130stanbul\u2019da Supracor ile yapt\u0131rd\u0131\u011f\u0131m lazer tedavisi deneyim raporu \u2013 19 Aral\u0131k 2012 \u00c7ar\u015famba Tarihli Rapor 22-25 Ekim 2012 tarihleri aras\u0131nda \u0130stanbul&#8217;da bir lazer tedavisi yapt\u0131rmak i\u00e7in bulundum. S\u00fcrekli olarak okurken g\u00f6zl\u00fck kullanmam gerekti\u011fi ger\u00e7e\u011fi ve bir arkada\u015f\u0131m\u0131n olumlu deneyimi beni bu ad\u0131m\u0131 atmaya te\u015fvik etti. Z\u00fcrih tatil fuar\u0131nda ve internette SwissLasik\u2019in teklifleri dikkatimi \u00e7ekti. Z\u00fcrih\u2019te yap\u0131lan \u00f6n muayeneden sonra tedavi i\u00e7in \u0130stanbul\u2019a gitmeye karar verdim. Seyahat organizasyonu ve randevu planlamas\u0131 \u00e7ok profesyonel ve h\u0131zl\u0131yd\u0131. SwissLasik pasaportu \u00e7ok faydal\u0131yd\u0131, hem check-in s\u0131ras\u0131nda hem de seyahat \u00f6ncesinde hastane randevular\u0131, kontroller ve \u0130stanbul\u2019da gezilecek yerler gibi \u00f6nemli noktalar\u0131 \u00f6nceden d\u00fc\u015f\u00fcnebilmemi sa\u011flad\u0131. \u00c7ok rahat bir u\u00e7u\u015fun ard\u0131ndan Pazartesi \u00f6\u011fleden sonra \u0130stanbul\u2019a vard\u0131m. Otel Levent\u2019e transfer edildim, otel \u00e7ok temiz ve gerekli konforla donat\u0131lm\u0131\u015f bir yerdi. Ertesi g\u00fcn zaman\u0131nda otelden al\u0131nd\u0131m ve Ac\u0131badem Hastanesi\u2019nde Almanca konu\u015fan g\u00f6revlim beni bekliyordu. Sabah boyunca \u00e7e\u015fitli, benim i\u00e7in olduk\u00e7a detayl\u0131 muayeneler yap\u0131ld\u0131, hep terc\u00fcman\u0131m e\u015fli\u011finde. Muayeneler bittikten sonra ameliyat\u0131 yapacak doktorla g\u00f6r\u00fc\u015ft\u00fcm, bana g\u00f6z\u00fc farkl\u0131 \u015fekilde lazerleyen nispeten yeni Supracor y\u00f6ntemini (yak\u0131n ve uzak g\u00f6r\u00fc\u015f i\u00e7in) uygulamay\u0131 \u00f6nerdi. Daha \u00f6nce bu y\u00f6ntemden haberdard\u0131m ve doktor g\u00f6zlerimin uygun oldu\u011funu s\u00f6yledi\u011finde bu i\u015flemi yapt\u0131rmaya karar verdim. Ayn\u0131 g\u00fcn \u00f6\u011fleden sonra g\u00f6zlerim lazerle tedavi edildi, i\u015flem her iki g\u00f6z i\u00e7in yakla\u015f\u0131k 7 dakika s\u00fcrd\u00fc ve hi\u00e7 a\u011fr\u0131 hissetmedim, bu \u00e7ok \u015fa\u015f\u0131rt\u0131c\u0131yd\u0131. Ameliyat sonras\u0131 koruyucu g\u00f6zl\u00fck verildi ve damlalarla birlikte kullan\u0131m\u0131 hem s\u00f6zl\u00fc hem yaz\u0131l\u0131 olarak a\u00e7\u0131kland\u0131. Daha sonra otele transfer edildim ve birka\u00e7 saat dinlenip g\u00f6zlerimi karanl\u0131\u011fa ald\u0131rmam istendi. Ak\u015fam ise g\u00fcne\u015f g\u00f6zl\u00fc\u011f\u00fcyle otelden \u00e7\u0131kabildim ve biraz y\u00fcr\u00fcy\u00fc\u015f yapt\u0131m. \u00c7ar\u015famba sabah\u0131 kahvalt\u0131dan sonra otelden al\u0131nd\u0131m ve kontrole gittim, \u00e7ok iyi hissettim \u00e7\u00fcnk\u00fc \u00e7ok iyi uyumu\u015f ve g\u00f6rme keskinli\u011fim zaten artm\u0131\u015ft\u0131. Ac\u0131badem G\u00f6z Klini\u011fi\u2019nde tekrar g\u00f6revlim beni kar\u015f\u0131lad\u0131, detayl\u0131 bir kontrol yap\u0131ld\u0131 ve hi\u00e7bir sorun g\u00f6r\u00fclmedi. \u00d6\u011fleye do\u011fru tekrar otele g\u00f6t\u00fcr\u00fcld\u00fcm ve k\u0131sa bir dinlenmenin ard\u0131ndan \u015fehir turu yapt\u0131m, al\u0131\u015fveri\u015f yapt\u0131m ve \u0130stanbul\u2019un en y\u00fcksek binas\u0131 Blue Sapphire\u2019i ziyaret ettim. G\u00f6rme keskinli\u011findeki h\u0131zl\u0131 iyile\u015fme ve hi\u00e7bir a\u011fr\u0131 hissetmemek ger\u00e7ekten \u015fa\u015f\u0131rt\u0131c\u0131yd\u0131. Per\u015fembe \u00f6\u011fle saatlerinde otelden al\u0131nd\u0131m ve havaalan\u0131na transfer edildim, d\u00f6n\u00fc\u015f yolculu\u011fu ba\u015flad\u0131. Benim i\u00e7in \u015fa\u015f\u0131rt\u0131c\u0131 olan bir di\u011fer durum, \u0130stanbul\u2019daki yo\u011fun trafik olmas\u0131na ra\u011fmen otel sonras\u0131 t\u00fcm transferlerin neredeyse zaman\u0131nda yap\u0131lmas\u0131yd\u0131. \u00c7ok h\u0131zl\u0131 bir check-in\u2019in ard\u0131ndan evime u\u00e7tum, gidi\u015f yolunda oldu\u011fu gibi konforlu ve g\u00fcler y\u00fczl\u00fc personelle. Sonu\u00e7 olarak benim i\u00e7in deneyim \u00e7ok olumlu oldu ve SwissLasik\u2019i kesinlikle tavsiye edebilirim, Supracor y\u00f6ntemi benim i\u00e7in \u00e7ok iyi sonu\u00e7 verdi ve doktorlar ile t\u00fcm hastane personeli \u00e7ok iyi bir izlenim b\u0131rakt\u0131. Terc\u00fcman sayesinde hastanedeki destek eksiksizdi, hatta tedavi s\u0131ras\u0131nda bile yan\u0131mdayd\u0131. Martin WaserTannstrasse 28307 Effretikon \u00d6nceki Rapor Sonraki Rapor<\/p>\n","protected":false},"author":4,"featured_media":0,"parent":4505,"menu_order":0,"comment_status":"closed","ping_status":"closed","template":"","meta":{"_joinchat":[],"footnotes":""},"class_list":["post-4559","page","type-page","status-publish","hentry"],"acf":[],"_links":{"self":[{"href":"https:\/\/medicaltravel.at\/tr\/wp-json\/wp\/v2\/pages\/4559","targetHints":{"allow":["GET"]}}],"collection":[{"href":"https:\/\/medicaltravel.at\/tr\/wp-json\/wp\/v2\/pages"}],"about":[{"href":"https:\/\/medicaltravel.at\/tr\/wp-json\/wp\/v2\/types\/page"}],"author":[{"embeddable":true,"href":"https:\/\/medicaltravel.at\/tr\/wp-json\/wp\/v2\/users\/4"}],"replies":[{"embeddable":true,"href":"https:\/\/medicaltravel.at\/tr\/wp-json\/wp\/v2\/comments?post=4559"}],"version-history":[{"count":2,"href":"https:\/\/medicaltravel.at\/tr\/wp-json\/wp\/v2\/pages\/4559\/revisions"}],"predecessor-version":[{"id":5781,"href":"https:\/\/medicaltravel.at\/tr\/wp-json\/wp\/v2\/pages\/4559\/revisions\/5781"}],"up":[{"embeddable":true,"href":"https:\/\/medicaltravel.at\/tr\/wp-json\/wp\/v2\/pages\/4505"}],"wp:attachment":[{"href":"https:\/\/medicaltravel.at\/tr\/wp-json\/wp\/v2\/media?parent=4559"}],"curies":[{"name":"wp","href":"https:\/\/api.w.org\/{rel}","templated":true}]}}