{"id":4557,"date":"2025-09-28T09:28:25","date_gmt":"2025-09-28T08:28:25","guid":{"rendered":"https:\/\/medicaltravel.at\/hasta-hikayeleri\/goerues-raporlari-2012\/dita-cecchinin-deneyim-raporu-goez-ameliyati-istanbul-11-09-12-26-ekim-2012-cuma-tarihli-rapor\/"},"modified":"2026-01-13T15:01:39","modified_gmt":"2026-01-13T14:01:39","slug":"dita-cecchinin-deneyim-raporu-goez-ameliyati-istanbul-11-09-12-26-ekim-2012-cuma-tarihli-rapor","status":"publish","type":"page","link":"https:\/\/medicaltravel.at\/tr\/hasta-hikayeleri\/goerues-raporlari-2012\/dita-cecchinin-deneyim-raporu-goez-ameliyati-istanbul-11-09-12-26-ekim-2012-cuma-tarihli-rapor\/","title":{"rendered":"Dita Cecchin\u2019in deneyim raporu (G\u00f6z ameliyat\u0131, \u0130stanbul, 11.09.12) \u2013 26 Ekim 2012 Cuma Tarihli Rapor"},"content":{"rendered":"\n<p><strong>Dita Cecchin\u2019in deneyim raporu (G\u00f6z ameliyat\u0131, \u0130stanbul, 11.09.12)<\/strong> \u2013 26 Ekim 2012 Cuma Tarihli Rapor<\/p>\n\n\n\n<p>Bottighofen, 24 Ekim 2012<\/p>\n\n\n\n<p>Yakla\u015f\u0131k otuz be\u015f y\u0131ld\u0131r g\u00f6zl\u00fck tak\u0131yorum. Gen\u00e7 ya\u015flarda miyopim giderek k\u00f6t\u00fcle\u015fti ve operasyon \u00f6ncesinde 5 ile 5,5 diyoptri aras\u0131ndayd\u0131. <\/p>\n\n\n\n<p>Tabii ki, bir\u00e7ok ya\u015fam durumunda burnumda g\u00f6zl\u00fck olmas\u0131 can s\u0131k\u0131c\u0131yd\u0131, bunu her uzun s\u00fcreli g\u00f6zl\u00fck takan bilir ;-). \u00d6zel durumlarda kontakt lens tak\u0131yordum, ayr\u0131ca kayak yaparken, motosiklet s\u00fcrerken, saunada ve teknede \u2013 \u015fansl\u0131y\u0131m ki Bodensee\u2019de ya\u015f\u0131yorum\u2026 Ne yaz\u0131k ki g\u00f6zlerim \u00e7abuk kuruyordu ve lensleri \u00e7\u0131kar\u0131nca her seferinde \u00e7ok rahatl\u0131yordum. Lensler olmadan adeta k\u00f6r bir fare gibiydim.  <\/p>\n\n\n\n<p>Y\u0131llarca g\u00f6zlerimi lazerle tedavi ettirme hayalleri kurdum, bir g\u00fcn buna cesaret edip \u00f6deyebilece\u011fimi d\u00fc\u015f\u00fcnd\u00fcm. Sadece olas\u0131 komplikasyonlar konusundaki korku vard\u0131. Zaten zay\u0131f olan g\u00f6rme yetimi bir operasyonla riske atmak korkun\u00e7 bir d\u00fc\u015f\u00fcnceydi.  <\/p>\n\n\n\n<p>Birka\u00e7 y\u0131l ge\u00e7ti, t\u0131p bu alanda \u00e7ok ilerledi ve geli\u015fti ve ben de kararl\u0131 bir \u015fekilde internetten ara\u015ft\u0131rmaya ba\u015flad\u0131m. Hem kendi \u00fclkemde, \u00c7ekya\u2019da hem de kom\u015fu Almanya\u2019da. Sonra Swisslasik ile kar\u015f\u0131la\u015ft\u0131m. Web sitelerindeki d\u00fcr\u00fcst ve detayl\u0131 yakla\u015f\u0131m\u0131 ho\u015fuma gitti ve ard\u0131ndan Z\u00fcrih\u2019teki bilgilendirme ak\u015fam\u0131na daveti g\u00f6rd\u00fcm. O anda kafamda netti: bu beni ilgilendiriyor!    <\/p>\n\n\n\n<p>E\u015fim yan\u0131mda oldu\u011fu i\u00e7in bana cesaret verdi ve \u00e7ok ayd\u0131nlat\u0131c\u0131 ve kaliteli bir ak\u015fam ya\u015fad\u0131m. \u015eirket y\u00f6neticisi Bay Karaagacli\u2019nin ve g\u00f6z ameliyat\u0131n\u0131 ayr\u0131nt\u0131l\u0131 bir \u015fekilde anlatan Dr. B. Cosar\u2019\u0131n yetkin ve \u00e7ok nazik tavr\u0131 beni tamamen ikna etti. Buna ek olarak \u00e7ok olumlu bir \u015fey daha vard\u0131: Hi\u00e7bir \u015fekilde bask\u0131 hissetmedim, her \u015fey \u00e7ok rahat ve bilgilendirici ge\u00e7ti. Evet, dedim, burada kendimi iyi hissediyorum! Bu arada, k\u0131sa s\u00fcre sonra bir arkada\u015f\u0131m bana, bir meslekta\u015f\u0131n\u0131n yeni kazand\u0131\u011f\u0131 g\u00f6rme yetene\u011fiyle ne kadar mutlu oldu\u011funu anlatt\u0131\u2026 Swisslasik sayesinde \u0130stanbul\u2019da.    <\/p>\n\n\n\n<p>E\u015fimle sonbaharda T\u00fcrkiye\u2019nin g\u00fcney k\u0131y\u0131s\u0131nda yelken yapmay\u0131 planlad\u0131\u011f\u0131m\u0131z i\u00e7in her \u015feyi pratik bir \u015fekilde birle\u015ftirmeye karar verdim: Bir hafta harika yelken yapmak ve ard\u0131ndan g\u00f6zlerimi lazerle tedavi ettirmek ve tabii ki sonunda \u00fcnl\u00fc \u015fehri ke\u015ffetmek i\u00e7in \u0130stanbul\u2019a u\u00e7mak!<\/p>\n\n\n\n<p>Swisslasik ile ileti\u015fim ba\u015f\u0131ndan beri tamamen sorunsuz ve h\u0131zl\u0131yd\u0131. K\u0131sa s\u00fcre i\u00e7inde istedi\u011fim randevu belirlendi. Seyahatten hemen \u00f6nce \u2013 t\u00fcm hastalar gibi \u2013 benim de t\u00fcm ki\u015fisel bilgilerim, randevular\u0131m ve \u0130stanbul\u2019daki konaklama s\u00fcresince faydal\u0131 ipu\u00e7lar\u0131n\u0131n yer ald\u0131\u011f\u0131 Swisslasik Pasaportumu ald\u0131m. K\u00fc\u00e7\u00fck bir kitap\u00e7\u0131kta ihtiyac\u0131n\u0131z olan ve \u00f6nemli olan her \u015fey vard\u0131. Ne harika! Art\u0131k her \u015fey ba\u015flamaya haz\u0131rd\u0131.     <\/p>\n\n\n\n<p>Ger\u00e7ekten harika ge\u00e7en yelken turunun ard\u0131ndan \u0130stanbul\u2019a vard\u0131\u011f\u0131mda, ilk g\u00fcn gelecekteki refakat\u00e7im ve terc\u00fcman\u0131m Tolga beni arad\u0131. Beni kar\u015f\u0131lad\u0131 ve operasyon \u00f6ncesi halimi hat\u0131r\u0131m\u0131 sordu. \u00c7ok nazikti. Otelimizi biz kendimiz ayarlad\u0131k \u00e7\u00fcnk\u00fc di\u011fer yelken arkada\u015flar\u0131m\u0131z da vard\u0131. Otel Nena\u2019y\u0131 se\u00e7tik, tarihi \u015fehir merkezinde bulunuyor. \u00c7ok tavsiye edilir. (Kahvalt\u0131 teras\u0131ndan muhte\u015fem manzara unutulmaz.)      <\/p>\n\n\n\n<p>Ertesi g\u00fcn, sabah tam 7\u2019de klinik arac\u0131yla tam zaman\u0131nda al\u0131nd\u0131m. Var\u0131r varmaz, modern, son derece bak\u0131ml\u0131 ve \u00e7ok temiz klini\u011fe hayran kald\u0131m! Bu kadar y\u00fcksek bir standard beklemiyordum. \u00c7ok iyi bir his.   <\/p>\n\n\n\n<p>B\u00fcy\u00fck \u00f6n muayeneyi \u0130svi\u00e7re\u2019de yapt\u0131rmad\u0131m, \u00e7\u00fcnk\u00fc g\u00f6z doktorum bir s\u00fcre \u00f6nce g\u00f6zlerimin lazer operasyonuna uygun oldu\u011funu s\u00f6ylemi\u015fti \u2013 ve neyse ki Ac\u0131badem Klini\u011fi\u2019ndeki \u00f6n muayenede de bu do\u011fruland\u0131. Terc\u00fcman\u0131m Bay Tolga, beni fuayede kar\u015f\u0131lad\u0131ktan sonra ger\u00e7ekten t\u00fcm s\u00fcre boyunca yan\u0131mda oldu. \u00c7ok nazik bir insan ve h\u0131zl\u0131 bir organizat\u00f6r, yabanc\u0131 bir ortamda bana \u00e7ok huzur ve g\u00fcven verdi.  <\/p>\n\n\n\n<p>\u015eansl\u0131yd\u0131m ki t\u00fcm de\u011ferlerim iyiydi ve ayn\u0131 g\u00fcn, \u00f6\u011fle saatlerinde bile operasyon yap\u0131labildi. Z\u00fcrih\u2019teki bilgilendirme toplant\u0131s\u0131ndan tan\u0131d\u0131\u011f\u0131m Dr. Banu Cosar taraf\u0131ndan ameliyat edildi\u011fim i\u00e7in \u00e7ok rahat kald\u0131m. Onun pozitif ve samimi tavr\u0131 bana zaten \u00e7ok iyi gelmi\u015fti. \u00d6ncesinde her \u015fey \u00e7ok detayl\u0131 bir \u015fekilde a\u00e7\u0131kland\u0131 ve ihtiya\u00e7 duyulursa \u0130ngilizce\u2019den Almanca\u2019ya \u00e7evrildi. Ba\u015flamadan \u00f6nce k\u00fc\u00e7\u00fck, modern ve tamamen temiz ameliyathaneyi bile gezdim. Enjeksiyon olmadan, sadece damlalarla g\u00f6zler lokal olarak uyu\u015fturuldu.     <\/p>\n\n\n\n<p>Ameliyat \u00e7ok h\u0131zl\u0131 ge\u00e7ti (toplamda yakla\u015f\u0131k \u00e7eyrek saat) ve t\u00fcm ameliyathane ekibinin profesyonel ve hassas \u00e7al\u0131\u015fmas\u0131n\u0131 deneyimledim. G\u00f6z kapa\u011f\u0131 tutucusunun tak\u0131lmas\u0131 d\u00fc\u015f\u00fcnd\u00fc\u011f\u00fcm kadar rahats\u0131z edici de\u011fildi. Burada da, ameliyat masas\u0131 yan\u0131nda duran refakat\u00e7imin verdi\u011fi talimatlar \u00e7ok faydal\u0131 oldu. Her bir g\u00f6z i\u00e7in lazer uygulamas\u0131 inan\u0131lmaz k\u0131sa s\u00fcrd\u00fc: tahminen yirmi saniye kadar. Bu \u00e7ok rahat dayan\u0131labilir bir s\u00fcre! Hi\u00e7 ac\u0131 yok, sadece garip bir his vard\u0131. G\u00f6z s\u00fcrekli ho\u015f bir \u015fekilde nemli tutuldu. Hemen ard\u0131ndan kalk\u0131p dinlenme odas\u0131na ge\u00e7ebildim: hafif bir sisin arkas\u0131n\u0131 bile net g\u00f6rebiliyordum! Ne muhte\u015fem bir his! G\u00f6zlerim sadece hafif\u00e7e (ve \u00e7ok uzun s\u00fcrmeden) yand\u0131 ve suland\u0131. Yar\u0131m saat sonra kontrole gittim: her \u015fey yolunda gitti. \u00d6nceden organize edilmi\u015f taksiyle otele gidip dinlenmeme izin verildi. Koruyucu g\u00f6zl\u00fck tak\u0131l\u0131 olarak yolculuk s\u0131ras\u0131nda ne kadar iyi g\u00f6rebildi\u011fime hayran kald\u0131m. Otelde ilk g\u00f6z damlalar\u0131n\u0131 damlatt\u0131m ve rahatlayarak uyudum\u2026             <\/p>\n\n\n\n<p>\u00dc\u00e7 saat uyuduktan sonra kendimi yeniden do\u011fmu\u015f gibi hissettim\u2026 Hi\u00e7bir rahats\u0131zl\u0131k yok, YEN\u0130 G\u00d6ZLER, art\u0131k g\u00f6rebiliyorum!!! Bunun bu kadar kolay olaca\u011f\u0131n\u0131 hi\u00e7 d\u00fc\u015f\u00fcnmemi\u015ftim. Ak\u015fam ise, tabii ki koruyucu g\u00f6zl\u00fckle, \u0130stanbul gecesine g\u00fczel bir ak\u015fam yeme\u011fi i\u00e7in \u00e7\u0131kt\u0131m.<\/p>\n\n\n\n<p>Ertesi sabah tekrar klinik taraf\u0131ndan al\u0131nd\u0131m. Sol g\u00f6z\u00fcm m\u00fckemmeldi, sa\u011f g\u00f6z\u00fcm ise hafif alerjik reaksiyon g\u00f6steriyordu (a\u011fr\u0131 yoktu) ve sol g\u00f6zle biraz fark vard\u0131. Doktor Cosar beni rahatlatt\u0131, bu bazen olabiliyor ve sab\u0131rl\u0131 olmam gerekti\u011fini s\u00f6yledi. Beyin de zamanla dengeyi sa\u011flayacak. Onun d\u0131\u015f\u0131nda t\u00fcm de\u011ferler ger\u00e7ekten \u00e7ok iyiydi. Kontrol randevumu yak\u0131nda kendi g\u00f6z doktorumda planlayaca\u011f\u0131m.     <\/p>\n\n\n\n<p>Sonraki iki g\u00fcn boyunca muhte\u015fem \u0130stanbul \u015fehrinin tad\u0131n\u0131 doyas\u0131ya \u00e7\u0131kard\u0131k. Neler g\u00f6rd\u00fc\u011f\u00fcm\u00fcz ve ya\u015fad\u0131\u011f\u0131m\u0131z inan\u0131lmazd\u0131. Camiler, parklar, yo\u011fun gemi trafi\u011fiyle Bo\u011faz, insanlar\u0131n misafirperverli\u011fi, harika restoranlar ve \u00e7ay evleri, \u00e7ar\u015f\u0131lar\u2026 Operasyon randevusunu unutulmaz bir deneyimle birle\u015ftirmek e\u015fsiz bir f\u0131rsatt\u0131. \u0130stanbul, tekrar geliyorum!   <br>Art\u0131k i\u00e7tenlikle herkes s\u00f6yleyebilirim: H\u00e2l\u00e2 korkusu olan veya cesareti yetmeyenler, cesaret edin, pi\u015fman olmayacaks\u0131n\u0131z! Hem de harika bir fiyata. Yeni g\u00f6rme yetimle her g\u00fcn\u00fc b\u00fcy\u00fck keyifle ya\u015f\u0131yorum ve Swisslasik ekibine bu yeni ya\u015fam kalitesi i\u00e7in t\u00fcm kalbimle TE\u015eEKK\u00dcR ED\u0130YORUM!!!  <\/p>\n\n\n\n<div class=\"wp-block-group is-layout-grid wp-container-core-group-is-layout-baef362d wp-block-group-is-layout-grid\">\n<p><a href=\"https:\/\/medicaltravel.at\/home\/agb\/\" data-type=\"page\" data-id=\"2191\"><\/a><a href=\"https:\/\/medicaltravel.at\/tr\/hasta-hikayeleri\/goerues-raporlari-2012\/bakim-organizasyon-harika-hastane-ve-tabii-ki-fiyat-06-kasim-2012-sali-tarihli-rapor\/\" data-type=\"link\" data-id=\"https:\/\/medicaltravel.at\/berichte-von-patienten\/erfahrungsberichte-2012\/betreuung-organisation-sensationelles-spital-und-natuerlich-der-preis-bericht-vom-dienstag-06-november-2012\/\">\u00d6nceki Rapor<\/a><\/p>\n\n\n\n<p class=\"has-text-align-right wp-container-content-5e2576f9\"><a href=\"https:\/\/medicaltravel.at\/home\/impressum\/\" data-type=\"page\" data-id=\"2193\"><\/a><a href=\"https:\/\/medicaltravel.at\/home\/berichte-von-patienten\/erfahrungsberichte\/erfahrungsbericht-zahnbehandlung-in-istanbul\/\" data-type=\"page\" data-id=\"981\"><\/a><a href=\"https:\/\/medicaltravel.at\/tr\/hasta-hikayeleri\/goerues-raporlari-2012\/istanbulda-tatil-ve-250-ml-silikon-implantli-goegues-ameliyati-15-ekim-2012-pazartesi-tarihli-rapor\/\" data-type=\"link\" data-id=\"https:\/\/medicaltravel.at\/tr\/hasta-hikayeleri\/goerues-raporlari-2012\/istanbulda-tatil-ve-250-ml-silikon-implantli-goegues-ameliyati-15-ekim-2012-pazartesi-tarihli-rapor\/\">Sonraki Rapor<\/a><\/p>\n<\/div>\n","protected":false},"excerpt":{"rendered":"<p>Dita Cecchin\u2019in deneyim raporu (G\u00f6z ameliyat\u0131, \u0130stanbul, 11.09.12) \u2013 26 Ekim 2012 Cuma Tarihli Rapor Bottighofen, 24 Ekim 2012 Yakla\u015f\u0131k otuz be\u015f y\u0131ld\u0131r g\u00f6zl\u00fck tak\u0131yorum. Gen\u00e7 ya\u015flarda miyopim giderek k\u00f6t\u00fcle\u015fti ve operasyon \u00f6ncesinde 5 ile 5,5 diyoptri aras\u0131ndayd\u0131. Tabii ki, bir\u00e7ok ya\u015fam durumunda burnumda g\u00f6zl\u00fck olmas\u0131 can s\u0131k\u0131c\u0131yd\u0131, bunu her uzun s\u00fcreli g\u00f6zl\u00fck takan bilir ;-). \u00d6zel durumlarda kontakt lens tak\u0131yordum, ayr\u0131ca kayak yaparken, motosiklet s\u00fcrerken, saunada ve teknede \u2013 \u015fansl\u0131y\u0131m ki Bodensee\u2019de ya\u015f\u0131yorum\u2026 Ne yaz\u0131k ki g\u00f6zlerim \u00e7abuk kuruyordu ve lensleri \u00e7\u0131kar\u0131nca her seferinde \u00e7ok rahatl\u0131yordum. Lensler olmadan adeta k\u00f6r bir fare gibiydim. Y\u0131llarca g\u00f6zlerimi lazerle tedavi ettirme hayalleri kurdum, bir g\u00fcn buna cesaret edip \u00f6deyebilece\u011fimi d\u00fc\u015f\u00fcnd\u00fcm. Sadece olas\u0131 komplikasyonlar konusundaki korku vard\u0131. Zaten zay\u0131f olan g\u00f6rme yetimi bir operasyonla riske atmak korkun\u00e7 bir d\u00fc\u015f\u00fcnceydi. Birka\u00e7 y\u0131l ge\u00e7ti, t\u0131p bu alanda \u00e7ok ilerledi ve geli\u015fti ve ben de kararl\u0131 bir \u015fekilde internetten ara\u015ft\u0131rmaya ba\u015flad\u0131m. Hem kendi \u00fclkemde, \u00c7ekya\u2019da hem de kom\u015fu Almanya\u2019da. Sonra Swisslasik ile kar\u015f\u0131la\u015ft\u0131m. Web sitelerindeki d\u00fcr\u00fcst ve detayl\u0131 yakla\u015f\u0131m\u0131 ho\u015fuma gitti ve ard\u0131ndan Z\u00fcrih\u2019teki bilgilendirme ak\u015fam\u0131na daveti g\u00f6rd\u00fcm. O anda kafamda netti: bu beni ilgilendiriyor! E\u015fim yan\u0131mda oldu\u011fu i\u00e7in bana cesaret verdi ve \u00e7ok ayd\u0131nlat\u0131c\u0131 ve kaliteli bir ak\u015fam ya\u015fad\u0131m. \u015eirket y\u00f6neticisi Bay Karaagacli\u2019nin ve g\u00f6z ameliyat\u0131n\u0131 ayr\u0131nt\u0131l\u0131 bir \u015fekilde anlatan Dr. B. Cosar\u2019\u0131n yetkin ve \u00e7ok nazik tavr\u0131 beni tamamen ikna etti. Buna ek olarak \u00e7ok olumlu bir \u015fey daha vard\u0131: Hi\u00e7bir \u015fekilde bask\u0131 hissetmedim, her \u015fey \u00e7ok rahat ve bilgilendirici ge\u00e7ti. Evet, dedim, burada kendimi iyi hissediyorum! Bu arada, k\u0131sa s\u00fcre sonra bir arkada\u015f\u0131m bana, bir meslekta\u015f\u0131n\u0131n yeni kazand\u0131\u011f\u0131 g\u00f6rme yetene\u011fiyle ne kadar mutlu oldu\u011funu anlatt\u0131\u2026 Swisslasik sayesinde \u0130stanbul\u2019da. E\u015fimle sonbaharda T\u00fcrkiye\u2019nin g\u00fcney k\u0131y\u0131s\u0131nda yelken yapmay\u0131 planlad\u0131\u011f\u0131m\u0131z i\u00e7in her \u015feyi pratik bir \u015fekilde birle\u015ftirmeye karar verdim: Bir hafta harika yelken yapmak ve ard\u0131ndan g\u00f6zlerimi lazerle tedavi ettirmek ve tabii ki sonunda \u00fcnl\u00fc \u015fehri ke\u015ffetmek i\u00e7in \u0130stanbul\u2019a u\u00e7mak! Swisslasik ile ileti\u015fim ba\u015f\u0131ndan beri tamamen sorunsuz ve h\u0131zl\u0131yd\u0131. K\u0131sa s\u00fcre i\u00e7inde istedi\u011fim randevu belirlendi. Seyahatten hemen \u00f6nce \u2013 t\u00fcm hastalar gibi \u2013 benim de t\u00fcm ki\u015fisel bilgilerim, randevular\u0131m ve \u0130stanbul\u2019daki konaklama s\u00fcresince faydal\u0131 ipu\u00e7lar\u0131n\u0131n yer ald\u0131\u011f\u0131 Swisslasik Pasaportumu ald\u0131m. K\u00fc\u00e7\u00fck bir kitap\u00e7\u0131kta ihtiyac\u0131n\u0131z olan ve \u00f6nemli olan her \u015fey vard\u0131. Ne harika! Art\u0131k her \u015fey ba\u015flamaya haz\u0131rd\u0131. Ger\u00e7ekten harika ge\u00e7en yelken turunun ard\u0131ndan \u0130stanbul\u2019a vard\u0131\u011f\u0131mda, ilk g\u00fcn gelecekteki refakat\u00e7im ve terc\u00fcman\u0131m Tolga beni arad\u0131. Beni kar\u015f\u0131lad\u0131 ve operasyon \u00f6ncesi halimi hat\u0131r\u0131m\u0131 sordu. \u00c7ok nazikti. Otelimizi biz kendimiz ayarlad\u0131k \u00e7\u00fcnk\u00fc di\u011fer yelken arkada\u015flar\u0131m\u0131z da vard\u0131. Otel Nena\u2019y\u0131 se\u00e7tik, tarihi \u015fehir merkezinde bulunuyor. \u00c7ok tavsiye edilir. (Kahvalt\u0131 teras\u0131ndan muhte\u015fem manzara unutulmaz.) Ertesi g\u00fcn, sabah tam 7\u2019de klinik arac\u0131yla tam zaman\u0131nda al\u0131nd\u0131m. Var\u0131r varmaz, modern, son derece bak\u0131ml\u0131 ve \u00e7ok temiz klini\u011fe hayran kald\u0131m! Bu kadar y\u00fcksek bir standard beklemiyordum. \u00c7ok iyi bir his. B\u00fcy\u00fck \u00f6n muayeneyi \u0130svi\u00e7re\u2019de yapt\u0131rmad\u0131m, \u00e7\u00fcnk\u00fc g\u00f6z doktorum bir s\u00fcre \u00f6nce g\u00f6zlerimin lazer operasyonuna uygun oldu\u011funu s\u00f6ylemi\u015fti \u2013 ve neyse ki Ac\u0131badem Klini\u011fi\u2019ndeki \u00f6n muayenede de bu do\u011fruland\u0131. Terc\u00fcman\u0131m Bay Tolga, beni fuayede kar\u015f\u0131lad\u0131ktan sonra ger\u00e7ekten t\u00fcm s\u00fcre boyunca yan\u0131mda oldu. \u00c7ok nazik bir insan ve h\u0131zl\u0131 bir organizat\u00f6r, yabanc\u0131 bir ortamda bana \u00e7ok huzur ve g\u00fcven verdi. \u015eansl\u0131yd\u0131m ki t\u00fcm de\u011ferlerim iyiydi ve ayn\u0131 g\u00fcn, \u00f6\u011fle saatlerinde bile operasyon yap\u0131labildi. Z\u00fcrih\u2019teki bilgilendirme toplant\u0131s\u0131ndan tan\u0131d\u0131\u011f\u0131m Dr. Banu Cosar taraf\u0131ndan ameliyat edildi\u011fim i\u00e7in \u00e7ok rahat kald\u0131m. Onun pozitif ve samimi tavr\u0131 bana zaten \u00e7ok iyi gelmi\u015fti. \u00d6ncesinde her \u015fey \u00e7ok detayl\u0131 bir \u015fekilde a\u00e7\u0131kland\u0131 ve ihtiya\u00e7 duyulursa \u0130ngilizce\u2019den Almanca\u2019ya \u00e7evrildi. Ba\u015flamadan \u00f6nce k\u00fc\u00e7\u00fck, modern ve tamamen temiz ameliyathaneyi bile gezdim. Enjeksiyon olmadan, sadece damlalarla g\u00f6zler lokal olarak uyu\u015fturuldu. Ameliyat \u00e7ok h\u0131zl\u0131 ge\u00e7ti (toplamda yakla\u015f\u0131k \u00e7eyrek saat) ve t\u00fcm ameliyathane ekibinin profesyonel ve hassas \u00e7al\u0131\u015fmas\u0131n\u0131 deneyimledim. G\u00f6z kapa\u011f\u0131 tutucusunun tak\u0131lmas\u0131 d\u00fc\u015f\u00fcnd\u00fc\u011f\u00fcm kadar rahats\u0131z edici de\u011fildi. Burada da, ameliyat masas\u0131 yan\u0131nda duran refakat\u00e7imin verdi\u011fi talimatlar \u00e7ok faydal\u0131 oldu. Her bir g\u00f6z i\u00e7in lazer uygulamas\u0131 inan\u0131lmaz k\u0131sa s\u00fcrd\u00fc: tahminen yirmi saniye kadar. Bu \u00e7ok rahat dayan\u0131labilir bir s\u00fcre! Hi\u00e7 ac\u0131 yok, sadece garip bir his vard\u0131. G\u00f6z s\u00fcrekli ho\u015f bir \u015fekilde nemli tutuldu. Hemen ard\u0131ndan kalk\u0131p dinlenme odas\u0131na ge\u00e7ebildim: hafif bir sisin arkas\u0131n\u0131 bile net g\u00f6rebiliyordum! Ne muhte\u015fem bir his! G\u00f6zlerim sadece hafif\u00e7e (ve \u00e7ok uzun s\u00fcrmeden) yand\u0131 ve suland\u0131. Yar\u0131m saat sonra kontrole gittim: her \u015fey yolunda gitti. \u00d6nceden organize edilmi\u015f taksiyle otele gidip dinlenmeme izin verildi. Koruyucu g\u00f6zl\u00fck tak\u0131l\u0131 olarak yolculuk s\u0131ras\u0131nda ne kadar iyi g\u00f6rebildi\u011fime hayran kald\u0131m. Otelde ilk g\u00f6z damlalar\u0131n\u0131 damlatt\u0131m ve rahatlayarak uyudum\u2026 \u00dc\u00e7 saat uyuduktan sonra kendimi yeniden do\u011fmu\u015f gibi hissettim\u2026 Hi\u00e7bir rahats\u0131zl\u0131k yok, YEN\u0130 G\u00d6ZLER, art\u0131k g\u00f6rebiliyorum!!! Bunun bu kadar kolay olaca\u011f\u0131n\u0131 hi\u00e7 d\u00fc\u015f\u00fcnmemi\u015ftim. Ak\u015fam ise, tabii ki koruyucu g\u00f6zl\u00fckle, \u0130stanbul gecesine g\u00fczel bir ak\u015fam yeme\u011fi i\u00e7in \u00e7\u0131kt\u0131m. Ertesi sabah tekrar klinik taraf\u0131ndan al\u0131nd\u0131m. Sol g\u00f6z\u00fcm m\u00fckemmeldi, sa\u011f g\u00f6z\u00fcm ise hafif alerjik reaksiyon g\u00f6steriyordu (a\u011fr\u0131 yoktu) ve sol g\u00f6zle biraz fark vard\u0131. Doktor Cosar beni rahatlatt\u0131, bu bazen olabiliyor ve sab\u0131rl\u0131 olmam gerekti\u011fini s\u00f6yledi. Beyin de zamanla dengeyi sa\u011flayacak. Onun d\u0131\u015f\u0131nda t\u00fcm de\u011ferler ger\u00e7ekten \u00e7ok iyiydi. Kontrol randevumu yak\u0131nda kendi g\u00f6z doktorumda planlayaca\u011f\u0131m. Sonraki iki g\u00fcn boyunca muhte\u015fem \u0130stanbul \u015fehrinin tad\u0131n\u0131 doyas\u0131ya \u00e7\u0131kard\u0131k. Neler g\u00f6rd\u00fc\u011f\u00fcm\u00fcz ve ya\u015fad\u0131\u011f\u0131m\u0131z inan\u0131lmazd\u0131. Camiler, parklar, yo\u011fun gemi trafi\u011fiyle Bo\u011faz, insanlar\u0131n misafirperverli\u011fi, harika restoranlar ve \u00e7ay evleri, \u00e7ar\u015f\u0131lar\u2026 Operasyon randevusunu unutulmaz bir deneyimle birle\u015ftirmek e\u015fsiz bir f\u0131rsatt\u0131. \u0130stanbul, tekrar geliyorum! Art\u0131k i\u00e7tenlikle herkes s\u00f6yleyebilirim: H\u00e2l\u00e2 korkusu olan veya cesareti yetmeyenler, cesaret edin, pi\u015fman olmayacaks\u0131n\u0131z! Hem de harika bir fiyata. Yeni g\u00f6rme yetimle her g\u00fcn\u00fc b\u00fcy\u00fck keyifle ya\u015f\u0131yorum ve Swisslasik ekibine bu yeni ya\u015fam kalitesi i\u00e7in t\u00fcm kalbimle TE\u015eEKK\u00dcR ED\u0130YORUM!!! \u00d6nceki Rapor Sonraki Rapor<\/p>\n","protected":false},"author":4,"featured_media":0,"parent":4505,"menu_order":0,"comment_status":"closed","ping_status":"closed","template":"","meta":{"_joinchat":[],"footnotes":""},"class_list":["post-4557","page","type-page","status-publish","hentry"],"acf":[],"_links":{"self":[{"href":"https:\/\/medicaltravel.at\/tr\/wp-json\/wp\/v2\/pages\/4557","targetHints":{"allow":["GET"]}}],"collection":[{"href":"https:\/\/medicaltravel.at\/tr\/wp-json\/wp\/v2\/pages"}],"about":[{"href":"https:\/\/medicaltravel.at\/tr\/wp-json\/wp\/v2\/types\/page"}],"author":[{"embeddable":true,"href":"https:\/\/medicaltravel.at\/tr\/wp-json\/wp\/v2\/users\/4"}],"replies":[{"embeddable":true,"href":"https:\/\/medicaltravel.at\/tr\/wp-json\/wp\/v2\/comments?post=4557"}],"version-history":[{"count":2,"href":"https:\/\/medicaltravel.at\/tr\/wp-json\/wp\/v2\/pages\/4557\/revisions"}],"predecessor-version":[{"id":5783,"href":"https:\/\/medicaltravel.at\/tr\/wp-json\/wp\/v2\/pages\/4557\/revisions\/5783"}],"up":[{"embeddable":true,"href":"https:\/\/medicaltravel.at\/tr\/wp-json\/wp\/v2\/pages\/4505"}],"wp:attachment":[{"href":"https:\/\/medicaltravel.at\/tr\/wp-json\/wp\/v2\/media?parent=4557"}],"curies":[{"name":"wp","href":"https:\/\/api.w.org\/{rel}","templated":true}]}}