{"id":4555,"date":"2025-09-28T09:25:24","date_gmt":"2025-09-28T08:25:24","guid":{"rendered":"https:\/\/medicaltravel.at\/hasta-hikayeleri\/goerues-raporlari-2012\/swisslasik-deneyim-raporu-05-subat-2013-sali-tarihli-rapor\/"},"modified":"2026-01-13T14:58:34","modified_gmt":"2026-01-13T13:58:34","slug":"swisslasik-deneyim-raporu-05-subat-2013-sali-tarihli-rapor","status":"publish","type":"page","link":"https:\/\/medicaltravel.at\/tr\/hasta-hikayeleri\/goerues-raporlari-2012\/swisslasik-deneyim-raporu-05-subat-2013-sali-tarihli-rapor\/","title":{"rendered":"Swisslasik Deneyim Raporu \u2013 05 \u015eubat 2013 Sal\u0131 Tarihli Rapor"},"content":{"rendered":"\n<p><strong>Swisslasik Deneyim Raporu<\/strong> \u2013 05 \u015eubat 2013 Sal\u0131 Tarihli Rapor<\/p>\n\n\n\n<p>Uzun s\u00fcredir g\u00f6zlerimi lazerle tedavi ettirme konusuyla ilgileniyordum. G\u00f6zl\u00fck takmadan \u00e7ok k\u00f6t\u00fc g\u00f6rd\u00fc\u011f\u00fcm ve bir g\u00f6z enfeksiyonu nedeniyle lens de takamad\u0131\u011f\u0131m i\u00e7in, art\u0131k g\u00f6zl\u00fcklerden rahats\u0131z oldu\u011fumdan tekrar g\u00f6zl\u00fcks\u00fcz g\u00f6rebilme iste\u011fim giderek artt\u0131. Kay\u0131p ya\u015fayaca\u011f\u0131m\u0131 d\u00fc\u015f\u00fcnmedim, zaten k\u00f6t\u00fc g\u00f6r\u00fcyordum; durum ancak daha iyi olabilirdi, yani kaybedecek bir \u015feyim yoktu. \u0130ki i\u015f arkada\u015f\u0131m\u0131n g\u00f6zlerinde lazer operasyonu yapt\u0131rd\u0131\u011f\u0131n\u0131 \u00f6\u011frenince Swisslasik ile tan\u0131\u015ft\u0131m. Ayn\u0131 zamanda internette de ara\u015ft\u0131rma yapt\u0131m. \u0130\u015f arkada\u015flar\u0131m\u0131n deneyimleri \u00e7ok olumluydu; ikisi de sonu\u00e7tan \u00e7ok memnundu ve tekrar yapt\u0131r\u0131rd\u0131. Bu durum beni do\u011fal olarak cesaretlendirdi. Gerekli belgeleri ald\u0131m, \u0130svi\u00e7re\u2019de bir \u00f6n muayene yapt\u0131rd\u0131m ve lazer i\u00e7in uygun oldu\u011fum onay\u0131n\u0131 ald\u0131m. B\u00f6ylece ben de Swisslasik ile bu operasyona karar verdim. Elbette fiyat da benim i\u00e7in belirleyiciydi. Fiyat-performans oran\u0131ndan fazlas\u0131yla memnun kald\u0131m. Swisslasik\u2019in profesyonel, h\u0131zl\u0131 ve iyi organizasyonundan \u00e7ok etkilendim \u2013 birka\u00e7 g\u00fcn i\u00e7inde t\u00fcm lazer seyahat program\u0131m haz\u0131r hale geldi. Ayr\u0131ca ki\u015fisel ve telefonla ileti\u015fim de \u00e7ok olumlu oldu. Ba\u015f\u0131ndan beri \u015firkete g\u00fcvenebildim.<br><br>\u00dc\u00e7 g\u00fcn boyunca \u00e7ok iyi bir \u015fekilde ilgilenilmem de ayr\u0131ca olumlu bir deneyimdi. Yan\u0131mda her zaman bana her \u015feyi \u00e7eviren ve biraz destek olan birinin olmas\u0131 \u00e7ok rahatlat\u0131c\u0131yd\u0131. Bu \u00fc\u00e7 g\u00fcnl\u00fck yolculu\u011fa tek ba\u015f\u0131ma \u00e7\u0131kt\u0131m ve Swisslasik\u2019in bunu tek ba\u015f\u0131na bile kolayca y\u00f6netebilecek \u015fekilde organize etti\u011fini s\u00f6yleyebilirim. U\u00e7ak, otel gibi organizasyonlar sorunsuzdu. Sadece otele ula\u015f\u0131mda ilk geldi\u011fimde bir yanl\u0131\u015f anla\u015f\u0131lma oldu; taksi kulland\u0131m ama ertesi g\u00fcn paras\u0131 geri \u00f6dendi. Klinik bana \u00e7ok iyi, modern ve profesyonel bir izlenim b\u0131rakt\u0131. Doktorlar ne yapt\u0131klar\u0131n\u0131 biliyor ve kendinizi iyi bir \u015fekilde emanet edilmi\u015f hissediyorsunuz. Ger\u00e7ekten ilgileniliyor ve iyi bak\u0131l\u0131yorsunuz. Ayr\u0131ca yan\u0131n\u0131zda Almanca konu\u015fan bir ki\u015finin bulunmas\u0131 da \u00e7ok olumlu bir detayd\u0131. Doktorlar bana \u00e7ok profesyonel g\u00f6r\u00fcnd\u00fc.<br><br>Operasyon \u00f6ncesi biraz tuhaf bir his vard\u0131; sonu\u00e7ta g\u00f6zler s\u00f6z konusu ve bu s\u0131radan bir i\u015flem de\u011fil. \u00c7ok gergindim. Operasyon kendisi \u00e7ok h\u0131zl\u0131 ge\u00e7ti ve koruyucu g\u00f6zl\u00fc\u011f\u00fcm\u00fc tak\u0131p dinlenme odas\u0131nda ilk kontrol\u00fcm\u00fc beklerken belirgin \u015fekilde rahatlad\u0131m. A\u00e7\u0131k\u00e7as\u0131 biraz da \u015f\u00fcpheliydim. Operasyonun ilk saatlerinde g\u00f6zlerim \u00e7ok ya\u015fard\u0131 ve bunun k\u0131sa s\u00fcrede ge\u00e7mesini umuyordum. Ancak birka\u00e7 saat sonra sonucu zaten g\u00f6rebiliyordum \u2013 kelimenin tam anlam\u0131yla. Operasyon \u00f6ncesi neredeyse k\u00f6r gibiydim, sadece birka\u00e7 santimetre uza\u011f\u0131 g\u00f6rebiliyordum. \u015eimdi g\u00f6zl\u00fcks\u00fcz normal \u015fekilde g\u00f6rebiliyor ve her \u015feyi net g\u00f6rebiliyordum. Harika, sonu\u00e7tan \u00e7ok memnunum.<br><br>Daniel Rodel 3 \u015eubat 2013<\/p>\n\n\n\n<div class=\"wp-block-group is-layout-grid wp-container-core-group-is-layout-baef362d wp-block-group-is-layout-grid\">\n<p><a href=\"https:\/\/medicaltravel.at\/home\/agb\/\" data-type=\"page\" data-id=\"2191\"><\/a><a href=\"https:\/\/medicaltravel.at\/tr\/hasta-hikayeleri\/goerues-raporlari-2012\/istanbul-da-gecirdigim-macerali-goez-lazeri-tedavisi-06-mart-2013-carsamba-tarihli-rapor\/\" data-type=\"link\" data-id=\"https:\/\/medicaltravel.at\/tr\/hasta-hikayeleri\/goerues-raporlari-2012\/istanbul-da-gecirdigim-macerali-goez-lazeri-tedavisi-06-mart-2013-carsamba-tarihli-rapor\/\">\u00d6nceki Rapor<\/a><\/p>\n\n\n\n<p class=\"has-text-align-right wp-container-content-5e2576f9\"><a href=\"https:\/\/medicaltravel.at\/home\/impressum\/\" data-type=\"page\" data-id=\"2193\"><\/a><a href=\"https:\/\/medicaltravel.at\/home\/berichte-von-patienten\/erfahrungsberichte\/erfahrungsbericht-zahnbehandlung-in-istanbul\/\" data-type=\"page\" data-id=\"981\"><\/a><a href=\"https:\/\/medicaltravel.at\/tr\/hasta-hikayeleri\/goerues-raporlari-2012\/noeli-biraz-farkli-yasamak-21-ocak-2013-pazartesi-tarihli-rapor\/\" data-type=\"link\" data-id=\"https:\/\/medicaltravel.at\/tr\/hasta-hikayeleri\/goerues-raporlari-2012\/noeli-biraz-farkli-yasamak-21-ocak-2013-pazartesi-tarihli-rapor\/\">Sonraki Rapor<\/a><\/p>\n<\/div>\n","protected":false},"excerpt":{"rendered":"<p>Swisslasik Deneyim Raporu \u2013 05 \u015eubat 2013 Sal\u0131 Tarihli Rapor Uzun s\u00fcredir g\u00f6zlerimi lazerle tedavi ettirme konusuyla ilgileniyordum. G\u00f6zl\u00fck takmadan \u00e7ok k\u00f6t\u00fc g\u00f6rd\u00fc\u011f\u00fcm ve bir g\u00f6z enfeksiyonu nedeniyle lens de takamad\u0131\u011f\u0131m i\u00e7in, art\u0131k g\u00f6zl\u00fcklerden rahats\u0131z oldu\u011fumdan tekrar g\u00f6zl\u00fcks\u00fcz g\u00f6rebilme iste\u011fim giderek artt\u0131. Kay\u0131p ya\u015fayaca\u011f\u0131m\u0131 d\u00fc\u015f\u00fcnmedim, zaten k\u00f6t\u00fc g\u00f6r\u00fcyordum; durum ancak daha iyi olabilirdi, yani kaybedecek bir \u015feyim yoktu. \u0130ki i\u015f arkada\u015f\u0131m\u0131n g\u00f6zlerinde lazer operasyonu yapt\u0131rd\u0131\u011f\u0131n\u0131 \u00f6\u011frenince Swisslasik ile tan\u0131\u015ft\u0131m. Ayn\u0131 zamanda internette de ara\u015ft\u0131rma yapt\u0131m. \u0130\u015f arkada\u015flar\u0131m\u0131n deneyimleri \u00e7ok olumluydu; ikisi de sonu\u00e7tan \u00e7ok memnundu ve tekrar yapt\u0131r\u0131rd\u0131. Bu durum beni do\u011fal olarak cesaretlendirdi. Gerekli belgeleri ald\u0131m, \u0130svi\u00e7re\u2019de bir \u00f6n muayene yapt\u0131rd\u0131m ve lazer i\u00e7in uygun oldu\u011fum onay\u0131n\u0131 ald\u0131m. B\u00f6ylece ben de Swisslasik ile bu operasyona karar verdim. Elbette fiyat da benim i\u00e7in belirleyiciydi. Fiyat-performans oran\u0131ndan fazlas\u0131yla memnun kald\u0131m. Swisslasik\u2019in profesyonel, h\u0131zl\u0131 ve iyi organizasyonundan \u00e7ok etkilendim \u2013 birka\u00e7 g\u00fcn i\u00e7inde t\u00fcm lazer seyahat program\u0131m haz\u0131r hale geldi. Ayr\u0131ca ki\u015fisel ve telefonla ileti\u015fim de \u00e7ok olumlu oldu. Ba\u015f\u0131ndan beri \u015firkete g\u00fcvenebildim. \u00dc\u00e7 g\u00fcn boyunca \u00e7ok iyi bir \u015fekilde ilgilenilmem de ayr\u0131ca olumlu bir deneyimdi. Yan\u0131mda her zaman bana her \u015feyi \u00e7eviren ve biraz destek olan birinin olmas\u0131 \u00e7ok rahatlat\u0131c\u0131yd\u0131. Bu \u00fc\u00e7 g\u00fcnl\u00fck yolculu\u011fa tek ba\u015f\u0131ma \u00e7\u0131kt\u0131m ve Swisslasik\u2019in bunu tek ba\u015f\u0131na bile kolayca y\u00f6netebilecek \u015fekilde organize etti\u011fini s\u00f6yleyebilirim. U\u00e7ak, otel gibi organizasyonlar sorunsuzdu. Sadece otele ula\u015f\u0131mda ilk geldi\u011fimde bir yanl\u0131\u015f anla\u015f\u0131lma oldu; taksi kulland\u0131m ama ertesi g\u00fcn paras\u0131 geri \u00f6dendi. Klinik bana \u00e7ok iyi, modern ve profesyonel bir izlenim b\u0131rakt\u0131. Doktorlar ne yapt\u0131klar\u0131n\u0131 biliyor ve kendinizi iyi bir \u015fekilde emanet edilmi\u015f hissediyorsunuz. Ger\u00e7ekten ilgileniliyor ve iyi bak\u0131l\u0131yorsunuz. Ayr\u0131ca yan\u0131n\u0131zda Almanca konu\u015fan bir ki\u015finin bulunmas\u0131 da \u00e7ok olumlu bir detayd\u0131. Doktorlar bana \u00e7ok profesyonel g\u00f6r\u00fcnd\u00fc. Operasyon \u00f6ncesi biraz tuhaf bir his vard\u0131; sonu\u00e7ta g\u00f6zler s\u00f6z konusu ve bu s\u0131radan bir i\u015flem de\u011fil. \u00c7ok gergindim. Operasyon kendisi \u00e7ok h\u0131zl\u0131 ge\u00e7ti ve koruyucu g\u00f6zl\u00fc\u011f\u00fcm\u00fc tak\u0131p dinlenme odas\u0131nda ilk kontrol\u00fcm\u00fc beklerken belirgin \u015fekilde rahatlad\u0131m. A\u00e7\u0131k\u00e7as\u0131 biraz da \u015f\u00fcpheliydim. Operasyonun ilk saatlerinde g\u00f6zlerim \u00e7ok ya\u015fard\u0131 ve bunun k\u0131sa s\u00fcrede ge\u00e7mesini umuyordum. Ancak birka\u00e7 saat sonra sonucu zaten g\u00f6rebiliyordum \u2013 kelimenin tam anlam\u0131yla. Operasyon \u00f6ncesi neredeyse k\u00f6r gibiydim, sadece birka\u00e7 santimetre uza\u011f\u0131 g\u00f6rebiliyordum. \u015eimdi g\u00f6zl\u00fcks\u00fcz normal \u015fekilde g\u00f6rebiliyor ve her \u015feyi net g\u00f6rebiliyordum. Harika, sonu\u00e7tan \u00e7ok memnunum. Daniel Rodel 3 \u015eubat 2013 \u00d6nceki Rapor Sonraki Rapor<\/p>\n","protected":false},"author":4,"featured_media":0,"parent":4505,"menu_order":0,"comment_status":"closed","ping_status":"closed","template":"","meta":{"_joinchat":[],"footnotes":""},"class_list":["post-4555","page","type-page","status-publish","hentry"],"acf":[],"_links":{"self":[{"href":"https:\/\/medicaltravel.at\/tr\/wp-json\/wp\/v2\/pages\/4555","targetHints":{"allow":["GET"]}}],"collection":[{"href":"https:\/\/medicaltravel.at\/tr\/wp-json\/wp\/v2\/pages"}],"about":[{"href":"https:\/\/medicaltravel.at\/tr\/wp-json\/wp\/v2\/types\/page"}],"author":[{"embeddable":true,"href":"https:\/\/medicaltravel.at\/tr\/wp-json\/wp\/v2\/users\/4"}],"replies":[{"embeddable":true,"href":"https:\/\/medicaltravel.at\/tr\/wp-json\/wp\/v2\/comments?post=4555"}],"version-history":[{"count":2,"href":"https:\/\/medicaltravel.at\/tr\/wp-json\/wp\/v2\/pages\/4555\/revisions"}],"predecessor-version":[{"id":5779,"href":"https:\/\/medicaltravel.at\/tr\/wp-json\/wp\/v2\/pages\/4555\/revisions\/5779"}],"up":[{"embeddable":true,"href":"https:\/\/medicaltravel.at\/tr\/wp-json\/wp\/v2\/pages\/4505"}],"wp:attachment":[{"href":"https:\/\/medicaltravel.at\/tr\/wp-json\/wp\/v2\/media?parent=4555"}],"curies":[{"name":"wp","href":"https:\/\/api.w.org\/{rel}","templated":true}]}}