{"id":4553,"date":"2025-09-28T09:38:34","date_gmt":"2025-09-28T08:38:34","guid":{"rendered":"https:\/\/medicaltravel.at\/hasta-hikayeleri\/goerues-raporlari-2012\/istanbul-tuerkiyede-goez-lazer-tedavim-deneyim-raporu-29-temmuz-2012-pazar-tarihli-rapor\/"},"modified":"2026-01-13T15:07:59","modified_gmt":"2026-01-13T14:07:59","slug":"istanbul-tuerkiyede-goez-lazer-tedavim-deneyim-raporu-29-temmuz-2012-pazar-tarihli-rapor","status":"publish","type":"page","link":"https:\/\/medicaltravel.at\/tr\/hasta-hikayeleri\/goerues-raporlari-2012\/istanbul-tuerkiyede-goez-lazer-tedavim-deneyim-raporu-29-temmuz-2012-pazar-tarihli-rapor\/","title":{"rendered":"\u0130stanbul-T\u00fcrkiye\u2019de G\u00f6z Lazer Tedavim Deneyim Raporu \u2013 29 Temmuz 2012 Pazar Tarihli Rapor"},"content":{"rendered":"\n<p><strong>\u0130stanbul-T\u00fcrkiye\u2019de G\u00f6z Lazer Tedavim Deneyim Raporu<\/strong> \u2013 29 Temmuz 2012 Pazar Tarihli Rapor<\/p>\n\n\n\n<p>Bu y\u0131l\u0131n ba\u015f\u0131nda bunu yapmaya karar verdim. \u00d6nce internette biraz ara\u015ft\u0131rma yapt\u0131m ve SwissLasik ile kar\u015f\u0131la\u015ft\u0131m. Birka\u00e7 siteyi inceledim ama SwissLasik bana en iyi izlenimi verdi. \u015eans eseri k\u0131sa s\u00fcre sonra Z\u00fcrih\u2019te bir bilgilendirme toplant\u0131s\u0131 vard\u0131, ben de kat\u0131ld\u0131m ve daha fazla bilgi ald\u0131m. Operasyonu yapacak doktor da oradayd\u0131 ve t\u00fcm sorular\u0131m\u0131 yan\u0131tlad\u0131. Bu toplant\u0131dan sonra karar\u0131m kesinle\u015fti ve g\u00f6zl\u00fcks\u00fcz bir hayata ad\u0131m att\u0131m.<br><br>\u00d6nce \u0130svi\u00e7re\u2019de bir \u00f6n muayene yapt\u0131rmaya karar verdim, b\u00f6ylece lazerin benim i\u00e7in uygun olup olmad\u0131\u011f\u0131n\u0131 kontrol ettirmek istedim. \u00d6n muayene zorunlu de\u011fil, ancak \u0130stanbul\u2019da hayal k\u0131r\u0131kl\u0131\u011f\u0131na u\u011framamak i\u00e7in emin olmak istedim. \u00d6n muayene SwissLasik taraf\u0131ndan organize edildi. K\u0131sa s\u00fcre sonra t\u00fcm seyahat belgelerimi ve SwissLasik pasaportumu ald\u0131m. \u0130\u00e7inde bilmemiz gereken her \u015fey vard\u0131, k\u00fc\u00e7\u00fck, kompakt ve \u00e7ok faydal\u0131yd\u0131. Seyahatten \u00f6nce bunu okumak \u00e7ok i\u015fe yar\u0131yor, herkese tavsiye ederim. Hi\u00e7bir \u015feyi kendim halletmek zorunda de\u011fildim.<br><br>26 Temmuz 2012 Per\u015fembe g\u00fcn\u00fc \u0130stanbul\u2019a do\u011fru yola \u00e7\u0131kt\u0131m. Yan\u0131mda refakat\u00e7imle birlikte havaalan\u0131nda kar\u015f\u0131land\u0131k ve do\u011frudan otelimize g\u00f6t\u00fcr\u00fcld\u00fck. Park City Hotel\u2019i se\u00e7tik, Taksim Meydan\u0131\u2019na sadece 5 dakikal\u0131k y\u00fcr\u00fcme mesafesindeydi. \u00c7ok sakin ve temiz bir oteldi. Genel olarak \u00e7ok memnun kald\u0131k. \u015eof\u00f6r bize Cuma g\u00fcn\u00fc sabah 8\u2019de tekrar al\u0131naca\u011f\u0131m\u0131z\u0131 s\u00f6yledi. Geri kalan g\u00fcn serbestti. Ak\u015fam, klinikten tekrar arand\u0131m ve alma saatini hat\u0131rlatt\u0131lar. Bu g\u00f6r\u00fc\u015fmeden sonra t\u00fcm s\u00fcrece daha da emin oldum.<br><br>Cuma g\u00fcn\u00fc yakla\u015f\u0131k 30 dakika gecikmeyle al\u0131nd\u0131k. Bu k\u00fc\u00e7\u00fck bir detayd\u0131. \u0130stanbul b\u00fcy\u00fck bir \u015fehir ve trafik yo\u011fun, b\u00f6yle \u015feyler olabilir. Operasyon g\u00fcn\u00fc dakikalar saat gibi geldi, ama dedi\u011fim gibi bu k\u00fc\u00e7\u00fck bir \u015feydi. Klinikte \u00e7ok s\u0131cak bir \u015fekilde kar\u015f\u0131land\u0131k. Her zaman yan\u0131mda olan ve yap\u0131lan her ad\u0131m\u0131 bana \u00e7eviren m\u00fckemmel Almanca konu\u015fan bir g\u00f6revli vard\u0131. Klinik \u00e7ok temizdi ve personel \u00e7ok dost canl\u0131s\u0131yd\u0131. \u00d6n muayene Z\u00fcrih\u2019teki gibi ge\u00e7ti. Ard\u0131ndan doktorla g\u00f6r\u00fc\u015ft\u00fcm. Infomeeting\u2019te tan\u0131\u015ft\u0131\u011f\u0131m i\u00e7in doktor bana yabanc\u0131 de\u011fildi ve bu beni daha da rahatlatt\u0131. Her \u015fey tekrar konu\u015fuldu ve sonra doktor k\u0131sa bir bekleme s\u00fcresi olaca\u011f\u0131n\u0131 s\u00f6yledi. K\u0131sa bir beklemeden sonra i\u015flem ba\u015flad\u0131. Almanca konu\u015fan g\u00f6revli de her zaman yan\u0131mdayd\u0131 ve s\u00f6ylenenleri \u00e7eviriyordu.<br><br>Operasyon yakla\u015f\u0131k 10 dakika s\u00fcrd\u00fc. Sonras\u0131nda bana koruyucu g\u00f6zl\u00fck tak\u0131ld\u0131 ve yakla\u015f\u0131k 30 dakika karart\u0131lm\u0131\u015f bir odada bekledim, ard\u0131ndan kontrol i\u00e7in \u00e7a\u011fr\u0131ld\u0131m. Kontrolden sonra tekrar otele g\u00f6t\u00fcr\u00fcld\u00fck ve g\u00f6zlerimi 4 saat kapal\u0131 tuttum. Klinik bana damlalar verdi, bundan sonra her iki saatte bir kullanmam gerekiyordu. Bu 4 saatin ard\u0131ndan balkona \u00e7\u0131kt\u0131m ve etraf\u0131 ilk kez g\u00f6rd\u00fcm, \u00e7ok etkilendim. Sokaktaki reklam panolar\u0131n\u0131 okuyabiliyordum, harika bir duyguydu. Ak\u015fam tekrar \u0130stanbul\u2019u gezdik, g\u00f6zl\u00fcks\u00fcz ama tabii ki g\u00fcne\u015f g\u00f6zl\u00fc\u011f\u00fcyle.<br><br>Cumartesi g\u00fcn\u00fc sabah 10\u2019da zorunlu kontrol i\u00e7in tekrar al\u0131nd\u0131k. Ne yaz\u0131k ki art\u0131k hastanede Almanca konu\u015fan biri yoktu. \u0130ngilizce bilmeyen biri i\u00e7in bu biraz zor olabilirdi, \u00e7\u00fcnk\u00fc Pazar g\u00fcn\u00fc havaalan\u0131na al\u0131nma zaman\u0131 da konu\u015fulmas\u0131 gerekiyordu. Benim i\u00e7in sorun olmad\u0131. Kontrol yakla\u015f\u0131k 10 dakika s\u00fcrd\u00fc, ard\u0131ndan tekrar otele g\u00f6t\u00fcr\u00fcld\u00fck ve art\u0131k ba\u015fka randevumuz yoktu. Pazar g\u00fcn\u00fc havaalan\u0131na transfer de sorunsuz oldu ve \u00e7ok mutlu bir \u015fekilde eve d\u00f6nd\u00fcm. Her \u015fey, ger\u00e7ekten her \u015fey m\u00fckemmeldi ve \u00e7ok mutluydum.<br><br>Bu yaz\u0131mla bir\u00e7ok ki\u015finin korkusunu yenmesini ve bu i\u015flemi yapt\u0131rmas\u0131n\u0131 umuyorum. Benim a\u00e7\u0131mdan sadece \u00f6vg\u00fcyle bahsedebilirim. SwissLasik\u2019e de b\u00fcy\u00fck te\u015fekk\u00fcrler. Hi\u00e7bir \u015feyle u\u011fra\u015fmak zorunda kalmad\u0131m ve \u00e7ok iyi ilgilenildim. Bir tavsiye: \u0130\u015flem \u00f6ncesinde bu t\u00fcr operasyonlar\u0131 internetten videolarla izlemek iyi olur, b\u00f6ylece i\u015flem s\u0131ras\u0131nda neler oldu\u011funu biliyorsunuz ve bu biraz da rahatlat\u0131yor.<br><br>Roger Gisler, 29.07.2012<\/p>\n\n\n\n<div class=\"wp-block-group is-layout-grid wp-container-core-group-is-layout-baef362d wp-block-group-is-layout-grid\">\n<p><a href=\"https:\/\/medicaltravel.at\/home\/agb\/\" data-type=\"page\" data-id=\"2191\"><\/a><a href=\"https:\/\/medicaltravel.at\/tr\/hasta-hikayeleri\/goerues-raporlari-2012\/antalya-tuerkiyede-medicaltravel-ile-goez-lazer-lasik-tedavim-2-agustos-2012-persembe-tarihli-rapor\/\" data-type=\"link\" data-id=\"https:\/\/medicaltravel.at\/tr\/hasta-hikayeleri\/goerues-raporlari-2012\/antalya-tuerkiyede-medicaltravel-ile-goez-lazer-lasik-tedavim-2-agustos-2012-persembe-tarihli-rapor\/\">\u00d6nceki Rapor<\/a><\/p>\n\n\n\n<p class=\"has-text-align-right wp-container-content-5e2576f9\"><a href=\"https:\/\/medicaltravel.at\/home\/impressum\/\" data-type=\"page\" data-id=\"2193\"><\/a><a href=\"https:\/\/medicaltravel.at\/home\/berichte-von-patienten\/erfahrungsberichte\/erfahrungsbericht-zahnbehandlung-in-istanbul\/\" data-type=\"page\" data-id=\"981\"><\/a><a href=\"https:\/\/medicaltravel.at\/tr\/hasta-hikayeleri\/goerues-raporlari-2012\/antalya-tuerkiyede-goez-lazer-tedavim-hakkinda-deneyim-raporum-13-temmuz-2012-cuma-tarihli-rapor\/\" data-type=\"link\" data-id=\"https:\/\/medicaltravel.at\/tr\/hasta-hikayeleri\/goerues-raporlari-2012\/antalya-tuerkiyede-goez-lazer-tedavim-hakkinda-deneyim-raporum-13-temmuz-2012-cuma-tarihli-rapor\/\">Sonraki Rapor<\/a><\/p>\n<\/div>\n","protected":false},"excerpt":{"rendered":"<p>\u0130stanbul-T\u00fcrkiye\u2019de G\u00f6z Lazer Tedavim Deneyim Raporu \u2013 29 Temmuz 2012 Pazar Tarihli Rapor Bu y\u0131l\u0131n ba\u015f\u0131nda bunu yapmaya karar verdim. \u00d6nce internette biraz ara\u015ft\u0131rma yapt\u0131m ve SwissLasik ile kar\u015f\u0131la\u015ft\u0131m. Birka\u00e7 siteyi inceledim ama SwissLasik bana en iyi izlenimi verdi. \u015eans eseri k\u0131sa s\u00fcre sonra Z\u00fcrih\u2019te bir bilgilendirme toplant\u0131s\u0131 vard\u0131, ben de kat\u0131ld\u0131m ve daha fazla bilgi ald\u0131m. Operasyonu yapacak doktor da oradayd\u0131 ve t\u00fcm sorular\u0131m\u0131 yan\u0131tlad\u0131. Bu toplant\u0131dan sonra karar\u0131m kesinle\u015fti ve g\u00f6zl\u00fcks\u00fcz bir hayata ad\u0131m att\u0131m. \u00d6nce \u0130svi\u00e7re\u2019de bir \u00f6n muayene yapt\u0131rmaya karar verdim, b\u00f6ylece lazerin benim i\u00e7in uygun olup olmad\u0131\u011f\u0131n\u0131 kontrol ettirmek istedim. \u00d6n muayene zorunlu de\u011fil, ancak \u0130stanbul\u2019da hayal k\u0131r\u0131kl\u0131\u011f\u0131na u\u011framamak i\u00e7in emin olmak istedim. \u00d6n muayene SwissLasik taraf\u0131ndan organize edildi. K\u0131sa s\u00fcre sonra t\u00fcm seyahat belgelerimi ve SwissLasik pasaportumu ald\u0131m. \u0130\u00e7inde bilmemiz gereken her \u015fey vard\u0131, k\u00fc\u00e7\u00fck, kompakt ve \u00e7ok faydal\u0131yd\u0131. Seyahatten \u00f6nce bunu okumak \u00e7ok i\u015fe yar\u0131yor, herkese tavsiye ederim. Hi\u00e7bir \u015feyi kendim halletmek zorunda de\u011fildim. 26 Temmuz 2012 Per\u015fembe g\u00fcn\u00fc \u0130stanbul\u2019a do\u011fru yola \u00e7\u0131kt\u0131m. Yan\u0131mda refakat\u00e7imle birlikte havaalan\u0131nda kar\u015f\u0131land\u0131k ve do\u011frudan otelimize g\u00f6t\u00fcr\u00fcld\u00fck. Park City Hotel\u2019i se\u00e7tik, Taksim Meydan\u0131\u2019na sadece 5 dakikal\u0131k y\u00fcr\u00fcme mesafesindeydi. \u00c7ok sakin ve temiz bir oteldi. Genel olarak \u00e7ok memnun kald\u0131k. \u015eof\u00f6r bize Cuma g\u00fcn\u00fc sabah 8\u2019de tekrar al\u0131naca\u011f\u0131m\u0131z\u0131 s\u00f6yledi. Geri kalan g\u00fcn serbestti. Ak\u015fam, klinikten tekrar arand\u0131m ve alma saatini hat\u0131rlatt\u0131lar. Bu g\u00f6r\u00fc\u015fmeden sonra t\u00fcm s\u00fcrece daha da emin oldum. Cuma g\u00fcn\u00fc yakla\u015f\u0131k 30 dakika gecikmeyle al\u0131nd\u0131k. Bu k\u00fc\u00e7\u00fck bir detayd\u0131. \u0130stanbul b\u00fcy\u00fck bir \u015fehir ve trafik yo\u011fun, b\u00f6yle \u015feyler olabilir. Operasyon g\u00fcn\u00fc dakikalar saat gibi geldi, ama dedi\u011fim gibi bu k\u00fc\u00e7\u00fck bir \u015feydi. Klinikte \u00e7ok s\u0131cak bir \u015fekilde kar\u015f\u0131land\u0131k. Her zaman yan\u0131mda olan ve yap\u0131lan her ad\u0131m\u0131 bana \u00e7eviren m\u00fckemmel Almanca konu\u015fan bir g\u00f6revli vard\u0131. Klinik \u00e7ok temizdi ve personel \u00e7ok dost canl\u0131s\u0131yd\u0131. \u00d6n muayene Z\u00fcrih\u2019teki gibi ge\u00e7ti. Ard\u0131ndan doktorla g\u00f6r\u00fc\u015ft\u00fcm. Infomeeting\u2019te tan\u0131\u015ft\u0131\u011f\u0131m i\u00e7in doktor bana yabanc\u0131 de\u011fildi ve bu beni daha da rahatlatt\u0131. Her \u015fey tekrar konu\u015fuldu ve sonra doktor k\u0131sa bir bekleme s\u00fcresi olaca\u011f\u0131n\u0131 s\u00f6yledi. K\u0131sa bir beklemeden sonra i\u015flem ba\u015flad\u0131. Almanca konu\u015fan g\u00f6revli de her zaman yan\u0131mdayd\u0131 ve s\u00f6ylenenleri \u00e7eviriyordu. Operasyon yakla\u015f\u0131k 10 dakika s\u00fcrd\u00fc. Sonras\u0131nda bana koruyucu g\u00f6zl\u00fck tak\u0131ld\u0131 ve yakla\u015f\u0131k 30 dakika karart\u0131lm\u0131\u015f bir odada bekledim, ard\u0131ndan kontrol i\u00e7in \u00e7a\u011fr\u0131ld\u0131m. Kontrolden sonra tekrar otele g\u00f6t\u00fcr\u00fcld\u00fck ve g\u00f6zlerimi 4 saat kapal\u0131 tuttum. Klinik bana damlalar verdi, bundan sonra her iki saatte bir kullanmam gerekiyordu. Bu 4 saatin ard\u0131ndan balkona \u00e7\u0131kt\u0131m ve etraf\u0131 ilk kez g\u00f6rd\u00fcm, \u00e7ok etkilendim. Sokaktaki reklam panolar\u0131n\u0131 okuyabiliyordum, harika bir duyguydu. Ak\u015fam tekrar \u0130stanbul\u2019u gezdik, g\u00f6zl\u00fcks\u00fcz ama tabii ki g\u00fcne\u015f g\u00f6zl\u00fc\u011f\u00fcyle. Cumartesi g\u00fcn\u00fc sabah 10\u2019da zorunlu kontrol i\u00e7in tekrar al\u0131nd\u0131k. Ne yaz\u0131k ki art\u0131k hastanede Almanca konu\u015fan biri yoktu. \u0130ngilizce bilmeyen biri i\u00e7in bu biraz zor olabilirdi, \u00e7\u00fcnk\u00fc Pazar g\u00fcn\u00fc havaalan\u0131na al\u0131nma zaman\u0131 da konu\u015fulmas\u0131 gerekiyordu. Benim i\u00e7in sorun olmad\u0131. Kontrol yakla\u015f\u0131k 10 dakika s\u00fcrd\u00fc, ard\u0131ndan tekrar otele g\u00f6t\u00fcr\u00fcld\u00fck ve art\u0131k ba\u015fka randevumuz yoktu. Pazar g\u00fcn\u00fc havaalan\u0131na transfer de sorunsuz oldu ve \u00e7ok mutlu bir \u015fekilde eve d\u00f6nd\u00fcm. Her \u015fey, ger\u00e7ekten her \u015fey m\u00fckemmeldi ve \u00e7ok mutluydum. Bu yaz\u0131mla bir\u00e7ok ki\u015finin korkusunu yenmesini ve bu i\u015flemi yapt\u0131rmas\u0131n\u0131 umuyorum. Benim a\u00e7\u0131mdan sadece \u00f6vg\u00fcyle bahsedebilirim. SwissLasik\u2019e de b\u00fcy\u00fck te\u015fekk\u00fcrler. Hi\u00e7bir \u015feyle u\u011fra\u015fmak zorunda kalmad\u0131m ve \u00e7ok iyi ilgilenildim. Bir tavsiye: \u0130\u015flem \u00f6ncesinde bu t\u00fcr operasyonlar\u0131 internetten videolarla izlemek iyi olur, b\u00f6ylece i\u015flem s\u0131ras\u0131nda neler oldu\u011funu biliyorsunuz ve bu biraz da rahatlat\u0131yor. Roger Gisler, 29.07.2012 \u00d6nceki Rapor Sonraki Rapor<\/p>\n","protected":false},"author":4,"featured_media":0,"parent":4505,"menu_order":0,"comment_status":"closed","ping_status":"closed","template":"","meta":{"_joinchat":[],"footnotes":""},"class_list":["post-4553","page","type-page","status-publish","hentry"],"acf":[],"_links":{"self":[{"href":"https:\/\/medicaltravel.at\/tr\/wp-json\/wp\/v2\/pages\/4553","targetHints":{"allow":["GET"]}}],"collection":[{"href":"https:\/\/medicaltravel.at\/tr\/wp-json\/wp\/v2\/pages"}],"about":[{"href":"https:\/\/medicaltravel.at\/tr\/wp-json\/wp\/v2\/types\/page"}],"author":[{"embeddable":true,"href":"https:\/\/medicaltravel.at\/tr\/wp-json\/wp\/v2\/users\/4"}],"replies":[{"embeddable":true,"href":"https:\/\/medicaltravel.at\/tr\/wp-json\/wp\/v2\/comments?post=4553"}],"version-history":[{"count":2,"href":"https:\/\/medicaltravel.at\/tr\/wp-json\/wp\/v2\/pages\/4553\/revisions"}],"predecessor-version":[{"id":5790,"href":"https:\/\/medicaltravel.at\/tr\/wp-json\/wp\/v2\/pages\/4553\/revisions\/5790"}],"up":[{"embeddable":true,"href":"https:\/\/medicaltravel.at\/tr\/wp-json\/wp\/v2\/pages\/4505"}],"wp:attachment":[{"href":"https:\/\/medicaltravel.at\/tr\/wp-json\/wp\/v2\/media?parent=4553"}],"curies":[{"name":"wp","href":"https:\/\/api.w.org\/{rel}","templated":true}]}}