{"id":4551,"date":"2025-09-28T09:40:37","date_gmt":"2025-09-28T08:40:37","guid":{"rendered":"https:\/\/medicaltravel.at\/hasta-hikayeleri\/goerues-raporlari-2012\/istanbul-acibadem-tuerkiyede-goez-lazer-tedavim-hakkinda-deneyim-raporu-30-mayis-2012-carsamba-tarihli-rapor\/"},"modified":"2026-01-13T15:11:38","modified_gmt":"2026-01-13T14:11:38","slug":"istanbul-acibadem-tuerkiyede-goez-lazer-tedavim-hakkinda-deneyim-raporu-30-mayis-2012-carsamba-tarihli-rapor","status":"publish","type":"page","link":"https:\/\/medicaltravel.at\/tr\/hasta-hikayeleri\/goerues-raporlari-2012\/istanbul-acibadem-tuerkiyede-goez-lazer-tedavim-hakkinda-deneyim-raporu-30-mayis-2012-carsamba-tarihli-rapor\/","title":{"rendered":"\u0130stanbul Ac\u0131badem, T\u00fcrkiye\u2019de G\u00f6z Lazer Tedavim Hakk\u0131nda Deneyim Raporu \u2013 30 May\u0131s 2012 \u00c7ar\u015famba Tarihli Rapor"},"content":{"rendered":"\n<p><strong>\u0130stanbul Ac\u0131badem, T\u00fcrkiye\u2019de G\u00f6z Lazer Tedavim Hakk\u0131nda Deneyim Raporu<\/strong> \u2013 30 May\u0131s 2012 \u00c7ar\u015famba Tarihli Rapor<\/p>\n\n<p>Karar: Uzun zamand\u0131r LASIK ameliyat\u0131n\u0131 d\u00fc\u015f\u00fcn\u00fcyordum, \u00e7\u00fcnk\u00fc y\u00fczme, y\u00fcr\u00fcy\u00fc\u015f ve da\u011fc\u0131l\u0131k gibi \u00e7e\u015fitli hobilerimde g\u00f6zl\u00fck \u00e7ok engel oluyordu. G\u00fcnl\u00fck lenslerle s\u00fcrekli u\u011fra\u015fmak ise hem zahmetli hem de pahal\u0131yd\u0131. Miyop derecelerim (-5 ve -5,5) y\u0131llard\u0131r de\u011fi\u015fmedi\u011fi i\u00e7in art\u0131k bu ad\u0131m\u0131 atmaya karar verdim. Ancak \u0130svi\u00e7re\u2019de ameliyat\u0131n maliyeti yakla\u015f\u0131k 8000 \u0130svi\u00e7re Frang\u0131 olacakt\u0131 ve bu benim i\u00e7in fazlayd\u0131. \u0130nternette Swisslasik\u2019in teklifine rastlad\u0131m ve fiyatlar \u0130svi\u00e7re\u2019deki t\u00fcm se\u00e7eneklere g\u00f6re belirgin \u015fekilde daha uygundu. Ayr\u0131ca uzun zamand\u0131r \u0130stanbul\u2019a gidip bu \u015fehri tan\u0131mak istiyordum. Tabii benim i\u00e7in teklifin ve dan\u0131\u015fmanl\u0131\u011f\u0131n profesyonel olmas\u0131 ve olas\u0131 sorunlar ya da sorular i\u00e7in \u0130svi\u00e7re\u2019de ba\u015fvurabilece\u011fim bir doktorun olmas\u0131 \u00e7ok \u00f6nemliydi.<br\/><br\/>\u0130lk ileti\u015fimi kurmamdan hemen sonra benimle irtibata ge\u00e7ildi ve k\u0131sa s\u00fcrede Z\u00fcrih\u2019teki muayenehanede bir randevu ald\u0131m. Oras\u0131 da bende \u00e7ok iyi bir izlenim b\u0131rakt\u0131. Yap\u0131lan muayenede sonu\u00e7lar b\u00fcy\u00fck \u00f6l\u00e7\u00fcde uygundu, sadece korneam biraz dikti. Bunun \u00fczerine Femto-LASIK i\u00e7in kay\u0131t yapt\u0131rd\u0131m. Organizasyon \u00e7ok h\u0131zl\u0131 ve profesyonel bir \u015fekilde y\u00fcr\u00fct\u00fcld\u00fc. Ek isteklerim, yani \u0130stanbul\u2019da daha uzun kalmak ve bir refakat\u00e7iyle gitmek de sorunsuz \u015fekilde ayarland\u0131. Talebim \u00fczerine bir referans listesi ald\u0131m ve Swisslasik ile ameliyat olmu\u015f \u00e7ok sempatik bir han\u0131mefendiyle detayl\u0131 \u015fekilde konu\u015fabildim. Bu bana \u00e7ok yard\u0131mc\u0131 oldu ve do\u011fru karar\u0131 verdi\u011fim konusunda g\u00fcven verdi. Daha sonra iki i\u015f arkada\u015f\u0131m\u0131n da Swisslasik ile ameliyat oldu\u011funu \u00f6\u011frendim.<br\/><br\/>Seyahat: \u0130stanbul Havaliman\u0131\u2019nda gece saat 12\u2019de taksi \u015fof\u00f6r\u00fcn\u00fc bulmak biraz zaman ald\u0131 ama sonunda halloldu. Ertesi sabah hemen muayene ve ameliyat vard\u0131. Her \u015fey olduk\u00e7a h\u0131zl\u0131 ilerledi, bu y\u00fczden olas\u0131 sorular\u0131 en iyisi \u0130svi\u00e7re\u2019deyken sormak ya da not almak. \u00d6n muayeneden sonra, Femto\u2019ya gerek olmad\u0131\u011f\u0131 ve normal LASIK\u2019in sorunsuz yap\u0131labilece\u011fi s\u00f6ylendi. Bu beni biraz teredd\u00fctte b\u0131rakt\u0131 ama daha pahal\u0131 olan\u0131n her zaman daha iyi olmad\u0131\u011f\u0131n\u0131 kabul etmek zorunda kald\u0131m. Muayeneden sonra ameliyata kadar ge\u00e7en yakla\u015f\u0131k 4 saati \u00e7ok g\u00fczel bir al\u0131\u015fveri\u015f merkezinde ge\u00e7irebildim. Sonras\u0131nda tekrar klini\u011fe d\u00f6nd\u00fck ve ameliyat ba\u015flad\u0131. Sadece k\u00fc\u00e7\u00fck bir ileti\u015fim aksakl\u0131\u011f\u0131 y\u00fcz\u00fcnden ameliyat biraz uzad\u0131, \u00e7\u00fcnk\u00fc g\u00f6z sabitlenemedi. Bu durum netle\u015ftikten sonra her \u015fey \u00e7ok h\u0131zl\u0131 ilerledi.<br\/><br\/>Ameliyattan sonra g\u00f6zlerim suland\u0131 ve batma hissi oldu. Yan\u0131n\u0131za bir sesli kitap almak ve \u00f6nceden yemek ayarlamak ya da oda servisi istemek i\u015fe yar\u0131yor. Ertesi g\u00fcnk\u00fc kontrol k\u0131sa s\u00fcrd\u00fc ve ard\u0131ndan tam anlam\u0131yla \u015fehir gezisine \u00e7\u0131kabildim. Transferler ve hastanedeki terc\u00fcman deste\u011fi her zaman sorunsuz ve m\u00fckemmeldi. Hatta normal programdan 3 g\u00fcn sonra olan havaalan\u0131 transferi bile tam zaman\u0131nda geldi.<br\/><br\/>Otel Taksim City Park Hotel \u00e7ok iyi bir konumdayd\u0131. \u00dc\u00e7\u00fcnc\u00fc gece Swisslasik\u2019in devreye girmesi sayesinde \u00e7ok g\u00fczel ve geni\u015f bir oda ald\u0131k. \u0130lk oda iki ki\u015fi i\u00e7in olduk\u00e7a k\u00fc\u00e7\u00fckt\u00fc.<br\/><br\/>Genel de\u011ferlendirme: Z\u00fcrih\u2019te yap\u0131lan ilk kontrolden 1,5 hafta sonra her \u015fey gayet iyi g\u00f6r\u00fcn\u00fcyor. Sadece o ileti\u015fim aksakl\u0131\u011f\u0131 nedeniyle g\u00f6z\u00fcmde kalan k\u00fc\u00e7\u00fck bir kanama var, o da yava\u015f yava\u015f ge\u00e7iyor. G\u00f6zlerim h\u00e2l\u00e2 \u00e7ok kuru, \u00e7\u00fcnk\u00fc b\u00fct\u00fcn g\u00fcn bilgisayar ba\u015f\u0131nda \u00e7al\u0131\u015f\u0131yorum. \u00d6zellikle ak\u015famlar\u0131 kuru ve kirli lens tak\u0131yormu\u015fum gibi bir his oluyor, umar\u0131m bu da zamanla tamamen ge\u00e7er. Burada biraz sab\u0131r gerekiyor. Bunun d\u0131\u015f\u0131nda her \u015fey \u00e7ok iyi. Swisslasik-Pass i\u00e7indeki bilgiler \u00e7ok faydal\u0131 ve pratiktir, mutlaka yan\u0131n\u0131za al\u0131n. Belki damla kullan\u0131m\u0131yla ilgili bilgiler de ba\u015ftan eklenebilirdi, b\u00f6ylece g\u00f6zler sulanmadan \u00f6nce okunabilirdi. \u0130stanbul ise LASIK olmasa bile ba\u015fl\u0131 ba\u015f\u0131na g\u00f6r\u00fclmeye de\u011fer bir \u015fehir.<br\/><br\/>Vera Henggeler<\/p>\n\n<div class=\"wp-block-group is-layout-grid wp-container-core-group-is-layout-baef362d wp-block-group-is-layout-grid\">\n<p><a href=\"https:\/\/medicaltravel.at\/home\/agb\/\" data-type=\"page\" data-id=\"2191\"><\/a><a href=\"https:\/\/medicaltravel.at\/tr\/hasta-hikayeleri\/goerues-raporlari-2012\/nihayet-goezlueksuez-istanbul-acibademde-goez-lazer-tedavisi-26-30-nisan-2012-9-haziran-2012-cumartesi-tarihli-rapor\/\" data-type=\"link\" data-id=\"https:\/\/medicaltravel.at\/berichte-von-patienten\/erfahrungsberichte-2012\/endlich-ohne-brille-augenlaserbehandlung-im-acibadem-in-istanbul-26-30-04-2012-bericht-vom-samstag-09-juni-2012\/\">\u00d6nceki Rapor<\/a><\/p>\n\n\n\n<p class=\"has-text-align-right wp-container-content-5e2576f9\"><a href=\"https:\/\/medicaltravel.at\/home\/impressum\/\" data-type=\"page\" data-id=\"2193\"><\/a><a href=\"https:\/\/medicaltravel.at\/home\/berichte-von-patienten\/erfahrungsberichte\/erfahrungsbericht-zahnbehandlung-in-istanbul\/\" data-type=\"page\" data-id=\"981\"><\/a><a href=\"https:\/\/medicaltravel.at\/tr\/hasta-hikayeleri\/goerues-raporlari-2012\/goezlueksuez-goerme-hayali-istanbulda-gerceklesti-18-mayis-2012-cuma-tarihli-rapor\/\" data-type=\"link\" data-id=\"https:\/\/medicaltravel.at\/berichte-von-patienten\/erfahrungsberichte-2012\/der-traum-vom-brillenlosen-sehen-in-istanbul-wurde-er-erfuellt-bericht-vom-freitag-18-mai-2012\/\">Sonraki Rapor<\/a><\/p>\n<\/div>\n","protected":false},"excerpt":{"rendered":"<p>\u0130stanbul Ac\u0131badem, T\u00fcrkiye\u2019de G\u00f6z Lazer Tedavim Hakk\u0131nda Deneyim Raporu \u2013 30 May\u0131s 2012 \u00c7ar\u015famba Tarihli Rapor Karar: Uzun zamand\u0131r LASIK ameliyat\u0131n\u0131 d\u00fc\u015f\u00fcn\u00fcyordum, \u00e7\u00fcnk\u00fc y\u00fczme, y\u00fcr\u00fcy\u00fc\u015f ve da\u011fc\u0131l\u0131k gibi \u00e7e\u015fitli hobilerimde g\u00f6zl\u00fck \u00e7ok engel oluyordu. G\u00fcnl\u00fck lenslerle s\u00fcrekli u\u011fra\u015fmak ise hem zahmetli hem de pahal\u0131yd\u0131. Miyop derecelerim (-5 ve -5,5) y\u0131llard\u0131r de\u011fi\u015fmedi\u011fi i\u00e7in art\u0131k bu ad\u0131m\u0131 atmaya karar verdim. Ancak \u0130svi\u00e7re\u2019de ameliyat\u0131n maliyeti yakla\u015f\u0131k 8000 \u0130svi\u00e7re Frang\u0131 olacakt\u0131 ve bu benim i\u00e7in fazlayd\u0131. \u0130nternette Swisslasik\u2019in teklifine rastlad\u0131m ve fiyatlar \u0130svi\u00e7re\u2019deki t\u00fcm se\u00e7eneklere g\u00f6re belirgin \u015fekilde daha uygundu. Ayr\u0131ca uzun zamand\u0131r \u0130stanbul\u2019a gidip bu \u015fehri tan\u0131mak istiyordum. Tabii benim i\u00e7in teklifin ve dan\u0131\u015fmanl\u0131\u011f\u0131n profesyonel olmas\u0131 ve olas\u0131 sorunlar ya da sorular i\u00e7in \u0130svi\u00e7re\u2019de ba\u015fvurabilece\u011fim bir doktorun olmas\u0131 \u00e7ok \u00f6nemliydi. \u0130lk ileti\u015fimi kurmamdan hemen sonra benimle irtibata ge\u00e7ildi ve k\u0131sa s\u00fcrede Z\u00fcrih\u2019teki muayenehanede bir randevu ald\u0131m. Oras\u0131 da bende \u00e7ok iyi bir izlenim b\u0131rakt\u0131. Yap\u0131lan muayenede sonu\u00e7lar b\u00fcy\u00fck \u00f6l\u00e7\u00fcde uygundu, sadece korneam biraz dikti. Bunun \u00fczerine Femto-LASIK i\u00e7in kay\u0131t yapt\u0131rd\u0131m. Organizasyon \u00e7ok h\u0131zl\u0131 ve profesyonel bir \u015fekilde y\u00fcr\u00fct\u00fcld\u00fc. Ek isteklerim, yani \u0130stanbul\u2019da daha uzun kalmak ve bir refakat\u00e7iyle gitmek de sorunsuz \u015fekilde ayarland\u0131. Talebim \u00fczerine bir referans listesi ald\u0131m ve Swisslasik ile ameliyat olmu\u015f \u00e7ok sempatik bir han\u0131mefendiyle detayl\u0131 \u015fekilde konu\u015fabildim. Bu bana \u00e7ok yard\u0131mc\u0131 oldu ve do\u011fru karar\u0131 verdi\u011fim konusunda g\u00fcven verdi. Daha sonra iki i\u015f arkada\u015f\u0131m\u0131n da Swisslasik ile ameliyat oldu\u011funu \u00f6\u011frendim. Seyahat: \u0130stanbul Havaliman\u0131\u2019nda gece saat 12\u2019de taksi \u015fof\u00f6r\u00fcn\u00fc bulmak biraz zaman ald\u0131 ama sonunda halloldu. Ertesi sabah hemen muayene ve ameliyat vard\u0131. Her \u015fey olduk\u00e7a h\u0131zl\u0131 ilerledi, bu y\u00fczden olas\u0131 sorular\u0131 en iyisi \u0130svi\u00e7re\u2019deyken sormak ya da not almak. \u00d6n muayeneden sonra, Femto\u2019ya gerek olmad\u0131\u011f\u0131 ve normal LASIK\u2019in sorunsuz yap\u0131labilece\u011fi s\u00f6ylendi. Bu beni biraz teredd\u00fctte b\u0131rakt\u0131 ama daha pahal\u0131 olan\u0131n her zaman daha iyi olmad\u0131\u011f\u0131n\u0131 kabul etmek zorunda kald\u0131m. Muayeneden sonra ameliyata kadar ge\u00e7en yakla\u015f\u0131k 4 saati \u00e7ok g\u00fczel bir al\u0131\u015fveri\u015f merkezinde ge\u00e7irebildim. Sonras\u0131nda tekrar klini\u011fe d\u00f6nd\u00fck ve ameliyat ba\u015flad\u0131. Sadece k\u00fc\u00e7\u00fck bir ileti\u015fim aksakl\u0131\u011f\u0131 y\u00fcz\u00fcnden ameliyat biraz uzad\u0131, \u00e7\u00fcnk\u00fc g\u00f6z sabitlenemedi. Bu durum netle\u015ftikten sonra her \u015fey \u00e7ok h\u0131zl\u0131 ilerledi. Ameliyattan sonra g\u00f6zlerim suland\u0131 ve batma hissi oldu. Yan\u0131n\u0131za bir sesli kitap almak ve \u00f6nceden yemek ayarlamak ya da oda servisi istemek i\u015fe yar\u0131yor. Ertesi g\u00fcnk\u00fc kontrol k\u0131sa s\u00fcrd\u00fc ve ard\u0131ndan tam anlam\u0131yla \u015fehir gezisine \u00e7\u0131kabildim. Transferler ve hastanedeki terc\u00fcman deste\u011fi her zaman sorunsuz ve m\u00fckemmeldi. Hatta normal programdan 3 g\u00fcn sonra olan havaalan\u0131 transferi bile tam zaman\u0131nda geldi. Otel Taksim City Park Hotel \u00e7ok iyi bir konumdayd\u0131. \u00dc\u00e7\u00fcnc\u00fc gece Swisslasik\u2019in devreye girmesi sayesinde \u00e7ok g\u00fczel ve geni\u015f bir oda ald\u0131k. \u0130lk oda iki ki\u015fi i\u00e7in olduk\u00e7a k\u00fc\u00e7\u00fckt\u00fc. Genel de\u011ferlendirme: Z\u00fcrih\u2019te yap\u0131lan ilk kontrolden 1,5 hafta sonra her \u015fey gayet iyi g\u00f6r\u00fcn\u00fcyor. Sadece o ileti\u015fim aksakl\u0131\u011f\u0131 nedeniyle g\u00f6z\u00fcmde kalan k\u00fc\u00e7\u00fck bir kanama var, o da yava\u015f yava\u015f ge\u00e7iyor. G\u00f6zlerim h\u00e2l\u00e2 \u00e7ok kuru, \u00e7\u00fcnk\u00fc b\u00fct\u00fcn g\u00fcn bilgisayar ba\u015f\u0131nda \u00e7al\u0131\u015f\u0131yorum. \u00d6zellikle ak\u015famlar\u0131 kuru ve kirli lens tak\u0131yormu\u015fum gibi bir his oluyor, umar\u0131m bu da zamanla tamamen ge\u00e7er. Burada biraz sab\u0131r gerekiyor. Bunun d\u0131\u015f\u0131nda her \u015fey \u00e7ok iyi. Swisslasik-Pass i\u00e7indeki bilgiler \u00e7ok faydal\u0131 ve pratiktir, mutlaka yan\u0131n\u0131za al\u0131n. Belki damla kullan\u0131m\u0131yla ilgili bilgiler de ba\u015ftan eklenebilirdi, b\u00f6ylece g\u00f6zler sulanmadan \u00f6nce okunabilirdi. \u0130stanbul ise LASIK olmasa bile ba\u015fl\u0131 ba\u015f\u0131na g\u00f6r\u00fclmeye de\u011fer bir \u015fehir. Vera Henggeler \u00d6nceki Rapor Sonraki Rapor<\/p>\n","protected":false},"author":4,"featured_media":0,"parent":4505,"menu_order":0,"comment_status":"closed","ping_status":"closed","template":"","meta":{"_joinchat":[],"footnotes":""},"class_list":["post-4551","page","type-page","status-publish","hentry"],"acf":[],"_links":{"self":[{"href":"https:\/\/medicaltravel.at\/tr\/wp-json\/wp\/v2\/pages\/4551","targetHints":{"allow":["GET"]}}],"collection":[{"href":"https:\/\/medicaltravel.at\/tr\/wp-json\/wp\/v2\/pages"}],"about":[{"href":"https:\/\/medicaltravel.at\/tr\/wp-json\/wp\/v2\/types\/page"}],"author":[{"embeddable":true,"href":"https:\/\/medicaltravel.at\/tr\/wp-json\/wp\/v2\/users\/4"}],"replies":[{"embeddable":true,"href":"https:\/\/medicaltravel.at\/tr\/wp-json\/wp\/v2\/comments?post=4551"}],"version-history":[{"count":1,"href":"https:\/\/medicaltravel.at\/tr\/wp-json\/wp\/v2\/pages\/4551\/revisions"}],"predecessor-version":[{"id":4552,"href":"https:\/\/medicaltravel.at\/tr\/wp-json\/wp\/v2\/pages\/4551\/revisions\/4552"}],"up":[{"embeddable":true,"href":"https:\/\/medicaltravel.at\/tr\/wp-json\/wp\/v2\/pages\/4505"}],"wp:attachment":[{"href":"https:\/\/medicaltravel.at\/tr\/wp-json\/wp\/v2\/media?parent=4551"}],"curies":[{"name":"wp","href":"https:\/\/api.w.org\/{rel}","templated":true}]}}